{"id":6034,"date":"2021-03-14T02:38:41","date_gmt":"2021-03-14T00:38:41","guid":{"rendered":"https:\/\/sachviet.eu\/shop\/eat-clean-thuc-don-14-ngay-thanh-loc-co-the-va-giam-can\/"},"modified":"2021-03-23T01:15:03","modified_gmt":"2021-03-22T23:15:03","slug":"eat-clean-thuc-don-14-ngay-thanh-loc-co-the-va-giam-can","status":"publish","type":"product","link":"https:\/\/sachviet.eu\/en\/shop\/eat-clean-thuc-don-14-ngay-thanh-loc-co-the-va-giam-can\/","title":{"rendered":"Eat Clean &#8211; Th\u1ef1c \u0110\u01a1n 14 Ng\u00e0y Thanh L\u1ecdc C\u01a1 Th\u1ec3 V\u00e0 Gi\u1ea3m C\u00e2n"},"content":{"rendered":"<p>Cu\u1ed1n s\u00e1ch chuy\u00ean s\u00e2u v\u1ec1 EAT CLEAN \u0111\u1ea7u ti\u00ean t\u1ea1i Vi\u1ec7t Nam &#8211; EAT CLEAN tr\u00e0o l\u01b0u \u0103n u\u1ed1ng \u0111\u01b0\u1ee3c y\u00eau th\u00edch nh\u1ea5t hi\u1ec7n nay.<\/p>\n<p>Khi m\u1ee9c s\u1ed1ng ng\u00e0y c\u00e0ng \u0111\u01b0\u1ee3c c\u1ea3i thi\u1ec7n th\u00ec c\u00e1ch \u0103n u\u1ed1ng c\u1ee7a ch\u00fang ta c\u0169ng c\u00f3 nhi\u1ec1u thay \u0111\u1ed5i. Nh\u1ecbp s\u1ed1ng hi\u1ec7n \u0111\u1ea1i khi\u1ebfn ch\u00fang ta lu\u00f4n b\u1ecb \u00e1p l\u1ef1c th\u1eddi gian \u0111\u00e8 n\u1eb7ng, v\u00ec v\u1eady \u201cnhanh v\u00e0 ti\u1ec7n\u201d c\u0169ng l\u00e0 nh\u1eefng ti\u00eau ch\u00ed h\u00e0ng \u0111\u1ea7u trong vi\u1ec7c l\u1ef1a ch\u1ecdn th\u1ef1c ph\u1ea9m \u0111\u1ec3 \u201cqua c\u01a1n \u0111\u00f3i l\u00f2ng m\u00e0 qu\u00ean m\u1ea5t r\u1eb1ng \u201ch\u1ecda t\u1eeb mi\u1ec7ng ra, b\u1ec7nh t\u1eeb mi\u1ec7ng v\u00e0o\u201d.<\/p>\n<p>Hi\u1ec3u r\u00f5 \u0111i\u1ec1u \u0111\u00f3 b\u1edfi nh\u1eefng ng\u00e0y th\u00e1ng \u0111i t\u00ecm \u201cl\u1ed1i tho\u00e1t\u201d cho v\u1ea5n \u0111\u1ec1 s\u1ee9c kh\u1ecfe c\u1ee7a b\u1ea3n th\u00e2n c\u0169ng nh\u01b0 nh\u1eadn th\u1ea5y nh\u1eefng t\u00e1c \u0111\u1ed9ng t\u00edch c\u1ef1c c\u1ee7a eat clean \u0111\u1ebfn t\u00e2m \u2013 th\u00e2n, Nguy\u1ec5n Qu\u1ef3nh Nga c\u00f9ng Deto Concept \u0111\u00e3 cho ra \u0111\u1eddi \u201cEat Clean \u2013 Th\u1ef1c \u0111\u01a1n 14 ng\u00e0y  thanh l\u1ecdc c\u01a1 th\u1ec3 v\u00e0 gi\u1ea3m c\u00e2n\u201d \u0111\u1ec3 c\u00f3 th\u1ec3 truy\u1ec1n c\u1ea3m h\u1ee9ng \u0103n s\u1ea1ch \u2013 s\u1ed1ng l\u00e0nh \u0111\u1ebfn v\u1edbi nhi\u1ec1u ng\u01b0\u1eddi h\u01a1n n\u1eefa.<\/p>\n<p>V\u1edbi nh\u1eefng ki\u1ebfn th\u1ee9c v\u1ec1 dinh d\u01b0\u1ee1ng, c\u00e1ch k\u1ebft h\u1ee3p th\u1ef1c \u0111\u01a1n Eat Clean ph\u00f9 h\u1ee3p v\u1edbi ng\u01b0\u1eddi Vi\u1ec7t Nam, t\u1eeb nh\u1eefng nguy\u00ean li\u1ec7u d\u1ec5 t\u00ecm m\u00e0 thi\u00ean nhi\u00ean \u01b0u \u00e1i cho \u0111\u1ea5t n\u01b0\u1edbc nhi\u1ec7t \u0111\u1edbi, th\u00ec cho d\u00f9 b\u1ea1n c\u00f3 l\u00e0 k\u1ebb \u0111ang b\u1ecb th\u1ee9c \u0103n \u0111i\u1ec1u khi\u1ec3n, \u0111ang t\u00ecm ki\u1ebfm m\u1ed9t gi\u1ea3i ph\u00e1p \u0103n u\u1ed1ng l\u00e2u d\u00e0i cho s\u1ee9c kh\u1ecfe v\u00e0 cho c\u00e2n n\u1eb7ng hay m\u1ed9t ng\u01b0\u1eddi \u0111\u00e3 c\u00f3 ch\u1ebf \u0111\u1ed9 \u0103n u\u1ed1ng l\u00e0nh m\u1ea1nh \u0111\u1ec1u c\u1ea7n \u0111\u1ebfn cu\u1ed1n s\u00e1ch n\u00e0y.<\/p>\n<p>B\u1ea1n \u0111\u00e3 s\u1eb5n s\u00e0ng cho cu\u1ed9c c\u00e1ch m\u1ea1ng gi\u00fap m\u00ecnh \u0111\u01b0\u1ee3c \u0103n nh\u1eefng m\u00f3n \u0103n dinh d\u01b0\u1ee1ng h\u01a1n, s\u1ed1ng m\u1ed9t cu\u1ed9c \u0111\u1eddi t\u00edch c\u1ef1c h\u01a1n v\u00e0 s\u1ebd thon g\u1ecdn h\u01a1n m\u1ed7i ng\u00e0y ch\u01b0a?<\/p>\n","protected":false},"excerpt":{"rendered":"<p>Cu\u1ed1n s\u00e1ch chuy\u00ean s\u00e2u v\u1ec1 EAT CLEAN \u0111\u1ea7u ti\u00ean t\u1ea1i Vi\u1ec7t Nam &#8211; EAT CLEAN tr\u00e0o l\u01b0u \u0103n u\u1ed1ng \u0111\u01b0\u1ee3c y\u00eau th\u00edch nh\u1ea5t hi\u1ec7n nay.<\/p>\n<p>Khi m\u1ee9c s\u1ed1ng ng\u00e0y c\u00e0ng \u0111\u01b0\u1ee3c c\u1ea3i thi\u1ec7n th\u00ec c\u00e1ch \u0103n u\u1ed1ng c\u1ee7a ch\u00fang ta c\u0169ng c\u00f3 nhi\u1ec1u thay \u0111\u1ed5i. Nh\u1ecbp s\u1ed1ng hi\u1ec7n \u0111\u1ea1i khi\u1ebfn ch\u00fang ta lu\u00f4n b\u1ecb \u00e1p l\u1ef1c th\u1eddi gian \u0111\u00e8 n\u1eb7ng, v\u00ec v\u1eady \u201cnhanh v\u00e0 ti\u1ec7n\u201d c\u0169ng l\u00e0 nh\u1eefng ti\u00eau ch\u00ed h\u00e0ng \u0111\u1ea7u trong vi\u1ec7c l\u1ef1a ch\u1ecdn th\u1ef1c ph\u1ea9m \u0111\u1ec3 \u201cqua c\u01a1n \u0111\u00f3i l\u00f2ng m\u00e0 qu\u00ean m\u1ea5t r\u1eb1ng \u201ch\u1ecda t\u1eeb mi\u1ec7ng ra, b\u1ec7nh t\u1eeb mi\u1ec7ng v\u00e0o\u201d.<\/p>\n<p>Hi\u1ec3u r\u00f5 \u0111i\u1ec1u \u0111\u00f3 b\u1edfi nh\u1eefng ng\u00e0y th\u00e1ng \u0111i t\u00ecm \u201cl\u1ed1i tho\u00e1t\u201d cho v\u1ea5n \u0111\u1ec1 s\u1ee9c kh\u1ecfe c\u1ee7a b\u1ea3n th\u00e2n c\u0169ng nh\u01b0 nh\u1eadn th\u1ea5y nh\u1eefng t\u00e1c \u0111\u1ed9ng t\u00edch c\u1ef1c c\u1ee7a eat clean \u0111\u1ebfn t\u00e2m \u2013 th\u00e2n, Nguy\u1ec5n Qu\u1ef3nh Nga c\u00f9ng Deto Concept \u0111\u00e3 cho ra \u0111\u1eddi \u201cEat Clean \u2013 Th\u1ef1c \u0111\u01a1n 14 ng\u00e0y  thanh l\u1ecdc c\u01a1 th\u1ec3 v\u00e0 gi\u1ea3m c\u00e2n\u201d \u0111\u1ec3 c\u00f3 th\u1ec3 truy\u1ec1n c\u1ea3m h\u1ee9ng \u0103n s\u1ea1ch \u2013 s\u1ed1ng l\u00e0nh \u0111\u1ebfn v\u1edbi nhi\u1ec1u ng\u01b0\u1eddi h\u01a1n n\u1eefa.<\/p>\n<p>V\u1edbi nh\u1eefng ki\u1ebfn th\u1ee9c v\u1ec1 dinh d\u01b0\u1ee1ng, c\u00e1ch k\u1ebft h\u1ee3p th\u1ef1c \u0111\u01a1n Eat Clean ph\u00f9 h\u1ee3p v\u1edbi ng\u01b0\u1eddi Vi\u1ec7t Nam, t\u1eeb nh\u1eefng nguy\u00ean li\u1ec7u d\u1ec5 t\u00ecm m\u00e0 thi\u00ean nhi\u00ean \u01b0u \u00e1i cho \u0111\u1ea5t n\u01b0\u1edbc nhi\u1ec7t \u0111\u1edbi, th\u00ec cho d\u00f9 b\u1ea1n c\u00f3 l\u00e0 k\u1ebb \u0111ang b\u1ecb th\u1ee9c \u0103n \u0111i\u1ec1u khi\u1ec3n, \u0111ang t\u00ecm ki\u1ebfm m\u1ed9t gi\u1ea3i ph\u00e1p \u0103n u\u1ed1ng l\u00e2u d\u00e0i cho s\u1ee9c kh\u1ecfe v\u00e0 cho c\u00e2n n\u1eb7ng hay m\u1ed9t ng\u01b0\u1eddi \u0111\u00e3 c\u00f3 ch\u1ebf \u0111\u1ed9 \u0103n u\u1ed1ng l\u00e0nh m\u1ea1nh \u0111\u1ec1u c\u1ea7n \u0111\u1ebfn cu\u1ed1n s\u00e1ch n\u00e0y.<\/p>\n<p>B\u1ea1n \u0111\u00e3 s\u1eb5n s\u00e0ng cho cu\u1ed9c c\u00e1ch m\u1ea1ng gi\u00fap m\u00ecnh \u0111\u01b0\u1ee3c \u0103n nh\u1eefng m\u00f3n \u0103n dinh d\u01b0\u1ee1ng h\u01a1n, s\u1ed1ng m\u1ed9t cu\u1ed9c \u0111\u1eddi t\u00edch c\u1ef1c h\u01a1n v\u00e0 s\u1ebd thon g\u1ecdn h\u01a1n m\u1ed7i ng\u00e0y ch\u01b0a?<\/p>\n","protected":false},"featured_media":6031,"template":"","meta":{"_acf_changed":false},"product_brand":[],"product_cat":[42],"product_tag":[],"class_list":{"0":"post-6034","1":"product","2":"type-product","3":"status-publish","4":"has-post-thumbnail","6":"product_cat-sach-nau-an-am-thuc","8":"first","9":"outofstock","10":"taxable","11":"shipping-taxable","12":"purchasable","13":"product-type-simple"},"supplier_id":null,"supplier_sku":"","barcode":null,"atum_controlled":true,"out_stock_date":"2021-03-14 00:53:03","out_stock_threshold":null,"inheritable":false,"inbound_stock":0,"stock_on_hold":0,"sold_today":0,"sales_last_days":0,"reserved_stock":0,"customer_returns":0,"warehouse_damage":0,"lost_in_post":0,"other_logs":0,"out_stock_days":1781,"lost_sales":0,"has_location":false,"update_date":"2026-01-28T23:10:39","atum_locations":[],"atum_stock_status":"outofstock","restock_status":false,"low_stock_amount":"","sales_update_date":"2026-01-28T23:10:39","calc_backorders":null,"acf":{"publisher":{"ID":1785,"post_author":"1","post_date":"2021-02-17 01:54:46","post_date_gmt":"2021-02-16 23:54:46","post_content":"<!-- wp:flatsome\/uxbuilder -->\n<h1 style=\"text-align: center;\"><strong>AZ VIETNAM<\/strong><\/h1>\n[row]\n\n[col span=\"8\" span__sm=\"12\"]\n\n<p>Th\u00e0nh l\u1eadp n\u0103m: 2015<br \/>V\u1ed1n \u0111\u1ea7u t\u01b0: 4,000,000,000 \u0111\u1ed3ng<br \/><strong>L\u0129nh v\u1ef1c:<\/strong><br \/>- Xu\u1ea5t b\u1ea3n v\u00e0 ph\u00e1t h\u00e0nh v\u0103n h\u00f3a ph\u1ea9m<br \/>- Cung c\u1ea5p v\u0103n h\u00f3a ph\u1ea9m, c\u00e1c s\u1ea3n ph\u1ea9m cho in \u1ea5n, trang thi\u1ebft b\u1ecb cho c\u00e1c th\u01b0 vi\u1ec7n v\u00e0 trung t\u00e2m s\u00e1ch tr\u00ean c\u1ea3 n\u01b0\u1edbc.<br \/>- Th\u1eddi trang v\u00e0 c\u00e1c s\u1ea3n ph\u1ea9m li\u00ean quan \u0111\u1ebfn l\u0129nh v\u1ef1c th\u1eddi trang<br \/>- Xu\u1ea5t nh\u1eadp kh\u1ea9u c\u00e1c s\u1ea3n ph\u1ea9m v\u0103n h\u00f3a<\/p>\n<p><strong>Quy m\u00f4:<\/strong> 60 nh\u00e2n vi\u00ean<br \/>Kh\u1edfi ngu\u1ed3n c\u1ee7a AZ Vi\u1ec7t Nam ng\u00e0y nay l\u00e0 C\u00f4ng ty TNHH Trung t\u00e2m S\u00e1ch v\u00e0 Thi\u1ebft b\u1ecb Th\u01b0 vi\u1ec7n, v\u1edbi ho\u1ea1t \u0111\u1ed9ng \u0111\u1ea7u ti\u00ean l\u00e0 cung c\u1ea5p s\u00e1ch, trang thi\u1ebft b\u1ecb, v\u0103n h\u00f3a ph\u1ea9m cho c\u00e1c th\u01b0 vi\u1ec7n v\u00e0 trung t\u00e2m s\u00e1ch tr\u00ean c\u1ea3 n\u01b0\u1edbc. T\u1eeb cu\u1ed1i n\u0103m 2010 \u0111\u1ebfn nay, ch\u00fang t\u00f4i \u0111\u00e3 kh\u00f4ng ng\u1eebng n\u1ed7 l\u1ef1c khai ph\u00e1 v\u00e0 ph\u00e1t tri\u1ec3n c\u00e1c d\u00f2ng s\u1ea3n ph\u1ea9m m\u1edbi v\u1edbi 8 th\u01b0\u01a1ng hi\u1ec7u uy t\u00edn. \u0110\u1ec3 \u0111\u00e1p \u1ee9ng nhu c\u1ea7u ph\u00e1t tri\u1ec3n ng\u00e0y m\u1ed9t l\u1edbn m\u1ea1nh v\u00e0 t\u1eadp h\u1ee3p c\u00e1c th\u01b0\u01a1ng hi\u1ec7u \u0111\u00e3 \u0111\u01b0\u1ee3c ch\u00fang t\u00f4i x\u00e2y d\u1ef1ng, 2015 C\u00f4ng ty TNHH AZ Vi\u1ec7t Nam \u0111\u00e3 ra \u0111\u1eddi v\u1edbi s\u1ee9 m\u1ec7nh mang \u0111\u1ebfn nhi\u1ec1u h\u01a1n n\u1eefa nh\u1eefng gi\u00e1 tr\u1ecb tinh th\u1ea7n, tri th\u1ee9c ti\u00ean ti\u1ebfn cho ng\u01b0\u1eddi ti\u00eau d\u00f9ng b\u1eb1ng vi\u1ec7c cung c\u1ea5p nh\u1eefng s\u1ea3n ph\u1ea9m c\u00f3 ch\u1ea5t l\u01b0\u1ee3ng.<\/p>\n\n[\/col]\n[col span=\"4\" span__sm=\"12\"]\n\n[ux_image id=\"1836\" image_size=\"medium\"]\n\n\n[\/col]\n\n[\/row]\n\n<!-- \/wp:flatsome\/uxbuilder -->","post_title":"AZ Vi\u1ec7t Nam","post_excerpt":"","post_status":"publish","comment_status":"closed","ping_status":"closed","post_password":"","post_name":"az-viet-nam","to_ping":"","pinged":"","post_modified":"2021-02-17 22:07:10","post_modified_gmt":"2021-02-17 20:07:10","post_content_filtered":"","post_parent":0,"guid":"https:\/\/sachviet.eu\/nha-phat-hanh\/az-viet-nam\/","menu_order":0,"post_type":"publisher","post_mime_type":"","comment_count":"0","filter":"raw"}},"_links":{"self":[{"href":"https:\/\/sachviet.eu\/en\/wp-json\/wp\/v2\/product\/6034","targetHints":{"allow":["GET"]}}],"collection":[{"href":"https:\/\/sachviet.eu\/en\/wp-json\/wp\/v2\/product"}],"about":[{"href":"https:\/\/sachviet.eu\/en\/wp-json\/wp\/v2\/types\/product"}],"wp:featuredmedia":[{"embeddable":true,"href":"https:\/\/sachviet.eu\/en\/wp-json\/wp\/v2\/media\/6031"}],"wp:attachment":[{"href":"https:\/\/sachviet.eu\/en\/wp-json\/wp\/v2\/media?parent=6034"}],"wp:term":[{"taxonomy":"product_brand","embeddable":true,"href":"https:\/\/sachviet.eu\/en\/wp-json\/wp\/v2\/product_brand?post=6034"},{"taxonomy":"product_cat","embeddable":true,"href":"https:\/\/sachviet.eu\/en\/wp-json\/wp\/v2\/product_cat?post=6034"},{"taxonomy":"product_tag","embeddable":true,"href":"https:\/\/sachviet.eu\/en\/wp-json\/wp\/v2\/product_tag?post=6034"}],"curies":[{"name":"wp","href":"https:\/\/api.w.org\/{rel}","templated":true}]}}