{"id":6030,"date":"2021-03-14T02:38:31","date_gmt":"2021-03-14T00:38:31","guid":{"rendered":"https:\/\/sachviet.eu\/shop\/banh-mi-lang-thang-sourdough-bread\/"},"modified":"2021-07-03T14:05:26","modified_gmt":"2021-07-03T11:05:26","slug":"banh-mi-lang-thang-sourdough-bread","status":"publish","type":"product","link":"https:\/\/sachviet.eu\/en\/shop\/banh-mi-lang-thang-sourdough-bread\/","title":{"rendered":"B\u00e1nh M\u00ec Lang Thang &#8211; Sourdough Bread"},"content":{"rendered":"<p>\u201cB\u00e1nh m\u00ec lang thang\u201d &#8211; Sourdough bread &#8211; Wild yeast, wholewheat, nuts and seeds<br \/>\n(L\u1ecbch s\u1eed, v\u0103n h\u00f3a, dinh d\u01b0\u1ee1ng c\u00f9ng 40 c\u00f4ng th\u1ee9c v\u1ec1 b\u00e1nh m\u00ec v\u00e0 ng\u0169 c\u1ed1c)<\/p>\n<p>C\u00e1c b\u1ea1n \u0111\u1ed9c gi\u1ea3 y\u00eau th\u01b0\u01a1ng!<\/p>\n<p>\u0110\u01b0\u1ee3c g\u1eb7p l\u1ea1i c\u00e1c b\u1ea1n trong cu\u1ed1n s\u00e1ch n\u00e0y l\u00e0 \u0111i\u1ec1u t\u00f4i \u0111\u00e3 \u1ea5p \u1ee7 v\u00e0 mong ch\u1edd r\u1ea5t l\u00e2u nh\u01b0ng c\u1ea3m x\u00fac v\u1eabn v\u1eb9n nguy\u00ean nh\u01b0 l\u1ea7n \u0111\u1ea7u v\u1eady.<\/p>\n<p>C\u1ea3m \u01a1n c\u00e1c b\u1ea1n \u0111\u00e3 y\u00eau m\u1ebfn \u201cKhu v\u01b0\u1eddn d\u00e2u \u0111\u1ecf\u201d \u0111\u1ec3 t\u00f4i ti\u1ebfp t\u1ee5c c\u00f3 th\u00eam \u0111\u1ed9ng l\u1ef1c vi\u1ebft cu\u1ed1n s\u00e1ch n\u00e0y.<\/p>\n<p>V\u00f4 t\u00ecnh bi\u1ebft \u0111\u1ebfn b\u00e1nh m\u00ec l\u00e0m t\u1eeb men t\u1ef1 nhi\u00ean, t\u00f4i \u0111\u00e3 b\u1ecb \u201cch\u1ebft ch\u00ecm\u201d b\u1edfi v\u1ebb \u0111\u1eb9p hoang d\u00e3 c\u1ee7a lo\u1ea1i b\u00e1nh m\u00ec \u0111\u1ed3ng qu\u00ea n\u00e0y v\u00e0 vi\u1ec7c t\u00ecm hi\u1ec3u v\u1ec1 l\u1ecbch s\u1eed c\u1ee7a n\u00f3 c\u00e0ng l\u00e0m t\u00f4i b\u1ecb thu h\u00fat h\u01a1n. Nh\u01b0ng tr\u00ean t\u1ea5t c\u1ea3, nh\u1eefng gi\u00e1 tr\u1ecb m\u00e0 Sourdough \u0111em l\u1ea1i cho nh\u00e2n lo\u1ea1i m\u1edbi th\u1ef1c s\u1ef1 l\u00e0 \u0111i\u1ec1u chinh ph\u1ee5c ho\u00e0n to\u00e0n tr\u00e1i tim t\u00f4i. T\u00f4i \u0111\u00e3 quy\u1ebft t\u00e2m gi\u1ea3i m\u00e3 b\u1eb1ng \u0111\u01b0\u1ee3c d\u00f2ng b\u00e1nh m\u00ec Sourdough n\u00e0y \u0111\u1ec3 c\u00f3 th\u1ec3 hi\u1ec3u v\u00ec sao m\u00f3n b\u00e1nh m\u00ec n\u00e0y l\u1ea1i c\u00f3 nhi\u1ec1u l\u1ee3i \u00edch nh\u01b0 v\u1eady, t\u1ea1i sao n\u00f3 v\u1eabn c\u00f3 th\u1ec3 t\u1ed3n t\u1ea1i h\u00e0ng ng\u00e0n n\u0103m qua?<\/p>\n<p>Trong cu\u1ed1n s\u00e1ch n\u00e0y, t\u00f4i c\u00f3 chia s\u1ebb m\u1ed9t s\u1ed1 ki\u1ebfn th\u1ee9c nho nh\u1ecf v\u1ec1 khoa h\u1ecdc v\u00e0 dinh d\u01b0\u1ee1ng li\u00ean quan \u0111\u1ebfn b\u00e1nh m\u00ec Sourdough. Ngu\u1ed3n ki\u1ebfn th\u1ee9c n\u00e0y \u0111\u00e3 \u0111\u01b0\u1ee3c t\u00f4i t\u00ecm t\u00f2i, ch\u1ecdn l\u1ecdc, nghi\u1ec1n ng\u1eabm, t\u00ecm d\u1eabn ch\u1ee9ng, sau \u0111\u00f3 l\u00e0 th\u1ef1c h\u00e0nh v\u00e0 l\u00e0m \u0111i l\u00e0m l\u1ea1i.<\/p>\n<p>V\u1edbi m\u1ed7i th\u00f4ng tin t\u00ecm \u0111\u01b0\u1ee3c, t\u00f4i lu\u00f4n \u0111\u1eb7t ra nh\u1eefng c\u00e2u h\u1ecfi, t\u1eeb \u0111\u00f3 ti\u1ebfp t\u1ee5c \u0111i t\u00ecm t\u00e0i li\u1ec7u \u0111\u1ec3 c\u00f3 \u0111\u00e1p \u00e1n. V\u00e0 t\u1eeb nh\u1eefng c\u00e2u h\u1ecfi t\u1ea1i sao \u0111\u00f3, cu\u1ed1n s\u00e1ch n\u00e0y \u0111\u00e3 ra \u0111\u1eddi.<\/p>\n<p>V\u1edbi nh\u1eefng chia s\u1ebb v\u1ec1 dinh d\u01b0\u1ee1ng ng\u0169 c\u1ed1c, men t\u1ef1 nhi\u00ean, v\u00e0 nh\u1eefng c\u00e2u chuy\u1ec7n v\u1ec1 l\u1ecbch s\u1eed v\u0103n h\u00f3a c\u1ee7a b\u00e1nh m\u00ec, t\u00f4i hy v\u1ecdng cu\u1ed1n s\u00e1ch n\u00e0y s\u1ebd cung c\u1ea5p nh\u1eefng th\u00f4ng tin h\u1eefu \u00edch cho nh\u1eefng ai \u0111ang th\u1ef1c s\u1ef1 c\u1ea7n, hay nh\u1eefng b\u1ea1n \u0111ang y\u00eau th\u00edch b\u00e1nh m\u00ec v\u00e0 mu\u1ed1n t\u00ecm hi\u1ec3u v\u1ec1 n\u00f3.<\/p>\n","protected":false},"excerpt":{"rendered":"<p>\u201cB\u00e1nh m\u00ec lang thang\u201d &#8211; Sourdough bread &#8211; Wild yeast, wholewheat, nuts and seeds<br \/>\n(L\u1ecbch s\u1eed, v\u0103n h\u00f3a, dinh d\u01b0\u1ee1ng c\u00f9ng 40 c\u00f4ng th\u1ee9c v\u1ec1 b\u00e1nh m\u00ec v\u00e0 ng\u0169 c\u1ed1c)<\/p>\n<p>C\u00e1c b\u1ea1n \u0111\u1ed9c gi\u1ea3 y\u00eau th\u01b0\u01a1ng!<\/p>\n<p>\u0110\u01b0\u1ee3c g\u1eb7p l\u1ea1i c\u00e1c b\u1ea1n trong cu\u1ed1n s\u00e1ch n\u00e0y l\u00e0 \u0111i\u1ec1u t\u00f4i \u0111\u00e3 \u1ea5p \u1ee7 v\u00e0 mong ch\u1edd r\u1ea5t l\u00e2u nh\u01b0ng c\u1ea3m x\u00fac v\u1eabn v\u1eb9n nguy\u00ean nh\u01b0 l\u1ea7n \u0111\u1ea7u v\u1eady.<\/p>\n<p>C\u1ea3m \u01a1n c\u00e1c b\u1ea1n \u0111\u00e3 y\u00eau m\u1ebfn \u201cKhu v\u01b0\u1eddn d\u00e2u \u0111\u1ecf\u201d \u0111\u1ec3 t\u00f4i ti\u1ebfp t\u1ee5c c\u00f3 th\u00eam \u0111\u1ed9ng l\u1ef1c vi\u1ebft cu\u1ed1n s\u00e1ch n\u00e0y.<\/p>\n<p>V\u00f4 t\u00ecnh bi\u1ebft \u0111\u1ebfn b\u00e1nh m\u00ec l\u00e0m t\u1eeb men t\u1ef1 nhi\u00ean, t\u00f4i \u0111\u00e3 b\u1ecb \u201cch\u1ebft ch\u00ecm\u201d b\u1edfi v\u1ebb \u0111\u1eb9p hoang d\u00e3 c\u1ee7a lo\u1ea1i b\u00e1nh m\u00ec \u0111\u1ed3ng qu\u00ea n\u00e0y v\u00e0 vi\u1ec7c t\u00ecm hi\u1ec3u v\u1ec1 l\u1ecbch s\u1eed c\u1ee7a n\u00f3 c\u00e0ng l\u00e0m t\u00f4i b\u1ecb thu h\u00fat h\u01a1n. Nh\u01b0ng tr\u00ean t\u1ea5t c\u1ea3, nh\u1eefng gi\u00e1 tr\u1ecb m\u00e0 Sourdough \u0111em l\u1ea1i cho nh\u00e2n lo\u1ea1i m\u1edbi th\u1ef1c s\u1ef1 l\u00e0 \u0111i\u1ec1u chinh ph\u1ee5c ho\u00e0n to\u00e0n tr\u00e1i tim t\u00f4i. T\u00f4i \u0111\u00e3 quy\u1ebft t\u00e2m gi\u1ea3i m\u00e3 b\u1eb1ng \u0111\u01b0\u1ee3c d\u00f2ng b\u00e1nh m\u00ec Sourdough n\u00e0y \u0111\u1ec3 c\u00f3 th\u1ec3 hi\u1ec3u v\u00ec sao m\u00f3n b\u00e1nh m\u00ec n\u00e0y l\u1ea1i c\u00f3 nhi\u1ec1u l\u1ee3i \u00edch nh\u01b0 v\u1eady, t\u1ea1i sao n\u00f3 v\u1eabn c\u00f3 th\u1ec3 t\u1ed3n t\u1ea1i h\u00e0ng ng\u00e0n n\u0103m qua?<\/p>\n<p>Trong cu\u1ed1n s\u00e1ch n\u00e0y, t\u00f4i c\u00f3 chia s\u1ebb m\u1ed9t s\u1ed1 ki\u1ebfn th\u1ee9c nho nh\u1ecf v\u1ec1 khoa h\u1ecdc v\u00e0 dinh d\u01b0\u1ee1ng li\u00ean quan \u0111\u1ebfn b\u00e1nh m\u00ec Sourdough. Ngu\u1ed3n ki\u1ebfn th\u1ee9c n\u00e0y \u0111\u00e3 \u0111\u01b0\u1ee3c t\u00f4i t\u00ecm t\u00f2i, ch\u1ecdn l\u1ecdc, nghi\u1ec1n ng\u1eabm, t\u00ecm d\u1eabn ch\u1ee9ng, sau \u0111\u00f3 l\u00e0 th\u1ef1c h\u00e0nh v\u00e0 l\u00e0m \u0111i l\u00e0m l\u1ea1i.<\/p>\n<p>V\u1edbi m\u1ed7i th\u00f4ng tin t\u00ecm \u0111\u01b0\u1ee3c, t\u00f4i lu\u00f4n \u0111\u1eb7t ra nh\u1eefng c\u00e2u h\u1ecfi, t\u1eeb \u0111\u00f3 ti\u1ebfp t\u1ee5c \u0111i t\u00ecm t\u00e0i li\u1ec7u \u0111\u1ec3 c\u00f3 \u0111\u00e1p \u00e1n. V\u00e0 t\u1eeb nh\u1eefng c\u00e2u h\u1ecfi t\u1ea1i sao \u0111\u00f3, cu\u1ed1n s\u00e1ch n\u00e0y \u0111\u00e3 ra \u0111\u1eddi.<\/p>\n<p>V\u1edbi nh\u1eefng chia s\u1ebb v\u1ec1 dinh d\u01b0\u1ee1ng ng\u0169 c\u1ed1c, men t\u1ef1 nhi\u00ean, v\u00e0 nh\u1eefng c\u00e2u chuy\u1ec7n v\u1ec1 l\u1ecbch s\u1eed v\u0103n h\u00f3a c\u1ee7a b\u00e1nh m\u00ec, t\u00f4i hy v\u1ecdng cu\u1ed1n s\u00e1ch n\u00e0y s\u1ebd cung c\u1ea5p nh\u1eefng th\u00f4ng tin h\u1eefu \u00edch cho nh\u1eefng ai \u0111ang th\u1ef1c s\u1ef1 c\u1ea7n, hay nh\u1eefng b\u1ea1n \u0111ang y\u00eau th\u00edch b\u00e1nh m\u00ec v\u00e0 mu\u1ed1n t\u00ecm hi\u1ec3u v\u1ec1 n\u00f3.<\/p>\n","protected":false},"featured_media":6026,"template":"","meta":{"_acf_changed":false},"product_brand":[],"product_cat":[42],"product_tag":[],"class_list":{"0":"post-6030","1":"product","2":"type-product","3":"status-publish","4":"has-post-thumbnail","6":"product_cat-sach-nau-an-am-thuc","8":"first","9":"instock","10":"taxable","11":"shipping-taxable","12":"purchasable","13":"product-type-simple"},"supplier_id":null,"supplier_sku":"","barcode":null,"atum_controlled":true,"out_stock_date":null,"out_stock_threshold":null,"inheritable":false,"inbound_stock":0,"stock_on_hold":0,"sold_today":0,"sales_last_days":0,"reserved_stock":0,"customer_returns":0,"warehouse_damage":0,"lost_in_post":0,"other_logs":0,"out_stock_days":0,"lost_sales":0,"has_location":false,"update_date":"2026-01-28T23:10:39","atum_locations":[],"atum_stock_status":"instock","restock_status":false,"low_stock_amount":"","sales_update_date":"2026-01-28T23:10:39","calc_backorders":null,"acf":{"publisher":{"ID":1785,"post_author":"1","post_date":"2021-02-17 01:54:46","post_date_gmt":"2021-02-16 23:54:46","post_content":"<!-- wp:flatsome\/uxbuilder -->\n<h1 style=\"text-align: center;\"><strong>AZ VIETNAM<\/strong><\/h1>\n[row]\n\n[col span=\"8\" span__sm=\"12\"]\n\n<p>Th\u00e0nh l\u1eadp n\u0103m: 2015<br \/>V\u1ed1n \u0111\u1ea7u t\u01b0: 4,000,000,000 \u0111\u1ed3ng<br \/><strong>L\u0129nh v\u1ef1c:<\/strong><br \/>- Xu\u1ea5t b\u1ea3n v\u00e0 ph\u00e1t h\u00e0nh v\u0103n h\u00f3a ph\u1ea9m<br \/>- Cung c\u1ea5p v\u0103n h\u00f3a ph\u1ea9m, c\u00e1c s\u1ea3n ph\u1ea9m cho in \u1ea5n, trang thi\u1ebft b\u1ecb cho c\u00e1c th\u01b0 vi\u1ec7n v\u00e0 trung t\u00e2m s\u00e1ch tr\u00ean c\u1ea3 n\u01b0\u1edbc.<br \/>- Th\u1eddi trang v\u00e0 c\u00e1c s\u1ea3n ph\u1ea9m li\u00ean quan \u0111\u1ebfn l\u0129nh v\u1ef1c th\u1eddi trang<br \/>- Xu\u1ea5t nh\u1eadp kh\u1ea9u c\u00e1c s\u1ea3n ph\u1ea9m v\u0103n h\u00f3a<\/p>\n<p><strong>Quy m\u00f4:<\/strong> 60 nh\u00e2n vi\u00ean<br \/>Kh\u1edfi ngu\u1ed3n c\u1ee7a AZ Vi\u1ec7t Nam ng\u00e0y nay l\u00e0 C\u00f4ng ty TNHH Trung t\u00e2m S\u00e1ch v\u00e0 Thi\u1ebft b\u1ecb Th\u01b0 vi\u1ec7n, v\u1edbi ho\u1ea1t \u0111\u1ed9ng \u0111\u1ea7u ti\u00ean l\u00e0 cung c\u1ea5p s\u00e1ch, trang thi\u1ebft b\u1ecb, v\u0103n h\u00f3a ph\u1ea9m cho c\u00e1c th\u01b0 vi\u1ec7n v\u00e0 trung t\u00e2m s\u00e1ch tr\u00ean c\u1ea3 n\u01b0\u1edbc. T\u1eeb cu\u1ed1i n\u0103m 2010 \u0111\u1ebfn nay, ch\u00fang t\u00f4i \u0111\u00e3 kh\u00f4ng ng\u1eebng n\u1ed7 l\u1ef1c khai ph\u00e1 v\u00e0 ph\u00e1t tri\u1ec3n c\u00e1c d\u00f2ng s\u1ea3n ph\u1ea9m m\u1edbi v\u1edbi 8 th\u01b0\u01a1ng hi\u1ec7u uy t\u00edn. \u0110\u1ec3 \u0111\u00e1p \u1ee9ng nhu c\u1ea7u ph\u00e1t tri\u1ec3n ng\u00e0y m\u1ed9t l\u1edbn m\u1ea1nh v\u00e0 t\u1eadp h\u1ee3p c\u00e1c th\u01b0\u01a1ng hi\u1ec7u \u0111\u00e3 \u0111\u01b0\u1ee3c ch\u00fang t\u00f4i x\u00e2y d\u1ef1ng, 2015 C\u00f4ng ty TNHH AZ Vi\u1ec7t Nam \u0111\u00e3 ra \u0111\u1eddi v\u1edbi s\u1ee9 m\u1ec7nh mang \u0111\u1ebfn nhi\u1ec1u h\u01a1n n\u1eefa nh\u1eefng gi\u00e1 tr\u1ecb tinh th\u1ea7n, tri th\u1ee9c ti\u00ean ti\u1ebfn cho ng\u01b0\u1eddi ti\u00eau d\u00f9ng b\u1eb1ng vi\u1ec7c cung c\u1ea5p nh\u1eefng s\u1ea3n ph\u1ea9m c\u00f3 ch\u1ea5t l\u01b0\u1ee3ng.<\/p>\n\n[\/col]\n[col span=\"4\" span__sm=\"12\"]\n\n[ux_image id=\"1836\" image_size=\"medium\"]\n\n\n[\/col]\n\n[\/row]\n\n<!-- \/wp:flatsome\/uxbuilder -->","post_title":"AZ Vi\u1ec7t Nam","post_excerpt":"","post_status":"publish","comment_status":"closed","ping_status":"closed","post_password":"","post_name":"az-viet-nam","to_ping":"","pinged":"","post_modified":"2021-02-17 22:07:10","post_modified_gmt":"2021-02-17 20:07:10","post_content_filtered":"","post_parent":0,"guid":"https:\/\/sachviet.eu\/nha-phat-hanh\/az-viet-nam\/","menu_order":0,"post_type":"publisher","post_mime_type":"","comment_count":"0","filter":"raw"}},"_links":{"self":[{"href":"https:\/\/sachviet.eu\/en\/wp-json\/wp\/v2\/product\/6030","targetHints":{"allow":["GET"]}}],"collection":[{"href":"https:\/\/sachviet.eu\/en\/wp-json\/wp\/v2\/product"}],"about":[{"href":"https:\/\/sachviet.eu\/en\/wp-json\/wp\/v2\/types\/product"}],"wp:featuredmedia":[{"embeddable":true,"href":"https:\/\/sachviet.eu\/en\/wp-json\/wp\/v2\/media\/6026"}],"wp:attachment":[{"href":"https:\/\/sachviet.eu\/en\/wp-json\/wp\/v2\/media?parent=6030"}],"wp:term":[{"taxonomy":"product_brand","embeddable":true,"href":"https:\/\/sachviet.eu\/en\/wp-json\/wp\/v2\/product_brand?post=6030"},{"taxonomy":"product_cat","embeddable":true,"href":"https:\/\/sachviet.eu\/en\/wp-json\/wp\/v2\/product_cat?post=6030"},{"taxonomy":"product_tag","embeddable":true,"href":"https:\/\/sachviet.eu\/en\/wp-json\/wp\/v2\/product_tag?post=6030"}],"curies":[{"name":"wp","href":"https:\/\/api.w.org\/{rel}","templated":true}]}}