{"id":6025,"date":"2021-03-14T02:38:16","date_gmt":"2021-03-14T00:38:16","guid":{"rendered":"https:\/\/sachviet.eu\/shop\/brew-tuye%cc%a3t-di%cc%89nh-ca-phe-ta%cc%a3i-nha\/"},"modified":"2022-04-16T21:30:15","modified_gmt":"2022-04-16T18:30:15","slug":"brew-tuye%cc%a3t-di%cc%89nh-ca-phe-ta%cc%a3i-nha","status":"publish","type":"product","link":"https:\/\/sachviet.eu\/en\/shop\/brew-tuye%cc%a3t-di%cc%89nh-ca-phe-ta%cc%a3i-nha\/","title":{"rendered":"BREW &#8211; Tuy\u00ea\u0323t \u0110i\u0309nh Ca\u0300 Ph\u00ea Ta\u0323i Nha\u0300"},"content":{"rendered":"<p>N\u1ebfu b\u1ea1n \u0111ang c\u00f4\u0301 g\u0103\u0301ng th\u01b0\u0309 la\u0300m m\u1ed9t t\u00e1ch c\u00e0 ph\u00ea ch\u1ea5t l\u01b0\u1ee3ng \u1edf nh\u00e0 ma\u0300 ch\u01b0a bi\u00ea\u0301t b\u0103\u0301t \u0111\u00e2\u0300u t\u01b0\u0300 \u0111\u00e2u, h\u00e3y \u0111\u1ec3 Brew ch\u1ec9 \u0111\u01b0\u1eddng cho b\u1ea1n.<\/p>\n<p>Trong cu\u1ed1n s\u00e1ch n\u00e0y, t\u00e1c gi\u1ea3 v\u00e0 cu\u0303ng la\u0300 chuy\u00ean gia v\u00ea\u0300 ca\u0300 ph\u00ea &#8211; Brian Jones se\u0303 l\u00e0m s\u00e1ng t\u1ecf s\u1ef1 ph\u1ee9c t\u1ea1p c\u1ee7a c\u00e0 ph\u00ea, ch\u1ec9 d\u1eabn cho b\u1ea1n c\u00e1ch mua h\u1ea1t c\u00e0 ph\u00ea t\u1ed1t nh\u1ea5t c\u0169ng nh\u01b0 trang thi\u1ebft b\u1ecb d\u00f9ng \u0111\u1ec3 pha ch\u1ebf. \u0110\u1ed3ng th\u1eddi, cu\u00f4\u0301n sa\u0301ch \u0111\u01b0a cho b\u1ea1n nh\u1eefng b\u00e0i h\u1ecdc v\u1ee1 l\u00f2ng \u0111\u1ec3 b\u1ea1n c\u00f3 th\u1ec3 l\u00e0m ch\u1ee7 c\u00e1c k\u0129 n\u0103ng l\u1ecdc c\u00e0 ph\u00ea \u0111a d\u1ea1ng, cung c\u1ea5p cho b\u1ea1n nh\u1eefng c\u00f4ng th\u1ee9c \u0111\u1ed3 u\u1ed1ng v\u00e0 cocktail \u201cti\u1ebfp th\u00eam n\u0103ng l\u01b0\u1ee3ng\u201d \u0111\u01b0\u1ee3c l\u00e0m t\u1eeb c\u00e0 ph\u00ea. Brew kh\u00f4ng ch\u1ec9 l\u00e0 m\u1ed9t cu\u1ed1n s\u00e1ch cho nh\u1eefng chuy\u00ean gia v\u1ec1 c\u00e0 ph\u00ea, m\u00e0 h\u01a1n h\u1ebft l\u00e0 m\u1ed9t cu\u1ed1n c\u1ea9m nang kh\u00f4ng th\u1ec3 thi\u1ebfu v\u00e0 d\u1ec5 ti\u1ebfp c\u1eadn d\u00e0nh cho b\u1ea5t k\u00ec ng\u01b0\u1eddi y\u00eau c\u00e0 ph\u00ea n\u00e0o mong mu\u1ed1n pha ch\u00ea\u0301 t\u1ed1t h\u01a1n t\u1ea1i nh\u00e0.<\/p>\n<p>M\u1ed9t cu\u1ed1n s\u00e1ch mang la\u0323i cho ba\u0323n nh\u01b0\u0303ng ki\u00ea\u0301n th\u01b0\u0301c va\u0300 v\u00f4\u0301n hi\u00ea\u0309u bi\u00ea\u0301t m\u01a1\u0309 r\u00f4\u0323ng \u0111\u00ea\u0309 ba\u0323n co\u0301 th\u00ea\u0301 t\u1ef1 tay pha ch\u1ebf nh\u1eefng t\u00e1ch c\u00e0 ph\u00ea chu\u1ea9n v\u1ecb nh\u1ea5t t\u1ea1i nh\u00e0. Nh\u01b0\u0303ng y\u1ebfu t\u1ed1 \u0111\u1ec3 t\u1ea1o n\u00ean m\u1ed9t ly c\u00e0 ph\u00ea ngon s\u1ebd \u0111\u01b0\u1ee3c gi\u1edbi thi\u1ec7u v\u00e0 h\u01b0\u1edbng d\u1eabn c\u1ee5 th\u1ec3 trong t\u1eebng c\u00f4ng th\u1ee9c \u1edf cu\u1ed1n s\u00e1ch n\u00e0y. B\u1ea1n s\u1ebd kh\u00e1m ph\u00e1 \u0111\u01b0\u1ee3c nhi\u1ec1u \u0111i\u1ec1u th\u00fa v\u1ecb v\u1ec1 c\u00e0 ph\u00ea v\u00e0 pha ch\u1ebf m\u00f3n \u0111\u1ed3 u\u1ed1ng g\u00e2y nghi\u1ec7n n\u00e0y.<\/p>\n","protected":false},"excerpt":{"rendered":"<p>N\u1ebfu b\u1ea1n \u0111ang c\u00f4\u0301 g\u0103\u0301ng th\u01b0\u0309 la\u0300m m\u1ed9t t\u00e1ch c\u00e0 ph\u00ea ch\u1ea5t l\u01b0\u1ee3ng \u1edf nh\u00e0 ma\u0300 ch\u01b0a bi\u00ea\u0301t b\u0103\u0301t \u0111\u00e2\u0300u t\u01b0\u0300 \u0111\u00e2u, h\u00e3y \u0111\u1ec3 Brew ch\u1ec9 \u0111\u01b0\u1eddng cho b\u1ea1n.<\/p>\n<p>Trong cu\u1ed1n s\u00e1ch n\u00e0y, t\u00e1c gi\u1ea3 v\u00e0 cu\u0303ng la\u0300 chuy\u00ean gia v\u00ea\u0300 ca\u0300 ph\u00ea &#8211; Brian Jones se\u0303 l\u00e0m s\u00e1ng t\u1ecf s\u1ef1 ph\u1ee9c t\u1ea1p c\u1ee7a c\u00e0 ph\u00ea, ch\u1ec9 d\u1eabn cho b\u1ea1n c\u00e1ch mua h\u1ea1t c\u00e0 ph\u00ea t\u1ed1t nh\u1ea5t c\u0169ng nh\u01b0 trang thi\u1ebft b\u1ecb d\u00f9ng \u0111\u1ec3 pha ch\u1ebf. \u0110\u1ed3ng th\u1eddi, cu\u00f4\u0301n sa\u0301ch \u0111\u01b0a cho b\u1ea1n nh\u1eefng b\u00e0i h\u1ecdc v\u1ee1 l\u00f2ng \u0111\u1ec3 b\u1ea1n c\u00f3 th\u1ec3 l\u00e0m ch\u1ee7 c\u00e1c k\u0129 n\u0103ng l\u1ecdc c\u00e0 ph\u00ea \u0111a d\u1ea1ng, cung c\u1ea5p cho b\u1ea1n nh\u1eefng c\u00f4ng th\u1ee9c \u0111\u1ed3 u\u1ed1ng v\u00e0 cocktail \u201cti\u1ebfp th\u00eam n\u0103ng l\u01b0\u1ee3ng\u201d \u0111\u01b0\u1ee3c l\u00e0m t\u1eeb c\u00e0 ph\u00ea. Brew kh\u00f4ng ch\u1ec9 l\u00e0 m\u1ed9t cu\u1ed1n s\u00e1ch cho nh\u1eefng chuy\u00ean gia v\u1ec1 c\u00e0 ph\u00ea, m\u00e0 h\u01a1n h\u1ebft l\u00e0 m\u1ed9t cu\u1ed1n c\u1ea9m nang kh\u00f4ng th\u1ec3 thi\u1ebfu v\u00e0 d\u1ec5 ti\u1ebfp c\u1eadn d\u00e0nh cho b\u1ea5t k\u00ec ng\u01b0\u1eddi y\u00eau c\u00e0 ph\u00ea n\u00e0o mong mu\u1ed1n pha ch\u00ea\u0301 t\u1ed1t h\u01a1n t\u1ea1i nh\u00e0.<\/p>\n<p>M\u1ed9t cu\u1ed1n s\u00e1ch mang la\u0323i cho ba\u0323n nh\u01b0\u0303ng ki\u00ea\u0301n th\u01b0\u0301c va\u0300 v\u00f4\u0301n hi\u00ea\u0309u bi\u00ea\u0301t m\u01a1\u0309 r\u00f4\u0323ng \u0111\u00ea\u0309 ba\u0323n co\u0301 th\u00ea\u0301 t\u1ef1 tay pha ch\u1ebf nh\u1eefng t\u00e1ch c\u00e0 ph\u00ea chu\u1ea9n v\u1ecb nh\u1ea5t t\u1ea1i nh\u00e0. Nh\u01b0\u0303ng y\u1ebfu t\u1ed1 \u0111\u1ec3 t\u1ea1o n\u00ean m\u1ed9t ly c\u00e0 ph\u00ea ngon s\u1ebd \u0111\u01b0\u1ee3c gi\u1edbi thi\u1ec7u v\u00e0 h\u01b0\u1edbng d\u1eabn c\u1ee5 th\u1ec3 trong t\u1eebng c\u00f4ng th\u1ee9c \u1edf cu\u1ed1n s\u00e1ch n\u00e0y. B\u1ea1n s\u1ebd kh\u00e1m ph\u00e1 \u0111\u01b0\u1ee3c nhi\u1ec1u \u0111i\u1ec1u th\u00fa v\u1ecb v\u1ec1 c\u00e0 ph\u00ea v\u00e0 pha ch\u1ebf m\u00f3n \u0111\u1ed3 u\u1ed1ng g\u00e2y nghi\u1ec7n n\u00e0y.<\/p>\n","protected":false},"featured_media":6020,"template":"","meta":{"_acf_changed":false},"product_brand":[],"product_cat":[42],"product_tag":[],"class_list":{"0":"post-6025","1":"product","2":"type-product","3":"status-publish","4":"has-post-thumbnail","6":"product_cat-sach-nau-an-am-thuc","8":"first","9":"instock","10":"taxable","11":"shipping-taxable","12":"purchasable","13":"product-type-simple"},"supplier_id":null,"supplier_sku":"","barcode":null,"atum_controlled":true,"out_stock_date":null,"out_stock_threshold":null,"inheritable":false,"inbound_stock":0,"stock_on_hold":0,"sold_today":0,"sales_last_days":0,"reserved_stock":0,"customer_returns":0,"warehouse_damage":0,"lost_in_post":0,"other_logs":0,"out_stock_days":0,"lost_sales":0,"has_location":false,"update_date":"2026-01-28T23:10:39","atum_locations":[],"atum_stock_status":"instock","restock_status":false,"low_stock_amount":"","sales_update_date":"2026-01-28T23:10:39","calc_backorders":null,"acf":{"publisher":{"ID":1785,"post_author":"1","post_date":"2021-02-17 01:54:46","post_date_gmt":"2021-02-16 23:54:46","post_content":"<!-- wp:flatsome\/uxbuilder -->\n<h1 style=\"text-align: center;\"><strong>AZ VIETNAM<\/strong><\/h1>\n[row]\n\n[col span=\"8\" span__sm=\"12\"]\n\n<p>Th\u00e0nh l\u1eadp n\u0103m: 2015<br \/>V\u1ed1n \u0111\u1ea7u t\u01b0: 4,000,000,000 \u0111\u1ed3ng<br \/><strong>L\u0129nh v\u1ef1c:<\/strong><br \/>- Xu\u1ea5t b\u1ea3n v\u00e0 ph\u00e1t h\u00e0nh v\u0103n h\u00f3a ph\u1ea9m<br \/>- Cung c\u1ea5p v\u0103n h\u00f3a ph\u1ea9m, c\u00e1c s\u1ea3n ph\u1ea9m cho in \u1ea5n, trang thi\u1ebft b\u1ecb cho c\u00e1c th\u01b0 vi\u1ec7n v\u00e0 trung t\u00e2m s\u00e1ch tr\u00ean c\u1ea3 n\u01b0\u1edbc.<br \/>- Th\u1eddi trang v\u00e0 c\u00e1c s\u1ea3n ph\u1ea9m li\u00ean quan \u0111\u1ebfn l\u0129nh v\u1ef1c th\u1eddi trang<br \/>- Xu\u1ea5t nh\u1eadp kh\u1ea9u c\u00e1c s\u1ea3n ph\u1ea9m v\u0103n h\u00f3a<\/p>\n<p><strong>Quy m\u00f4:<\/strong> 60 nh\u00e2n vi\u00ean<br \/>Kh\u1edfi ngu\u1ed3n c\u1ee7a AZ Vi\u1ec7t Nam ng\u00e0y nay l\u00e0 C\u00f4ng ty TNHH Trung t\u00e2m S\u00e1ch v\u00e0 Thi\u1ebft b\u1ecb Th\u01b0 vi\u1ec7n, v\u1edbi ho\u1ea1t \u0111\u1ed9ng \u0111\u1ea7u ti\u00ean l\u00e0 cung c\u1ea5p s\u00e1ch, trang thi\u1ebft b\u1ecb, v\u0103n h\u00f3a ph\u1ea9m cho c\u00e1c th\u01b0 vi\u1ec7n v\u00e0 trung t\u00e2m s\u00e1ch tr\u00ean c\u1ea3 n\u01b0\u1edbc. T\u1eeb cu\u1ed1i n\u0103m 2010 \u0111\u1ebfn nay, ch\u00fang t\u00f4i \u0111\u00e3 kh\u00f4ng ng\u1eebng n\u1ed7 l\u1ef1c khai ph\u00e1 v\u00e0 ph\u00e1t tri\u1ec3n c\u00e1c d\u00f2ng s\u1ea3n ph\u1ea9m m\u1edbi v\u1edbi 8 th\u01b0\u01a1ng hi\u1ec7u uy t\u00edn. \u0110\u1ec3 \u0111\u00e1p \u1ee9ng nhu c\u1ea7u ph\u00e1t tri\u1ec3n ng\u00e0y m\u1ed9t l\u1edbn m\u1ea1nh v\u00e0 t\u1eadp h\u1ee3p c\u00e1c th\u01b0\u01a1ng hi\u1ec7u \u0111\u00e3 \u0111\u01b0\u1ee3c ch\u00fang t\u00f4i x\u00e2y d\u1ef1ng, 2015 C\u00f4ng ty TNHH AZ Vi\u1ec7t Nam \u0111\u00e3 ra \u0111\u1eddi v\u1edbi s\u1ee9 m\u1ec7nh mang \u0111\u1ebfn nhi\u1ec1u h\u01a1n n\u1eefa nh\u1eefng gi\u00e1 tr\u1ecb tinh th\u1ea7n, tri th\u1ee9c ti\u00ean ti\u1ebfn cho ng\u01b0\u1eddi ti\u00eau d\u00f9ng b\u1eb1ng vi\u1ec7c cung c\u1ea5p nh\u1eefng s\u1ea3n ph\u1ea9m c\u00f3 ch\u1ea5t l\u01b0\u1ee3ng.<\/p>\n\n[\/col]\n[col span=\"4\" span__sm=\"12\"]\n\n[ux_image id=\"1836\" image_size=\"medium\"]\n\n\n[\/col]\n\n[\/row]\n\n<!-- \/wp:flatsome\/uxbuilder -->","post_title":"AZ Vi\u1ec7t Nam","post_excerpt":"","post_status":"publish","comment_status":"closed","ping_status":"closed","post_password":"","post_name":"az-viet-nam","to_ping":"","pinged":"","post_modified":"2021-02-17 22:07:10","post_modified_gmt":"2021-02-17 20:07:10","post_content_filtered":"","post_parent":0,"guid":"https:\/\/sachviet.eu\/nha-phat-hanh\/az-viet-nam\/","menu_order":0,"post_type":"publisher","post_mime_type":"","comment_count":"0","filter":"raw"}},"_links":{"self":[{"href":"https:\/\/sachviet.eu\/en\/wp-json\/wp\/v2\/product\/6025","targetHints":{"allow":["GET"]}}],"collection":[{"href":"https:\/\/sachviet.eu\/en\/wp-json\/wp\/v2\/product"}],"about":[{"href":"https:\/\/sachviet.eu\/en\/wp-json\/wp\/v2\/types\/product"}],"wp:featuredmedia":[{"embeddable":true,"href":"https:\/\/sachviet.eu\/en\/wp-json\/wp\/v2\/media\/6020"}],"wp:attachment":[{"href":"https:\/\/sachviet.eu\/en\/wp-json\/wp\/v2\/media?parent=6025"}],"wp:term":[{"taxonomy":"product_brand","embeddable":true,"href":"https:\/\/sachviet.eu\/en\/wp-json\/wp\/v2\/product_brand?post=6025"},{"taxonomy":"product_cat","embeddable":true,"href":"https:\/\/sachviet.eu\/en\/wp-json\/wp\/v2\/product_cat?post=6025"},{"taxonomy":"product_tag","embeddable":true,"href":"https:\/\/sachviet.eu\/en\/wp-json\/wp\/v2\/product_tag?post=6025"}],"curies":[{"name":"wp","href":"https:\/\/api.w.org\/{rel}","templated":true}]}}