{"id":602,"date":"2021-02-13T11:15:09","date_gmt":"2021-02-13T09:15:09","guid":{"rendered":"https:\/\/sachviet.eu\/shop\/tu-nhung-hat-mam-set-5-quyen\/"},"modified":"2025-04-24T12:28:52","modified_gmt":"2025-04-24T09:28:52","slug":"tu-nhung-hat-mam-set-5-quyen","status":"publish","type":"product","link":"https:\/\/sachviet.eu\/en\/shop\/tu-nhung-hat-mam-set-5-quyen\/","title":{"rendered":"T\u1eeb nh\u1eefng h\u1ea1t m\u1ea7m &#8211; set 5 quy\u1ec3n"},"content":{"rendered":"<p>N\u1ebfu b\u00e9 nh\u00e0 b\u1ea1n ch\u01b0a y\u00eau th\u00edch vi\u1ec7c \u0111\u1ecdc s\u00e1ch th\u00ec b\u1ea1n c\u00f3 th\u1ec3 th\u1eed th\u1ec3 lo\u1ea1i th\u01a1 xem sao. Th\u01a1 c\u00f3 nh\u1ecbp v\u00e0 v\u1ea7n \u0111i\u1ec7u n\u00ean th\u01b0\u1eddng d\u1ec5 l\u1ecdt tai h\u01a1n v\u00e0 c\u0169ng d\u1ec5 nh\u1edb h\u01a1n n\u1eefa. V\u00ed d\u1ee5 nh\u01b0 b\u1ed9 s\u00e1ch T\u1eeb nh\u1eefng h\u1ea1t m\u1ea7m n\u00e0y k\u1ec3 v\u1ec1 vi\u1ec7c tr\u1ed3ng l\u1ea1c, v\u1eebng, ng\u00f4, l\u00faa v\u00e0 h\u1ea1t \u0111i\u1ec1u, \u0111\u1ec1u l\u00e0 nh\u1eefng lo\u1ea1i l\u01b0\u01a1ng th\u1ef1c v\u00e0 h\u1ea1t ph\u1ed5 bi\u1ebfn, \u0111\u01b0\u1ee3c s\u1eed d\u1ee5ng nhi\u1ec1u trong vi\u1ec7c n\u1ea5u \u0103n h\u00e0ng ng\u00e0y. V\u1eady l\u00e0 c\u00e1c b\u00e9 kh\u00f4ng nh\u1eefng bi\u1ebft \u0111\u01b0\u1ee3c ngu\u1ed3n g\u1ed1c 1 s\u1ed1 th\u1ef1c ph\u1ea9m m\u00ecnh \u0111ang \u0103n m\u00e0 c\u00f2n hi\u1ec3u c\u00e1ch gieo tr\u1ed3ng, qu\u00e1 tr\u00ecnh sinh tr\u01b0\u1edfng v\u00e0 thu ho\u1ea1ch c\u1ee7a ch\u00fang n\u1eefa.<br \/>\nM\u1ed7i cu\u1ed1n ch\u1ec9 to h\u01a1n b\u00e0n tay ng\u01b0\u1eddi l\u1edbn 1 ch\u00fat (13 x 20 cm), b\u00eca m\u1ec1m, g\u1ed3m c\u00f3 24 trang, m\u1ed7i trang c\u00f3 4 d\u00f2ng th\u01a1 k\u00e8m tranh minh ho\u1ea1 n\u00ean r\u1ea5t th\u00edch h\u1ee3p v\u1edbi nh\u1eefng b\u00e9 ch\u01b0a t\u1eadp trung nghe \u0111\u1ecdc \u0111\u01b0\u1ee3c l\u00e2u. Ngo\u00e0i ra b\u1ed9 s\u00e1ch n\u00e0y 100% do t\u00e1c gi\u1ea3 ng\u01b0\u1eddi Vi\u1ec7t s\u00e1ng t\u00e1c l\u1eddi v\u00e0 v\u1ebd tranh minh ho\u1ea1 n\u1eefa n\u00ean mua s\u00e1ch l\u00e0 \u1ee7ng h\u1ed9 h\u00e0ng Vi\u1ec7t Nam \u0111\u1ea5y.<br \/>\nS\u00e1ch ph\u00f9 h\u1ee3p cho c\u00e1c b\u00e9 \u1edf m\u1ecdi l\u1ee9a tu\u1ed5i, t\u1eeb nh\u1eefng th\u00e1ng s\u01a1 sinh b\u1ed1 m\u1eb9 \u0111\u1ecdc g\u00ec c\u0169ng ch\u1ecbu, cho \u0111\u1ebfn 2-3 tu\u1ed5i hay h\u1ecfi c\u00e1i g\u00ec v\u00ec sao, 4-5 tu\u1ed5i ham hi\u1ec3u bi\u1ebft v\u1ec1 th\u1ebf gi\u1edbi xung quanh cho \u0111\u1ebfn sau 6 tu\u1ed5i b\u1eaft \u0111\u1ea7u t\u1eadp \u0111\u1ecdc ti\u1ebfng Vi\u1ec7t lu\u00f4n \u00fd.  <div class=\"banner-grid-wrapper\">\n  <div id=\"banner-grid-134995128\" class=\"banner-grid row row-grid row-small\" data-packery-options=\"\">\n                      <div class=\"col grid-col large-6 grid-col-1\" ><div class=\"col-inner\">\t<div class=\"img has-hover x md-x lg-x y md-y lg-y\" id=\"image_683990132\">\n\t\t\t\t\t\t\t\t<div class=\"img-inner dark\" >\n\t\t\t<img loading=\"lazy\" decoding=\"async\" width=\"640\" height=\"640\" src=\"https:\/\/sachviet.eu\/wp-content\/uploads\/2021\/02\/d11e0cf1dfd9b6adfb671e9248ccb24e.jpg\" class=\"attachment-large size-large\" alt=\"\" srcset=\"https:\/\/sachviet.eu\/wp-content\/uploads\/2021\/02\/d11e0cf1dfd9b6adfb671e9248ccb24e.jpg 640w, https:\/\/sachviet.eu\/wp-content\/uploads\/2021\/02\/d11e0cf1dfd9b6adfb671e9248ccb24e-300x300.jpg 300w, https:\/\/sachviet.eu\/wp-content\/uploads\/2021\/02\/d11e0cf1dfd9b6adfb671e9248ccb24e-150x150.jpg 150w, https:\/\/sachviet.eu\/wp-content\/uploads\/2021\/02\/d11e0cf1dfd9b6adfb671e9248ccb24e-600x600.jpg 600w, https:\/\/sachviet.eu\/wp-content\/uploads\/2021\/02\/d11e0cf1dfd9b6adfb671e9248ccb24e-100x100.jpg 100w\" sizes=\"auto, (max-width: 640px) 100vw, 640px\" \/>\t\t\t\t\t\t\n\t\t\t\t\t<\/div>\n\t\t\t\t\t\t\t\t\n<style>\n#image_683990132 {\n  width: 100%;\n}\n<\/style>\n\t<\/div>\n\t<\/div><\/div><div class=\"col grid-col large-6 grid-col-1-2\" ><div class=\"col-inner\">\t<div class=\"img has-hover x md-x lg-x y md-y lg-y\" id=\"image_1856283086\">\n\t\t\t\t\t\t\t\t<div class=\"img-inner dark\" >\n\t\t\t<img loading=\"lazy\" decoding=\"async\" width=\"1020\" height=\"765\" src=\"https:\/\/sachviet.eu\/wp-content\/uploads\/2021\/02\/inPvCF-1024x768.jpg\" class=\"attachment-large size-large\" alt=\"\" srcset=\"https:\/\/sachviet.eu\/wp-content\/uploads\/2021\/02\/inPvCF-1024x768.jpg 1024w, https:\/\/sachviet.eu\/wp-content\/uploads\/2021\/02\/inPvCF-300x225.jpg 300w, https:\/\/sachviet.eu\/wp-content\/uploads\/2021\/02\/inPvCF-768x576.jpg 768w, https:\/\/sachviet.eu\/wp-content\/uploads\/2021\/02\/inPvCF-600x450.jpg 600w, https:\/\/sachviet.eu\/wp-content\/uploads\/2021\/02\/inPvCF.jpg 1200w\" sizes=\"auto, (max-width: 1020px) 100vw, 1020px\" \/>\t\t\t\t\t\t\n\t\t\t\t\t<\/div>\n\t\t\t\t\t\t\t\t\n<style>\n#image_1856283086 {\n  width: 100%;\n}\n<\/style>\n\t<\/div>\n\t<\/div><\/div><div class=\"col grid-col large-6 grid-col-1-2\" ><div class=\"col-inner\">\t<div class=\"img has-hover x md-x lg-x y md-y lg-y\" id=\"image_332984510\">\n\t\t\t\t\t\t\t\t<div class=\"img-inner dark\" >\n\t\t\t<img loading=\"lazy\" decoding=\"async\" width=\"1020\" height=\"765\" src=\"https:\/\/sachviet.eu\/wp-content\/uploads\/2021\/02\/idAVDn-1024x768.jpg\" class=\"attachment-large size-large\" alt=\"\" srcset=\"https:\/\/sachviet.eu\/wp-content\/uploads\/2021\/02\/idAVDn-1024x768.jpg 1024w, https:\/\/sachviet.eu\/wp-content\/uploads\/2021\/02\/idAVDn-300x225.jpg 300w, https:\/\/sachviet.eu\/wp-content\/uploads\/2021\/02\/idAVDn-768x576.jpg 768w, https:\/\/sachviet.eu\/wp-content\/uploads\/2021\/02\/idAVDn-600x450.jpg 600w, https:\/\/sachviet.eu\/wp-content\/uploads\/2021\/02\/idAVDn.jpg 1200w\" sizes=\"auto, (max-width: 1020px) 100vw, 1020px\" \/>\t\t\t\t\t\t\n\t\t\t\t\t<\/div>\n\t\t\t\t\t\t\t\t\n<style>\n#image_332984510 {\n  width: 100%;\n}\n<\/style>\n\t<\/div>\n\t<\/div><\/div>            <\/div>\n    <style>\n    #banner-grid-134995128 .grid-col-1{height: 600px}\n    #banner-grid-134995128 .grid-col-1-2{height: 300px}\n    #banner-grid-134995128 .grid-col-1-3{height:200px}\n    #banner-grid-134995128 .grid-col-2-3{height: 400px}\n    #banner-grid-134995128 .grid-col-1-4{height: 150px}\n    #banner-grid-134995128 .grid-col-3-4{height: 450px}\n\n\n    \n    \n\n  <\/style>\n    <\/div>\n  \n","protected":false},"excerpt":{"rendered":"<p>\u201cT\u1eeb nh\u1eefng h\u1ea1t m\u1ea7m\u201d \u2013 B\u1ed9 s\u00e1ch gieo v\u1ea7n h\u1ecdc th\u01a1, h\u1ecdc ch\u1eef v\u00e0 kh\u00e1m ph\u00e1 t\u1ef1 nhi\u00ean cho tr\u1ebb.<\/p>\n<p>\u201cB\u1ea1n c\u00f3 t\u1eebng th\u1eafc m\u1eafc<br \/>\nG\u1ea1o sinh ra th\u1ebf n\u00e0o?<br \/>\n\u0110\u1eadu t\u1eeb \u0111\u00e2u c\u00f3 nh\u1ec9?<br \/>\nNg\u00f4 sao l\u1edbn ph\u1ed5ng phao?<\/p>\n<p>N\u1ebfu th\u1eadt l\u00f2ng mu\u1ed1n bi\u1ebft<br \/>\nM\u1eddi c\u00f9ng t\u1edb tr\u1ed3ng c\u00e2y<br \/>\nT\u1eeb h\u1ea1t m\u1ea7m b\u00e9 nh\u1ecf<br \/>\n\u0110\u1ebfn ng\u00e0y tr\u00e1i \u0111\u1ea7y tay.\u201d<\/p>\n<p>B\u1ed9 truy\u1ec7n th\u01a1 T\u1eeb Nh\u1eefng H\u1ea1t M\u1ea7m l\u00e0 B\u1ed9 truy\u1ec7n th\u01a1 hay v\u00e0 d\u1ec5 th\u01b0\u01a1ng cho b\u00e9, \u0111\u00f3 l\u00e0 nh\u1eefng c\u00e2u chuy\u1ec7n v\u1ec1 nh\u1eefng h\u1ea1t m\u1ea7m v\u00e0 nh\u1eefng ng\u01b0\u1eddi b\u1ea1n nh\u1ecf \u0111\u00e1ng y\u00eau c\u1ee7a b\u00e9. M\u1ed7i trang s\u00e1ch l\u00e0 nh\u1eefng \u0111o\u1ea1n th\u01a1 gieo v\u1ea7n r\u1ea5t \u0111\u00e1ng y\u00eau, l\u00e0 h\u00ecnh v\u1ebd minh h\u1ecda b\u1eaft m\u1eaft, ch\u01b0a k\u1ec3 c\u00f2n c\u00f3 n\u1ed9i dung khoa h\u1ecdc \u1edf g\u00f3c m\u1ed7i trang gi\u00fap m\u1eb9 gi\u1ea3i th\u00edch cho b\u00e9 \u201cc\u00e2y c\u00f3 \u0111\u1eb7c \u0111i\u1ec3m g\u00ec, h\u1ea1t m\u1ea7m l\u1edbn l\u00ean ra sao\u2026.\u201d<\/p>\n","protected":false},"featured_media":591,"template":"","meta":{"_acf_changed":false},"product_brand":[],"product_cat":[24,25,17,71],"product_tag":[81],"class_list":{"0":"post-602","1":"product","2":"type-product","3":"status-publish","4":"has-post-thumbnail","6":"product_cat-nha-tre-mau-giao-0-tuoi-6-tuoi","7":"product_cat-nhi-dong-6-tuoi-12-tuoi","8":"product_cat-sach-danh-cho-cac-be","9":"product_cat-sach-tre-em-thuan-viet","10":"product_tag-sach-gia-uu-dai","12":"first","13":"outofstock","14":"taxable","15":"shipping-taxable","16":"purchasable","17":"product-type-simple"},"supplier_id":null,"supplier_sku":"","barcode":null,"atum_controlled":true,"out_stock_date":"2025-04-24 09:28:52","out_stock_threshold":null,"inheritable":false,"inbound_stock":0,"stock_on_hold":0,"sold_today":0,"sales_last_days":0,"reserved_stock":0,"customer_returns":0,"warehouse_damage":0,"lost_in_post":0,"other_logs":0,"out_stock_days":279,"lost_sales":398,"has_location":false,"update_date":"2026-01-28T23:11:28","atum_locations":[],"atum_stock_status":"outofstock","restock_status":false,"low_stock_amount":"","sales_update_date":"2026-01-28T23:11:28","calc_backorders":null,"acf":{"publisher":{"ID":1454,"post_author":"1","post_date":"2021-02-17 01:11:34","post_date_gmt":"2021-02-16 23:11:34","post_content":"<!-- wp:flatsome\/uxbuilder -->\n<h1 style=\"text-align: center;\"><strong>Kim \u0110\u1ed3ng<\/strong><\/h1>\n[row]\n\n[col span=\"3\" span__sm=\"12\"]\n\n[ux_image id=\"1534\" image_size=\"medium\"]\n\n\n[\/col]\n[col span=\"9\" span__sm=\"12\"]\n\n<p>Nh\u00e0 xu\u1ea5t b\u1ea3n Kim \u0110\u1ed3ng tr\u1ef1c thu\u1ed9c Trung \u01b0\u01a1ng \u0110o\u00e0n TNCS H\u1ed3 Ch\u00ed Minh l\u00e0 Nh\u00e0 xu\u1ea5t b\u1ea3n t\u1ed5ng h\u1ee3p c\u00f3 ch\u1ee9c n\u0103ng xu\u1ea5t b\u1ea3n s\u00e1ch v\u00e0 v\u0103n h\u00f3a ph\u1ea9m ph\u1ee5c v\u1ee5 thi\u1ebfu nhi v\u00e0 c\u00e1c b\u1eadc ph\u1ee5 huynh trong c\u1ea3 n\u01b0\u1edbc, qu\u1ea3ng b\u00e1 v\u00e0 gi\u1edbi thi\u1ec7u v\u0103n h\u00f3a Vi\u1ec7t Nam ra th\u1ebf gi\u1edbi.<br \/>Nh\u00e0 xu\u1ea5t b\u1ea3n c\u00f3 nhi\u1ec7m v\u1ee5 t\u1ed5 ch\u1ee9c b\u1ea3n th\u1ea3o, bi\u00ean so\u1ea1n, bi\u00ean d\u1ecbch, xu\u1ea5t b\u1ea3n v\u00e0 ph\u00e1t h\u00e0nh c\u00e1c xu\u1ea5t b\u1ea3n ph\u1ea9m c\u00f3 n\u1ed9i dung: gi\u00e1o d\u1ee5c truy\u1ec1n th\u1ed1ng d\u00e2n t\u1ed9c, gi\u00e1o d\u1ee5c v\u1ec1 tri th\u1ee9c, ki\u1ebfn th\u1ee9c\u2026 tr\u00ean c\u00e1c l\u0129nh v\u1ef1c v\u0103n h\u1ecdc, ngh\u1ec7 thu\u1eadt, khoa h\u1ecdc k\u1ef9 thu\u1eadt nh\u1eb1m cung c\u1ea5p cho c\u00e1c em thi\u1ebfu nhi c\u0169ng nh\u01b0 c\u00e1c b\u1eadc ph\u1ee5 huynh c\u00e1c ki\u1ebfn th\u1ee9c c\u1ea7n thi\u1ebft trong cu\u1ed9c s\u1ed1ng, nh\u1eefng tinh hoa c\u1ee7a tri th\u1ee9c nh\u00e2n lo\u1ea1i nh\u1eb1m g\u00f3p ph\u1ea7n gi\u00e1o d\u1ee5c v\u00e0 h\u00ecnh th\u00e0nh nh\u00e2n c\u00e1ch th\u1ebf h\u1ec7 tr\u1ebb.<br \/>\u0110\u1ed1i t\u01b0\u1ee3ng ph\u1ee5c v\u1ee5 c\u1ee7a Nh\u00e0 xu\u1ea5t b\u1ea3n l\u00e0 c\u00e1c em t\u1eeb tu\u1ed5i nh\u00e0 tr\u1ebb m\u1eabu gi\u00e1o (1 \u0111\u1ebfn 5 tu\u1ed5i), nhi \u0111\u1ed3ng (6 \u0111\u1ebfn 9 tu\u1ed5i), thi\u1ebfu ni\u00ean (10 \u0111\u1ebfn 15 tu\u1ed5i) \u0111\u1ebfn c\u00e1c em tu\u1ed5i m\u1edbi l\u1edbn (16 \u0111\u1ebfn 18 tu\u1ed5i) v\u00e0 c\u00e1c b\u1eadc ph\u1ee5 huynh.<\/p>\n\n[\/col]\n\n[\/row]\n\n<!-- \/wp:flatsome\/uxbuilder -->","post_title":"Kim \u0110\u1ed3ng","post_excerpt":"","post_status":"publish","comment_status":"closed","ping_status":"closed","post_password":"","post_name":"kim-dong","to_ping":"","pinged":"","post_modified":"2021-02-17 01:31:56","post_modified_gmt":"2021-02-16 23:31:56","post_content_filtered":"","post_parent":0,"guid":"https:\/\/sachviet.eu\/nha-phat-hanh\/kim-dong\/","menu_order":0,"post_type":"publisher","post_mime_type":"","comment_count":"0","filter":"raw"}},"_links":{"self":[{"href":"https:\/\/sachviet.eu\/en\/wp-json\/wp\/v2\/product\/602","targetHints":{"allow":["GET"]}}],"collection":[{"href":"https:\/\/sachviet.eu\/en\/wp-json\/wp\/v2\/product"}],"about":[{"href":"https:\/\/sachviet.eu\/en\/wp-json\/wp\/v2\/types\/product"}],"wp:featuredmedia":[{"embeddable":true,"href":"https:\/\/sachviet.eu\/en\/wp-json\/wp\/v2\/media\/591"}],"wp:attachment":[{"href":"https:\/\/sachviet.eu\/en\/wp-json\/wp\/v2\/media?parent=602"}],"wp:term":[{"taxonomy":"product_brand","embeddable":true,"href":"https:\/\/sachviet.eu\/en\/wp-json\/wp\/v2\/product_brand?post=602"},{"taxonomy":"product_cat","embeddable":true,"href":"https:\/\/sachviet.eu\/en\/wp-json\/wp\/v2\/product_cat?post=602"},{"taxonomy":"product_tag","embeddable":true,"href":"https:\/\/sachviet.eu\/en\/wp-json\/wp\/v2\/product_tag?post=602"}],"curies":[{"name":"wp","href":"https:\/\/api.w.org\/{rel}","templated":true}]}}