{"id":6019,"date":"2021-03-14T02:37:54","date_gmt":"2021-03-14T00:37:54","guid":{"rendered":"https:\/\/sachviet.eu\/shop\/thuc-don-keto-danh-cho-nguoi-ban-ron\/"},"modified":"2021-03-23T01:15:01","modified_gmt":"2021-03-22T23:15:01","slug":"thuc-don-keto-danh-cho-nguoi-ban-ron","status":"publish","type":"product","link":"https:\/\/sachviet.eu\/en\/shop\/thuc-don-keto-danh-cho-nguoi-ban-ron\/","title":{"rendered":"Th\u1ef1c \u0110\u01a1n Keto D\u00e0nh Cho Ng\u01b0\u1eddi B\u1eadn R\u1ed9n"},"content":{"rendered":"<p>B\u1ea1n mu\u1ed1n \u00e1p d\u1ee5ng ch\u1ebf \u0111\u1ed9 \u0103n Keto nh\u01b0ng l\u1ea1i lu\u00f4n e ng\u1ea1i v\u00ec kh\u00f4ng c\u00f3 \u0111\u1ee7 th\u1eddi gian v\u00e0 c\u1ea3m th\u1ea5y c\u00e1c c\u00f4ng th\u1ee9c n\u1ea5u \u0103n qu\u00e1 ph\u1ee9c t\u1ea1p? Kh\u00f4ng c\u1ea7n ph\u1ea3i lo l\u1eafng nhi\u1ec1u h\u01a1n n\u1eefa, v\u00ec v\u1edbi Th\u1ef1c \u0111\u01a1n Keto d\u00e0nh cho ng\u01b0\u1eddi b\u1eadn r\u1ed9n, b\u1ea1n s\u1ebd h\u1ecdc \u0111\u01b0\u1ee3c c\u00e1ch chu\u1ea9n b\u1ecb c\u00e1c b\u1eefa \u0103n ngon l\u00e0nh t\u1eeb tr\u01b0\u1edbc \u0111\u1ec3 kh\u00f4ng c\u00f2n ph\u1ea3i \u0111au \u0111\u1ea7u v\u00e0 \u00e1p l\u1ef1c v\u1edbi c\u00e2u h\u1ecfi \u201cH\u00f4m nay \u0103n g\u00ec?\u201d. Th\u1eadm ch\u00ed, b\u1ea1n ch\u1ec9 c\u1ea7n v\u00e0o b\u1ebfp \u0111\u00fang m\u1ed9t l\u1ea7n v\u00e0o cu\u1ed1i tu\u1ea7n \u0111\u1ec3 c\u00f3 \u0111\u1ed3 \u0103n lu\u00f4n s\u1eb5n s\u00e0ng v\u00e0o nh\u1eefng ng\u00e0y trong tu\u1ea7n v\u1ed9i v\u00e3. H\u00e3y t\u1eadp luy\u1ec7n v\u00e0 b\u1ea1n s\u1ebd s\u1edbm n\u1eafm \u0111\u01b0\u1ee3c b\u00ed k\u00edp l\u00e0m ch\u1ee7 th\u1eddi gian c\u0169ng nh\u01b0 \u0111\u1ed3 \u0103n c\u1ee7a b\u1ea1n!<\/p>\n<p>S\u00e1ch cung c\u1ea5p nh\u1eefng th\u00f4ng tin c\u01a1 b\u1ea3n v\u1ec1 ch\u1ebf \u0111\u1ed9 \u0103n keto, k\u1ebft h\u1ee3p v\u1edbi ph\u01b0\u01a1ng ph\u00e1p chu\u1ea9n b\u1ecb b\u1eefa \u0103n khoa h\u1ecdc \u0111\u1ec3 ngay c\u1ea3 nh\u1eefng ng\u01b0\u1eddi b\u1eadn r\u1ed9n v\u00e0 ng\u1ea1i v\u00e0o b\u1ebfp nh\u1ea5t c\u0169ng c\u00f3 th\u1ec3 t\u1ef1 n\u1ea5u c\u00e1c m\u00f3n Keto l\u00e0nh m\u1ea1nh cho b\u1ea3n th\u00e2n v\u00e0 gia \u0111\u00ecnh. Kh\u00f4ng c\u1ea7n ph\u1ea3i bi\u1ebfn Keto tr\u1edf th\u00e0nh ph\u1ee9c t\u1ea1p, b\u1ea1n ch\u1ec9 c\u1ea7n nh\u1edb k\u1ef9 nguy\u00ean t\u1eafc gi\u1ea3m b\u1edbt tinh b\u1ed9t, trong khi b\u1ed5 sung th\u00eam ch\u1ea5t b\u00e9o t\u1ed1t cho s\u1ee9c kh\u1ecfe, protein v\u00e0 rau qu\u1ea3 v\u00e0o b\u1eefa \u0103n. V\u1edbi g\u1ea7n 70 c\u00f4ng th\u1ee9c m\u00f3n \u0103n keto d\u1ec5 l\u00e0m v\u00e0 ngon mi\u1ec7ng, Liz Williams kh\u00f4ng nh\u1eefng gi\u00fap \u0111\u1ed9c gi\u1ea3 c\u00f3 th\u1ec3 th\u1ef1c hi\u1ec7n ch\u1ebf \u0111\u1ed9 \u0103n keto theo c\u00e1ch hi\u1ec7u qu\u1ea3 nh\u1ea5t, m\u00e0 c\u00f2n gi\u00fap b\u1ea1n lo\u1ea1i b\u1ecf \u00e1p l\u1ef1c v\u1ec1 th\u1eddi gian v\u00e0 chi ph\u00ed \u0111\u1ec3 c\u00f3 th\u1ec3 duy tr\u00ec l\u1ed1i s\u1ed1ng tuy\u1ec7t v\u1eddi n\u00e0y trong d\u00e0i h\u1ea1n. \u0110\u1eebng \u0111\u1ec3 vi\u1ec7c c\u1ea3i thi\u1ec7n v\u00f3c d\u00e1ng v\u00e0 n\u00e2ng cao s\u1ee9c kh\u1ecfe to\u00e0n di\u1ec7n ch\u1ec9 l\u00e0 m\u1ed9t m\u1ee5c ti\u00eau, h\u00e3y b\u1eaft tay v\u00e0o th\u1ef1c hi\u1ec7n n\u00f3 ngay b\u00e2y gi\u1edd!<\/p>\n<p>V\u1ec1 t\u00e1c gi\u1ea3:<\/p>\n<p>Liz Williams d\u00e0nh tr\u1ecdn s\u1ef1 nghi\u1ec7p \u0111\u1ec3 gi\u00fap \u0111\u1ee1 m\u1ecdi ng\u01b0\u1eddi duy tr\u00ec v\u00f3c d\u00e1ng kh\u1ecfe kho\u1eafn v\u00e0 c\u1ea3m th\u1ea5y h\u1ea1nh ph\u00fac khi \u00e1p d\u1ee5ng ph\u01b0\u01a1ng ph\u00e1p \u0103n keto. Liz v\u00e0 ch\u1ed3ng c\u1ee7a c\u00f4 \u1ea5y, Danny, \u0111\u00e3 m\u1edf ph\u00f2ng t\u1eadp gym 7K Fit \u0111\u1ec3 g\u00f3p ph\u1ea7n gi\u00fap ng\u01b0\u1eddi kh\u00e1c n\u00e2ng cao s\u1ee9c kh\u1ecfe. Liz c\u0169ng l\u00e0 t\u00e1c gi\u1ea3 c\u1ee7a cu\u1ed1n The One-Pot Ketogenic Diet Cookbook. H\u00e3y theo d\u00f5i c\u00e1c chia s\u1ebb c\u1ee7a c\u00f4 \u1ea5y v\u1ec1 ph\u01b0\u01a1ng ph\u00e1p \u0103n keto tr\u00ean t\u00e0i kho\u1ea3n Instagram @TheFitTrainersWife. Liz s\u1ed1ng \u1edf Evanston, Wyoming c\u00f9ng v\u1edbi con g\u00e1i v\u00e0 ch\u1ed3ng.<\/p>\n<p>L\u1eddi khen d\u00e0nh cho cu\u1ed1n s\u00e1ch:<\/p>\n<p> -\u201c\u0110\u1ed1i v\u1edbi b\u1ea5t k\u1ef3 ai mu\u1ed1n b\u1eaft \u0111\u1ea7u l\u1ed1i s\u1ed1ng Keto \u00edt tinh b\u1ed9t, Th\u1ef1c \u0111\u01a1n Keto d\u00e0nh cho ng\u01b0\u1eddi b\u1eadn r\u1ed9n l\u00e0 m\u1ed9t trong nh\u1eefng ngu\u1ed3n th\u00f4ng tin \u0111\u01a1n gi\u1ea3n v\u00e0 thi\u1ebft th\u1ef1c nh\u1ea5t. Liz Williams \u0111\u00e3 bi\u1ebfn vi\u1ec7c chu\u1ea9n b\u1ecb b\u1eefa \u0103n c\u1ee7a b\u1ea1n th\u00e0nh m\u1ed9t quy tr\u00ecnh th\u00fa v\u1ecb v\u00e0 d\u1ec5 d\u00e0ng, \u0111\u1ed3ng th\u1eddi cung c\u1ea5p c\u00e1c m\u1eb9o v\u00e0 t\u1eebng b\u01b0\u1edbc th\u1ef1c hi\u1ec7n r\u00f5 r\u00e0ng \u0111\u1ec3 b\u1ea1n kh\u00f4ng b\u1ecb b\u1ed1i r\u1ed1i khi l\u1eadp k\u1ebf ho\u1ea1ch b\u1eefa \u0103n. T\u1eeb c\u00e1c m\u1eb9o chu\u1ea9n b\u1ecb v\u00e0 l\u01b0u tr\u1eef \u0111\u1ed3 \u0103n theo l\u01b0\u1ee3ng l\u1edbn cho \u0111\u1ebfn c\u00e1c th\u1ef1c \u0111\u01a1n d\u00e0nh cho ng\u01b0\u1eddi m\u1edbi b\u1eaft \u0111\u1ea7u v\u00e0 ng\u01b0\u1eddi hay v\u1eadn \u0111\u1ed9ng, Liz \u0111\u00e3 cung c\u1ea5p t\u1ea5t c\u1ea3 trong cu\u1ed1n s\u00e1ch n\u00e0y! B\u1ea5t k\u1ec3 b\u1ea1n \u0111ang \u1edf giai \u0111o\u1ea1n n\u00e0o trong h\u00e0nh tr\u00ecnh c\u1ee7a m\u00ecnh, t\u00f4i ngh\u0129 m\u1ecdi ng\u01b0\u1eddi \u0111\u1ec1u c\u00f3 th\u1ec3 h\u01b0\u1edfng l\u1ee3i t\u1eeb c\u00e1c th\u00f4ng tin c\u00f3 trong s\u00e1ch&#8230; T\u00f4i bi\u1ebft r\u1eb1ng t\u00f4i s\u1ebd h\u1ecdc h\u1ecfi \u0111\u01b0\u1ee3c r\u1ea5t nhi\u1ec1u \u0111\u00e2y!\u201d &#8211; Rachel Gregory, ng\u01b0\u1eddi s\u00e1ng l\u1eadp KillinItKeto.com, t\u00e1c gi\u1ea3 c\u1ee7a cu\u1ed1n 21-Day Ketogenic Diet Weight Loss Challenge<\/p>\n<p>_\u201cC\u00f3 l\u00fd do \u0111\u1ec3 Liz Williams tr\u1edf th\u00e0nh m\u1ed9t trong nh\u1eefng ng\u01b0\u1eddi \u0111i \u0111\u1ea7u c\u1ee7a c\u1ed9ng \u0111\u1ed3ng Keto. C\u00f4 \u1ea5y r\u1ea5t s\u00e1ng t\u1ea1o trong vi\u1ec7c gi\u00fap m\u1ecdi ng\u01b0\u1eddi thay \u0111\u1ed5i l\u1ed1i s\u1ed1ng. Th\u1ef1c \u0111\u01a1n keto d\u00e0nh cho ng\u01b0\u1eddi b\u1eadn r\u1ed9n r\u1ea5t \u0111\u00e1ng ch\u00fa \u00fd v\u00ec Liz hi\u1ec3u r\u1eb1ng ph\u01b0\u01a1ng ph\u00e1p chu\u1ea9n b\u1ecb b\u1eefa \u0103n (Meal Prep) l\u00e0 ch\u00eca kh\u00f3a s\u1ed1 m\u1ed9t \u0111\u1ec3 \u0111\u01b0a b\u1ea5t k\u1ef3 ch\u1ebf \u0111\u1ed9 \u0103n ki\u00eang n\u00e0o v\u00e0o cu\u1ed9c s\u1ed1ng c\u1ee7a ta v\u00e0 t\u1ea1o ra thay \u0111\u1ed5i. T\u1ea5t c\u1ea3 c\u00e1c c\u00f4ng th\u1ee9c c\u1ee7a Liz \u0111\u1ec1u c\u00f3 h\u01b0\u01a1ng v\u1ecb tuy\u1ec7t v\u1eddi v\u00e0 c\u1ef1c k\u1ef3 \u0111\u01a1n gi\u1ea3n. N\u1ebfu b\u1ea1n mu\u1ed1n l\u00e0m cho Keto tr\u1edf n\u00ean d\u1ec5 d\u00e0ng h\u01a1n, \u0111\u00e2y l\u00e0 cu\u1ed1n s\u00e1ch d\u00e0nh cho b\u1ea1n.\u201d &#8211; Drew Manning, t\u00e1c gi\u1ea3 b\u00e1n ch\u1ea1y nh\u1ea5t c\u1ee7a New York Times v\u1edbi cu\u1ed1n FIT 2 FAT 2 FIT<\/p>\n<p>   \u201cL\u00e0 m\u1ed9t hu\u1ea5n luy\u1ec7n vi\u00ean, t\u00f4i bi\u1ebft r\u1eb1ng th\u00e1ch th\u1ee9c ch\u00ednh c\u1ee7a c\u00e1c kh\u00e1ch h\u00e0ng c\u1ee7a t\u00f4i l\u00e0 t\u00ecm ra c\u00e1ch \u0111\u1ea1t \u0111\u01b0\u1ee3c m\u1ee5c ti\u00eau dinh d\u01b0\u1ee1ng trong khi h\u1ecd qu\u00e1 b\u1eadn r\u1ed9n \u0111\u1ec3 t\u1ef1 n\u1ea5u \u0103n. Cu\u1ed1n s\u00e1ch n\u00e0y gi\u1ea3i quy\u1ebft th\u00e1ch th\u1ee9c tr\u00ean b\u1eb1ng c\u00e1ch cung c\u1ea5p m\u1ed9t quy tr\u00ecnh d\u1ec5 d\u00e0ng \u0111\u1ec3 l\u00ean k\u1ebf ho\u1ea1ch cho b\u1eefa \u0103n v\u00e0 duy tr\u00ec s\u1ef1 \u1ed5n \u0111\u1ecbnh. N\u00f3 gi\u00fap b\u1ea1n ti\u1ebft ki\u1ec7m th\u1eddi gian, ti\u1ec1n b\u1ea1c v\u00e0 gi\u1eef k\u1ef7 lu\u1eadt b\u1eb1ng c\u00e1ch chu\u1ea9n b\u1ecb s\u1eb5n c\u00e1c ph\u1ea7n th\u1ee9c \u0103n tr\u01b0\u1edbc khi d\u00f9ng. C\u00e1c c\u00f4ng th\u1ee9c c\u0169ng gi\u00fap b\u1ea1n ki\u1ec3m so\u00e1t ho\u00e0n to\u00e0n c\u00e1c nguy\u00ean li\u1ec7u m\u00e0 b\u1ea1n n\u1ea1p v\u00e0o c\u01a1 th\u1ec3. V\u1edbi ph\u01b0\u01a1ng ph\u00e1p chu\u1ea9n b\u1ecb b\u1eefa \u0103n c\u1ee7a Liz Williams, b\u1ea1n \u0111\u00e3 gi\u00e0nh chi\u1ebfn th\u1eafng cho c\u1ea3 m\u1ed9t tu\u1ea7n th\u1eadm ch\u00ed tr\u01b0\u1edbc c\u1ea3 khi tu\u1ea7n \u0111\u00f3 b\u1eaft \u0111\u1ea7u, lo\u1ea1i b\u1ecf s\u1ef1 m\u1ec7t m\u1ecfi khi ph\u1ea3i ra quy\u1ebft \u0111\u1ecbnh v\u00e0 l\u00e0m ta b\u1edbt ph\u1ea3i lo l\u1eafng v\u1ec1 \u0111\u1ed3 \u0103n h\u01a1n. T\u00f4i h\u1ebft l\u00f2ng gi\u1edbi thi\u1ec7u cu\u1ed1n s\u00e1ch n\u00e0y cho c\u00e1c b\u1ea1n.\u201d &#8211; Danny Vega, hu\u1ea5n luy\u1ec7n vi\u00ean th\u1ec3 h\u00ecnh, \u0111\u1ed3ng s\u00e1ng l\u1eadp podcast v\u00e0 blog Fat Fueled Family<\/p>\n","protected":false},"excerpt":{"rendered":"<p>B\u1ea1n mu\u1ed1n \u00e1p d\u1ee5ng ch\u1ebf \u0111\u1ed9 \u0103n Keto nh\u01b0ng l\u1ea1i lu\u00f4n e ng\u1ea1i v\u00ec kh\u00f4ng c\u00f3 \u0111\u1ee7 th\u1eddi gian v\u00e0 c\u1ea3m th\u1ea5y c\u00e1c c\u00f4ng th\u1ee9c n\u1ea5u \u0103n qu\u00e1 ph\u1ee9c t\u1ea1p? Kh\u00f4ng c\u1ea7n ph\u1ea3i lo l\u1eafng nhi\u1ec1u h\u01a1n n\u1eefa, v\u00ec v\u1edbi Th\u1ef1c \u0111\u01a1n Keto d\u00e0nh cho ng\u01b0\u1eddi b\u1eadn r\u1ed9n, b\u1ea1n s\u1ebd h\u1ecdc \u0111\u01b0\u1ee3c c\u00e1ch chu\u1ea9n b\u1ecb c\u00e1c b\u1eefa \u0103n ngon l\u00e0nh t\u1eeb tr\u01b0\u1edbc \u0111\u1ec3 kh\u00f4ng c\u00f2n ph\u1ea3i \u0111au \u0111\u1ea7u v\u00e0 \u00e1p l\u1ef1c v\u1edbi c\u00e2u h\u1ecfi \u201cH\u00f4m nay \u0103n g\u00ec?\u201d. Th\u1eadm ch\u00ed, b\u1ea1n ch\u1ec9 c\u1ea7n v\u00e0o b\u1ebfp \u0111\u00fang m\u1ed9t l\u1ea7n v\u00e0o cu\u1ed1i tu\u1ea7n \u0111\u1ec3 c\u00f3 \u0111\u1ed3 \u0103n lu\u00f4n s\u1eb5n s\u00e0ng v\u00e0o nh\u1eefng ng\u00e0y trong tu\u1ea7n v\u1ed9i v\u00e3. H\u00e3y t\u1eadp luy\u1ec7n v\u00e0 b\u1ea1n s\u1ebd s\u1edbm n\u1eafm \u0111\u01b0\u1ee3c b\u00ed k\u00edp l\u00e0m ch\u1ee7 th\u1eddi gian c\u0169ng nh\u01b0 \u0111\u1ed3 \u0103n c\u1ee7a b\u1ea1n!<\/p>\n<p>S\u00e1ch cung c\u1ea5p nh\u1eefng th\u00f4ng tin c\u01a1 b\u1ea3n v\u1ec1 ch\u1ebf \u0111\u1ed9 \u0103n keto, k\u1ebft h\u1ee3p v\u1edbi ph\u01b0\u01a1ng ph\u00e1p chu\u1ea9n b\u1ecb b\u1eefa \u0103n khoa h\u1ecdc \u0111\u1ec3 ngay c\u1ea3 nh\u1eefng ng\u01b0\u1eddi b\u1eadn r\u1ed9n v\u00e0 ng\u1ea1i v\u00e0o b\u1ebfp nh\u1ea5t c\u0169ng c\u00f3 th\u1ec3 t\u1ef1 n\u1ea5u c\u00e1c m\u00f3n Keto l\u00e0nh m\u1ea1nh cho b\u1ea3n th\u00e2n v\u00e0 gia \u0111\u00ecnh. Kh\u00f4ng c\u1ea7n ph\u1ea3i bi\u1ebfn Keto tr\u1edf th\u00e0nh ph\u1ee9c t\u1ea1p, b\u1ea1n ch\u1ec9 c\u1ea7n nh\u1edb k\u1ef9 nguy\u00ean t\u1eafc gi\u1ea3m b\u1edbt tinh b\u1ed9t, trong khi b\u1ed5 sung th\u00eam ch\u1ea5t b\u00e9o t\u1ed1t cho s\u1ee9c kh\u1ecfe, protein v\u00e0 rau qu\u1ea3 v\u00e0o b\u1eefa \u0103n. V\u1edbi g\u1ea7n 70 c\u00f4ng th\u1ee9c m\u00f3n \u0103n keto d\u1ec5 l\u00e0m v\u00e0 ngon mi\u1ec7ng, Liz Williams kh\u00f4ng nh\u1eefng gi\u00fap \u0111\u1ed9c gi\u1ea3 c\u00f3 th\u1ec3 th\u1ef1c hi\u1ec7n ch\u1ebf \u0111\u1ed9 \u0103n keto theo c\u00e1ch hi\u1ec7u qu\u1ea3 nh\u1ea5t, m\u00e0 c\u00f2n gi\u00fap b\u1ea1n lo\u1ea1i b\u1ecf \u00e1p l\u1ef1c v\u1ec1 th\u1eddi gian v\u00e0 chi ph\u00ed \u0111\u1ec3 c\u00f3 th\u1ec3 duy tr\u00ec l\u1ed1i s\u1ed1ng tuy\u1ec7t v\u1eddi n\u00e0y trong d\u00e0i h\u1ea1n. \u0110\u1eebng \u0111\u1ec3 vi\u1ec7c c\u1ea3i thi\u1ec7n v\u00f3c d\u00e1ng v\u00e0 n\u00e2ng cao s\u1ee9c kh\u1ecfe to\u00e0n di\u1ec7n ch\u1ec9 l\u00e0 m\u1ed9t m\u1ee5c ti\u00eau, h\u00e3y b\u1eaft tay v\u00e0o th\u1ef1c hi\u1ec7n n\u00f3 ngay b\u00e2y gi\u1edd!<\/p>\n","protected":false},"featured_media":6014,"template":"","meta":{"_acf_changed":false},"product_brand":[],"product_cat":[42],"product_tag":[],"class_list":{"0":"post-6019","1":"product","2":"type-product","3":"status-publish","4":"has-post-thumbnail","6":"product_cat-sach-nau-an-am-thuc","8":"first","9":"outofstock","10":"taxable","11":"shipping-taxable","12":"purchasable","13":"product-type-simple"},"supplier_id":null,"supplier_sku":"","barcode":null,"atum_controlled":true,"out_stock_date":"2021-03-14 00:53:04","out_stock_threshold":null,"inheritable":false,"inbound_stock":0,"stock_on_hold":0,"sold_today":0,"sales_last_days":0,"reserved_stock":0,"customer_returns":0,"warehouse_damage":0,"lost_in_post":0,"other_logs":0,"out_stock_days":1781,"lost_sales":0,"has_location":false,"update_date":"2026-01-28T23:10:39","atum_locations":[],"atum_stock_status":"outofstock","restock_status":false,"low_stock_amount":"","sales_update_date":"2026-01-28T23:10:39","calc_backorders":null,"acf":{"publisher":{"ID":4030,"post_author":"1","post_date":"2021-03-02 03:51:27","post_date_gmt":"2021-03-02 01:51:27","post_content":"","post_title":"1980 Books","post_excerpt":"","post_status":"publish","comment_status":"closed","ping_status":"closed","post_password":"","post_name":"1980-books","to_ping":"","pinged":"","post_modified":"2021-03-02 03:51:27","post_modified_gmt":"2021-03-02 01:51:27","post_content_filtered":"","post_parent":0,"guid":"https:\/\/sachviet.eu\/nha-phat-hanh\/1980-books\/","menu_order":0,"post_type":"publisher","post_mime_type":"","comment_count":"0","filter":"raw"}},"_links":{"self":[{"href":"https:\/\/sachviet.eu\/en\/wp-json\/wp\/v2\/product\/6019","targetHints":{"allow":["GET"]}}],"collection":[{"href":"https:\/\/sachviet.eu\/en\/wp-json\/wp\/v2\/product"}],"about":[{"href":"https:\/\/sachviet.eu\/en\/wp-json\/wp\/v2\/types\/product"}],"wp:featuredmedia":[{"embeddable":true,"href":"https:\/\/sachviet.eu\/en\/wp-json\/wp\/v2\/media\/6014"}],"wp:attachment":[{"href":"https:\/\/sachviet.eu\/en\/wp-json\/wp\/v2\/media?parent=6019"}],"wp:term":[{"taxonomy":"product_brand","embeddable":true,"href":"https:\/\/sachviet.eu\/en\/wp-json\/wp\/v2\/product_brand?post=6019"},{"taxonomy":"product_cat","embeddable":true,"href":"https:\/\/sachviet.eu\/en\/wp-json\/wp\/v2\/product_cat?post=6019"},{"taxonomy":"product_tag","embeddable":true,"href":"https:\/\/sachviet.eu\/en\/wp-json\/wp\/v2\/product_tag?post=6019"}],"curies":[{"name":"wp","href":"https:\/\/api.w.org\/{rel}","templated":true}]}}