{"id":6013,"date":"2021-03-14T02:37:40","date_gmt":"2021-03-14T00:37:40","guid":{"rendered":"https:\/\/sachviet.eu\/shop\/trai-tim-cua-chef-moc-mac-nguyen-ban\/"},"modified":"2022-05-21T18:36:37","modified_gmt":"2022-05-21T15:36:37","slug":"trai-tim-cua-chef-moc-mac-nguyen-ban","status":"publish","type":"product","link":"https:\/\/sachviet.eu\/en\/shop\/trai-tim-cua-chef-moc-mac-nguyen-ban\/","title":{"rendered":"Tr\u00e1i Tim C\u1ee7a Chef &#8211; M\u1ed9c M\u1ea1c Nguy\u00ean B\u1ea3n"},"content":{"rendered":"<p>Hungazit Nguyen l\u00e0 m\u1ed9t c\u00e1i t\u00ean \u0111\u00e3 qu\u00e1 quen thu\u1ed9c trong gi\u1edbi b\u1ebfp chuy\u00ean nghi\u1ec7p t\u1ea1i H\u00e0 N\u1ed9i n\u00f3i ri\u00eang v\u00e0 c\u1ed9ng \u0111\u1ed3ng \u0111\u1ea7u b\u1ebfp Vi\u1ec7t Nam n\u00f3i chung. V\u1edbi g\u1ea7n 15 n\u0103m kinh nghi\u1ec7m l\u00e0m b\u1ebfp t\u1ea1i c\u00e1c nh\u00e0 h\u00e0ng, kh\u00e1ch s\u1ea1n l\u1edbn, li\u00ean t\u1ee5c l\u00e0 gi\u1ea3ng vi\u00ean t\u1ea1i c\u00e1c trung t\u00e2m d\u1ea1y n\u1ea5u \u0103n n\u1ed5i ti\u1ebfng t\u1ea1i H\u00e0 N\u1ed9i v\u00e0 th\u01b0\u1eddng xuy\u00ean tham gia c\u00e1c tour \u1ea9m th\u1ef1c \u0111\u01b0\u1eddng ph\u1ed1 trong vai tr\u00f2 m\u1ed9t h\u01b0\u1edbng d\u1eabn vi\u00ean, ki\u1ebfn th\u1ee9c \u1ea9m th\u1ef1c, s\u1ef1 g\u1eafn b\u00f3 v\u00e0 ni\u1ec1m \u0111am m\u00ea s\u00e2u s\u1eafc v\u1edbi \u1ea9m th\u1ef1c d\u00e2n t\u1ed9c ng\u00e0y l\u1ea1i m\u1ed9t l\u1edbn d\u1ea7n trong tr\u00e1i tim c\u1ee7a ng\u01b0\u1eddi \u0111\u1ea7u b\u1ebfp tr\u1ebb. Tr\u00e1i tim c\u1ee7a Chef kh\u00f4ng \u0111\u01a1n thu\u1ea7n l\u00e0 cu\u1ed1n cookbook \u0111\u1ea7u tay ghi l\u1ea1i ch\u1eb7ng \u0111\u01b0\u1eddng c\u1ee7a anh t\u1eeb m\u1ed9t c\u1eadu b\u00e9 ng\u00e2y th\u01a1 s\u1ed1ng trong c\u1ea3nh bao c\u1ea5p c\u1ef1c kh\u1ed5 \u0111\u1ebfn m\u1ed9t \u0111\u1ea7u b\u1ebfp 5 sao h\u00e0ng \u0111\u1ea7u Vi\u1ec7t Nam, m\u00e0 c\u00f2n ch\u1ee9a \u0111\u1ef1ng c\u1ea3 linh h\u1ed3n H\u00e0 N\u1ed9i, c\u1ea3 m\u1ed9t k\u00fd \u1ee9c n\u1ed3ng n\u00e0n \u1ea5m \u00e1p c\u1ee7a \u1ea9m th\u1ef1c c\u1ed5 truy\u1ec1n \u0111\u1eb7c s\u1eafc, nh\u1eefng tuy\u1ec7t k\u1ef9 v\u00e0 tay ngh\u1ec1 \u0111\u1ec9nh cao c\u1ee7a xu h\u01b0\u1edbng \u1ea9m th\u1ef1c hi\u1ec7n \u0111\u1ea1i, v\u00e0 tr\u00ean h\u1ebft, l\u00e0 kh\u00e1t khao mong mu\u1ed1n h\u01b0\u1edbng c\u00e1i nh\u00ecn v\u1ec1 ngh\u1ec1 B\u1ebfp v\u00e0 c\u00e1c \u0110\u1ea7u b\u1ebfp, nh\u1eefng ng\u01b0\u1eddi n\u1ea5u \u0103n theo chi\u1ec1u h\u01b0\u1edbng t\u00edch c\u1ef1c h\u01a1n v\u00e0 quy\u1ebfn r\u0169 h\u01a1n \u0111\u01b0\u1ee3c th\u1ec3 hi\u1ec7n qua nh\u1eefng c\u00f4ng th\u1ee9c, nh\u1eefng shoot h\u00ecnh gi\u1ea3n d\u1ecb m\u00e0 tinh t\u1ebf v\u00e0 nh\u1eefng c\u1ea3m nh\u1eadn d\u00ed d\u1ecfm nh\u01b0ng v\u00f4 c\u00f9ng s\u00e2u s\u1eafc.<\/p>\n<p>Cu\u1ed1n s\u00e1ch g\u1ed3m 60 c\u00f4ng th\u1ee9c n\u1ea5u \u0103n c\u1ea3 hi\u1ec7n \u0111\u1ea1i c\u1ea3 c\u1ed5 truy\u1ec1n, nh\u01b0ng t\u1ea5t c\u1ea3 \u0111\u01b0\u1ee3c s\u00e1ng t\u1ea1o tr\u00ean n\u1ec1n t\u1ea3ng nh\u1eefng nguy\u00ean li\u1ec7u v\u00e0 h\u01b0\u01a1ng v\u1ecb \u0111\u1eb7c tr\u01b0ng c\u1ee7a qu\u00ea h\u01b0\u01a1ng, nh\u01b0 m\u1ed9t c\u1ed7 m\u00e1y du h\u00e0nh th\u1eddi gian \u0111\u01b0a b\u1ea1n \u0111i t\u1eeb qu\u00e1 kh\u1ee9 t\u1edbi hi\u1ec7n t\u1ea1i qua h\u00e0nh tr\u00ecnh \u1ea9m th\u1ef1c. Nh\u1eefng ng\u01b0\u1eddi con sinh ra t\u1eeb n\u0103m 80 tr\u1edf v\u1ec1 tr\u01b0\u1edbc s\u1ebd kh\u00f4ng kh\u1ecfi b\u00f9i ng\u00f9i khi nh\u1edb l\u1ea1i tu\u1ed5i th\u01a1 bao c\u1ea5p kh\u1ed1n kh\u00f3 c\u1ee7a m\u00ecnh v\u1edbi m\u00f3n Canh d\u01b0a chua n\u1ea5u t\u00f3p m\u1ee1 ho\u1eb7c Ti\u1ebft l\u1ee3n x\u00e0o gi\u00e1 \u0111\u1ed7 \u0111\u1eadu ph\u1ee5. Tu\u1ed5i tr\u1ebb c\u1ee7a nh\u1eefng thanh ni\u00ean H\u00e0 N\u1ed9i h\u1eb3n ai c\u0169ng tr\u1ea3i t\u1eebng m\u1ed9t l\u1ea7n trong \u0111\u1eddi tr\u1ed1n nh\u00e0 \u0111i ng\u1eafm ph\u1ed1 ph\u01b0\u1eddng \u0111\u00eam, ho\u00e0 m\u00ecnh v\u00e0o c\u00e1i kh\u00f4ng kh\u00ed t\u1ea5p n\u1eadp c\u1ee7a Ch\u1ee3 \u0111\u00eam Long Bi\u00ean ho\u1eb7c lang thang c\u00f9ng b\u1ea1n b\u00e8 \u0103n nh\u1eefng m\u00f3n \u0103n \u0111\u1eb7c s\u1ea3n c\u1ee7a H\u00e0 N\u1ed9i nh\u01b0 Ch\u1ea3 r\u01b0\u01a1u \u00d4 Quan Ch\u01b0\u1edfng, B\u00fan \u1ed1c ng\u00f5 ch\u1ee3 v\u00e0 kh\u00f4ng th\u1ec3 b\u1ecf qua \u0111\u01b0\u1ee3c m\u00f3n B\u00fan ch\u1ea3 H\u00e0 N\u1ed9i. Th\u00eam n\u1eefa, n\u1ebfu b\u1ea1n y\u00eau \u1ea9m th\u1ef1c Vi\u1ec7t Nam, \u0111\u00e3 t\u1eebng \u0111\u01b0\u1ee3c \u0111i qua nh\u1eefng v\u00f9ng mi\u1ec1n xa x\u00f4i v\u00e0 tr\u1ea3i nghi\u1ec7m bi\u1ebft bao m\u00f3n \u0103n \u0111\u1eb7c s\u1ea3n kh\u00f4ng th\u1ec3 n\u00e0o thay th\u1ebf, cu\u1ed1n s\u00e1ch n\u00e0y s\u1ebd m\u00e1ch b\u1ea1n, b\u00ed quy\u1ebft c\u1ee7a nh\u1eefng c\u00f4ng th\u1ee9c g\u1ea7n g\u0169i nh\u01b0ng di\u1ec7u k\u1ef3, \u0111\u1ec3 c\u00f3 th\u1ec3 mang c\u1ea3 Vi\u1ec7t Nam v\u00e0o c\u0103n b\u1ebfp nh\u1ecf.<\/p>\n","protected":false},"excerpt":{"rendered":"<p>Hungazit Nguyen l\u00e0 m\u1ed9t c\u00e1i t\u00ean \u0111\u00e3 qu\u00e1 quen thu\u1ed9c trong gi\u1edbi b\u1ebfp chuy\u00ean nghi\u1ec7p t\u1ea1i H\u00e0 N\u1ed9i n\u00f3i ri\u00eang v\u00e0 c\u1ed9ng \u0111\u1ed3ng \u0111\u1ea7u b\u1ebfp Vi\u1ec7t Nam n\u00f3i chung. V\u1edbi g\u1ea7n 15 n\u0103m kinh nghi\u1ec7m l\u00e0m b\u1ebfp t\u1ea1i c\u00e1c nh\u00e0 h\u00e0ng, kh\u00e1ch s\u1ea1n l\u1edbn, li\u00ean t\u1ee5c l\u00e0 gi\u1ea3ng vi\u00ean t\u1ea1i c\u00e1c trung t\u00e2m d\u1ea1y n\u1ea5u \u0103n n\u1ed5i ti\u1ebfng t\u1ea1i H\u00e0 N\u1ed9i v\u00e0 th\u01b0\u1eddng xuy\u00ean tham gia c\u00e1c tour \u1ea9m th\u1ef1c \u0111\u01b0\u1eddng ph\u1ed1 trong vai tr\u00f2 m\u1ed9t h\u01b0\u1edbng d\u1eabn vi\u00ean, ki\u1ebfn th\u1ee9c \u1ea9m th\u1ef1c, s\u1ef1 g\u1eafn b\u00f3 v\u00e0 ni\u1ec1m \u0111am m\u00ea s\u00e2u s\u1eafc v\u1edbi \u1ea9m th\u1ef1c d\u00e2n t\u1ed9c ng\u00e0y l\u1ea1i m\u1ed9t l\u1edbn d\u1ea7n trong tr\u00e1i tim c\u1ee7a ng\u01b0\u1eddi \u0111\u1ea7u b\u1ebfp tr\u1ebb. Tr\u00e1i tim c\u1ee7a Chef kh\u00f4ng \u0111\u01a1n thu\u1ea7n l\u00e0 cu\u1ed1n cookbook \u0111\u1ea7u tay ghi l\u1ea1i ch\u1eb7ng \u0111\u01b0\u1eddng c\u1ee7a anh t\u1eeb m\u1ed9t c\u1eadu b\u00e9 ng\u00e2y th\u01a1 s\u1ed1ng trong c\u1ea3nh bao c\u1ea5p c\u1ef1c kh\u1ed5 \u0111\u1ebfn m\u1ed9t \u0111\u1ea7u b\u1ebfp 5 sao h\u00e0ng \u0111\u1ea7u Vi\u1ec7t Nam, m\u00e0 c\u00f2n ch\u1ee9a \u0111\u1ef1ng c\u1ea3 linh h\u1ed3n H\u00e0 N\u1ed9i, c\u1ea3 m\u1ed9t k\u00fd \u1ee9c n\u1ed3ng n\u00e0n \u1ea5m \u00e1p c\u1ee7a \u1ea9m th\u1ef1c c\u1ed5 truy\u1ec1n \u0111\u1eb7c s\u1eafc, nh\u1eefng tuy\u1ec7t k\u1ef9 v\u00e0 tay ngh\u1ec1 \u0111\u1ec9nh cao c\u1ee7a xu h\u01b0\u1edbng \u1ea9m th\u1ef1c hi\u1ec7n \u0111\u1ea1i, v\u00e0 tr\u00ean h\u1ebft, l\u00e0 kh\u00e1t khao mong mu\u1ed1n h\u01b0\u1edbng c\u00e1i nh\u00ecn v\u1ec1 ngh\u1ec1 B\u1ebfp v\u00e0 c\u00e1c \u0110\u1ea7u b\u1ebfp, nh\u1eefng ng\u01b0\u1eddi n\u1ea5u \u0103n theo chi\u1ec1u h\u01b0\u1edbng t\u00edch c\u1ef1c h\u01a1n v\u00e0 quy\u1ebfn r\u0169 h\u01a1n \u0111\u01b0\u1ee3c th\u1ec3 hi\u1ec7n qua nh\u1eefng c\u00f4ng th\u1ee9c, nh\u1eefng shoot h\u00ecnh gi\u1ea3n d\u1ecb m\u00e0 tinh t\u1ebf v\u00e0 nh\u1eefng c\u1ea3m nh\u1eadn d\u00ed d\u1ecfm nh\u01b0ng v\u00f4 c\u00f9ng s\u00e2u s\u1eafc.<\/p>\n<p>Cu\u1ed1n s\u00e1ch g\u1ed3m 60 c\u00f4ng th\u1ee9c n\u1ea5u \u0103n c\u1ea3 hi\u1ec7n \u0111\u1ea1i c\u1ea3 c\u1ed5 truy\u1ec1n, nh\u01b0ng t\u1ea5t c\u1ea3 \u0111\u01b0\u1ee3c s\u00e1ng t\u1ea1o tr\u00ean n\u1ec1n t\u1ea3ng nh\u1eefng nguy\u00ean li\u1ec7u v\u00e0 h\u01b0\u01a1ng v\u1ecb \u0111\u1eb7c tr\u01b0ng c\u1ee7a qu\u00ea h\u01b0\u01a1ng, nh\u01b0 m\u1ed9t c\u1ed7 m\u00e1y du h\u00e0nh th\u1eddi gian \u0111\u01b0a b\u1ea1n \u0111i t\u1eeb qu\u00e1 kh\u1ee9 t\u1edbi hi\u1ec7n t\u1ea1i qua h\u00e0nh tr\u00ecnh \u1ea9m th\u1ef1c. Nh\u1eefng ng\u01b0\u1eddi con sinh ra t\u1eeb n\u0103m 80 tr\u1edf v\u1ec1 tr\u01b0\u1edbc s\u1ebd kh\u00f4ng kh\u1ecfi b\u00f9i ng\u00f9i khi nh\u1edb l\u1ea1i tu\u1ed5i th\u01a1 bao c\u1ea5p kh\u1ed1n kh\u00f3 c\u1ee7a m\u00ecnh v\u1edbi m\u00f3n Canh d\u01b0a chua n\u1ea5u t\u00f3p m\u1ee1 ho\u1eb7c Ti\u1ebft l\u1ee3n x\u00e0o gi\u00e1 \u0111\u1ed7 \u0111\u1eadu ph\u1ee5. Tu\u1ed5i tr\u1ebb c\u1ee7a nh\u1eefng thanh ni\u00ean H\u00e0 N\u1ed9i h\u1eb3n ai c\u0169ng tr\u1ea3i t\u1eebng m\u1ed9t l\u1ea7n trong \u0111\u1eddi tr\u1ed1n nh\u00e0 \u0111i ng\u1eafm ph\u1ed1 ph\u01b0\u1eddng \u0111\u00eam, ho\u00e0 m\u00ecnh v\u00e0o c\u00e1i kh\u00f4ng kh\u00ed t\u1ea5p n\u1eadp c\u1ee7a Ch\u1ee3 \u0111\u00eam Long Bi\u00ean ho\u1eb7c lang thang c\u00f9ng b\u1ea1n b\u00e8 \u0103n nh\u1eefng m\u00f3n \u0103n \u0111\u1eb7c s\u1ea3n c\u1ee7a H\u00e0 N\u1ed9i nh\u01b0 Ch\u1ea3 r\u01b0\u01a1u \u00d4 Quan Ch\u01b0\u1edfng, B\u00fan \u1ed1c ng\u00f5 ch\u1ee3 v\u00e0 kh\u00f4ng th\u1ec3 b\u1ecf qua \u0111\u01b0\u1ee3c m\u00f3n B\u00fan ch\u1ea3 H\u00e0 N\u1ed9i. Th\u00eam n\u1eefa, n\u1ebfu b\u1ea1n y\u00eau \u1ea9m th\u1ef1c Vi\u1ec7t Nam, \u0111\u00e3 t\u1eebng \u0111\u01b0\u1ee3c \u0111i qua nh\u1eefng v\u00f9ng mi\u1ec1n xa x\u00f4i v\u00e0 tr\u1ea3i nghi\u1ec7m bi\u1ebft bao m\u00f3n \u0103n \u0111\u1eb7c s\u1ea3n kh\u00f4ng th\u1ec3 n\u00e0o thay th\u1ebf, cu\u1ed1n s\u00e1ch n\u00e0y s\u1ebd m\u00e1ch b\u1ea1n, b\u00ed quy\u1ebft c\u1ee7a nh\u1eefng c\u00f4ng th\u1ee9c g\u1ea7n g\u0169i nh\u01b0ng di\u1ec7u k\u1ef3, \u0111\u1ec3 c\u00f3 th\u1ec3 mang c\u1ea3 Vi\u1ec7t Nam v\u00e0o c\u0103n b\u1ebfp nh\u1ecf.<\/p>\n","protected":false},"featured_media":6011,"template":"","meta":{"_acf_changed":false},"product_brand":[],"product_cat":[42],"product_tag":[],"class_list":{"0":"post-6013","1":"product","2":"type-product","3":"status-publish","4":"has-post-thumbnail","6":"product_cat-sach-nau-an-am-thuc","8":"first","9":"outofstock","10":"taxable","11":"shipping-taxable","12":"purchasable","13":"product-type-simple"},"supplier_id":null,"supplier_sku":"","barcode":null,"atum_controlled":true,"out_stock_date":"2022-05-21 12:36:37","out_stock_threshold":null,"inheritable":false,"inbound_stock":0,"stock_on_hold":0,"sold_today":0,"sales_last_days":0,"reserved_stock":0,"customer_returns":0,"warehouse_damage":0,"lost_in_post":0,"other_logs":0,"out_stock_days":1348,"lost_sales":0,"has_location":false,"update_date":"2026-01-28T23:10:39","atum_locations":[],"atum_stock_status":"outofstock","restock_status":false,"low_stock_amount":"","sales_update_date":"2026-01-28T23:10:39","calc_backorders":null,"acf":{"publisher":{"ID":1785,"post_author":"1","post_date":"2021-02-17 01:54:46","post_date_gmt":"2021-02-16 23:54:46","post_content":"<!-- wp:flatsome\/uxbuilder -->\n<h1 style=\"text-align: center;\"><strong>AZ VIETNAM<\/strong><\/h1>\n[row]\n\n[col span=\"8\" span__sm=\"12\"]\n\n<p>Th\u00e0nh l\u1eadp n\u0103m: 2015<br \/>V\u1ed1n \u0111\u1ea7u t\u01b0: 4,000,000,000 \u0111\u1ed3ng<br \/><strong>L\u0129nh v\u1ef1c:<\/strong><br \/>- Xu\u1ea5t b\u1ea3n v\u00e0 ph\u00e1t h\u00e0nh v\u0103n h\u00f3a ph\u1ea9m<br \/>- Cung c\u1ea5p v\u0103n h\u00f3a ph\u1ea9m, c\u00e1c s\u1ea3n ph\u1ea9m cho in \u1ea5n, trang thi\u1ebft b\u1ecb cho c\u00e1c th\u01b0 vi\u1ec7n v\u00e0 trung t\u00e2m s\u00e1ch tr\u00ean c\u1ea3 n\u01b0\u1edbc.<br \/>- Th\u1eddi trang v\u00e0 c\u00e1c s\u1ea3n ph\u1ea9m li\u00ean quan \u0111\u1ebfn l\u0129nh v\u1ef1c th\u1eddi trang<br \/>- Xu\u1ea5t nh\u1eadp kh\u1ea9u c\u00e1c s\u1ea3n ph\u1ea9m v\u0103n h\u00f3a<\/p>\n<p><strong>Quy m\u00f4:<\/strong> 60 nh\u00e2n vi\u00ean<br \/>Kh\u1edfi ngu\u1ed3n c\u1ee7a AZ Vi\u1ec7t Nam ng\u00e0y nay l\u00e0 C\u00f4ng ty TNHH Trung t\u00e2m S\u00e1ch v\u00e0 Thi\u1ebft b\u1ecb Th\u01b0 vi\u1ec7n, v\u1edbi ho\u1ea1t \u0111\u1ed9ng \u0111\u1ea7u ti\u00ean l\u00e0 cung c\u1ea5p s\u00e1ch, trang thi\u1ebft b\u1ecb, v\u0103n h\u00f3a ph\u1ea9m cho c\u00e1c th\u01b0 vi\u1ec7n v\u00e0 trung t\u00e2m s\u00e1ch tr\u00ean c\u1ea3 n\u01b0\u1edbc. T\u1eeb cu\u1ed1i n\u0103m 2010 \u0111\u1ebfn nay, ch\u00fang t\u00f4i \u0111\u00e3 kh\u00f4ng ng\u1eebng n\u1ed7 l\u1ef1c khai ph\u00e1 v\u00e0 ph\u00e1t tri\u1ec3n c\u00e1c d\u00f2ng s\u1ea3n ph\u1ea9m m\u1edbi v\u1edbi 8 th\u01b0\u01a1ng hi\u1ec7u uy t\u00edn. \u0110\u1ec3 \u0111\u00e1p \u1ee9ng nhu c\u1ea7u ph\u00e1t tri\u1ec3n ng\u00e0y m\u1ed9t l\u1edbn m\u1ea1nh v\u00e0 t\u1eadp h\u1ee3p c\u00e1c th\u01b0\u01a1ng hi\u1ec7u \u0111\u00e3 \u0111\u01b0\u1ee3c ch\u00fang t\u00f4i x\u00e2y d\u1ef1ng, 2015 C\u00f4ng ty TNHH AZ Vi\u1ec7t Nam \u0111\u00e3 ra \u0111\u1eddi v\u1edbi s\u1ee9 m\u1ec7nh mang \u0111\u1ebfn nhi\u1ec1u h\u01a1n n\u1eefa nh\u1eefng gi\u00e1 tr\u1ecb tinh th\u1ea7n, tri th\u1ee9c ti\u00ean ti\u1ebfn cho ng\u01b0\u1eddi ti\u00eau d\u00f9ng b\u1eb1ng vi\u1ec7c cung c\u1ea5p nh\u1eefng s\u1ea3n ph\u1ea9m c\u00f3 ch\u1ea5t l\u01b0\u1ee3ng.<\/p>\n\n[\/col]\n[col span=\"4\" span__sm=\"12\"]\n\n[ux_image id=\"1836\" image_size=\"medium\"]\n\n\n[\/col]\n\n[\/row]\n\n<!-- \/wp:flatsome\/uxbuilder -->","post_title":"AZ Vi\u1ec7t Nam","post_excerpt":"","post_status":"publish","comment_status":"closed","ping_status":"closed","post_password":"","post_name":"az-viet-nam","to_ping":"","pinged":"","post_modified":"2021-02-17 22:07:10","post_modified_gmt":"2021-02-17 20:07:10","post_content_filtered":"","post_parent":0,"guid":"https:\/\/sachviet.eu\/nha-phat-hanh\/az-viet-nam\/","menu_order":0,"post_type":"publisher","post_mime_type":"","comment_count":"0","filter":"raw"}},"_links":{"self":[{"href":"https:\/\/sachviet.eu\/en\/wp-json\/wp\/v2\/product\/6013","targetHints":{"allow":["GET"]}}],"collection":[{"href":"https:\/\/sachviet.eu\/en\/wp-json\/wp\/v2\/product"}],"about":[{"href":"https:\/\/sachviet.eu\/en\/wp-json\/wp\/v2\/types\/product"}],"wp:featuredmedia":[{"embeddable":true,"href":"https:\/\/sachviet.eu\/en\/wp-json\/wp\/v2\/media\/6011"}],"wp:attachment":[{"href":"https:\/\/sachviet.eu\/en\/wp-json\/wp\/v2\/media?parent=6013"}],"wp:term":[{"taxonomy":"product_brand","embeddable":true,"href":"https:\/\/sachviet.eu\/en\/wp-json\/wp\/v2\/product_brand?post=6013"},{"taxonomy":"product_cat","embeddable":true,"href":"https:\/\/sachviet.eu\/en\/wp-json\/wp\/v2\/product_cat?post=6013"},{"taxonomy":"product_tag","embeddable":true,"href":"https:\/\/sachviet.eu\/en\/wp-json\/wp\/v2\/product_tag?post=6013"}],"curies":[{"name":"wp","href":"https:\/\/api.w.org\/{rel}","templated":true}]}}