{"id":6010,"date":"2021-03-14T02:37:32","date_gmt":"2021-03-14T00:37:32","guid":{"rendered":"https:\/\/sachviet.eu\/shop\/chao-juice-tai-ban-2020\/"},"modified":"2021-03-23T01:14:59","modified_gmt":"2021-03-22T23:14:59","slug":"chao-juice-tai-ban-2020","status":"publish","type":"product","link":"https:\/\/sachviet.eu\/en\/shop\/chao-juice-tai-ban-2020\/","title":{"rendered":"Ch\u00e0o Juice (T\u00e1i B\u1ea3n 2020)"},"content":{"rendered":"<p>\u201cCh\u00e0o Juice\u201d l\u00e0 m\u1ed9t cu\u1ed1n s\u00e1ch \u0111\u01b0\u1ee3c t\u1ea1o n\u00ean b\u1edfi t\u00ecnh y\u00eau v\u00e0 \u0111am m\u00ea v\u1edbi juice c\u1ee7a Thanh Huy\u1ec1n- ng\u01b0\u1eddi con g\u00e1i y\u00eau yoga, nghi\u1ec7n juice, mang trong m\u00ecnh m\u1ed9t n\u0103ng l\u01b0\u1ee3ng b\u1ec1n b\u1ec9, c\u00f9ng mong mu\u1ed1n lan t\u1ecfa phong c\u00e1ch s\u1ed1ng t\u00edch c\u1ef1c, l\u00e0nh m\u1ea1nh t\u1edbi c\u1ed9ng \u0111\u1ed3ng.<\/p>\n<p>Ngo\u00e0i nh\u1eefng th\u00f4ng tin c\u01a1 b\u1ea3n \u0111\u1ec3 b\u1ea1n hi\u1ec3u v\u00e0 c\u00f3 th\u1ec3 l\u00e0m n\u01b0\u1edbc \u00e9p m\u1ed9t c\u00e1ch khoa h\u1ecdc, hi\u1ec7u qu\u1ea3 v\u00e0 \u0111\u1ea1t gi\u00e1 tr\u1ecb dinh d\u01b0\u1ee1ng m\u1ed9t c\u00e1ch t\u1ed1i \u0111a, \u201cCh\u00e0o Juice\u201d c\u00f2n ch\u1ee9a \u0111\u1ef1ng h\u01a1n 40 c\u00f4ng th\u1ee9c \u0111\u01b0\u1ee3c nghi\u00ean c\u1ee9u c\u00e2n b\u1eb1ng d\u01b0\u1ee1ng ch\u1ea5t v\u00e0 h\u01b0\u01a1ng v\u1ecb, s\u1ef1 phong ph\u00fa v\u00e0 \u0111a d\u1ea1ng, v\u1edbi nh\u1eefng nguy\u00ean li\u1ec7u ho\u00e0n to\u00e0n c\u00f3 th\u1ec3 mua \u0111\u01b0\u1ee3c t\u1ea1i c\u00e1c si\u00eau th\u1ecb v\u00e0 c\u1eeda h\u00e0ng th\u1ef1c ph\u1ea9m t\u1ea1i Vi\u1ec7t Nam \u0111\u1ec3 b\u1ea1n c\u00f3 th\u1ec3 m\u00e0y m\u00f2, kh\u00e1m ph\u00e1 c\u1ea3 ng\u00e0y \u0111\u1ec3 c\u00f3 nh\u1eefng c\u00f4ng th\u1ee9c Juice t\u1ed1t l\u00e0nh v\u00e0 \u0111\u1ed9c \u0111\u00e1o.<\/p>\n<p>T\u1eeb nh\u1eefng cu\u1ed9c \u0111\u1eddi \u0111\u01b0\u1ee3c thay \u0111\u1ed5i t\u00edch c\u1ef1c h\u01a1n nh\u1edd Juice m\u00e0 Huy\u1ec1n \u0111\u01b0\u1ee3c bi\u1ebft c\u0169ng nh\u01b0 ch\u00ednh tr\u1ea3i nghi\u1ec7m c\u1ee7a b\u1ea3n than m\u00ecnh, ch\u1ecb lu\u00f4n mu\u1ed1n truy\u1ec1n t\u1ea3i \u0111i\u1ec1u t\u1ed1t \u0111\u1eb9p \u0111\u00f3 \u0111\u1ebfn c\u00e0ng nhi\u1ec1u ng\u01b0\u1eddi xung quanh c\u00e0ng t\u1ed1t, \u0111\u1ec3 c\u00f3 th\u1ec3 g\u00f3p ph\u1ea7n c\u00f9ng b\u1ea1n t\u1ea1o n\u00ean cu\u1ed9c s\u1ed1ng lu\u00f4n \u0111\u1ea7y m\u00e0u s\u1eafc, gi\u00e0u h\u01b0\u01a1ng v\u1ecb, v\u00e0 kh\u00e1c bi\u1ec7t m\u1ed7i ng\u00e0y v\u00ec s\u1ed1ng kh\u1ecfe m\u1ea1nh m\u1ed7i ng\u00e0y \u0111\u00f3 c\u0169ng ch\u00ednh l\u00e0 m\u1ed9t ni\u1ec1m vui!<\/p>\n","protected":false},"excerpt":{"rendered":"<p>\u201cCh\u00e0o Juice\u201d l\u00e0 m\u1ed9t cu\u1ed1n s\u00e1ch \u0111\u01b0\u1ee3c t\u1ea1o n\u00ean b\u1edfi t\u00ecnh y\u00eau v\u00e0 \u0111am m\u00ea v\u1edbi juice c\u1ee7a Thanh Huy\u1ec1n- ng\u01b0\u1eddi con g\u00e1i y\u00eau yoga, nghi\u1ec7n juice, mang trong m\u00ecnh m\u1ed9t n\u0103ng l\u01b0\u1ee3ng b\u1ec1n b\u1ec9, c\u00f9ng mong mu\u1ed1n lan t\u1ecfa phong c\u00e1ch s\u1ed1ng t\u00edch c\u1ef1c, l\u00e0nh m\u1ea1nh t\u1edbi c\u1ed9ng \u0111\u1ed3ng.<\/p>\n<p>Ngo\u00e0i nh\u1eefng th\u00f4ng tin c\u01a1 b\u1ea3n \u0111\u1ec3 b\u1ea1n hi\u1ec3u v\u00e0 c\u00f3 th\u1ec3 l\u00e0m n\u01b0\u1edbc \u00e9p m\u1ed9t c\u00e1ch khoa h\u1ecdc, hi\u1ec7u qu\u1ea3 v\u00e0 \u0111\u1ea1t gi\u00e1 tr\u1ecb dinh d\u01b0\u1ee1ng m\u1ed9t c\u00e1ch t\u1ed1i \u0111a, \u201cCh\u00e0o Juice\u201d c\u00f2n ch\u1ee9a \u0111\u1ef1ng h\u01a1n 40 c\u00f4ng th\u1ee9c \u0111\u01b0\u1ee3c nghi\u00ean c\u1ee9u c\u00e2n b\u1eb1ng d\u01b0\u1ee1ng ch\u1ea5t v\u00e0 h\u01b0\u01a1ng v\u1ecb, s\u1ef1 phong ph\u00fa v\u00e0 \u0111a d\u1ea1ng, v\u1edbi nh\u1eefng nguy\u00ean li\u1ec7u ho\u00e0n to\u00e0n c\u00f3 th\u1ec3 mua \u0111\u01b0\u1ee3c t\u1ea1i c\u00e1c si\u00eau th\u1ecb v\u00e0 c\u1eeda h\u00e0ng th\u1ef1c ph\u1ea9m t\u1ea1i Vi\u1ec7t Nam \u0111\u1ec3 b\u1ea1n c\u00f3 th\u1ec3 m\u00e0y m\u00f2, kh\u00e1m ph\u00e1 c\u1ea3 ng\u00e0y \u0111\u1ec3 c\u00f3 nh\u1eefng c\u00f4ng th\u1ee9c Juice t\u1ed1t l\u00e0nh v\u00e0 \u0111\u1ed9c \u0111\u00e1o.<\/p>\n<p>T\u1eeb nh\u1eefng cu\u1ed9c \u0111\u1eddi \u0111\u01b0\u1ee3c thay \u0111\u1ed5i t\u00edch c\u1ef1c h\u01a1n nh\u1edd Juice m\u00e0 Huy\u1ec1n \u0111\u01b0\u1ee3c bi\u1ebft c\u0169ng nh\u01b0 ch\u00ednh tr\u1ea3i nghi\u1ec7m c\u1ee7a b\u1ea3n than m\u00ecnh, ch\u1ecb lu\u00f4n mu\u1ed1n truy\u1ec1n t\u1ea3i \u0111i\u1ec1u t\u1ed1t \u0111\u1eb9p \u0111\u00f3 \u0111\u1ebfn c\u00e0ng nhi\u1ec1u ng\u01b0\u1eddi xung quanh c\u00e0ng t\u1ed1t, \u0111\u1ec3 c\u00f3 th\u1ec3 g\u00f3p ph\u1ea7n c\u00f9ng b\u1ea1n t\u1ea1o n\u00ean cu\u1ed9c s\u1ed1ng lu\u00f4n \u0111\u1ea7y m\u00e0u s\u1eafc, gi\u00e0u h\u01b0\u01a1ng v\u1ecb, v\u00e0 kh\u00e1c bi\u1ec7t m\u1ed7i ng\u00e0y v\u00ec s\u1ed1ng kh\u1ecfe m\u1ea1nh m\u1ed7i ng\u00e0y \u0111\u00f3 c\u0169ng ch\u00ednh l\u00e0 m\u1ed9t ni\u1ec1m vui!<\/p>\n","protected":false},"featured_media":6009,"template":"","meta":{"_acf_changed":false},"product_brand":[],"product_cat":[42],"product_tag":[],"class_list":{"0":"post-6010","1":"product","2":"type-product","3":"status-publish","4":"has-post-thumbnail","6":"product_cat-sach-nau-an-am-thuc","8":"first","9":"outofstock","10":"taxable","11":"shipping-taxable","12":"purchasable","13":"product-type-simple"},"supplier_id":null,"supplier_sku":"","barcode":null,"atum_controlled":true,"out_stock_date":"2021-03-14 00:53:04","out_stock_threshold":null,"inheritable":false,"inbound_stock":0,"stock_on_hold":0,"sold_today":0,"sales_last_days":0,"reserved_stock":0,"customer_returns":0,"warehouse_damage":0,"lost_in_post":0,"other_logs":0,"out_stock_days":1781,"lost_sales":0,"has_location":false,"update_date":"2026-01-28T23:10:39","atum_locations":[],"atum_stock_status":"outofstock","restock_status":false,"low_stock_amount":"","sales_update_date":"2026-01-28T23:10:39","calc_backorders":null,"acf":{"publisher":{"ID":1785,"post_author":"1","post_date":"2021-02-17 01:54:46","post_date_gmt":"2021-02-16 23:54:46","post_content":"<!-- wp:flatsome\/uxbuilder -->\n<h1 style=\"text-align: center;\"><strong>AZ VIETNAM<\/strong><\/h1>\n[row]\n\n[col span=\"8\" span__sm=\"12\"]\n\n<p>Th\u00e0nh l\u1eadp n\u0103m: 2015<br \/>V\u1ed1n \u0111\u1ea7u t\u01b0: 4,000,000,000 \u0111\u1ed3ng<br \/><strong>L\u0129nh v\u1ef1c:<\/strong><br \/>- Xu\u1ea5t b\u1ea3n v\u00e0 ph\u00e1t h\u00e0nh v\u0103n h\u00f3a ph\u1ea9m<br \/>- Cung c\u1ea5p v\u0103n h\u00f3a ph\u1ea9m, c\u00e1c s\u1ea3n ph\u1ea9m cho in \u1ea5n, trang thi\u1ebft b\u1ecb cho c\u00e1c th\u01b0 vi\u1ec7n v\u00e0 trung t\u00e2m s\u00e1ch tr\u00ean c\u1ea3 n\u01b0\u1edbc.<br \/>- Th\u1eddi trang v\u00e0 c\u00e1c s\u1ea3n ph\u1ea9m li\u00ean quan \u0111\u1ebfn l\u0129nh v\u1ef1c th\u1eddi trang<br \/>- Xu\u1ea5t nh\u1eadp kh\u1ea9u c\u00e1c s\u1ea3n ph\u1ea9m v\u0103n h\u00f3a<\/p>\n<p><strong>Quy m\u00f4:<\/strong> 60 nh\u00e2n vi\u00ean<br \/>Kh\u1edfi ngu\u1ed3n c\u1ee7a AZ Vi\u1ec7t Nam ng\u00e0y nay l\u00e0 C\u00f4ng ty TNHH Trung t\u00e2m S\u00e1ch v\u00e0 Thi\u1ebft b\u1ecb Th\u01b0 vi\u1ec7n, v\u1edbi ho\u1ea1t \u0111\u1ed9ng \u0111\u1ea7u ti\u00ean l\u00e0 cung c\u1ea5p s\u00e1ch, trang thi\u1ebft b\u1ecb, v\u0103n h\u00f3a ph\u1ea9m cho c\u00e1c th\u01b0 vi\u1ec7n v\u00e0 trung t\u00e2m s\u00e1ch tr\u00ean c\u1ea3 n\u01b0\u1edbc. T\u1eeb cu\u1ed1i n\u0103m 2010 \u0111\u1ebfn nay, ch\u00fang t\u00f4i \u0111\u00e3 kh\u00f4ng ng\u1eebng n\u1ed7 l\u1ef1c khai ph\u00e1 v\u00e0 ph\u00e1t tri\u1ec3n c\u00e1c d\u00f2ng s\u1ea3n ph\u1ea9m m\u1edbi v\u1edbi 8 th\u01b0\u01a1ng hi\u1ec7u uy t\u00edn. \u0110\u1ec3 \u0111\u00e1p \u1ee9ng nhu c\u1ea7u ph\u00e1t tri\u1ec3n ng\u00e0y m\u1ed9t l\u1edbn m\u1ea1nh v\u00e0 t\u1eadp h\u1ee3p c\u00e1c th\u01b0\u01a1ng hi\u1ec7u \u0111\u00e3 \u0111\u01b0\u1ee3c ch\u00fang t\u00f4i x\u00e2y d\u1ef1ng, 2015 C\u00f4ng ty TNHH AZ Vi\u1ec7t Nam \u0111\u00e3 ra \u0111\u1eddi v\u1edbi s\u1ee9 m\u1ec7nh mang \u0111\u1ebfn nhi\u1ec1u h\u01a1n n\u1eefa nh\u1eefng gi\u00e1 tr\u1ecb tinh th\u1ea7n, tri th\u1ee9c ti\u00ean ti\u1ebfn cho ng\u01b0\u1eddi ti\u00eau d\u00f9ng b\u1eb1ng vi\u1ec7c cung c\u1ea5p nh\u1eefng s\u1ea3n ph\u1ea9m c\u00f3 ch\u1ea5t l\u01b0\u1ee3ng.<\/p>\n\n[\/col]\n[col span=\"4\" span__sm=\"12\"]\n\n[ux_image id=\"1836\" image_size=\"medium\"]\n\n\n[\/col]\n\n[\/row]\n\n<!-- \/wp:flatsome\/uxbuilder -->","post_title":"AZ Vi\u1ec7t Nam","post_excerpt":"","post_status":"publish","comment_status":"closed","ping_status":"closed","post_password":"","post_name":"az-viet-nam","to_ping":"","pinged":"","post_modified":"2021-02-17 22:07:10","post_modified_gmt":"2021-02-17 20:07:10","post_content_filtered":"","post_parent":0,"guid":"https:\/\/sachviet.eu\/nha-phat-hanh\/az-viet-nam\/","menu_order":0,"post_type":"publisher","post_mime_type":"","comment_count":"0","filter":"raw"}},"_links":{"self":[{"href":"https:\/\/sachviet.eu\/en\/wp-json\/wp\/v2\/product\/6010","targetHints":{"allow":["GET"]}}],"collection":[{"href":"https:\/\/sachviet.eu\/en\/wp-json\/wp\/v2\/product"}],"about":[{"href":"https:\/\/sachviet.eu\/en\/wp-json\/wp\/v2\/types\/product"}],"wp:featuredmedia":[{"embeddable":true,"href":"https:\/\/sachviet.eu\/en\/wp-json\/wp\/v2\/media\/6009"}],"wp:attachment":[{"href":"https:\/\/sachviet.eu\/en\/wp-json\/wp\/v2\/media?parent=6010"}],"wp:term":[{"taxonomy":"product_brand","embeddable":true,"href":"https:\/\/sachviet.eu\/en\/wp-json\/wp\/v2\/product_brand?post=6010"},{"taxonomy":"product_cat","embeddable":true,"href":"https:\/\/sachviet.eu\/en\/wp-json\/wp\/v2\/product_cat?post=6010"},{"taxonomy":"product_tag","embeddable":true,"href":"https:\/\/sachviet.eu\/en\/wp-json\/wp\/v2\/product_tag?post=6010"}],"curies":[{"name":"wp","href":"https:\/\/api.w.org\/{rel}","templated":true}]}}