{"id":5969,"date":"2021-03-14T02:35:19","date_gmt":"2021-03-14T00:35:19","guid":{"rendered":"https:\/\/sachviet.eu\/shop\/sourdoughbread-banh-mi-men-tu-nhien-tai-ban-2020\/"},"modified":"2021-07-03T14:05:26","modified_gmt":"2021-07-03T11:05:26","slug":"sourdoughbread-banh-mi-men-tu-nhien-tai-ban-2020","status":"publish","type":"product","link":"https:\/\/sachviet.eu\/en\/shop\/sourdoughbread-banh-mi-men-tu-nhien-tai-ban-2020\/","title":{"rendered":"Sourdoughbread &#8211; B\u00e1nh M\u00ec Men T\u1ef1 Nhi\u00ean (T\u00e1i B\u1ea3n 2020)"},"content":{"rendered":"<p>Sourdoughbread &#8211; B\u00e1nh M\u00ec Men T\u1ef1 Nhi\u00ean<\/p>\n<p>Th\u1eddi gian g\u1ea7n \u0111\u00e2y, c\u00f9ng v\u1edbi s\u1ef1 ph\u00e1t tri\u1ec3n c\u1ee7a phong tr\u00e0o \u0103n u\u1ed1n healthy, Sourdough Bread l\u00e0 m\u1ed9t c\u00e1i t\u00ean kh\u00f4ng c\u00f2n qu\u00e1 xa l\u1ea1. L\u00e0 lo\u1ea1i b\u00e1nh m\u00ec xu\u1ea5t hi\u1ec7n t\u1eeb h\u00e0ng ngh\u00ecn n\u0103m tr\u01b0\u1edbc v\u1edbi \u0111\u1eb7c t\u00ednh \u0111\u01b0\u1ee3c l\u00e0m t\u1eeb lo\u1ea1i men thi\u00ean nhi\u00ean, sourdough bread kh\u1eb3ng \u0111\u1ecbnh ch\u1ed7 \u0111\u1ee9ng trong \u201cl\u00e0ng b\u00e1nh\u201d m\u00ec b\u1edfi t\u00ednh \u201chealthy\u201d c\u1ee7a ri\u00eang m\u00ecnh c\u00f9ng v\u1edbi v\u1ecb ng\u1ecdt t\u1ef1 nhi\u00ean cho d\u00f9 trong c\u00f4ng th\u1ee9c b\u00e1nh kh\u00f4ng h\u1ec1 c\u00f3 \u0111\u01b0\u1eddng m\u00e0 kh\u00f4ng c\u00f3 b\u1ea5t c\u1ee9 lo\u1ea1i absnh m\u00ec n\u00e0o \u0111\u01b0\u1ee3c l\u00e0m t\u1eeb men c\u00f4ng nghi\u1ec7p c\u00f3 th\u1ec3 c\u00f3 \u0111\u01b0\u1ee3c.<\/p>\n<p>Kh\u00f4ng ch\u1ec9 l\u00e0 m\u1ed9t lo\u1ea1i b\u00e1nh v\u01b0\u1ee3t tr\u1ed9i v\u1ec1 dinh d\u01b0\u1ee1ng, b\u00e1nh m\u00ec sourdough c\u00f2n l\u00e0 m\u1ed9t th\u1ee9 \u0111em \u0111\u1ebfn cho ng\u01b0\u1eddi t\u1ea1o ra m\u00ecnh m\u1ed9t th\u1ee9 h\u1ea1nh ph\u00fac v\u00f4 h\u00ecnh, kh\u00f3 t\u1ea3, ch\u1ec9 c\u00f3 th\u1ec3 \u201cc\u1ea3m nh\u1eadn \u0111\u01b0\u1ee3c khi tay \u0111\u01b0\u1ee3c ch\u1ea1m v\u00e0o b\u1ed9t m\u00ec, m\u0169i \u0111\u01b0\u1ee3c ve vu\u1ed1t b\u1edfi m\u00f9i men, l\u01b0\u1ee1i \u0111\u01b0\u1ee3c ch\u1ea1m v\u00e0o l\u1edbp v\u1ecf gi\u00f2n tan v\u00e0 ru\u1ed9t b\u00e1nh m\u00ec dai m\u1ec1m, m\u1eaft \u0111\u01b0\u1ee3c chi\u00eam ng\u01b0\u1ee1ng nh\u1eefng l\u1ed7 kh\u00ed n\u1edf l\u1edbn khi b\u1ea1n h\u1edbn h\u1edf c\u1eaft b\u00e1nh\u201d cho d\u00f9 c\u0103n b\u1ebfp c\u1ee7a b\u1ea1n \u0111ang v\u01b0\u01a1ng kh\u1eafp m\u00f9i b\u1ed9t, ng\u01b0\u1eddi \u0111ang \u00e1m \u0111\u1ea7y m\u00f9i men chua l\u1edd l\u1ee3.<\/p>\n<p>B\u1ea1n- con ng\u01b0\u1eddi y\u00eau b\u1ebfp, \u0111ang theo \u0111u\u1ed5i l\u1ed1i s\u1ed1ng l\u00e0nh m\u1ea1nh c\u00f3 mu\u1ed1n th\u1eed t\u1ef1 tay m\u1ed9t l\u1ea7n nu\u00f4i men, l\u00e0m ra m\u1ed9t \u1ed5 b\u00e1nh \u0111\u00f2i h\u1ecfi k\u0129 thu\u1eadt v\u00e0 th\u1eddi gian r\u1ea5t nhi\u1ec1u n\u00e0y \u0111\u1ec3 m\u1ed9t l\u1ea7n \u0111\u01b0\u1ee3c th\u1eed c\u00e1i c\u1ea3m gi\u00e1c v\u1ee1 \u00f2a h\u1ea1nh ph\u00fac nh\u01b0 Phan Anh Esheep mi\u00eau t\u1ea3 tr\u00ean kia?<\/p>\n<p>\u201cSourdough bread\u201d cu\u1ed1n s\u00e1ch \u0111\u1ea7u ti\u00ean t\u1ea1i VN vi\u1ebft v\u1ec1 d\u00f2ng b\u00e1nh m\u00ec men t\u1ef1 nhi\u00ean \u0111\u01b0\u1ee3c vi\u1ebft b\u1edfi Qu\u1ef3nh Sourdough- m\u1ed9t t\u00e1c gi\u1ea3 xinh \u0111\u1eb9p, y\u00eau b\u1ebfp v\u00e0 l\u00e0m b\u00e1nh m\u00ec b\u1eb1ng c\u1ea3 tr\u00e1i tim n\u00e0y s\u1ebd h\u01b0\u1edbng d\u1eabn b\u1ea1n v\u00f4 c\u00f9ng chi ti\u1ebft, k\u0129 c\u00e0ng, t\u1eeb A \u0111\u1ebfn Z \u0111\u1ec3 c\u00f3 th\u1ec3 chinh ph\u1ee5c \u0111\u01b0\u1ee3c lo\u1ea1i b\u00e1nh m\u00ec ki\u00eau k\u00ec \u0111\u1ebfn t\u1eeb Ch\u00e2u \u00c2u n\u00e0y.<\/p>\n<p>Th\u00f4ng tin b\u1ed5 sung:<\/p>\n<p>TH\u00d4NG TIN V\u1ec0 ILOVECOOKBOOK:<\/p>\n<p>I love Cookbook l\u00e0 \u0111\u01a1n v\u1ecb xu\u1ea5t b\u1ea3n s\u00e1ch Cookbook cao c\u1ea5p \u0111\u1ea7u ti\u00ean t\u1ea1i Vi\u1ec7t Nam. Ra \u0111\u1eddi v\u00e0o th\u00e1ng 7\/2013, I love Cookbook mang s\u1ee9 m\u1ec7nh truy\u1ec1n t\u1ea3i tinh hoa v\u1ec1 \u1ea9m th\u1ef1c qua t\u1eebng trang s\u00e1ch. Qua g\u1ea7n 05 n\u0103m n\u1ed7 l\u1ef1c tr\u01b0\u1edfng th\u00e0nh, I love Cookbook d\u1ea7n \u0111\u1ecbnh v\u1ecb phong c\u00e1ch chuy\u00ean nghi\u1ec7p v\u00e0 nh\u1eadn \u0111\u01b0\u1ee3c \u1ee7ng h\u1ed9 nhi\u1ec7t th\u00e0nh t\u1eeb \u0111\u1ed9c gi\u1ea3 c\u0169ng nh\u01b0 c\u00e1c t\u00e1c gi\u1ea3 c\u1ee7a d\u00f2ng s\u00e1ch cookbook.<\/p>\n<p>TH\u00d4NG TIN V\u1ec0 T\u00c1C GI\u1ea2<\/p>\n<p>QU\u1ef2NH SOURDOUGH V\u00c0 &#8220;C\u01a0N SAY&#8221; B\u00c1NH M\u00cc MEN T\u1ef0 NHI\u00caN ????<\/p>\n<p>Quy\u1ebft \u0111\u1ecbnh \u201ctheo ch\u1ed3ng\u201d b\u1ecf l\u1ea1i c\u00f4ng vi\u1ec7c v\u1edbi m\u1ee9c thu nh\u1eadp cao, tr\u1edf th\u00e0nh m\u1ed9t b\u00e0 n\u1ed9i tr\u1ee3 to\u00e0n th\u1eddi gian v\u1edbi hai \u0111\u1ee9a con nh\u1ecf, r\u1ed3i b\u00e9n duy\u00ean v\u1edbi b\u00e1nh m\u00ec men t\u1ef1 nhi\u00ean m\u1ed9t c\u00e1ch b\u1ea5t ng\u1edd, khi v\u00f4 t\u00ecnh nh\u00ecn th\u1ea5y \u1ed5 b\u00e1nh m\u00ec l\u00ean men t\u1ef1 nhi\u00ean tr\u00ean facebook v\u00e0 th\u1ebf l\u00e0 \u0110\u1ecaNH M\u1ec6NH \u0111\u00e3 \u0111\u1ebfn. H\u00e0ng ng\u00e0y Qu\u1ef3nh Sourdough nghi\u00ean c\u1ee9u v\u00e0 t\u00ecm hi\u1ec3u v\u1ec1 \u1ed5 b\u00e1nh \u0111\u1ea7y ma l\u1ef1c n\u00e0y, \u201cl\u00ean \u0111\u1ed3ng\u201d c\u00f9ng v\u1edbi nh\u1eefng th\u1eed nghi\u1ec7m c\u00f4ng th\u1ee9c m\u1edbi. Sau 4 th\u00e1ng mi\u1ec7t m\u00e0i, c\u1ed1 g\u1eafng kh\u00f4ng ng\u1eebng, kh\u00f4ng l\u00fac n\u00e0o ng\u01b0\u1eddi ng\u1edbt m\u00f9i b\u1ed9t chua th\u00ec v\u00e0o m\u1ed9t ng\u00e0y m\u00f9a thu, ch\u1ecb nh\u1ea3y l\u00ean v\u1ee1 \u00f2a sung s\u01b0\u1edbng b\u00e1o r\u1eb1ng \u201cEm l\u00e0m \u0111\u01b0\u1ee3c r\u1ed3i!\u201d v\u1edbi ch\u1ed3ng- m\u1ed9t trong s\u1ed1 nh\u1eefng \u201cth\u1ef1c kh\u00e1ch\u201d lu\u00f4n ki\u00ean nh\u1eabn tr\u01b0\u1edbc m\u1ed7i m\u1ebb b\u00e1nh c\u1ee7a ch\u1ecb.<\/p>\n<p>Kh\u00f4ng c\u00f2n do d\u1ef1, kh\u00f4ng ng\u00f3ng v\u1ecdng quay tr\u1edf l\u1ea1i c\u00f4ng vi\u1ec7c v\u0103n ph\u00f2ng n\u1eefa m\u00e0 Qu\u1ef3nh Sourdough l\u1ea1i t\u00ecm th\u1ea5y h\u1ea1nh ph\u00fac khi \u0111\u01b0\u1ee3c nh\u00e0o b\u1ed9t, \u1ee7 b\u1ed9t, khi \u0111\u01b0\u1ee3c h\u00edt h\u00e0 m\u00f9i b\u00e1nh th\u01a1m ph\u1ee9c men t\u1ef1 nhi\u00ean, th\u0103ng hoa r\u1ea1ch t\u1eebng \u0111\u01b0\u1eddng b\u00e1nh n\u1edf bung, ng\u1ea9n ng\u01a1 ng\u1eafm nh\u00ecn v\u1ecf b\u00e1nh m\u1ecfng gi\u00f2n, ru\u1ed9t m\u1ec1m x\u1ed1p l\u1ed7 kh\u00ed \u0111\u1ec1u xen k\u1ebd c\u00e1c lo\u1ea1i h\u1ea1t v\u00e0 ch\u1ecb kh\u00f4ng ng\u1ea1i kh\u1eb3ng \u0111\u1ecbnh \u0111\u00e2y m\u1edbi l\u00e0 nh\u1eefng \u201cTh\u00e1ng n\u0103m r\u1ef1c r\u1ee1\u201d c\u1ee7a m\u00ecnh.<\/p>\n<p>V\u1edbi ng\u1ecdn l\u1eeda \u0111am m\u00ea \u1ea9m th\u1ef1c lu\u00f4n \u00e2m \u1ec9 ch\u00e1y trong ng\u01b0\u1eddi c\u00f9ng mong mu\u1ed1n nhi\u1ec1u ng\u01b0\u1eddi bi\u1ebft \u0111\u1ebfn d\u00f2ng b\u00e1nh m\u00ec ch\u1ea5t ch\u1ee9a s\u1ef1 k\u00ec di\u1ec7u c\u1ee7a t\u1ef1 nhi\u00ean n\u00e0y, Qu\u1ef3nh Sourdough b\u1eaft \u0111\u1ea7u g\u1eedi nh\u1eefng \u1ed5 b\u00e1nh m\u00ec men t\u1ef1 nhi\u00ean mang \u0111\u1eadm d\u1ea5u \u1ea5n c\u00e1 nh\u00e2n v\u00e0 t\u00ecnh y\u00eau c\u1ee7a ch\u1ecb \u0111\u1ebfn kh\u1eafp m\u1ecdi mi\u1ec1n \u0111\u1ea5t n\u01b0\u1edbc. Nh\u1eefng chi\u1ebfc b\u00e1nh theo t\u1eebng chuy\u1ebfn xe t\u1edbi S\u00e0i G\u00f2n, C\u1ea7n Th\u01a1, Nha Trang, H\u1ea3i Ph\u00f2ng, Gia Lai\u2026 v\u00e0 nh\u1eadn \u0111\u01b0\u1ee3c s\u1ef1 \u1ee7ng h\u1ed9 t\u00edch c\u1ef1c c\u00e0ng khi\u1ebfn ch\u1ecb t\u1ef1 tin v\u1edbi con \u0111\u01b0\u1eddng m\u00ecnh \u0111\u00e3 ch\u1ecdn.<\/p>\n<p>M\u1ed7i ng\u00e0y, v\u1eabn l\u00e0 s\u1ef1 t\u1ec9 m\u1ec9 ch\u0103m ch\u00fat cho t\u1eebng \u1ed5 b\u00e1nh, v\u1eabn lao \u0111\u1ed9ng l\u00e0m v\u01b0\u1eddn ch\u0103m ch\u1ec9 \u0111\u1ec3 c\u00f3 nh\u1eefng nh\u00e1nh h\u01b0\u01a1ng th\u1ea3o v\u00e0 hoa h\u1ed3ng th\u01a1m g\u1eedi t\u1eb7ng c\u1ea3 \u00e2n t\u00ecnh t\u1edbi nh\u1eefng ng\u01b0\u1eddi mua b\u00e1nh. Qu\u1ef3nh Sourdough \u0111\u00e3 th\u1eafp s\u00e1ng c\u0103n b\u1ebfp c\u1ee7a m\u00ecnh b\u1eb1ng t\u00ecnh y\u00eau ch\u00e2n th\u00e0nh, n\u1ed7 l\u1ef1c, \u0111am m\u00ea \u0111\u1ec3 nh\u1eefng m\u1ebb b\u00e1nh ra l\u00f2 th\u01a1m l\u1eebng lan t\u1ecfa \u0111\u1ebfn m\u1ecdi ng\u01b0\u1eddi h\u01b0\u01a1ng v\u1ecb c\u1ee7a ng\u01b0\u1eddi \u0111\u00e0n b\u00e0 y\u00eau b\u1ebfp b\u00e1nh.<\/p>\n<p>V\u00e0 r\u1ed3i m\u1ed9t l\u1ea7n n\u1eefa, v\u00e0o m\u00f9a thu n\u0103m nay, Qu\u1ef3nh Sourdough s\u1ebd ch\u00ednh th\u1ee9c cho ra m\u1eaft cu\u1ed1n s\u00e1ch v\u1ec1 b\u00e1nh m\u00ec men t\u1ef1 nhi\u00ean. \u0110\u00e2y c\u0169ng ch\u00ednh l\u00e0 cu\u1ed1n s\u00e1ch \u0111\u1ea7u ti\u00ean xu\u1ea5t hi\u1ec7n t\u1ea1i Vi\u1ec7t Nam vi\u1ebft v\u1ec1 lo\u1ea1i b\u00e1nh m\u00ec \u0111\u1ebfn t\u1eeb ch\u00e2u \u00c2u ki\u00eau k\u00ec v\u00e0 kh\u00f3 t\u00ednh n\u00e0y m\u1ed9t c\u00e1ch c\u1ef1c k\u00ec chi ti\u1ebft.<\/p>\n<p>M\u1ed9t cu\u1ed1n s\u00e1ch s\u1ebd h\u01b0\u1edbng d\u1eabn b\u1ea1n t\u1eeb A-Z, l\u00e0m sao \u0111\u1ec3 t\u1ea1o ra m\u1ed9t \u1ed5 b\u00e1nh Sourdough trong m\u00f4i tr\u01b0\u1eddng n\u00f3ng \u1ea9m nh\u01b0 Vi\u1ec7t Nam \u0111\u01b0\u1ee3c vi\u1ebft b\u1edfi m\u1ed9t ng\u01b0\u1eddi ph\u1ee5 n\u1eef xinh \u0111\u1eb9p, y\u00eau b\u1ebfp, l\u00e0m b\u00e1nh b\u1eb1ng c\u1ea3 tr\u00e1i tim th\u00ec ch\u1eafc ch\u1eafn s\u1ebd tr\u1edd th\u00e0nh tuy\u1ec7t ph\u1ea9m \u0111\u00e1ng \u0111\u1ec3 \u0111\u01b0\u1ee3c \u0111\u00f3n \u0111\u1ee3i r\u1ed3i \u0111\u00fang kh\u00f4ng n\u00e0o?<\/p>\n","protected":false},"excerpt":{"rendered":"<p>Th\u1eddi gian g\u1ea7n \u0111\u00e2y, c\u00f9ng v\u1edbi s\u1ef1 ph\u00e1t tri\u1ec3n c\u1ee7a phong tr\u00e0o \u0103n u\u1ed1n healthy, Sourdough Bread l\u00e0 m\u1ed9t c\u00e1i t\u00ean kh\u00f4ng c\u00f2n qu\u00e1 xa l\u1ea1. L\u00e0 lo\u1ea1i b\u00e1nh m\u00ec xu\u1ea5t hi\u1ec7n t\u1eeb h\u00e0ng ngh\u00ecn n\u0103m tr\u01b0\u1edbc v\u1edbi \u0111\u1eb7c t\u00ednh \u0111\u01b0\u1ee3c l\u00e0m t\u1eeb lo\u1ea1i men thi\u00ean nhi\u00ean, sourdough bread kh\u1eb3ng \u0111\u1ecbnh ch\u1ed7 \u0111\u1ee9ng trong \u201cl\u00e0ng b\u00e1nh\u201d m\u00ec b\u1edfi t\u00ednh \u201chealthy\u201d c\u1ee7a ri\u00eang m\u00ecnh c\u00f9ng v\u1edbi v\u1ecb ng\u1ecdt t\u1ef1 nhi\u00ean cho d\u00f9 trong c\u00f4ng th\u1ee9c b\u00e1nh kh\u00f4ng h\u1ec1 c\u00f3 \u0111\u01b0\u1eddng m\u00e0 kh\u00f4ng c\u00f3 b\u1ea5t c\u1ee9 lo\u1ea1i absnh m\u00ec n\u00e0o \u0111\u01b0\u1ee3c l\u00e0m t\u1eeb men c\u00f4ng nghi\u1ec7p c\u00f3 th\u1ec3 c\u00f3 \u0111\u01b0\u1ee3c.<\/p>\n<p>Kh\u00f4ng ch\u1ec9 l\u00e0 m\u1ed9t lo\u1ea1i b\u00e1nh v\u01b0\u1ee3t tr\u1ed9i v\u1ec1 dinh d\u01b0\u1ee1ng, b\u00e1nh m\u00ec sourdough c\u00f2n l\u00e0 m\u1ed9t th\u1ee9 \u0111em \u0111\u1ebfn cho ng\u01b0\u1eddi t\u1ea1o ra m\u00ecnh m\u1ed9t th\u1ee9 h\u1ea1nh ph\u00fac v\u00f4 h\u00ecnh, kh\u00f3 t\u1ea3, ch\u1ec9 c\u00f3 th\u1ec3 \u201cc\u1ea3m nh\u1eadn \u0111\u01b0\u1ee3c khi tay \u0111\u01b0\u1ee3c ch\u1ea1m v\u00e0o b\u1ed9t m\u00ec, m\u0169i \u0111\u01b0\u1ee3c ve vu\u1ed1t b\u1edfi m\u00f9i men, l\u01b0\u1ee1i \u0111\u01b0\u1ee3c ch\u1ea1m v\u00e0o l\u1edbp v\u1ecf gi\u00f2n tan v\u00e0 ru\u1ed9t b\u00e1nh m\u00ec dai m\u1ec1m, m\u1eaft \u0111\u01b0\u1ee3c chi\u00eam ng\u01b0\u1ee1ng nh\u1eefng l\u1ed7 kh\u00ed n\u1edf l\u1edbn khi b\u1ea1n h\u1edbn h\u1edf c\u1eaft b\u00e1nh\u201d cho d\u00f9 c\u0103n b\u1ebfp c\u1ee7a b\u1ea1n \u0111ang v\u01b0\u01a1ng kh\u1eafp m\u00f9i b\u1ed9t, ng\u01b0\u1eddi \u0111ang \u00e1m \u0111\u1ea7y m\u00f9i men chua l\u1edd l\u1ee3.<\/p>\n<p>B\u1ea1n- con ng\u01b0\u1eddi y\u00eau b\u1ebfp, \u0111ang theo \u0111u\u1ed5i l\u1ed1i s\u1ed1ng l\u00e0nh m\u1ea1nh c\u00f3 mu\u1ed1n th\u1eed t\u1ef1 tay m\u1ed9t l\u1ea7n nu\u00f4i men, l\u00e0m ra m\u1ed9t \u1ed5 b\u00e1nh \u0111\u00f2i h\u1ecfi k\u0129 thu\u1eadt v\u00e0 th\u1eddi gian r\u1ea5t nhi\u1ec1u n\u00e0y \u0111\u1ec3 m\u1ed9t l\u1ea7n \u0111\u01b0\u1ee3c th\u1eed c\u00e1i c\u1ea3m gi\u00e1c v\u1ee1 \u00f2a h\u1ea1nh ph\u00fac nh\u01b0 Phan Anh Esheep mi\u00eau t\u1ea3 tr\u00ean kia?<\/p>\n<p>\u201cSourdough bread\u201d cu\u1ed1n s\u00e1ch \u0111\u1ea7u ti\u00ean t\u1ea1i VN vi\u1ebft v\u1ec1 d\u00f2ng b\u00e1nh m\u00ec men t\u1ef1 nhi\u00ean \u0111\u01b0\u1ee3c vi\u1ebft b\u1edfi Qu\u1ef3nh Sourdough- m\u1ed9t t\u00e1c gi\u1ea3 xinh \u0111\u1eb9p, y\u00eau b\u1ebfp v\u00e0 l\u00e0m b\u00e1nh m\u00ec b\u1eb1ng c\u1ea3 tr\u00e1i tim n\u00e0y s\u1ebd h\u01b0\u1edbng d\u1eabn b\u1ea1n v\u00f4 c\u00f9ng chi ti\u1ebft, k\u0129 c\u00e0ng, t\u1eeb A \u0111\u1ebfn Z \u0111\u1ec3 c\u00f3 th\u1ec3 chinh ph\u1ee5c \u0111\u01b0\u1ee3c lo\u1ea1i b\u00e1nh m\u00ec ki\u00eau k\u00ec \u0111\u1ebfn t\u1eeb Ch\u00e2u \u00c2u n\u00e0y.<\/p>\n","protected":false},"featured_media":5956,"template":"","meta":{"_acf_changed":false},"product_brand":[],"product_cat":[42],"product_tag":[],"class_list":{"0":"post-5969","1":"product","2":"type-product","3":"status-publish","4":"has-post-thumbnail","6":"product_cat-sach-nau-an-am-thuc","8":"first","9":"instock","10":"taxable","11":"shipping-taxable","12":"purchasable","13":"product-type-simple"},"supplier_id":null,"supplier_sku":"","barcode":null,"atum_controlled":true,"out_stock_date":null,"out_stock_threshold":null,"inheritable":false,"inbound_stock":0,"stock_on_hold":0,"sold_today":0,"sales_last_days":0,"reserved_stock":0,"customer_returns":0,"warehouse_damage":0,"lost_in_post":0,"other_logs":0,"out_stock_days":0,"lost_sales":0,"has_location":false,"update_date":"2026-01-28T23:10:39","atum_locations":[],"atum_stock_status":"instock","restock_status":false,"low_stock_amount":"","sales_update_date":"2026-01-28T23:10:39","calc_backorders":null,"acf":{"publisher":{"ID":1785,"post_author":"1","post_date":"2021-02-17 01:54:46","post_date_gmt":"2021-02-16 23:54:46","post_content":"<!-- wp:flatsome\/uxbuilder -->\n<h1 style=\"text-align: center;\"><strong>AZ VIETNAM<\/strong><\/h1>\n[row]\n\n[col span=\"8\" span__sm=\"12\"]\n\n<p>Th\u00e0nh l\u1eadp n\u0103m: 2015<br \/>V\u1ed1n \u0111\u1ea7u t\u01b0: 4,000,000,000 \u0111\u1ed3ng<br \/><strong>L\u0129nh v\u1ef1c:<\/strong><br \/>- Xu\u1ea5t b\u1ea3n v\u00e0 ph\u00e1t h\u00e0nh v\u0103n h\u00f3a ph\u1ea9m<br \/>- Cung c\u1ea5p v\u0103n h\u00f3a ph\u1ea9m, c\u00e1c s\u1ea3n ph\u1ea9m cho in \u1ea5n, trang thi\u1ebft b\u1ecb cho c\u00e1c th\u01b0 vi\u1ec7n v\u00e0 trung t\u00e2m s\u00e1ch tr\u00ean c\u1ea3 n\u01b0\u1edbc.<br \/>- Th\u1eddi trang v\u00e0 c\u00e1c s\u1ea3n ph\u1ea9m li\u00ean quan \u0111\u1ebfn l\u0129nh v\u1ef1c th\u1eddi trang<br \/>- Xu\u1ea5t nh\u1eadp kh\u1ea9u c\u00e1c s\u1ea3n ph\u1ea9m v\u0103n h\u00f3a<\/p>\n<p><strong>Quy m\u00f4:<\/strong> 60 nh\u00e2n vi\u00ean<br \/>Kh\u1edfi ngu\u1ed3n c\u1ee7a AZ Vi\u1ec7t Nam ng\u00e0y nay l\u00e0 C\u00f4ng ty TNHH Trung t\u00e2m S\u00e1ch v\u00e0 Thi\u1ebft b\u1ecb Th\u01b0 vi\u1ec7n, v\u1edbi ho\u1ea1t \u0111\u1ed9ng \u0111\u1ea7u ti\u00ean l\u00e0 cung c\u1ea5p s\u00e1ch, trang thi\u1ebft b\u1ecb, v\u0103n h\u00f3a ph\u1ea9m cho c\u00e1c th\u01b0 vi\u1ec7n v\u00e0 trung t\u00e2m s\u00e1ch tr\u00ean c\u1ea3 n\u01b0\u1edbc. T\u1eeb cu\u1ed1i n\u0103m 2010 \u0111\u1ebfn nay, ch\u00fang t\u00f4i \u0111\u00e3 kh\u00f4ng ng\u1eebng n\u1ed7 l\u1ef1c khai ph\u00e1 v\u00e0 ph\u00e1t tri\u1ec3n c\u00e1c d\u00f2ng s\u1ea3n ph\u1ea9m m\u1edbi v\u1edbi 8 th\u01b0\u01a1ng hi\u1ec7u uy t\u00edn. \u0110\u1ec3 \u0111\u00e1p \u1ee9ng nhu c\u1ea7u ph\u00e1t tri\u1ec3n ng\u00e0y m\u1ed9t l\u1edbn m\u1ea1nh v\u00e0 t\u1eadp h\u1ee3p c\u00e1c th\u01b0\u01a1ng hi\u1ec7u \u0111\u00e3 \u0111\u01b0\u1ee3c ch\u00fang t\u00f4i x\u00e2y d\u1ef1ng, 2015 C\u00f4ng ty TNHH AZ Vi\u1ec7t Nam \u0111\u00e3 ra \u0111\u1eddi v\u1edbi s\u1ee9 m\u1ec7nh mang \u0111\u1ebfn nhi\u1ec1u h\u01a1n n\u1eefa nh\u1eefng gi\u00e1 tr\u1ecb tinh th\u1ea7n, tri th\u1ee9c ti\u00ean ti\u1ebfn cho ng\u01b0\u1eddi ti\u00eau d\u00f9ng b\u1eb1ng vi\u1ec7c cung c\u1ea5p nh\u1eefng s\u1ea3n ph\u1ea9m c\u00f3 ch\u1ea5t l\u01b0\u1ee3ng.<\/p>\n\n[\/col]\n[col span=\"4\" span__sm=\"12\"]\n\n[ux_image id=\"1836\" image_size=\"medium\"]\n\n\n[\/col]\n\n[\/row]\n\n<!-- \/wp:flatsome\/uxbuilder -->","post_title":"AZ Vi\u1ec7t Nam","post_excerpt":"","post_status":"publish","comment_status":"closed","ping_status":"closed","post_password":"","post_name":"az-viet-nam","to_ping":"","pinged":"","post_modified":"2021-02-17 22:07:10","post_modified_gmt":"2021-02-17 20:07:10","post_content_filtered":"","post_parent":0,"guid":"https:\/\/sachviet.eu\/nha-phat-hanh\/az-viet-nam\/","menu_order":0,"post_type":"publisher","post_mime_type":"","comment_count":"0","filter":"raw"}},"_links":{"self":[{"href":"https:\/\/sachviet.eu\/en\/wp-json\/wp\/v2\/product\/5969","targetHints":{"allow":["GET"]}}],"collection":[{"href":"https:\/\/sachviet.eu\/en\/wp-json\/wp\/v2\/product"}],"about":[{"href":"https:\/\/sachviet.eu\/en\/wp-json\/wp\/v2\/types\/product"}],"wp:featuredmedia":[{"embeddable":true,"href":"https:\/\/sachviet.eu\/en\/wp-json\/wp\/v2\/media\/5956"}],"wp:attachment":[{"href":"https:\/\/sachviet.eu\/en\/wp-json\/wp\/v2\/media?parent=5969"}],"wp:term":[{"taxonomy":"product_brand","embeddable":true,"href":"https:\/\/sachviet.eu\/en\/wp-json\/wp\/v2\/product_brand?post=5969"},{"taxonomy":"product_cat","embeddable":true,"href":"https:\/\/sachviet.eu\/en\/wp-json\/wp\/v2\/product_cat?post=5969"},{"taxonomy":"product_tag","embeddable":true,"href":"https:\/\/sachviet.eu\/en\/wp-json\/wp\/v2\/product_tag?post=5969"}],"curies":[{"name":"wp","href":"https:\/\/api.w.org\/{rel}","templated":true}]}}