{"id":5955,"date":"2021-03-14T02:34:32","date_gmt":"2021-03-14T00:34:32","guid":{"rendered":"https:\/\/sachviet.eu\/shop\/bi-mat-chocolate\/"},"modified":"2021-07-03T14:05:24","modified_gmt":"2021-07-03T11:05:24","slug":"bi-mat-chocolate","status":"publish","type":"product","link":"https:\/\/sachviet.eu\/en\/shop\/bi-mat-chocolate\/","title":{"rendered":"B\u00ed M\u1eadt Chocolate"},"content":{"rendered":"<p>B\u00ed M\u1eadt Chocolate<\/p>\n<p>S\u1ef1 t\u01b0\u01a1i m\u1edbi lu\u00f4n l\u00e0 y\u1ebfu t\u1ed1 quy\u1ebft \u0111\u1ecbnh t\u00ednh h\u1ea5p d\u1eabn v\u00e0 h\u01b0\u01a1ng v\u1ecb th\u01a1m ngon c\u1ee7a m\u00f3n \u0103n v\u00e0 chocolate kh\u00f4ng ngo\u1ea1i l\u1ec7. B\u1ea1n kh\u00f3 c\u00f3 th\u1ec3 qu\u00ean \u0111\u01b0\u1ee3c c\u1ea3m gi\u00e1c t\u01b0\u01a1i nguy\u00ean, m\u1ec1m m\u1ea1i v\u00e0 ng\u1ecdt d\u1ecbu n\u01a1i \u0111\u1ea7u l\u01b0\u1ee1i khi tr\u00f3t th\u1eed m\u1ed9t vi\u00ean chocolate nguy\u00ean ch\u1ea5t.<\/p>\n<p>N\u1ebfu b\u1ea1n \u0111ang t\u00f2 m\u00f2 t\u00ecm hi\u1ec3u v\u1ec1 nh\u1eefng vi\u00ean chocolate t\u01b0\u01a1i \u0111\u1ea7y m\u00e0u s\u1eafc n\u00e0y th\u00ec \u201c B\u00ed m\u1eadt Chocolate\u201d ch\u1eafc ch\u1eafn l\u00e0 m\u1ed9t cu\u1ed1n s\u00e1ch b\u1ea1n n\u00ean c\u00f3 \u0111\u01b0\u1ee3c.<\/p>\n<p>\u201cB\u00ed m\u1eadt chocolate\u201d \u0111\u01b0\u1ee3c \u0111\u00fac k\u1ebft t\u1eeb cu\u1ed9c h\u00e0nh tr\u00ecnh nghi\u00ean c\u1ee9u su\u1ed1t 5 n\u0103m v\u1edbi nh\u1eefng c\u00f4ng th\u1ee9c ho\u00e0n h\u1ea3o nh\u1ea5t c\u1ee7a t\u00e1c gi\u1ea3 Khoa Phan v\u00e0 Glorybites \u2013 m\u1ed9t c\u00e1i t\u00ean kh\u00f4ng c\u00f2n xa l\u1ea1 khi nh\u1eafc t\u1edbi chocolate Vi\u1ec7t. Cu\u1ed1n s\u00e1ch \u0110\u1ea6U TI\u00caN b\u1eb1ng TI\u1ebeNG VI\u1ec6T v\u1ec1 chocolate t\u01b0\u01a1i h\u1ee9a h\u1eb9n s\u1ebd c\u00f9ng \u0111\u1ed9c gi\u1ea3 kh\u00e1m ph\u00e1 v\u00e0 chinh ph\u1ee5c th\u1ebf gi\u1edbi l\u00e3ng m\u1ea1n c\u1ee7a nh\u1eefng vi\u00ean k\u1eb9o ng\u1ecdt ng\u00e0o n\u00e0y.<\/p>\n<p>Trong cu\u1ed1n s\u00e1ch, \u0111\u00f4i l\u00fac b\u1ea1n s\u1ebd b\u1eaft g\u1eb7p nh\u1eefng c\u00f4ng th\u1ee9c chocolate quen m\u00e0 l\u1ea1. Quen b\u1edfi b\u1ea1n kh\u00f4ng kh\u00f3 \u0111\u1ec3 t\u00ecm \u0111\u01b0\u1ee3c lo\u1ea1i chocolate \u1ea5y \u1edf b\u1ea5t k\u00ec n\u01a1i n\u00e0o ho\u1eb7c th\u01b0\u01a1ng hi\u1ec7u n\u00e0o, nh\u01b0ng l\u1ea1 \u1edf nh\u1eefng m\u00f9i v\u1ecb \u0111\u01b0\u1ee3c \u0111i\u1ec1u ch\u1ec9nh, th\u00eam th\u1eaft, nh\u1ea5n nh\u00e1 \u0111\u1ec3 ph\u00f9 h\u1ee3p v\u1edbi kh\u1ea9u v\u1ecb ng\u01b0\u1eddi Vi\u1ec7t.<\/p>\n<p>C\u00f3 nh\u1eefng l\u00fac b\u1ea1n s\u1ebd ph\u1ea3i th\u1ed1t l\u00ean th\u00edch th\u00fa \u201c\u1ed3 ! C\u00f3 th\u1ec3 l\u00e0m n\u00f3 t\u1ea1i nh\u00e0 sao?\u201d v\u00e0 c\u1ea3 nh\u1eefng c\u00f4ng th\u1ee9c l\u00e0m b\u1ea1n t\u00f2 m\u00f2 v\u00ec s\u1ef1 k\u1ebft h\u1ee3p \u0111\u01a1n gi\u1ea3n l\u1ea1i mang \u0111\u1ebfn m\u1ed9t th\u00e0nh ph\u1ea9m tuy\u1ec7t di\u1ec7u \u0111\u1ebfn th\u1ebf.<\/p>\n<p>Cu\u1ed1n s\u00e1ch n\u00e0y ra \u0111\u1eddi v\u1edbi mong mu\u1ed1n mang t\u1edbi cho b\u1ea1n ni\u1ec1m c\u1ea3m h\u1ee9ng ng\u1ecdt ng\u00e0o v\u1ec1 nh\u1eefng \u201ct\u00e1c ph\u1ea9m\u201d chocolate c\u00f3 m\u1ed9t kh\u00f4ng hai tr\u00ean \u0111\u1eddi. N\u00f3 kh\u00f4ng ph\u1ea3i th\u1ee9 g\u00ec qu\u00e1 cao si\u00eau, ch\u1ec9 c\u1ea7n b\u1ea1n c\u00f3 ni\u1ec1m y\u00eau th\u00edch, b\u1ea1n c\u00f3 th\u1ec3 l\u00e0m n\u00f3 d\u1ec5 d\u00e0ng nh\u01b0 b\u1ea5t c\u1ee9 lo\u1ea1i b\u00e1nh ng\u1ecdt n\u00e0o.<\/p>\n<p>B\u1edfi l\u1ebd \u1ea5y, n\u1ebfu b\u1ea1n y\u00eau th\u00edch chocolate tu\u01a1i v\u00e0 y\u00eau nh\u1eefng s\u1ea3n ph\u1ea9m s\u00e1ng t\u1ea1o \u0111\u1ea7y ng\u1eabu h\u1ee9ng th\u00ec h\u00e3y th\u1eed tr\u1ea3i nghi\u1ec7m c\u00f4ng th\u1ee9c t\u1eeb cu\u1ed1n s\u00e1ch n\u00e0y.<\/p>\n<p>Th\u00f4ng tin b\u1ed5 sung:<\/p>\n<p>TH\u00d4NG TIN V\u1ec0 ILOVECOOKBOOK:<br \/>\nI love cookbook l\u00e0 \u0111\u01a1n v\u1ecb xu\u1ea5t b\u1ea3n s\u00e1ch Cookbook cao c\u1ea5p \u0111\u1ea7u ti\u00ean t\u1ea1i Vi\u1ec7t Nam. Ra \u0111\u1eddi v\u00e0o th\u00e1ng 7\/2013, I love Cookbook mang s\u1ee9 m\u1ec7nh truy\u1ec1n t\u1ea3i tinh hoa v\u1ec1 \u1ea9m th\u1ef1c qua t\u1eebng trang s\u00e1ch. Qua 02 n\u0103m n\u1ed7 l\u1ef1c tr\u01b0\u1edfng th\u00e0nh, I love Cookbook d\u1ea7n \u0111\u1ecbnh v\u1ecb phong c\u00e1ch chuy\u00ean nghi\u1ec7p v\u00e0 nh\u1eadn \u0111\u01b0\u1ee3c \u1ee7ng h\u1ed9 nhi\u1ec7t th\u00e0nh t\u1eeb \u0111\u1ed9c gi\u1ea3 c\u0169ng nh\u01b0 c\u00e1c t\u00e1c gi\u1ea3 c\u1ee7a d\u00f2ng s\u00e1ch cookbook.<\/p>\n<p>TH\u00d4NG TIN V\u1ec0 T\u00c1C GI\u1ea2<br \/>\n\u201c\u2026 Ch\u00ednh nh\u1eefng \u0111i\u1ec1u nh\u1ecf gi\u1ea3n \u0111\u01a1n (nh\u01b0 nh\u1eefng vi\u00ean truffle n\u00e0y) m\u01a1\u00ed ch\u00ednh l\u00e0 th\u1ee9 mang \u0111\u1ebfn cho t\u00f4i n\u0103ng l\u01b0\u1ee3ng v\u00e0 ngu\u1ed3n c\u1ea3m h\u1ee9ng b\u1ea5t t\u1eadn\u2026\u201d<\/p>\n<p>Khoa Phan &#8211; CEO Glorybites Chocolate &amp; Onefood \u2013 ng\u01b0\u1eddi \u0111\u00e0n \u00f4ng n\u1eb7ng l\u00f2ng v\u1edbi ng\u00e0nh nguy\u00ean li\u1ec7u th\u1ef1c ph\u1ea9m. C\u00f9ng v\u1edbi ni\u1ec1m khao kh\u00e1t thu\u1ea7n khi\u1ebft \u0111\u01b0\u1ee3c th\u1eed t\u1ea5t c\u1ea3 m\u1ecdi lo\u1ea1i socola tr\u00ean th\u1ebf gi\u1edbi m\u00e0 anh \u0111\u00e3 b\u1eaft \u0111\u1ea7u nghi\u00ean c\u1ee9u v\u1ec1 \u0111\u1eb7c t\u00ednh v\u00e0 s\u1ef1 kh\u00e1c bi\u1ec7t c\u1ee7a m\u1ed7i lo\u1ea1i socola v\u1edbi xu\u1ea5t x\u1ee9 kh\u00e1c nhau \u0111\u1ec3 cu\u1ed1i c\u00f9ng r\u00fat ra \u0111\u01b0\u1ee3c k\u1ebft lu\u1eadn r\u1eb1ng s\u1ea3n ph\u1ea9m socola t\u1eeb c\u00e2y cacao Vi\u1ec7t Nam th\u1eadt s\u1ef1 l\u00e0 tinh t\u00fay.<\/p>\n","protected":false},"excerpt":{"rendered":"<p>S\u1ef1 t\u01b0\u01a1i m\u1edbi lu\u00f4n l\u00e0 y\u1ebfu t\u1ed1 quy\u1ebft \u0111\u1ecbnh t\u00ednh h\u1ea5p d\u1eabn v\u00e0 h\u01b0\u01a1ng v\u1ecb th\u01a1m ngon c\u1ee7a m\u00f3n \u0103n v\u00e0 chocolate kh\u00f4ng ngo\u1ea1i l\u1ec7. B\u1ea1n kh\u00f3 c\u00f3 th\u1ec3 qu\u00ean \u0111\u01b0\u1ee3c c\u1ea3m gi\u00e1c t\u01b0\u01a1i nguy\u00ean, m\u1ec1m m\u1ea1i v\u00e0 ng\u1ecdt d\u1ecbu n\u01a1i \u0111\u1ea7u l\u01b0\u1ee1i khi tr\u00f3t th\u1eed m\u1ed9t vi\u00ean chocolate nguy\u00ean ch\u1ea5t.<\/p>\n<p>N\u1ebfu b\u1ea1n \u0111ang t\u00f2 m\u00f2 t\u00ecm hi\u1ec3u v\u1ec1 nh\u1eefng vi\u00ean chocolate t\u01b0\u01a1i \u0111\u1ea7y m\u00e0u s\u1eafc n\u00e0y th\u00ec \u201c B\u00ed m\u1eadt Chocolate\u201d ch\u1eafc ch\u1eafn l\u00e0 m\u1ed9t cu\u1ed1n s\u00e1ch b\u1ea1n n\u00ean c\u00f3 \u0111\u01b0\u1ee3c.<\/p>\n<p>\u201cB\u00ed m\u1eadt chocolate\u201d \u0111\u01b0\u1ee3c \u0111\u00fac k\u1ebft t\u1eeb cu\u1ed9c h\u00e0nh tr\u00ecnh nghi\u00ean c\u1ee9u su\u1ed1t 5 n\u0103m v\u1edbi nh\u1eefng c\u00f4ng th\u1ee9c ho\u00e0n h\u1ea3o nh\u1ea5t c\u1ee7a t\u00e1c gi\u1ea3 Khoa Phan v\u00e0 Glorybites \u2013 m\u1ed9t c\u00e1i t\u00ean kh\u00f4ng c\u00f2n xa l\u1ea1 khi nh\u1eafc t\u1edbi chocolate Vi\u1ec7t. Cu\u1ed1n s\u00e1ch \u0110\u1ea6U TI\u00caN b\u1eb1ng TI\u1ebeNG VI\u1ec6T v\u1ec1 chocolate t\u01b0\u01a1i h\u1ee9a h\u1eb9n s\u1ebd c\u00f9ng \u0111\u1ed9c gi\u1ea3 kh\u00e1m ph\u00e1 v\u00e0 chinh ph\u1ee5c th\u1ebf gi\u1edbi l\u00e3ng m\u1ea1n c\u1ee7a nh\u1eefng vi\u00ean k\u1eb9o ng\u1ecdt ng\u00e0o n\u00e0y.<\/p>\n<p>Trong cu\u1ed1n s\u00e1ch, \u0111\u00f4i l\u00fac b\u1ea1n s\u1ebd b\u1eaft g\u1eb7p nh\u1eefng c\u00f4ng th\u1ee9c chocolate quen m\u00e0 l\u1ea1. Quen b\u1edfi b\u1ea1n kh\u00f4ng kh\u00f3 \u0111\u1ec3 t\u00ecm \u0111\u01b0\u1ee3c lo\u1ea1i chocolate \u1ea5y \u1edf b\u1ea5t k\u00ec n\u01a1i n\u00e0o ho\u1eb7c th\u01b0\u01a1ng hi\u1ec7u n\u00e0o, nh\u01b0ng l\u1ea1 \u1edf nh\u1eefng m\u00f9i v\u1ecb \u0111\u01b0\u1ee3c \u0111i\u1ec1u ch\u1ec9nh, th\u00eam th\u1eaft, nh\u1ea5n nh\u00e1 \u0111\u1ec3 ph\u00f9 h\u1ee3p v\u1edbi kh\u1ea9u v\u1ecb ng\u01b0\u1eddi Vi\u1ec7t.<\/p>\n<p>C\u00f3 nh\u1eefng l\u00fac b\u1ea1n s\u1ebd ph\u1ea3i th\u1ed1t l\u00ean th\u00edch th\u00fa \u201c\u1ed3 ! C\u00f3 th\u1ec3 l\u00e0m n\u00f3 t\u1ea1i nh\u00e0 sao?\u201d v\u00e0 c\u1ea3 nh\u1eefng c\u00f4ng th\u1ee9c l\u00e0m b\u1ea1n t\u00f2 m\u00f2 v\u00ec s\u1ef1 k\u1ebft h\u1ee3p \u0111\u01a1n gi\u1ea3n l\u1ea1i mang \u0111\u1ebfn m\u1ed9t th\u00e0nh ph\u1ea9m tuy\u1ec7t di\u1ec7u \u0111\u1ebfn th\u1ebf.<\/p>\n<p>Cu\u1ed1n s\u00e1ch n\u00e0y ra \u0111\u1eddi v\u1edbi mong mu\u1ed1n mang t\u1edbi cho b\u1ea1n ni\u1ec1m c\u1ea3m h\u1ee9ng ng\u1ecdt ng\u00e0o v\u1ec1 nh\u1eefng \u201ct\u00e1c ph\u1ea9m\u201d chocolate c\u00f3 m\u1ed9t kh\u00f4ng hai tr\u00ean \u0111\u1eddi. N\u00f3 kh\u00f4ng ph\u1ea3i th\u1ee9 g\u00ec qu\u00e1 cao si\u00eau, ch\u1ec9 c\u1ea7n b\u1ea1n c\u00f3 ni\u1ec1m y\u00eau th\u00edch, b\u1ea1n c\u00f3 th\u1ec3 l\u00e0m n\u00f3 d\u1ec5 d\u00e0ng nh\u01b0 b\u1ea5t c\u1ee9 lo\u1ea1i b\u00e1nh ng\u1ecdt n\u00e0o.<\/p>\n<p>B\u1edfi l\u1ebd \u1ea5y, n\u1ebfu b\u1ea1n y\u00eau th\u00edch chocolate tu\u01a1i v\u00e0 y\u00eau nh\u1eefng s\u1ea3n ph\u1ea9m s\u00e1ng t\u1ea1o \u0111\u1ea7y ng\u1eabu h\u1ee9ng th\u00ec h\u00e3y th\u1eed tr\u1ea3i nghi\u1ec7m c\u00f4ng th\u1ee9c t\u1eeb cu\u1ed1n s\u00e1ch n\u00e0y.<\/p>\n","protected":false},"featured_media":5940,"template":"","meta":{"_acf_changed":false},"product_brand":[],"product_cat":[42],"product_tag":[],"class_list":{"0":"post-5955","1":"product","2":"type-product","3":"status-publish","4":"has-post-thumbnail","6":"product_cat-sach-nau-an-am-thuc","8":"first","9":"instock","10":"taxable","11":"shipping-taxable","12":"purchasable","13":"product-type-simple"},"supplier_id":null,"supplier_sku":"","barcode":null,"atum_controlled":true,"out_stock_date":null,"out_stock_threshold":null,"inheritable":false,"inbound_stock":0,"stock_on_hold":0,"sold_today":0,"sales_last_days":0,"reserved_stock":0,"customer_returns":0,"warehouse_damage":0,"lost_in_post":0,"other_logs":0,"out_stock_days":0,"lost_sales":0,"has_location":false,"update_date":"2026-01-28T23:10:39","atum_locations":[],"atum_stock_status":"instock","restock_status":false,"low_stock_amount":"","sales_update_date":"2026-01-28T23:10:39","calc_backorders":null,"acf":{"publisher":{"ID":1785,"post_author":"1","post_date":"2021-02-17 01:54:46","post_date_gmt":"2021-02-16 23:54:46","post_content":"<!-- wp:flatsome\/uxbuilder -->\n<h1 style=\"text-align: center;\"><strong>AZ VIETNAM<\/strong><\/h1>\n[row]\n\n[col span=\"8\" span__sm=\"12\"]\n\n<p>Th\u00e0nh l\u1eadp n\u0103m: 2015<br \/>V\u1ed1n \u0111\u1ea7u t\u01b0: 4,000,000,000 \u0111\u1ed3ng<br \/><strong>L\u0129nh v\u1ef1c:<\/strong><br \/>- Xu\u1ea5t b\u1ea3n v\u00e0 ph\u00e1t h\u00e0nh v\u0103n h\u00f3a ph\u1ea9m<br \/>- Cung c\u1ea5p v\u0103n h\u00f3a ph\u1ea9m, c\u00e1c s\u1ea3n ph\u1ea9m cho in \u1ea5n, trang thi\u1ebft b\u1ecb cho c\u00e1c th\u01b0 vi\u1ec7n v\u00e0 trung t\u00e2m s\u00e1ch tr\u00ean c\u1ea3 n\u01b0\u1edbc.<br \/>- Th\u1eddi trang v\u00e0 c\u00e1c s\u1ea3n ph\u1ea9m li\u00ean quan \u0111\u1ebfn l\u0129nh v\u1ef1c th\u1eddi trang<br \/>- Xu\u1ea5t nh\u1eadp kh\u1ea9u c\u00e1c s\u1ea3n ph\u1ea9m v\u0103n h\u00f3a<\/p>\n<p><strong>Quy m\u00f4:<\/strong> 60 nh\u00e2n vi\u00ean<br \/>Kh\u1edfi ngu\u1ed3n c\u1ee7a AZ Vi\u1ec7t Nam ng\u00e0y nay l\u00e0 C\u00f4ng ty TNHH Trung t\u00e2m S\u00e1ch v\u00e0 Thi\u1ebft b\u1ecb Th\u01b0 vi\u1ec7n, v\u1edbi ho\u1ea1t \u0111\u1ed9ng \u0111\u1ea7u ti\u00ean l\u00e0 cung c\u1ea5p s\u00e1ch, trang thi\u1ebft b\u1ecb, v\u0103n h\u00f3a ph\u1ea9m cho c\u00e1c th\u01b0 vi\u1ec7n v\u00e0 trung t\u00e2m s\u00e1ch tr\u00ean c\u1ea3 n\u01b0\u1edbc. T\u1eeb cu\u1ed1i n\u0103m 2010 \u0111\u1ebfn nay, ch\u00fang t\u00f4i \u0111\u00e3 kh\u00f4ng ng\u1eebng n\u1ed7 l\u1ef1c khai ph\u00e1 v\u00e0 ph\u00e1t tri\u1ec3n c\u00e1c d\u00f2ng s\u1ea3n ph\u1ea9m m\u1edbi v\u1edbi 8 th\u01b0\u01a1ng hi\u1ec7u uy t\u00edn. \u0110\u1ec3 \u0111\u00e1p \u1ee9ng nhu c\u1ea7u ph\u00e1t tri\u1ec3n ng\u00e0y m\u1ed9t l\u1edbn m\u1ea1nh v\u00e0 t\u1eadp h\u1ee3p c\u00e1c th\u01b0\u01a1ng hi\u1ec7u \u0111\u00e3 \u0111\u01b0\u1ee3c ch\u00fang t\u00f4i x\u00e2y d\u1ef1ng, 2015 C\u00f4ng ty TNHH AZ Vi\u1ec7t Nam \u0111\u00e3 ra \u0111\u1eddi v\u1edbi s\u1ee9 m\u1ec7nh mang \u0111\u1ebfn nhi\u1ec1u h\u01a1n n\u1eefa nh\u1eefng gi\u00e1 tr\u1ecb tinh th\u1ea7n, tri th\u1ee9c ti\u00ean ti\u1ebfn cho ng\u01b0\u1eddi ti\u00eau d\u00f9ng b\u1eb1ng vi\u1ec7c cung c\u1ea5p nh\u1eefng s\u1ea3n ph\u1ea9m c\u00f3 ch\u1ea5t l\u01b0\u1ee3ng.<\/p>\n\n[\/col]\n[col span=\"4\" span__sm=\"12\"]\n\n[ux_image id=\"1836\" image_size=\"medium\"]\n\n\n[\/col]\n\n[\/row]\n\n<!-- \/wp:flatsome\/uxbuilder -->","post_title":"AZ Vi\u1ec7t Nam","post_excerpt":"","post_status":"publish","comment_status":"closed","ping_status":"closed","post_password":"","post_name":"az-viet-nam","to_ping":"","pinged":"","post_modified":"2021-02-17 22:07:10","post_modified_gmt":"2021-02-17 20:07:10","post_content_filtered":"","post_parent":0,"guid":"https:\/\/sachviet.eu\/nha-phat-hanh\/az-viet-nam\/","menu_order":0,"post_type":"publisher","post_mime_type":"","comment_count":"0","filter":"raw"}},"_links":{"self":[{"href":"https:\/\/sachviet.eu\/en\/wp-json\/wp\/v2\/product\/5955","targetHints":{"allow":["GET"]}}],"collection":[{"href":"https:\/\/sachviet.eu\/en\/wp-json\/wp\/v2\/product"}],"about":[{"href":"https:\/\/sachviet.eu\/en\/wp-json\/wp\/v2\/types\/product"}],"wp:featuredmedia":[{"embeddable":true,"href":"https:\/\/sachviet.eu\/en\/wp-json\/wp\/v2\/media\/5940"}],"wp:attachment":[{"href":"https:\/\/sachviet.eu\/en\/wp-json\/wp\/v2\/media?parent=5955"}],"wp:term":[{"taxonomy":"product_brand","embeddable":true,"href":"https:\/\/sachviet.eu\/en\/wp-json\/wp\/v2\/product_brand?post=5955"},{"taxonomy":"product_cat","embeddable":true,"href":"https:\/\/sachviet.eu\/en\/wp-json\/wp\/v2\/product_cat?post=5955"},{"taxonomy":"product_tag","embeddable":true,"href":"https:\/\/sachviet.eu\/en\/wp-json\/wp\/v2\/product_tag?post=5955"}],"curies":[{"name":"wp","href":"https:\/\/api.w.org\/{rel}","templated":true}]}}