{"id":5939,"date":"2021-03-14T02:33:30","date_gmt":"2021-03-14T00:33:30","guid":{"rendered":"https:\/\/sachviet.eu\/shop\/man-beo-chua-nong\/"},"modified":"2021-03-23T01:14:55","modified_gmt":"2021-03-22T23:14:55","slug":"man-beo-chua-nong","status":"publish","type":"product","link":"https:\/\/sachviet.eu\/en\/shop\/man-beo-chua-nong\/","title":{"rendered":"M\u1eb7n B\u00e9o Chua N\u00f3ng"},"content":{"rendered":"<p>M\u1ed9t cu\u1ed1n s\u00e1ch d\u1ea1y n\u1ea5u \u0103n m\u1edbi l\u1ea1, \u0111\u1ed9c \u0111\u00e1o v\u00e0 \u00fd ngh\u0129a, v\u1edbi h\u00e0ng ch\u1ee5c n\u0103m kinh nghi\u1ec7m n\u1ea5u \u0103n chuy\u00ean nghi\u1ec7p \u0111\u01b0\u1ee3c \u0111\u00fac k\u1ebft th\u00e0nh b\u1ed1n y\u1ebfu t\u1ed1 gi\u1ea3n \u0111\u01a1n, \u0111\u1ebfn t\u1eeb n\u1eef t\u00e1c gi\u1ea3 \u0111\u01b0\u1ee3c si\u00eau \u0111\u1ea7u b\u1ebfp Alice Waters m\u1ec7nh danh l\u00e0 &#8220;gi\u00e1o vi\u00ean d\u1ea1y n\u1ea5u \u0103n v\u0129 \u0111\u1ea1i c\u1ee7a n\u01b0\u1edbc M\u1ef9 trong t\u01b0\u01a1ng lai&#8221;.<\/p>\n<p>Trong m\u1ed9t th\u1ebf gi\u1edbi n\u01a1i hai ki\u1ec7t t\u00e1c n\u1ea5u \u0103n The Joy of Cooking v\u00e0 How to Cook Everything th\u1ed1ng tr\u1ecb, M\u1eb7n b\u00e9o chua n\u00f3ng \u0111\u1ed9t ng\u1ed9t xu\u1ea5t hi\u1ec7n, v\u1edbi c\u00e1ch ti\u1ebfp c\u1eadn ho\u00e0n to\u00e0n m\u1edbi \u0111\u1ebfn t\u1eeb m\u1ed9t ngh\u1ec7 nh\u00e2n \u1ea9m th\u1ef1c t\u00e0i hoa m\u1edbi. \u0110\u1ea7u b\u1ebfp ki\u00eam t\u00e1c gi\u1ea3 Samin Nosrat \u0111\u00e3 gi\u00fap \u0111\u1ee1 v\u00e0 gi\u1ea3ng d\u1ea1y nhi\u1ec1u ng\u01b0\u1eddi, t\u1eeb c\u00e1c \u0111\u1ea7u b\u1ebfp chuy\u00ean nghi\u1ec7p t\u1edbi h\u1ecdc sinh trung h\u1ecdc, t\u1edbi t\u00e1c gi\u1ea3 ki\u00eam nh\u00e0 b\u00e1o Michael Pollan tri\u1ebft l\u00fd \u1ea9m th\u1ef1c \u0111\u1ed9c \u0111\u00e1o nh\u01b0ng r\u1ea5t \u0111\u1ed7i gi\u1ea3n \u0111\u01a1n c\u1ee7a c\u00f4. Ch\u1ec9 c\u1ea7n n\u1eafm v\u1eefng ngh\u1ec7 thu\u1eadt v\u1eadn d\u1ee5ng b\u1ed1n y\u1ebfu t\u1ed1 \u0111\u01a1n gi\u1ea3n, bao g\u1ed3m Mu\u1ed1i, \u0111\u1ec3 t\u0103ng c\u01b0\u1eddng h\u01b0\u01a1ng v\u1ecb; ch\u1ea5t b\u00e9o, \u0111\u1ec3 truy\u1ec1n t\u1ea3i h\u01b0\u01a1ng v\u1ecb v\u00e0 h\u00ecnh th\u00e0nh k\u1ebft c\u1ea5u; ch\u1ea5t chua, \u0111\u1ec3 c\u00e2n b\u1eb1ng h\u01b0\u01a1ng v\u1ecb; v\u00e0 nhi\u1ec7t \u0111\u1ed9, \u0111\u1ec3 quy\u1ebft \u0111\u1ecbnh k\u1ebft c\u1ea5u cu\u1ed1i c\u00f9ng c\u1ee7a th\u1ee9c \u0103n &#8211; ch\u1ec9 c\u1ea7n nh\u01b0 th\u1ebf, th\u00ec b\u1ea5t c\u1ee9 m\u00f3n \u0103n n\u00e0o b\u1ea1n ch\u1ebf bi\u1ebfn c\u0169ng s\u1ebd tr\u1edf th\u00e0nh tuy\u1ec7t ph\u1ea9m. B\u1eb1ng c\u00e1ch di\u1ec5n \u0111\u1ea1t v\u00e0 l\u00fd gi\u1ea3i h\u1ebft s\u1ee9c t\u1ef1 nhi\u00ean v\u00e0 chi ti\u1ebft, M\u1eb7n b\u00e9o chua n\u00f3ng s\u1ebd h\u01b0\u1edbng d\u1eabn v\u00e0 truy\u1ec1n c\u1ea3m h\u1ee9ng cho m\u1ed9t th\u1ebf h\u1ec7 \u0111\u1ea7u b\u1ebfp m\u1edbi, \u0111\u1ec3 h\u1ecd c\u00f3 th\u1ec3 t\u1ef1 tin \u0111\u01b0a ra nhi\u1ec1u quy\u1ebft \u0111\u1ecbnh trong gian b\u1ebfp v\u00e0 n\u1ea5u \u0111\u01b0\u1ee3c nhi\u1ec1u m\u00f3n \u0103n ngon h\u01a1n, t\u1eeb b\u1ea5t c\u1ee9 nguy\u00ean li\u1ec7u n\u00e0o, t\u1ea1i b\u1ea5t c\u1ee9 \u0111\u00e2u v\u00e0 v\u00e0o b\u1ea5t c\u1ee9 l\u00fac n\u00e0o.<\/p>\n<p>Mang \u0111\u1eadm \u00e2m h\u01b0\u1edfng c\u1ee7a h\u00e0nh tr\u00ecnh chinh ph\u1ee5c \u1ea9m th\u1ef1c c\u1ee7a Samin Nosrat, t\u1eeb m\u1ed9t ng\u01b0\u1eddi nghi\u1ec7p d\u01b0 t\u1edbi \u0111\u1ea7u b\u1ebfp chuy\u00ean nghi\u1ec7p \u0111o\u1ea1t nhi\u1ec1u gi\u1ea3i th\u01b0\u1edfng, M\u1eb7n b\u00e9o chua n\u00f3ng s\u1ebd l\u1eadp t\u1ee9c thu h\u1eb9p kho\u1ea3ng c\u00e1ch gi\u1eefa c\u00e1c \u0111\u1ea7u b\u1ebfp t\u1ea1i gia v\u1edbi c\u00e1c \u0111\u1ea7u b\u1ebfp chuy\u00ean nghi\u1ec7p. B\u1eb1ng l\u1ed1i k\u1ec3 chuy\u1ec7n l\u00f4i cu\u1ed1n, h\u00ecnh v\u1ebd minh h\u1ecda \u0111\u1eb9p m\u1eaft xuy\u00ean su\u1ed1t, v\u00e0 ph\u01b0\u01a1ng ph\u00e1p di\u1ec5n gi\u1ea3i khoa h\u1ecdc \u1ea9m th\u1ef1c h\u1ebft s\u1ee9c d\u1ec5 hi\u1ec3u, Samin \u0111\u00e3 l\u00e0m s\u00e1ng t\u1ecf b\u1ed1n y\u1ebfu t\u1ed1 \u0111\u1ec3 n\u1ea5u \u0103n ngon cho t\u1ea5t c\u1ea3 m\u1ecdi ng\u01b0\u1eddi. Kh\u00f4ng ch\u1ec9 th\u1ebf, M\u1eb7n b\u00e9o chua n\u00f3ng c\u00f2n cung c\u1ea5p r\u1ea5t nhi\u1ec1u c\u00f4ng th\u1ee9c n\u1ea5u \u0103n c\u0103n b\u1ea3n &#8211; c\u00f9ng h\u00e0ng ch\u1ee5c bi\u1ebfn th\u1ec3 c\u1ee7a m\u1ed7i m\u00f3n &#8211; gi\u00fap \u0111\u1ed9c gi\u1ea3 d\u1ec5 d\u00e0ng th\u1ef1c h\u00e0nh \u0111\u1ec3 t\u1eeb \u0111\u00f3, b\u1ea1n c\u00f3 th\u1ec3 l\u00e0m \u0111\u01b0\u1ee3c m\u00f3n rau tr\u1ed9n d\u1ea7u gi\u1ea5m t\u01b0\u01a1i m\u00e1t v\u00e0 chu\u1ea9n v\u1ecb, m\u00f3n rau c\u1ee7 quay ho\u00e0n h\u1ea3o, m\u00f3n th\u1ecbt h\u1ea7m m\u1ec1m th\u01a1m, v\u00e0 b\u00e1nh ng\u1ecdt ng\u00e0n l\u1edbp b\u00f4ng x\u1ed1p, ngon l\u00e0nh.<\/p>\n<p>V\u1edbi 150 h\u00ecnh minh h\u1ecda, trong \u0111\u00f3 c\u00f3 b\u1ea3n \u0111\u1ed3 h\u01b0\u01a1ng v\u1ecb tr\u00ean to\u00e0n th\u1ebf gi\u1edbi r\u1ea5t \u0111\u1ed7i k\u1ef3 c\u00f4ng, do ch\u00ednh tay h\u1ecda s\u0129 n\u1ed5i ti\u1ebfng Wendy MacNaughton v\u1ebd, M\u1eb7n b\u00e9o chua n\u00f3ng s\u1ebd tr\u1edf th\u00e0nh kim ch\u1ec9 nam cho b\u1ea1n trong gian b\u1ebfp. L\u00e0 m\u1ed9t t\u00e1c ph\u1ea9m ti\u00eau bi\u1ec3u v\u00e0 kinh \u0111i\u1ec3n, M\u1eb7n b\u00e9o chua n\u00f3ng ch\u1eafc ch\u1eafn s\u1ebd tr\u1edf th\u00e0nh cu\u1ed1n s\u00e1ch d\u1ea1y n\u1ea5u \u0103n y\u00eau th\u00edch v\u00e0 quan tr\u1ecdng c\u1ee7a b\u1ea1n.<\/p>\n<p>+ Cu\u1ed1n s\u00e1ch b\u00e1n ch\u1ea1y nh\u1ea5t theo New York Times b\u00ecnh ch\u1ecdn;<\/p>\n<p>+ \u0110o\u1ea1t gi\u1ea3i James Beard Award n\u0103m 2018 t\u1ea1i h\u1ea1ng m\u1ee5c Cu\u1ed1n s\u00e1ch n\u1ea5u \u0103n xu\u1ea5t s\u1eafc nh\u1ea5t;<\/p>\n<p>+ \u0110o\u1ea1t gi\u1ea3i IACP Cookbook Awards thu\u1ed9c Hi\u1ec7p h\u1ed9i chuy\u00ean gia \u1ea9m th\u1ef1c qu\u1ed1c t\u1ebf;<\/p>\n<p>+ L\u00e0 m\u1ed9t trong nh\u1eefng cu\u1ed1n s\u00e1ch xu\u1ea5t s\u1eafc nh\u1ea5t n\u0103m 2017 theo NPR, BuzzFeed, The Atlantic, The Washington Post, Chicago Tribune, Rachel Ray Every Day, San Francisco Chronicle, Vice Munchies, Elle.com, Glamour, Eater, Newsday, Minneapolis Star Tribune, The Seattle Times, Tampa Bay Times, Tasting Table, Modern Farmer, Publishers Weekly&#8230; b\u00ecnh ch\u1ecdn;<\/p>\n<p>+ \u0110\u01b0\u1ee3c chuy\u1ec3n th\u1ec3 th\u00e0nh ch\u01b0\u01a1ng tr\u00ecnh d\u1ea1y n\u1ea5u \u0103n c\u00f9ng t\u00ean v\u00e0 \u0111\u01b0\u1ee3c tr\u00ecnh chi\u1ebfu tr\u00ean Netflix;<\/p>\n<p>+ N\u1eef h\u1ecda s\u0129 n\u1ed5i ti\u1ebfng Wendy MacNaughton v\u1ebd minh h\u1ecda;<\/p>\n<p>+ Nh\u00e0 v\u0103n ki\u00eam k\u00fd gi\u1ea3 n\u1ed5i ti\u1ebfng Michael Pollan vi\u1ebft l\u1eddi \u0111\u1ec1 t\u1eb7ng.<\/p>\n","protected":false},"excerpt":{"rendered":"<p>M\u1ed9t cu\u1ed1n s\u00e1ch d\u1ea1y n\u1ea5u \u0103n m\u1edbi l\u1ea1, \u0111\u1ed9c \u0111\u00e1o v\u00e0 \u00fd ngh\u0129a, v\u1edbi h\u00e0ng ch\u1ee5c n\u0103m kinh nghi\u1ec7m n\u1ea5u \u0103n chuy\u00ean nghi\u1ec7p \u0111\u01b0\u1ee3c \u0111\u00fac k\u1ebft th\u00e0nh b\u1ed1n y\u1ebfu t\u1ed1 gi\u1ea3n \u0111\u01a1n, \u0111\u1ebfn t\u1eeb n\u1eef t\u00e1c gi\u1ea3 \u0111\u01b0\u1ee3c si\u00eau \u0111\u1ea7u b\u1ebfp Alice Waters m\u1ec7nh danh l\u00e0 &#8220;gi\u00e1o vi\u00ean d\u1ea1y n\u1ea5u \u0103n v\u0129 \u0111\u1ea1i c\u1ee7a n\u01b0\u1edbc M\u1ef9 trong t\u01b0\u01a1ng lai&#8221;.<\/p>\n<p>Trong m\u1ed9t th\u1ebf gi\u1edbi n\u01a1i hai ki\u1ec7t t\u00e1c n\u1ea5u \u0103n The Joy of Cooking v\u00e0 How to Cook Everything th\u1ed1ng tr\u1ecb, M\u1eb7n b\u00e9o chua n\u00f3ng \u0111\u1ed9t ng\u1ed9t xu\u1ea5t hi\u1ec7n, v\u1edbi c\u00e1ch ti\u1ebfp c\u1eadn ho\u00e0n to\u00e0n m\u1edbi \u0111\u1ebfn t\u1eeb m\u1ed9t ngh\u1ec7 nh\u00e2n \u1ea9m th\u1ef1c t\u00e0i hoa m\u1edbi. \u0110\u1ea7u b\u1ebfp ki\u00eam t\u00e1c gi\u1ea3 Samin Nosrat \u0111\u00e3 gi\u00fap \u0111\u1ee1 v\u00e0 gi\u1ea3ng d\u1ea1y nhi\u1ec1u ng\u01b0\u1eddi, t\u1eeb c\u00e1c \u0111\u1ea7u b\u1ebfp chuy\u00ean nghi\u1ec7p t\u1edbi h\u1ecdc sinh trung h\u1ecdc, t\u1edbi t\u00e1c gi\u1ea3 ki\u00eam nh\u00e0 b\u00e1o Michael Pollan tri\u1ebft l\u00fd \u1ea9m th\u1ef1c \u0111\u1ed9c \u0111\u00e1o nh\u01b0ng r\u1ea5t \u0111\u1ed7i gi\u1ea3n \u0111\u01a1n c\u1ee7a c\u00f4. Ch\u1ec9 c\u1ea7n n\u1eafm v\u1eefng ngh\u1ec7 thu\u1eadt v\u1eadn d\u1ee5ng b\u1ed1n y\u1ebfu t\u1ed1 \u0111\u01a1n gi\u1ea3n, bao g\u1ed3m Mu\u1ed1i, \u0111\u1ec3 t\u0103ng c\u01b0\u1eddng h\u01b0\u01a1ng v\u1ecb; ch\u1ea5t b\u00e9o, \u0111\u1ec3 truy\u1ec1n t\u1ea3i h\u01b0\u01a1ng v\u1ecb v\u00e0 h\u00ecnh th\u00e0nh k\u1ebft c\u1ea5u; ch\u1ea5t chua, \u0111\u1ec3 c\u00e2n b\u1eb1ng h\u01b0\u01a1ng v\u1ecb; v\u00e0 nhi\u1ec7t \u0111\u1ed9, \u0111\u1ec3 quy\u1ebft \u0111\u1ecbnh k\u1ebft c\u1ea5u cu\u1ed1i c\u00f9ng c\u1ee7a th\u1ee9c \u0103n &#8211; ch\u1ec9 c\u1ea7n nh\u01b0 th\u1ebf, th\u00ec b\u1ea5t c\u1ee9 m\u00f3n \u0103n n\u00e0o b\u1ea1n ch\u1ebf bi\u1ebfn c\u0169ng s\u1ebd tr\u1edf th\u00e0nh tuy\u1ec7t ph\u1ea9m. B\u1eb1ng c\u00e1ch di\u1ec5n \u0111\u1ea1t v\u00e0 l\u00fd gi\u1ea3i h\u1ebft s\u1ee9c t\u1ef1 nhi\u00ean v\u00e0 chi ti\u1ebft, M\u1eb7n b\u00e9o chua n\u00f3ng s\u1ebd h\u01b0\u1edbng d\u1eabn v\u00e0 truy\u1ec1n c\u1ea3m h\u1ee9ng cho m\u1ed9t th\u1ebf h\u1ec7 \u0111\u1ea7u b\u1ebfp m\u1edbi, \u0111\u1ec3 h\u1ecd c\u00f3 th\u1ec3 t\u1ef1 tin \u0111\u01b0a ra nhi\u1ec1u quy\u1ebft \u0111\u1ecbnh trong gian b\u1ebfp v\u00e0 n\u1ea5u \u0111\u01b0\u1ee3c nhi\u1ec1u m\u00f3n \u0103n ngon h\u01a1n, t\u1eeb b\u1ea5t c\u1ee9 nguy\u00ean li\u1ec7u n\u00e0o, t\u1ea1i b\u1ea5t c\u1ee9 \u0111\u00e2u v\u00e0 v\u00e0o b\u1ea5t c\u1ee9 l\u00fac n\u00e0o.<\/p>\n","protected":false},"featured_media":5938,"template":"","meta":{"_acf_changed":false},"product_brand":[],"product_cat":[42],"product_tag":[],"class_list":{"0":"post-5939","1":"product","2":"type-product","3":"status-publish","4":"has-post-thumbnail","6":"product_cat-sach-nau-an-am-thuc","8":"first","9":"outofstock","10":"taxable","11":"shipping-taxable","12":"purchasable","13":"product-type-simple"},"supplier_id":null,"supplier_sku":"","barcode":null,"atum_controlled":true,"out_stock_date":"2021-03-14 00:53:05","out_stock_threshold":null,"inheritable":false,"inbound_stock":0,"stock_on_hold":0,"sold_today":0,"sales_last_days":0,"reserved_stock":0,"customer_returns":0,"warehouse_damage":0,"lost_in_post":0,"other_logs":0,"out_stock_days":1781,"lost_sales":0,"has_location":false,"update_date":"2026-01-28T23:10:39","atum_locations":[],"atum_stock_status":"outofstock","restock_status":false,"low_stock_amount":"","sales_update_date":"2026-01-28T23:10:39","calc_backorders":null,"acf":{"publisher":{"ID":1472,"post_author":"1","post_date":"2021-02-17 01:12:50","post_date_gmt":"2021-02-16 23:12:50","post_content":"","post_title":"Huy Ho\u00e0ng Bookstore","post_excerpt":"","post_status":"publish","comment_status":"closed","ping_status":"closed","post_password":"","post_name":"huy-hoang-bookstore","to_ping":"","pinged":"","post_modified":"2021-02-17 01:12:50","post_modified_gmt":"2021-02-16 23:12:50","post_content_filtered":"","post_parent":0,"guid":"https:\/\/sachviet.eu\/nha-phat-hanh\/huy-hoang-bookstore\/","menu_order":0,"post_type":"publisher","post_mime_type":"","comment_count":"0","filter":"raw"}},"_links":{"self":[{"href":"https:\/\/sachviet.eu\/en\/wp-json\/wp\/v2\/product\/5939","targetHints":{"allow":["GET"]}}],"collection":[{"href":"https:\/\/sachviet.eu\/en\/wp-json\/wp\/v2\/product"}],"about":[{"href":"https:\/\/sachviet.eu\/en\/wp-json\/wp\/v2\/types\/product"}],"wp:featuredmedia":[{"embeddable":true,"href":"https:\/\/sachviet.eu\/en\/wp-json\/wp\/v2\/media\/5938"}],"wp:attachment":[{"href":"https:\/\/sachviet.eu\/en\/wp-json\/wp\/v2\/media?parent=5939"}],"wp:term":[{"taxonomy":"product_brand","embeddable":true,"href":"https:\/\/sachviet.eu\/en\/wp-json\/wp\/v2\/product_brand?post=5939"},{"taxonomy":"product_cat","embeddable":true,"href":"https:\/\/sachviet.eu\/en\/wp-json\/wp\/v2\/product_cat?post=5939"},{"taxonomy":"product_tag","embeddable":true,"href":"https:\/\/sachviet.eu\/en\/wp-json\/wp\/v2\/product_tag?post=5939"}],"curies":[{"name":"wp","href":"https:\/\/api.w.org\/{rel}","templated":true}]}}