{"id":5926,"date":"2021-03-14T02:32:19","date_gmt":"2021-03-14T00:32:19","guid":{"rendered":"https:\/\/sachviet.eu\/shop\/nhat-ky-hoc-lam-banh-tai-ban-2018\/"},"modified":"2021-03-23T01:14:54","modified_gmt":"2021-03-22T23:14:54","slug":"nhat-ky-hoc-lam-banh-tai-ban-2018","status":"publish","type":"product","link":"https:\/\/sachviet.eu\/en\/shop\/nhat-ky-hoc-lam-banh-tai-ban-2018\/","title":{"rendered":"Nh\u1eadt K\u00fd H\u1ecdc L\u00e0m B\u00e1nh (T\u00e1i B\u1ea3n 2018)"},"content":{"rendered":"<p>\u0110\u01b0\u01a1\u0323c tr\u00f4ng \u0111\u01a1\u0323i ngay t\u01b0\u0300 khi co\u0300n la\u0300 ba\u0309n tha\u0309o, cu\u00f4\u0301n sa\u0301ch Nh\u00e2\u0323t ky\u0301 ho\u0323c la\u0300m ba\u0301nh cu\u0309a Linh Trang, chu\u0309 c\u0103n b\u00ea\u0301p a\u0309o n\u00f4\u0309i ti\u00ea\u0301ng Savourydays.com, \u0111a\u0303 ch\u01b0\u0301ng to\u0309 s\u01b0\u0301c no\u0301ng cu\u0309a mi\u0300nh khi \u0111\u01b0\u01a1\u0323c \u0111\u00f4\u0323c gia\u0309 \u0111\u0103\u0323t h\u00ea\u0301t veo 2000 ba\u0309n trong vo\u0300ng 12 gi\u01a1\u0300 \u0111\u00f4\u0300ng h\u00f4\u0300 ngay t\u01b0\u0300 khi sa\u0301ch co\u0300n \u0111ang trong nha\u0300 in.<\/p>\n<p>Nh\u1eadt k\u00ed h\u1ecdc l\u00e0m b\u00e1nh kh\u00f4ng ch\u1ec9 \u0111\u01a1n thu\u1ea7n l\u00e0 m\u1ed9t t\u00e2\u0323p h\u01a1\u0323p ca\u0301c c\u00f4ng th\u01b0\u0301c ba\u0301nh tra\u0301i. N\u00f3 tr\u01b0\u1edbc h\u1ebft l\u00e0 m\u1ed9t quy\u1ec3n nh\u1eadt k\u00ed v\u1ec1 ch\u1eb7ng \u0111\u01b0\u1eddng t\u1ef1 v\u1eadt l\u1ed9n v\u1edbi b\u1ed9t, b\u01a1, \u0111\u01b0\u1eddng, tr\u1ee9ng, s\u1eefa c\u1ee7a m\u1ed9t c\u00f4 n\u00e0ng kh\u00f4ng c\u00f3 nhi\u1ec1u kinh nghi\u1ec7m b\u1ebfp n\u00fac v\u00e0 ho\u00e0n to\u00e0n ch\u1eb3ng c\u00f3 hoa tay n\u00e0o c\u1ea3.<\/p>\n<p>Trong ch\u1eb7ng \u0111\u01b0\u1eddng h\u1ecdc l\u00e0m b\u00e1nh g\u1eadp gh\u1ec1nh, nhi\u00ea\u0300u th\u00e2\u0301t ba\u0323i, c\u00f4 n\u00e0ng \u1ea5y lu\u00f4n th\u1ea7m mong c\u00f3 m\u1ed9t cu\u1ed1n s\u00e1ch ch\u1ec9 d\u1eabn t\u1ec9 m\u1ec9 h\u01a1n cho nh\u1eefng ng\u01b0\u1eddi m\u1edbi b\u1eaft \u0111\u1ea7u nh\u01b0 m\u00ecnh. C\u00f4ng th\u1ee9c r\u1ea5t d\u1ec5 t\u00ecm, nh\u01b0ng b\u1eaft tay v\u00e0o l\u00e0m, c\u00f4 m\u1edbi nh\u1eadn ra r\u1eb1ng v\u1edbi k\u1ebb c\u00f2n b\u1ee1 ng\u1ee1, ch\u00fang s\u01a1 s\u00e0i l\u00e0m sao. V\u1eady n\u00ean, v\u1eeba m\u00e0y m\u00f2 h\u1ecdc h\u1ecfi, Linh Trang v\u1eeba so\u1ea1n lu\u00f4n cu\u1ed1n s\u00e1ch m\u00ecnh h\u1eb1ng m\u01a1 \u01b0\u1edbc, cho nh\u1eefng ng\u01b0\u1eddi m\u1edbi sau n\u00e0y, v\u01a1\u0301i hy vo\u0323ng cu\u00f4\u0301n sa\u0301ch \u00e2\u0301y s\u1ebd gi\u00fap ch\u1eb7ng \u0111\u01b0\u1eddng c\u1ee7a nh\u01b0\u0303ng ng\u01b0\u01a1\u0300i ba\u0323n trong b\u00ea\u0301p ba\u0301nh su\u00f4n s\u1ebb h\u01a1n.<\/p>\n<p>B\u1edfi v\u00ec \u0111\u00e2y la\u0300 l\u00e0 m\u1ed9t quy\u1ec3n nh\u1eadt k\u00ed, n\u00ean r\u1ea5t nhi\u1ec1u c\u00f4-g\u00e1i-y\u00eau-b\u00e1nh kh\u00e1c c\u00f3 th\u1ec3 s\u1ebd t\u00ecm th\u1ea5y m\u00ecnh trong m\u1ed9t trang s\u00e1ch n\u00e0o \u0111\u00f3, khi v\u1ee5ng v\u1ec1 c\u1ea7m chi\u1ebfc ph\u1edbi tr\u1ed9n nh\u1eefng nh\u00e1t \u0111\u1ea7u ti\u00ean, khi h\u1ed3i h\u1ed9p ng\u1ed3i ch\u1edd chi\u1ebfc b\u00e1nh n\u1edf ph\u1ed3ng l\u00ean trong l\u00f2 n\u01b0\u1edbng, khi h\u00e1o h\u1ee9c ph\u1ebft t\u1eebng mi\u1ebfng kem tr\u1eafng mu\u1ed1t, r\u1eafc nh\u1eefng b\u00f4ng k\u1eb9o \u0111\u01b0\u1eddng \u0111\u1ee7 m\u00e0u li ti, nh\u00ecn chi\u1ebfc b\u00e1nh xinh x\u1eafn d\u00e2\u0300n th\u00e0nh hi\u0300nh, v\u00e0 c\u1ea3 khi th\u1ea5t v\u1ecdng \u0111\u1ebfn ph\u00e1t kh\u00f3c b\u1edfi bao nhi\u00eau c\u00f4ng s\u1ee9c c\u1ee7a m\u00ecnh \u0111\u00e3 bi\u1ebfn th\u00e0nh m\u1ed9t th\u1ee9 g\u00ec \u0111\u00f3 ch\u1ec9 c\u00f3 th\u1ec3 t\u1eb7ng cho th\u00f9ng r\u00e1c.<\/p>\n<p>Cu\u0303ng b\u1edfi n\u00f3 l\u00e0 m\u1ed9t quy\u1ec3n nh\u1eadt k\u00ed, l\u1ea1i \u0111\u01b0\u1ee3c vi\u1ebft b\u1edfi m\u1ed9t ng\u01b0\u1eddi l\u00e0m khoa h\u1ecdc v\u00e0 h\u01a1i c\u1ea7u to\u00e0n, n\u00ean \u0111\u00f4i ch\u1ed7 ph\u1ea7n ghi ch\u00e9p c\u00f3 th\u1ec3 h\u01a1i qu\u00e1 t\u1ec9 m\u1ec9, v\u00e0 c\u00e1c \u0111\u00f2i h\u1ecfi th\u00ec th\u1eadt kh\u1eaft khe. Nh\u01b0ng \u0111\u00f3 l\u00e0 nh\u1eefng kinh nghi\u1ec7m th\u1eadt, b\u00e0i h\u1ecdc th\u1eadt m\u00e0 ng\u01b0\u1eddi vi\u1ebft \u0111\u00e3 thu \u0111\u01b0\u1ee3c t\u1eeb nh\u1eefng kh\u00f3 kh\u0103n v\u00e0 th\u1ea5t b\u1ea1i c\u1ee7a ch\u00ednh b\u1ea3n th\u00e2n m\u00ecnh tr\u00ean ch\u1eb7ng \u0111\u01b0\u1eddng t\u1ef1 m\u00e0y m\u00f2 l\u00e0m quen v\u00e0 chinh ph\u1ee5c b\u00e1nh tr\u00e1i. Hy v\u1ecdng r\u1eb1ng nh\u1eefng b\u00e0i h\u1ecdc, nh\u1eefng c\u00f4ng th\u1ee9c, v\u00e0 nh\u1eefng b\u1ee9c \u1ea3nh ch\u1ee5p s\u1ea3n ph\u1ea9m \u0111\u01b0\u1ee3c t\u1ea1o ra t\u1eeb ch\u00ednh l\u00f2 n\u01b0\u1edbng c\u1ee7a t\u00e1c gi\u1ea3 s\u1ebd trao th\u00eam c\u1ea3m h\u1ee9ng cho nh\u1eefng ai c\u00f2n ng\u1ea1i ng\u1ea7n hay lo l\u1eafng. B\u1edfi nh\u1eefng chi\u1ebfc b\u00e1nh xinh \u0111e\u0323p va\u0300o ngo\u0323t nga\u0300o \u0111\u01b0\u1ee3c t\u1ea1o n\u00ean b\u1edfi 10 ph\u1ea7n tr\u0103m kh\u00e9o l\u00e9o th\u00eam 90 ph\u1ea7n tr\u0103m quy\u1ebft t\u00e2m, ki\u00ean tr\u00ec v\u00e0 h\u01a1n h\u1ebft tha\u0309y la\u0300 khao kha\u0301t t\u1ef1 tay l\u00e0m ra ch\u00fang.<\/p>\n<p>S\u00e1ch g\u1ed3m 7 ch\u01b0\u01a1ng v\u1edbi g\u1ea7n 40 c\u00f4ng th\u1ee9c b\u00e1nh c\u01a1 b\u1ea3n c\u00f3 h\u00ecnh minh h\u1ecda, bao qua\u0301t 6 do\u0300ng ba\u0301nh l\u01a1\u0301n va\u0300 m\u00f4\u0323t ch\u01b0\u01a1ng ri\u00eang v\u00ea\u0300 Gia\u0301ng sinh. M\u1ed7i ch\u01b0\u01a1ng \u0111\u01b0\u1ee3c m\u1edf \u0111\u1ea7u v\u1edbi m\u1ed9t ph\u1ea7n Nh\u1eadt k\u00ed, ghi l\u1ea1i tr\u1ea3i nghi\u1ec7m c\u1ee7a t\u00e1c gi\u1ea3 trong qu\u00e1 tr\u00ecnh t\u1ef1 m\u00e0y m\u00f2 h\u1ecdc l\u00e0m b\u00e1nh v\u00e0 nh\u1eefng c\u00e2u chuy\u1ec7n nh\u1ecf kh\u00e1c v\u1ec1 cu\u1ed9c s\u1ed1ng c\u1ee7a m\u1ed9t nghi\u00ean c\u1ee9u sinh xa nh\u00e0. Ti\u1ebfp n\u1ed1i b\u1eb1ng c\u00e1c ki\u1ebfn th\u1ee9c v\u1ec1 ph\u01b0\u01a1ng ph\u00e1p l\u00e0m b\u00e1nh c\u01a1 b\u1ea3n, b\u00ed quy\u1ebft th\u00e0nh c\u00f4ng v\u00e0 c\u00e1c c\u00f4ng th\u1ee9c v\u1edbi r\u1ea5t nhi\u1ec1u bi\u1ebfn t\u1ea5u.<\/p>\n<p>\u201cT\u00f4i th\u01b0\u1eddng ngh\u0129 b\u00e1nh ng\u1ecdt c\u0169ng gi\u1ed1ng nh\u01b0 t\u00ecnh y\u00eau. Xinh \u0111\u1eb9p tr\u01b0\u1edbc m\u1eaft, ng\u1ecdt ng\u00e0o n\u01a1i \u0111\u1ea7u l\u01b0\u1ee1i, m\u1ec1m m\u1ecbn trong tay, \u0111\u00e3 th\u01b0\u1edfng th\u1ee9c \u0111\u01b0\u1ee3c h\u1ebft ngon ng\u1ecdt c\u1ee7a n\u00f3 r\u1ed3i th\u00ec kh\u00f3 l\u00f2ng m\u00e0 d\u1eebng l\u1ea1i.\u201d (Linh Trang)<\/p>\n","protected":false},"excerpt":{"rendered":"<p>\u0110\u01b0\u01a1\u0323c tr\u00f4ng \u0111\u01a1\u0323i ngay t\u01b0\u0300 khi co\u0300n la\u0300 ba\u0309n tha\u0309o, cu\u00f4\u0301n sa\u0301ch Nh\u00e2\u0323t ky\u0301 ho\u0323c la\u0300m ba\u0301nh cu\u0309a Linh Trang, chu\u0309 c\u0103n b\u00ea\u0301p a\u0309o n\u00f4\u0309i ti\u00ea\u0301ng Savourydays.com, \u0111a\u0303 ch\u01b0\u0301ng to\u0309 s\u01b0\u0301c no\u0301ng cu\u0309a mi\u0300nh khi \u0111\u01b0\u01a1\u0323c \u0111\u00f4\u0323c gia\u0309 \u0111\u0103\u0323t h\u00ea\u0301t veo 2000 ba\u0309n trong vo\u0300ng 12 gi\u01a1\u0300 \u0111\u00f4\u0300ng h\u00f4\u0300 ngay t\u01b0\u0300 khi sa\u0301ch co\u0300n \u0111ang trong nha\u0300 in.<\/p>\n<p>Nh\u1eadt k\u00ed h\u1ecdc l\u00e0m b\u00e1nh kh\u00f4ng ch\u1ec9 \u0111\u01a1n thu\u1ea7n l\u00e0 m\u1ed9t t\u00e2\u0323p h\u01a1\u0323p ca\u0301c c\u00f4ng th\u01b0\u0301c ba\u0301nh tra\u0301i. N\u00f3 tr\u01b0\u1edbc h\u1ebft l\u00e0 m\u1ed9t quy\u1ec3n nh\u1eadt k\u00ed v\u1ec1 ch\u1eb7ng \u0111\u01b0\u1eddng t\u1ef1 v\u1eadt l\u1ed9n v\u1edbi b\u1ed9t, b\u01a1, \u0111\u01b0\u1eddng, tr\u1ee9ng, s\u1eefa c\u1ee7a m\u1ed9t c\u00f4 n\u00e0ng kh\u00f4ng c\u00f3 nhi\u1ec1u kinh nghi\u1ec7m b\u1ebfp n\u00fac v\u00e0 ho\u00e0n to\u00e0n ch\u1eb3ng c\u00f3 hoa tay n\u00e0o c\u1ea3.<\/p>\n<p>Trong ch\u1eb7ng \u0111\u01b0\u1eddng h\u1ecdc l\u00e0m b\u00e1nh g\u1eadp gh\u1ec1nh, nhi\u00ea\u0300u th\u00e2\u0301t ba\u0323i, c\u00f4 n\u00e0ng \u1ea5y lu\u00f4n th\u1ea7m mong c\u00f3 m\u1ed9t cu\u1ed1n s\u00e1ch ch\u1ec9 d\u1eabn t\u1ec9 m\u1ec9 h\u01a1n cho nh\u1eefng ng\u01b0\u1eddi m\u1edbi b\u1eaft \u0111\u1ea7u nh\u01b0 m\u00ecnh. C\u00f4ng th\u1ee9c r\u1ea5t d\u1ec5 t\u00ecm, nh\u01b0ng b\u1eaft tay v\u00e0o l\u00e0m, c\u00f4 m\u1edbi nh\u1eadn ra r\u1eb1ng v\u1edbi k\u1ebb c\u00f2n b\u1ee1 ng\u1ee1, ch\u00fang s\u01a1 s\u00e0i l\u00e0m sao. V\u1eady n\u00ean, v\u1eeba m\u00e0y m\u00f2 h\u1ecdc h\u1ecfi, Linh Trang v\u1eeba so\u1ea1n lu\u00f4n cu\u1ed1n s\u00e1ch m\u00ecnh h\u1eb1ng m\u01a1 \u01b0\u1edbc, cho nh\u1eefng ng\u01b0\u1eddi m\u1edbi sau n\u00e0y, v\u01a1\u0301i hy vo\u0323ng cu\u00f4\u0301n sa\u0301ch \u00e2\u0301y s\u1ebd gi\u00fap ch\u1eb7ng \u0111\u01b0\u1eddng c\u1ee7a nh\u01b0\u0303ng ng\u01b0\u01a1\u0300i ba\u0323n trong b\u00ea\u0301p ba\u0301nh su\u00f4n s\u1ebb h\u01a1n.<\/p>\n<p>B\u1edfi v\u00ec \u0111\u00e2y la\u0300 l\u00e0 m\u1ed9t quy\u1ec3n nh\u1eadt k\u00ed, n\u00ean r\u1ea5t nhi\u1ec1u c\u00f4-g\u00e1i-y\u00eau-b\u00e1nh kh\u00e1c c\u00f3 th\u1ec3 s\u1ebd t\u00ecm th\u1ea5y m\u00ecnh trong m\u1ed9t trang s\u00e1ch n\u00e0o \u0111\u00f3, khi v\u1ee5ng v\u1ec1 c\u1ea7m chi\u1ebfc ph\u1edbi tr\u1ed9n nh\u1eefng nh\u00e1t \u0111\u1ea7u ti\u00ean, khi h\u1ed3i h\u1ed9p ng\u1ed3i ch\u1edd chi\u1ebfc b\u00e1nh n\u1edf ph\u1ed3ng l\u00ean trong l\u00f2 n\u01b0\u1edbng, khi h\u00e1o h\u1ee9c ph\u1ebft t\u1eebng mi\u1ebfng kem tr\u1eafng mu\u1ed1t, r\u1eafc nh\u1eefng b\u00f4ng k\u1eb9o \u0111\u01b0\u1eddng \u0111\u1ee7 m\u00e0u li ti, nh\u00ecn chi\u1ebfc b\u00e1nh xinh x\u1eafn d\u00e2\u0300n th\u00e0nh hi\u0300nh, v\u00e0 c\u1ea3 khi th\u1ea5t v\u1ecdng \u0111\u1ebfn ph\u00e1t kh\u00f3c b\u1edfi bao nhi\u00eau c\u00f4ng s\u1ee9c c\u1ee7a m\u00ecnh \u0111\u00e3 bi\u1ebfn th\u00e0nh m\u1ed9t th\u1ee9 g\u00ec \u0111\u00f3 ch\u1ec9 c\u00f3 th\u1ec3 t\u1eb7ng cho th\u00f9ng r\u00e1c.<\/p>\n","protected":false},"featured_media":5916,"template":"","meta":{"_acf_changed":false},"product_brand":[],"product_cat":[42],"product_tag":[],"class_list":{"0":"post-5926","1":"product","2":"type-product","3":"status-publish","4":"has-post-thumbnail","6":"product_cat-sach-nau-an-am-thuc","8":"first","9":"outofstock","10":"taxable","11":"shipping-taxable","12":"purchasable","13":"product-type-simple"},"supplier_id":null,"supplier_sku":"","barcode":null,"atum_controlled":true,"out_stock_date":"2021-03-14 00:53:06","out_stock_threshold":null,"inheritable":false,"inbound_stock":0,"stock_on_hold":0,"sold_today":0,"sales_last_days":0,"reserved_stock":0,"customer_returns":0,"warehouse_damage":0,"lost_in_post":0,"other_logs":0,"out_stock_days":1781,"lost_sales":0,"has_location":false,"update_date":"2026-01-28T23:10:38","atum_locations":[],"atum_stock_status":"outofstock","restock_status":false,"low_stock_amount":"","sales_update_date":"2026-01-28T23:10:38","calc_backorders":null,"acf":{"publisher":{"ID":1424,"post_author":"1","post_date":"2021-02-17 00:02:29","post_date_gmt":"2021-02-16 22:02:29","post_content":"<!-- wp:flatsome\/uxbuilder -->\n<h1 style=\"text-align: center\"><strong>Nh\u00e3 Nam<\/strong><\/h1>\n[row]\n\n[col span=\"6\" span__sm=\"12\"]\n\n[ux_image id=\"1438\" image_size=\"medium\"]\n\n\n[\/col]\n[col span=\"6\" span__sm=\"12\"]\n\n<p><strong>C\u00f4ng ty c\u1ed5 ph\u1ea7n V\u0103n h\u00f3a v\u00e0 Truy\u1ec1n th\u00f4ng Nh\u00e3 Nam<\/strong><\/p>\n<p>Th\u00e1ng 2 n\u0103m 2005, Nh\u00e3 Nam, t\u00ean \u0111\u1ea7y \u0111\u1ee7 l\u00e0 C\u00f4ng ty C\u1ed5 ph\u1ea7n V\u0103n h\u00f3a v\u00e0 Truy\u1ec1n th\u00f4ng Nh\u00e3 Nam \u0111\u00e3 gia nh\u1eadp th\u1ecb tr\u01b0\u1eddng s\u00e1ch. T\u00e1c ph\u1ea9m \"Balzac v\u00e0 c\u00f4 b\u00e9 th\u1ee3 may Trung hoa\" c\u1ee7a \u0110\u1edbi T\u01b0 Ki\u1ec7t l\u00e0 cu\u1ed1n s\u00e1ch \u0111\u1ea7u ti\u00ean \u0111\u01b0\u1ee3c nh\u1eefng ng\u01b0\u1eddi s\u00e1ng l\u1eadp Nh\u00e3 Nam xu\u1ea5t b\u1ea3n c\u1ea3 tr\u01b0\u1edbc khi c\u00f4ng ty ra \u0111\u1eddi. Ngay l\u1eadp t\u1ee9c t\u1eeb cu\u1ed1n s\u00e1ch \u0111\u1ea7u ti\u00ean, \u0111\u1ed9c gi\u1ea3 \u0111\u00e3 d\u00e0nh s\u1ef1 quan t\u00e2m v\u00e0 y\u00eau m\u1ebfn cho m\u1ed9t th\u01b0\u01a1ng hi\u1ec7u s\u00e1ch m\u1edbi m\u1ebb mang trong m\u00ecnh kh\u00e1t v\u1ecdng g\u00f3p ph\u1ea7n t\u1ea1o l\u1eadp di\u1ec7n m\u1ea1o m\u1edbi cho xu\u1ea5t b\u1ea3n v\u0103n h\u1ecdc t\u1ea1i Vi\u1ec7t Nam.<\/p>\n<p>L\u00f2ng say m\u00ea c\u1ee7a \u0111\u1ed9i ng\u0169 l\u00e0 vi\u00ean \u0111\u00e1 \u0111\u1ea7u ti\u00ean. Tr\u1ea3i qua m\u1ea5y n\u0103m ph\u00e1t tri\u1ec3n, Nh\u00e3 Nam \u0111\u00e3 \u0111\u01b0\u1ee3c x\u00e2y d\u1ef1ng d\u1ea7n l\u00ean trong di\u1ec7n m\u1ea1o m\u1ed9t nh\u00e0 xu\u1ea5t b\u1ea3n v\u1eefng ch\u00e3i v\u00e0 chuy\u00ean nghi\u1ec7p. S\u00e1u th\u00e1ng sau khi th\u00e0nh l\u1eadp c\u00f4ng ty, Nh\u1eadt k\u00fd \u0110\u1eb7ng Th\u00f9y Tr\u00e2m ra \u0111\u1eddi, t\u1ea1o n\u00ean m\u1ed9t c\u01a1n s\u1ed1t trong x\u00e3 h\u1ed9i, v\u1edbi g\u1ea7n 500,000 b\u1ea3n s\u00e1ch \u0111\u01b0\u1ee3c ph\u00e1t h\u00e0nh, ph\u00e1 m\u1ecdi k\u1ef7 l\u1ee5c v\u1ec1 xu\u1ea5t b\u1ea3n tr\u01b0\u1edbc \u0111\u00f3, k\u00e9o theo m\u1ed9t lo\u1ea1t nh\u1eefng hi\u1ec7u \u1ee9ng x\u00e3 h\u1ed9i v\u00e0 d\u01b0 lu\u1eadn c\u00f3 \u00fd ngh\u0129a. T\u1eeb \u0111\u00f3 tr\u1edf \u0111i, th\u00f4ng qua Nh\u00e3 Nam, c\u00e1c cu\u1ed1n s\u00e1ch v\u0103n h\u1ecdc n\u01b0\u1edbc ngo\u00e0i c\u00f3 gi\u00e1 tr\u1ecb \u0111\u01b0\u1ee3c li\u00ean t\u1ee5c mua b\u1ea3n quy\u1ec1n v\u00e0 xu\u1ea5t b\u1ea3n t\u1ea1i Vi\u1ec7t Nam, thu h\u00fat nhi\u1ec1u t\u1ea7ng l\u1edbp \u0111\u1ed9c gi\u1ea3. S\u00e1ch c\u1ee7a Nh\u00e3 Nam n\u1ed5i b\u1eadt b\u1edfi n\u1ed9i dung v\u0103n h\u1ecdc tinh t\u1ebf, b\u1edfi v\u1ebb \u0111\u1eb9p c\u1ee7a thi\u1ebft k\u1ebf hi\u1ec7n \u0111\u1ea1i \u1edf h\u00ecnh th\u1ee9c, b\u1edfi s\u1ef1 ch\u0103m ch\u00fat k\u1ef9 l\u01b0\u1ee1ng cho m\u1ed7i cu\u1ed1n s\u00e1ch nh\u01b0 m\u1ed9t con thuy\u1ec1n mang t\u1edbi ni\u1ec1m vui, tri th\u1ee9c, ng\u1ea1c nhi\u00ean, v\u00e0 \u0111\u1ed3ng c\u1ea3m.<\/p>\n\n[\/col]\n\n[\/row]\n<p style=\"text-align: left\">Hi\u1ec3u th\u1eddi \u0111\u1ea1i \u0111ang s\u1ed1ng th\u00f4ng qua s\u00e1ch, song h\u00e0nh v\u1edbi nh\u1eefng bi\u1ebfn chuy\u1ec3n s\u00e2u s\u1eafc trong l\u00f2ng x\u00e3 h\u1ed9i b\u1eb1ng nh\u1eefng ho\u1ea1t \u0111\u1ed9ng xu\u1ea5t b\u1ea3n mi\u1ec7t m\u00e0i v\u00e0 qu\u1ea3 c\u1ea3m, con \u0111\u01b0\u1eddng Nh\u00e3 Nam \u0111\u00e3 ch\u1ecdn \u0111\u1ec3 \u0111i s\u1ebd c\u00f2n d\u00e0i. Nhi\u1ec1u kh\u00f3 kh\u0103n, th\u1eed th\u00e1ch \u0111ang \u1edf ph\u00eda tr\u01b0\u1edbc. B\u01b0\u1edbc qua th\u1eddi k\u1ef3 s\u01a1 khai v\u1edbi nh\u1eefng b\u00e0i h\u1ecdc v\u00e0 nh\u1eefng kinh nghi\u1ec7m \u0111\u1ea7u ti\u00ean, Nh\u00e3 Nam gi\u1edd \u0111\u00e3 s\u1eb5n s\u00e0ng cho m\u1ed9t ch\u1eb7ng \u0111\u01b0\u1eddng ph\u00e1t tri\u1ec3n m\u1edbi. V\u00e0 ch\u00fang t\u00f4i mu\u1ed1n ho\u00e0n thi\u1ec7n m\u00ecnh trong s\u1ef1 c\u1ea7u th\u1ecb v\u00e0 c\u1ea9n tr\u1ecdng. T\u1ea5t c\u1ea3 v\u00ec m\u1ed9t gia s\u1ea3n s\u00e1ch to l\u1edbn, c\u00f3 s\u1ee9c s\u1ed1ng d\u00e0i l\u00e2u, c\u00f3 \u00fd ngh\u0129a v\u1edbi nhi\u1ec1u th\u1ebf h\u1ec7 b\u1ea1n \u0111\u1ecdc.<br \/>B\u1edfi v\u00ec s\u00e1ch l\u00e0 th\u1ebf gi\u1edbi.<\/p>\n<p><strong>\u0110\u00e2y l\u00e0 m\u1ed9t nh\u00e0 ph\u00e1t h\u00e0nh s\u00e1ch m\u00e0 SACHVIET.EU r\u1ea5t y\u00eau th\u00edch v\u00e0 tin t\u01b0\u1edfng. Nh\u00ecn \u0111\u01b0\u1ee3c t\u1ea7m \u1ea3nh h\u01b0\u1edfng c\u1ee7a Nh\u00e3 Nam qua t\u1eebng cu\u1ed1n s\u00e1ch, SACHVIET.EU li\u00ean h\u1ec7 h\u1ee3p t\u00e1c ngay v\u1edbi Nh\u00e3 Nam \u0111\u1ec3 \u0111em to\u00e0n b\u1ed9 nh\u1eefng t\u00e1c ph\u1ea9m m\u1edbi, hay nh\u1ea5t m\u00e0 Nh\u00e3 Nam c\u00f3 sang Ch\u00e2u \u00c2u, \u0111\u01b0a \u0111\u1ebfn cho \u0111\u1ed9c gi\u1ea3 c\u00f3 nhi\u1ec1u s\u1ef1 l\u1ef1a ch\u1ecdn phong ph\u00fa h\u01a1n c\u1ea3 s\u00e1ch cho tr\u1ebb em l\u1eabn ng\u01b0\u1eddi l\u1edbn.\u00a0<\/strong><\/p>\n\n<!-- \/wp:flatsome\/uxbuilder -->","post_title":"Nh\u00e3 Nam","post_excerpt":"","post_status":"publish","comment_status":"closed","ping_status":"closed","post_password":"","post_name":"nha-nam","to_ping":"","pinged":"","post_modified":"2022-12-19 23:15:33","post_modified_gmt":"2022-12-19 21:15:33","post_content_filtered":"","post_parent":0,"guid":"https:\/\/sachviet.eu\/?post_type=publisher&#038;p=1424","menu_order":0,"post_type":"publisher","post_mime_type":"","comment_count":"0","filter":"raw"}},"_links":{"self":[{"href":"https:\/\/sachviet.eu\/en\/wp-json\/wp\/v2\/product\/5926","targetHints":{"allow":["GET"]}}],"collection":[{"href":"https:\/\/sachviet.eu\/en\/wp-json\/wp\/v2\/product"}],"about":[{"href":"https:\/\/sachviet.eu\/en\/wp-json\/wp\/v2\/types\/product"}],"wp:featuredmedia":[{"embeddable":true,"href":"https:\/\/sachviet.eu\/en\/wp-json\/wp\/v2\/media\/5916"}],"wp:attachment":[{"href":"https:\/\/sachviet.eu\/en\/wp-json\/wp\/v2\/media?parent=5926"}],"wp:term":[{"taxonomy":"product_brand","embeddable":true,"href":"https:\/\/sachviet.eu\/en\/wp-json\/wp\/v2\/product_brand?post=5926"},{"taxonomy":"product_cat","embeddable":true,"href":"https:\/\/sachviet.eu\/en\/wp-json\/wp\/v2\/product_cat?post=5926"},{"taxonomy":"product_tag","embeddable":true,"href":"https:\/\/sachviet.eu\/en\/wp-json\/wp\/v2\/product_tag?post=5926"}],"curies":[{"name":"wp","href":"https:\/\/api.w.org\/{rel}","templated":true}]}}