{"id":5875,"date":"2021-03-14T02:29:19","date_gmt":"2021-03-14T00:29:19","guid":{"rendered":"https:\/\/sachviet.eu\/shop\/chuyen-phieu-luu-cua-mit-dac-va-cac-ban-bia-cung-tai-ban-2019\/"},"modified":"2025-01-02T00:16:29","modified_gmt":"2025-01-01T22:16:29","slug":"chuyen-phieu-luu-cua-mit-dac-va-cac-ban-bia-cung-tai-ban-2019","status":"publish","type":"product","link":"https:\/\/sachviet.eu\/en\/shop\/chuyen-phieu-luu-cua-mit-dac-va-cac-ban-bia-cung-tai-ban-2019\/","title":{"rendered":"Chuy\u1ec7n Phi\u00eau L\u01b0u C\u1ee7a M\u00edt \u0110\u1eb7c V\u00e0 C\u00e1c B\u1ea1n &#8211; B\u00eca C\u1ee9ng (T\u00e1i B\u1ea3n 2019)"},"content":{"rendered":"CHUY\u1ec6N PHI\u00caU L\u01afU C\u1ee6A M\u00cdT \u0110\u1eb6C V\u00c0 C\u00c1C B\u1ea0N<br \/>\nM\u00ecnh \u0111\u1eb7c bi\u1ec7t th\u00edch v\u0103n h\u1ecdc Nga \u1edf 2 \u0111i\u1ec3m: t\u1ea3 c\u1ea3nh c\u1ef1c hay v\u00e0 c\u1ef1c k\u1ef3 h\u00e0i h\u01b0\u1edbc.<br \/>\nD\u01b0\u1eddng nh\u01b0 trong m\u1ed7i m\u1ed9t nh\u00e0 v\u0103n Nga \u0111\u1ec1u c\u00f3 m\u1ed9t ph\u1ea7n Levitan th\u00ec ph\u1ea3i. M\u00ecnh ch\u01b0a \u0111\u1ebfn Nga m\u1ed9t l\u1ea7n n\u00e0o, m\u00e0 th\u1ea5y thi\u00ean nhi\u00ean Nga v\u00f4 c\u00f9ng t\u01b0\u01a1i \u0111\u1eb9p m\u00e0 g\u1ea7n g\u0169i, c\u00f3 l\u1ebd v\u00ec \u0111\u1ecdc nhi\u1ec1u truy\u1ec7n Nga qu\u00e1.<br \/>\nC\u00e1i duy\u00ean, c\u00e1i h\u00e0i h\u01b0\u1edbc c\u1ee7a truy\u1ec7n Nga c\u0169ng r\u1ea5t hay. N\u00f3 kh\u00e1c v\u1edbi c\u00e1i h\u00e0i c\u1ee7a Anh, Ph\u00e1p, M\u1ef9. V\u00ed d\u1ee5, khi vi\u1ebft cho tr\u1ebb con, th\u00ec m\u1ea5y v\u1ecb nh\u00e0 v\u0103n Anh Ph\u00e1p M\u1ef9 c\u00e1c v\u1ecb \u1ea5y bi\u1ebfn th\u00e0nh tr\u1ebb con lu\u00f4n, v\u00e0 qu\u1eady t\u01b0ng, kh\u00f4ng thua g\u00ec m\u1ed9t \u0111\u1ee9a tr\u1ebb.<br \/>\nC\u00f2n \u1edf Nga th\u00ec kh\u00e1c. \u0110\u00f3 l\u00e0 c\u00e1i h\u00e0i h\u01b0\u1edbc c\u1ee7a m\u1ed9t ng\u01b0\u1eddi l\u1edbn \u0111ang tr\u00ecu m\u1ebfn \u00e2u y\u1ebfm \u0111\u1ed9 l\u01b0\u1ee3ng ng\u1eafm nh\u00ecn m\u1ed9t \u0111\u1ee9a tr\u1ebb.<br \/>\nM\u00ecnh th\u00edch c\u00e1ch h\u00f3a th\u00e2n c\u1ee7a ng\u01b0\u1eddi Anh, ng\u01b0\u1eddi M\u1ef9 khi vi\u1ebft v\u1ec1 con tr\u1ebb, nh\u01b0ng m\u00ecnh th\u1ea5y m\u00ecnh gi\u1ed1ng m\u1ed9t b\u00e0 m\u1eb9, m\u1ed9t \u00f4ng b\u1ed1 Li\u00ean X\u00f4 h\u01a1n<br \/>\nV\u00ec v\u1eady m\u00e0 CHUY\u1ec6N PHI\u00caU L\u01afU C\u1ee6A M\u00cdT \u0110\u1eb6C V\u00c0 C\u00c1C B\u1ea0N chi\u1ebfm m\u1ed9t v\u1ecb tr\u00ed v\u00f4 c\u00f9ng quan tr\u1ecdng trong su\u1ed1t k\u00fd \u1ee9c c\u1ee7a m\u00ecnh, cho \u0111\u1ebfn t\u1eadn b\u00e2y gi\u1edd. Ng\u00e0y x\u01b0a hi\u1ebfm truy\u1ec7n th\u00ec cu\u1ed1n n\u00e0y l\u00e0 c\u1ea3 m\u1ed9t th\u1ebf gi\u1edbi lung linh v\u00e0 r\u1ed9n r\u00e3 s\u1eafc m\u00e0u. M\u00ecnh \u0111\u1ecdc n\u00f3 v\u00e0 h\u00ecnh dung v\u1ec1 n\u01b0\u1edbc Nga, nh\u01b0 ch\u1ecb em Li\u00ean ng\u1eafm nh\u00ecn \u0111o\u00e0n t\u00e0u v\u00e0 m\u01a1 v\u1ec1 th\u00e0nh ph\u1ed1, trong Gi\u00f3 l\u1ea1nh \u0111\u1ea7u m\u00f9a c\u1ee7a Th\u1ea1ch Lam.<br \/>\nB\u00e2y gi\u1edd \u0111\u1ecdc l\u1ea1i, v\u1eabn nguy\u00ean v\u1eb9n c\u1ea3m x\u00fac nh\u01b0 ng\u00e0y n\u00e0o. M\u00edt \u0110\u1eb7c, ng\u1ed1 \u01a1i l\u00e0 ng\u1ed1, y\u00eau \u01a1i l\u00e0 y\u00eau. Bi\u1ebft Tu\u1ed1t th\u00ec nghe t\u00ean l\u00e0 hi\u1ec3u ng\u01b0\u1eddi r\u1ed3i. Bu Loong, \u1ed0c V\u00edt, \u0110inh \u1ed0c, \u0111\u1eb7t t\u00ean sao m\u00e0 bu\u1ed3n c\u01b0\u1eddi th\u1ebf. L\u1ea1i c\u00f2n C\u00e1u K\u1ec9nh n\u1eefa ch\u1ee9, ch\u1eb9p ch\u1eb9p<br \/>\nTruy\u1ec7n n\u00e0y kh\u00f4ng t\u00f3m t\u1eaft \u0111\u01b0\u1ee3c, kh\u1ed5 th\u1ebf! C\u1ee9 k\u1ec3 th\u1ebf n\u00e0y c\u00f3 m\u00e0 k\u1ec3 h\u1ebft n\u00e0y m\u1ea5t. T\u00f3m l\u1ea1i l\u00e0 Kinh kinh \u0111i\u1ec3n","protected":false},"excerpt":{"rendered":"<p>C\u00e1c b\u1ea1n \u0111ang c\u1ea7m tr\u00ean tay cu\u1ed1n truy\u1ec7n v\u00f4 c\u00f9ng h\u00e0i h\u01b0\u1edbc, h\u1ea5p d\u1eabn v\u00e0 gi\u00e0u tr\u00ed t\u01b0\u1edfng t\u01b0\u1ee3ng vi\u1ebft v\u1ec1 c\u00e1c ch\u00fa t\u00ed hon \u1edf th\u00e0nh ph\u1ed1 Hoa. \u0110\u00f3 l\u00e0 M\u00edt \u0110\u1eb7c ham hi\u1ec3u bi\u1ebft, nh\u01b0ng l\u1ea1i l\u01b0\u1eddi suy ngh\u0129 v\u00e0 thi\u1ebfu ki\u00ean tr\u00ec n\u00ean ch\u1eb3ng h\u1ecdc \u0111\u01b0\u1ee3c g\u00ec. L\u00e0 Bi\u1ebft Tu\u1ed1t th\u00f4ng minh, hi\u1ec3u bi\u1ebft r\u1ed9ng, ch\u00edn ch\u1eafn. V\u00e0 c\u00e1c ch\u00fa Tr\u00f2n Xoay, Ng\u1ed9 Nh\u1ee1, M\u1ea5t S\u1ea1ch, C\u00e1u K\u1ec9nh, nh\u1ea1c s\u0129 K\u00e8n \u0110\u1ed3ng, h\u1ecda s\u0129 Thu\u1ed1c N\u01b0\u1edbc, m\u1ed7i ng\u01b0\u1eddi m\u1ed9t t\u00ednh c\u00e1ch, m\u1ed9t v\u1ebb \u0111\u00e1ng y\u00eau ri\u00eang.<\/p>\n<p>M\u1edf s\u00e1ch ra, c\u00e1c b\u1ea1n s\u1ebd c\u00f3 nh\u1eefng chuy\u1ebfn phi\u00eau l\u01b0u r\u1ea5t th\u00fa v\u1ecb c\u00f9ng c\u00e1c ch\u00fa t\u00ed hon \u0111i tr\u00ean ch\u00edn t\u1ea7ng m\u00e2y, \u0111\u1ebfn th\u00e0nh ph\u1ed1 Xanh v\u00f4 c\u00f9ng t\u01b0\u01a1i \u0111\u1eb9p to\u00e0n\u2026 con g\u00e1i, v\u00e0 th\u00e0nh ph\u1ed1 Di\u1ec1u v\u1edbi nh\u1eefng ph\u00e1t minh khoa h\u1ecdc ti\u00ean ti\u1ebfn\u2026<\/p>\n<p>\u0110\u1eb7c bi\u1ec7t, ph\u1ea7n minh h\u1ecda r\u1ea5t sinh \u0111\u1ed9ng c\u1ee7a h\u1ecda s\u0129 Aleksey Laptev khi\u1ebfn cho cu\u1ed9c phi\u00eau l\u01b0u c\u1ee7a M\u00edt \u0110\u1eb7c v\u00e0 c\u00e1c b\u1ea1n c\u00e0ng th\u00eam h\u1ea5p d\u1eabn.<\/p>\n","protected":false},"featured_media":5868,"template":"","meta":{"_acf_changed":false},"product_brand":[],"product_cat":[25,17,26],"product_tag":[],"class_list":{"0":"post-5875","1":"product","2":"type-product","3":"status-publish","4":"has-post-thumbnail","6":"product_cat-nhi-dong-6-tuoi-12-tuoi","7":"product_cat-sach-danh-cho-cac-be","8":"product_cat-thieu-nien-11-tuoi-18-tuoi","10":"first","11":"outofstock","12":"taxable","13":"shipping-taxable","14":"purchasable","15":"product-type-simple"},"supplier_id":null,"supplier_sku":"","barcode":null,"atum_controlled":true,"out_stock_date":"2025-01-01 22:16:29","out_stock_threshold":null,"inheritable":false,"inbound_stock":2,"stock_on_hold":0,"sold_today":0,"sales_last_days":0,"reserved_stock":0,"customer_returns":0,"warehouse_damage":0,"lost_in_post":0,"other_logs":0,"out_stock_days":392,"lost_sales":1063,"has_location":false,"update_date":"2026-01-28T23:11:27","atum_locations":[],"atum_stock_status":"outofstock","restock_status":false,"low_stock_amount":"","sales_update_date":"2026-01-28T23:11:27","calc_backorders":null,"acf":{"publisher":{"ID":1454,"post_author":"1","post_date":"2021-02-17 01:11:34","post_date_gmt":"2021-02-16 23:11:34","post_content":"<!-- wp:flatsome\/uxbuilder -->\n<h1 style=\"text-align: center;\"><strong>Kim \u0110\u1ed3ng<\/strong><\/h1>\n[row]\n\n[col span=\"3\" span__sm=\"12\"]\n\n[ux_image id=\"1534\" image_size=\"medium\"]\n\n\n[\/col]\n[col span=\"9\" span__sm=\"12\"]\n\n<p>Nh\u00e0 xu\u1ea5t b\u1ea3n Kim \u0110\u1ed3ng tr\u1ef1c thu\u1ed9c Trung \u01b0\u01a1ng \u0110o\u00e0n TNCS H\u1ed3 Ch\u00ed Minh l\u00e0 Nh\u00e0 xu\u1ea5t b\u1ea3n t\u1ed5ng h\u1ee3p c\u00f3 ch\u1ee9c n\u0103ng xu\u1ea5t b\u1ea3n s\u00e1ch v\u00e0 v\u0103n h\u00f3a ph\u1ea9m ph\u1ee5c v\u1ee5 thi\u1ebfu nhi v\u00e0 c\u00e1c b\u1eadc ph\u1ee5 huynh trong c\u1ea3 n\u01b0\u1edbc, qu\u1ea3ng b\u00e1 v\u00e0 gi\u1edbi thi\u1ec7u v\u0103n h\u00f3a Vi\u1ec7t Nam ra th\u1ebf gi\u1edbi.<br \/>Nh\u00e0 xu\u1ea5t b\u1ea3n c\u00f3 nhi\u1ec7m v\u1ee5 t\u1ed5 ch\u1ee9c b\u1ea3n th\u1ea3o, bi\u00ean so\u1ea1n, bi\u00ean d\u1ecbch, xu\u1ea5t b\u1ea3n v\u00e0 ph\u00e1t h\u00e0nh c\u00e1c xu\u1ea5t b\u1ea3n ph\u1ea9m c\u00f3 n\u1ed9i dung: gi\u00e1o d\u1ee5c truy\u1ec1n th\u1ed1ng d\u00e2n t\u1ed9c, gi\u00e1o d\u1ee5c v\u1ec1 tri th\u1ee9c, ki\u1ebfn th\u1ee9c\u2026 tr\u00ean c\u00e1c l\u0129nh v\u1ef1c v\u0103n h\u1ecdc, ngh\u1ec7 thu\u1eadt, khoa h\u1ecdc k\u1ef9 thu\u1eadt nh\u1eb1m cung c\u1ea5p cho c\u00e1c em thi\u1ebfu nhi c\u0169ng nh\u01b0 c\u00e1c b\u1eadc ph\u1ee5 huynh c\u00e1c ki\u1ebfn th\u1ee9c c\u1ea7n thi\u1ebft trong cu\u1ed9c s\u1ed1ng, nh\u1eefng tinh hoa c\u1ee7a tri th\u1ee9c nh\u00e2n lo\u1ea1i nh\u1eb1m g\u00f3p ph\u1ea7n gi\u00e1o d\u1ee5c v\u00e0 h\u00ecnh th\u00e0nh nh\u00e2n c\u00e1ch th\u1ebf h\u1ec7 tr\u1ebb.<br \/>\u0110\u1ed1i t\u01b0\u1ee3ng ph\u1ee5c v\u1ee5 c\u1ee7a Nh\u00e0 xu\u1ea5t b\u1ea3n l\u00e0 c\u00e1c em t\u1eeb tu\u1ed5i nh\u00e0 tr\u1ebb m\u1eabu gi\u00e1o (1 \u0111\u1ebfn 5 tu\u1ed5i), nhi \u0111\u1ed3ng (6 \u0111\u1ebfn 9 tu\u1ed5i), thi\u1ebfu ni\u00ean (10 \u0111\u1ebfn 15 tu\u1ed5i) \u0111\u1ebfn c\u00e1c em tu\u1ed5i m\u1edbi l\u1edbn (16 \u0111\u1ebfn 18 tu\u1ed5i) v\u00e0 c\u00e1c b\u1eadc ph\u1ee5 huynh.<\/p>\n\n[\/col]\n\n[\/row]\n\n<!-- \/wp:flatsome\/uxbuilder -->","post_title":"Kim \u0110\u1ed3ng","post_excerpt":"","post_status":"publish","comment_status":"closed","ping_status":"closed","post_password":"","post_name":"kim-dong","to_ping":"","pinged":"","post_modified":"2021-02-17 01:31:56","post_modified_gmt":"2021-02-16 23:31:56","post_content_filtered":"","post_parent":0,"guid":"https:\/\/sachviet.eu\/nha-phat-hanh\/kim-dong\/","menu_order":0,"post_type":"publisher","post_mime_type":"","comment_count":"0","filter":"raw"}},"_links":{"self":[{"href":"https:\/\/sachviet.eu\/en\/wp-json\/wp\/v2\/product\/5875","targetHints":{"allow":["GET"]}}],"collection":[{"href":"https:\/\/sachviet.eu\/en\/wp-json\/wp\/v2\/product"}],"about":[{"href":"https:\/\/sachviet.eu\/en\/wp-json\/wp\/v2\/types\/product"}],"wp:featuredmedia":[{"embeddable":true,"href":"https:\/\/sachviet.eu\/en\/wp-json\/wp\/v2\/media\/5868"}],"wp:attachment":[{"href":"https:\/\/sachviet.eu\/en\/wp-json\/wp\/v2\/media?parent=5875"}],"wp:term":[{"taxonomy":"product_brand","embeddable":true,"href":"https:\/\/sachviet.eu\/en\/wp-json\/wp\/v2\/product_brand?post=5875"},{"taxonomy":"product_cat","embeddable":true,"href":"https:\/\/sachviet.eu\/en\/wp-json\/wp\/v2\/product_cat?post=5875"},{"taxonomy":"product_tag","embeddable":true,"href":"https:\/\/sachviet.eu\/en\/wp-json\/wp\/v2\/product_tag?post=5875"}],"curies":[{"name":"wp","href":"https:\/\/api.w.org\/{rel}","templated":true}]}}