{"id":5865,"date":"2021-03-14T02:29:08","date_gmt":"2021-03-14T00:29:08","guid":{"rendered":"https:\/\/sachviet.eu\/shop\/i-will-be-better-nhung-cau-chuyen-truyen-cam-hung-bundle-3-quyen\/"},"modified":"2022-12-19T18:46:50","modified_gmt":"2022-12-19T16:46:50","slug":"i-will-be-better-nhung-cau-chuyen-truyen-cam-hung-bundle-3-quyen","status":"publish","type":"product","link":"https:\/\/sachviet.eu\/en\/shop\/i-will-be-better-nhung-cau-chuyen-truyen-cam-hung-bundle-3-quyen\/","title":{"rendered":"I Will Be Better &#8211; Nh\u1eefng C\u00e2u Chuy\u1ec7n Truy\u1ec1n C\u1ea3m H\u1ee9ng &#8211; Bundle 3 quy\u1ec3n"},"content":{"rendered":"<p>Combo I Will Be Better &#8211; Nh\u1eefng C\u00e2u Chuy\u1ec7n Truy\u1ec1n C\u1ea3m H\u1ee9ng (B\u1ed9 3 Cu\u1ed1n)<\/p>\n<p>M\u1ed7i nh\u00e2n v\u1eadt trong cu\u1ed1n s\u00e1ch n\u00e0y \u0111\u1ec1u k\u1ec3 nh\u1eefng c\u00e2u chuy\u1ec7n r\u1ea5t ri\u00eang v\u1ec1 qu\u00e1 tr\u00ecnh h\u1ecdc t\u1eadp c\u1ee7a m\u00ecnh. Tr\u00ean con \u0111\u01b0\u1eddng tr\u01b0\u1edfng th\u00e0nh, n\u1ebfu bi\u1ebft t\u1ef1 nh\u1eadn th\u1ee9c b\u1ea3n th\u00e2n, hi\u1ec3u r\u00f5 m\u1ee5c ti\u00eau ph\u00e1t tri\u1ec3n c\u1ee7a m\u00ecnh, b\u1ed3i \u0111\u1eafp l\u00f2ng t\u1ef1 tin, d\u00e1m \u0111\u1ed1i m\u1eb7t v\u1edbi th\u1eed th\u00e1ch v\u00e0 ki\u00ean tr\u00ec ph\u00e1t huy n\u0103ng l\u1ef1c b\u1ea3n th\u00e2n, ch\u00fang ta \u0111\u1ec1u c\u00f3 th\u1ec3 th\u1ef1c hi\u1ec7n \u0111\u01b0\u1ee3c \u01b0\u1edbc m\u01a1 v\u00e0 tr\u1edf n\u00ean t\u1ed1t \u0111\u1eb9p h\u01a1n, th\u00e0nh c\u00f4ng h\u01a1n.<\/p>\n<p>B\u1ed9 s\u00e1ch \u201cNh\u1eefng c\u00e2u chuy\u1ec7n truy\u1ec1n c\u1ea3m h\u1ee9ng\u201d \u0111\u01b0\u1ee3c chia th\u00e0nh c\u00e1c ch\u1ee7 \u0111\u1ec1 thi\u1ebft th\u1ef1c, gi\u00fap b\u1ea1n \u0111\u1ecdc nh\u1ecf tu\u1ed5i t\u00ecm hi\u1ec3u v\u00e0 r\u00e8n nh\u1eefng th\u00f3i quen, \u0111\u1ee9c t\u00ednh t\u1ed1t. M\u1ed7i cu\u1ed1n g\u1ed3m nhi\u1ec1u c\u00e2u chuy\u1ec7n nh\u1ecf, trong \u0111\u00f3 c\u00f3 c\u1ea3 nh\u1eefng h\u1ed3i \u1ee9c \u0111\u00e1ng nh\u1edb c\u1ee7a c\u00e1c nh\u00e2n v\u1eadt n\u1ed5i ti\u1ebfng tr\u00ean th\u1ebf gi\u1edb Mong r\u1eb1ng b\u1ed9 s\u00e1ch s\u1ebd tr\u1edf th\u00e0nh b\u1ea1n \u0111\u1ed3ng h\u00e0nh t\u00edch c\u1ef1c, c\u00f9ng c\u00e1c em b\u01b0\u1edbc v\u00e0o t\u01b0\u01a1ng lai r\u1ef1c r\u1ee1.<\/p>\n","protected":false},"excerpt":{"rendered":"<p>Ng\u01b0\u1eddi cha c\u00f3 th\u00f3i quen ki\u00ean tr\u00ec nh\u1eafc nh\u1edf c\u00e1c con v\u1ec1 vi\u1ec7c kh\u00f4ng ng\u1eebng h\u1ecdc h\u1ecfi ki\u1ebfn th\u1ee9c m\u1edbi m\u1ed7i ng\u00e0y. \u00d4ng cho r\u1eb1ng, gi\u1edd ngh\u1ec9 sau b\u1eefa t\u1ed1i l\u00e0 th\u1eddi gian l\u00fd t\u01b0\u1edfng \u0111\u1ec3 c\u1ea3 nh\u00e0 c\u00f9ng trao \u0111\u1ed5i ki\u1ebfn th\u1ee9c m\u1edbi v\u1edbi nhau.<br \/>\n&#8211; Con trai, n\u00f3i cho b\u1ed1 nghe h\u00f4m nay con h\u1ecdc \u0111\u01b0\u1ee3c nh\u1eefng g\u00ec?<br \/>\n&#8211; D\u1ea1 con h\u1ecdc v\u1ec1 d\u00e2n s\u1ed1 c\u1ee7a Nepal \u1ea1!<br \/>\nB\u1ed1 quay sang m\u1eb9:<br \/>\n&#8211; Em c\u00f3 tr\u1ea3 l\u1eddi \u0111\u01b0\u1ee3c c\u00e2u n\u00e0y kh\u00f4ng?<br \/>\n&#8211; Nepal \u01b0? Em kh\u00f4ng nh\u1eefng kh\u00f4ng bi\u1ebft d\u00e2n s\u1ed1 c\u1ee7a Nepal l\u00e0 bao nhi\u00eau, m\u00e0 n\u00f3i th\u1eadt, em c\u00f2n kh\u00f4ng bi\u1ebft n\u01b0\u1edbc n\u00e0y n\u1eb1m \u1edf \u0111\u00e2u tr\u00ean b\u1ea3n \u0111\u1ed3 th\u1ebf gi\u1edbi.<br \/>\nCha quay sang con trai:<br \/>\n&#8211; Phillip, mau mang b\u1ea3n \u0111\u1ed3 ra \u0111\u00e2y, \u0111\u1ec3 ch\u00fang ta ch\u1ec9 cho m\u1eb9 con xem Nepal \u1edf ch\u1ed7 n\u00e0o.<br \/>\nV\u1eady l\u00e0 c\u1ea3 nh\u00e0 c\u00f9ng nhau t\u00ecm ki\u1ebfm Nepal tr\u00ean b\u1ea3n \u0111\u1ed3. C\u1ee9 nh\u01b0 v\u1eady, sau m\u1ed7i bu\u1ed5i t\u1ed1i, c\u1ea3 nh\u00e0 \u0111\u1ec1u h\u1ecdc th\u00eam nh\u1eefng ki\u1ebfn th\u1ee9c m\u1edbi m\u1ebb t\u1eeb \u0111\u1ee7 m\u1ecdi l\u0129nh v\u1ef1c. M\u1ed9t c\u00e1ch h\u1ebft s\u1ee9c t\u1ef1 nhi\u00ean, c\u1ea3 nh\u00e0 c\u00f9ng nhau h\u1ecdc t\u1eadp, chia s\u1ebb tr\u1ea3i nghi\u1ec7m\u2026 Ng\u01b0\u1eddi cha \u0111\u00e3 x\u00e2y \u0111\u1eafp n\u00ean th\u00f3i quen h\u1ecdc h\u1ecfi, b\u1ed3i \u0111\u1eafp ki\u1ebfn th\u1ee9c c\u1ee7a c\u00e1c th\u00e0nh vi\u00ean trong gia \u0111\u00ecnh, d\u1ea1y cho c\u00e1c con bi\u1ebft r\u1eb1ng m\u1ed9t ki\u1ebfn th\u1ee9c d\u00f9 nh\u1ecf c\u0169ng c\u00f3 \u00edch \u0111\u1ed1i v\u1edbi m\u1ed7i ng\u01b0\u1eddi, d\u1ea1y cho c\u00e1c con bi\u1ebft gi\u00e1 tr\u1ecb c\u1ee7a vi\u1ec7c h\u1ecdc t\u1eadp kh\u00f4ng ng\u1eebng.<br \/>\nTr\u00ean \u0111\u00e2y ch\u1ec9 l\u00e0 m\u1ed9t trong s\u1ed1 r\u1ea5t nhi\u1ec1u c\u00e1c c\u00e2u chuy\u1ec7n hay v\u00e0 \u00fd ngh\u0129a trong b\u1ed9 s\u00e1ch NH\u1eeeNG C\u00c2U CHUY\u1ec6N TRUY\u1ec0N C\u1ea2M H\u1ee8NG c\u1ee7a Kim \u0110\u1ed3ng. Nh\u1eefng c\u00e2u chuy\u1ec7n kh\u00f4ng h\u1ec1 gi\u00e1o \u0111i\u1ec1u m\u00e0 r\u1ea5t g\u1ea7n g\u0169i, thi\u1ebft th\u1ef1c, gi\u00fap c\u00e1c b\u1ea1n nh\u1ecf r\u00e8n luy\u1ec7n nh\u1eefng th\u00f3i quen v\u00e0 \u0111\u1ee9c t\u00ednh t\u1ed1t.<\/p>\n","protected":false},"featured_media":5864,"template":"","meta":{"_acf_changed":false},"product_brand":[],"product_cat":[25,17,26],"product_tag":[81],"class_list":{"0":"post-5865","1":"product","2":"type-product","3":"status-publish","4":"has-post-thumbnail","6":"product_cat-nhi-dong-6-tuoi-12-tuoi","7":"product_cat-sach-danh-cho-cac-be","8":"product_cat-thieu-nien-11-tuoi-18-tuoi","9":"product_tag-sach-gia-uu-dai","11":"first","12":"outofstock","13":"sale","14":"taxable","15":"shipping-taxable","16":"purchasable","17":"product-type-woosb"},"supplier_id":null,"supplier_sku":"","barcode":null,"atum_controlled":true,"out_stock_date":"2021-03-14 00:56:33","out_stock_threshold":null,"inheritable":false,"inbound_stock":null,"stock_on_hold":0,"sold_today":0,"sales_last_days":0,"reserved_stock":null,"customer_returns":null,"warehouse_damage":null,"lost_in_post":null,"other_logs":null,"out_stock_days":1781,"lost_sales":0,"has_location":false,"update_date":"2026-01-28T23:10:38","atum_locations":[],"atum_stock_status":"outofstock","restock_status":false,"low_stock_amount":"","sales_update_date":"2026-01-28T23:10:38","calc_backorders":null,"acf":{"publisher":{"ID":1454,"post_author":"1","post_date":"2021-02-17 01:11:34","post_date_gmt":"2021-02-16 23:11:34","post_content":"<!-- wp:flatsome\/uxbuilder -->\n<h1 style=\"text-align: center;\"><strong>Kim \u0110\u1ed3ng<\/strong><\/h1>\n[row]\n\n[col span=\"3\" span__sm=\"12\"]\n\n[ux_image id=\"1534\" image_size=\"medium\"]\n\n\n[\/col]\n[col span=\"9\" span__sm=\"12\"]\n\n<p>Nh\u00e0 xu\u1ea5t b\u1ea3n Kim \u0110\u1ed3ng tr\u1ef1c thu\u1ed9c Trung \u01b0\u01a1ng \u0110o\u00e0n TNCS H\u1ed3 Ch\u00ed Minh l\u00e0 Nh\u00e0 xu\u1ea5t b\u1ea3n t\u1ed5ng h\u1ee3p c\u00f3 ch\u1ee9c n\u0103ng xu\u1ea5t b\u1ea3n s\u00e1ch v\u00e0 v\u0103n h\u00f3a ph\u1ea9m ph\u1ee5c v\u1ee5 thi\u1ebfu nhi v\u00e0 c\u00e1c b\u1eadc ph\u1ee5 huynh trong c\u1ea3 n\u01b0\u1edbc, qu\u1ea3ng b\u00e1 v\u00e0 gi\u1edbi thi\u1ec7u v\u0103n h\u00f3a Vi\u1ec7t Nam ra th\u1ebf gi\u1edbi.<br \/>Nh\u00e0 xu\u1ea5t b\u1ea3n c\u00f3 nhi\u1ec7m v\u1ee5 t\u1ed5 ch\u1ee9c b\u1ea3n th\u1ea3o, bi\u00ean so\u1ea1n, bi\u00ean d\u1ecbch, xu\u1ea5t b\u1ea3n v\u00e0 ph\u00e1t h\u00e0nh c\u00e1c xu\u1ea5t b\u1ea3n ph\u1ea9m c\u00f3 n\u1ed9i dung: gi\u00e1o d\u1ee5c truy\u1ec1n th\u1ed1ng d\u00e2n t\u1ed9c, gi\u00e1o d\u1ee5c v\u1ec1 tri th\u1ee9c, ki\u1ebfn th\u1ee9c\u2026 tr\u00ean c\u00e1c l\u0129nh v\u1ef1c v\u0103n h\u1ecdc, ngh\u1ec7 thu\u1eadt, khoa h\u1ecdc k\u1ef9 thu\u1eadt nh\u1eb1m cung c\u1ea5p cho c\u00e1c em thi\u1ebfu nhi c\u0169ng nh\u01b0 c\u00e1c b\u1eadc ph\u1ee5 huynh c\u00e1c ki\u1ebfn th\u1ee9c c\u1ea7n thi\u1ebft trong cu\u1ed9c s\u1ed1ng, nh\u1eefng tinh hoa c\u1ee7a tri th\u1ee9c nh\u00e2n lo\u1ea1i nh\u1eb1m g\u00f3p ph\u1ea7n gi\u00e1o d\u1ee5c v\u00e0 h\u00ecnh th\u00e0nh nh\u00e2n c\u00e1ch th\u1ebf h\u1ec7 tr\u1ebb.<br \/>\u0110\u1ed1i t\u01b0\u1ee3ng ph\u1ee5c v\u1ee5 c\u1ee7a Nh\u00e0 xu\u1ea5t b\u1ea3n l\u00e0 c\u00e1c em t\u1eeb tu\u1ed5i nh\u00e0 tr\u1ebb m\u1eabu gi\u00e1o (1 \u0111\u1ebfn 5 tu\u1ed5i), nhi \u0111\u1ed3ng (6 \u0111\u1ebfn 9 tu\u1ed5i), thi\u1ebfu ni\u00ean (10 \u0111\u1ebfn 15 tu\u1ed5i) \u0111\u1ebfn c\u00e1c em tu\u1ed5i m\u1edbi l\u1edbn (16 \u0111\u1ebfn 18 tu\u1ed5i) v\u00e0 c\u00e1c b\u1eadc ph\u1ee5 huynh.<\/p>\n\n[\/col]\n\n[\/row]\n\n<!-- \/wp:flatsome\/uxbuilder -->","post_title":"Kim \u0110\u1ed3ng","post_excerpt":"","post_status":"publish","comment_status":"closed","ping_status":"closed","post_password":"","post_name":"kim-dong","to_ping":"","pinged":"","post_modified":"2021-02-17 01:31:56","post_modified_gmt":"2021-02-16 23:31:56","post_content_filtered":"","post_parent":0,"guid":"https:\/\/sachviet.eu\/nha-phat-hanh\/kim-dong\/","menu_order":0,"post_type":"publisher","post_mime_type":"","comment_count":"0","filter":"raw"}},"_links":{"self":[{"href":"https:\/\/sachviet.eu\/en\/wp-json\/wp\/v2\/product\/5865","targetHints":{"allow":["GET"]}}],"collection":[{"href":"https:\/\/sachviet.eu\/en\/wp-json\/wp\/v2\/product"}],"about":[{"href":"https:\/\/sachviet.eu\/en\/wp-json\/wp\/v2\/types\/product"}],"wp:featuredmedia":[{"embeddable":true,"href":"https:\/\/sachviet.eu\/en\/wp-json\/wp\/v2\/media\/5864"}],"wp:attachment":[{"href":"https:\/\/sachviet.eu\/en\/wp-json\/wp\/v2\/media?parent=5865"}],"wp:term":[{"taxonomy":"product_brand","embeddable":true,"href":"https:\/\/sachviet.eu\/en\/wp-json\/wp\/v2\/product_brand?post=5865"},{"taxonomy":"product_cat","embeddable":true,"href":"https:\/\/sachviet.eu\/en\/wp-json\/wp\/v2\/product_cat?post=5865"},{"taxonomy":"product_tag","embeddable":true,"href":"https:\/\/sachviet.eu\/en\/wp-json\/wp\/v2\/product_tag?post=5865"}],"curies":[{"name":"wp","href":"https:\/\/api.w.org\/{rel}","templated":true}]}}