{"id":5863,"date":"2021-03-14T02:29:05","date_gmt":"2021-03-14T00:29:05","guid":{"rendered":"https:\/\/sachviet.eu\/shop\/i-will-be-better-nhung-cau-chuyen-truyen-cam-hung-con-se-dat-diem-toi-da\/"},"modified":"2021-03-23T01:14:49","modified_gmt":"2021-03-22T23:14:49","slug":"i-will-be-better-nhung-cau-chuyen-truyen-cam-hung-con-se-dat-diem-toi-da","status":"publish","type":"product","link":"https:\/\/sachviet.eu\/en\/shop\/i-will-be-better-nhung-cau-chuyen-truyen-cam-hung-con-se-dat-diem-toi-da\/","title":{"rendered":"I Will Be Better &#8211; Nh\u1eefng C\u00e2u Chuy\u1ec7n Truy\u1ec1n C\u1ea3m H\u1ee9ng: Con S\u1ebd \u0110\u1ea1t \u0110i\u1ec3m T\u1ed1i \u0110a"},"content":{"rendered":"<p>\u201cCon s\u1ebd \u0111\u1ea1t \u0111i\u1ec3m t\u1ed1i \u0111a\u201d k\u1ec3 nh\u1eefng c\u00e2u chuy\u1ec7n v\u1ec1 tinh th\u1ea7n h\u1ecdc t\u1eadp mi\u1ec7t m\u00e0i.<br \/>\nM\u1ed7i nh\u00e2n v\u1eadt trong cu\u1ed1n s\u00e1ch n\u00e0y \u0111\u1ec1u k\u1ec3 nh\u1eefng c\u00e2u chuy\u1ec7n r\u1ea5t ri\u00eang v\u1ec1 qu\u00e1 tr\u00ecnh h\u1ecdc t\u1eadp c\u1ee7a m\u00ecnh. Tr\u00ean con \u0111\u01b0\u1eddng tr\u01b0\u1edfng th\u00e0nh, n\u1ebfu bi\u1ebft t\u1ef1 nh\u1eadn th\u1ee9c b\u1ea3n th\u00e2n, hi\u1ec3u r\u00f5 m\u1ee5c ti\u00eau ph\u00e1t tri\u1ec3n c\u1ee7a m\u00ecnh, b\u1ed3i \u0111\u1eafp l\u00f2ng t\u1ef1 tin, d\u00e1m \u0111\u1ed1i m\u1eb7t v\u1edbi th\u1eed th\u00e1ch v\u00e0 ki\u00ean tr\u00ec ph\u00e1t huy n\u0103ng l\u1ef1c b\u1ea3n th\u00e2n, ch\u00fang ta \u0111\u1ec1u c\u00f3 th\u1ec3 th\u1ef1c hi\u1ec7n \u0111\u01b0\u1ee3c \u01b0\u1edbc m\u01a1 v\u00e0 tr\u1edf n\u00ean t\u1ed1t \u0111\u1eb9p h\u01a1n, th\u00e0nh c\u00f4ng h\u01a1n.<\/p>\n<p>B\u1ed9 s\u00e1ch \u201cNh\u1eefng c\u00e2u chuy\u1ec7n truy\u1ec1n c\u1ea3m h\u1ee9ng\u201d \u0111\u01b0\u1ee3c chia th\u00e0nh c\u00e1c ch\u1ee7 \u0111\u1ec1 thi\u1ebft th\u1ef1c, gi\u00fap b\u1ea1n \u0111\u1ecdc nh\u1ecf tu\u1ed5i t\u00ecm hi\u1ec3u v\u00e0 r\u00e8n nh\u1eefng th\u00f3i quen, \u0111\u1ee9c t\u00ednh t\u1ed1t. M\u1ed7i cu\u1ed1n g\u1ed3m nhi\u1ec1u c\u00e2u chuy\u1ec7n nh\u1ecf, trong \u0111\u00f3 c\u00f3 c\u1ea3 nh\u1eefng h\u1ed3i \u1ee9c \u0111\u00e1ng nh\u1edb c\u1ee7a c\u00e1c nh\u00e2n v\u1eadt n\u1ed5i ti\u1ebfng tr\u00ean th\u1ebf gi\u1edb Mong r\u1eb1ng b\u1ed9 s\u00e1ch s\u1ebd tr\u1edf th\u00e0nh b\u1ea1n \u0111\u1ed3ng h\u00e0nh t\u00edch c\u1ef1c, c\u00f9ng c\u00e1c em b\u01b0\u1edbc v\u00e0o t\u01b0\u01a1ng lai r\u1ef1c r\u1ee1.<\/p>\n","protected":false},"excerpt":{"rendered":"<p>\u201cCon s\u1ebd \u0111\u1ea1t \u0111i\u1ec3m t\u1ed1i \u0111a\u201d k\u1ec3 nh\u1eefng c\u00e2u chuy\u1ec7n v\u1ec1 tinh th\u1ea7n h\u1ecdc t\u1eadp mi\u1ec7t m\u00e0i.<br \/>\nM\u1ed7i nh\u00e2n v\u1eadt trong cu\u1ed1n s\u00e1ch n\u00e0y \u0111\u1ec1u k\u1ec3 nh\u1eefng c\u00e2u chuy\u1ec7n r\u1ea5t ri\u00eang v\u1ec1 qu\u00e1 tr\u00ecnh h\u1ecdc t\u1eadp c\u1ee7a m\u00ecnh. Tr\u00ean con \u0111\u01b0\u1eddng tr\u01b0\u1edfng th\u00e0nh, n\u1ebfu bi\u1ebft t\u1ef1 nh\u1eadn th\u1ee9c b\u1ea3n th\u00e2n, hi\u1ec3u r\u00f5 m\u1ee5c ti\u00eau ph\u00e1t tri\u1ec3n c\u1ee7a m\u00ecnh, b\u1ed3i \u0111\u1eafp l\u00f2ng t\u1ef1 tin, d\u00e1m \u0111\u1ed1i m\u1eb7t v\u1edbi th\u1eed th\u00e1ch v\u00e0 ki\u00ean tr\u00ec ph\u00e1t huy n\u0103ng l\u1ef1c b\u1ea3n th\u00e2n, ch\u00fang ta \u0111\u1ec1u c\u00f3 th\u1ec3 th\u1ef1c hi\u1ec7n \u0111\u01b0\u1ee3c \u01b0\u1edbc m\u01a1 v\u00e0 tr\u1edf n\u00ean t\u1ed1t \u0111\u1eb9p h\u01a1n, th\u00e0nh c\u00f4ng h\u01a1n.<\/p>\n<p>B\u1ed9 s\u00e1ch \u201cNh\u1eefng c\u00e2u chuy\u1ec7n truy\u1ec1n c\u1ea3m h\u1ee9ng\u201d \u0111\u01b0\u1ee3c chia th\u00e0nh c\u00e1c ch\u1ee7 \u0111\u1ec1 thi\u1ebft th\u1ef1c, gi\u00fap b\u1ea1n \u0111\u1ecdc nh\u1ecf tu\u1ed5i t\u00ecm hi\u1ec3u v\u00e0 r\u00e8n nh\u1eefng th\u00f3i quen, \u0111\u1ee9c t\u00ednh t\u1ed1t. M\u1ed7i cu\u1ed1n g\u1ed3m nhi\u1ec1u c\u00e2u chuy\u1ec7n nh\u1ecf, trong \u0111\u00f3 c\u00f3 c\u1ea3 nh\u1eefng h\u1ed3i \u1ee9c \u0111\u00e1ng nh\u1edb c\u1ee7a c\u00e1c nh\u00e2n v\u1eadt n\u1ed5i ti\u1ebfng tr\u00ean th\u1ebf gi\u1edb Mong r\u1eb1ng b\u1ed9 s\u00e1ch s\u1ebd tr\u1edf th\u00e0nh b\u1ea1n \u0111\u1ed3ng h\u00e0nh t\u00edch c\u1ef1c, c\u00f9ng c\u00e1c em b\u01b0\u1edbc v\u00e0o t\u01b0\u01a1ng lai r\u1ef1c r\u1ee1.<\/p>\n","protected":false},"featured_media":5862,"template":"","meta":{"_acf_changed":false},"product_brand":[],"product_cat":[25,17,26],"product_tag":[],"class_list":{"0":"post-5863","1":"product","2":"type-product","3":"status-publish","4":"has-post-thumbnail","6":"product_cat-nhi-dong-6-tuoi-12-tuoi","7":"product_cat-sach-danh-cho-cac-be","8":"product_cat-thieu-nien-11-tuoi-18-tuoi","10":"first","11":"outofstock","12":"taxable","13":"shipping-taxable","14":"purchasable","15":"product-type-simple"},"supplier_id":null,"supplier_sku":"","barcode":null,"atum_controlled":true,"out_stock_date":"2021-03-14 00:56:33","out_stock_threshold":null,"inheritable":false,"inbound_stock":0,"stock_on_hold":0,"sold_today":0,"sales_last_days":0,"reserved_stock":0,"customer_returns":0,"warehouse_damage":0,"lost_in_post":0,"other_logs":0,"out_stock_days":1781,"lost_sales":0,"has_location":false,"update_date":"2026-01-28T23:10:38","atum_locations":[],"atum_stock_status":"outofstock","restock_status":false,"low_stock_amount":"","sales_update_date":"2026-01-28T23:10:38","calc_backorders":null,"acf":{"publisher":{"ID":1454,"post_author":"1","post_date":"2021-02-17 01:11:34","post_date_gmt":"2021-02-16 23:11:34","post_content":"<!-- wp:flatsome\/uxbuilder -->\n<h1 style=\"text-align: center;\"><strong>Kim \u0110\u1ed3ng<\/strong><\/h1>\n[row]\n\n[col span=\"3\" span__sm=\"12\"]\n\n[ux_image id=\"1534\" image_size=\"medium\"]\n\n\n[\/col]\n[col span=\"9\" span__sm=\"12\"]\n\n<p>Nh\u00e0 xu\u1ea5t b\u1ea3n Kim \u0110\u1ed3ng tr\u1ef1c thu\u1ed9c Trung \u01b0\u01a1ng \u0110o\u00e0n TNCS H\u1ed3 Ch\u00ed Minh l\u00e0 Nh\u00e0 xu\u1ea5t b\u1ea3n t\u1ed5ng h\u1ee3p c\u00f3 ch\u1ee9c n\u0103ng xu\u1ea5t b\u1ea3n s\u00e1ch v\u00e0 v\u0103n h\u00f3a ph\u1ea9m ph\u1ee5c v\u1ee5 thi\u1ebfu nhi v\u00e0 c\u00e1c b\u1eadc ph\u1ee5 huynh trong c\u1ea3 n\u01b0\u1edbc, qu\u1ea3ng b\u00e1 v\u00e0 gi\u1edbi thi\u1ec7u v\u0103n h\u00f3a Vi\u1ec7t Nam ra th\u1ebf gi\u1edbi.<br \/>Nh\u00e0 xu\u1ea5t b\u1ea3n c\u00f3 nhi\u1ec7m v\u1ee5 t\u1ed5 ch\u1ee9c b\u1ea3n th\u1ea3o, bi\u00ean so\u1ea1n, bi\u00ean d\u1ecbch, xu\u1ea5t b\u1ea3n v\u00e0 ph\u00e1t h\u00e0nh c\u00e1c xu\u1ea5t b\u1ea3n ph\u1ea9m c\u00f3 n\u1ed9i dung: gi\u00e1o d\u1ee5c truy\u1ec1n th\u1ed1ng d\u00e2n t\u1ed9c, gi\u00e1o d\u1ee5c v\u1ec1 tri th\u1ee9c, ki\u1ebfn th\u1ee9c\u2026 tr\u00ean c\u00e1c l\u0129nh v\u1ef1c v\u0103n h\u1ecdc, ngh\u1ec7 thu\u1eadt, khoa h\u1ecdc k\u1ef9 thu\u1eadt nh\u1eb1m cung c\u1ea5p cho c\u00e1c em thi\u1ebfu nhi c\u0169ng nh\u01b0 c\u00e1c b\u1eadc ph\u1ee5 huynh c\u00e1c ki\u1ebfn th\u1ee9c c\u1ea7n thi\u1ebft trong cu\u1ed9c s\u1ed1ng, nh\u1eefng tinh hoa c\u1ee7a tri th\u1ee9c nh\u00e2n lo\u1ea1i nh\u1eb1m g\u00f3p ph\u1ea7n gi\u00e1o d\u1ee5c v\u00e0 h\u00ecnh th\u00e0nh nh\u00e2n c\u00e1ch th\u1ebf h\u1ec7 tr\u1ebb.<br \/>\u0110\u1ed1i t\u01b0\u1ee3ng ph\u1ee5c v\u1ee5 c\u1ee7a Nh\u00e0 xu\u1ea5t b\u1ea3n l\u00e0 c\u00e1c em t\u1eeb tu\u1ed5i nh\u00e0 tr\u1ebb m\u1eabu gi\u00e1o (1 \u0111\u1ebfn 5 tu\u1ed5i), nhi \u0111\u1ed3ng (6 \u0111\u1ebfn 9 tu\u1ed5i), thi\u1ebfu ni\u00ean (10 \u0111\u1ebfn 15 tu\u1ed5i) \u0111\u1ebfn c\u00e1c em tu\u1ed5i m\u1edbi l\u1edbn (16 \u0111\u1ebfn 18 tu\u1ed5i) v\u00e0 c\u00e1c b\u1eadc ph\u1ee5 huynh.<\/p>\n\n[\/col]\n\n[\/row]\n\n<!-- \/wp:flatsome\/uxbuilder -->","post_title":"Kim \u0110\u1ed3ng","post_excerpt":"","post_status":"publish","comment_status":"closed","ping_status":"closed","post_password":"","post_name":"kim-dong","to_ping":"","pinged":"","post_modified":"2021-02-17 01:31:56","post_modified_gmt":"2021-02-16 23:31:56","post_content_filtered":"","post_parent":0,"guid":"https:\/\/sachviet.eu\/nha-phat-hanh\/kim-dong\/","menu_order":0,"post_type":"publisher","post_mime_type":"","comment_count":"0","filter":"raw"}},"_links":{"self":[{"href":"https:\/\/sachviet.eu\/en\/wp-json\/wp\/v2\/product\/5863","targetHints":{"allow":["GET"]}}],"collection":[{"href":"https:\/\/sachviet.eu\/en\/wp-json\/wp\/v2\/product"}],"about":[{"href":"https:\/\/sachviet.eu\/en\/wp-json\/wp\/v2\/types\/product"}],"wp:featuredmedia":[{"embeddable":true,"href":"https:\/\/sachviet.eu\/en\/wp-json\/wp\/v2\/media\/5862"}],"wp:attachment":[{"href":"https:\/\/sachviet.eu\/en\/wp-json\/wp\/v2\/media?parent=5863"}],"wp:term":[{"taxonomy":"product_brand","embeddable":true,"href":"https:\/\/sachviet.eu\/en\/wp-json\/wp\/v2\/product_brand?post=5863"},{"taxonomy":"product_cat","embeddable":true,"href":"https:\/\/sachviet.eu\/en\/wp-json\/wp\/v2\/product_cat?post=5863"},{"taxonomy":"product_tag","embeddable":true,"href":"https:\/\/sachviet.eu\/en\/wp-json\/wp\/v2\/product_tag?post=5863"}],"curies":[{"name":"wp","href":"https:\/\/api.w.org\/{rel}","templated":true}]}}