{"id":5855,"date":"2021-03-14T02:28:53","date_gmt":"2021-03-14T00:28:53","guid":{"rendered":"https:\/\/sachviet.eu\/shop\/nhung-cau-chuyen-suoi-am-tam-hon-ngoi-nha-trong-co\/"},"modified":"2021-03-23T01:14:47","modified_gmt":"2021-03-22T23:14:47","slug":"nhung-cau-chuyen-suoi-am-tam-hon-ngoi-nha-trong-co","status":"publish","type":"product","link":"https:\/\/sachviet.eu\/en\/shop\/nhung-cau-chuyen-suoi-am-tam-hon-ngoi-nha-trong-co\/","title":{"rendered":"Nh\u1eefng C\u00e2u Chuy\u1ec7n S\u01b0\u1edfi \u1ea4m T\u00e2m H\u1ed3n: Ng\u00f4i Nh\u00e0 Trong C\u1ecf"},"content":{"rendered":"<p>\u201cNg\u01b0\u1eddi vi\u1ebft v\u0103n c\u1ea7n \u0111i\u1ec1u ki\u1ec7n ti\u00ean quy\u1ebft l\u00e0 c\u00f3 n\u0103ng khi\u1ebfu v\u00e0 c\u00f3 b\u1ea3n l\u0129nh. L\u00fd Lan \u0111\u00e3 ch\u1ee9ng t\u1ecf qua t\u00e1c ph\u1ea9m c\u00f3 \u0111i\u1ec1u ki\u1ec7n \u0111\u00e3 n\u00f3i. T\u00f4i th\u1ea5y (\u1edf trong v\u0103n L\u00fd Lan) c\u00e1i t\u01b0\u01a1i tr\u1ebb, c\u00e1i b\u00ecnh d\u00e2n, d\u00e2n ch\u1ee7 v\u00e0 s\u1ef1 ranh m\u00e3nh c\u1ee7a nh\u1eefng c\u00f4 g\u00e1i tr\u1ebb \u1edf S\u00e0i G\u00f2n x\u01b0a v\u00e0 nay.\u201d<\/p>\n<p>&#8211; S\u01a1n Nam \u2013<\/p>\n<p>T\u00e1c gi\u1ea3 L\u00fd Lan<\/p>\n<p>Nh\u00e0 v\u0103n L\u00fd Lan sinh n\u0103m 1957 t\u1ea1i B\u00ecnh D\u01b0\u01a1ng, l\u1edbn l\u00ean \u1edf Ch\u1ee3 L\u1edbn, nay thu\u1ed9c Th\u00e0nh ph\u1ed1 H\u1ed3 Ch\u00ed Minh, t\u1ed1t nghi\u1ec7p \u0111\u1ea1i h\u1ecdc tr\u01b0\u1eddng S\u01b0 Ph\u1ea1m Th\u00e0nh ph\u1ed1 H\u1ed3 Ch\u00ed Minh, cao h\u1ecdc v\u0103n ch\u01b0\u01a1ng Anh tr\u01b0\u1eddng Wake Forest (M\u1ef9), t\u1eebng d\u1ea1y c\u00e1c tr\u01b0\u1eddng THPT C\u1ea7n Giu\u1ed9c, H\u00f9ng V\u01b0\u01a1ng, L\u00ea H\u1ed3ng Phong.<\/p>\n<p>Nh\u00e0 v\u0103n L\u00fd Lan l\u00e0 t\u00e1c gi\u1ea3 c\u00e1c t\u00e1c ph\u1ea9m \u201cB\u00ed m\u1eadt gi\u1eefa t\u00f4i v\u00e0 Th\u1eb1n L\u1eb1n \u0110en\u201d, \u201cBa ng\u01b0\u1eddi v\u00e0 ba con v\u1eadt\u201d, \u201cH\u1ed9i L\u1ed3ng \u0110\u00e8n\u201d; t\u1eadp th\u01a1 \u201cL\u00e0 m\u00ecnh\u201d; c\u00e1c t\u1eadp truy\u1ec7n ng\u1eafn \u201cCh\u00fat l\u00e3ng m\u1ea1n trong m\u01b0a\u201d, \u201cChi\u00eam bao th\u1ea5y n\u00fai\u201d, \u201c\u0110\u1ea5t kh\u00e1ch\u201d, \u201cQu\u00e1 ch\u00e9n\u201d, \u201cH\u1ed3i xu\u00e2n\u201d, \u201cNg\u01b0\u1eddi \u0111\u00e0n b\u00e0 k\u1ec3 chuy\u1ec7n\u201d; c\u00e1c truy\u1ec7n d\u00e0i \u201cL\u1ec7 Mai\u201d, \u201cN\u01a1i b\u00ecnh y\u00ean chim h\u00f3t\u201d, \u201cCh\u00e2n dung ng\u01b0\u1eddi hoa\u201d, \u201cTi\u1ec3u thuy\u1ebft \u0111\u00e0n b\u00e0\u201d; c\u00e1c t\u1ea1p v\u0103n \u201cMi\u00ean man tu\u1ef3 b\u00fat\u201d, \u201cTr\u01b0\u1edbc ng\u01b0\u1ee1ng c\u1eeda cu\u1ed9c \u0111\u1eddi\u201d, \u201cB\u00e0y t\u1ecf t\u00ecnh y\u00eau\u201d, \u201c\u0110\u1ebfn t\u1eeb D\u00f2n M\u00e9 S\u00e1n\u201d&#8230; V\u00e0 c\u0169ng l\u00e0 d\u1ecbch gi\u1ea3 b\u1ed9 truy\u1ec7n Harry Potter.<\/p>\n<p>\u201cNg\u00f4i nh\u00e0 trong c\u1ecf\u201d \u0111o\u1ea1t gi\u1ea3i A Cu\u1ed9c thi s\u00e1ng t\u00e1c cho Nhi \u0111\u1ed3ng (1982-1984) do Nh\u00e0 xu\u1ea5t b\u1ea3n Kim \u0110\u1ed3ng v\u00e0 H\u1ed9i Nh\u00e0 v\u0103n t\u1ed5 ch\u1ee9c.<\/p>\n","protected":false},"excerpt":{"rendered":"<p>\u201cNg\u01b0\u1eddi vi\u1ebft v\u0103n c\u1ea7n \u0111i\u1ec1u ki\u1ec7n ti\u00ean quy\u1ebft l\u00e0 c\u00f3 n\u0103ng khi\u1ebfu v\u00e0 c\u00f3 b\u1ea3n l\u0129nh. L\u00fd Lan \u0111\u00e3 ch\u1ee9ng t\u1ecf qua t\u00e1c ph\u1ea9m c\u00f3 \u0111i\u1ec1u ki\u1ec7n \u0111\u00e3 n\u00f3i. T\u00f4i th\u1ea5y (\u1edf trong v\u0103n L\u00fd Lan) c\u00e1i t\u01b0\u01a1i tr\u1ebb, c\u00e1i b\u00ecnh d\u00e2n, d\u00e2n ch\u1ee7 v\u00e0 s\u1ef1 ranh m\u00e3nh c\u1ee7a nh\u1eefng c\u00f4 g\u00e1i tr\u1ebb \u1edf S\u00e0i G\u00f2n x\u01b0a v\u00e0 nay.\u201d<\/p>\n","protected":false},"featured_media":5848,"template":"","meta":{"_acf_changed":false},"product_brand":[],"product_cat":[25,17,26],"product_tag":[],"class_list":{"0":"post-5855","1":"product","2":"type-product","3":"status-publish","4":"has-post-thumbnail","6":"product_cat-nhi-dong-6-tuoi-12-tuoi","7":"product_cat-sach-danh-cho-cac-be","8":"product_cat-thieu-nien-11-tuoi-18-tuoi","10":"first","11":"outofstock","12":"taxable","13":"shipping-taxable","14":"purchasable","15":"product-type-simple"},"supplier_id":null,"supplier_sku":"","barcode":null,"atum_controlled":true,"out_stock_date":"2021-03-14 00:56:34","out_stock_threshold":null,"inheritable":false,"inbound_stock":0,"stock_on_hold":0,"sold_today":0,"sales_last_days":0,"reserved_stock":0,"customer_returns":0,"warehouse_damage":0,"lost_in_post":0,"other_logs":0,"out_stock_days":1781,"lost_sales":0,"has_location":false,"update_date":"2026-01-28T23:10:38","atum_locations":[],"atum_stock_status":"outofstock","restock_status":false,"low_stock_amount":"","sales_update_date":"2026-01-28T23:10:38","calc_backorders":null,"acf":{"publisher":{"ID":1454,"post_author":"1","post_date":"2021-02-17 01:11:34","post_date_gmt":"2021-02-16 23:11:34","post_content":"<!-- wp:flatsome\/uxbuilder -->\n<h1 style=\"text-align: center;\"><strong>Kim \u0110\u1ed3ng<\/strong><\/h1>\n[row]\n\n[col span=\"3\" span__sm=\"12\"]\n\n[ux_image id=\"1534\" image_size=\"medium\"]\n\n\n[\/col]\n[col span=\"9\" span__sm=\"12\"]\n\n<p>Nh\u00e0 xu\u1ea5t b\u1ea3n Kim \u0110\u1ed3ng tr\u1ef1c thu\u1ed9c Trung \u01b0\u01a1ng \u0110o\u00e0n TNCS H\u1ed3 Ch\u00ed Minh l\u00e0 Nh\u00e0 xu\u1ea5t b\u1ea3n t\u1ed5ng h\u1ee3p c\u00f3 ch\u1ee9c n\u0103ng xu\u1ea5t b\u1ea3n s\u00e1ch v\u00e0 v\u0103n h\u00f3a ph\u1ea9m ph\u1ee5c v\u1ee5 thi\u1ebfu nhi v\u00e0 c\u00e1c b\u1eadc ph\u1ee5 huynh trong c\u1ea3 n\u01b0\u1edbc, qu\u1ea3ng b\u00e1 v\u00e0 gi\u1edbi thi\u1ec7u v\u0103n h\u00f3a Vi\u1ec7t Nam ra th\u1ebf gi\u1edbi.<br \/>Nh\u00e0 xu\u1ea5t b\u1ea3n c\u00f3 nhi\u1ec7m v\u1ee5 t\u1ed5 ch\u1ee9c b\u1ea3n th\u1ea3o, bi\u00ean so\u1ea1n, bi\u00ean d\u1ecbch, xu\u1ea5t b\u1ea3n v\u00e0 ph\u00e1t h\u00e0nh c\u00e1c xu\u1ea5t b\u1ea3n ph\u1ea9m c\u00f3 n\u1ed9i dung: gi\u00e1o d\u1ee5c truy\u1ec1n th\u1ed1ng d\u00e2n t\u1ed9c, gi\u00e1o d\u1ee5c v\u1ec1 tri th\u1ee9c, ki\u1ebfn th\u1ee9c\u2026 tr\u00ean c\u00e1c l\u0129nh v\u1ef1c v\u0103n h\u1ecdc, ngh\u1ec7 thu\u1eadt, khoa h\u1ecdc k\u1ef9 thu\u1eadt nh\u1eb1m cung c\u1ea5p cho c\u00e1c em thi\u1ebfu nhi c\u0169ng nh\u01b0 c\u00e1c b\u1eadc ph\u1ee5 huynh c\u00e1c ki\u1ebfn th\u1ee9c c\u1ea7n thi\u1ebft trong cu\u1ed9c s\u1ed1ng, nh\u1eefng tinh hoa c\u1ee7a tri th\u1ee9c nh\u00e2n lo\u1ea1i nh\u1eb1m g\u00f3p ph\u1ea7n gi\u00e1o d\u1ee5c v\u00e0 h\u00ecnh th\u00e0nh nh\u00e2n c\u00e1ch th\u1ebf h\u1ec7 tr\u1ebb.<br \/>\u0110\u1ed1i t\u01b0\u1ee3ng ph\u1ee5c v\u1ee5 c\u1ee7a Nh\u00e0 xu\u1ea5t b\u1ea3n l\u00e0 c\u00e1c em t\u1eeb tu\u1ed5i nh\u00e0 tr\u1ebb m\u1eabu gi\u00e1o (1 \u0111\u1ebfn 5 tu\u1ed5i), nhi \u0111\u1ed3ng (6 \u0111\u1ebfn 9 tu\u1ed5i), thi\u1ebfu ni\u00ean (10 \u0111\u1ebfn 15 tu\u1ed5i) \u0111\u1ebfn c\u00e1c em tu\u1ed5i m\u1edbi l\u1edbn (16 \u0111\u1ebfn 18 tu\u1ed5i) v\u00e0 c\u00e1c b\u1eadc ph\u1ee5 huynh.<\/p>\n\n[\/col]\n\n[\/row]\n\n<!-- \/wp:flatsome\/uxbuilder -->","post_title":"Kim \u0110\u1ed3ng","post_excerpt":"","post_status":"publish","comment_status":"closed","ping_status":"closed","post_password":"","post_name":"kim-dong","to_ping":"","pinged":"","post_modified":"2021-02-17 01:31:56","post_modified_gmt":"2021-02-16 23:31:56","post_content_filtered":"","post_parent":0,"guid":"https:\/\/sachviet.eu\/nha-phat-hanh\/kim-dong\/","menu_order":0,"post_type":"publisher","post_mime_type":"","comment_count":"0","filter":"raw"}},"_links":{"self":[{"href":"https:\/\/sachviet.eu\/en\/wp-json\/wp\/v2\/product\/5855","targetHints":{"allow":["GET"]}}],"collection":[{"href":"https:\/\/sachviet.eu\/en\/wp-json\/wp\/v2\/product"}],"about":[{"href":"https:\/\/sachviet.eu\/en\/wp-json\/wp\/v2\/types\/product"}],"wp:featuredmedia":[{"embeddable":true,"href":"https:\/\/sachviet.eu\/en\/wp-json\/wp\/v2\/media\/5848"}],"wp:attachment":[{"href":"https:\/\/sachviet.eu\/en\/wp-json\/wp\/v2\/media?parent=5855"}],"wp:term":[{"taxonomy":"product_brand","embeddable":true,"href":"https:\/\/sachviet.eu\/en\/wp-json\/wp\/v2\/product_brand?post=5855"},{"taxonomy":"product_cat","embeddable":true,"href":"https:\/\/sachviet.eu\/en\/wp-json\/wp\/v2\/product_cat?post=5855"},{"taxonomy":"product_tag","embeddable":true,"href":"https:\/\/sachviet.eu\/en\/wp-json\/wp\/v2\/product_tag?post=5855"}],"curies":[{"name":"wp","href":"https:\/\/api.w.org\/{rel}","templated":true}]}}