{"id":5847,"date":"2021-03-14T02:28:45","date_gmt":"2021-03-14T00:28:45","guid":{"rendered":"https:\/\/sachviet.eu\/shop\/con-nit-con-noi-kiddie-kiddo-song-ngu-viet-anh\/"},"modified":"2021-08-22T20:36:47","modified_gmt":"2021-08-22T17:36:47","slug":"con-nit-con-noi-kiddie-kiddo-song-ngu-viet-anh","status":"publish","type":"product","link":"https:\/\/sachviet.eu\/en\/shop\/con-nit-con-noi-kiddie-kiddo-song-ngu-viet-anh\/","title":{"rendered":"Con N\u00edt Con N\u00f4i &#8211; Kiddie Kiddo (Song Ng\u1eef Vi\u1ec7t &#8211; Anh)"},"content":{"rendered":"<p>Nh\u1eefng v\u1ea7n th\u01a1 d\u00ed d\u1ecfm, d\u1ec5 th\u01b0\u01a1ng trong trong t\u1eadp th\u01a1 Con n\u00edt con n\u00f4i \u2013 Kiddie kiddo ch\u1eafc ch\u1eafn s\u1ebd l\u00e0m \u201cm\u1ec1m l\u00f2ng\u201d \u0111\u1ed9c gi\u1ea3 \u1edf m\u1ecdi l\u1ee9a tu\u1ed5i. N\u00e9t v\u1ebd th\u01a1 ng\u00e2y v\u00e0 c\u00e1ch d\u00f9ng m\u00e0u s\u1eafc ng\u1ecdt ng\u00e0o c\u1ee7a Nguy\u1ec5n Thanh Nh\u00e0n c\u00e0ng l\u00e0m cho t\u1eadp th\u01a1 th\u00eam \u0111\u00e1ng y\u00eau.<br \/>\nC\u00f3 th\u1ec3 n\u00f3i, \u0111\u00e2y l\u00e0 t\u1eadp th\u01a1 thi\u1ebfu nhi \u0111\u01b0\u1ee3c Anbooks \u2013 Ankids k\u1ef3 c\u00f4ng th\u1ef1c hi\u1ec7n trong g\u1ea7n m\u1ed9t n\u0103m tr\u1eddi. T\u1eadp th\u01a1 s\u1ebd m\u1edf ra m\u1ed9t th\u1ebf gi\u1edbi h\u1ed3n nhi\u00ean v\u00e0 sinh \u0111\u1ed9ng, n\u01a1i \u0111\u00f3 con n\u00edt \u0111\u01b0\u1ee3c vui ch\u01a1i ch\u1ea1y nh\u1ea3y, l\u00e0m b\u1ea1n v\u1edbi m\u1ecdi v\u1eadt, vui th\u00ec c\u01b0\u1eddi, t\u00e9 \u0111au th\u00ec kh\u00f3c, tha h\u1ed3 th\u1eafc m\u1eafc th\u1eadt ng\u1ed9 ngh\u0129nh m\u00e0 kh\u00f4ng c\u1ea7n c\u00e2u tr\u1ea3 l\u1eddi\u2026 T\u1eadp th\u01a1 c\u0169ng g\u00e2y ng\u1ea1c nhi\u00ean b\u1edfi c\u00e1i nh\u00ecn \u201cnh\u00e2n h\u00f3a\u201d \u0111\u00e1ng y\u00eau cho c\u00e1c \u0111\u1ed3 v\u1eadt xung quanh b\u00e9, t\u1eeb ch\u00fa chim s\u00e2u, \u0111\u00e1m m\u00e2y \u0111en tr\u1eafng, \u0111\u1ebfn \u0111\u1ed3ng h\u1ed3 b\u00e1o th\u1ee9c, chi\u1ebfc \u1ea5m s\u1ee9t quai, \u0111\u00f4i d\u00e9p nh\u1ecf, hay chi\u1ebfc ch\u1ed5i tre\u2026<br \/>\n\u201cB\u1ea1n bi\u1ebft kh\u00f4ng, m\u1ed7i ng\u01b0\u1eddi tr\u00ean tr\u00e1i \u0111\u1ea5t<br \/>\n\u0110\u01b0\u1ee3c sinh ra \u0111\u00e3 l\u00e0 chuy\u1ec7n di\u1ec7u k\u1ef3<br \/>\nN\u00ean b\u1ea1n h\u00e3y tin r\u1eb1ng m\u00ecnh k\u1ef3 di\u1ec7u<br \/>\nL\u00e0m cu\u1ed9c \u0111\u1eddi t\u01b0\u01a1i \u0111\u1eb9p, v\u00e0 m\u00ea ly<\/p>\n<p>\u0110\u1eebng s\u1ee3 m\u1eadp, s\u1ee3 l\u00f9n, hay s\u1ee3 \u1ed1m<br \/>\nCh\u00fang m\u00ecnh c\u1ee9 kh\u1ecfe m\u1ea1nh, l\u00e0 nh\u1ea5t th\u00f4i<br \/>\n\u0110\u1eebng s\u1ee3 d\u1edf m\u00f4n V\u0103n hay m\u00f4n To\u00e1n<br \/>\nChuy\u1ec7n c\u1ea7n h\u01a1n, l\u00e0 m\u00ecnh ph\u1ea3i hay c\u01b0\u1eddi.<\/p>\n<p>Ai ch\u00ea b\u1ea1n s\u1ebd b\u1ecb bu\u1ed3n th\u00fai \u0111\u1ea5t<br \/>\nH\u00e3y khen nhau \u201cc\u1eadu tuy\u1ec7t qu\u00e1\u201d, bi\u1ebft kh\u00f4ng?<br \/>\nM\u1eb7t b\u00e1nh b\u00e8o hay b\u00e1nh bao \u0111\u1ec1u \u0111\u1eb9p<br \/>\nChuy\u1ec7n c\u1ea7n h\u01a1n l\u00e0 \u0111\u1eb9p \u1edf t\u1ea5m l\u00f2ng\u201d<br \/>\n(Tr\u00edch Chuy\u1ec7n di\u1ec7u k\u1ef3 \u2013 Hoa C\u00fac v\u00e0 Mel Mel)<\/p>\n","protected":false},"excerpt":{"rendered":"<p>Nh\u1eefng v\u1ea7n th\u01a1 d\u00ed d\u1ecfm, d\u1ec5 th\u01b0\u01a1ng trong trong t\u1eadp th\u01a1 Con n\u00edt con n\u00f4i \u2013 Kiddie kiddo ch\u1eafc ch\u1eafn s\u1ebd l\u00e0m \u201cm\u1ec1m l\u00f2ng\u201d \u0111\u1ed9c gi\u1ea3 \u1edf m\u1ecdi l\u1ee9a tu\u1ed5i. N\u00e9t v\u1ebd th\u01a1 ng\u00e2y v\u00e0 c\u00e1ch d\u00f9ng m\u00e0u s\u1eafc ng\u1ecdt ng\u00e0o c\u1ee7a Nguy\u1ec5n Thanh Nh\u00e0n c\u00e0ng l\u00e0m cho t\u1eadp th\u01a1 th\u00eam \u0111\u00e1ng y\u00eau.<\/p>\n","protected":false},"featured_media":5840,"template":"","meta":{"_acf_changed":false},"product_brand":[],"product_cat":[17,25,39],"product_tag":[],"class_list":{"0":"post-5847","1":"product","2":"type-product","3":"status-publish","4":"has-post-thumbnail","6":"product_cat-sach-danh-cho-cac-be","7":"product_cat-nhi-dong-6-tuoi-12-tuoi","8":"product_cat-sach-song-ngu-anh-viet","10":"first","11":"outofstock","12":"taxable","13":"shipping-taxable","14":"purchasable","15":"product-type-simple"},"supplier_id":null,"supplier_sku":"","barcode":null,"atum_controlled":true,"out_stock_date":"2021-08-22 17:36:47","out_stock_threshold":null,"inheritable":false,"inbound_stock":0,"stock_on_hold":0,"sold_today":0,"sales_last_days":0,"reserved_stock":0,"customer_returns":0,"warehouse_damage":0,"lost_in_post":0,"other_logs":0,"out_stock_days":1620,"lost_sales":0,"has_location":false,"update_date":"2026-01-28T23:10:38","atum_locations":[],"atum_stock_status":"outofstock","restock_status":false,"low_stock_amount":"","sales_update_date":"2026-01-28T23:10:38","calc_backorders":null,"acf":{"publisher":{"ID":5839,"post_author":"1","post_date":"2021-03-14 02:28:25","post_date_gmt":"2021-03-14 00:28:25","post_content":"","post_title":"Anbooks","post_excerpt":"","post_status":"publish","comment_status":"closed","ping_status":"closed","post_password":"","post_name":"anbooks","to_ping":"","pinged":"","post_modified":"2021-03-15 01:23:05","post_modified_gmt":"2021-03-14 23:23:05","post_content_filtered":"","post_parent":0,"guid":"https:\/\/sachviet.eu\/blog\/nha-phat-hanh\/cty-anbooks\/","menu_order":0,"post_type":"publisher","post_mime_type":"","comment_count":"0","filter":"raw"}},"_links":{"self":[{"href":"https:\/\/sachviet.eu\/en\/wp-json\/wp\/v2\/product\/5847","targetHints":{"allow":["GET"]}}],"collection":[{"href":"https:\/\/sachviet.eu\/en\/wp-json\/wp\/v2\/product"}],"about":[{"href":"https:\/\/sachviet.eu\/en\/wp-json\/wp\/v2\/types\/product"}],"wp:featuredmedia":[{"embeddable":true,"href":"https:\/\/sachviet.eu\/en\/wp-json\/wp\/v2\/media\/5840"}],"wp:attachment":[{"href":"https:\/\/sachviet.eu\/en\/wp-json\/wp\/v2\/media?parent=5847"}],"wp:term":[{"taxonomy":"product_brand","embeddable":true,"href":"https:\/\/sachviet.eu\/en\/wp-json\/wp\/v2\/product_brand?post=5847"},{"taxonomy":"product_cat","embeddable":true,"href":"https:\/\/sachviet.eu\/en\/wp-json\/wp\/v2\/product_cat?post=5847"},{"taxonomy":"product_tag","embeddable":true,"href":"https:\/\/sachviet.eu\/en\/wp-json\/wp\/v2\/product_tag?post=5847"}],"curies":[{"name":"wp","href":"https:\/\/api.w.org\/{rel}","templated":true}]}}