{"id":5838,"date":"2021-03-14T02:28:23","date_gmt":"2021-03-14T00:28:23","guid":{"rendered":"https:\/\/sachviet.eu\/shop\/ong-gia-va-muoi-chu-ma-bundle-3-quyen\/"},"modified":"2022-12-19T18:47:02","modified_gmt":"2022-12-19T16:47:02","slug":"ong-gia-va-muoi-chu-ma-bundle-3-quyen","status":"publish","type":"product","link":"https:\/\/sachviet.eu\/en\/shop\/ong-gia-va-muoi-chu-ma-bundle-3-quyen\/","title":{"rendered":"\u00d4ng Gi\u00e0 V\u00e0 M\u01b0\u1eddi Ch\u00fa Ma &#8211; Bundle 3 quy\u1ec3n"},"content":{"rendered":"<p>\u00d4NG GI\u00c0 V\u00c0 M\u01af\u1edcI CH\u00da MA<br \/>\nM\u1edbi \u0111\u1ea7u m\u00ecnh ngh\u0129 b\u1ed9 truy\u1ec7n n\u00e0y li\u00ean quan \u0111\u1ebfn ma, ch\u1eafc c\u0169ng s\u1ebd c\u00f3 nh\u1eefng chi ti\u1ebft h\u01b0 \u1ea3o v\u00e0 h\u01a1i \u0111\u00e1ng s\u1ee3 m\u1ed9t ch\u00fat. R\u1ed3i sau khi \u0111\u1ecdc xong m\u1ed9t l\u01b0\u1ee3t, th\u1ea5y c\u00e1c c\u00e2u chuy\u1ec7n tr\u00e0n ng\u1eadp m\u00e0u s\u1eafc vui v\u1ebb, kh\u00f4ng h\u1ec1 li\u00ean quan g\u00ec \u0111\u1ebfn ma qu\u1ef7, c\u0169ng l\u00e0 c\u00e1c chuy\u1ec7n ngh\u1ecbch ng\u1ee3m c\u1ee7a b\u1ecdn tr\u1ebb, nh\u1eefng tr\u00f2 vui \u1ed3n \u00e0o, nh\u1eefng chuy\u1ebfn \u0111i vui h\u1ebft c\u1ee1\u2026th\u00ec m\u00ecnh l\u1ea1i ngh\u0129, sao t\u00e1c gi\u1ea3 l\u1ea1i kh\u00f4ng \u0111\u1ed5i t\u00ean th\u00e0nh ki\u1ec3u nh\u01b0 \u201c\u00f4ng gi\u00e0 v\u00e0 m\u01b0\u1eddi ch\u00fa ch\u00f3 \u0111\u1ed1m\u201d, hay \u201cm\u01b0\u1eddi ch\u00fa m\u00e8o \u0111i t\u1eafm bi\u1ec3n\u201d.\u2026cho n\u00f3 th\u00e2n thu\u1ed9c, g\u1ea7n g\u0169i v\u00e0 ph\u1ea3n \u00e1nh \u0111\u00fang n\u1ed9i dung c\u00e1c c\u00e2u chuy\u1ec7n. \u0110\u1ecdc k\u1ef9 th\u00eam m\u1ed9t ch\u00fat, v\u00e0 \u0111\u1ecdc th\u00eam ph\u1ea7n gi\u1edbi thi\u1ec7u c\u1ee7a t\u00e1c gi\u1ea3, th\u00ec c\u00f3 l\u1ebd truy\u1ec7n l\u00e0 nh\u1eefng ho\u00e0i ni\u1ec7m c\u1ee7a t\u00e1c gi\u1ea3 v\u1ec1 th\u1eddi x\u01b0a c\u0169, v\u1ec1 nh\u1eefng ng\u01b0\u1eddi th\u00e2n: \u00f4ng, b\u00e0, b\u1ed1 m\u1eb9 v\u00e0 v\u1ec1 nh\u1eefng k\u1ec9 ni\u1ec7m b\u00ean nh\u1eefng ng\u01b0\u1eddi th\u00e2n y\u00eau. Nh\u1eefng ho\u00e0i ni\u1ec7m gi\u1ed1ng nh\u01b0 m\u1ed9t m\u1ea1ch ng\u1ea7m tu\u00f4n ch\u1ea3y trong l\u00f2ng t\u00e1c gi\u1ea3. K\u1ec9 ni\u1ec7m v\u1ec1 nh\u1eefng l\u1ea7n \u0111\u01b0\u1ee3c cha m\u1eb9 d\u1eabn \u0111i t\u1eafm bi\u1ec3n, \u0103n c\u01a1m h\u1ed9p, hay b\u1ecb ch\u00e1y n\u1eafng&#8230;K\u1ec9 ni\u1ec7m v\u1ec1 ng\u00e0y sinh nh\u1eadt th\u1eddi c\u00f2n ch\u01b0a \u0111\u1ee7 \u0111\u1ea7y, c\u00f2n thi\u1ebfu th\u1ed1n nh\u01b0ng v\u1eabn h\u1ea1nh ph\u00fac v\u00e0 c\u00f3 b\u1ed1 m\u1eb9 \u1edf b\u00ean. Hay c\u00f3 khi ch\u1ec9 l\u00e0 nh\u1eefng k\u00ed \u1ee9c v\u1ec1 m\u1ed9t c\u1ee5 gi\u00e0 c\u00f4 \u0111\u01a1n s\u1ed1ng c\u00f9ng khu ph\u1ed1\u2026.<br \/>\nK\u00ed \u1ee9c kh\u00f4ng c\u00f3 tu\u1ed5i, k\u00ed \u1ee9c s\u1ebd l\u00e0m gi\u00e0u c\u1ea3m x\u00fac c\u1ee7a b\u1ea1n, l\u00e0 m\u1ed9t c\u00e1ch \u0111\u1ec3 b\u1ea1n nh\u1edb v\u1ec1 nh\u1eefng ng\u00e0y x\u01b0a, v\u1ec1 nh\u1eefng ng\u01b0\u1eddi th\u00e2n y\u00eau x\u01b0a c\u0169.<br \/>\nNh\u1eefng ng\u01b0\u1eddi mu\u00f4n n\u0103m c\u0169<br \/>\nH\u1ed3n \u1edf \u0111\u00e2u b\u00e2y gi\u1edd!<br \/>\nB\u1ed9 truy\u1ec7n tranh v\u1ec1 M\u01af\u1edcI CH\u00da MA g\u1ed3m 3 cu\u1ed1n<br \/>\n\u00d4NG GI\u00c0 V\u00c0 M\u01af\u1edcI CH\u00da MA<br \/>\nB\u1eeeA TI\u1ec6C SINH NH\u1eacT C\u1ee6A M\u01af\u1edcI CH\u00da MA<br \/>\nM\u01af\u1edcI CH\u00da MA \u0110I T\u1eaeM BI\u1ec2N<\/p>\n","protected":false},"excerpt":{"rendered":"<p>Nh\u1eefng c\u00e2u chuy\u1ec7n d\u1ec5 th\u01b0\u01a1ng xoay quanh 10 ch\u00fa ma gi\u00fap \u00f4ng gi\u00e0 s\u1ed1ng c\u00f4 \u0111\u1ed9c m\u1ed9t m\u00ecnh.<\/p>\n","protected":false},"featured_media":5829,"template":"","meta":{"_acf_changed":false},"product_brand":[],"product_cat":[24,25,17],"product_tag":[81],"class_list":{"0":"post-5838","1":"product","2":"type-product","3":"status-publish","4":"has-post-thumbnail","6":"product_cat-nha-tre-mau-giao-0-tuoi-6-tuoi","7":"product_cat-nhi-dong-6-tuoi-12-tuoi","8":"product_cat-sach-danh-cho-cac-be","9":"product_tag-sach-gia-uu-dai","11":"first","12":"outofstock","13":"sale","14":"taxable","15":"shipping-taxable","16":"purchasable","17":"product-type-woosb"},"supplier_id":null,"supplier_sku":"","barcode":null,"atum_controlled":true,"out_stock_date":"2021-03-14 00:28:24","out_stock_threshold":null,"inheritable":false,"inbound_stock":null,"stock_on_hold":0,"sold_today":0,"sales_last_days":0,"reserved_stock":null,"customer_returns":null,"warehouse_damage":null,"lost_in_post":null,"other_logs":null,"out_stock_days":1781,"lost_sales":0,"has_location":false,"update_date":"2026-01-28T23:10:38","atum_locations":[],"atum_stock_status":"outofstock","restock_status":false,"low_stock_amount":"","sales_update_date":"2026-01-28T23:10:38","calc_backorders":null,"acf":{"publisher":{"ID":1454,"post_author":"1","post_date":"2021-02-17 01:11:34","post_date_gmt":"2021-02-16 23:11:34","post_content":"<!-- wp:flatsome\/uxbuilder -->\n<h1 style=\"text-align: center;\"><strong>Kim \u0110\u1ed3ng<\/strong><\/h1>\n[row]\n\n[col span=\"3\" span__sm=\"12\"]\n\n[ux_image id=\"1534\" image_size=\"medium\"]\n\n\n[\/col]\n[col span=\"9\" span__sm=\"12\"]\n\n<p>Nh\u00e0 xu\u1ea5t b\u1ea3n Kim \u0110\u1ed3ng tr\u1ef1c thu\u1ed9c Trung \u01b0\u01a1ng \u0110o\u00e0n TNCS H\u1ed3 Ch\u00ed Minh l\u00e0 Nh\u00e0 xu\u1ea5t b\u1ea3n t\u1ed5ng h\u1ee3p c\u00f3 ch\u1ee9c n\u0103ng xu\u1ea5t b\u1ea3n s\u00e1ch v\u00e0 v\u0103n h\u00f3a ph\u1ea9m ph\u1ee5c v\u1ee5 thi\u1ebfu nhi v\u00e0 c\u00e1c b\u1eadc ph\u1ee5 huynh trong c\u1ea3 n\u01b0\u1edbc, qu\u1ea3ng b\u00e1 v\u00e0 gi\u1edbi thi\u1ec7u v\u0103n h\u00f3a Vi\u1ec7t Nam ra th\u1ebf gi\u1edbi.<br \/>Nh\u00e0 xu\u1ea5t b\u1ea3n c\u00f3 nhi\u1ec7m v\u1ee5 t\u1ed5 ch\u1ee9c b\u1ea3n th\u1ea3o, bi\u00ean so\u1ea1n, bi\u00ean d\u1ecbch, xu\u1ea5t b\u1ea3n v\u00e0 ph\u00e1t h\u00e0nh c\u00e1c xu\u1ea5t b\u1ea3n ph\u1ea9m c\u00f3 n\u1ed9i dung: gi\u00e1o d\u1ee5c truy\u1ec1n th\u1ed1ng d\u00e2n t\u1ed9c, gi\u00e1o d\u1ee5c v\u1ec1 tri th\u1ee9c, ki\u1ebfn th\u1ee9c\u2026 tr\u00ean c\u00e1c l\u0129nh v\u1ef1c v\u0103n h\u1ecdc, ngh\u1ec7 thu\u1eadt, khoa h\u1ecdc k\u1ef9 thu\u1eadt nh\u1eb1m cung c\u1ea5p cho c\u00e1c em thi\u1ebfu nhi c\u0169ng nh\u01b0 c\u00e1c b\u1eadc ph\u1ee5 huynh c\u00e1c ki\u1ebfn th\u1ee9c c\u1ea7n thi\u1ebft trong cu\u1ed9c s\u1ed1ng, nh\u1eefng tinh hoa c\u1ee7a tri th\u1ee9c nh\u00e2n lo\u1ea1i nh\u1eb1m g\u00f3p ph\u1ea7n gi\u00e1o d\u1ee5c v\u00e0 h\u00ecnh th\u00e0nh nh\u00e2n c\u00e1ch th\u1ebf h\u1ec7 tr\u1ebb.<br \/>\u0110\u1ed1i t\u01b0\u1ee3ng ph\u1ee5c v\u1ee5 c\u1ee7a Nh\u00e0 xu\u1ea5t b\u1ea3n l\u00e0 c\u00e1c em t\u1eeb tu\u1ed5i nh\u00e0 tr\u1ebb m\u1eabu gi\u00e1o (1 \u0111\u1ebfn 5 tu\u1ed5i), nhi \u0111\u1ed3ng (6 \u0111\u1ebfn 9 tu\u1ed5i), thi\u1ebfu ni\u00ean (10 \u0111\u1ebfn 15 tu\u1ed5i) \u0111\u1ebfn c\u00e1c em tu\u1ed5i m\u1edbi l\u1edbn (16 \u0111\u1ebfn 18 tu\u1ed5i) v\u00e0 c\u00e1c b\u1eadc ph\u1ee5 huynh.<\/p>\n\n[\/col]\n\n[\/row]\n\n<!-- \/wp:flatsome\/uxbuilder -->","post_title":"Kim \u0110\u1ed3ng","post_excerpt":"","post_status":"publish","comment_status":"closed","ping_status":"closed","post_password":"","post_name":"kim-dong","to_ping":"","pinged":"","post_modified":"2021-02-17 01:31:56","post_modified_gmt":"2021-02-16 23:31:56","post_content_filtered":"","post_parent":0,"guid":"https:\/\/sachviet.eu\/nha-phat-hanh\/kim-dong\/","menu_order":0,"post_type":"publisher","post_mime_type":"","comment_count":"0","filter":"raw"}},"_links":{"self":[{"href":"https:\/\/sachviet.eu\/en\/wp-json\/wp\/v2\/product\/5838","targetHints":{"allow":["GET"]}}],"collection":[{"href":"https:\/\/sachviet.eu\/en\/wp-json\/wp\/v2\/product"}],"about":[{"href":"https:\/\/sachviet.eu\/en\/wp-json\/wp\/v2\/types\/product"}],"wp:featuredmedia":[{"embeddable":true,"href":"https:\/\/sachviet.eu\/en\/wp-json\/wp\/v2\/media\/5829"}],"wp:attachment":[{"href":"https:\/\/sachviet.eu\/en\/wp-json\/wp\/v2\/media?parent=5838"}],"wp:term":[{"taxonomy":"product_brand","embeddable":true,"href":"https:\/\/sachviet.eu\/en\/wp-json\/wp\/v2\/product_brand?post=5838"},{"taxonomy":"product_cat","embeddable":true,"href":"https:\/\/sachviet.eu\/en\/wp-json\/wp\/v2\/product_cat?post=5838"},{"taxonomy":"product_tag","embeddable":true,"href":"https:\/\/sachviet.eu\/en\/wp-json\/wp\/v2\/product_tag?post=5838"}],"curies":[{"name":"wp","href":"https:\/\/api.w.org\/{rel}","templated":true}]}}