{"id":5819,"date":"2021-03-14T02:27:59","date_gmt":"2021-03-14T00:27:59","guid":{"rendered":"https:\/\/sachviet.eu\/shop\/trong-cai-khong-co-gi-khong\/"},"modified":"2023-12-22T12:50:35","modified_gmt":"2023-12-22T10:50:35","slug":"trong-cai-khong-co-gi-khong","status":"publish","type":"product","link":"https:\/\/sachviet.eu\/en\/shop\/trong-cai-khong-co-gi-khong\/","title":{"rendered":"Trong C\u00e1i Kh\u00f4ng C\u00f3 G\u00ec Kh\u00f4ng?"},"content":{"rendered":"<p>Thi\u1ec1n s\u01b0 Th\u00edch Nh\u1ea5t H\u1ea1nh \u0111\u00e3 gi\u1ea3i \u0111\u00e1p \u0111\u01b0\u1ee3c nh\u1eefng c\u00e2u h\u1ecfi kh\u00f3, ng\u1ed9 ngh\u0129nh v\u00e0 ch\u00e2n th\u00e0nh c\u1ee7a c\u00e1c em nh\u1ecf trong m\u1ecdi l\u1ee9a tu\u1ed5i.<\/p>\n<p>Vui t\u01b0\u01a1i m\u00e0 s\u00e2u s\u1eafc, \u201cTrong c\u00e1i KH\u00d4ng c\u00f3 c\u00e1i g\u00ec kh\u00f4ng?\u201d l\u00e0 l\u1eddi gi\u1ea3i \u0111\u00e1p ho\u00e0n to\u00e0n th\u00edch h\u1ee3p cho nh\u1eefng c\u00e2u h\u1ecfi c\u1ee7a c\u00e1c b\u1ea1n nh\u1ecf, cho nh\u1eefng ng\u01b0\u1eddi l\u1edbn \u0111ang \u0111i t\u00ecm nh\u1eefng c\u00e2u tr\u1ea3 l\u1eddi cho con em h\u1ecd, hay cho nh\u1eefng ai \u0111ang c\u00f3 nh\u1eefng c\u00e2u h\u1ecfi c\u1ee7a ri\u00eang m\u00ecnh.<\/p>\n","protected":false},"excerpt":{"rendered":"<p>Nh\u1eefng th\u1eafc m\u1eafc, nh\u1eefng c\u00e2u h\u1ecfi kh\u00f3 c\u1ee7a tr\u1ebb, v\u00e0 th\u1eadm ch\u00ed c\u1ea3 c\u1ee7a ng\u01b0\u1eddi l\u1edbn \u0111\u00e3 \u0111\u01b0\u1ee3c thi\u1ec1n s\u01b0 Th\u00edch Nh\u1ea5t H\u1ea1nh gi\u1ea3i th\u00edch theo c\u00e1ch ri\u00eang c\u1ee7a m\u00ecnh, r\u1ea5t vui t\u01b0\u01a1i m\u00e0 s\u00e2u s\u1eafc. C\u00e1c c\u00e2u tr\u1ea3 l\u1eddi l\u00e0 m\u1ed9t g\u1ee3i m\u1edf cho tr\u1ebb con h\u01b0\u1edbng t\u00e2m m\u00ecnh v\u1ec1 c\u00e1c gi\u00e1 tr\u1ecb ch\u00e2n-thi\u1ec7n-m\u1ef9. Thi\u1ec1n s\u01b0 c\u0169ng b\u1eb1ng nh\u1eefng c\u00e1ch d\u1ec5 hi\u1ec3u nh\u1ea5t h\u01b0\u1edbng d\u1eabn c\u00e1c b\u00e9 b\u1eaft \u0111\u1ea7u \u0111\u1ec3 \u00fd \u0111\u1ebfn th\u00e2n t\u00e2m m\u00ecnh \u1edf m\u1ee9c \u0111\u1ed9 s\u01a1 kh\u1edfi nh\u1ea5t l\u00e0 nh\u1edb \u0111\u1ebfn h\u01a1i th\u1edf, v\u00e0 c\u00e1ch th\u1ef1c h\u00e0nh l\u00f2ng c\u1edfi m\u1edf bao dung v\u1edbi v\u1ea1n v\u1eadt, c\u1ed9ng \u0111\u1ed3ng v\u00e0 m\u00f4i tr\u01b0\u1eddng&#8230;<br \/>\nT\u1ea1i sao m\u1eb7t tr\u1eddi l\u1ea1i n\u00f3ng?<br \/>\nB\u1ea5t c\u1ee9 c\u00e1i g\u00ec c\u0169ng c\u00f3 b\u1ea3n ch\u1ea5t ri\u00eang c\u1ee7a \u00f3, nh\u01b0 l\u1ebd t\u1ef1 nhi\u00ean l\u00e0 v\u1eady. N\u1ebfu m\u1eb7t tr\u1eddi kh\u00f4ng \u0111\u1ee7 n\u00f3ng th\u00ec sinh v\u1eadt tr\u00ean Tr\u00e1i \u0111\u1ea5t s\u1ebd kh\u00f4ng \u0111\u1ee7 h\u01a1i \u1ea5m v\u00e0 ch\u00fang ta s\u1ebd ch\u1ebft. V\u00ec v\u1eady, m\u1eb7t tr\u1eddi c\u1ea7n ph\u1ea3i n\u00f3ng, c\u0169ng nh\u01b0 c\u00e2y th\u00ec c\u1ea7n ph\u1ea3i xanh v\u00e0 con ng\u01b0\u1eddi c\u1ea7n ph\u1ea3i nh\u1eb9 nh\u00e0ng, h\u00f2a \u00e1i. Tr\u1ebb em c\u00f3 th\u1ec3 t\u1eadp l\u00e0m ng\u01b0\u1eddi t\u1eed t\u1ebf, d\u1ec5 th\u01b0\u01a1ng b\u1eb1ng c\u00e1ch \u0111i v\u00e0 th\u1edf trong ch\u00e1nh ni\u1ec7m. Nh\u01b0 th\u1ebf gh\u0129a l\u00e0 c\u00e1c con \u0111ang l\u00e0m ph\u1ea7n c\u1ee7a m\u00ecnh, m\u1eb7t tr\u1eddi c\u0169ng \u0111ang l\u00e0m ph\u1ea7n c\u1ee7a M\u1eb7t tr\u1eddi. B\u1eb1ng c\u00e1ch \u0111\u00f3, ch\u00fang ta n\u00e2ng \u0111\u1ee1 l\u1eabn nhau.<br \/>\nT\u1ea1i sao c\u00f3 \u0111\u00f4i khi con c\u1ea3m th\u1ea5y c\u00f4 \u0111\u01a1n v\u00e0 kh\u00f4ng ai th\u01b0\u01a1ng con c\u1ea3?<br \/>\n\u0110\u00f4i khi, m\u1ecdi ng\u01b0\u1eddi chung quanh con qu\u00e1 b\u1eadn r\u1ed9n v\u00e0 qu\u00ean th\u1ec3 hi\u1ec7n t\u00ecnh th\u01b0\u01a1ng. Nh\u01b0ng n\u1ebfu con c\u1ea3m th\u1ea5y d\u01b0\u1eddng nh\u01b0 kh\u00f4ng c\u00f3 ai th\u01b0\u01a1ng m\u00ecnh c\u1ea3, con v\u1eabn lu\u00f4n c\u00f3 th\u1ec3 nh\u00ecn ra thi\u00ean nhi\u00ean r\u1ed9ng l\u1edbn b\u00ean ngo\u00e0i. Con c\u00f3 th\u1ea5y c\u00e1i c\u00e2y xanh ngo\u00e0i kia kh\u00f4ng? C\u00e1i c\u00e2y \u0111\u00f3 r\u1ea5t th\u01b0\u01a1ng con. N\u00f3 \u0111ang hi\u1ebfn t\u1eb7ng t\u1ea5t c\u1ea3 v\u1ebb \u0111\u1eb9p v\u00e0 s\u1ef1 t\u01b0\u01a1i m\u00e1t c\u1ee7a m\u00ecnh cho con, n\u00f3 c\u00f2n cho con d\u01b0\u1ee1ng kh\u00ed \u0111\u1ec3 th\u1edf. Tr\u00e1i \u0111\u1ea5t c\u0169ng th\u01b0\u01a1ng con, Tr\u00e1i \u0111\u1ea5t cho con n\u01b0\u1edbc m\u00e1t v\u00e0 tr\u00e1i ng\u1ecdt \u0111\u1ec3 \u0103n. Th\u1ebf gi\u1edbi n\u00e0y b\u00e0y t\u1ecf t\u00ecnh th\u01b0\u01a1ng d\u01b0\u1edbi r\u1ea5t nhi\u1ec1u h\u00ecnh th\u1ee9c h\u00e1c nhau ch\u1ee9 kh\u00f4ng ch\u1ec9 b\u1eb1ng l\u1eddi n\u00f3i.<\/p>\n","protected":false},"featured_media":5804,"template":"","meta":{"_acf_changed":false},"product_brand":[],"product_cat":[25,17,15,46],"product_tag":[81],"class_list":{"0":"post-5819","1":"product","2":"type-product","3":"status-publish","4":"has-post-thumbnail","6":"product_cat-nhi-dong-6-tuoi-12-tuoi","7":"product_cat-sach-danh-cho-cac-be","8":"product_cat-sach-danh-cho-nguoi-lon","9":"product_cat-ky-nang-song","10":"product_tag-sach-gia-uu-dai","12":"first","13":"outofstock","14":"sale","15":"taxable","16":"shipping-taxable","17":"purchasable","18":"product-type-simple"},"supplier_id":null,"supplier_sku":"","barcode":null,"atum_controlled":true,"out_stock_date":"2023-12-22 10:50:35","out_stock_threshold":null,"inheritable":false,"inbound_stock":0,"stock_on_hold":0,"sold_today":0,"sales_last_days":0,"reserved_stock":0,"customer_returns":0,"warehouse_damage":0,"lost_in_post":0,"other_logs":0,"out_stock_days":768,"lost_sales":0,"has_location":false,"update_date":"2026-01-28T23:10:38","atum_locations":[],"atum_stock_status":"outofstock","restock_status":false,"low_stock_amount":"","sales_update_date":"2026-01-28T23:10:38","calc_backorders":null,"acf":{"publisher":{"ID":1454,"post_author":"1","post_date":"2021-02-17 01:11:34","post_date_gmt":"2021-02-16 23:11:34","post_content":"<!-- wp:flatsome\/uxbuilder -->\n<h1 style=\"text-align: center;\"><strong>Kim \u0110\u1ed3ng<\/strong><\/h1>\n[row]\n\n[col span=\"3\" span__sm=\"12\"]\n\n[ux_image id=\"1534\" image_size=\"medium\"]\n\n\n[\/col]\n[col span=\"9\" span__sm=\"12\"]\n\n<p>Nh\u00e0 xu\u1ea5t b\u1ea3n Kim \u0110\u1ed3ng tr\u1ef1c thu\u1ed9c Trung \u01b0\u01a1ng \u0110o\u00e0n TNCS H\u1ed3 Ch\u00ed Minh l\u00e0 Nh\u00e0 xu\u1ea5t b\u1ea3n t\u1ed5ng h\u1ee3p c\u00f3 ch\u1ee9c n\u0103ng xu\u1ea5t b\u1ea3n s\u00e1ch v\u00e0 v\u0103n h\u00f3a ph\u1ea9m ph\u1ee5c v\u1ee5 thi\u1ebfu nhi v\u00e0 c\u00e1c b\u1eadc ph\u1ee5 huynh trong c\u1ea3 n\u01b0\u1edbc, qu\u1ea3ng b\u00e1 v\u00e0 gi\u1edbi thi\u1ec7u v\u0103n h\u00f3a Vi\u1ec7t Nam ra th\u1ebf gi\u1edbi.<br \/>Nh\u00e0 xu\u1ea5t b\u1ea3n c\u00f3 nhi\u1ec7m v\u1ee5 t\u1ed5 ch\u1ee9c b\u1ea3n th\u1ea3o, bi\u00ean so\u1ea1n, bi\u00ean d\u1ecbch, xu\u1ea5t b\u1ea3n v\u00e0 ph\u00e1t h\u00e0nh c\u00e1c xu\u1ea5t b\u1ea3n ph\u1ea9m c\u00f3 n\u1ed9i dung: gi\u00e1o d\u1ee5c truy\u1ec1n th\u1ed1ng d\u00e2n t\u1ed9c, gi\u00e1o d\u1ee5c v\u1ec1 tri th\u1ee9c, ki\u1ebfn th\u1ee9c\u2026 tr\u00ean c\u00e1c l\u0129nh v\u1ef1c v\u0103n h\u1ecdc, ngh\u1ec7 thu\u1eadt, khoa h\u1ecdc k\u1ef9 thu\u1eadt nh\u1eb1m cung c\u1ea5p cho c\u00e1c em thi\u1ebfu nhi c\u0169ng nh\u01b0 c\u00e1c b\u1eadc ph\u1ee5 huynh c\u00e1c ki\u1ebfn th\u1ee9c c\u1ea7n thi\u1ebft trong cu\u1ed9c s\u1ed1ng, nh\u1eefng tinh hoa c\u1ee7a tri th\u1ee9c nh\u00e2n lo\u1ea1i nh\u1eb1m g\u00f3p ph\u1ea7n gi\u00e1o d\u1ee5c v\u00e0 h\u00ecnh th\u00e0nh nh\u00e2n c\u00e1ch th\u1ebf h\u1ec7 tr\u1ebb.<br \/>\u0110\u1ed1i t\u01b0\u1ee3ng ph\u1ee5c v\u1ee5 c\u1ee7a Nh\u00e0 xu\u1ea5t b\u1ea3n l\u00e0 c\u00e1c em t\u1eeb tu\u1ed5i nh\u00e0 tr\u1ebb m\u1eabu gi\u00e1o (1 \u0111\u1ebfn 5 tu\u1ed5i), nhi \u0111\u1ed3ng (6 \u0111\u1ebfn 9 tu\u1ed5i), thi\u1ebfu ni\u00ean (10 \u0111\u1ebfn 15 tu\u1ed5i) \u0111\u1ebfn c\u00e1c em tu\u1ed5i m\u1edbi l\u1edbn (16 \u0111\u1ebfn 18 tu\u1ed5i) v\u00e0 c\u00e1c b\u1eadc ph\u1ee5 huynh.<\/p>\n\n[\/col]\n\n[\/row]\n\n<!-- \/wp:flatsome\/uxbuilder -->","post_title":"Kim \u0110\u1ed3ng","post_excerpt":"","post_status":"publish","comment_status":"closed","ping_status":"closed","post_password":"","post_name":"kim-dong","to_ping":"","pinged":"","post_modified":"2021-02-17 01:31:56","post_modified_gmt":"2021-02-16 23:31:56","post_content_filtered":"","post_parent":0,"guid":"https:\/\/sachviet.eu\/nha-phat-hanh\/kim-dong\/","menu_order":0,"post_type":"publisher","post_mime_type":"","comment_count":"0","filter":"raw"}},"_links":{"self":[{"href":"https:\/\/sachviet.eu\/en\/wp-json\/wp\/v2\/product\/5819","targetHints":{"allow":["GET"]}}],"collection":[{"href":"https:\/\/sachviet.eu\/en\/wp-json\/wp\/v2\/product"}],"about":[{"href":"https:\/\/sachviet.eu\/en\/wp-json\/wp\/v2\/types\/product"}],"wp:featuredmedia":[{"embeddable":true,"href":"https:\/\/sachviet.eu\/en\/wp-json\/wp\/v2\/media\/5804"}],"wp:attachment":[{"href":"https:\/\/sachviet.eu\/en\/wp-json\/wp\/v2\/media?parent=5819"}],"wp:term":[{"taxonomy":"product_brand","embeddable":true,"href":"https:\/\/sachviet.eu\/en\/wp-json\/wp\/v2\/product_brand?post=5819"},{"taxonomy":"product_cat","embeddable":true,"href":"https:\/\/sachviet.eu\/en\/wp-json\/wp\/v2\/product_cat?post=5819"},{"taxonomy":"product_tag","embeddable":true,"href":"https:\/\/sachviet.eu\/en\/wp-json\/wp\/v2\/product_tag?post=5819"}],"curies":[{"name":"wp","href":"https:\/\/api.w.org\/{rel}","templated":true}]}}