{"id":5803,"date":"2021-03-14T02:27:23","date_gmt":"2021-03-14T00:27:23","guid":{"rendered":"https:\/\/sachviet.eu\/shop\/neu-biet-tram-nam-la-huu-han-an-ban-dac-biet-phien-ban-mau\/"},"modified":"2021-09-07T14:08:30","modified_gmt":"2021-09-07T11:08:30","slug":"neu-biet-tram-nam-la-huu-han-an-ban-dac-biet-phien-ban-mau","status":"publish","type":"product","link":"https:\/\/sachviet.eu\/en\/shop\/neu-biet-tram-nam-la-huu-han-an-ban-dac-biet-phien-ban-mau\/","title":{"rendered":"N\u1ebfu Bi\u1ebft Tr\u0103m N\u0103m L\u00e0 H\u1eefu H\u1ea1n (\u1ea4n B\u1ea3n \u0110\u1eb7c Bi\u1ec7t &#8211; Phi\u00ean B\u1ea3n M\u00e0u)"},"content":{"rendered":"<p>\u201cN\u1ebfu bi\u1ebft tr\u0103m n\u0103m l\u00e0 h\u1eefu h\u1ea1n, c\u1edb g\u00ec ta kh\u00f4ng s\u1ed1ng th\u1eadt s\u00e2u\u2026\u201d<\/p>\n<p>C\u00f3 \u0111\u00f4i khi nh\u1eefng b\u1ed9n b\u1ec1 c\u1ee7a cu\u1ed9c s\u1ed1ng cu\u1ed1n ta \u0111i nh\u01b0 d\u00f2ng n\u01b0\u1edbc h\u1eefng h\u1edd cu\u1ed1n tr\u00f4i chi\u1ebfc l\u00e1. C\u1ee9 th\u1ebf, ta v\u1ed9i v\u00e3 l\u00e0m, v\u1ed9i v\u00e3 \u0103n, v\u1ed9i v\u00e3 ng\u1ee7, v\u1ed9i v\u00e3 y\u00eau v\u00e0 v\u1ed9i v\u00e3\u2026 \u0111\u1ec3 s\u1ed1ng! Ch\u1eafc h\u1eb3n \u0111\u00e3 kh\u00f4ng \u00edt l\u1ea7n m\u1ed7i ch\u00fang ta \u0111\u1ec1u th\u1ed1t l\u00ean \u201cgi\u00e1 nh\u01b0\u2026\u201d<\/p>\n<p>N\u1ebfu Bi\u1ebft Tr\u0103m N\u0103m L\u00e0 H\u1eefu H\u1ea1n, \u0111\u01b0a ng\u01b0\u1eddi \u0111\u1ecdc \u0111\u1ebfn nhi\u1ec1u t\u1ea7ng c\u1ee7a cung b\u1eadc c\u1ea3m x\u00fac, \u0111\u1ebfn nhi\u1ec1u kh\u00f4ng gian t\u01b0\u1edfng ch\u1eebng ta kh\u00f4ng th\u1ec3 quay v\u1ec1. V\u1eeba ho\u00e0i ni\u1ec7m, s\u00e2u s\u1eafc, v\u1eeba gi\u1ea3n d\u1ecb, ch\u00e2n th\u00e0nh, v\u1eeba qu\u00e1 kh\u1ee9, hi\u1ec7n t\u1ea1i.<\/p>\n<p>N\u1ebfu Bi\u1ebft Tr\u0103m N\u0103m L\u00e0 H\u1eefu H\u1ea1n c\u1ee9 th\u1ebf cu\u1ed1n ta \u0111i m\u1ed9t c\u00e1ch nh\u1eb9 nh\u00e0ng v\u00e0 \u0111\u1ea7y s\u00e2u l\u1eafng\u2026 V\u1edbi t\u1eadp h\u1ee3p 40 truy\u1ec7n ng\u1eafn, ch\u1eafc h\u1eb3n \u0111\u00e2u \u0111\u00f3 xung quanh nh\u1eefng c\u00e2u chuy\u1ec7n \u1ea5y, ta s\u1ebd v\u00f4 t\u00ecnh b\u1eaft g\u1eb7p ch\u00ednh ta. N\u1ebfu Bi\u1ebft Tr\u0103m N\u0103m L\u00e0 H\u1eefu H\u1ea1n l\u00e0 m\u1ed9t quy\u1ec3n s\u00e1ch d\u00e0nh cho nhi\u1ec1u ng\u01b0\u1eddi.<\/p>\n<p>\u201cNg\u01b0\u1eddi ta g\u1ecdi tu\u1ed5i m\u1edbi l\u1edbn l\u00e0 \u201ctu\u1ed5i bi\u1ebft bu\u1ed3n\u201d. \u201cBi\u1ebft bu\u1ed3n\u201d t\u1ee9c l\u00e0 ch\u1ea1m ng\u00f5 cu\u1ed9c \u0111\u1eddi r\u1ed3i \u0111\u00f3. Bi\u1ebft bu\u1ed3n t\u1ee9c l\u00e0 b\u1eaft \u0111\u1ea7u nh\u1eadn ra s\u1ef1 hi\u1ec7n h\u1eefu c\u1ee7a nh\u1eefng kho\u1ea3ng tr\u1ed1ng trong t\u00e2m h\u1ed3n. Bi\u1ebft bu\u1ed3n l\u00e0 khi nh\u1eadn ra r\u1eb1ng c\u00f3 nh\u1eefng l\u00fac m\u00ecnh c\u1ea3m th\u1ea5y c\u00f4 \u0111\u1ed9c. Khi \u0111\u00f3, h\u00e3y d\u00e0nh cho s\u1ef1 c\u00f4 \u0111\u1ed9c m\u1ed9t kho\u1ea3ng ri\u00eang, h\u00e3y \u0111\u00f3ng khung s\u1ef1 c\u00f4 \u0111\u01a1n trong gi\u1edbi h\u1ea1n c\u1ee7a n\u00f3, nh\u01b0 m\u1ed9t c\u0103n ph\u00f2ng tr\u1ed1ng trong ng\u00f4i nh\u00e0 t\u00e2m h\u1ed3n. M\u1ed7i l\u1ea7n v\u00e0o c\u0103n ph\u00f2ng \u1ea5y, d\u00f9 t\u1ef1 nguy\u1ec7n hay b\u1ecb x\u00f4 \u0111\u1ea9y, th\u00ec b\u1ea1n v\u1eabn c\u00f3 th\u1ec3 \u0111i\u1ec1m t\u0129nh kh\u00e1m ph\u00e1 b\u1ea3n th\u00e2n trong s\u1ef1 t\u0129nh l\u1eb7ng. \u0111\u1ec3 r\u1ed3i sau \u0111\u00f3, b\u1ea1n b\u00ecnh th\u1ea3n b\u01b0\u1edbc ra, kh\u00e9p c\u00e1nh c\u1eeda l\u1ea1i v\u00e0 tr\u1edf v\u1ec1 v\u1edbi cu\u1ed9c s\u1ed1ng b\u1ec1 b\u1ed9n th\u01b0\u1eddng ng\u00e0y, v\u1ed1n l\u1eafm n\u1ed7i bu\u1ed3n nh\u01b0ng c\u0169ng kh\u00f4ng bao gi\u1edd thi\u1ebfu ni\u1ec1m \u201d (Tr\u00edch \u201cNh\u1eefng kho\u1ea3ng tr\u1ed1ng kh\u00f4ng ph\u1ea3i \u0111\u1ec3 l\u1ea5p \u0111\u1ea7y\u201d)<\/p>\n","protected":false},"excerpt":{"rendered":"<p>\u201cN\u1ebfu bi\u1ebft tr\u0103m n\u0103m l\u00e0 h\u1eefu h\u1ea1n, c\u1edb g\u00ec ta kh\u00f4ng s\u1ed1ng th\u1eadt s\u00e2u\u2026\u201d<\/p>\n<p>C\u00f3 \u0111\u00f4i khi nh\u1eefng b\u1ed9n b\u1ec1 c\u1ee7a cu\u1ed9c s\u1ed1ng cu\u1ed1n ta \u0111i nh\u01b0 d\u00f2ng n\u01b0\u1edbc h\u1eefng h\u1edd cu\u1ed1n tr\u00f4i chi\u1ebfc l\u00e1. C\u1ee9 th\u1ebf, ta v\u1ed9i v\u00e3 l\u00e0m, v\u1ed9i v\u00e3 \u0103n, v\u1ed9i v\u00e3 ng\u1ee7, v\u1ed9i v\u00e3 y\u00eau v\u00e0 v\u1ed9i v\u00e3\u2026 \u0111\u1ec3 s\u1ed1ng! Ch\u1eafc h\u1eb3n \u0111\u00e3 kh\u00f4ng \u00edt l\u1ea7n m\u1ed7i ch\u00fang ta \u0111\u1ec1u th\u1ed1t l\u00ean \u201cgi\u00e1 nh\u01b0\u2026\u201d<\/p>\n<p>N\u1ebfu Bi\u1ebft Tr\u0103m N\u0103m L\u00e0 H\u1eefu H\u1ea1n, \u0111\u01b0a ng\u01b0\u1eddi \u0111\u1ecdc \u0111\u1ebfn nhi\u1ec1u t\u1ea7ng c\u1ee7a cung b\u1eadc c\u1ea3m x\u00fac, \u0111\u1ebfn nhi\u1ec1u kh\u00f4ng gian t\u01b0\u1edfng ch\u1eebng ta kh\u00f4ng th\u1ec3 quay v\u1ec1. V\u1eeba ho\u00e0i ni\u1ec7m, s\u00e2u s\u1eafc, v\u1eeba gi\u1ea3n d\u1ecb, ch\u00e2n th\u00e0nh, v\u1eeba qu\u00e1 kh\u1ee9, hi\u1ec7n t\u1ea1i.<\/p>\n<p>N\u1ebfu Bi\u1ebft Tr\u0103m N\u0103m L\u00e0 H\u1eefu H\u1ea1n c\u1ee9 th\u1ebf cu\u1ed1n ta \u0111i m\u1ed9t c\u00e1ch nh\u1eb9 nh\u00e0ng v\u00e0 \u0111\u1ea7y s\u00e2u l\u1eafng\u2026 V\u1edbi t\u1eadp h\u1ee3p 40 truy\u1ec7n ng\u1eafn, ch\u1eafc h\u1eb3n \u0111\u00e2u \u0111\u00f3 xung quanh nh\u1eefng c\u00e2u chuy\u1ec7n \u1ea5y, ta s\u1ebd v\u00f4 t\u00ecnh b\u1eaft g\u1eb7p ch\u00ednh ta. N\u1ebfu Bi\u1ebft Tr\u0103m N\u0103m L\u00e0 H\u1eefu H\u1ea1n l\u00e0 m\u1ed9t quy\u1ec3n s\u00e1ch d\u00e0nh cho nhi\u1ec1u ng\u01b0\u1eddi.<\/p>\n<p>\u201cNg\u01b0\u1eddi ta g\u1ecdi tu\u1ed5i m\u1edbi l\u1edbn l\u00e0 \u201ctu\u1ed5i bi\u1ebft bu\u1ed3n\u201d. \u201cBi\u1ebft bu\u1ed3n\u201d t\u1ee9c l\u00e0 ch\u1ea1m ng\u00f5 cu\u1ed9c \u0111\u1eddi r\u1ed3i \u0111\u00f3. Bi\u1ebft bu\u1ed3n t\u1ee9c l\u00e0 b\u1eaft \u0111\u1ea7u nh\u1eadn ra s\u1ef1 hi\u1ec7n h\u1eefu c\u1ee7a nh\u1eefng kho\u1ea3ng tr\u1ed1ng trong t\u00e2m h\u1ed3n. Bi\u1ebft bu\u1ed3n l\u00e0 khi nh\u1eadn ra r\u1eb1ng c\u00f3 nh\u1eefng l\u00fac m\u00ecnh c\u1ea3m th\u1ea5y c\u00f4 \u0111\u1ed9c. Khi \u0111\u00f3, h\u00e3y d\u00e0nh cho s\u1ef1 c\u00f4 \u0111\u1ed9c m\u1ed9t kho\u1ea3ng ri\u00eang, h\u00e3y \u0111\u00f3ng khung s\u1ef1 c\u00f4 \u0111\u01a1n trong gi\u1edbi h\u1ea1n c\u1ee7a n\u00f3, nh\u01b0 m\u1ed9t c\u0103n ph\u00f2ng tr\u1ed1ng trong ng\u00f4i nh\u00e0 t\u00e2m h\u1ed3n. M\u1ed7i l\u1ea7n v\u00e0o c\u0103n ph\u00f2ng \u1ea5y, d\u00f9 t\u1ef1 nguy\u1ec7n hay b\u1ecb x\u00f4 \u0111\u1ea9y, th\u00ec b\u1ea1n v\u1eabn c\u00f3 th\u1ec3 \u0111i\u1ec1m t\u0129nh kh\u00e1m ph\u00e1 b\u1ea3n th\u00e2n trong s\u1ef1 t\u0129nh l\u1eb7ng. \u0111\u1ec3 r\u1ed3i sau \u0111\u00f3, b\u1ea1n b\u00ecnh th\u1ea3n b\u01b0\u1edbc ra, kh\u00e9p c\u00e1nh c\u1eeda l\u1ea1i v\u00e0 tr\u1edf v\u1ec1 v\u1edbi cu\u1ed9c s\u1ed1ng b\u1ec1 b\u1ed9n th\u01b0\u1eddng ng\u00e0y, v\u1ed1n l\u1eafm n\u1ed7i bu\u1ed3n nh\u01b0ng c\u0169ng kh\u00f4ng bao gi\u1edd thi\u1ebfu ni\u1ec1m \u201d (Tr\u00edch \u201cNh\u1eefng kho\u1ea3ng tr\u1ed1ng kh\u00f4ng ph\u1ea3i \u0111\u1ec3 l\u1ea5p \u0111\u1ea7y\u201d)<\/p>\n","protected":false},"featured_media":5801,"template":"","meta":{"_acf_changed":false},"product_brand":[],"product_cat":[15,47],"product_tag":[],"class_list":{"0":"post-5803","1":"product","2":"type-product","3":"status-publish","4":"has-post-thumbnail","6":"product_cat-sach-danh-cho-nguoi-lon","7":"product_cat-truyen-ngan-tan-van","9":"first","10":"outofstock","11":"taxable","12":"shipping-taxable","13":"purchasable","14":"product-type-simple"},"supplier_id":null,"supplier_sku":"","barcode":null,"atum_controlled":true,"out_stock_date":"2021-09-07 11:08:30","out_stock_threshold":null,"inheritable":false,"inbound_stock":0,"stock_on_hold":0,"sold_today":0,"sales_last_days":0,"reserved_stock":0,"customer_returns":0,"warehouse_damage":0,"lost_in_post":0,"other_logs":0,"out_stock_days":1604,"lost_sales":0,"has_location":false,"update_date":"2026-01-28T23:10:38","atum_locations":[],"atum_stock_status":"outofstock","restock_status":false,"low_stock_amount":"","sales_update_date":"2026-01-28T23:10:38","calc_backorders":null,"acf":{"publisher":{"ID":5800,"post_author":"1","post_date":"2021-03-14 02:27:19","post_date_gmt":"2021-03-14 00:27:19","post_content":"","post_title":"Ph\u01b0\u01a1ng Nam Book","post_excerpt":"","post_status":"publish","comment_status":"closed","ping_status":"closed","post_password":"","post_name":"phuong-nam-book","to_ping":"","pinged":"","post_modified":"2021-03-14 02:27:19","post_modified_gmt":"2021-03-14 00:27:19","post_content_filtered":"","post_parent":0,"guid":"https:\/\/sachviet.eu\/blog\/nha-phat-hanh\/phuong-nam-book\/","menu_order":0,"post_type":"publisher","post_mime_type":"","comment_count":"0","filter":"raw"}},"_links":{"self":[{"href":"https:\/\/sachviet.eu\/en\/wp-json\/wp\/v2\/product\/5803","targetHints":{"allow":["GET"]}}],"collection":[{"href":"https:\/\/sachviet.eu\/en\/wp-json\/wp\/v2\/product"}],"about":[{"href":"https:\/\/sachviet.eu\/en\/wp-json\/wp\/v2\/types\/product"}],"wp:featuredmedia":[{"embeddable":true,"href":"https:\/\/sachviet.eu\/en\/wp-json\/wp\/v2\/media\/5801"}],"wp:attachment":[{"href":"https:\/\/sachviet.eu\/en\/wp-json\/wp\/v2\/media?parent=5803"}],"wp:term":[{"taxonomy":"product_brand","embeddable":true,"href":"https:\/\/sachviet.eu\/en\/wp-json\/wp\/v2\/product_brand?post=5803"},{"taxonomy":"product_cat","embeddable":true,"href":"https:\/\/sachviet.eu\/en\/wp-json\/wp\/v2\/product_cat?post=5803"},{"taxonomy":"product_tag","embeddable":true,"href":"https:\/\/sachviet.eu\/en\/wp-json\/wp\/v2\/product_tag?post=5803"}],"curies":[{"name":"wp","href":"https:\/\/api.w.org\/{rel}","templated":true}]}}