{"id":5799,"date":"2021-03-14T02:27:17","date_gmt":"2021-03-14T00:27:17","guid":{"rendered":"https:\/\/sachviet.eu\/shop\/pippi-tat-dai\/"},"modified":"2024-08-10T13:16:08","modified_gmt":"2024-08-10T10:16:08","slug":"pippi-tat-dai","status":"publish","type":"product","link":"https:\/\/sachviet.eu\/en\/shop\/pippi-tat-dai\/","title":{"rendered":"Pippi T\u1ea5t D\u00e0i"},"content":{"rendered":"<p>Pippi t\u1ea5t d\u00e0i, m\u1ed9t c\u00e1i t\u00ean \u0111\u00e3 \u0111\u01b0\u1ee3c h\u00e0ng tri\u1ec7u tr\u1ebb em c\u1ee7a bao nhi\u00eau th\u1ebf h\u1ec7 tr\u00ean th\u1ebf gi\u1edbi y\u00eau m\u1ebfn. C\u00f4 b\u00e9 t\u00f3c \u0111\u1ecf, m\u1eb7t \u0111\u1ea7y t\u00e0n nhang tinh qu\u00e1i \u0111\u00f3 l\u00e0 gi\u1ea5c m\u01a1 s\u1ed1ng \u0111\u1ed9ng m\u00e0 c\u00f3 l\u1ebd ch\u01b0a t\u1eebng m\u1ed9t ai kh\u00f4ng \u00f4m \u1ea5p khi ngh\u0129 v\u1ec1 tu\u1ed5i th\u01a1, tr\u1ebb th\u01a1.<\/p>\n<p>B\u00ean s\u00e2n nh\u00e0 c\u1ee7a hai anh em Thomas v\u00e0 Annika, c\u00f3 m\u1ed9t Bi\u1ec7t th\u1ef1 t\u00ean l\u00e0 B\u00e1t Nh\u00e1o nh\u01b0ng ch\u1eb3ng ai \u1edf c\u1ea3. Ch\u00fang m\u01a1 \u01b0\u1edbc c\u00f3 h\u00e0ng x\u00f3m v\u1edbi l\u0169 tr\u1ebb \u0111\u1ec3 ch\u01a1i c\u00f9ng bi\u1ebft bao. V\u00e0  r\u1ed3i m\u1ed9t c\u00f4 b\u1ea1n h\u00e0ng x\u00f3m xu\u1ea5t hi\u1ec7n. C\u00f4 b\u00e9 9 tu\u1ed5i \u1ea5y ch\u1ec9 \u0111i m\u1ed9t m\u00ecnh, v\u1edbi m\u1ed9t ch\u00fa ng\u1ef1a v\u00e0 m\u1ed9t \u00f4ng kh\u1ec9. Ch\u00fang \u0111\u00e3 k\u1ebft th\u00e0nh b\u1ea1n th\u00e2n v\u1edbi nhau.<\/p>\n<p>Pippi c\u00f3 m\u1ed9t va ly \u0111\u1ea7y ti\u1ec1n v\u00e0ng. C\u00f4 b\u00e9 kh\u00f4ng th\u00edch \u0111i h\u1ecdc, v\u00ec t\u1eeb nh\u1ecf \u0111\u00e3 l\u00eanh \u0111\u00eanh tr\u00ean bi\u1ec3n v\u1edbi b\u1ed1 n\u00ean ch\u1eb3ng bi\u1ebft \u0111i h\u1ecdc \u1edf \u0111\u00e2u. \u01af\u1edbc m\u01a1 c\u1ee7a c\u00f4 b\u00e9 l\u00e0 t\u01b0\u01a1ng lai tr\u1edf th\u00e0nh t\u01b0\u1edbng c\u01b0\u1edbp. V\u00e0 c\u00f4 b\u00e9 s\u1ed1ng ho\u00e0n to\u00e0n t\u1ef1 do, kh\u00f4ng ch\u1ecbu \u0111\u01b0\u1ee3c g\u00f2 b\u00f3 n\u00e0o, kh\u00f4ng ai b\u1eaft c\u00f4 \u0111i ng\u1ee7 \u0111\u00fang gi\u1edd khi \u0111ang ch\u01a1i vui, hay b\u1eaft c\u00f4 v\u00e0o nh\u00e0 khi \u0111ang d\u1ea1o m\u00e1t gi\u1eefa v\u01b0\u1eddn trong \u0111\u00eam v\u1eafng. Pippi s\u1eb5n s\u00e0ng \u0111\u1ed1i \u0111\u1ea7u v\u1edbi nh\u1eefng k\u1ebb b\u1eaft n\u1ea1t, b\u1ecdn k\u1ebb tr\u1ed9m hay t\u00ean h\u1ee3m h\u0129nh \u0111\u00f2i mua bi\u1ec7t th\u1ef1 B\u00e1t nh\u00e1o.<\/p>\n<p>Nh\u01b0ng c\u0169ng ch\u00ednh t\u1eeb cu\u1ed9c s\u1ed1ng \u0111\u00f3, Pippi t\u1ef1 l\u1eadp h\u01a1n m\u1ecdi \u0111\u1ee9a tr\u1ebb kh\u00e1c. C\u00f4 b\u00e9 t\u1ea5t d\u00e0i bi\u1ebft s\u1eafp x\u1ebfp l\u1ea5y nh\u00e0 c\u1eeda, n\u1ea5u \u0103n r\u1ea5t ngon, \u01b0a chi\u00eau \u0111\u00e3i b\u1ea1n b\u00e8. Pippi c\u00f3 th\u1ec3 t\u1ef1 g\u1ed9i \u0111\u1ea7u, th\u00edch v\u1ee5c c\u1ea3 m\u1eb7t trong ch\u1eadu n\u01b0\u1edbc; c\u00f3 th\u1ec3 v\u1eeba c\u00e0i khuy sau c\u1ee7a \u00e1o, v\u1eeba t\u1ebft t\u00f3c. H\u01a1n th\u1ebf, Pippi t\u1ea5t d\u00e0i c\u00f3 m\u1ed9t t\u00ecnh c\u1ea3m th\u1eadt kho\u00e1ng \u0111\u1ea1t, n\u1ed3ng n\u00e0n v\u1edbi m\u1ecdi ng\u01b0\u1eddi. C\u00f4 b\u00e9 s\u1eb5n s\u00e0ng nh\u1ea3y l\u00ean c\u1eeda s\u1ed5 mua vui cho hai anh em h\u00e0ng x\u00f3m b\u1ecb \u1ed1m ph\u1ea3i n\u1eb1m nh\u00e0, c\u00f4 l\u00e0m ti\u1ec7c c\u00f9ng c\u00e1c b\u1ea1n ch\u01a1i th\u1eadt vui, v\u00e0 v\u00ec h\u1ecd m\u00e0 c\u00f4 \u1edf l\u1ea1i bi\u1ec7t th\u1ef1 B\u00e1t Nh\u00e1o, kh\u00f4ng l\u00ean thuy\u1ec1n v\u1edbi cha n\u1eefa.<\/p>\n<p>Pippi t\u1ea5t d\u00e0i &#8211; m\u1ed9t c\u00f4 b\u00e9, m\u1ed9t th\u1ebf gi\u1edbi lung linh \u0111\u00e3 l\u00e0m n\u1ee9c l\u00f2ng \u0111\u1ed9c gi\u1ea3 m\u1ecdi l\u1ee9a tu\u1ed5i \u1edf h\u01a1n 100 qu\u1ed1c gia tr\u00ean th\u1ebf gi\u1edbi. H\u00ecnh t\u01b0\u1ee3ng v\u0103n h\u1ecdc s\u1ed1ng \u0111\u1ed9ng n\u00e0y \u0111\u00e3 nhi\u1ec1u l\u1ea7n \u0111\u01b0\u1ee3c d\u1ef1ng th\u00e0nh phim.<\/p>\n","protected":false},"excerpt":{"rendered":"<p>Pippi t\u1ea5t d\u00e0i, m\u1ed9t c\u00e1i t\u00ean \u0111\u00e3 \u0111\u01b0\u1ee3c h\u00e0ng tri\u1ec7u tr\u1ebb em c\u1ee7a bao nhi\u00eau th\u1ebf h\u1ec7 tr\u00ean th\u1ebf gi\u1edbi y\u00eau m\u1ebfn. C\u00f4 b\u00e9 t\u00f3c \u0111\u1ecf, m\u1eb7t \u0111\u1ea7y t\u00e0n nhang tinh qu\u00e1i \u0111\u00f3 l\u00e0 gi\u1ea5c m\u01a1 s\u1ed1ng \u0111\u1ed9ng m\u00e0 c\u00f3 l\u1ebd ch\u01b0a t\u1eebng m\u1ed9t ai kh\u00f4ng \u00f4m \u1ea5p khi ngh\u0129 v\u1ec1 tu\u1ed5i th\u01a1, tr\u1ebb th\u01a1.<\/p>\n<p>B\u00ean s\u00e2n nh\u00e0 c\u1ee7a hai anh em Thomas v\u00e0 Annika, c\u00f3 m\u1ed9t Bi\u1ec7t th\u1ef1 t\u00ean l\u00e0 B\u00e1t Nh\u00e1o nh\u01b0ng ch\u1eb3ng ai \u1edf c\u1ea3. Ch\u00fang m\u01a1 \u01b0\u1edbc c\u00f3 h\u00e0ng x\u00f3m v\u1edbi l\u0169 tr\u1ebb \u0111\u1ec3 ch\u01a1i c\u00f9ng bi\u1ebft bao. V\u00e0  r\u1ed3i m\u1ed9t c\u00f4 b\u1ea1n h\u00e0ng x\u00f3m xu\u1ea5t hi\u1ec7n. C\u00f4 b\u00e9 9 tu\u1ed5i \u1ea5y ch\u1ec9 \u0111i m\u1ed9t m\u00ecnh, v\u1edbi m\u1ed9t ch\u00fa ng\u1ef1a v\u00e0 m\u1ed9t \u00f4ng kh\u1ec9. Ch\u00fang \u0111\u00e3 k\u1ebft th\u00e0nh b\u1ea1n th\u00e2n v\u1edbi nhau.<\/p>\n<p>Pippi c\u00f3 m\u1ed9t va ly \u0111\u1ea7y ti\u1ec1n v\u00e0ng. C\u00f4 b\u00e9 kh\u00f4ng th\u00edch \u0111i h\u1ecdc, v\u00ec t\u1eeb nh\u1ecf \u0111\u00e3 l\u00eanh \u0111\u00eanh tr\u00ean bi\u1ec3n v\u1edbi b\u1ed1 n\u00ean ch\u1eb3ng bi\u1ebft \u0111i h\u1ecdc \u1edf \u0111\u00e2u. \u01af\u1edbc m\u01a1 c\u1ee7a c\u00f4 b\u00e9 l\u00e0 t\u01b0\u01a1ng lai tr\u1edf th\u00e0nh t\u01b0\u1edbng c\u01b0\u1edbp. V\u00e0 c\u00f4 b\u00e9 s\u1ed1ng ho\u00e0n to\u00e0n t\u1ef1 do, kh\u00f4ng ch\u1ecbu \u0111\u01b0\u1ee3c g\u00f2 b\u00f3 n\u00e0o, kh\u00f4ng ai b\u1eaft c\u00f4 \u0111i ng\u1ee7 \u0111\u00fang gi\u1edd khi \u0111ang ch\u01a1i vui, hay b\u1eaft c\u00f4 v\u00e0o nh\u00e0 khi \u0111ang d\u1ea1o m\u00e1t gi\u1eefa v\u01b0\u1eddn trong \u0111\u00eam v\u1eafng. Pippi s\u1eb5n s\u00e0ng \u0111\u1ed1i \u0111\u1ea7u v\u1edbi nh\u1eefng k\u1ebb b\u1eaft n\u1ea1t, b\u1ecdn k\u1ebb tr\u1ed9m hay t\u00ean h\u1ee3m h\u0129nh \u0111\u00f2i mua bi\u1ec7t th\u1ef1 B\u00e1t nh\u00e1o.<\/p>\n<p>Nh\u01b0ng c\u0169ng ch\u00ednh t\u1eeb cu\u1ed9c s\u1ed1ng \u0111\u00f3, Pippi t\u1ef1 l\u1eadp h\u01a1n m\u1ecdi \u0111\u1ee9a tr\u1ebb kh\u00e1c. C\u00f4 b\u00e9 t\u1ea5t d\u00e0i bi\u1ebft s\u1eafp x\u1ebfp l\u1ea5y nh\u00e0 c\u1eeda, n\u1ea5u \u0103n r\u1ea5t ngon, \u01b0a chi\u00eau \u0111\u00e3i b\u1ea1n b\u00e8. Pippi c\u00f3 th\u1ec3 t\u1ef1 g\u1ed9i \u0111\u1ea7u, th\u00edch v\u1ee5c c\u1ea3 m\u1eb7t trong ch\u1eadu n\u01b0\u1edbc; c\u00f3 th\u1ec3 v\u1eeba c\u00e0i khuy sau c\u1ee7a \u00e1o, v\u1eeba t\u1ebft t\u00f3c. H\u01a1n th\u1ebf, Pippi t\u1ea5t d\u00e0i c\u00f3 m\u1ed9t t\u00ecnh c\u1ea3m th\u1eadt kho\u00e1ng \u0111\u1ea1t, n\u1ed3ng n\u00e0n v\u1edbi m\u1ecdi ng\u01b0\u1eddi. C\u00f4 b\u00e9 s\u1eb5n s\u00e0ng nh\u1ea3y l\u00ean c\u1eeda s\u1ed5 mua vui cho hai anh em h\u00e0ng x\u00f3m b\u1ecb \u1ed1m ph\u1ea3i n\u1eb1m nh\u00e0, c\u00f4 l\u00e0m ti\u1ec7c c\u00f9ng c\u00e1c b\u1ea1n ch\u01a1i th\u1eadt vui, v\u00e0 v\u00ec h\u1ecd m\u00e0 c\u00f4 \u1edf l\u1ea1i bi\u1ec7t th\u1ef1 B\u00e1t Nh\u00e1o, kh\u00f4ng l\u00ean thuy\u1ec1n v\u1edbi cha n\u1eefa.<\/p>\n<p>Pippi t\u1ea5t d\u00e0i &#8211; m\u1ed9t c\u00f4 b\u00e9, m\u1ed9t th\u1ebf gi\u1edbi lung linh \u0111\u00e3 l\u00e0m n\u1ee9c l\u00f2ng \u0111\u1ed9c gi\u1ea3 m\u1ecdi l\u1ee9a tu\u1ed5i \u1edf h\u01a1n 100 qu\u1ed1c gia tr\u00ean th\u1ebf gi\u1edbi. H\u00ecnh t\u01b0\u1ee3ng v\u0103n h\u1ecdc s\u1ed1ng \u0111\u1ed9ng n\u00e0y \u0111\u00e3 nhi\u1ec1u l\u1ea7n \u0111\u01b0\u1ee3c d\u1ef1ng th\u00e0nh phim.<\/p>\n","protected":false},"featured_media":5798,"template":"","meta":{"_acf_changed":false},"product_brand":[],"product_cat":[17,26],"product_tag":[81],"class_list":{"0":"post-5799","1":"product","2":"type-product","3":"status-publish","4":"has-post-thumbnail","6":"product_cat-sach-danh-cho-cac-be","7":"product_cat-thieu-nien-11-tuoi-18-tuoi","8":"product_tag-sach-gia-uu-dai","10":"first","11":"instock","12":"sale","13":"taxable","14":"shipping-taxable","15":"purchasable","16":"product-type-simple"},"supplier_id":null,"supplier_sku":"","barcode":null,"atum_controlled":true,"out_stock_date":null,"out_stock_threshold":null,"inheritable":false,"inbound_stock":0,"stock_on_hold":0,"sold_today":0,"sales_last_days":0,"reserved_stock":0,"customer_returns":0,"warehouse_damage":0,"lost_in_post":0,"other_logs":0,"out_stock_days":0,"lost_sales":0,"has_location":false,"update_date":"2026-01-28T23:11:18","atum_locations":[],"atum_stock_status":"instock","restock_status":false,"low_stock_amount":"","sales_update_date":"2026-01-28T23:11:18","calc_backorders":null,"acf":{"publisher":{"ID":1424,"post_author":"1","post_date":"2021-02-17 00:02:29","post_date_gmt":"2021-02-16 22:02:29","post_content":"<!-- wp:flatsome\/uxbuilder -->\n<h1 style=\"text-align: center\"><strong>Nh\u00e3 Nam<\/strong><\/h1>\n[row]\n\n[col span=\"6\" span__sm=\"12\"]\n\n[ux_image id=\"1438\" image_size=\"medium\"]\n\n\n[\/col]\n[col span=\"6\" span__sm=\"12\"]\n\n<p><strong>C\u00f4ng ty c\u1ed5 ph\u1ea7n V\u0103n h\u00f3a v\u00e0 Truy\u1ec1n th\u00f4ng Nh\u00e3 Nam<\/strong><\/p>\n<p>Th\u00e1ng 2 n\u0103m 2005, Nh\u00e3 Nam, t\u00ean \u0111\u1ea7y \u0111\u1ee7 l\u00e0 C\u00f4ng ty C\u1ed5 ph\u1ea7n V\u0103n h\u00f3a v\u00e0 Truy\u1ec1n th\u00f4ng Nh\u00e3 Nam \u0111\u00e3 gia nh\u1eadp th\u1ecb tr\u01b0\u1eddng s\u00e1ch. T\u00e1c ph\u1ea9m \"Balzac v\u00e0 c\u00f4 b\u00e9 th\u1ee3 may Trung hoa\" c\u1ee7a \u0110\u1edbi T\u01b0 Ki\u1ec7t l\u00e0 cu\u1ed1n s\u00e1ch \u0111\u1ea7u ti\u00ean \u0111\u01b0\u1ee3c nh\u1eefng ng\u01b0\u1eddi s\u00e1ng l\u1eadp Nh\u00e3 Nam xu\u1ea5t b\u1ea3n c\u1ea3 tr\u01b0\u1edbc khi c\u00f4ng ty ra \u0111\u1eddi. Ngay l\u1eadp t\u1ee9c t\u1eeb cu\u1ed1n s\u00e1ch \u0111\u1ea7u ti\u00ean, \u0111\u1ed9c gi\u1ea3 \u0111\u00e3 d\u00e0nh s\u1ef1 quan t\u00e2m v\u00e0 y\u00eau m\u1ebfn cho m\u1ed9t th\u01b0\u01a1ng hi\u1ec7u s\u00e1ch m\u1edbi m\u1ebb mang trong m\u00ecnh kh\u00e1t v\u1ecdng g\u00f3p ph\u1ea7n t\u1ea1o l\u1eadp di\u1ec7n m\u1ea1o m\u1edbi cho xu\u1ea5t b\u1ea3n v\u0103n h\u1ecdc t\u1ea1i Vi\u1ec7t Nam.<\/p>\n<p>L\u00f2ng say m\u00ea c\u1ee7a \u0111\u1ed9i ng\u0169 l\u00e0 vi\u00ean \u0111\u00e1 \u0111\u1ea7u ti\u00ean. Tr\u1ea3i qua m\u1ea5y n\u0103m ph\u00e1t tri\u1ec3n, Nh\u00e3 Nam \u0111\u00e3 \u0111\u01b0\u1ee3c x\u00e2y d\u1ef1ng d\u1ea7n l\u00ean trong di\u1ec7n m\u1ea1o m\u1ed9t nh\u00e0 xu\u1ea5t b\u1ea3n v\u1eefng ch\u00e3i v\u00e0 chuy\u00ean nghi\u1ec7p. S\u00e1u th\u00e1ng sau khi th\u00e0nh l\u1eadp c\u00f4ng ty, Nh\u1eadt k\u00fd \u0110\u1eb7ng Th\u00f9y Tr\u00e2m ra \u0111\u1eddi, t\u1ea1o n\u00ean m\u1ed9t c\u01a1n s\u1ed1t trong x\u00e3 h\u1ed9i, v\u1edbi g\u1ea7n 500,000 b\u1ea3n s\u00e1ch \u0111\u01b0\u1ee3c ph\u00e1t h\u00e0nh, ph\u00e1 m\u1ecdi k\u1ef7 l\u1ee5c v\u1ec1 xu\u1ea5t b\u1ea3n tr\u01b0\u1edbc \u0111\u00f3, k\u00e9o theo m\u1ed9t lo\u1ea1t nh\u1eefng hi\u1ec7u \u1ee9ng x\u00e3 h\u1ed9i v\u00e0 d\u01b0 lu\u1eadn c\u00f3 \u00fd ngh\u0129a. T\u1eeb \u0111\u00f3 tr\u1edf \u0111i, th\u00f4ng qua Nh\u00e3 Nam, c\u00e1c cu\u1ed1n s\u00e1ch v\u0103n h\u1ecdc n\u01b0\u1edbc ngo\u00e0i c\u00f3 gi\u00e1 tr\u1ecb \u0111\u01b0\u1ee3c li\u00ean t\u1ee5c mua b\u1ea3n quy\u1ec1n v\u00e0 xu\u1ea5t b\u1ea3n t\u1ea1i Vi\u1ec7t Nam, thu h\u00fat nhi\u1ec1u t\u1ea7ng l\u1edbp \u0111\u1ed9c gi\u1ea3. S\u00e1ch c\u1ee7a Nh\u00e3 Nam n\u1ed5i b\u1eadt b\u1edfi n\u1ed9i dung v\u0103n h\u1ecdc tinh t\u1ebf, b\u1edfi v\u1ebb \u0111\u1eb9p c\u1ee7a thi\u1ebft k\u1ebf hi\u1ec7n \u0111\u1ea1i \u1edf h\u00ecnh th\u1ee9c, b\u1edfi s\u1ef1 ch\u0103m ch\u00fat k\u1ef9 l\u01b0\u1ee1ng cho m\u1ed7i cu\u1ed1n s\u00e1ch nh\u01b0 m\u1ed9t con thuy\u1ec1n mang t\u1edbi ni\u1ec1m vui, tri th\u1ee9c, ng\u1ea1c nhi\u00ean, v\u00e0 \u0111\u1ed3ng c\u1ea3m.<\/p>\n\n[\/col]\n\n[\/row]\n<p style=\"text-align: left\">Hi\u1ec3u th\u1eddi \u0111\u1ea1i \u0111ang s\u1ed1ng th\u00f4ng qua s\u00e1ch, song h\u00e0nh v\u1edbi nh\u1eefng bi\u1ebfn chuy\u1ec3n s\u00e2u s\u1eafc trong l\u00f2ng x\u00e3 h\u1ed9i b\u1eb1ng nh\u1eefng ho\u1ea1t \u0111\u1ed9ng xu\u1ea5t b\u1ea3n mi\u1ec7t m\u00e0i v\u00e0 qu\u1ea3 c\u1ea3m, con \u0111\u01b0\u1eddng Nh\u00e3 Nam \u0111\u00e3 ch\u1ecdn \u0111\u1ec3 \u0111i s\u1ebd c\u00f2n d\u00e0i. Nhi\u1ec1u kh\u00f3 kh\u0103n, th\u1eed th\u00e1ch \u0111ang \u1edf ph\u00eda tr\u01b0\u1edbc. B\u01b0\u1edbc qua th\u1eddi k\u1ef3 s\u01a1 khai v\u1edbi nh\u1eefng b\u00e0i h\u1ecdc v\u00e0 nh\u1eefng kinh nghi\u1ec7m \u0111\u1ea7u ti\u00ean, Nh\u00e3 Nam gi\u1edd \u0111\u00e3 s\u1eb5n s\u00e0ng cho m\u1ed9t ch\u1eb7ng \u0111\u01b0\u1eddng ph\u00e1t tri\u1ec3n m\u1edbi. V\u00e0 ch\u00fang t\u00f4i mu\u1ed1n ho\u00e0n thi\u1ec7n m\u00ecnh trong s\u1ef1 c\u1ea7u th\u1ecb v\u00e0 c\u1ea9n tr\u1ecdng. T\u1ea5t c\u1ea3 v\u00ec m\u1ed9t gia s\u1ea3n s\u00e1ch to l\u1edbn, c\u00f3 s\u1ee9c s\u1ed1ng d\u00e0i l\u00e2u, c\u00f3 \u00fd ngh\u0129a v\u1edbi nhi\u1ec1u th\u1ebf h\u1ec7 b\u1ea1n \u0111\u1ecdc.<br \/>B\u1edfi v\u00ec s\u00e1ch l\u00e0 th\u1ebf gi\u1edbi.<\/p>\n<p><strong>\u0110\u00e2y l\u00e0 m\u1ed9t nh\u00e0 ph\u00e1t h\u00e0nh s\u00e1ch m\u00e0 SACHVIET.EU r\u1ea5t y\u00eau th\u00edch v\u00e0 tin t\u01b0\u1edfng. Nh\u00ecn \u0111\u01b0\u1ee3c t\u1ea7m \u1ea3nh h\u01b0\u1edfng c\u1ee7a Nh\u00e3 Nam qua t\u1eebng cu\u1ed1n s\u00e1ch, SACHVIET.EU li\u00ean h\u1ec7 h\u1ee3p t\u00e1c ngay v\u1edbi Nh\u00e3 Nam \u0111\u1ec3 \u0111em to\u00e0n b\u1ed9 nh\u1eefng t\u00e1c ph\u1ea9m m\u1edbi, hay nh\u1ea5t m\u00e0 Nh\u00e3 Nam c\u00f3 sang Ch\u00e2u \u00c2u, \u0111\u01b0a \u0111\u1ebfn cho \u0111\u1ed9c gi\u1ea3 c\u00f3 nhi\u1ec1u s\u1ef1 l\u1ef1a ch\u1ecdn phong ph\u00fa h\u01a1n c\u1ea3 s\u00e1ch cho tr\u1ebb em l\u1eabn ng\u01b0\u1eddi l\u1edbn.\u00a0<\/strong><\/p>\n\n<!-- \/wp:flatsome\/uxbuilder -->","post_title":"Nh\u00e3 Nam","post_excerpt":"","post_status":"publish","comment_status":"closed","ping_status":"closed","post_password":"","post_name":"nha-nam","to_ping":"","pinged":"","post_modified":"2022-12-19 23:15:33","post_modified_gmt":"2022-12-19 21:15:33","post_content_filtered":"","post_parent":0,"guid":"https:\/\/sachviet.eu\/?post_type=publisher&#038;p=1424","menu_order":0,"post_type":"publisher","post_mime_type":"","comment_count":"0","filter":"raw"}},"_links":{"self":[{"href":"https:\/\/sachviet.eu\/en\/wp-json\/wp\/v2\/product\/5799","targetHints":{"allow":["GET"]}}],"collection":[{"href":"https:\/\/sachviet.eu\/en\/wp-json\/wp\/v2\/product"}],"about":[{"href":"https:\/\/sachviet.eu\/en\/wp-json\/wp\/v2\/types\/product"}],"wp:featuredmedia":[{"embeddable":true,"href":"https:\/\/sachviet.eu\/en\/wp-json\/wp\/v2\/media\/5798"}],"wp:attachment":[{"href":"https:\/\/sachviet.eu\/en\/wp-json\/wp\/v2\/media?parent=5799"}],"wp:term":[{"taxonomy":"product_brand","embeddable":true,"href":"https:\/\/sachviet.eu\/en\/wp-json\/wp\/v2\/product_brand?post=5799"},{"taxonomy":"product_cat","embeddable":true,"href":"https:\/\/sachviet.eu\/en\/wp-json\/wp\/v2\/product_cat?post=5799"},{"taxonomy":"product_tag","embeddable":true,"href":"https:\/\/sachviet.eu\/en\/wp-json\/wp\/v2\/product_tag?post=5799"}],"curies":[{"name":"wp","href":"https:\/\/api.w.org\/{rel}","templated":true}]}}