{"id":5791,"date":"2021-03-14T02:27:02","date_gmt":"2021-03-14T00:27:02","guid":{"rendered":"https:\/\/sachviet.eu\/shop\/o-noi-xa-tit-mu-khoi\/"},"modified":"2021-07-27T00:48:56","modified_gmt":"2021-07-26T21:48:56","slug":"o-noi-xa-tit-mu-khoi","status":"publish","type":"product","link":"https:\/\/sachviet.eu\/en\/shop\/o-noi-xa-tit-mu-khoi\/","title":{"rendered":"\u1ede N\u01a1i Xa T\u00edt M\u00f9 Kh\u01a1i"},"content":{"rendered":"<p>S\u00e1ng n\u1ecd, gi\u00f3 th\u1ed5i m\u1ed9t l\u00e1 th\u01b0 l\u1ecdt qua khe c\u1eeda nh\u00e0 S\u00f3c. B\u00ec th\u01b0 m\u00e0u xanh d\u01b0\u01a1ng tho\u1ea3ng m\u00f9i mu\u1ed1i m\u1eb7n. D\u01b0\u1eddng nh\u01b0 l\u00e1 th\u01b0 \u0111\u1ebfn t\u1eeb m\u1ed9t n\u01a1i xa l\u1eafm, xa t\u00edt m\u00f9 kh\u01a1i.<\/p>\n<p>S\u00f3c b\u00f3c th\u01b0:<\/p>\n<p>\u201cS\u00f3c \u01a1i,<\/p>\n<p>B\u1eb1ng nh\u1eefng d\u00f2ng ch\u1eef c\u1eadu \u0111ang \u0111\u1ecdc \u0111\u00e2y, t\u1edb ch\u00fac c\u1eadu m\u1ecdi \u0111i\u1ec1u t\u1ed1t \u0111\u1eb9p nh\u1ea5t. T\u1edb hi v\u1ecdng l\u00e1 th\u01b0 n\u00e0y s\u1ebd l\u00e0m c\u1eadu c\u1ea3m \u0111\u1ed9ng, bi\u1ebft \u0111\u00e2u c\u1eadu c\u00f2n ph\u1ea3i lau nh\u1eefng gi\u1ecdt n\u01b0\u1edbc m\u1eaft ch\u1ee9a chan v\u00ec h\u1ea1nh ph\u00fac. Kh\u1ecfi c\u1ea7n h\u1ed3i \u00e2m, h\u00e3y t\u1eadn h\u01b0\u1edfng nh\u1eefng l\u1eddi th\u01b0 c\u1ee7a t\u1edb. T\u1edb nhi\u1ec7t th\u00e0nh mong c\u1eadu s\u1ebd nh\u1eadn \u0111\u01b0\u1ee3c nhi\u1ec1u n\u1eefa nh\u1eefng l\u00e1 th\u01b0 th\u1ebf n\u00e0y.<\/p>\n<p>Chim Thi\u00ean \u0110\u01b0\u1eddng nh\u00fan nh\u01b0\u1eddng c\u1ee7a c\u1eadu.\u201d<\/p>\n<p>Nh\u1eefng c\u00e2u chuy\u1ec7n th\u00fa v\u1ecb \u1edf th\u1ebf gi\u1edbi k\u00ec di\u1ec7u bao la, n\u01a1i b\u1ea5t c\u1ee9 \u0111i\u1ec1u g\u00ec c\u0169ng c\u00f3 th\u1ec3 x\u1ea3y ra: \u1ed0c S\u00ean bay l\u01b0\u1ee3n, b\u1ea7u tr\u1eddi xanh l\u1ee5c, c\u00e2y c\u1ed1i v\u01b0\u01a1n m\u00ecnh \u0111\u1ee9ng d\u1eady v\u00e0 gi\u1eadn d\u1ed7i b\u1ecf \u0111i.<\/p>\n<p>Nh\u1eefng c\u00e2u chuy\u1ec7n tuy\u1ec7t di\u1ec7u \u0111\u01b0\u1ee3c \u0111i\u1ec3m t\u00f4 ho\u00e0n h\u1ea3o b\u1edfi minh h\u1ecda tinh t\u1ebf c\u1ee7a Jessica Ahlberg ch\u1eafc ch\u1eafn s\u1ebd l\u00e0m say l\u00f2ng b\u1ea1n \u0111\u1ecdc m\u1ecdi l\u1ee9a tu\u1ed5i.<\/p>\n<p>\u201cL\u1ed1i k\u1ec3 chuy\u1ec7n kh\u00e1c th\u01b0\u1eddng, s\u00e2u l\u1eafng c\u00f9ng c\u00e1ch ti\u1ebfp c\u1eadn nh\u1eb9 nh\u00e0ng c\u1ee7a Toon Tellegen m\u00ea ho\u1eb7c b\u1ea5t c\u1ee9 ai t\u1eebng \u0111\u1ecdc nh\u1eefng m\u1ea9u ng\u1ee5 ng\u00f4n n\u00ean th\u01a1 n\u00e0y.\u201d<\/p>\n<p>T\u1ea1p ch\u00ed The Bookseller<\/p>\n","protected":false},"excerpt":{"rendered":"<p>S\u00e1ng n\u1ecd, gi\u00f3 th\u1ed5i m\u1ed9t l\u00e1 th\u01b0 l\u1ecdt qua khe c\u1eeda nh\u00e0 S\u00f3c. B\u00ec th\u01b0 m\u00e0u xanh d\u01b0\u01a1ng tho\u1ea3ng m\u00f9i mu\u1ed1i m\u1eb7n. D\u01b0\u1eddng nh\u01b0 l\u00e1 th\u01b0 \u0111\u1ebfn t\u1eeb m\u1ed9t n\u01a1i xa l\u1eafm, xa t\u00edt m\u00f9 kh\u01a1i.<\/p>\n<p>S\u00f3c b\u00f3c th\u01b0:<\/p>\n<p>\u201cS\u00f3c \u01a1i,<\/p>\n<p>B\u1eb1ng nh\u1eefng d\u00f2ng ch\u1eef c\u1eadu \u0111ang \u0111\u1ecdc \u0111\u00e2y, t\u1edb ch\u00fac c\u1eadu m\u1ecdi \u0111i\u1ec1u t\u1ed1t \u0111\u1eb9p nh\u1ea5t. T\u1edb hi v\u1ecdng l\u00e1 th\u01b0 n\u00e0y s\u1ebd l\u00e0m c\u1eadu c\u1ea3m \u0111\u1ed9ng, bi\u1ebft \u0111\u00e2u c\u1eadu c\u00f2n ph\u1ea3i lau nh\u1eefng gi\u1ecdt n\u01b0\u1edbc m\u1eaft ch\u1ee9a chan v\u00ec h\u1ea1nh ph\u00fac. Kh\u1ecfi c\u1ea7n h\u1ed3i \u00e2m, h\u00e3y t\u1eadn h\u01b0\u1edfng nh\u1eefng l\u1eddi th\u01b0 c\u1ee7a t\u1edb. T\u1edb nhi\u1ec7t th\u00e0nh mong c\u1eadu s\u1ebd nh\u1eadn \u0111\u01b0\u1ee3c nhi\u1ec1u n\u1eefa nh\u1eefng l\u00e1 th\u01b0 th\u1ebf n\u00e0y.<\/p>\n<p>Chim Thi\u00ean \u0110\u01b0\u1eddng nh\u00fan nh\u01b0\u1eddng c\u1ee7a c\u1eadu.\u201d<\/p>\n<p>Nh\u1eefng c\u00e2u chuy\u1ec7n th\u00fa v\u1ecb \u1edf th\u1ebf gi\u1edbi k\u00ec di\u1ec7u bao la, n\u01a1i b\u1ea5t c\u1ee9 \u0111i\u1ec1u g\u00ec c\u0169ng c\u00f3 th\u1ec3 x\u1ea3y ra: \u1ed0c S\u00ean bay l\u01b0\u1ee3n, b\u1ea7u tr\u1eddi xanh l\u1ee5c, c\u00e2y c\u1ed1i v\u01b0\u01a1n m\u00ecnh \u0111\u1ee9ng d\u1eady v\u00e0 gi\u1eadn d\u1ed7i b\u1ecf \u0111i.<\/p>\n<p>Nh\u1eefng c\u00e2u chuy\u1ec7n tuy\u1ec7t di\u1ec7u \u0111\u01b0\u1ee3c \u0111i\u1ec3m t\u00f4 ho\u00e0n h\u1ea3o b\u1edfi minh h\u1ecda tinh t\u1ebf c\u1ee7a Jessica Ahlberg ch\u1eafc ch\u1eafn s\u1ebd l\u00e0m say l\u00f2ng b\u1ea1n \u0111\u1ecdc m\u1ecdi l\u1ee9a tu\u1ed5i.<\/p>\n","protected":false},"featured_media":5790,"template":"","meta":{"_acf_changed":false},"product_brand":[],"product_cat":[25,17,26],"product_tag":[],"class_list":{"0":"post-5791","1":"product","2":"type-product","3":"status-publish","4":"has-post-thumbnail","6":"product_cat-nhi-dong-6-tuoi-12-tuoi","7":"product_cat-sach-danh-cho-cac-be","8":"product_cat-thieu-nien-11-tuoi-18-tuoi","10":"first","11":"outofstock","12":"taxable","13":"shipping-taxable","14":"purchasable","15":"product-type-simple"},"supplier_id":null,"supplier_sku":"","barcode":null,"atum_controlled":true,"out_stock_date":"2021-07-26 21:48:56","out_stock_threshold":null,"inheritable":false,"inbound_stock":0,"stock_on_hold":0,"sold_today":0,"sales_last_days":0,"reserved_stock":0,"customer_returns":0,"warehouse_damage":0,"lost_in_post":0,"other_logs":0,"out_stock_days":1647,"lost_sales":0,"has_location":false,"update_date":"2026-01-28T23:10:38","atum_locations":[],"atum_stock_status":"outofstock","restock_status":false,"low_stock_amount":"","sales_update_date":"2026-01-28T23:10:38","calc_backorders":null,"acf":{"publisher":{"ID":1454,"post_author":"1","post_date":"2021-02-17 01:11:34","post_date_gmt":"2021-02-16 23:11:34","post_content":"<!-- wp:flatsome\/uxbuilder -->\n<h1 style=\"text-align: center;\"><strong>Kim \u0110\u1ed3ng<\/strong><\/h1>\n[row]\n\n[col span=\"3\" span__sm=\"12\"]\n\n[ux_image id=\"1534\" image_size=\"medium\"]\n\n\n[\/col]\n[col span=\"9\" span__sm=\"12\"]\n\n<p>Nh\u00e0 xu\u1ea5t b\u1ea3n Kim \u0110\u1ed3ng tr\u1ef1c thu\u1ed9c Trung \u01b0\u01a1ng \u0110o\u00e0n TNCS H\u1ed3 Ch\u00ed Minh l\u00e0 Nh\u00e0 xu\u1ea5t b\u1ea3n t\u1ed5ng h\u1ee3p c\u00f3 ch\u1ee9c n\u0103ng xu\u1ea5t b\u1ea3n s\u00e1ch v\u00e0 v\u0103n h\u00f3a ph\u1ea9m ph\u1ee5c v\u1ee5 thi\u1ebfu nhi v\u00e0 c\u00e1c b\u1eadc ph\u1ee5 huynh trong c\u1ea3 n\u01b0\u1edbc, qu\u1ea3ng b\u00e1 v\u00e0 gi\u1edbi thi\u1ec7u v\u0103n h\u00f3a Vi\u1ec7t Nam ra th\u1ebf gi\u1edbi.<br \/>Nh\u00e0 xu\u1ea5t b\u1ea3n c\u00f3 nhi\u1ec7m v\u1ee5 t\u1ed5 ch\u1ee9c b\u1ea3n th\u1ea3o, bi\u00ean so\u1ea1n, bi\u00ean d\u1ecbch, xu\u1ea5t b\u1ea3n v\u00e0 ph\u00e1t h\u00e0nh c\u00e1c xu\u1ea5t b\u1ea3n ph\u1ea9m c\u00f3 n\u1ed9i dung: gi\u00e1o d\u1ee5c truy\u1ec1n th\u1ed1ng d\u00e2n t\u1ed9c, gi\u00e1o d\u1ee5c v\u1ec1 tri th\u1ee9c, ki\u1ebfn th\u1ee9c\u2026 tr\u00ean c\u00e1c l\u0129nh v\u1ef1c v\u0103n h\u1ecdc, ngh\u1ec7 thu\u1eadt, khoa h\u1ecdc k\u1ef9 thu\u1eadt nh\u1eb1m cung c\u1ea5p cho c\u00e1c em thi\u1ebfu nhi c\u0169ng nh\u01b0 c\u00e1c b\u1eadc ph\u1ee5 huynh c\u00e1c ki\u1ebfn th\u1ee9c c\u1ea7n thi\u1ebft trong cu\u1ed9c s\u1ed1ng, nh\u1eefng tinh hoa c\u1ee7a tri th\u1ee9c nh\u00e2n lo\u1ea1i nh\u1eb1m g\u00f3p ph\u1ea7n gi\u00e1o d\u1ee5c v\u00e0 h\u00ecnh th\u00e0nh nh\u00e2n c\u00e1ch th\u1ebf h\u1ec7 tr\u1ebb.<br \/>\u0110\u1ed1i t\u01b0\u1ee3ng ph\u1ee5c v\u1ee5 c\u1ee7a Nh\u00e0 xu\u1ea5t b\u1ea3n l\u00e0 c\u00e1c em t\u1eeb tu\u1ed5i nh\u00e0 tr\u1ebb m\u1eabu gi\u00e1o (1 \u0111\u1ebfn 5 tu\u1ed5i), nhi \u0111\u1ed3ng (6 \u0111\u1ebfn 9 tu\u1ed5i), thi\u1ebfu ni\u00ean (10 \u0111\u1ebfn 15 tu\u1ed5i) \u0111\u1ebfn c\u00e1c em tu\u1ed5i m\u1edbi l\u1edbn (16 \u0111\u1ebfn 18 tu\u1ed5i) v\u00e0 c\u00e1c b\u1eadc ph\u1ee5 huynh.<\/p>\n\n[\/col]\n\n[\/row]\n\n<!-- \/wp:flatsome\/uxbuilder -->","post_title":"Kim \u0110\u1ed3ng","post_excerpt":"","post_status":"publish","comment_status":"closed","ping_status":"closed","post_password":"","post_name":"kim-dong","to_ping":"","pinged":"","post_modified":"2021-02-17 01:31:56","post_modified_gmt":"2021-02-16 23:31:56","post_content_filtered":"","post_parent":0,"guid":"https:\/\/sachviet.eu\/nha-phat-hanh\/kim-dong\/","menu_order":0,"post_type":"publisher","post_mime_type":"","comment_count":"0","filter":"raw"}},"_links":{"self":[{"href":"https:\/\/sachviet.eu\/en\/wp-json\/wp\/v2\/product\/5791","targetHints":{"allow":["GET"]}}],"collection":[{"href":"https:\/\/sachviet.eu\/en\/wp-json\/wp\/v2\/product"}],"about":[{"href":"https:\/\/sachviet.eu\/en\/wp-json\/wp\/v2\/types\/product"}],"wp:featuredmedia":[{"embeddable":true,"href":"https:\/\/sachviet.eu\/en\/wp-json\/wp\/v2\/media\/5790"}],"wp:attachment":[{"href":"https:\/\/sachviet.eu\/en\/wp-json\/wp\/v2\/media?parent=5791"}],"wp:term":[{"taxonomy":"product_brand","embeddable":true,"href":"https:\/\/sachviet.eu\/en\/wp-json\/wp\/v2\/product_brand?post=5791"},{"taxonomy":"product_cat","embeddable":true,"href":"https:\/\/sachviet.eu\/en\/wp-json\/wp\/v2\/product_cat?post=5791"},{"taxonomy":"product_tag","embeddable":true,"href":"https:\/\/sachviet.eu\/en\/wp-json\/wp\/v2\/product_tag?post=5791"}],"curies":[{"name":"wp","href":"https:\/\/api.w.org\/{rel}","templated":true}]}}