{"id":5781,"date":"2021-03-14T02:26:51","date_gmt":"2021-03-14T00:26:51","guid":{"rendered":"https:\/\/sachviet.eu\/shop\/co-tich-cua-oscar-wilde-chang-hoang-tu-hanh-phuc-ngoi-nha-thach-luu\/"},"modified":"2021-04-28T13:38:44","modified_gmt":"2021-04-28T10:38:44","slug":"co-tich-cua-oscar-wilde-chang-hoang-tu-hanh-phuc-ngoi-nha-thach-luu","status":"publish","type":"product","link":"https:\/\/sachviet.eu\/en\/shop\/co-tich-cua-oscar-wilde-chang-hoang-tu-hanh-phuc-ngoi-nha-thach-luu\/","title":{"rendered":"C\u1ed5 T\u00edch C\u1ee7a Oscar Wilde Ch\u00e0ng Ho\u00e0ng T\u1eed H\u1ea1nh Ph\u00fac &#8211; Ng\u00f4i Nh\u00e0 Th\u1ea1ch L\u1ef1u"},"content":{"rendered":"<p>M\u1ed9t \u0111o\u00e1 h\u1ed3ng \u0111\u1ecf \u0111\u1ed5i b\u1eb1ng c\u1ea3 m\u1ea1ng s\u1ed1ng \u01b0?\u201d S\u01a1n Ca kh\u00f3c. \u201cS\u1ef1 s\u1ed1ng tr\u00ecu m\u1ebfn xi\u1ebft bao cho t\u1ea5t th\u1ea3y mu\u00f4n lo\u00e0i. Nh\u01b0 ni\u1ec1m vui t\u1ecbch m\u1ecbch \u0111\u1eadu y\u00ean l\u1eb7ng trong r\u1eebng xanh, ng\u1eafm nh\u00ecn m\u1eb7t tr\u1eddi ng\u1ef1 trong chi\u1ebfc xe ng\u1ef1a v\u00e0ng, v\u00e0 m\u1eb7t tr\u0103ng l\u00ean trong chi\u1ebfc xe ng\u1ef1a b\u1ea1c. S\u1ef1 s\u1ed1ng ng\u1ecdt ng\u00e0o qu\u00e1 \u0111\u1ed7i, ng\u1ecdt nh\u01b0 m\u00f9i h\u01b0\u01a1ng c\u00e2y t\u00e1o gai, ng\u1ecdt nh\u01b0 nh\u1eefng \u0111o\u00e1 hoa chu\u00f4ng n\u00e9p m\u00ecnh trong thung l\u0169ng, nh\u01b0 nh\u1eefng \u0111o\u00e1 th\u1ea1ch nam \u0111ung \u0111\u01b0a \u0111\u1ec9nh \u0111\u1ed3i xa. Th\u1ebf nh\u01b0ng T\u00ecnh Y\u00eau c\u00f2n \u0111\u00e1ng k\u1ec3 h\u01a1n S\u1ef1 S\u1ed1ng, v\u00e0 tr\u00e1i tim m\u1ed9t con chim \u0111\u00e1ng g\u00ec so v\u1edbi tr\u00e1i tim con ng\u01b0\u1eddi?\u201d<\/p>\n<p>Hai t\u1eadp truy\u1ec7n c\u1ed5 CH\u00c0NG HO\u00c0NG T\u1eec H\u1ea0NH PH\u00daC v\u00e0 NG\u00d4I NH\u00c0 TH\u1ea0CH L\u1ef0U l\u00e0 nh\u1eefng vi\u00ean ng\u1ecdc \u0111\u1eb7c bi\u1ec7t trong gia t\u00e0i v\u0103n ch\u01b0\u01a1ng c\u1ee7a t\u00e1c gia n\u1ed5i ti\u1ebfng ng\u01b0\u1eddi Ireland Oscar Wilde. Nh\u1eefng c\u00e2u chuy\u1ec7n c\u1ed5 t\u00edch c\u1ee7a \u00f4ng l\u00e0 th\u1ebf gi\u1edbi ri\u00eang bi\u1ec7t, s\u1ed1ng \u0111\u1ed9ng v\u00e0 nhi\u1ec7m m\u00e0u, ph\u1ea7n vi\u1ebft cho tr\u1ebb em, ph\u1ea7n vi\u1ebft cho nh\u1eefng ng\u01b0\u1eddi lu\u00f4n gi\u1eef \u0111\u01b0\u1ee3c ni\u1ec1m vui v\u00e0 n\u1ed7i ng\u1ea1c nhi\u00ean th\u01a1 tr\u1ebb.<\/p>\n<p>&#8220;T\u00f4i \u0111\u00e3 ng\u1ee1 ng\u00e0ng trong c\u1ea3m gi\u00e1c v\u01b0\u01a1n t\u1edbi C\u00e1i \u0110\u1eb9p thu\u1ea7n khi\u1ebft, m\u1ed9t th\u1ee9 b\u1ea3n th\u1ec3 kh\u00f4ng t\u00ec v\u1ebft c\u1ee7a Ngh\u1ec7 Thu\u1eadt, khi ch\u1ea1m v\u00e0o nh\u1eefng trang vi\u1ebft c\u1ed5 t\u00edch c\u1ee7a Oscar Wilde. G\u1ecdi l\u00e0 C\u00e1i \u0110\u1eb9p thu\u1ea7n khi\u1ebft, b\u1edfi d\u01b0\u1eddng nh\u01b0 n\u00f3 n\u1eb1m ngo\u00e0i nh\u1eefng bi\u1ec7n gi\u1ea3i, lu\u1eadn b\u00e0n, nh\u01b0 ti\u1ebfng h\u00f3t v\u00fat l\u00ean v\u00e0 t\u1eaft l\u1ecbm t\u1ef1 n\u00f3. V\u00e0 \u1edf \u0111i\u1ec3m r\u1ea1ng r\u1ee1 nh\u1ea5t, \u0111\u1ed3ng h\u00e0nh c\u1ee7a C\u00e1i \u0110\u1eb9p l\u00e0 m\u1ed9t l\u00ed t\u01b0\u1edfng thanh nh\u00e3 b\u1eadc nh\u1ea5t: T\u00ecnh Y\u00eau. C\u00e1i \u0110\u1eb9p v\u00e0 Ngh\u1ec7 Thu\u1eadt l\u00e0 tuy\u1ec7t \u0111\u00edch, nh\u01b0ng T\u00ecnh Y\u00eau v\u01b0\u1ee3t l\u00ean tr\u00ean t\u1ea5t th\u1ea3y, hay T\u00ecnh Y\u00eau ch\u00ednh l\u00e0 C\u00e1i \u0110\u1eb9p v\u00e0 Ngh\u1ec7 Thu\u1eadt cao nh\u1ea5t, hay T\u00ecnh Y\u00eau l\u00e0m cho C\u00e1i \u0110\u1eb9p v\u00e0 Ngh\u1ec7 Thu\u1eadt vi\u00ean m\u00e3n, tuy\u1ec7t \u0111\u00edch v\u00e0 v\u00f4 bi\u00ean.&#8221; (Nh\u00e3 Thuy\u00ean)<\/p>\n<p>C\u1ed5 t\u00edch c\u1ee7a Oscar Wilde (tr\u1ecdn b\u1ed9) Ch\u00e0ng Ho\u00e0ng T\u1eed H\u1ea1nh Ph\u00fac &#8211; Ng\u00f4i nh\u00e0 Th\u1ea1ch L\u1ef1u do d\u1ecbch gi\u1ea3 Nh\u00e3 Thuy\u00ean chuy\u1ec3n ng\u1eef, v\u1edbi nh\u1eefng minh h\u1ecda \u0111\u1ea7y ngh\u1ec7 thu\u1eadt c\u1ee7a h\u1ecda s\u0129 B\u00edch Khoa, x\u1ee9ng \u0111\u00e1ng l\u00e0 cu\u1ed1n artbook m\u00e0 nh\u1eefng ng\u01b0\u1eddi y\u00eau Oscar Wilde mu\u1ed1n \u0111\u01b0\u1ee3c n\u00e2ng niu nh\u00ecn ng\u1eafm.<\/p>\n","protected":false},"excerpt":{"rendered":"<p>M\u00ecnh r\u1ea5t \u00edt khi so s\u00e1nh c\u00e1c cu\u1ed1n s\u00e1ch, nh\u01b0ng trong s\u1ed1 c\u00e1c cu\u1ed1n truy\u1ec7n c\u1ed5 t\u00edch, m\u00ecnh s\u1ebd d\u00e0nh ch\u1eef \u201c\u0111\u1eb9p\u201d cho Ch\u00e0ng ho\u00e0ng t\u1eed h\u1ea1nh ph\u00fac v\u00e0 Ng\u00f4i nh\u00e0 th\u1ea1ch l\u1ef1u. Nh\u1eefng b\u1ee9c tranh minh ho\u1ea1 m\u00e0u \u0111\u1ea7y t\u00ednh ngh\u1ec7 thu\u1eadt c\u1ee7a B\u00edch Khoa, nh\u1eefng c\u00e2u v\u0103n m\u01b0\u1ee3t m\u00e0 nh\u01b0 th\u01a1 nh\u01b0 nh\u1ea1c, nh\u1eefng c\u00e2u chuy\u1ec7n \u0111\u1ea7y s\u00e1ng t\u1ea1o v\u00e0 gi\u00e0u t\u00ednh tri\u1ebft lu\u1eadn, nh\u1eefng c\u00e1i k\u1ebft b\u1ea5t ng\u1edd&#8230; t\u1ea5t c\u1ea3 ho\u00e0 quy\u1ec7n, t\u01b0\u01a1ng tr\u1ee3 nhau \u0111\u1ec3 t\u1ea1o th\u00e0nh m\u1ed9t \u1ea5n b\u1ea3n th\u1eadt \u0111\u1eb7c bi\u1ec7t, x\u1ee9ng t\u1ea7m v\u1edbi t\u00ecnh y\u00eau c\u1ee7a b\u1ea1n \u0111\u1ecdc d\u00e0nh cho Oscar Wilde. T\u00e1c ph\u1ea9m kh\u00f4ng ch\u1ec9 d\u00e0nh cho nh\u1eefng b\u1ea1n nh\u1ecf \u01b0a t\u01b0 duy, \u0111\u00e2y l\u00e0 cu\u1ed1n s\u00e1ch n\u00ean \u0111\u1ecdc v\u1edbi t\u1ea5t c\u1ea3 nh\u1eefng ng\u01b0\u1eddi y\u00eau c\u00e1i \u0111\u1eb9p c\u1ee7a v\u0103n ch\u01b0\u01a1ng.<br \/>\nKim \u0110\u1ed3ng \u0111\u1eb7t gi\u1edbi h\u1ea1n 9+ cho cu\u1ed1n s\u00e1ch. \u0110\u00e2y l\u00e0 ph\u1ea7n truy\u1ec7n kh\u00e1 \u0111\u1eb7c bi\u1ec7t, kh\u00f4ng gi\u1ed1ng motip c\u1ed5 t\u00edch th\u00f4ng th\u01b0\u1eddng, d\u1eabu v\u1eabn xu\u1ea5t hi\u1ec7n ho\u00e0ng t\u1eed, c\u00f4ng ch\u00faa v\u00e0 nh\u1eefng n\u00e0ng ti\u00ean. S\u1ebd kh\u00f4ng c\u00f3 c\u00e2u chuy\u1ec7n ch\u00e0ng trai ngh\u00e8o nh\u01b0ng t\u1ed1t b\u1ee5ng, d\u0169ng c\u1ea3m c\u01b0\u1edbi c\u00f4ng ch\u00faa xinh \u0111\u1eb9p, c\u0169ng ch\u1eb3ng c\u00f3 c\u00e2u k\u1ebft \u201ch\u1ecd k\u1ebft duy\u00ean v\u00e0 s\u1ed1ng h\u1ea1nh ph\u00fac b\u00ean nhau tr\u1ecdn \u0111\u1eddi\u201d&#8230;. H\u00e3y \u0111\u1ecdc v\u00e0 c\u1ea3m nh\u1eadn c\u00e1i \u0111\u1eb9p, ni\u1ec1m h\u1ea1nh ph\u00fac c\u00f9ng Oscar Wilde.<\/p>\n","protected":false},"featured_media":5780,"template":"","meta":{"_acf_changed":false},"product_brand":[],"product_cat":[17,26],"product_tag":[],"class_list":{"0":"post-5781","1":"product","2":"type-product","3":"status-publish","4":"has-post-thumbnail","6":"product_cat-sach-danh-cho-cac-be","7":"product_cat-thieu-nien-11-tuoi-18-tuoi","9":"first","10":"outofstock","11":"taxable","12":"shipping-taxable","13":"purchasable","14":"product-type-simple"},"supplier_id":null,"supplier_sku":"","barcode":null,"atum_controlled":true,"out_stock_date":"2021-03-14 00:26:52","out_stock_threshold":null,"inheritable":false,"inbound_stock":0,"stock_on_hold":0,"sold_today":0,"sales_last_days":0,"reserved_stock":0,"customer_returns":0,"warehouse_damage":0,"lost_in_post":0,"other_logs":0,"out_stock_days":1781,"lost_sales":0,"has_location":false,"update_date":"2026-01-28T23:10:38","atum_locations":[],"atum_stock_status":"outofstock","restock_status":false,"low_stock_amount":"","sales_update_date":"2026-01-28T23:10:38","calc_backorders":null,"acf":{"publisher":{"ID":1454,"post_author":"1","post_date":"2021-02-17 01:11:34","post_date_gmt":"2021-02-16 23:11:34","post_content":"<!-- wp:flatsome\/uxbuilder -->\n<h1 style=\"text-align: center;\"><strong>Kim \u0110\u1ed3ng<\/strong><\/h1>\n[row]\n\n[col span=\"3\" span__sm=\"12\"]\n\n[ux_image id=\"1534\" image_size=\"medium\"]\n\n\n[\/col]\n[col span=\"9\" span__sm=\"12\"]\n\n<p>Nh\u00e0 xu\u1ea5t b\u1ea3n Kim \u0110\u1ed3ng tr\u1ef1c thu\u1ed9c Trung \u01b0\u01a1ng \u0110o\u00e0n TNCS H\u1ed3 Ch\u00ed Minh l\u00e0 Nh\u00e0 xu\u1ea5t b\u1ea3n t\u1ed5ng h\u1ee3p c\u00f3 ch\u1ee9c n\u0103ng xu\u1ea5t b\u1ea3n s\u00e1ch v\u00e0 v\u0103n h\u00f3a ph\u1ea9m ph\u1ee5c v\u1ee5 thi\u1ebfu nhi v\u00e0 c\u00e1c b\u1eadc ph\u1ee5 huynh trong c\u1ea3 n\u01b0\u1edbc, qu\u1ea3ng b\u00e1 v\u00e0 gi\u1edbi thi\u1ec7u v\u0103n h\u00f3a Vi\u1ec7t Nam ra th\u1ebf gi\u1edbi.<br \/>Nh\u00e0 xu\u1ea5t b\u1ea3n c\u00f3 nhi\u1ec7m v\u1ee5 t\u1ed5 ch\u1ee9c b\u1ea3n th\u1ea3o, bi\u00ean so\u1ea1n, bi\u00ean d\u1ecbch, xu\u1ea5t b\u1ea3n v\u00e0 ph\u00e1t h\u00e0nh c\u00e1c xu\u1ea5t b\u1ea3n ph\u1ea9m c\u00f3 n\u1ed9i dung: gi\u00e1o d\u1ee5c truy\u1ec1n th\u1ed1ng d\u00e2n t\u1ed9c, gi\u00e1o d\u1ee5c v\u1ec1 tri th\u1ee9c, ki\u1ebfn th\u1ee9c\u2026 tr\u00ean c\u00e1c l\u0129nh v\u1ef1c v\u0103n h\u1ecdc, ngh\u1ec7 thu\u1eadt, khoa h\u1ecdc k\u1ef9 thu\u1eadt nh\u1eb1m cung c\u1ea5p cho c\u00e1c em thi\u1ebfu nhi c\u0169ng nh\u01b0 c\u00e1c b\u1eadc ph\u1ee5 huynh c\u00e1c ki\u1ebfn th\u1ee9c c\u1ea7n thi\u1ebft trong cu\u1ed9c s\u1ed1ng, nh\u1eefng tinh hoa c\u1ee7a tri th\u1ee9c nh\u00e2n lo\u1ea1i nh\u1eb1m g\u00f3p ph\u1ea7n gi\u00e1o d\u1ee5c v\u00e0 h\u00ecnh th\u00e0nh nh\u00e2n c\u00e1ch th\u1ebf h\u1ec7 tr\u1ebb.<br \/>\u0110\u1ed1i t\u01b0\u1ee3ng ph\u1ee5c v\u1ee5 c\u1ee7a Nh\u00e0 xu\u1ea5t b\u1ea3n l\u00e0 c\u00e1c em t\u1eeb tu\u1ed5i nh\u00e0 tr\u1ebb m\u1eabu gi\u00e1o (1 \u0111\u1ebfn 5 tu\u1ed5i), nhi \u0111\u1ed3ng (6 \u0111\u1ebfn 9 tu\u1ed5i), thi\u1ebfu ni\u00ean (10 \u0111\u1ebfn 15 tu\u1ed5i) \u0111\u1ebfn c\u00e1c em tu\u1ed5i m\u1edbi l\u1edbn (16 \u0111\u1ebfn 18 tu\u1ed5i) v\u00e0 c\u00e1c b\u1eadc ph\u1ee5 huynh.<\/p>\n\n[\/col]\n\n[\/row]\n\n<!-- \/wp:flatsome\/uxbuilder -->","post_title":"Kim \u0110\u1ed3ng","post_excerpt":"","post_status":"publish","comment_status":"closed","ping_status":"closed","post_password":"","post_name":"kim-dong","to_ping":"","pinged":"","post_modified":"2021-02-17 01:31:56","post_modified_gmt":"2021-02-16 23:31:56","post_content_filtered":"","post_parent":0,"guid":"https:\/\/sachviet.eu\/nha-phat-hanh\/kim-dong\/","menu_order":0,"post_type":"publisher","post_mime_type":"","comment_count":"0","filter":"raw"}},"_links":{"self":[{"href":"https:\/\/sachviet.eu\/en\/wp-json\/wp\/v2\/product\/5781","targetHints":{"allow":["GET"]}}],"collection":[{"href":"https:\/\/sachviet.eu\/en\/wp-json\/wp\/v2\/product"}],"about":[{"href":"https:\/\/sachviet.eu\/en\/wp-json\/wp\/v2\/types\/product"}],"wp:featuredmedia":[{"embeddable":true,"href":"https:\/\/sachviet.eu\/en\/wp-json\/wp\/v2\/media\/5780"}],"wp:attachment":[{"href":"https:\/\/sachviet.eu\/en\/wp-json\/wp\/v2\/media?parent=5781"}],"wp:term":[{"taxonomy":"product_brand","embeddable":true,"href":"https:\/\/sachviet.eu\/en\/wp-json\/wp\/v2\/product_brand?post=5781"},{"taxonomy":"product_cat","embeddable":true,"href":"https:\/\/sachviet.eu\/en\/wp-json\/wp\/v2\/product_cat?post=5781"},{"taxonomy":"product_tag","embeddable":true,"href":"https:\/\/sachviet.eu\/en\/wp-json\/wp\/v2\/product_tag?post=5781"}],"curies":[{"name":"wp","href":"https:\/\/api.w.org\/{rel}","templated":true}]}}