{"id":5779,"date":"2021-03-14T02:26:46","date_gmt":"2021-03-14T00:26:46","guid":{"rendered":"https:\/\/sachviet.eu\/shop\/giup-tre-xu-ly-con-cau-gian-57-bai-luyen-tap-de-dieu-khien-con-gian-cua-tre\/"},"modified":"2021-04-17T02:28:11","modified_gmt":"2021-04-16T23:28:11","slug":"giup-tre-xu-ly-con-cau-gian-57-bai-luyen-tap-de-dieu-khien-con-gian-cua-tre","status":"publish","type":"product","link":"https:\/\/sachviet.eu\/en\/shop\/giup-tre-xu-ly-con-cau-gian-57-bai-luyen-tap-de-dieu-khien-con-gian-cua-tre\/","title":{"rendered":"Gi\u00fap Tr\u1ebb X\u1eed L\u00fd C\u01a1n C\u00e1u Gi\u1eadn &#8211; 57 B\u00e0i Luy\u1ec7n T\u1eadp \u0110\u1ec3 \u0110i\u1ec1u Khi\u1ec3n C\u01a1n Gi\u1eadn C\u1ee7a Tr\u1ebb"},"content":{"rendered":"<p>G\u1eedi t\u1edbi c\u00e1c th\u1ea7y c\u00f4 gi\u00e1o trong hi\u1ec7n t\u1ea1i, nh\u1eefng ng\u01b0\u1eddi s\u1ebd l\u00e0 gi\u00e1o vi\u00ean trong t\u01b0\u01a1ng lai v\u00e0 nh\u1eefng ng\u01b0\u1eddi \u0111ang l\u00e0m trong ng\u00e0nh gi\u00e1o d\u1ee5c!<\/p>\n<p>V\u00e0i n\u0103m g\u1ea7n \u0111\u00e2y, h\u00e0nh vi b\u1ea1o l\u1ef1c trong tr\u01b0\u1eddng ti\u1ec3u h\u1ecdc \u0111ang ng\u00e0y m\u1ed9t gia t\u0103ng, \u0111\u1eb7c bi\u1ec7t c\u00f3 xu h\u01b0\u1edbng tr\u1ebb h\u00f3a \u0111\u1ed9 tu\u1ed5i.<\/p>\n<p>T\u1ea1i sao tr\u1ebb l\u1ea1i th\u1ec3 hi\u1ec7n c\u1ea3m gi\u00e1c gi\u1eadn d\u1eef th\u00e0nh b\u1ea1o l\u1ef1c? B\u1edfi v\u00ec tr\u1ebb \u201ckh\u00f4ng c\u00f3 c\u00e1ch bi\u1ec3u hi\u1ec7n n\u00e0o kh\u00e1c\u201d ngo\u00e0i b\u1ea1o l\u1ef1c. C\u0169ng ch\u00ednh v\u00ec kh\u00f4ng bi\u1ebft c\u00e1ch ki\u1ec3m so\u00e1t c\u1ea3m x\u00fac c\u1ee7a b\u1ea3n th\u00e2n, tr\u1ebb b\u1ecb r\u01a1i v\u00e0o c\u00e1i v\u00f2ng lu\u1ea9n qu\u1ea9n t\u1eeb b\u1ed9c ph\u00e1t c\u01a1n gi\u1eadn \u0111\u1ed9t ng\u1ed9t, t\u1ef1 ch\u1ed1i b\u1ecf b\u1ea3n th\u00e2n d\u1eabn t\u1edbi c\u00f4 l\u1eadp v\u1edbi xung quanh\u2026<\/p>\n<p>Nh\u1eb1m \u0111\u01b0a tr\u1ebb tho\u00e1t kh\u1ecfi v\u00f2ng lu\u1ea9n qu\u1ea9n n\u00e0y, vi\u1ec7c \u201cQu\u1ea3n l\u00fd c\u01a1n n\u00f3ng gi\u1eadn\u201d l\u00e0 r\u1ea5t c\u00f3 \u00edch.<\/p>\n<p>Ch\u00fang ta mong r\u1eb1ng t\u1ea5t c\u1ea3 tr\u1ebb em \u0111\u1ec1u c\u00f3 th\u1ec3 t\u1ef1 \u0111i\u1ec1u khi\u1ec3n c\u1ea3m x\u00fac n\u00f3ng gi\u1eadn c\u1ee7a m\u00ecnh \u0111\u1ec3 kh\u00f4ng l\u00e0m \u0111i\u1ec1u g\u00ec ph\u1ea3i h\u1ed1i h\u1eadn v\u1ec1 sau.<\/p>\n<p>Trong cu\u1ed1n s\u00e1ch \u201cGi\u00fap tr\u1ebb x\u1eed l\u00fd c\u01a1n c\u00e1u gi\u1eadn \u2013 57 b\u00e0i luy\u1ec7n t\u1eadp \u0111\u1ec3 \u0111i\u1ec1u khi\u1ec3n c\u01a1n gi\u1eadn c\u1ee7a tr\u1ebb\u201d, t\u00e1c gi\u1ea3 \u0111\u00e3 ghi l\u1ea1i nh\u1eefng t\u00ecnh hu\u1ed1ng theo m\u1ee5c \u0111\u00edch ri\u00eang, c\u00f3 th\u1ec3 d\u00f9ng trong c\u00e1c gi\u1edd h\u1ecdc hay nh\u1eefng k\u1ef9 thu\u1eadt nh\u1eb1m qu\u1ea3n l\u00fd \u201cc\u01a1n gi\u1eadn\u201d. Nh\u1eefng ghi ch\u00e9p n\u00e0y s\u1ebd r\u1ea5t c\u00f3 \u00edch cho ho\u1ea1t \u0111\u1ed9ng gi\u00e1o d\u1ee5c h\u1eb1ng ng\u00e0y c\u1ee7a c\u00e1c b\u1ea1n.<\/p>\n<p>G\u1eedi t\u1edbi c\u00e1c b\u1eadc ph\u1ee5 huynh!<\/p>\n<p>M\u1ed7i s\u00e1ng, b\u1ea1n c\u00f3 b\u1ef1c b\u1ed9i khi \u0111\u01b0a con t\u1edbi tr\u01b0\u1eddng kh\u00f4ng? B\u1ea1n c\u00f3 th\u1ea5y v\u00f4 c\u00f9ng h\u1ed1i h\u1eadn n\u1ebfu m\u00ecnh tr\u00f3t \u0111em n\u1ed7i b\u1ef1c d\u1ecdc \u1ea5y tr\u00fat l\u00ean con kh\u00f4ng?<\/p>\n<p>B\u1ea1n c\u00f3 bao gi\u1edd c\u1ea3m th\u1ea5y lo l\u1eafng v\u00ec con m\u00ecnh d\u1ec5 \u201cn\u1ed5i kh\u00f9ng\u201d h\u01a1n nh\u1eefng \u0111\u1ee9a tr\u1ebb kh\u00e1c ch\u01b0a?<\/p>\n<p>Trong cu\u1ed1n s\u00e1ch \u201cGi\u00fap tr\u1ebb x\u1eed l\u00fd c\u01a1n c\u00e1u gi\u1eadn \u2013 57 b\u00e0i luy\u1ec7n t\u1eadp \u0111\u1ec3 \u0111i\u1ec1u khi\u1ec3n c\u01a1n gi\u1eadn c\u1ee7a tr\u1ebb\u201d, t\u00e1c gi\u1ea3 s\u1ebd gi\u1ea3i th\u00edch v\u1ec1 c\u1ea5u tr\u00fac c\u1ee7a \u201cc\u01a1n gi\u1eadn\u201d v\u00e0 \u201cc\u00e1ch qu\u1ea3n l\u00fd c\u01a1n n\u00f3ng gi\u1eadn\u201d nh\u1eb1m gi\u00fap t\u1ef1 \u0111i\u1ec1u khi\u1ec3n c\u01a1n gi\u1eadn c\u1ee7a b\u1ea3n th\u00e2n. H\u01a1n n\u1eefa, t\u00e1c gi\u1ea3 c\u0169ng \u0111\u01b0a ra r\u1ea5t nhi\u1ec1u t\u00ecnh hu\u1ed1ng c\u00f3 th\u1ec3 \u00e1p d\u1ee5ng v\u00e0o \u0111\u1eddi s\u1ed1ng th\u01b0\u1eddng nh\u1eadt, ph\u00e1t huy bi\u1ec7n ph\u00e1p qu\u1ea3n l\u00fd c\u01a1n gi\u1eadn n\u00e0y khi cha m\u1eb9 v\u00e0 con c\u00e1i c\u00f9ng chung s\u1ed1ng d\u01b0\u1edbi m\u1ed9t m\u00e1i nh\u00e0. Nh\u1edd \u0111\u00f3 cha m\u1eb9 c\u00f3 th\u1ec3 x\u00e2y d\u1ef1ng m\u1ed1i quan h\u1ec7 tin c\u1eady v\u1edbi con m\u1ed9t c\u00e1ch t\u1ef1 nhi\u00ean nh\u1ea5t.<\/p>\n<p>Th\u1ef1c ch\u1ea5t, n\u1ed5i n\u00f3ng c\u0169ng kh\u00f4ng h\u1eb3n l\u00e0 \u0111i\u1ec1u x\u1ea5u. V\u00e0 vi\u1ec7c th\u1ea5u hi\u1ec3u \u201cc\u01a1n n\u00f3ng gi\u1eadn\u201d c\u1ee7a con s\u1ebd gi\u00fap c\u00e1c b\u1eadc ph\u1ee5 huynh c\u00f3 c\u01a1 h\u1ed9i tr\u1ea3i qua nh\u1eefng ng\u00e0y th\u00e1ng vui v\u1ebb, tr\u1ecdn v\u1eb9n b\u00ean con h\u01a1n.<\/p>\n","protected":false},"excerpt":{"rendered":"<p>M\u00ecnh ngh\u0129 c\u00e1ch t\u1ed1t nh\u1ea5t \u0111\u1ec3 tr\u1ebb kh\u00f4ng n\u00f3ng gi\u1eadn l\u00e0 cha m\u1eb9 kh\u00f4ng n\u00f3ng gi\u1eadn. Cha m\u1eb9 hi\u1ec1n h\u00f2a, con c\u00e1i s\u1ebd hi\u1ec1n h\u00f2a.<br \/>\n\u0110\u1ec3 ki\u1ec3m so\u00e1t nh\u1eefng c\u01a1n n\u00f3ng gi\u1eadn th\u00ec c\u1ea7n ph\u1ea3i r\u00e8n luy\u1ec7n r\u1ea5t nhi\u1ec1u: b\u1ea3n l\u0129nh, n\u0103ng l\u1ef1c, s\u1ef1 hi\u1ec3u bi\u1ebft, t\u00ecnh y\u00eau, s\u1ef1 bao dung \u0111\u1ed9 l\u01b0\u1ee3ng&#8230;. B\u1ea3n l\u0129nh \u0111\u1ec3 l\u00e0m ch\u1ee7 c\u1ea3m x\u00fac c\u1ee7a ch\u00ednh m\u00ecnh. N\u0103ng l\u1ef1c \u0111\u1ec3 l\u00e0m ch\u1ee7 c\u00e1c t\u00ecnh hu\u1ed1ng, kh\u00f4ng b\u1ecb ho\u00e0n c\u1ea3nh chi ph\u1ed1i. Hi\u1ec3u bi\u1ebft \u0111\u1ec3 l\u00fd gi\u1ea3i ngu\u1ed3n g\u1ed1c c\u1ee7a h\u00e0nh vi c\u1ee7a ng\u01b0\u1eddi kh\u00e1c d\u01b0\u1edbi g\u00f3c \u0111\u1ed9 khoa h\u1ecdc. T\u00ecnh y\u00eau \u0111\u1ec3 hi\u1ec3u nh\u1eefng ng\u01b0\u1eddi s\u1ed1ng quanh ta, \u0111\u00f4i khi ph\u1ea3i c\u1ed1 t\u00ecm m\u00e0 hi\u1ec3u. Bao dung \u0111\u1ec3 ch\u1ea5p nh\u1eadn c\u1ea3 nh\u1eefng \u0111i\u1ec1u m\u00e0 ta kh\u00f4ng t\u00e1n th\u00e0nh, kh\u00f4ng nh\u01b0 \u00fd. B\u1edfi \u0111i\u1ec1u m\u00e0 ta c\u1ea7n kh\u00f4ng ph\u1ea3i l\u00e0 che d\u1ea5u s\u1ef1 t\u1ee9c gi\u1eadn m\u00e0 l\u00e0 th\u1ef1c s\u1ef1 kh\u00f4ng c\u1ea3m th\u1ea5y t\u1ee9c gi\u1eadn.<br \/>\nG\u1ea7n ch\u1ed7 m\u00ecnh c\u00f3 m\u1ed9t b\u1ea1n r\u1ea5t hay x\u1ecf xi\u00ean, soi m\u00f3i s\u1ef1 ri\u00eang t\u01b0 c\u1ee7a ng\u01b0\u1eddi kh\u00e1c r\u1ed3i n\u00f3i \u0111\u1ec3u c\u01b0\u1eddi \u0111\u1ec3u, kh\u00edch b\u00e1c. \u0110\u1eb7c bi\u1ec7t m\u1ed7i khi ai \u0111\u00f3 c\u00f3 \u0111\u01b0\u1ee3c th\u1ee9 m\u00e0 b\u1ea1n \u1ea5y kh\u00f4ng c\u00f3 th\u00ec b\u1ea1n \u1ea5y d\u1ed3n d\u1eadp th\u1ec3 hi\u1ec7n \u0111i\u1ec1u n\u00e0y m\u1ed9t c\u00e1ch r\u1ea5t b\u1ea3n n\u0103ng, d\u01b0\u1eddng nh\u01b0 kh\u00f4ng th\u1ec3 che gi\u1ea5u. H\u1ed3i x\u01b0a, l\u00e2u r\u1ed3i, m\u1ed7i khi th\u1ea5y b\u1ea1n \u1ea5y th\u1ec3 hi\u1ec7n \u0111i\u1ec1u m\u00e0 m\u00ecnh cho r\u1eb1ng r\u1ea5t x\u1ea5u x\u00ed n\u00e0y, m\u00ecnh th\u1ea5y r\u1ea5t gi\u1eadn v\u00e0 c\u00f3 \u00fd mu\u1ed1n n\u00f3i l\u1ea1i, v\u00ec v\u1ec1 m\u1eb7t n\u0103ng l\u1ef1c ng\u00f4n ng\u1eef m\u00ecnh kh\u00f4ng ph\u1ea3i l\u00e0 kh\u00f4ng th\u1ec3. Nh\u01b0ng m\u1ed7i ng\u00e0y m\u1ed9t ch\u00fat m\u1ed9t ch\u00fat, m\u00ecnh b\u1eaft \u0111\u1ea7u ch\u1ea5p nh\u1eadn v\u00e0 nghe nh\u1eefng c\u00e2u n\u00f3i c\u1ee7a b\u1ea1n \u1ea5y m\u1ed9t c\u00e1ch b\u00ecnh th\u1ea3n. M\u00ecnh kh\u00f4ng c\u00f2n th\u1ea5y kh\u00f3 ch\u1ecbu thay cho ng\u01b0\u1eddi b\u1ecb b\u1ea1n \u1ea5y t\u1ea5n c\u00f4ng n\u1eefa. \u0110\u00f4i khi c\u0169ng th\u1ea5y c\u1ea3m \u01a1n b\u1ea1n \u1ea5y \u0111\u00e3 gi\u00fap m\u00ecnh t\u1ef1 r\u00e8n luy\u1ec7n.<br \/>\nNh\u1eefng \u0111i\u1ec1u n\u00e0y, n\u00f3i ra ch\u1ec9 m\u1ea5t v\u00e0i d\u00f2ng nh\u01b0ng r\u00e8n luy\u1ec7n \u0111\u01b0\u1ee3c c\u00f3 th\u1ec3 m\u1ea5t c\u1ea3 cu\u1ed9c \u0111\u1eddi. Cha m\u1eb9 ph\u1ea3i t\u1ef1 r\u00e8n luy\u1ec7n cho m\u00ecnh v\u00e0 gi\u00fap con r\u00e8n luy\u1ec7n. M\u1ee9c \u0111\u1ed9 c\u1ee7a s\u1ef1 gi\u1eadn d\u1eef s\u1ebd gi\u1ea3m d\u1ea7n v\u00e0 \u0111\u1ebfn m\u1ed9t ng\u00e0y c\u00f3 th\u1ec3 s\u1ebd ti\u00eau bi\u1ebfn.<br \/>\nHi\u1ec3u \u0111\u01b0\u1ee3c nh\u01b0 th\u1ebf nh\u01b0ng cho \u0111\u1ebfn gi\u1edd, m\u00ecnh v\u1eabn ch\u01b0a l\u00e0m t\u1ed1t \u0111\u01b0\u1ee3c \u0111i\u1ec1u \u0111\u00f3 , v\u1eabn ph\u1ea3i n\u1ed7 l\u1ef1c m\u1ed7i ng\u00e0y, v\u00e0 \u0111\u00f4i khi v\u1eabn b\u1ecb nh\u1eefng c\u1ea3m x\u00fac ti\u00eau c\u1ef1c chi ph\u1ed1i. Nh\u01b0ng m\u00ecnh v\u1eabn hy v\u1ecdng tr\u00e0n tr\u1ec1, r\u1eb1ng \u0111\u1ebfn m\u1ed9t l\u00fac n\u00e0o \u0111\u00f3, m\u00ecnh s\u1ebd \u0111\u1ea1t t\u1edbi c\u1ea3nh gi\u1edbi n\u00e0y. V\u00e0 tr\u00ean con \u0111\u01b0\u1eddng &#8220;tu t\u1eadp&#8221; m\u00ecnh v\u1eabn c\u1ea7n s\u1ef1 h\u1ed7 tr\u1ee3. V\u00e0 \u0111\u00e2y l\u00e0 m\u1ed9t trong nh\u1eefng s\u1ef1 h\u1ed7 tr\u1ee3 \u0111\u00f3<\/p>\n","protected":false},"featured_media":5772,"template":"","meta":{"_acf_changed":false},"product_brand":[],"product_cat":[19],"product_tag":[],"class_list":{"0":"post-5779","1":"product","2":"type-product","3":"status-publish","4":"has-post-thumbnail","6":"product_cat-nuoi-day-con","8":"first","9":"outofstock","10":"taxable","11":"shipping-taxable","12":"purchasable","13":"product-type-simple"},"supplier_id":null,"supplier_sku":"","barcode":null,"atum_controlled":true,"out_stock_date":"2021-03-14 00:26:46","out_stock_threshold":null,"inheritable":false,"inbound_stock":0,"stock_on_hold":0,"sold_today":0,"sales_last_days":0,"reserved_stock":0,"customer_returns":0,"warehouse_damage":0,"lost_in_post":0,"other_logs":0,"out_stock_days":1781,"lost_sales":0,"has_location":false,"update_date":"2026-01-28T23:10:38","atum_locations":[],"atum_stock_status":"outofstock","restock_status":false,"low_stock_amount":"","sales_update_date":"2026-01-28T23:10:38","calc_backorders":null,"acf":{"publisher":{"ID":1474,"post_author":"1","post_date":"2021-02-17 01:12:51","post_date_gmt":"2021-02-16 23:12:51","post_content":"","post_title":"Th\u00e1i H\u00e0","post_excerpt":"","post_status":"publish","comment_status":"closed","ping_status":"closed","post_password":"","post_name":"thai-ha","to_ping":"","pinged":"","post_modified":"2021-02-17 01:12:51","post_modified_gmt":"2021-02-16 23:12:51","post_content_filtered":"","post_parent":0,"guid":"https:\/\/sachviet.eu\/nha-phat-hanh\/thai-ha\/","menu_order":0,"post_type":"publisher","post_mime_type":"","comment_count":"0","filter":"raw"}},"_links":{"self":[{"href":"https:\/\/sachviet.eu\/en\/wp-json\/wp\/v2\/product\/5779","targetHints":{"allow":["GET"]}}],"collection":[{"href":"https:\/\/sachviet.eu\/en\/wp-json\/wp\/v2\/product"}],"about":[{"href":"https:\/\/sachviet.eu\/en\/wp-json\/wp\/v2\/types\/product"}],"wp:featuredmedia":[{"embeddable":true,"href":"https:\/\/sachviet.eu\/en\/wp-json\/wp\/v2\/media\/5772"}],"wp:attachment":[{"href":"https:\/\/sachviet.eu\/en\/wp-json\/wp\/v2\/media?parent=5779"}],"wp:term":[{"taxonomy":"product_brand","embeddable":true,"href":"https:\/\/sachviet.eu\/en\/wp-json\/wp\/v2\/product_brand?post=5779"},{"taxonomy":"product_cat","embeddable":true,"href":"https:\/\/sachviet.eu\/en\/wp-json\/wp\/v2\/product_cat?post=5779"},{"taxonomy":"product_tag","embeddable":true,"href":"https:\/\/sachviet.eu\/en\/wp-json\/wp\/v2\/product_tag?post=5779"}],"curies":[{"name":"wp","href":"https:\/\/api.w.org\/{rel}","templated":true}]}}