{"id":5771,"date":"2021-03-14T02:26:36","date_gmt":"2021-03-14T00:26:36","guid":{"rendered":"https:\/\/sachviet.eu\/shop\/julie-con-cua-bay-soi\/"},"modified":"2021-05-18T00:08:09","modified_gmt":"2021-05-17T21:08:09","slug":"julie-con-cua-bay-soi","status":"publish","type":"product","link":"https:\/\/sachviet.eu\/en\/shop\/julie-con-cua-bay-soi\/","title":{"rendered":"Julie &#8211; Con C\u1ee7a B\u1ea7y S\u00f3i"},"content":{"rendered":"<p>\u201c\u0110\u00f3ng g\u00f3p ki\u1ec7t xu\u1ea5t nh\u1ea5t cho n\u1ec1n v\u0103n h\u1ecdc thi\u1ebfu nhi, xu\u1ea5t b\u1ea3n t\u1ea1i Hoa K\u1ef3 n\u0103m 1972.\u201d &#8211; Ban D\u1ecbch v\u1ee5 Thi\u1ebfu nhi, Hi\u1ec7p h\u1ed9i Th\u01b0 vi\u1ec7n M\u1ef9 \u201cM\u1ed9t cu\u1ed1n s\u00e1ch v\u1ec1 nh\u1eefng kh\u00eda c\u1ea1nh phi th\u1eddi gian, v\u00e0 c\u00f3 l\u1ebd th\u1eadm ch\u00ed c\u00f2n r\u1ea5t kinh \u0111i\u1ec3n. C\u00e1ch k\u1ec3 chuy\u1ec7n tuy\u1ec7t v\u1eddi bao g\u1ed3m c\u1ea3 nh\u1eefng m\u00f4 t\u1ea3 v\u00e0 c\u00e1c chi ti\u1ebft ch\u00e2n th\u1ef1c v\u1ec1 l\u1ed1i s\u1ed1ng c\u00f9ng nh\u1eefng nghi l\u1ec5 c\u1ee7a ng\u01b0\u1eddi Eskimo. C\u1ea3 cu\u1ed1n s\u00e1ch c\u00f3 s\u1ef1 ch\u00e2n th\u1ef1c hi\u1ebfm hoi, \u0111\u1eadm n\u00e9t m\u00e0 h\u1ecda s\u0129 \u0111\u00e3 t\u00f4 \u0111\u1eadm b\u1eb1ng nh\u1eefng b\u1ee9c v\u1ebd sinh \u0111\u1ed9ng.\u201d (Horn Book).<\/p>\n<p>\u201cT\u00e1c gi\u1ea3 l\u00e0 m\u1ed9t nh\u00e0 t\u1ef1 nhi\u00ean h\u1ecdc \u0111\u00e3 tr\u1ef1c ti\u1ebfp quan s\u00e1t lo\u00e0i  s\u00f3i.  Ti\u1ec3u  thuy\u1ebft  c\u1ee7a  b\u00e0  th\u1ea5m  \u0111\u1eabm  s\u1ef1 hi\u1ec3u  bi\u1ebft  v\u1ec1 lo\u00e0i  s\u00f3i,  c\u00e1ch  k\u1ec3  chuy\u1ec7n  truy\u1ec1n  t\u1ea3i  \u0111\u01b0\u1ee3c  s\u1ef1  m\u00eanh  m\u00f4ng v\u00f4 t\u1eadn c\u1ee7a l\u00e3nh nguy\u00ean c\u0169ng nh\u01b0 nhi\u1ec1u kh\u00eda c\u1ea1nh kh\u00e1c c\u1ee7a B\u1eafc C\u1ef1c, c\u1ea3 xa x\u01b0a v\u00e0 hi\u1ec7n \u0111\u1ea1i, \u0111\u1ed9ng v\u1eadt v\u00e0 con ng\u01b0\u1eddi.\u201d (The New York Times).<\/p>\n<p>JEAN CAROLYN CRAIGHEAD GEORGE (1919 \u2013 2012)<\/p>\n<p>L\u00e0 nh\u00e0 v\u0103n ng\u01b0\u1eddi M\u1ef9 v\u1edbi h\u01a1n 100 t\u00e1c ph\u1ea9m d\u00e0nh cho tr\u1ebb em v\u00e0 thanh ni\u00ean, t\u1eadp trung v\u00e0o ch\u1ee7 \u0111\u1ec1 m\u00f4i tr\u01b0\u1eddng v\u00e0 th\u1ebf gi\u1edbi t\u1ef1 nhi\u00ean. Sinh ra trong gia \u0111\u00ecnh c\u00f3 nhi\u1ec1u ng\u01b0\u1eddi nghi\u00ean c\u1ee9u v\u1ec1 t\u1ef1 nhi\u00ean, b\u00e0 t\u1ed1t nghi\u1ec7p chuy\u00ean ng\u00e0nh ti\u1ebfng Anh v\u00e0 khoa h\u1ecdc t\u1ea1i \u0110\u1ea1i h\u1ecdc Bang Pennsylvania n\u0103m 1940. B\u00e0 t\u1eebng l\u00e0 ph\u00f3ng vi\u00ean cho t\u1edd The Washington Post, bi\u00ean t\u1eadp vi\u00ean cho nh\u00e0 xu\u1ea5t b\u1ea3n Readers Digest. B\u00e0 vi\u1ebft cu\u1ed1n ti\u1ec3u thuy\u1ebft \u0111\u1ea7u ti\u00ean, Vulpes the Red Foxn\u0103m 1948 c\u00f9ng v\u1edbi ch\u1ed3ng l\u00e0 John Lothar George v\u00e0 \u0111\u00edch th\u00e2n b\u00e0 v\u1ebd minh h\u1ecda cho cu\u1ed1n s\u00e1ch.V\u1edbi ti\u1ec3u thuy\u1ebft \u201cJulie con c\u1ee7a b\u1ea7y s\u00f3i\u201d, George gi\u00e0nh \u0111\u01b0\u1ee3c Huy ch\u01b0\u01a1ng Newbery do Hi\u1ec7p h\u1ed9i Th\u01b0 vi\u1ec7n M\u1ef9 trao t\u1eb7ng n\u0103m 1973. B\u00e0 c\u0169ng gi\u00e0nh Gi\u1ea3i th\u01b0\u1edfng V\u0103n h\u1ecdc Thanh ni\u00ean \u0110\u1ee9c n\u0103m 1975 cho b\u1ea3n d\u1ecbch ti\u1ebfng \u0110\u1ee9c c\u1ee7a t\u00e1c ph\u1ea9m n\u00e0y.<\/p>\n<p>T\u00c1C PH\u1ea8M CH\u00cdNH:<\/p>\n<p>&#8211; Vulpes the Red Fox (t\u1ea1m d\u1ecbch: Vulpes C\u00e1o \u0111\u1ecf), 1948, n\u1eb1m trong b\u1ed9 truy\u1ec7n American Woodland Tales (Truy\u1ec7n c\u1ed5 mi\u1ec1n r\u1eebng M\u1ef9).<\/p>\n<p>&#8211; Julie of the Wolves (Julie con c\u1ee7a b\u1ea7y s\u00f3i), 1972, n\u1eb1m trong b\u1ed9 truy\u1ec7n Julie. C\u00e1c t\u1eadp ti\u1ebfp theo l\u00e0: Julie (t\u1ea1m d\u1ecbch: Chuy\u1ec7n Julie), 1994; Julie\u2019s Wolf Pack (\u0110\u00e0n s\u00f3i c\u1ee7a Julie) 1997; Nutik, the Wolf Pup (t\u1ea1m d\u1ecbch: Nutik, s\u00f3i con), 2001; Nutik and Amaroq Play Ball (t\u1ea1m d\u1ecbch: Nutik v\u00e0 Amaroq ch\u01a1i b\u00f3ng), 2001.<\/p>\n<p>&#8211; Going to the Sun (t\u1ea1m d\u1ecbch: \u0110i t\u1edbi M\u1eb7t tr\u1eddi), 1976.<\/p>\n<p>&#8211; Journey Inward (t\u1ef1 truy\u1ec7n, t\u1ea1m d\u1ecbch: H\u00e0nh tr\u00ecnh v\u00e0o n\u1ed9i t\u00e2m), 1982.<\/p>\n<p>&#8211; Snow Bear (t\u1ea1m d\u1ecbch: G\u1ea5u tuy\u1ebft), 1999.<\/p>\n<p>&#8211; Cliff Hanger (t\u1ea1m d\u1ecbch: Cheo leo v\u00e1ch \u0111\u00e1), xu\u1ea5t b\u1ea3n n\u0103m 2002, n\u1eb1m trong b\u1ed9 truy\u1ec7n Outdoor Adventures (C\u00e1c cu\u1ed9c phi\u00eau l\u01b0u ngo\u00e0i tr\u1eddi) g\u1ed3m 3 t\u1eadp.<\/p>\n<p>&#8211; Galapagos George (s\u00e1ch tranh), 2011.<\/p>\n","protected":false},"excerpt":{"rendered":"<p>Julie Con C\u1ee7a B\u1ea7y S\u00f3i \u0111\u01b0\u1ee3c gi\u1edbi thi\u1ec7u l\u00e0 cu\u1ed1n s\u00e1ch \u201c\u0111\u00f3ng g\u00f3p ki\u1ec7t xu\u1ea5t nh\u1ea5t cho n\u1ec1n v\u0103n h\u1ecdc thi\u1ebfu nhi\u201d. M\u00ecnh th\u00ec ch\u1ec9 mu\u1ed1n gi\u1edbi thi\u1ec7u v\u1edbi b\u1ea1n \u0111\u1ecdc: \u0111\u00e2y l\u00e0 cu\u1ed1n s\u00e1ch hay, s\u1ed1ng \u0111\u1ed9ng v\u1edbi c\u1ed1t truy\u1ec7n m\u1edbi l\u1ea1.<br \/>\nS\u1ebd ra sao n\u1ebfu m\u1ed9t c\u00f4 g\u00e1i nh\u1ecf nh\u1eafn h\u01a1n 13 tu\u1ed5i, m\u1ed9t th\u00e2n m\u1ed9t m\u00ecnh b\u1ecb m\u1ea5t ph\u01b0\u01a1ng h\u01b0\u1edbng gi\u1eefa b\u1ed1n b\u1ec1 b\u0103ng tuy\u1ebft c\u1ee7a B\u1eafc C\u1ef1c, kh\u00f4ng l\u01b0\u01a1ng th\u1ef1c, kh\u00f4ng ph\u01b0\u01a1ng ti\u1ec7n ch\u1ec9 \u0111\u01b0\u1eddng, b\u00ean c\u1ea1nh m\u1ed9t b\u1ea7y s\u00f3i? Julie \u0111\u00e3 v\u1eadn d\u1ee5ng t\u1ea5t c\u1ea3 kinh nghi\u1ec7m c\u1ee7a m\u1ed9t ng\u01b0\u1eddi Eskimo truy\u1ec1n th\u1ed1ng v\u00e0 tr\u00ed tu\u1ec7 c\u1ee7a m\u00ecnh \u0111\u1ec3 \u0111\u01b0\u1ee3c c\u00f4ng nh\u1eadn l\u00e0 \u201ccon c\u1ee7a b\u1ea7y s\u00f3i\u201d, \u0111\u1ec3 n\u01b0\u01a1ng nh\u1edd gia \u0111\u00ecnh s\u00f3i Amarog trong th\u1eddi gian c\u00f9ng qu\u1eabn nh\u1ea5t. C\u00e2u chuy\u1ec7n d\u1ea7n d\u1ea7n h\u00e9 m\u1edf v\u1ec1 th\u00e2n th\u1ebf v\u00e0 l\u00ed do Julie Miyax c\u00f3 m\u1eb7t \u1edf n\u01a1i \u0111\u00e2y. D\u00f2ng h\u1ed3i t\u01b0\u1edfng \u0111\u01b0a ch\u00fang ta tr\u1edf l\u1ea1i tu\u1ed5i th\u01a1 v\u1eeba nh\u1ecdc nh\u1eb1n v\u1eeba \u00eam \u1ea3 c\u1ee7a Julie. Hai m\u1ea1ch truy\u1ec7n b\u1ed7ng ch\u1ed1c ho\u00e0 th\u00e0nh m\u1ed9t v\u1edbi s\u1ef1 b\u1ea5t ng\u1edd, k\u1ecbch t\u00ednh&#8230;<br \/>\nCu\u1ed1n s\u00e1ch c\u00f3 n\u1ed9i dung h\u1ea5p d\u1eabn, c\u00e1ch mi\u00eau t\u1ea3 ch\u00e2n th\u1ef1c, l\u1ed1i k\u1ec3 chuy\u1ec7n cu\u1ed1n h\u00fat v\u00e0 mang tri\u1ebft l\u00fd v\u1ec1 gi\u00e1 tr\u1ecb \u0111\u1ea1o \u0111\u1ee9c. N\u1ebfu c\u1ea7n t\u00ecm hi\u1ec3u v\u1ec1 t\u1eadp t\u00ednh c\u1ee7a lo\u00e0i s\u00f3i, truy\u1ec1n th\u1ed1ng, t\u1ee5c l\u1ec7 c\u1ee7a ng\u01b0\u1eddi Eskimo th\u00ec \u0111\u00e2y l\u00e0 m\u1ed9t s\u1ef1 l\u1ef1a ch\u1ecdn ho\u00e0n h\u1ea3o. M\u00ecnh lu\u00f4n ngh\u0129 h\u1ecdc, t\u00ecm hi\u1ec3u v\u0103n ho\u00e1 qua v\u0103n h\u1ecdc l\u00e0 c\u00e1ch d\u1ec5 ti\u1ebfp c\u1eadn, d\u1ec5 nh\u1edb v\u00e0 nh\u1edb l\u00e2u nh\u1ea5t.<\/p>\n","protected":false},"featured_media":5769,"template":"","meta":{"_acf_changed":false},"product_brand":[],"product_cat":[17,26],"product_tag":[],"class_list":{"0":"post-5771","1":"product","2":"type-product","3":"status-publish","4":"has-post-thumbnail","6":"product_cat-sach-danh-cho-cac-be","7":"product_cat-thieu-nien-11-tuoi-18-tuoi","9":"first","10":"outofstock","11":"taxable","12":"shipping-taxable","13":"purchasable","14":"product-type-simple"},"supplier_id":null,"supplier_sku":"","barcode":null,"atum_controlled":true,"out_stock_date":"2021-03-14 01:01:31","out_stock_threshold":null,"inheritable":false,"inbound_stock":0,"stock_on_hold":0,"sold_today":0,"sales_last_days":0,"reserved_stock":0,"customer_returns":0,"warehouse_damage":0,"lost_in_post":0,"other_logs":0,"out_stock_days":1781,"lost_sales":0,"has_location":false,"update_date":"2026-01-28T23:10:38","atum_locations":[],"atum_stock_status":"outofstock","restock_status":false,"low_stock_amount":"","sales_update_date":"2026-01-28T23:10:38","calc_backorders":null,"acf":{"publisher":{"ID":1454,"post_author":"1","post_date":"2021-02-17 01:11:34","post_date_gmt":"2021-02-16 23:11:34","post_content":"<!-- wp:flatsome\/uxbuilder -->\n<h1 style=\"text-align: center;\"><strong>Kim \u0110\u1ed3ng<\/strong><\/h1>\n[row]\n\n[col span=\"3\" span__sm=\"12\"]\n\n[ux_image id=\"1534\" image_size=\"medium\"]\n\n\n[\/col]\n[col span=\"9\" span__sm=\"12\"]\n\n<p>Nh\u00e0 xu\u1ea5t b\u1ea3n Kim \u0110\u1ed3ng tr\u1ef1c thu\u1ed9c Trung \u01b0\u01a1ng \u0110o\u00e0n TNCS H\u1ed3 Ch\u00ed Minh l\u00e0 Nh\u00e0 xu\u1ea5t b\u1ea3n t\u1ed5ng h\u1ee3p c\u00f3 ch\u1ee9c n\u0103ng xu\u1ea5t b\u1ea3n s\u00e1ch v\u00e0 v\u0103n h\u00f3a ph\u1ea9m ph\u1ee5c v\u1ee5 thi\u1ebfu nhi v\u00e0 c\u00e1c b\u1eadc ph\u1ee5 huynh trong c\u1ea3 n\u01b0\u1edbc, qu\u1ea3ng b\u00e1 v\u00e0 gi\u1edbi thi\u1ec7u v\u0103n h\u00f3a Vi\u1ec7t Nam ra th\u1ebf gi\u1edbi.<br \/>Nh\u00e0 xu\u1ea5t b\u1ea3n c\u00f3 nhi\u1ec7m v\u1ee5 t\u1ed5 ch\u1ee9c b\u1ea3n th\u1ea3o, bi\u00ean so\u1ea1n, bi\u00ean d\u1ecbch, xu\u1ea5t b\u1ea3n v\u00e0 ph\u00e1t h\u00e0nh c\u00e1c xu\u1ea5t b\u1ea3n ph\u1ea9m c\u00f3 n\u1ed9i dung: gi\u00e1o d\u1ee5c truy\u1ec1n th\u1ed1ng d\u00e2n t\u1ed9c, gi\u00e1o d\u1ee5c v\u1ec1 tri th\u1ee9c, ki\u1ebfn th\u1ee9c\u2026 tr\u00ean c\u00e1c l\u0129nh v\u1ef1c v\u0103n h\u1ecdc, ngh\u1ec7 thu\u1eadt, khoa h\u1ecdc k\u1ef9 thu\u1eadt nh\u1eb1m cung c\u1ea5p cho c\u00e1c em thi\u1ebfu nhi c\u0169ng nh\u01b0 c\u00e1c b\u1eadc ph\u1ee5 huynh c\u00e1c ki\u1ebfn th\u1ee9c c\u1ea7n thi\u1ebft trong cu\u1ed9c s\u1ed1ng, nh\u1eefng tinh hoa c\u1ee7a tri th\u1ee9c nh\u00e2n lo\u1ea1i nh\u1eb1m g\u00f3p ph\u1ea7n gi\u00e1o d\u1ee5c v\u00e0 h\u00ecnh th\u00e0nh nh\u00e2n c\u00e1ch th\u1ebf h\u1ec7 tr\u1ebb.<br \/>\u0110\u1ed1i t\u01b0\u1ee3ng ph\u1ee5c v\u1ee5 c\u1ee7a Nh\u00e0 xu\u1ea5t b\u1ea3n l\u00e0 c\u00e1c em t\u1eeb tu\u1ed5i nh\u00e0 tr\u1ebb m\u1eabu gi\u00e1o (1 \u0111\u1ebfn 5 tu\u1ed5i), nhi \u0111\u1ed3ng (6 \u0111\u1ebfn 9 tu\u1ed5i), thi\u1ebfu ni\u00ean (10 \u0111\u1ebfn 15 tu\u1ed5i) \u0111\u1ebfn c\u00e1c em tu\u1ed5i m\u1edbi l\u1edbn (16 \u0111\u1ebfn 18 tu\u1ed5i) v\u00e0 c\u00e1c b\u1eadc ph\u1ee5 huynh.<\/p>\n\n[\/col]\n\n[\/row]\n\n<!-- \/wp:flatsome\/uxbuilder -->","post_title":"Kim \u0110\u1ed3ng","post_excerpt":"","post_status":"publish","comment_status":"closed","ping_status":"closed","post_password":"","post_name":"kim-dong","to_ping":"","pinged":"","post_modified":"2021-02-17 01:31:56","post_modified_gmt":"2021-02-16 23:31:56","post_content_filtered":"","post_parent":0,"guid":"https:\/\/sachviet.eu\/nha-phat-hanh\/kim-dong\/","menu_order":0,"post_type":"publisher","post_mime_type":"","comment_count":"0","filter":"raw"}},"_links":{"self":[{"href":"https:\/\/sachviet.eu\/en\/wp-json\/wp\/v2\/product\/5771","targetHints":{"allow":["GET"]}}],"collection":[{"href":"https:\/\/sachviet.eu\/en\/wp-json\/wp\/v2\/product"}],"about":[{"href":"https:\/\/sachviet.eu\/en\/wp-json\/wp\/v2\/types\/product"}],"wp:featuredmedia":[{"embeddable":true,"href":"https:\/\/sachviet.eu\/en\/wp-json\/wp\/v2\/media\/5769"}],"wp:attachment":[{"href":"https:\/\/sachviet.eu\/en\/wp-json\/wp\/v2\/media?parent=5771"}],"wp:term":[{"taxonomy":"product_brand","embeddable":true,"href":"https:\/\/sachviet.eu\/en\/wp-json\/wp\/v2\/product_brand?post=5771"},{"taxonomy":"product_cat","embeddable":true,"href":"https:\/\/sachviet.eu\/en\/wp-json\/wp\/v2\/product_cat?post=5771"},{"taxonomy":"product_tag","embeddable":true,"href":"https:\/\/sachviet.eu\/en\/wp-json\/wp\/v2\/product_tag?post=5771"}],"curies":[{"name":"wp","href":"https:\/\/api.w.org\/{rel}","templated":true}]}}