{"id":5768,"date":"2021-03-14T02:26:31","date_gmt":"2021-03-14T00:26:31","guid":{"rendered":"https:\/\/sachviet.eu\/shop\/mia-va-chu-su-tu-trang\/"},"modified":"2021-05-18T00:08:20","modified_gmt":"2021-05-17T21:08:20","slug":"mia-va-chu-su-tu-trang","status":"publish","type":"product","link":"https:\/\/sachviet.eu\/en\/shop\/mia-va-chu-su-tu-trang\/","title":{"rendered":"Mia V\u00e0 Ch\u00fa S\u01b0 T\u1eed Tr\u1eafng"},"content":{"rendered":"<p>Charlie d\u1ec5 d\u00e0ng b\u0103ng qua r\u1eebng c\u00e2y b\u1ee5i, t\u1ef1a h\u1ed3 \u0111ang l\u01b0\u1edbt \u0111i, c\u00f2n Mia th\u00ec ph\u1ea3i ch\u1eadt v\u1eadt \u0111\u1ec3 theo s\u00e1t con s\u01b0 t\u1eed. C\u00e2y c\u1ecf nh\u01b0 c\u1eaft v\u00e0o da th\u1ecbt, c\u00f2n \u00e1nh m\u1eb7t tr\u1eddi nh\u01b0 thi\u00eau \u0111\u1ed1t em.<\/p>\n<p>Tr\u01b0\u1edbc m\u1eb7t Mia v\u00e0 Charlie, tr\u1ea3ng c\u1ecf tr\u1ea3i r\u1ed9ng ng\u00fat t\u1ea7m m\u1eaft.<\/p>\n<p>B\u1ea5t ch\u1ee3t, Charlie d\u1eebng l\u1ea1i, ng\u1ea9ng \u0111\u1ea7u l\u00ean, v\u00e0 v\u1eeba d\u1ecfng tai v\u1eeba nh\u00ecn th\u1eb3ng v\u1ec1 ph\u00eda tr\u01b0\u1edbc. C\u00e1c gi\u00e1c quan \u0111\u00e3 c\u1ea3nh b\u00e1o n\u00f3 r\u1eb1ng c\u00f3 m\u1ed9t con th\u00fa hoang \u0111ang \u1edf g\u1ea7n\u2026<\/p>\n<p>T\u1eeb khi ph\u1ea3i r\u1eddi n\u01b0\u1edbc Anh \u0111\u1ebfn s\u1ed1ng \u1edf Nam Phi, Mia lu\u00f4n c\u1ea3m th\u1ea5y phi\u1ec1n mu\u1ed9n. Em nh\u1edb nhung b\u1ea1n b\u00e8, tr\u01b0\u1eddng h\u1ecdc, th\u1eadm ch\u00ed c\u1ea3 nh\u1eefng c\u01a1n m\u01b0a ph\u00f9n c\u1ee7a London! Ph\u1ea3i chi b\u1ed1 m\u1eb9 em t\u1eeb b\u1ecf c\u00f4ng vi\u1ec7c nu\u00f4i s\u01b0 t\u1eed gi\u1eefa v\u00f9ng tr\u1ea3ng c\u1ecf r\u1ed9ng l\u1edbn\u2026<\/p>\n<p>\u0110\u00f3 l\u00e0 khi \u0111i\u1ec1u k\u00ec di\u1ec7u x\u1ea3y ra. M\u1ed9t ch\u00fa s\u01b0 t\u1eed tr\u1eafng ra \u0111\u1eddi \u1edf trang tr\u1ea1i nh\u00e0 Owen v\u00e0o \u0111\u00fang \u0111\u00eam Gi\u00e1ng sinh! Li\u1ec7u n\u00f3 c\u00f3 ph\u1ea3i l\u00e0 con v\u1eadt m\u00e0u nhi\u1ec7m trong truy\u1ec1n thuy\u1ebft m\u00e0 anh trai Mick c\u1ee7a em lu\u00f4n nh\u1eafc \u0111\u1ebfn?<\/p>\n<p>D\u00f9 Mia kh\u00f4ng ch\u1ecbu th\u1eeba nh\u1eadn, ch\u00fa s\u01b0 t\u1eed d\u1ea7n khi\u1ebfn em m\u1ec1m l\u00f2ng. Em \u0111\u1eb7t t\u00ean cho n\u00f3 l\u00e0 Charlie. Ng\u00e0y qua ng\u00e0y, c\u00f4 b\u00e9 v\u00e0 con v\u1eadt tr\u1edf n\u00ean kh\u00f4ng th\u1ec3 t\u00e1ch r\u1eddi. Cho \u0111\u1ebfn m\u1ed9t h\u00f4m, m\u1ecdi chuy\u1ec7n ch\u1ea5m d\u1ee9t: B\u1ed1 em b\u00e1n Charlie. \u0110\u1ec3 gi\u1ea3i c\u1ee9u ch\u00fa s\u01b0 t\u1eed tr\u1eafng, Mia quy\u1ebft \u0111\u1ecbnh d\u1eabn Charlie ch\u1ea1y tr\u1ed1n\u2026<\/p>\n<p>(K\u1ecbch b\u1ea3n b\u1ed9 phim Mia V\u00e0 Ch\u00fa S\u01b0 T\u1eed Tr\u1eafng c\u1ee7a \u0111\u1ea1o di\u1ec5n Gilles de Maistre)     <\/p>\n<p>B\u1ed9 phim Mia V\u00e0 Ch\u00fa S\u01b0 T\u1eed Tr\u1eafng c\u1ee7a \u0111\u1ea1o di\u1ec5n Gilles de Maistre c\u00f4ng chi\u1ebfu v\u00e0o cu\u1ed1i n\u0103m 2018, thu h\u00fat \u0111\u01b0\u1ee3c nhi\u1ec1u s\u1ef1 quan t\u00e2m v\u00e0 t\u00ecnh c\u1ea3m y\u00eau m\u1ebfn c\u1ee7a kh\u00e1n gi\u1ea3 to\u00e0n c\u1ea7u.<\/p>\n","protected":false},"excerpt":{"rendered":"<p>Mia c\u00f9ng gia \u0111\u00ecnh chuy\u1ec3n t\u1eeb London v\u1ec1 Nam Phi, qu\u00ea n\u1ed9i c\u1ee7a c\u00f4. B\u1ed1 c\u1ee7a c\u00f4 b\u00e9 n\u00f3i r\u1eb1ng \u00f4ng l\u00e0m vi\u1ec7c v\u1ec1 b\u1ea3o t\u1ed3n thi\u00ean nhi\u00ean, nu\u00f4i d\u01b0\u1ee1ng c\u00e1c lo\u00e0i th\u00fa hoang d\u00e3 v\u00e0 \u0111\u00f3n kh\u00e1ch du l\u1ecbch.<br \/>\nT\u1eeb v\u01b0\u1eddn th\u00fa nh\u00e0 Mia, m\u1ed9t con s\u01b0 t\u1eed tr\u1eafng ra \u0111\u1eddi. X\u00e1c su\u1ea5t \u0111\u1ec3 c\u00f3 1 con s\u01b0 t\u1eed tr\u1eafng l\u00e0 r\u1ea5t th\u1ea5p, \u0111\u00e2u \u0111\u00f3 kho\u1ea3ng 1\/1 tri\u1ec7u. Trong l\u00fac Mia \u0111ang bu\u1ed3n phi\u1ec1n v\u00ec ph\u1ea3i xa b\u1ea1n b\u00e8 \u1edf London, b\u1ed1 c\u00f4 b\u00e9 \u0111\u00e3 t\u1eb7ng ch\u00fa s\u01b0 t\u1eed tr\u1eafng n\u00e0y cho c\u00f4.<br \/>\nMia v\u1ed1n l\u00e0 m\u1ed9t c\u00f4 b\u00e9 c\u00e1 t\u00ednh, m\u1ea1nh m\u1ebd, ho\u1ea1t b\u00e1t, \u0111\u1eb7c bi\u1ec7t y\u00eau th\u00edch b\u00f3ng \u0111\u00e1 v\u00e0 kh\u00f4ng h\u1ee9ng th\u00fa v\u1edbi \u0111\u1ed9ng v\u1eadt hoang d\u00e3. Nh\u01b0ng c\u00f3 m\u1ed9t m\u1ed1i li\u00ean h\u1ec7 g\u1eafn b\u00f3 k\u00ec di\u1ec7u gi\u1eefa Mia v\u00e0 s\u01b0 t\u1eed tr\u1eafng. C\u1ea3 2 \u0111\u00e3 tr\u1edf th\u00e0nh \u0111\u00f4i b\u1ea1n th\u00e2n thi\u1ebft, qu\u1ea5n qu\u00fdt kh\u00f4ng r\u1eddi.<br \/>\nCh\u1eb3ng bao l\u00e2u, s\u01b0 t\u1eed tr\u1eafng b\u00e9 nh\u1ecf \u0111\u00e3 tr\u1edf th\u00e0nh 1 s\u01b0 t\u1eed \u0111\u1ef1c tr\u01b0\u1edfng th\u00e0nh d\u0169ng m\u00e3nh. Cha m\u1eb9 Mia lo s\u1ee3 cho s\u1ef1 an to\u00e0n c\u1ee7a con g\u00e1i n\u00ean kh\u00f4ng cho c\u00f4 b\u00e9 ch\u01a1i c\u00f9ng s\u01b0 t\u1eed tr\u1eafng n\u1eefa. \u0110\u1ed3ng th\u1eddi, ng\u01b0\u1eddi cha do \u00e1p l\u1ef1c t\u1eeb ph\u00eda c\u00f4ng vi\u1ec7c kinh doanh \u0111\u00e3 quy\u1ebft \u0111\u1ecbnh b\u00e1n ch\u00fa s\u01b0 t\u1eed cho m\u1ed9t nh\u00f3m th\u1ee3 s\u0103n. Mia nh\u1eadn ra, b\u1ed1 c\u1ee7a c\u00f4 b\u00e9 \u0111\u00e3 n\u00f3i d\u1ed1i. C\u00f4 b\u00e9 n\u1ed5i gi\u1eadn v\u00e0 c\u00f9ng s\u01b0 t\u1eed tr\u1eafng b\u1ecf tr\u1ed1n&#8230;..<\/p>\n","protected":false},"featured_media":5766,"template":"","meta":{"_acf_changed":false},"product_brand":[],"product_cat":[17,26],"product_tag":[],"class_list":{"0":"post-5768","1":"product","2":"type-product","3":"status-publish","4":"has-post-thumbnail","6":"product_cat-sach-danh-cho-cac-be","7":"product_cat-thieu-nien-11-tuoi-18-tuoi","9":"first","10":"outofstock","11":"taxable","12":"shipping-taxable","13":"purchasable","14":"product-type-simple"},"supplier_id":null,"supplier_sku":"","barcode":null,"atum_controlled":true,"out_stock_date":"2021-03-14 01:01:32","out_stock_threshold":null,"inheritable":false,"inbound_stock":0,"stock_on_hold":0,"sold_today":0,"sales_last_days":0,"reserved_stock":0,"customer_returns":0,"warehouse_damage":0,"lost_in_post":0,"other_logs":0,"out_stock_days":1781,"lost_sales":0,"has_location":false,"update_date":"2026-01-28T23:10:38","atum_locations":[],"atum_stock_status":"outofstock","restock_status":false,"low_stock_amount":"","sales_update_date":"2026-01-28T23:10:38","calc_backorders":null,"acf":{"publisher":{"ID":1454,"post_author":"1","post_date":"2021-02-17 01:11:34","post_date_gmt":"2021-02-16 23:11:34","post_content":"<!-- wp:flatsome\/uxbuilder -->\n<h1 style=\"text-align: center;\"><strong>Kim \u0110\u1ed3ng<\/strong><\/h1>\n[row]\n\n[col span=\"3\" span__sm=\"12\"]\n\n[ux_image id=\"1534\" image_size=\"medium\"]\n\n\n[\/col]\n[col span=\"9\" span__sm=\"12\"]\n\n<p>Nh\u00e0 xu\u1ea5t b\u1ea3n Kim \u0110\u1ed3ng tr\u1ef1c thu\u1ed9c Trung \u01b0\u01a1ng \u0110o\u00e0n TNCS H\u1ed3 Ch\u00ed Minh l\u00e0 Nh\u00e0 xu\u1ea5t b\u1ea3n t\u1ed5ng h\u1ee3p c\u00f3 ch\u1ee9c n\u0103ng xu\u1ea5t b\u1ea3n s\u00e1ch v\u00e0 v\u0103n h\u00f3a ph\u1ea9m ph\u1ee5c v\u1ee5 thi\u1ebfu nhi v\u00e0 c\u00e1c b\u1eadc ph\u1ee5 huynh trong c\u1ea3 n\u01b0\u1edbc, qu\u1ea3ng b\u00e1 v\u00e0 gi\u1edbi thi\u1ec7u v\u0103n h\u00f3a Vi\u1ec7t Nam ra th\u1ebf gi\u1edbi.<br \/>Nh\u00e0 xu\u1ea5t b\u1ea3n c\u00f3 nhi\u1ec7m v\u1ee5 t\u1ed5 ch\u1ee9c b\u1ea3n th\u1ea3o, bi\u00ean so\u1ea1n, bi\u00ean d\u1ecbch, xu\u1ea5t b\u1ea3n v\u00e0 ph\u00e1t h\u00e0nh c\u00e1c xu\u1ea5t b\u1ea3n ph\u1ea9m c\u00f3 n\u1ed9i dung: gi\u00e1o d\u1ee5c truy\u1ec1n th\u1ed1ng d\u00e2n t\u1ed9c, gi\u00e1o d\u1ee5c v\u1ec1 tri th\u1ee9c, ki\u1ebfn th\u1ee9c\u2026 tr\u00ean c\u00e1c l\u0129nh v\u1ef1c v\u0103n h\u1ecdc, ngh\u1ec7 thu\u1eadt, khoa h\u1ecdc k\u1ef9 thu\u1eadt nh\u1eb1m cung c\u1ea5p cho c\u00e1c em thi\u1ebfu nhi c\u0169ng nh\u01b0 c\u00e1c b\u1eadc ph\u1ee5 huynh c\u00e1c ki\u1ebfn th\u1ee9c c\u1ea7n thi\u1ebft trong cu\u1ed9c s\u1ed1ng, nh\u1eefng tinh hoa c\u1ee7a tri th\u1ee9c nh\u00e2n lo\u1ea1i nh\u1eb1m g\u00f3p ph\u1ea7n gi\u00e1o d\u1ee5c v\u00e0 h\u00ecnh th\u00e0nh nh\u00e2n c\u00e1ch th\u1ebf h\u1ec7 tr\u1ebb.<br \/>\u0110\u1ed1i t\u01b0\u1ee3ng ph\u1ee5c v\u1ee5 c\u1ee7a Nh\u00e0 xu\u1ea5t b\u1ea3n l\u00e0 c\u00e1c em t\u1eeb tu\u1ed5i nh\u00e0 tr\u1ebb m\u1eabu gi\u00e1o (1 \u0111\u1ebfn 5 tu\u1ed5i), nhi \u0111\u1ed3ng (6 \u0111\u1ebfn 9 tu\u1ed5i), thi\u1ebfu ni\u00ean (10 \u0111\u1ebfn 15 tu\u1ed5i) \u0111\u1ebfn c\u00e1c em tu\u1ed5i m\u1edbi l\u1edbn (16 \u0111\u1ebfn 18 tu\u1ed5i) v\u00e0 c\u00e1c b\u1eadc ph\u1ee5 huynh.<\/p>\n\n[\/col]\n\n[\/row]\n\n<!-- \/wp:flatsome\/uxbuilder -->","post_title":"Kim \u0110\u1ed3ng","post_excerpt":"","post_status":"publish","comment_status":"closed","ping_status":"closed","post_password":"","post_name":"kim-dong","to_ping":"","pinged":"","post_modified":"2021-02-17 01:31:56","post_modified_gmt":"2021-02-16 23:31:56","post_content_filtered":"","post_parent":0,"guid":"https:\/\/sachviet.eu\/nha-phat-hanh\/kim-dong\/","menu_order":0,"post_type":"publisher","post_mime_type":"","comment_count":"0","filter":"raw"}},"_links":{"self":[{"href":"https:\/\/sachviet.eu\/en\/wp-json\/wp\/v2\/product\/5768","targetHints":{"allow":["GET"]}}],"collection":[{"href":"https:\/\/sachviet.eu\/en\/wp-json\/wp\/v2\/product"}],"about":[{"href":"https:\/\/sachviet.eu\/en\/wp-json\/wp\/v2\/types\/product"}],"wp:featuredmedia":[{"embeddable":true,"href":"https:\/\/sachviet.eu\/en\/wp-json\/wp\/v2\/media\/5766"}],"wp:attachment":[{"href":"https:\/\/sachviet.eu\/en\/wp-json\/wp\/v2\/media?parent=5768"}],"wp:term":[{"taxonomy":"product_brand","embeddable":true,"href":"https:\/\/sachviet.eu\/en\/wp-json\/wp\/v2\/product_brand?post=5768"},{"taxonomy":"product_cat","embeddable":true,"href":"https:\/\/sachviet.eu\/en\/wp-json\/wp\/v2\/product_cat?post=5768"},{"taxonomy":"product_tag","embeddable":true,"href":"https:\/\/sachviet.eu\/en\/wp-json\/wp\/v2\/product_tag?post=5768"}],"curies":[{"name":"wp","href":"https:\/\/api.w.org\/{rel}","templated":true}]}}