{"id":5765,"date":"2021-03-14T02:26:26","date_gmt":"2021-03-14T00:26:26","guid":{"rendered":"https:\/\/sachviet.eu\/shop\/kien-thuc-can-ban-can-biet-theo-dong-lich-su-nghe-thuat\/"},"modified":"2021-03-23T01:14:35","modified_gmt":"2021-03-22T23:14:35","slug":"kien-thuc-can-ban-can-biet-theo-dong-lich-su-nghe-thuat","status":"publish","type":"product","link":"https:\/\/sachviet.eu\/en\/shop\/kien-thuc-can-ban-can-biet-theo-dong-lich-su-nghe-thuat\/","title":{"rendered":"Ki\u1ebfn Th\u1ee9c C\u0103n B\u1ea3n C\u1ea7n Bi\u1ebft &#8211; Theo D\u00f2ng L\u1ecbch S\u1eed Ngh\u1ec7 Thu\u1eadt"},"content":{"rendered":"<p>1 B\u1ea1n c\u00f3 bi\u1ebft 10 ki\u1ec7t t\u00e1c t\u0129nh v\u1eadt, 10 t\u00e1c ph\u1ea9m \u0111i\u00eau kh\u1eafc, 10 v\u1edf opera n\u1ed5i b\u1eadt nh\u1ea5t?<\/p>\n<p>2 B\u1ea1n c\u00f3 bi\u1ebft c\u00e1c t\u00e1c ph\u1ea9m l\u00e0m n\u00ean danh ti\u1ebfng c\u1ee7a Rembrandt, Ingres, Monet, Klee, Mozart v\u00e0 Debussy?<\/p>\n<p>3 B\u1ea1n c\u00f3 bi\u1ebft nh\u1eefng b\u1ea3n giao h\u01b0\u1edfng kh\u00f4ng th\u1ec3 b\u1ecf qua, nh\u1eefng tr\u00e0o l\u01b0u quan tr\u1ecdng trong ngh\u1ec7 thu\u1eadt hi\u1ec7n \u0111\u1ea1i, nh\u1eefng nh\u00e2n v\u1eadt ti\u00ean phong trong nhi\u1ebfp \u1ea3nh, ki\u1ebfn tr\u00fac v\u00e0 \u0111i\u1ec7n \u1ea3nh?<\/p>\n<p>4 B\u1ea1n c\u00f3 bi\u1ebft 10 c\u00e1i t\u00ean ch\u1ee7 ch\u1ed1t, 10 ch\u1ee7 \u0111\u1ec1 l\u00e3ng m\u1ea1n, 10 g\u01b0\u01a1ng m\u1eb7t \u0111\u1ea1i di\u1ec7n cho \u0111i\u00eau kh\u1eafc baroc ho\u1eb7c cho tr\u01b0\u1eddng ph\u00e1i bi\u1ec3u hi\u1ec7n?<\/p>\n<p>5 B\u1ea1n c\u00f3 bi\u1ebft c\u00e1c ch\u1ee7 \u0111\u1ec1 s\u00e1ng t\u00e1c \u01b0a chu\u1ed9ng c\u1ee7a Degas, nh\u1eefng n\u1ed7i \u00e1m \u1ea3nh c\u1ee7a Van Gogh?<\/p>\n<p>Theo d\u00f2ng l\u1ecbch s\u1eed ngh\u1ec7 thu\u1eadt gi\u1ed1ng nh\u01b0 m\u1ed9t b\u1ea3n t\u1ed5ng k\u1ebft t\u1ea5t c\u1ea3 c\u00e1c tr\u00e0o l\u01b0u ch\u1ee7 \u0111\u1ea1o trong l\u1ecbch s\u1eed ngh\u1ec7 thu\u1eadt, nh\u1eefng phong c\u00e1ch s\u00e1ng t\u1ea1o n\u1ed5i b\u1eadt, nh\u1eefng ngh\u1ec7 s\u0129 ti\u00eau bi\u1ec3u c\u00f9ng ch\u1ee7 \u0111\u1ec1 s\u00e1ng t\u1ea1o \u01b0a th\u00edch c\u1ee7a h\u1ecd, nh\u1eefng t\u00e1c ph\u1ea9m t\u00e1o b\u1ea1o nh\u1ea5t, nh\u1eefng ki\u1ec7t t\u00e1c xu\u1ea5t s\u1eafc nh\u1ea5t trong h\u1ed9i h\u1ecda, \u0111i\u00eau kh\u1eafc, ki\u1ebfn tr\u00fac v\u00e0 \u00e2m nh\u1ea1c. Cu\u1ed1n s\u00e1ch s\u1ebd m\u1edf ra tr\u01b0\u1edbc m\u1eaft b\u1ea1n m\u1ed9t b\u1ee9c tranh to\u00e0n c\u1ea3nh, \u0111\u01b0a b\u1ea1n \u0111\u1ebfn v\u1edbi m\u1ed9t vi\u1ec7n b\u1ea3o t\u00e0ng phong ph\u00fa v\u00e0 to\u00e0n di\u1ec7n, n\u01a1i b\u1ea1n kh\u00e1m ph\u00e1 nh\u1eefng n\u00e9t \u0111\u1ed9c \u0111\u00e1o c\u1ee7a ngh\u1ec7 thu\u1eadt g\u00f4 t\u00edch, nh\u1eefng b\u01b0\u1edbc \u0111i \u0111\u1ea7u ti\u00ean c\u1ee7a ng\u00e0nh nhi\u1ebfp \u1ea3nh, nh\u1eefng giai tho\u1ea1i trong l\u00e0ng ngh\u1ec7 s\u0129, h\u00e0nh tr\u00ecnh s\u00e1ng t\u1ea1o ngh\u1ec7 thu\u1eadt v\u00e0 s\u1ef1 ra \u0111\u1eddi c\u1ee7a m\u1ed9t s\u1ed1 ki\u1ec7t t\u00e1c quan tr\u1ecdng nh\u1ea5t, c\u00e1ch th\u1ee9c m\u00e0 m\u1ed7i t\u00e1c ph\u1ea9m l\u00e0m \u0111\u1ea3o l\u1ed9n ng\u00e0nh ngh\u1ec7 thu\u1eadt,&#8230;<\/p>\n<p>M\u1ed9t b\u1ed9 s\u01b0u t\u1eadp tuy\u1ec7t \u0111\u1eb9p, v\u1edbi nh\u1eefng ch\u00fa th\u00edch, d\u1eabn gi\u1ea3i \u0111\u1ea7y \u0111\u1ed9c \u0111\u00e1o v\u00e0 l\u00f4i cu\u1ed1n.<\/p>\n","protected":false},"excerpt":{"rendered":"<p>\u201cTheo d\u00f2ng l\u1ecbch s\u1eed ngh\u1ec7 thu\u1eadt\u201d g\u1ecdi l\u00e0 cu\u1ed1n s\u00e1ch b\u00e1ch khoa to\u00e0n th\u01b0 ho\u1eb7c b\u1ea3o t\u00e0ng ngh\u1ec7 thu\u1eadt ho\u1eb7c b\u1ea3n t\u1ed5ng k\u1ebft c\u00e1c tr\u00e0o l\u01b0u ngh\u1ec7 thu\u1eadt ho\u1eb7c tri\u1ec3n l\u00e3m c\u00e1c t\u00e1c ph\u1ea9m ngh\u1ec7 thu\u1eadt \u0111\u1ec1u \u0111\u00fang c\u1ea3. Cu\u1ed1n s\u00e1ch s\u1ebd cung c\u1ea5p cho b\u1ea1n m\u1ed9t kho t\u00e0ng ki\u1ebfn th\u1ee9c phong ph\u00fa v\u00e0 to\u00e0n di\u1ec7n v\u1ec1 c\u00e1c l\u0129nh v\u1ef1c ngh\u1ec7 thu\u1eadt: h\u1ed9i ho\u1ea1, \u0111i\u00eau kh\u1eafc, ki\u1ebfn tr\u00fac, \u00e2m nh\u1ea1c.<br \/>\nCu\u1ed1n s\u00e1ch h\u01a1n 300 trang, in gi\u1ea5y \u0111\u1eb9p ph\u00f9 h\u1ee3p cho vi\u1ec7c \u0111\u1ecdc nghi\u00ean c\u1ee9u, \u0111\u1ecdc kh\u00e1m ph\u00e1 v\u00e0 r\u1ea5t x\u1ee9ng \u0111\u00e1ng \u0111\u1ec3 c\u00f3 m\u1eb7t tr\u00ean gi\u00e1 s\u00e1ch c\u1ee7a m\u1ed7i nh\u00e0. B\u1edfi m\u1ecdi th\u00e0nh vi\u00ean trong gia \u0111\u00ecnh \u0111\u1ec1u r\u1ea5t c\u1ea7n nh\u1eefng ki\u1ebfn th\u1ee9c ngh\u1ec7 thu\u1eadt c\u0103n b\u1ea3n c\u00f3 trong cu\u1ed1n s\u00e1ch n\u00e0y.<\/p>\n","protected":false},"featured_media":5758,"template":"","meta":{"_acf_changed":false},"product_brand":[],"product_cat":[20,17,26],"product_tag":[],"class_list":{"0":"post-5765","1":"product","2":"type-product","3":"status-publish","4":"has-post-thumbnail","6":"product_cat-be-vua-hoc-vua-choi","7":"product_cat-sach-danh-cho-cac-be","8":"product_cat-thieu-nien-11-tuoi-18-tuoi","10":"first","11":"outofstock","12":"taxable","13":"shipping-taxable","14":"purchasable","15":"product-type-simple"},"supplier_id":null,"supplier_sku":"","barcode":null,"atum_controlled":true,"out_stock_date":"2021-03-14 00:26:26","out_stock_threshold":null,"inheritable":false,"inbound_stock":0,"stock_on_hold":0,"sold_today":0,"sales_last_days":0,"reserved_stock":0,"customer_returns":0,"warehouse_damage":0,"lost_in_post":0,"other_logs":0,"out_stock_days":1781,"lost_sales":0,"has_location":false,"update_date":"2026-01-28T23:10:38","atum_locations":[],"atum_stock_status":"outofstock","restock_status":false,"low_stock_amount":"","sales_update_date":"2026-01-28T23:10:38","calc_backorders":null,"acf":{"publisher":{"ID":1424,"post_author":"1","post_date":"2021-02-17 00:02:29","post_date_gmt":"2021-02-16 22:02:29","post_content":"<!-- wp:flatsome\/uxbuilder -->\n<h1 style=\"text-align: center\"><strong>Nh\u00e3 Nam<\/strong><\/h1>\n[row]\n\n[col span=\"6\" span__sm=\"12\"]\n\n[ux_image id=\"1438\" image_size=\"medium\"]\n\n\n[\/col]\n[col span=\"6\" span__sm=\"12\"]\n\n<p><strong>C\u00f4ng ty c\u1ed5 ph\u1ea7n V\u0103n h\u00f3a v\u00e0 Truy\u1ec1n th\u00f4ng Nh\u00e3 Nam<\/strong><\/p>\n<p>Th\u00e1ng 2 n\u0103m 2005, Nh\u00e3 Nam, t\u00ean \u0111\u1ea7y \u0111\u1ee7 l\u00e0 C\u00f4ng ty C\u1ed5 ph\u1ea7n V\u0103n h\u00f3a v\u00e0 Truy\u1ec1n th\u00f4ng Nh\u00e3 Nam \u0111\u00e3 gia nh\u1eadp th\u1ecb tr\u01b0\u1eddng s\u00e1ch. T\u00e1c ph\u1ea9m \"Balzac v\u00e0 c\u00f4 b\u00e9 th\u1ee3 may Trung hoa\" c\u1ee7a \u0110\u1edbi T\u01b0 Ki\u1ec7t l\u00e0 cu\u1ed1n s\u00e1ch \u0111\u1ea7u ti\u00ean \u0111\u01b0\u1ee3c nh\u1eefng ng\u01b0\u1eddi s\u00e1ng l\u1eadp Nh\u00e3 Nam xu\u1ea5t b\u1ea3n c\u1ea3 tr\u01b0\u1edbc khi c\u00f4ng ty ra \u0111\u1eddi. Ngay l\u1eadp t\u1ee9c t\u1eeb cu\u1ed1n s\u00e1ch \u0111\u1ea7u ti\u00ean, \u0111\u1ed9c gi\u1ea3 \u0111\u00e3 d\u00e0nh s\u1ef1 quan t\u00e2m v\u00e0 y\u00eau m\u1ebfn cho m\u1ed9t th\u01b0\u01a1ng hi\u1ec7u s\u00e1ch m\u1edbi m\u1ebb mang trong m\u00ecnh kh\u00e1t v\u1ecdng g\u00f3p ph\u1ea7n t\u1ea1o l\u1eadp di\u1ec7n m\u1ea1o m\u1edbi cho xu\u1ea5t b\u1ea3n v\u0103n h\u1ecdc t\u1ea1i Vi\u1ec7t Nam.<\/p>\n<p>L\u00f2ng say m\u00ea c\u1ee7a \u0111\u1ed9i ng\u0169 l\u00e0 vi\u00ean \u0111\u00e1 \u0111\u1ea7u ti\u00ean. Tr\u1ea3i qua m\u1ea5y n\u0103m ph\u00e1t tri\u1ec3n, Nh\u00e3 Nam \u0111\u00e3 \u0111\u01b0\u1ee3c x\u00e2y d\u1ef1ng d\u1ea7n l\u00ean trong di\u1ec7n m\u1ea1o m\u1ed9t nh\u00e0 xu\u1ea5t b\u1ea3n v\u1eefng ch\u00e3i v\u00e0 chuy\u00ean nghi\u1ec7p. S\u00e1u th\u00e1ng sau khi th\u00e0nh l\u1eadp c\u00f4ng ty, Nh\u1eadt k\u00fd \u0110\u1eb7ng Th\u00f9y Tr\u00e2m ra \u0111\u1eddi, t\u1ea1o n\u00ean m\u1ed9t c\u01a1n s\u1ed1t trong x\u00e3 h\u1ed9i, v\u1edbi g\u1ea7n 500,000 b\u1ea3n s\u00e1ch \u0111\u01b0\u1ee3c ph\u00e1t h\u00e0nh, ph\u00e1 m\u1ecdi k\u1ef7 l\u1ee5c v\u1ec1 xu\u1ea5t b\u1ea3n tr\u01b0\u1edbc \u0111\u00f3, k\u00e9o theo m\u1ed9t lo\u1ea1t nh\u1eefng hi\u1ec7u \u1ee9ng x\u00e3 h\u1ed9i v\u00e0 d\u01b0 lu\u1eadn c\u00f3 \u00fd ngh\u0129a. T\u1eeb \u0111\u00f3 tr\u1edf \u0111i, th\u00f4ng qua Nh\u00e3 Nam, c\u00e1c cu\u1ed1n s\u00e1ch v\u0103n h\u1ecdc n\u01b0\u1edbc ngo\u00e0i c\u00f3 gi\u00e1 tr\u1ecb \u0111\u01b0\u1ee3c li\u00ean t\u1ee5c mua b\u1ea3n quy\u1ec1n v\u00e0 xu\u1ea5t b\u1ea3n t\u1ea1i Vi\u1ec7t Nam, thu h\u00fat nhi\u1ec1u t\u1ea7ng l\u1edbp \u0111\u1ed9c gi\u1ea3. S\u00e1ch c\u1ee7a Nh\u00e3 Nam n\u1ed5i b\u1eadt b\u1edfi n\u1ed9i dung v\u0103n h\u1ecdc tinh t\u1ebf, b\u1edfi v\u1ebb \u0111\u1eb9p c\u1ee7a thi\u1ebft k\u1ebf hi\u1ec7n \u0111\u1ea1i \u1edf h\u00ecnh th\u1ee9c, b\u1edfi s\u1ef1 ch\u0103m ch\u00fat k\u1ef9 l\u01b0\u1ee1ng cho m\u1ed7i cu\u1ed1n s\u00e1ch nh\u01b0 m\u1ed9t con thuy\u1ec1n mang t\u1edbi ni\u1ec1m vui, tri th\u1ee9c, ng\u1ea1c nhi\u00ean, v\u00e0 \u0111\u1ed3ng c\u1ea3m.<\/p>\n\n[\/col]\n\n[\/row]\n<p style=\"text-align: left\">Hi\u1ec3u th\u1eddi \u0111\u1ea1i \u0111ang s\u1ed1ng th\u00f4ng qua s\u00e1ch, song h\u00e0nh v\u1edbi nh\u1eefng bi\u1ebfn chuy\u1ec3n s\u00e2u s\u1eafc trong l\u00f2ng x\u00e3 h\u1ed9i b\u1eb1ng nh\u1eefng ho\u1ea1t \u0111\u1ed9ng xu\u1ea5t b\u1ea3n mi\u1ec7t m\u00e0i v\u00e0 qu\u1ea3 c\u1ea3m, con \u0111\u01b0\u1eddng Nh\u00e3 Nam \u0111\u00e3 ch\u1ecdn \u0111\u1ec3 \u0111i s\u1ebd c\u00f2n d\u00e0i. Nhi\u1ec1u kh\u00f3 kh\u0103n, th\u1eed th\u00e1ch \u0111ang \u1edf ph\u00eda tr\u01b0\u1edbc. B\u01b0\u1edbc qua th\u1eddi k\u1ef3 s\u01a1 khai v\u1edbi nh\u1eefng b\u00e0i h\u1ecdc v\u00e0 nh\u1eefng kinh nghi\u1ec7m \u0111\u1ea7u ti\u00ean, Nh\u00e3 Nam gi\u1edd \u0111\u00e3 s\u1eb5n s\u00e0ng cho m\u1ed9t ch\u1eb7ng \u0111\u01b0\u1eddng ph\u00e1t tri\u1ec3n m\u1edbi. V\u00e0 ch\u00fang t\u00f4i mu\u1ed1n ho\u00e0n thi\u1ec7n m\u00ecnh trong s\u1ef1 c\u1ea7u th\u1ecb v\u00e0 c\u1ea9n tr\u1ecdng. T\u1ea5t c\u1ea3 v\u00ec m\u1ed9t gia s\u1ea3n s\u00e1ch to l\u1edbn, c\u00f3 s\u1ee9c s\u1ed1ng d\u00e0i l\u00e2u, c\u00f3 \u00fd ngh\u0129a v\u1edbi nhi\u1ec1u th\u1ebf h\u1ec7 b\u1ea1n \u0111\u1ecdc.<br \/>B\u1edfi v\u00ec s\u00e1ch l\u00e0 th\u1ebf gi\u1edbi.<\/p>\n<p><strong>\u0110\u00e2y l\u00e0 m\u1ed9t nh\u00e0 ph\u00e1t h\u00e0nh s\u00e1ch m\u00e0 SACHVIET.EU r\u1ea5t y\u00eau th\u00edch v\u00e0 tin t\u01b0\u1edfng. Nh\u00ecn \u0111\u01b0\u1ee3c t\u1ea7m \u1ea3nh h\u01b0\u1edfng c\u1ee7a Nh\u00e3 Nam qua t\u1eebng cu\u1ed1n s\u00e1ch, SACHVIET.EU li\u00ean h\u1ec7 h\u1ee3p t\u00e1c ngay v\u1edbi Nh\u00e3 Nam \u0111\u1ec3 \u0111em to\u00e0n b\u1ed9 nh\u1eefng t\u00e1c ph\u1ea9m m\u1edbi, hay nh\u1ea5t m\u00e0 Nh\u00e3 Nam c\u00f3 sang Ch\u00e2u \u00c2u, \u0111\u01b0a \u0111\u1ebfn cho \u0111\u1ed9c gi\u1ea3 c\u00f3 nhi\u1ec1u s\u1ef1 l\u1ef1a ch\u1ecdn phong ph\u00fa h\u01a1n c\u1ea3 s\u00e1ch cho tr\u1ebb em l\u1eabn ng\u01b0\u1eddi l\u1edbn.\u00a0<\/strong><\/p>\n\n<!-- \/wp:flatsome\/uxbuilder -->","post_title":"Nh\u00e3 Nam","post_excerpt":"","post_status":"publish","comment_status":"closed","ping_status":"closed","post_password":"","post_name":"nha-nam","to_ping":"","pinged":"","post_modified":"2022-12-19 23:15:33","post_modified_gmt":"2022-12-19 21:15:33","post_content_filtered":"","post_parent":0,"guid":"https:\/\/sachviet.eu\/?post_type=publisher&#038;p=1424","menu_order":0,"post_type":"publisher","post_mime_type":"","comment_count":"0","filter":"raw"}},"_links":{"self":[{"href":"https:\/\/sachviet.eu\/en\/wp-json\/wp\/v2\/product\/5765","targetHints":{"allow":["GET"]}}],"collection":[{"href":"https:\/\/sachviet.eu\/en\/wp-json\/wp\/v2\/product"}],"about":[{"href":"https:\/\/sachviet.eu\/en\/wp-json\/wp\/v2\/types\/product"}],"wp:featuredmedia":[{"embeddable":true,"href":"https:\/\/sachviet.eu\/en\/wp-json\/wp\/v2\/media\/5758"}],"wp:attachment":[{"href":"https:\/\/sachviet.eu\/en\/wp-json\/wp\/v2\/media?parent=5765"}],"wp:term":[{"taxonomy":"product_brand","embeddable":true,"href":"https:\/\/sachviet.eu\/en\/wp-json\/wp\/v2\/product_brand?post=5765"},{"taxonomy":"product_cat","embeddable":true,"href":"https:\/\/sachviet.eu\/en\/wp-json\/wp\/v2\/product_cat?post=5765"},{"taxonomy":"product_tag","embeddable":true,"href":"https:\/\/sachviet.eu\/en\/wp-json\/wp\/v2\/product_tag?post=5765"}],"curies":[{"name":"wp","href":"https:\/\/api.w.org\/{rel}","templated":true}]}}