{"id":576,"date":"2021-02-13T11:14:16","date_gmt":"2021-02-13T09:14:16","guid":{"rendered":"https:\/\/sachviet.eu\/shop\/me-nheo-de-xu-thoi\/"},"modified":"2022-02-21T15:40:08","modified_gmt":"2022-02-21T13:40:08","slug":"me-nheo-de-xu-thoi","status":"publish","type":"product","link":"https:\/\/sachviet.eu\/en\/shop\/me-nheo-de-xu-thoi\/","title":{"rendered":"M\u00e8 nheo d\u1ec5 x\u1eed th\u00f4i"},"content":{"rendered":"<p>Trong qu\u00e1 tr\u00ecnh l\u00e0m cha m\u1eb9, ch\u1eafc ch\u1eafc c\u00e1c b\u1ed1 m\u1eb9 s\u1ebd tr\u1ea3i qua v\u00e0 x\u1eed l\u00ed nh\u1eefng c\u01a1n m\u00e8 nheo c\u1ee7a c\u00e1c b\u1ea1n nh\u1ecf, nh\u1ea5t l\u00e0 \u1edf tu\u1ed5i l\u00ean 2, l\u00ean 3. V\u00e0 n\u1ebfu b\u1ed1 m\u1eb9 x\u1eed l\u00ed nh\u1eefng c\u01a1n m\u00e8 nheo \u0111\u00f3 m\u1ed9t c\u00e1ch h\u1ee3p t\u00ecnh h\u1ee3p l\u00ed th\u00ec ch\u1eafc ch\u1eafn c\u00e1c c\u01a1n m\u00e8 nheo s\u1ebd gi\u1ea3m d\u1ea7n.<\/p>\n<p>\u0110i\u1ec1u \u0111\u1ea7u ti\u00ean c\u1ea7n nh\u1edb khi x\u1eed l\u00ed c\u00e1c c\u01a1n m\u00e8 nheo c\u1ee7a c\u00e1c b\u1ea1n nh\u1ecf l\u00e0 b\u00ecnh t\u0129nh v\u00e0 hi\u1ec3u v\u00ec sao tr\u1ebb l\u1ea1i m\u00e8 nheo. Trong cu\u1ed1n s\u00e1ch m\u00e8 nheo d\u1ec5 x\u1eed th\u00f4i, t\u00e1c gi\u1ea3 \u0111\u00e3 ph\u00e2n t\u00edch t\u00e2m l\u00ed c\u1ee7a c\u00e1c b\u1ea1n nh\u1ecf t\u1eeb s\u01a1 sinh \u0111\u1ebfn l\u1edbn \u0111\u1ec3 b\u1ed1 m\u1eb9 hi\u1ec3u v\u1ec1 t\u00e2m sinh l\u00ed c\u1ee7a c\u00e1c b\u1ea1n nh\u1ecf, ngu\u1ed3n c\u01a1n c\u1ee7a c\u00e1c tr\u1eadn m\u00e8 nheo \u0111\u1ebfn t\u1eeb \u0111\u00e2u, h\u1ea7u h\u1ebft \u0111\u1ec1u \u0111\u1ebfn t\u1eeb nh\u1eefng s\u1ef1 ch\u01b0a ho\u00e0n thi\u1ec7n trong suy ngh\u0129 c\u1ee7a c\u00e1c b\u1ea1n nh\u1ecf v\u00e0 c\u1ea7n \u0111\u01b0\u1ee3c th\u1ea5u hi\u1ec3u, c\u1ea7n c\u00f3 th\u1eddi gian. Khi \u0111\u00e3 hi\u1ec3u nguy\u00ean nh\u00e2n, ch\u1eafc ch\u1eafn c\u00e1c b\u1ed1 m\u1eb9 s\u1ebd b\u00ecnh t\u0129nh h\u01a1n tr\u01b0\u1edbc nh\u1eefng c\u01a1n m\u00e8 nheo c\u1ee7a c\u00e1c b\u1ea1n nh\u1ecf.<\/p>\n<p>Sau khi ph\u00e2n t\u00edch nguy\u00ean nh\u00e2n v\u1ec1 t\u00e2m sinh l\u00ed theo l\u1ee9a tu\u1ed5i, cu\u1ed1n s\u00e1ch \u0111\u00e3 \u0111\u01b0a ra c\u00e1c \u201cho\u1ea1t \u0111\u1ed9ng m\u00e8 nheo\u201d theo \u0111\u1ed9 tu\u1ed5i m\u00e0 c\u00e1c b\u1ea1n nh\u1ecf th\u01b0\u1eddng xuy\u00ean tr\u1ea3i qua. C\u00e1c b\u1ea1n nh\u1ecf 2 tu\u1ed5i s\u1ebd m\u00e8 nheo nh\u01b0 th\u1ebf n\u00e0o, c\u00e1c b\u1ea1n nh\u1ecf 5 tu\u1ed5i s\u1ebd m\u00e8 nheo nh\u01b0 th\u1ebf n\u00e0o. \u0110i\u1ec1u n\u00e0y s\u1ebd gi\u00fap b\u1ed1 m\u1eb9 b\u1edbt b\u1ee1 ng\u1ee1 v\u00e0 \u201cl\u00e0m ch\u1ee7 t\u00ecnh h\u00ecnh\u201d khi c\u00e1c b\u1ea1n nh\u1ecf b\u1eaft \u0111\u1ea7u m\u00e8 nheo v\u00ec bi\u1ebft r\u00f5 t\u00ecnh h\u00ecnh s\u1ebd di\u1ec5n ti\u1ebfn ra sao.<\/p>\n<p>Khi \u0111\u00e3 cung c\u1ea5p \u0111\u1ee7 \u201cc\u01a1 s\u1edf l\u00ed thuy\u1ebft\u201d, cu\u1ed1n s\u00e1ch b\u1eaft \u0111\u1ea7u \u0111i v\u00e0o gi\u1ea3i quy\u1ebft v\u1ea5n \u0111\u1ec1, h\u01b0\u1edbng d\u1eabn c\u00e1c b\u1ed1 m\u1eb9 c\u00e1ch x\u1eed l\u00ed c\u00e1c c\u01a1n m\u00e8 nheo hi\u1ec7u qu\u1ea3 nh\u1ea5t theo t\u1eebng \u0111\u1ed9 tu\u1ed5i. V\u00e0 c\u00e1ch x\u1eed l\u00ed m\u00e8 nheo ch\u1eafc ch\u1eafn kh\u00f4ng ph\u1ea3i l\u00e0 l\u1ea5n \u00e1t, qu\u00e1t m\u1eafng c\u00e1c b\u1ea1n nh\u1ecf m\u00e0 l\u00e0 l\u1eafng nghe nhu c\u1ea7u v\u00e0 c\u1ea3m x\u00fac c\u1ee7a tr\u1ebb. Trong h\u1ea7u h\u1ebft c\u00e1c c\u01a1n m\u00e8 nheo, c\u00e1ch x\u1eed l\u00ed hi\u1ec7u qu\u1ea3 nh\u1ea5t kh\u00f4ng ph\u1ea3i l\u00e0 c\u1ed1 d\u1eadp t\u1eaft c\u01a1n m\u00e8 nheo m\u00e0 l\u00e0 c\u1ed1 l\u1eafng nghe tr\u1ebb v\u00e0 thay \u0111\u1ed5i b\u1ed1 m\u1eb9. C\u00f3 l\u1ebd l\u00fac \u0111\u1ecdc c\u00e1c b\u1ed1 m\u1eb9 s\u1ebd c\u1ea3m th\u1ea5y h\u01a1i kh\u00f3 tin, hoang mang nh\u01b0ng c\u1ee9 th\u1eed \u00e1p d\u1ee5ng nh\u00e9, ch\u1eafc ch\u1eafn b\u1ed1 m\u1eb9 s\u1ebd kh\u00f4ng ng\u1edd l\u1ea1i hi\u1ec7u qu\u1ea3 \u0111\u1ebfn th\u1ebf.<\/p>\n<p>Cu\u1ed1n s\u00e1ch n\u00e0y l\u00e0 m\u1ed9t trong nh\u1eefng cu\u1ed1n s\u00e1ch v\u1ec1 nu\u00f4i d\u1ea1y con m\u00e0 \u0111i s\u00e2u v\u00e0o l\u00ed thuy\u1ebft v\u1ec1 t\u00e2m sinh l\u00ed l\u1ee9a tu\u1ed5i c\u1ee7a tr\u1ebb, m\u1ed5 x\u1ebb k\u0129 l\u01b0\u1ee1ng v\u1ea5n \u0111\u1ec1 sau \u0111\u00f3 m\u1edbi \u0111i v\u00e0o nh\u1eefng gi\u1ea3i ph\u00e1p \u0111\u01a1n gi\u1ea3n, d\u1ec5 th\u1ef1c hi\u1ec7n n\u00ean ch\u00fang m\u00ecnh \u0111\u00e1nh gi\u00e1 l\u00e0 m\u1ed9t cu\u1ed1n s\u00e1ch kh\u00e1 khoa h\u1ecdc, c\u00f3 chi\u1ec1u s\u00e2u v\u00e0 hi\u1ec7u qu\u1ea3. Cu\u1ed1n s\u00e1ch n\u00e0y s\u1ebd ph\u00f9 h\u1ee3p nh\u1ea5t v\u1edbi nh\u1eefng b\u1eadc cha m\u1eb9 ch\u01b0a b\u00ecnh t\u0129nh x\u1eed l\u00ed nh\u1eefng c\u01a1n m\u00e8 nheo v\u00e0 c\u00f3 nh\u1eefng em b\u00e9 t\u00ednh kh\u00ed m\u1ea1nh, th\u01b0\u1eddng xuy\u00ean m\u00e8 nheo. C\u00e1ch x\u1eed l\u00ed c\u1ee7a b\u1ed1 m\u1eb9 c\u0169ng \u1ea3nh h\u01b0\u1edfng \u0111\u1ebfn vi\u1ec7c b\u00e9 s\u1ebd m\u00e8 nheo nhi\u1ec1u h\u01a1n hay \u00edt h\u01a1n \u0111\u1ea5y. N\u1ebfu th\u1ea5y m\u00e8 nheo kh\u00f4ng ph\u1ea3i l\u00e0 c\u00e1ch hi\u1ec7u qu\u1ea3 v\u00e0 b\u1ed1 m\u1eb9 b\u00ecnh t\u0129nh x\u1eed l\u00ed, b\u00e9 s\u1ebd d\u1ea7n bi\u1ebft c\u00e1ch n\u00f3i chuy\u1ec7n \u0111\u1ec3 x\u1eed l\u00ed v\u1ea5n \u0111\u1ec1 h\u01a1n.<\/p>\n  <div class=\"banner-grid-wrapper\">\n  <div id=\"banner-grid-1630866616\" class=\"banner-grid row row-grid row-small\" data-packery-options=\"\">\n                      \n<div class=\"col grid-col large-7 grid-col-1\" ><div class=\"col-inner\">\n\t<div class=\"img has-hover x md-x lg-x y md-y lg-y\" id=\"image_754428836\">\n\t\t\t\t\t\t\t\t<div class=\"img-inner dark\" >\n\t\t\t<img loading=\"lazy\" decoding=\"async\" width=\"1020\" height=\"765\" src=\"https:\/\/sachviet.eu\/wp-content\/uploads\/2021\/02\/base64-1585765199143583961442-1024x768.png\" class=\"attachment-large size-large\" alt=\"\" srcset=\"https:\/\/sachviet.eu\/wp-content\/uploads\/2021\/02\/base64-1585765199143583961442-1024x768.png 1024w, https:\/\/sachviet.eu\/wp-content\/uploads\/2021\/02\/base64-1585765199143583961442-300x225.png 300w, https:\/\/sachviet.eu\/wp-content\/uploads\/2021\/02\/base64-1585765199143583961442-768x576.png 768w, https:\/\/sachviet.eu\/wp-content\/uploads\/2021\/02\/base64-1585765199143583961442-1536x1152.png 1536w, https:\/\/sachviet.eu\/wp-content\/uploads\/2021\/02\/base64-1585765199143583961442-600x450.png 600w, https:\/\/sachviet.eu\/wp-content\/uploads\/2021\/02\/base64-1585765199143583961442.png 2048w\" sizes=\"auto, (max-width: 1020px) 100vw, 1020px\" \/>\t\t\t\t\t\t\n\t\t\t\t\t<\/div>\n\t\t\t\t\t\t\t\t\n<style>\n#image_754428836 {\n  width: 100%;\n}\n<\/style>\n\t<\/div>\n\t\n<\/div><\/div>\n<div class=\"col grid-col large-5 grid-col-1\" ><div class=\"col-inner\">\n\t<div class=\"img has-hover x md-x lg-x y md-y lg-y\" id=\"image_473399172\">\n\t\t\t\t\t\t\t\t<div class=\"img-inner dark\" >\n\t\t\t<img loading=\"lazy\" decoding=\"async\" width=\"768\" height=\"1024\" src=\"https:\/\/sachviet.eu\/wp-content\/uploads\/2021\/02\/base64-15857651608551646254362-768x1024.png\" class=\"attachment-large size-large\" alt=\"\" srcset=\"https:\/\/sachviet.eu\/wp-content\/uploads\/2021\/02\/base64-15857651608551646254362-768x1024.png 768w, https:\/\/sachviet.eu\/wp-content\/uploads\/2021\/02\/base64-15857651608551646254362-225x300.png 225w, https:\/\/sachviet.eu\/wp-content\/uploads\/2021\/02\/base64-15857651608551646254362-1152x1536.png 1152w, https:\/\/sachviet.eu\/wp-content\/uploads\/2021\/02\/base64-15857651608551646254362-600x800.png 600w, https:\/\/sachviet.eu\/wp-content\/uploads\/2021\/02\/base64-15857651608551646254362.png 1536w\" sizes=\"auto, (max-width: 768px) 100vw, 768px\" \/>\t\t\t\t\t\t\n\t\t\t\t\t<\/div>\n\t\t\t\t\t\t\t\t\n<style>\n#image_473399172 {\n  width: 100%;\n}\n<\/style>\n\t<\/div>\n\t\n<\/div><\/div>\n            <\/div>\n    <style>\n    #banner-grid-1630866616 .grid-col-1{height: 600px}\n    #banner-grid-1630866616 .grid-col-1-2{height: 300px}\n    #banner-grid-1630866616 .grid-col-1-3{height:200px}\n    #banner-grid-1630866616 .grid-col-2-3{height: 400px}\n    #banner-grid-1630866616 .grid-col-1-4{height: 150px}\n    #banner-grid-1630866616 .grid-col-3-4{height: 450px}\n\n\n    \n    \n\n  <\/style>\n    <\/div>\n  \n","protected":false},"excerpt":{"rendered":"<p>Y\u00eau cho roi cho v\u1ecdt<\/p>\n<p>Gh\u00e9t cho ng\u1ecdt cho b\u00f9i!<\/p>\n<p>B\u1ea5y l\u00e2u nay, ch\u00fang ta, nh\u1eefng b\u00e0 m\u1eb9 Vi\u1ec7t, lu\u00f4n xem c\u00e2u n\u00e0y nh\u01b0 kim ch\u1ec9 nam trong qu\u00e1 tr\u00ecnh nu\u00f4i d\u1ea1y con c\u1ee7a m\u00ecnh \u0111\u1ec3 r\u1ed3i ngh\u1ec1 \u201cl\u00e0m m\u1eb9\u201d khi\u1ebfn ta v\u00f4 c\u00f9ng c\u0103ng th\u1eb3ng, m\u1ec7t m\u1ecfi!<\/p>\n<p>Tr\u00ean th\u1ef1c t\u1ebf, b\u1ed1 m\u1eb9 th\u01b0\u1eddng c\u00f3 xu h\u01b0\u1edbng di\u1ec5n gi\u1ea3i t\u1ea5t c\u1ea3 nh\u1eefng c\u01a1n m\u00e8 nheo c\u1ee7a tr\u1ebb nh\u01b0 bi\u1ec3u hi\u1ec7n c\u1ee7a s\u1ef1 ch\u1ed1ng \u0111\u1ed1i, thi\u1ebfu t\u1ef1 gi\u00e1c, h\u1ed7n h\u00e0o. M\u1ed9t s\u1ed1 kh\u00e1c th\u00ec t\u1ef1 \u0111\u1ed5 l\u1ed7i cho b\u1ea3n th\u00e2n. V\u00e0 li\u1ec7u c\u00f3 nh\u1eefng nguy\u00ean nh\u00e2n kh\u00e1c?<\/p>\n<p>C\u00e1c b\u00e0 m\u1eb9 Ph\u00e1p, trong \u0111\u00f3 c\u00f3 Isabelle Filliozat v\u1edbi nh\u1eefng ph\u00e1t hi\u1ec7n m\u1edbi \u0111\u00e2y v\u1ec1 th\u1ea7n kinh h\u1ecdc v\u00e0 t\u00e2m l\u00fd h\u1ecdc th\u1ef1c nghi\u1ec7m \u0111\u00e3 l\u00e0m s\u00e1ng t\u1ecf th\u00eam v\u1ec1 c\u01b0 x\u1eed th\u00e1i qu\u00e1 n\u00e0y, gi\u00fap ph\u1ee5 huynh t\u00ecm ra c\u00e1ch th\u1ee9c ph\u00f9 h\u1ee3p v\u1edbi t\u1eebng \u0111\u1ed9 tu\u1ed5i c\u1ee7a tr\u1ebb.<\/p>\n<p>Nu\u00f4i tr\u1ebb kh\u00f4ng c\u00f3 ngh\u0129a l\u00e0 ch\u1ec9 lo \u0111\u1ee7 c\u01a1m \u0103n \u00e1o m\u1eb7c cho tr\u1ebb. Li\u1ec7u c\u00e1c b\u00e0 m\u1eb9 Vi\u1ec7t \u0111\u00e3 s\u1eb5n s\u00e0ng xem x\u00e9t l\u1ea1i m\u1ed9t s\u1ed1 th\u00f3i quen, m\u1ed9t s\u1ed1 \u0111i\u1ec1u h\u1ecd h\u1eb1ng tin t\u01b0\u1edfng, th\u1eadm ch\u00ed c\u1ea3 nh\u1eefng g\u00ec m\u00e0 h\u1ecd t\u1eebng ch\u1eafc ch\u1eafn nh\u1ea5t \u0111\u1ec3 t\u00ecm ra c\u00e1ch chung s\u1ed1ng \u201ch\u00f2a h\u1ee3p\u201d \u0111\u1ea7y khoa h\u1ecdc v\u1edbi con h\u1ecd?<\/p>\n","protected":false},"featured_media":564,"template":"","meta":{"_acf_changed":false},"product_brand":[],"product_cat":[19],"product_tag":[],"class_list":{"0":"post-576","1":"product","2":"type-product","3":"status-publish","4":"has-post-thumbnail","6":"product_cat-nuoi-day-con","8":"first","9":"outofstock","10":"taxable","11":"shipping-taxable","12":"purchasable","13":"product-type-simple"},"supplier_id":null,"supplier_sku":"","barcode":null,"atum_controlled":true,"out_stock_date":"2022-02-21 11:40:08","out_stock_threshold":null,"inheritable":false,"inbound_stock":0,"stock_on_hold":0,"sold_today":0,"sales_last_days":0,"reserved_stock":0,"customer_returns":0,"warehouse_damage":0,"lost_in_post":0,"other_logs":0,"out_stock_days":1437,"lost_sales":1845,"has_location":false,"update_date":"2026-01-28T23:10:29","atum_locations":[],"atum_stock_status":"outofstock","restock_status":false,"low_stock_amount":"","sales_update_date":"2026-01-28T23:10:29","calc_backorders":null,"acf":{"publisher":{"ID":1424,"post_author":"1","post_date":"2021-02-17 00:02:29","post_date_gmt":"2021-02-16 22:02:29","post_content":"<!-- wp:flatsome\/uxbuilder -->\n<h1 style=\"text-align: center\"><strong>Nh\u00e3 Nam<\/strong><\/h1>\n[row]\n\n[col span=\"6\" span__sm=\"12\"]\n\n[ux_image id=\"1438\" image_size=\"medium\"]\n\n\n[\/col]\n[col span=\"6\" span__sm=\"12\"]\n\n<p><strong>C\u00f4ng ty c\u1ed5 ph\u1ea7n V\u0103n h\u00f3a v\u00e0 Truy\u1ec1n th\u00f4ng Nh\u00e3 Nam<\/strong><\/p>\n<p>Th\u00e1ng 2 n\u0103m 2005, Nh\u00e3 Nam, t\u00ean \u0111\u1ea7y \u0111\u1ee7 l\u00e0 C\u00f4ng ty C\u1ed5 ph\u1ea7n V\u0103n h\u00f3a v\u00e0 Truy\u1ec1n th\u00f4ng Nh\u00e3 Nam \u0111\u00e3 gia nh\u1eadp th\u1ecb tr\u01b0\u1eddng s\u00e1ch. T\u00e1c ph\u1ea9m \"Balzac v\u00e0 c\u00f4 b\u00e9 th\u1ee3 may Trung hoa\" c\u1ee7a \u0110\u1edbi T\u01b0 Ki\u1ec7t l\u00e0 cu\u1ed1n s\u00e1ch \u0111\u1ea7u ti\u00ean \u0111\u01b0\u1ee3c nh\u1eefng ng\u01b0\u1eddi s\u00e1ng l\u1eadp Nh\u00e3 Nam xu\u1ea5t b\u1ea3n c\u1ea3 tr\u01b0\u1edbc khi c\u00f4ng ty ra \u0111\u1eddi. Ngay l\u1eadp t\u1ee9c t\u1eeb cu\u1ed1n s\u00e1ch \u0111\u1ea7u ti\u00ean, \u0111\u1ed9c gi\u1ea3 \u0111\u00e3 d\u00e0nh s\u1ef1 quan t\u00e2m v\u00e0 y\u00eau m\u1ebfn cho m\u1ed9t th\u01b0\u01a1ng hi\u1ec7u s\u00e1ch m\u1edbi m\u1ebb mang trong m\u00ecnh kh\u00e1t v\u1ecdng g\u00f3p ph\u1ea7n t\u1ea1o l\u1eadp di\u1ec7n m\u1ea1o m\u1edbi cho xu\u1ea5t b\u1ea3n v\u0103n h\u1ecdc t\u1ea1i Vi\u1ec7t Nam.<\/p>\n<p>L\u00f2ng say m\u00ea c\u1ee7a \u0111\u1ed9i ng\u0169 l\u00e0 vi\u00ean \u0111\u00e1 \u0111\u1ea7u ti\u00ean. Tr\u1ea3i qua m\u1ea5y n\u0103m ph\u00e1t tri\u1ec3n, Nh\u00e3 Nam \u0111\u00e3 \u0111\u01b0\u1ee3c x\u00e2y d\u1ef1ng d\u1ea7n l\u00ean trong di\u1ec7n m\u1ea1o m\u1ed9t nh\u00e0 xu\u1ea5t b\u1ea3n v\u1eefng ch\u00e3i v\u00e0 chuy\u00ean nghi\u1ec7p. S\u00e1u th\u00e1ng sau khi th\u00e0nh l\u1eadp c\u00f4ng ty, Nh\u1eadt k\u00fd \u0110\u1eb7ng Th\u00f9y Tr\u00e2m ra \u0111\u1eddi, t\u1ea1o n\u00ean m\u1ed9t c\u01a1n s\u1ed1t trong x\u00e3 h\u1ed9i, v\u1edbi g\u1ea7n 500,000 b\u1ea3n s\u00e1ch \u0111\u01b0\u1ee3c ph\u00e1t h\u00e0nh, ph\u00e1 m\u1ecdi k\u1ef7 l\u1ee5c v\u1ec1 xu\u1ea5t b\u1ea3n tr\u01b0\u1edbc \u0111\u00f3, k\u00e9o theo m\u1ed9t lo\u1ea1t nh\u1eefng hi\u1ec7u \u1ee9ng x\u00e3 h\u1ed9i v\u00e0 d\u01b0 lu\u1eadn c\u00f3 \u00fd ngh\u0129a. T\u1eeb \u0111\u00f3 tr\u1edf \u0111i, th\u00f4ng qua Nh\u00e3 Nam, c\u00e1c cu\u1ed1n s\u00e1ch v\u0103n h\u1ecdc n\u01b0\u1edbc ngo\u00e0i c\u00f3 gi\u00e1 tr\u1ecb \u0111\u01b0\u1ee3c li\u00ean t\u1ee5c mua b\u1ea3n quy\u1ec1n v\u00e0 xu\u1ea5t b\u1ea3n t\u1ea1i Vi\u1ec7t Nam, thu h\u00fat nhi\u1ec1u t\u1ea7ng l\u1edbp \u0111\u1ed9c gi\u1ea3. S\u00e1ch c\u1ee7a Nh\u00e3 Nam n\u1ed5i b\u1eadt b\u1edfi n\u1ed9i dung v\u0103n h\u1ecdc tinh t\u1ebf, b\u1edfi v\u1ebb \u0111\u1eb9p c\u1ee7a thi\u1ebft k\u1ebf hi\u1ec7n \u0111\u1ea1i \u1edf h\u00ecnh th\u1ee9c, b\u1edfi s\u1ef1 ch\u0103m ch\u00fat k\u1ef9 l\u01b0\u1ee1ng cho m\u1ed7i cu\u1ed1n s\u00e1ch nh\u01b0 m\u1ed9t con thuy\u1ec1n mang t\u1edbi ni\u1ec1m vui, tri th\u1ee9c, ng\u1ea1c nhi\u00ean, v\u00e0 \u0111\u1ed3ng c\u1ea3m.<\/p>\n\n[\/col]\n\n[\/row]\n<p style=\"text-align: left\">Hi\u1ec3u th\u1eddi \u0111\u1ea1i \u0111ang s\u1ed1ng th\u00f4ng qua s\u00e1ch, song h\u00e0nh v\u1edbi nh\u1eefng bi\u1ebfn chuy\u1ec3n s\u00e2u s\u1eafc trong l\u00f2ng x\u00e3 h\u1ed9i b\u1eb1ng nh\u1eefng ho\u1ea1t \u0111\u1ed9ng xu\u1ea5t b\u1ea3n mi\u1ec7t m\u00e0i v\u00e0 qu\u1ea3 c\u1ea3m, con \u0111\u01b0\u1eddng Nh\u00e3 Nam \u0111\u00e3 ch\u1ecdn \u0111\u1ec3 \u0111i s\u1ebd c\u00f2n d\u00e0i. Nhi\u1ec1u kh\u00f3 kh\u0103n, th\u1eed th\u00e1ch \u0111ang \u1edf ph\u00eda tr\u01b0\u1edbc. B\u01b0\u1edbc qua th\u1eddi k\u1ef3 s\u01a1 khai v\u1edbi nh\u1eefng b\u00e0i h\u1ecdc v\u00e0 nh\u1eefng kinh nghi\u1ec7m \u0111\u1ea7u ti\u00ean, Nh\u00e3 Nam gi\u1edd \u0111\u00e3 s\u1eb5n s\u00e0ng cho m\u1ed9t ch\u1eb7ng \u0111\u01b0\u1eddng ph\u00e1t tri\u1ec3n m\u1edbi. V\u00e0 ch\u00fang t\u00f4i mu\u1ed1n ho\u00e0n thi\u1ec7n m\u00ecnh trong s\u1ef1 c\u1ea7u th\u1ecb v\u00e0 c\u1ea9n tr\u1ecdng. T\u1ea5t c\u1ea3 v\u00ec m\u1ed9t gia s\u1ea3n s\u00e1ch to l\u1edbn, c\u00f3 s\u1ee9c s\u1ed1ng d\u00e0i l\u00e2u, c\u00f3 \u00fd ngh\u0129a v\u1edbi nhi\u1ec1u th\u1ebf h\u1ec7 b\u1ea1n \u0111\u1ecdc.<br \/>B\u1edfi v\u00ec s\u00e1ch l\u00e0 th\u1ebf gi\u1edbi.<\/p>\n<p><strong>\u0110\u00e2y l\u00e0 m\u1ed9t nh\u00e0 ph\u00e1t h\u00e0nh s\u00e1ch m\u00e0 SACHVIET.EU r\u1ea5t y\u00eau th\u00edch v\u00e0 tin t\u01b0\u1edfng. Nh\u00ecn \u0111\u01b0\u1ee3c t\u1ea7m \u1ea3nh h\u01b0\u1edfng c\u1ee7a Nh\u00e3 Nam qua t\u1eebng cu\u1ed1n s\u00e1ch, SACHVIET.EU li\u00ean h\u1ec7 h\u1ee3p t\u00e1c ngay v\u1edbi Nh\u00e3 Nam \u0111\u1ec3 \u0111em to\u00e0n b\u1ed9 nh\u1eefng t\u00e1c ph\u1ea9m m\u1edbi, hay nh\u1ea5t m\u00e0 Nh\u00e3 Nam c\u00f3 sang Ch\u00e2u \u00c2u, \u0111\u01b0a \u0111\u1ebfn cho \u0111\u1ed9c gi\u1ea3 c\u00f3 nhi\u1ec1u s\u1ef1 l\u1ef1a ch\u1ecdn phong ph\u00fa h\u01a1n c\u1ea3 s\u00e1ch cho tr\u1ebb em l\u1eabn ng\u01b0\u1eddi l\u1edbn.\u00a0<\/strong><\/p>\n\n<!-- \/wp:flatsome\/uxbuilder -->","post_title":"Nh\u00e3 Nam","post_excerpt":"","post_status":"publish","comment_status":"closed","ping_status":"closed","post_password":"","post_name":"nha-nam","to_ping":"","pinged":"","post_modified":"2022-12-19 23:15:33","post_modified_gmt":"2022-12-19 21:15:33","post_content_filtered":"","post_parent":0,"guid":"https:\/\/sachviet.eu\/?post_type=publisher&#038;p=1424","menu_order":0,"post_type":"publisher","post_mime_type":"","comment_count":"0","filter":"raw"}},"_links":{"self":[{"href":"https:\/\/sachviet.eu\/en\/wp-json\/wp\/v2\/product\/576","targetHints":{"allow":["GET"]}}],"collection":[{"href":"https:\/\/sachviet.eu\/en\/wp-json\/wp\/v2\/product"}],"about":[{"href":"https:\/\/sachviet.eu\/en\/wp-json\/wp\/v2\/types\/product"}],"wp:featuredmedia":[{"embeddable":true,"href":"https:\/\/sachviet.eu\/en\/wp-json\/wp\/v2\/media\/564"}],"wp:attachment":[{"href":"https:\/\/sachviet.eu\/en\/wp-json\/wp\/v2\/media?parent=576"}],"wp:term":[{"taxonomy":"product_brand","embeddable":true,"href":"https:\/\/sachviet.eu\/en\/wp-json\/wp\/v2\/product_brand?post=576"},{"taxonomy":"product_cat","embeddable":true,"href":"https:\/\/sachviet.eu\/en\/wp-json\/wp\/v2\/product_cat?post=576"},{"taxonomy":"product_tag","embeddable":true,"href":"https:\/\/sachviet.eu\/en\/wp-json\/wp\/v2\/product_tag?post=576"}],"curies":[{"name":"wp","href":"https:\/\/api.w.org\/{rel}","templated":true}]}}