{"id":5757,"date":"2021-03-14T02:25:58","date_gmt":"2021-03-14T00:25:58","guid":{"rendered":"https:\/\/sachviet.eu\/shop\/nhung-nguoi-phu-nu-thay-doi-the-gioi\/"},"modified":"2021-06-10T01:15:32","modified_gmt":"2021-06-09T22:15:32","slug":"nhung-nguoi-phu-nu-thay-doi-the-gioi","status":"publish","type":"product","link":"https:\/\/sachviet.eu\/en\/shop\/nhung-nguoi-phu-nu-thay-doi-the-gioi\/","title":{"rendered":"Nh\u1eefng Ng\u01b0\u1eddi Ph\u1ee5 N\u1eef Thay \u0110\u1ed5i Th\u1ebf Gi\u1edbi"},"content":{"rendered":"<p>D\u00f9 l\u00e0 nh\u1eefng nh\u00e0 l\u00e3nh \u0111\u1ea1o t\u00e0i ba trong l\u1ecbch s\u1eed nh\u01b0 Cleopatra, Hai B\u00e0 Tr\u01b0ng hay Ekaterina \u0110\u1ea1i \u0111\u1ebf, hay nh\u1eefng nh\u00e0 khoa h\u1ecdc, ch\u00ednh tr\u1ecb gia v\u00e0 ngh\u1ec7 s\u0129 hi\u1ec7n \u0111\u1ea1i nh\u01b0 Marie Curie, Michelle Obama v\u00e0 Emma Watson, th\u00ec nh\u1eefng ng\u01b0\u1eddi ph\u1ee5 n\u1eef n\u00e0y \u0111\u1ec1u c\u00f3 m\u1ed9t \u0111i\u1ec3m chung: h\u1ecd \u0111\u00e3 v\u00e0 \u0111ang g\u00f3p ph\u1ea7n thay \u0111\u1ed5i th\u1ebf gi\u1edbi theo c\u00e1ch ri\u00eang c\u1ee7a m\u00ecnh.<\/p>\n<p>B\u00ean c\u1ea1nh nh\u1eefng h\u00ecnh \u1ea3nh minh h\u1ecda s\u1ed1ng \u0111\u1ed9ng \u0111\u1ebfn t\u1eeb t\u00e1m h\u1ecda s\u0129 t\u00e0i n\u0103ng, m\u1ed7i ch\u01b0\u01a1ng trong cu\u1ed1n s\u00e1ch k\u1ec3 v\u1ec1 25 ng\u01b0\u1eddi ph\u1ee5 n\u1eef truy\u1ec1n c\u1ea3m h\u1ee9ng n\u00e0y c\u00f2n k\u00e8m theo m\u1ed9t chuy\u00ean m\u1ee5c h\u1ecfi \u0111\u00e1p &#8220;H\u1ecd s\u1ebd l\u00e0m g\u00ec?&#8221; v\u1edbi nh\u1eefng g\u1ee3i \u00fd cho c\u00e1c b\u1ea1n \u0111\u1ed9c gi\u1ea3 tr\u1ebb c\u00e1ch \u0111\u1ec3 \u0111\u01b0\u01a1ng \u0111\u1ea7u v\u1edbi nh\u1eefng v\u1ea5n \u0111\u1ec1 v\u00e0 kh\u00f3 kh\u0103n c\u1ee7a m\u00ecnh trong \u0111\u1eddi s\u1ed1ng h\u00e0ng ng\u00e0y nh\u01b0 l\u1ea1c l\u00f5ng trong t\u1eadp th\u1ec3, c\u0103ng th\u1eb3ng hay thi\u1ebfu t\u1ef1 tin.<\/p>\n<p>Danh s\u00e1ch 25 ng\u01b0\u1eddi ph\u1ee5 n\u1eef truy\u1ec1n c\u1ea3m h\u1ee9ng:<\/p>\n<p>Cleopatra<br \/>\nHai B\u00e0 Tr\u01b0ng<br \/>\nMurasaki Shikibu<br \/>\nJeanne d\u2019Arc<br \/>\nElena Piscopia<br \/>\nEkaterina \u0110\u1ea1i \u0111\u1ebf<br \/>\nAda Lovelace<br \/>\nFlorence Nightingale<br \/>\nHarriet Tubman<br \/>\nEmmeline Pankhurst<br \/>\nMarie Curie<br \/>\nVirginia Woolf<br \/>\nAmelia Earhart<br \/>\nFrida Kahlo 60<br \/>\nRosa Parks<br \/>\nJane Goodall<br \/>\nValentina Tereshkova<br \/>\nTabei Junko<br \/>\nWangari Muta Maathai<br \/>\nZaha Hadid<br \/>\nMichelle Obama<br \/>\nPolg\u00e1r Judit<br \/>\nMarta Vieira da Silva<br \/>\nEmma Watson<br \/>\nMalala Yousafzai<\/p>\n","protected":false},"excerpt":{"rendered":"<p>\u201cH\u00e3y d\u1ecbu d\u00e0ng, h\u00e3y nh\u00e2n \u0111\u1ea1o, d\u1ec5 g\u1ea7n, t\u1eeb bi, v\u00e0 \u0111\u1ec3 cho \u0111\u1ea7u \u00f3c t\u1ef1 do. H\u00e3y c\u01b0 x\u1eed sao cho ng\u01b0\u1eddi t\u1eed t\u1ebf y\u00eau m\u00ecnh, k\u1ebb \u00e1c s\u1ee3 m\u00ecnh, v\u00e0 t\u1ea5t c\u1ea3 m\u1ecdi ng\u01b0\u1eddi \u0111\u1ec1u t\u00f4n tr\u1ecdng m\u00ecnh.\u201d<br \/>\n\u0110\u00f3 l\u00e0 c\u00e2u n\u00f3i n\u1ed5i ti\u1ebfng c\u1ee7a Ekaterina \u0110\u1ea1i \u0111\u1ebf t\u1eeb m\u1ed9t v\u01b0\u01a1ng c\u00f4ng qu\u00fd t\u1ed9c ngh\u00e8o tr\u1edf th\u00e0nh n\u1eef ho\u00e0ng Nga. Cu\u1ed9c \u0111\u1eddi c\u1ee7a b\u00e0, Cleopatra, Hai B\u00e0 Tr\u01b0ng, Marie Curie, Michelle Obama, Emma Watson hay r\u1ea5t nhi\u1ec1u ng\u01b0\u1eddi ph\u1ee5 n\u1eef t\u00e0i n\u0103ng, n\u1ed5i ti\u1ebfng \u1edf nhi\u1ec1u l\u0129nh v\u1ef1c kh\u00e1c \u0111\u1ec1u \u0111\u01b0\u1ee3c hi\u1ec7n di\u1ec7n trong cu\u1ed1n s\u00e1ch \u201cNH\u1eeeNG NG\u01af\u1edcI PH\u1ee4 N\u1eee THAY \u0110\u1ed4I TH\u1ebe GI\u1edaI\u201d.<br \/>\n\u0110\u1ecdc cu\u1ed1n s\u00e1ch \u0111i,<br \/>\nn\u1ebfu b\u1ea1n l\u00e0 m\u1ed9t \u0111\u1ee9a tr\u1ebb, b\u1ea1n s\u1ebd c\u00f3 th\u00eam nhi\u1ec1u hi\u1ec3u bi\u1ebft.<br \/>\nn\u1ebfu b\u1ea1n l\u00e0 ph\u1ee5 n\u1eef, b\u1ea1n s\u1ebd c\u00f3 th\u00eam s\u1ee9c m\u1ea1nh v\u00e0 s\u1ef1 \u0111\u1ed9t ph\u00e1.<br \/>\nn\u1ebfu b\u1ea1n l\u00e0 \u0111\u00e0n \u00f4ng, b\u1ea1n s\u1ebd th\u00eam hi\u1ec3u v\u00e0 tr\u00e2n tr\u1ecdng gi\u00e1 tr\u1ecb c\u1ee7a ng\u01b0\u1eddi ph\u1ee5 n\u1eef b\u00ean c\u1ea1nh m\u00ecnh.<br \/>\nn\u1ebfu b\u1ea1n l\u00e0 ng\u01b0\u1eddi gi\u00e0, c\u00f3 th\u1ec3 b\u1ea1n s\u1ebd c\u00f3 th\u00eam s\u1ef1 b\u00ecnh \u0111\u1eb3ng.<br \/>\nn\u1ebfu b\u1ea1n l\u00e0 b\u1ea5t c\u1ee9 ai, ch\u1ec9 c\u1ea7n \u0111\u1ecdc, b\u1ea1n s\u1ebd t\u00e2m \u0111\u1eafc cu\u1ed1n s\u00e1ch n\u00e0y \u0111\u1ea5y!<\/p>\n","protected":false},"featured_media":5750,"template":"","meta":{"_acf_changed":false},"product_brand":[],"product_cat":[17,15,26],"product_tag":[],"class_list":{"0":"post-5757","1":"product","2":"type-product","3":"status-publish","4":"has-post-thumbnail","6":"product_cat-sach-danh-cho-cac-be","7":"product_cat-sach-danh-cho-nguoi-lon","8":"product_cat-thieu-nien-11-tuoi-18-tuoi","10":"first","11":"outofstock","12":"taxable","13":"shipping-taxable","14":"purchasable","15":"product-type-simple"},"supplier_id":null,"supplier_sku":"","barcode":null,"atum_controlled":true,"out_stock_date":"2021-06-09 22:15:32","out_stock_threshold":null,"inheritable":false,"inbound_stock":0,"stock_on_hold":0,"sold_today":0,"sales_last_days":0,"reserved_stock":0,"customer_returns":0,"warehouse_damage":0,"lost_in_post":0,"other_logs":0,"out_stock_days":1694,"lost_sales":0,"has_location":false,"update_date":"2026-01-28T23:10:38","atum_locations":[],"atum_stock_status":"outofstock","restock_status":false,"low_stock_amount":"","sales_update_date":"2026-01-28T23:10:38","calc_backorders":null,"acf":{"publisher":{"ID":1544,"post_author":"1","post_date":"2021-02-17 01:24:05","post_date_gmt":"2021-02-16 23:24:05","post_content":"","post_title":"\u0110\u00f4ng A","post_excerpt":"","post_status":"publish","comment_status":"closed","ping_status":"closed","post_password":"","post_name":"dong-a","to_ping":"","pinged":"","post_modified":"2021-02-17 01:24:05","post_modified_gmt":"2021-02-16 23:24:05","post_content_filtered":"","post_parent":0,"guid":"https:\/\/sachviet.eu\/nha-phat-hanh\/dong-a\/","menu_order":0,"post_type":"publisher","post_mime_type":"","comment_count":"0","filter":"raw"}},"_links":{"self":[{"href":"https:\/\/sachviet.eu\/en\/wp-json\/wp\/v2\/product\/5757","targetHints":{"allow":["GET"]}}],"collection":[{"href":"https:\/\/sachviet.eu\/en\/wp-json\/wp\/v2\/product"}],"about":[{"href":"https:\/\/sachviet.eu\/en\/wp-json\/wp\/v2\/types\/product"}],"wp:featuredmedia":[{"embeddable":true,"href":"https:\/\/sachviet.eu\/en\/wp-json\/wp\/v2\/media\/5750"}],"wp:attachment":[{"href":"https:\/\/sachviet.eu\/en\/wp-json\/wp\/v2\/media?parent=5757"}],"wp:term":[{"taxonomy":"product_brand","embeddable":true,"href":"https:\/\/sachviet.eu\/en\/wp-json\/wp\/v2\/product_brand?post=5757"},{"taxonomy":"product_cat","embeddable":true,"href":"https:\/\/sachviet.eu\/en\/wp-json\/wp\/v2\/product_cat?post=5757"},{"taxonomy":"product_tag","embeddable":true,"href":"https:\/\/sachviet.eu\/en\/wp-json\/wp\/v2\/product_tag?post=5757"}],"curies":[{"name":"wp","href":"https:\/\/api.w.org\/{rel}","templated":true}]}}