{"id":5749,"date":"2021-03-14T02:25:14","date_gmt":"2021-03-14T00:25:14","guid":{"rendered":"https:\/\/sachviet.eu\/shop\/nhat-ky-anne-frank\/"},"modified":"2021-05-18T00:08:45","modified_gmt":"2021-05-17T21:08:45","slug":"nhat-ky-anne-frank","status":"publish","type":"product","link":"https:\/\/sachviet.eu\/en\/shop\/nhat-ky-anne-frank\/","title":{"rendered":"Nh\u1eadt K\u00fd Anne Frank"},"content":{"rendered":"<p>Nelson Mandela n\u00f3i &#8220;Nh\u1eefng ng\u00e0y \u1edf trong t\u00f9, Nh\u1eadt k\u00fd Anne Frank \u0111\u00e3 kh\u00edch l\u1ec7 t\u00f4i r\u1ea5t nhi\u1ec1u&#8221;.<br \/>\nTh\u1ef1c t\u1ebf th\u00ec kh\u00f4ng c\u1ea7n ph\u1ea3i v\u00e0o t\u00f9 v\u00e0 tr\u1edf th\u00e0nh l\u00e3nh t\u1ee5 th\u00ec m\u1edbi y\u00eau th\u00edch cu\u1ed1n s\u00e1ch n\u00e0y.<br \/>\n\u0110\u00e2y l\u00e0 m\u1ed9t cu\u1ed1n nh\u1eadt k\u00fd c\u00f3 th\u1eadt. Anne Frank, m\u1ed9t c\u00f4 b\u00e9 th\u00f4ng minh, c\u00e1 t\u00ednh, sinh ra trong m\u1ed9t gia \u0111\u00ecnh Do Th\u00e1i gi\u00e0u c\u00f3. N\u0103m 1933, gia \u0111\u00ecnh Frank chuy\u1ec3n \u0111\u1ebfn H\u00e0 Lan \u0111\u1ec3 tr\u00e1nh s\u1ef1 truy \u0111u\u1ed5i c\u1ee7a \u0110\u1ee9c Qu\u1ed1c x\u00e3. N\u0103m 1944, khi nh\u1eadn \u0111\u01b0\u1ee3c gi\u1ea5y tri\u1ec7u t\u1eadp c\u1ee7a SS, gia \u0111\u00ecnh Frank v\u00e0 Vaan \u0111\u00e3 chuy\u1ec3n \u0111\u1ebfn m\u1ed9t n\u01a1i \u1ea9n n\u00e1u, g\u1ecdi l\u00e0 Nh\u00e0 ph\u1ee5 b\u00ed m\u1eadt, m\u1ed9t nh\u00e0 kho trong c\u00f4ng ty c\u1ee7a \u00f4ng Frank. Khi \u0111\u00f3 Anne 13 tu\u1ed5i.<br \/>\nCu\u1ed9c s\u1ed1ng \u1edf n\u01a1i \u1ea9n n\u00e1u v\u00f4 c\u00f9ng ch\u1eadt ch\u1ed9i, thi\u1ebfu th\u1ed1n, ng\u1ed9t ng\u1ea1t, t\u00f9 t\u00fang, \u0111\u1ea7y phi\u1ec1n to\u00e1i, va ch\u1ea1m gi\u1eefa c\u00e1c th\u00e0nh vi\u00ean. \u0110\u1eb7c bi\u1ec7t h\u1ecd lu\u00f4n s\u1ed1ng trong lo s\u1ee3 n\u01a1m n\u1edbp.<br \/>\nM\u1ed9t c\u00f4 b\u00e9 th\u00f4ng minh, lanh l\u1ee3i, hi\u1ec3u bi\u1ebft, gi\u00e0 d\u1eb7n tr\u01b0\u1edbc tu\u1ed5i, c\u00e1 t\u00ednh m\u1ea1nh m\u1ebd, c\u00f3 \u0111\u1eddi s\u1ed1ng n\u1ed9i t\u00e2m h\u1ebft s\u1ee9c phong ph\u00fa m\u00e0 b\u1ecb ki\u1ec1m t\u1ecfa trong n\u01a1i \u1ea9n n\u00e1u nh\u01b0 v\u1eady g\u1ea7n 2 n\u0103m tr\u1eddi. C\u00f4 b\u00e9 nh\u01b0 m\u1ed9t th\u00f9ng thu\u1ed1c s\u00fang. \u0110i\u1ec1u gi\u00fap cho &#8220;th\u00f9ng thu\u1ed1c s\u00fang&#8221; \u0111\u00f3 kh\u00f4ng n\u1ed5 tung l\u00e0 vi\u1ec7c duy tr\u00ec ch\u01b0\u01a1ng tr\u00ecnh h\u1ecdc t\u1eadp, l\u00e0m b\u00e0i t\u1eadp nh\u01b0 th\u1ec3 v\u1eabn \u0111ang \u0111\u1ebfn tr\u01b0\u1eddng, \u0111\u1ecdc th\u1eadt nhi\u1ec1u v\u00e0 vi\u1ebft th\u1eadt nhi\u1ec1u (h\u00ecnh m\u1eabu Do Th\u00e1i \u0111i\u1ec3n h\u00ecnh)<br \/>\nSau 2 n\u0103m, n\u01a1i \u1ea9n n\u00e1u b\u1ecb l\u1ed9. T\u1ea5t c\u1ea3 b\u1ecb \u0111\u01b0a v\u00e0o tr\u1ea1i t\u1eadp trung. 7 ng\u01b0\u1eddi ch\u1ebft. Ng\u01b0\u1eddi duy nh\u1ea5t s\u1ed1ng s\u00f3t l\u00e0 \u00f4ng Otto Frank, cha c\u1ee7a Anne.<br \/>\nSau khi gia \u0111\u00ecnh Frank b\u1ecb SS b\u1eaft, m\u1ed9t \u00e2n nh\u00e2n \u0111\u00e3 t\u00ecm th\u1ea5y cu\u1ed1n nh\u1eadt k\u00fd. Khi \u00f4ng Otto \u0111\u01b0\u1ee3c th\u1ea3, b\u00e0 \u0111\u00e3 trao cu\u1ed1n Nh\u1eadt k\u00fd n\u00e0y l\u1ea1i cho \u00f4ng Otto. \u00d4ng \u0111\u00e3 xu\u1ea5t b\u1ea3n n\u00f3, theo nguy\u1ec7n v\u1ecdng c\u1ee7a con g\u00e1i. Ngay l\u1eadp t\u1ee9c, cu\u1ed1n Nh\u1eadt k\u00fd \u0111\u00e3 tr\u1edf th\u00e0nh m\u1ed9t hi\u1ec7n t\u01b0\u1ee3ng thu h\u00fat s\u1ef1 ch\u00fa \u00fd c\u1ee7a to\u00e0n th\u1ebf gi\u1edbi.<br \/>\nN\u1ebfu kh\u00f4ng ch\u1ebft qu\u00e1 tr\u1ebb nh\u01b0 v\u1eady, Anna Frank ch\u1eafc ch\u1eafn \u0111\u00e3 tr\u1edf th\u00e0nh m\u1ed9t nh\u00e0 v\u0103n thi\u00ean t\u00e0i.<br \/>\nC\u00e1c con c\u1ea5p 2 \u0111\u00e3 c\u00f3 th\u1ec3 \u0111\u1ecdc \u0111\u01b0\u1ee3c cu\u1ed1n n\u00e0y.<br \/>\nTuy nhi\u00ean trong cu\u1ed1n nh\u1eadt k\u00fd c\u00f3 no\u00ed \u0111\u1ebfn nh\u1eefng t\u00f2 m\u00f2 v\u1ec1 gi\u1edbi, v\u1ec1 s\u1ef1 tr\u01b0\u1edfng th\u00e0nh c\u1ee7a c\u01a1 th\u1ec3, th\u1eadm ch\u00ed c\u1ea3 suy ngh\u0129 c\u1ee7a Anna v\u1ec1 t\u00ecnh d\u1ee5c. D\u0129 nhi\u00ean l\u00e0 \u0111\u01b0\u1ee3c vi\u1ebft ch\u00e2n th\u00e0nh, ch\u1eebng m\u1ef1c, chu\u1ea9n m\u1ef1c, nh\u01b0ng c\u1ee9 nh\u1eafc tr\u01b0\u1edbc c\u00e1c b\u1ed1 m\u1eb9 nh\u01b0 v\u1eady.<br \/>\n\u0110i\u1ec1u k\u1ef3 l\u1ea1 l\u00e0 trong \u0111i\u1ec1u ki\u1ec7n \u1ea9n n\u1ea5p t\u1ec7 h\u1ea1i nh\u01b0 v\u1eady, ng\u01b0\u1eddi Do Th\u00e1i v\u1eabn duy tr\u00ec vi\u1ec7c h\u1ecdc t\u1eadp, l\u00e0m b\u00e0i t\u1eadp, t\u1eadp th\u1ec3 d\u1ee5c, h\u1ecd v\u1eabn t\u1ed5 ch\u1ee9c sinh nh\u1eadt t\u1eb7ng qu\u00e0, t\u1eb7ng th\u01a1 cho nhau. B\u1ecdn tr\u1ebb \u0111\u1ecdc r\u1ea5t nhi\u1ec1u v\u00e0 r\u1ea5t ch\u1ecbu kh\u00f3 vi\u1ebft.<br \/>\nS\u1ee9c \u1ea3nh h\u01b0\u1edfng c\u1ee7a NH\u1eacT K\u00dd ANNE FRANK l\u1edbn \u0111\u1ebfn \u0111\u1ed9 m\u1ed9t c\u00f4 gi\u00e1o d\u1ea1y v\u0103n (\u1edf M\u1ef9) \u0111\u00e3 b\u1ecb s\u1ed1c khi  th\u1ea5y h\u1ecdc tr\u00f2 c\u1ee7a m\u00ecnh kh\u00f4ng bi\u1ebft v\u1ec1 cu\u1ed1n s\u00e1ch n\u00e0y. C\u00f4 c\u1ee9 t\u01b0\u1edfng, b\u1ea5t k\u1ef3 ai, \u1edf b\u1ea5t k\u1ef3 qu\u1ed1c gia n\u00e0o, ch\u1ec9 c\u1ea7n \u0111\u01b0\u1ee3c c\u1eafp s\u00e1ch \u0111\u1ebfn tr\u01b0\u1eddng l\u00e0 s\u1ebd bi\u1ebft v\u1ec1 Anne Frank<br \/>\nNH\u1eacT K\u00dd ANNE FRANK<\/p>\n","protected":false},"excerpt":{"rendered":"<p>Nh\u1eadt K\u00fd Anne Frank l\u00e0 m\u1ed9t cu\u1ed1n nh\u1eadt k\u00fd b\u00ecnh th\u01b0\u1eddng trong m\u1ed9t ho\u00e0n c\u1ea3nh b\u1ea5t th\u01b0\u1eddng. V\u00e0 ch\u00ednh \u0111i\u1ec1u \u0111\u00f3 \u0111\u00e3 bi\u1ebfn cu\u1ed1n nh\u1eadt k\u00fd t\u01b0\u1edfng nh\u01b0 r\u1ea5t ri\u00eang t\u01b0, r\u1ea5t c\u00e1 nh\u00e2n tr\u1edf th\u00e0nh m\u1ed9t cu\u1ed1n s\u00e1ch d\u00e0nh cho m\u1ecdi con ng\u01b0\u1eddi, m\u1ecdi th\u1ebf h\u1ec7 \u0111ang s\u1ed1ng.<\/p>\n<p>Nh\u1eadt K\u00fd Anne Frank l\u00e0m c\u1ea3 th\u1ebf gi\u1edbi rung \u0111\u1ed9ng b\u1eb1ng nh\u1eefng ghi ch\u00e9p th\u01b0\u1eddng nh\u1eadt c\u1ee7a m\u1ed9t c\u00f4 g\u00e1i m\u1edbi l\u1edbn gi\u1eefa th\u1eddi chi\u1ebfn. Anne v\u00e0 nh\u1eefng d\u00f2ng ch\u1eef c\u1ee7a m\u00ecnh nh\u01b0 ng\u1ecdn \u0111\u00e8n to\u1ea3 \u00e1nh s\u00e1ng r\u1ef1c r\u1ee1 t\u1eeb c\u0103n x\u00e9p nh\u1ecf gia \u0111\u00ecnh c\u00f4 tr\u00fa ng\u1ee5 d\u01b0\u1edbi ch\u1ebf \u0111\u1ed9 ph\u00e1t x\u00edt t\u00e0n b\u1ea1o.<\/p>\n<p>Nh\u1eadt k\u00fd v\u01b0\u1ee3t l\u00ean tr\u00ean gi\u00e1 tr\u1ecb c\u1ee7a nh\u1eefng ghi ch\u00e9p th\u00f4ng th\u01b0\u1eddng, cu\u1ed9c s\u1ed1ng c\u1ee7a Anne, ti\u1ebfng n\u00f3i c\u1ee7a Anne c\u00f2n \u0111\u1eadm n\u00e9t h\u01a1n to\u00e0n b\u1ed9 ch\u1ee9ng c\u1ee9 bu\u1ed9c t\u1ed9i ch\u1ebf \u0111\u1ed9 ph\u00e1t x\u00edt v\u00e0 \u0111\u00e1nh th\u1ee9c nh\u00e2n lo\u1ea1i kh\u1ecfi s\u1ef1 v\u00f4 c\u1ea3m \u0111ang g\u1eb7m nh\u1ea5m d\u1ea7n l\u01b0\u01a1ng t\u00e2m.<\/p>\n","protected":false},"featured_media":5738,"template":"","meta":{"_acf_changed":false},"product_brand":[],"product_cat":[15,47],"product_tag":[],"class_list":{"0":"post-5749","1":"product","2":"type-product","3":"status-publish","4":"has-post-thumbnail","6":"product_cat-sach-danh-cho-nguoi-lon","7":"product_cat-truyen-ngan-tan-van","9":"first","10":"outofstock","11":"taxable","12":"shipping-taxable","13":"purchasable","14":"product-type-simple"},"supplier_id":null,"supplier_sku":"","barcode":null,"atum_controlled":true,"out_stock_date":"2021-03-14 01:01:32","out_stock_threshold":null,"inheritable":false,"inbound_stock":0,"stock_on_hold":0,"sold_today":0,"sales_last_days":0,"reserved_stock":0,"customer_returns":0,"warehouse_damage":0,"lost_in_post":0,"other_logs":0,"out_stock_days":1781,"lost_sales":0,"has_location":false,"update_date":"2026-01-28T23:10:38","atum_locations":[],"atum_stock_status":"outofstock","restock_status":false,"low_stock_amount":"","sales_update_date":"2026-01-28T23:10:38","calc_backorders":null,"acf":{"publisher":{"ID":1424,"post_author":"1","post_date":"2021-02-17 00:02:29","post_date_gmt":"2021-02-16 22:02:29","post_content":"<!-- wp:flatsome\/uxbuilder -->\n<h1 style=\"text-align: center\"><strong>Nh\u00e3 Nam<\/strong><\/h1>\n[row]\n\n[col span=\"6\" span__sm=\"12\"]\n\n[ux_image id=\"1438\" image_size=\"medium\"]\n\n\n[\/col]\n[col span=\"6\" span__sm=\"12\"]\n\n<p><strong>C\u00f4ng ty c\u1ed5 ph\u1ea7n V\u0103n h\u00f3a v\u00e0 Truy\u1ec1n th\u00f4ng Nh\u00e3 Nam<\/strong><\/p>\n<p>Th\u00e1ng 2 n\u0103m 2005, Nh\u00e3 Nam, t\u00ean \u0111\u1ea7y \u0111\u1ee7 l\u00e0 C\u00f4ng ty C\u1ed5 ph\u1ea7n V\u0103n h\u00f3a v\u00e0 Truy\u1ec1n th\u00f4ng Nh\u00e3 Nam \u0111\u00e3 gia nh\u1eadp th\u1ecb tr\u01b0\u1eddng s\u00e1ch. T\u00e1c ph\u1ea9m \"Balzac v\u00e0 c\u00f4 b\u00e9 th\u1ee3 may Trung hoa\" c\u1ee7a \u0110\u1edbi T\u01b0 Ki\u1ec7t l\u00e0 cu\u1ed1n s\u00e1ch \u0111\u1ea7u ti\u00ean \u0111\u01b0\u1ee3c nh\u1eefng ng\u01b0\u1eddi s\u00e1ng l\u1eadp Nh\u00e3 Nam xu\u1ea5t b\u1ea3n c\u1ea3 tr\u01b0\u1edbc khi c\u00f4ng ty ra \u0111\u1eddi. Ngay l\u1eadp t\u1ee9c t\u1eeb cu\u1ed1n s\u00e1ch \u0111\u1ea7u ti\u00ean, \u0111\u1ed9c gi\u1ea3 \u0111\u00e3 d\u00e0nh s\u1ef1 quan t\u00e2m v\u00e0 y\u00eau m\u1ebfn cho m\u1ed9t th\u01b0\u01a1ng hi\u1ec7u s\u00e1ch m\u1edbi m\u1ebb mang trong m\u00ecnh kh\u00e1t v\u1ecdng g\u00f3p ph\u1ea7n t\u1ea1o l\u1eadp di\u1ec7n m\u1ea1o m\u1edbi cho xu\u1ea5t b\u1ea3n v\u0103n h\u1ecdc t\u1ea1i Vi\u1ec7t Nam.<\/p>\n<p>L\u00f2ng say m\u00ea c\u1ee7a \u0111\u1ed9i ng\u0169 l\u00e0 vi\u00ean \u0111\u00e1 \u0111\u1ea7u ti\u00ean. Tr\u1ea3i qua m\u1ea5y n\u0103m ph\u00e1t tri\u1ec3n, Nh\u00e3 Nam \u0111\u00e3 \u0111\u01b0\u1ee3c x\u00e2y d\u1ef1ng d\u1ea7n l\u00ean trong di\u1ec7n m\u1ea1o m\u1ed9t nh\u00e0 xu\u1ea5t b\u1ea3n v\u1eefng ch\u00e3i v\u00e0 chuy\u00ean nghi\u1ec7p. S\u00e1u th\u00e1ng sau khi th\u00e0nh l\u1eadp c\u00f4ng ty, Nh\u1eadt k\u00fd \u0110\u1eb7ng Th\u00f9y Tr\u00e2m ra \u0111\u1eddi, t\u1ea1o n\u00ean m\u1ed9t c\u01a1n s\u1ed1t trong x\u00e3 h\u1ed9i, v\u1edbi g\u1ea7n 500,000 b\u1ea3n s\u00e1ch \u0111\u01b0\u1ee3c ph\u00e1t h\u00e0nh, ph\u00e1 m\u1ecdi k\u1ef7 l\u1ee5c v\u1ec1 xu\u1ea5t b\u1ea3n tr\u01b0\u1edbc \u0111\u00f3, k\u00e9o theo m\u1ed9t lo\u1ea1t nh\u1eefng hi\u1ec7u \u1ee9ng x\u00e3 h\u1ed9i v\u00e0 d\u01b0 lu\u1eadn c\u00f3 \u00fd ngh\u0129a. T\u1eeb \u0111\u00f3 tr\u1edf \u0111i, th\u00f4ng qua Nh\u00e3 Nam, c\u00e1c cu\u1ed1n s\u00e1ch v\u0103n h\u1ecdc n\u01b0\u1edbc ngo\u00e0i c\u00f3 gi\u00e1 tr\u1ecb \u0111\u01b0\u1ee3c li\u00ean t\u1ee5c mua b\u1ea3n quy\u1ec1n v\u00e0 xu\u1ea5t b\u1ea3n t\u1ea1i Vi\u1ec7t Nam, thu h\u00fat nhi\u1ec1u t\u1ea7ng l\u1edbp \u0111\u1ed9c gi\u1ea3. S\u00e1ch c\u1ee7a Nh\u00e3 Nam n\u1ed5i b\u1eadt b\u1edfi n\u1ed9i dung v\u0103n h\u1ecdc tinh t\u1ebf, b\u1edfi v\u1ebb \u0111\u1eb9p c\u1ee7a thi\u1ebft k\u1ebf hi\u1ec7n \u0111\u1ea1i \u1edf h\u00ecnh th\u1ee9c, b\u1edfi s\u1ef1 ch\u0103m ch\u00fat k\u1ef9 l\u01b0\u1ee1ng cho m\u1ed7i cu\u1ed1n s\u00e1ch nh\u01b0 m\u1ed9t con thuy\u1ec1n mang t\u1edbi ni\u1ec1m vui, tri th\u1ee9c, ng\u1ea1c nhi\u00ean, v\u00e0 \u0111\u1ed3ng c\u1ea3m.<\/p>\n\n[\/col]\n\n[\/row]\n<p style=\"text-align: left\">Hi\u1ec3u th\u1eddi \u0111\u1ea1i \u0111ang s\u1ed1ng th\u00f4ng qua s\u00e1ch, song h\u00e0nh v\u1edbi nh\u1eefng bi\u1ebfn chuy\u1ec3n s\u00e2u s\u1eafc trong l\u00f2ng x\u00e3 h\u1ed9i b\u1eb1ng nh\u1eefng ho\u1ea1t \u0111\u1ed9ng xu\u1ea5t b\u1ea3n mi\u1ec7t m\u00e0i v\u00e0 qu\u1ea3 c\u1ea3m, con \u0111\u01b0\u1eddng Nh\u00e3 Nam \u0111\u00e3 ch\u1ecdn \u0111\u1ec3 \u0111i s\u1ebd c\u00f2n d\u00e0i. Nhi\u1ec1u kh\u00f3 kh\u0103n, th\u1eed th\u00e1ch \u0111ang \u1edf ph\u00eda tr\u01b0\u1edbc. B\u01b0\u1edbc qua th\u1eddi k\u1ef3 s\u01a1 khai v\u1edbi nh\u1eefng b\u00e0i h\u1ecdc v\u00e0 nh\u1eefng kinh nghi\u1ec7m \u0111\u1ea7u ti\u00ean, Nh\u00e3 Nam gi\u1edd \u0111\u00e3 s\u1eb5n s\u00e0ng cho m\u1ed9t ch\u1eb7ng \u0111\u01b0\u1eddng ph\u00e1t tri\u1ec3n m\u1edbi. V\u00e0 ch\u00fang t\u00f4i mu\u1ed1n ho\u00e0n thi\u1ec7n m\u00ecnh trong s\u1ef1 c\u1ea7u th\u1ecb v\u00e0 c\u1ea9n tr\u1ecdng. T\u1ea5t c\u1ea3 v\u00ec m\u1ed9t gia s\u1ea3n s\u00e1ch to l\u1edbn, c\u00f3 s\u1ee9c s\u1ed1ng d\u00e0i l\u00e2u, c\u00f3 \u00fd ngh\u0129a v\u1edbi nhi\u1ec1u th\u1ebf h\u1ec7 b\u1ea1n \u0111\u1ecdc.<br \/>B\u1edfi v\u00ec s\u00e1ch l\u00e0 th\u1ebf gi\u1edbi.<\/p>\n<p><strong>\u0110\u00e2y l\u00e0 m\u1ed9t nh\u00e0 ph\u00e1t h\u00e0nh s\u00e1ch m\u00e0 SACHVIET.EU r\u1ea5t y\u00eau th\u00edch v\u00e0 tin t\u01b0\u1edfng. Nh\u00ecn \u0111\u01b0\u1ee3c t\u1ea7m \u1ea3nh h\u01b0\u1edfng c\u1ee7a Nh\u00e3 Nam qua t\u1eebng cu\u1ed1n s\u00e1ch, SACHVIET.EU li\u00ean h\u1ec7 h\u1ee3p t\u00e1c ngay v\u1edbi Nh\u00e3 Nam \u0111\u1ec3 \u0111em to\u00e0n b\u1ed9 nh\u1eefng t\u00e1c ph\u1ea9m m\u1edbi, hay nh\u1ea5t m\u00e0 Nh\u00e3 Nam c\u00f3 sang Ch\u00e2u \u00c2u, \u0111\u01b0a \u0111\u1ebfn cho \u0111\u1ed9c gi\u1ea3 c\u00f3 nhi\u1ec1u s\u1ef1 l\u1ef1a ch\u1ecdn phong ph\u00fa h\u01a1n c\u1ea3 s\u00e1ch cho tr\u1ebb em l\u1eabn ng\u01b0\u1eddi l\u1edbn.\u00a0<\/strong><\/p>\n\n<!-- \/wp:flatsome\/uxbuilder -->","post_title":"Nh\u00e3 Nam","post_excerpt":"","post_status":"publish","comment_status":"closed","ping_status":"closed","post_password":"","post_name":"nha-nam","to_ping":"","pinged":"","post_modified":"2022-12-19 23:15:33","post_modified_gmt":"2022-12-19 21:15:33","post_content_filtered":"","post_parent":0,"guid":"https:\/\/sachviet.eu\/?post_type=publisher&#038;p=1424","menu_order":0,"post_type":"publisher","post_mime_type":"","comment_count":"0","filter":"raw"}},"_links":{"self":[{"href":"https:\/\/sachviet.eu\/en\/wp-json\/wp\/v2\/product\/5749","targetHints":{"allow":["GET"]}}],"collection":[{"href":"https:\/\/sachviet.eu\/en\/wp-json\/wp\/v2\/product"}],"about":[{"href":"https:\/\/sachviet.eu\/en\/wp-json\/wp\/v2\/types\/product"}],"wp:featuredmedia":[{"embeddable":true,"href":"https:\/\/sachviet.eu\/en\/wp-json\/wp\/v2\/media\/5738"}],"wp:attachment":[{"href":"https:\/\/sachviet.eu\/en\/wp-json\/wp\/v2\/media?parent=5749"}],"wp:term":[{"taxonomy":"product_brand","embeddable":true,"href":"https:\/\/sachviet.eu\/en\/wp-json\/wp\/v2\/product_brand?post=5749"},{"taxonomy":"product_cat","embeddable":true,"href":"https:\/\/sachviet.eu\/en\/wp-json\/wp\/v2\/product_cat?post=5749"},{"taxonomy":"product_tag","embeddable":true,"href":"https:\/\/sachviet.eu\/en\/wp-json\/wp\/v2\/product_tag?post=5749"}],"curies":[{"name":"wp","href":"https:\/\/api.w.org\/{rel}","templated":true}]}}