{"id":5737,"date":"2021-03-14T02:24:10","date_gmt":"2021-03-14T00:24:10","guid":{"rendered":"https:\/\/sachviet.eu\/shop\/lu-tre-duong-tau\/"},"modified":"2021-05-18T00:09:37","modified_gmt":"2021-05-17T21:09:37","slug":"lu-tre-duong-tau","status":"publish","type":"product","link":"https:\/\/sachviet.eu\/en\/shop\/lu-tre-duong-tau\/","title":{"rendered":"L\u0169 Tr\u1ebb \u0110\u01b0\u1eddng T\u00e0u"},"content":{"rendered":"<p>\u0110\u1ecdc \u201cL\u0169 tr\u1ebb \u0111\u01b0\u1eddng t\u00e0u\u201d m\u00ecnh hi\u1ec3u t\u1ea1i sao nh\u1eefng \u0111\u1ee9a tr\u1ebb nh\u01b0 Roberta, Peter v\u00e0 Phyllis d\u00f9 ph\u1ea3i c\u00f9ng gia \u0111\u00ecnh tr\u1ea3i qua bi\u1ebfn c\u1ed1 \u0111\u1ea7y b\u1ea5t h\u1ea1nh th\u00ec ch\u00fang v\u1eabn gi\u1eef \u0111\u01b0\u1ee3c s\u1ef1 h\u1ed3n nhi\u00ean, th\u00f4ng minh, tinh ngh\u1ecbch, nhanh tr\u00ed v\u00e0 s\u1ed1ng t\u00ecnh c\u1ea3m.<br \/>\nL\u0169 tr\u1ebb s\u1ed1ng trong m\u1ed9t bi\u1ec7t th\u1ef1 b\u00ecnh th\u01b0\u1eddng v\u00e0 may m\u1eafn c\u00f3 m\u1ecdi th\u1ee9 ch\u00fang c\u1ea7n: qu\u1ea7n \u00e1o \u0111\u1eb9p, l\u00f2 s\u01b0\u1edfi \u1ea5m \u00e1p, ph\u00f2ng tr\u1ebb con \u0111\u1ea7y \u0111\u1ed3 ch\u01a1i v\u1edbi gi\u1ea5y d\u00e1n t\u01b0\u1eddng h\u00ecnh Ng\u1ed7ng M\u1eb9.<br \/>\nL\u0169 tr\u1ebb c\u00f3 c\u00f4 b\u1ea3o m\u1eabu t\u1ed1t b\u1ee5ng v\u00e0 vui v\u1ebb, m\u1ed9t con ch\u00f3 ri\u00eang t\u00ean James.<br \/>\nL\u0169 tr\u1ebb c\u00f3 ng\u01b0\u1eddi cha ho\u00e0n h\u1ea3o, kh\u00f4ng bao gi\u1edd gi\u1eadn d\u1eef, thi\u00ean v\u1ecb, s\u1eb5n s\u00e0ng cho m\u1ed9t tr\u00f2 ch\u01a1i v\u00e0 c\u00f3 c\u00e1ch \u201ct\u1eeb ch\u1ed1i\u201d \u0111\u1ea7y h\u00e0i h\u01b0\u1edbc v\u00e0 thuy\u1ebft ph\u1ee5c.<br \/>\nL\u0169 tr\u1ebb c\u00f3 m\u1ed9t ng\u01b0\u1eddi m\u1eb9 l\u00fac n\u00e0o c\u0169ng ch\u01a1i v\u1edbi con, \u0111\u1ecdc cho ch\u00fang nghe, gi\u00fap ch\u00fang l\u00e0m b\u00e0i t\u1eadp, vi\u1ebft truy\u1ec7n v\u00e0 \u0111\u1ecdc cho con nghe, s\u00e1ng t\u00e1c th\u01a1 ng\u1ed9 ngh\u0129nh d\u1ecbp sinh nh\u1eadt&#8230;<br \/>\nCh\u1eb3ng th\u1ebf m\u00e0, khi gia \u0111\u00ecnh g\u1eb7p bi\u1ebfn c\u1ed1, ph\u1ea3i chuy\u1ec3n \u0111\u1ebfn \u1edf m\u1ed9t ng\u00f4i nh\u00e0 ngh\u00e8o n\u00e0n. Nh\u01b0ng l\u0169 tr\u1ebb v\u1eabn t\u00ecm th\u1ea5y \u1edf \u0111\u00f3 r\u1ea5t nhi\u1ec1u ni\u1ec1m vui, nh\u1eefng chuy\u1ebfn phi\u00eau l\u01b0u c\u1ee7a tu\u1ed5i th\u01a1, s\u1ef1 \u0111o\u00e0n k\u1ebft c\u00f9ng v\u01b0\u1ee3t qua s\u00f3ng gi\u00f3 gia \u0111\u00ecnh.<br \/>\n\u0110\u1ecdc cu\u1ed1n s\u00e1ch ch\u00fang ta b\u1ecb cu\u1ed1n v\u00e0o m\u1ed9t h\u00e0nh tr\u00ecnh c\u1ee7a m\u1ed9t gia \u0111\u00ecnh nh\u1ecf b\u00e9. Nh\u01b0ng \u1edf \u0111\u00f3, ch\u00fang ta hi\u1ec3u \u0111\u01b0\u1ee3c gi\u00e1 tr\u1ecb th\u1ef1c s\u1ef1 c\u1ee7a t\u00ecnh y\u00eau th\u01b0\u01a1ng, hi\u1ec3u \u0111\u01b0\u1ee3c s\u1ee9c m\u1ea1nh c\u1ee7a l\u0169 tr\u1ebb- nh\u1eefng \u0111\u1ee9a con \u0111\u00e1ng y\u00eau c\u1ee7a ch\u00fang ta. <\/p>\n","protected":false},"excerpt":{"rendered":"<p>\u201cEm b\u1ea3o n\u00e0y,\u201d Phyllis g\u1ee3i \u00fd, \u201cl\u00e1t n\u1eefa R\u1ed3ng xanh \u0111i qua ch\u00fang m\u00ecnh c\u0169ng v\u1eaby ch\u00e0o nh\u00e9. N\u1ebfu n\u00f3 l\u00e0 r\u1ed3ng th\u1ea7n, n\u00f3 s\u1ebd hi\u1ec3u v\u00e0 mang t\u00ecnh y\u00eau c\u1ee7a ch\u00fang m\u00ecnh t\u1edbi cha. C\u00f2n n\u1ebfu kh\u00f4ng, ba c\u00e1i v\u1eaby tay th\u00ec c\u00f3 m\u1ea5t g\u00ec \u0111\u00e2u. \u0110\u1eebng b\u1ecf l\u1ee1 d\u1ecbp n\u00e0y.\u201d<\/p>\n<p>Do \u0111\u00f3 khi R\u1ed3ng xanh ph\u00ec ph\u00f2 lao ra mi\u1ec7ng hang, t\u1ee9c l\u00e0 \u0111\u01b0\u1eddng h\u1ea7m \u1ea5y, c\u1ea3 ba \u0111\u1ee9a tr\u1ebb \u0111\u1ee9ng tr\u00ean h\u00e0ng r\u00e0o ra s\u1ee9c v\u1eaby v\u1eaby kh\u0103n m\u00f9i xoa, ch\u1eb3ng b\u1eadn t\u00e2m kh\u0103n s\u1ea1ch hay kh\u00f4ng s\u1ea1ch. C\u00f3 \u0111i\u1ec1u m\u1ea5y c\u00e1i kh\u0103n tay th\u1ef1c t\u1ebf l\u00e0 kh\u00f4ng s\u1ea1ch.<\/p>\n<p>T\u1eeb toa t\u00e0u h\u1ea1ng nh\u1ea5t, m\u1ed9t b\u00e0n tay v\u1eaby l\u1ea1i. M\u1ed9t b\u00e0n tay r\u1ea5t s\u1ea1ch, c\u1ea7m m\u1ed9t t\u1edd b\u00e1o, b\u00e0n tay c\u1ee7a \u00f4ng.<\/p>\n<p>T\u1eeb \u0111\u00f3, \u0111\u00e3 th\u00e0nh l\u1ec7 v\u1eaby tay gi\u1eefa b\u1ecdn tr\u1ebb v\u00e0 t\u00e0u l\u00fac 9 gi\u1edd 15 ph\u00fat.\u201d<\/p>\n<p>M\u1ed9t t\u1ed1i, cha \u0111i kh\u1ecfi nh\u00e0 c\u00f9ng hai ng\u01b0\u1eddi \u0111\u00e0n \u00f4ng l\u1ea1 m\u1eb7t v\u00e0  kh\u00f4ng tr\u1edf v\u1ec1. M\u1eb9 l\u1eb3ng l\u1eb7ng g\u00f3i gh\u00e9m \u0111\u1ed3 \u0111\u1ea1c \u0111\u01b0a l\u0169 tr\u1ebb v\u1ec1 s\u1ed1ng t\u1ea1i \u201cBa \u1ed1ng kh\u00f3i\u201d, ng\u00f4i nh\u00e0 n\u1eb1m b\u00ean m\u1ed9t nh\u00e0 ga t\u01b0\u1edfng t\u01b0\u1ee3ng thu\u1ed9c \u1edf mi\u1ec1n qu\u00ea Yorkshire. T\u1eeb ng\u00e0y v\u1ec1 \u0111\u00e2y, \u0111\u01b0\u1eddng t\u00e0u \u0111\u00e3 tr\u1edf th\u00e0nh trung t\u00e2m cu\u1ed9c s\u1ed1ng ba ch\u1ecb em Bobbie, cu\u1ed1n ch\u00fang v\u00e0o nh\u1eefng chuy\u1ebfn phi\u00eau l\u01b0u m\u1ea1o hi\u1ec3m nh\u01b0ng v\u00f4 c\u00f9ng k\u1ef3 th\u00fa: C\u1ee9u c\u1ea3 \u0111o\u00e0n t\u00e0u tho\u00e1t kh\u1ecfi tai n\u1ea1n trong tr\u1eadn l\u1edf \u0111\u1ea5t, gi\u00fap \u00f4ng ng\u01b0\u1eddi Nga tha h\u01b0\u01a1ng t\u00ecm l\u1ea1i gia \u0111\u00ecnh, c\u1ee9u em b\u00e9 nh\u00e0 \u201c\u00f4ng s\u00e0 lan\u201d tho\u00e1t kh\u1ecfi \u0111\u00e1m ch\u00e1y\u2026 Nh\u01b0ng \u0111\u1eb1ng sau nh\u1eefng chi\u1ebfn t\u00edch r\u1ef1c r\u1ee1 v\u1eabn l\u00e0 m\u1ed9t n\u1ed7i bu\u1ed3n th\u1ea7m l\u1eb7ng kh\u00f4n ngu\u00f4i. B\u1edfi v\u00ec, bao gi\u1edd cha s\u1ebd v\u1ec1?<\/p>\n<p>C\u00e2u chuy\u1ec7n v\u1ec1 ba \u0111\u1ee9a tr\u1ebb ngh\u00e8o s\u1ed1ng b\u00ean \u0111\u01b0\u1eddng t\u00e0u \u0111\u00e3 cu\u1ed1n \u0111\u1ed9c gi\u1ea3 v\u00e0o m\u1ed9t th\u1ebf gi\u1edbi tinh ngh\u1ecbch, trong tr\u1ebbo m\u00e0 c\u1ea3m \u0111\u1ed9ng tha thi\u1ebft, m\u1ed9t x\u00e2u chu\u1ed7i kh\u00e9o l\u00e9o nh\u1eefng t\u00ecnh ti\u1ebft t\u01b0\u1edfng nh\u01b0 r\u1eddi xa nhau nh\u01b0ng h\u00f3a ra l\u1ea1i \u0111\u1ed3ng quy \u1edf k\u1ebft th\u00fac \u0111\u1ea7y b\u1ea5t ng\u1edd n\u01a1i cu\u1ed1i truy\u1ec7n.<\/p>\n<p>\u0110\u1ebfn t\u1eeb n\u01b0\u1edbc Anh v\u00e0 sau h\u01a1n m\u1ed9t th\u1ebf k\u1ef7 ra m\u1eaft, L\u0169 Tr\u1ebb \u0110\u01b0\u1eddng T\u00e0u c\u1ee7a Edith Nesbit v\u1eabn lu\u00f4n l\u00e0 m\u1ed9t t\u01b0\u1ee3ng \u0111\u00e0i t\u00e1c ph\u1ea9m thi\u1ebfu nhi kinh \u0111i\u1ec3n kh\u00f4ng th\u1ec3 b\u1ecf qua, m\u1ed9t vi\u00ean ng\u1ecdc \u0111\u00e3 \u1edf l\u1ea1i trong k\u00fd \u1ee9c nhi\u1ec1u th\u1ebf h\u1ec7 \u0111\u1ed9c gi\u1ea3 tr\u1ebb th\u1ebf gi\u1edbi.<\/p>\n","protected":false},"featured_media":5727,"template":"","meta":{"_acf_changed":false},"product_brand":[],"product_cat":[17,26,77],"product_tag":[],"class_list":{"0":"post-5737","1":"product","2":"type-product","3":"status-publish","4":"has-post-thumbnail","6":"product_cat-sach-danh-cho-cac-be","7":"product_cat-thieu-nien-11-tuoi-18-tuoi","8":"product_cat-van-hoc-kinh-dien","10":"first","11":"outofstock","12":"taxable","13":"shipping-taxable","14":"purchasable","15":"product-type-simple"},"supplier_id":null,"supplier_sku":"","barcode":null,"atum_controlled":true,"out_stock_date":"2021-03-14 01:01:32","out_stock_threshold":null,"inheritable":false,"inbound_stock":0,"stock_on_hold":0,"sold_today":0,"sales_last_days":0,"reserved_stock":0,"customer_returns":0,"warehouse_damage":0,"lost_in_post":0,"other_logs":0,"out_stock_days":1781,"lost_sales":0,"has_location":false,"update_date":"2026-01-28T23:10:38","atum_locations":[],"atum_stock_status":"outofstock","restock_status":false,"low_stock_amount":"","sales_update_date":"2026-01-28T23:10:38","calc_backorders":null,"acf":{"publisher":{"ID":1424,"post_author":"1","post_date":"2021-02-17 00:02:29","post_date_gmt":"2021-02-16 22:02:29","post_content":"<!-- wp:flatsome\/uxbuilder -->\n<h1 style=\"text-align: center\"><strong>Nh\u00e3 Nam<\/strong><\/h1>\n[row]\n\n[col span=\"6\" span__sm=\"12\"]\n\n[ux_image id=\"1438\" image_size=\"medium\"]\n\n\n[\/col]\n[col span=\"6\" span__sm=\"12\"]\n\n<p><strong>C\u00f4ng ty c\u1ed5 ph\u1ea7n V\u0103n h\u00f3a v\u00e0 Truy\u1ec1n th\u00f4ng Nh\u00e3 Nam<\/strong><\/p>\n<p>Th\u00e1ng 2 n\u0103m 2005, Nh\u00e3 Nam, t\u00ean \u0111\u1ea7y \u0111\u1ee7 l\u00e0 C\u00f4ng ty C\u1ed5 ph\u1ea7n V\u0103n h\u00f3a v\u00e0 Truy\u1ec1n th\u00f4ng Nh\u00e3 Nam \u0111\u00e3 gia nh\u1eadp th\u1ecb tr\u01b0\u1eddng s\u00e1ch. T\u00e1c ph\u1ea9m \"Balzac v\u00e0 c\u00f4 b\u00e9 th\u1ee3 may Trung hoa\" c\u1ee7a \u0110\u1edbi T\u01b0 Ki\u1ec7t l\u00e0 cu\u1ed1n s\u00e1ch \u0111\u1ea7u ti\u00ean \u0111\u01b0\u1ee3c nh\u1eefng ng\u01b0\u1eddi s\u00e1ng l\u1eadp Nh\u00e3 Nam xu\u1ea5t b\u1ea3n c\u1ea3 tr\u01b0\u1edbc khi c\u00f4ng ty ra \u0111\u1eddi. Ngay l\u1eadp t\u1ee9c t\u1eeb cu\u1ed1n s\u00e1ch \u0111\u1ea7u ti\u00ean, \u0111\u1ed9c gi\u1ea3 \u0111\u00e3 d\u00e0nh s\u1ef1 quan t\u00e2m v\u00e0 y\u00eau m\u1ebfn cho m\u1ed9t th\u01b0\u01a1ng hi\u1ec7u s\u00e1ch m\u1edbi m\u1ebb mang trong m\u00ecnh kh\u00e1t v\u1ecdng g\u00f3p ph\u1ea7n t\u1ea1o l\u1eadp di\u1ec7n m\u1ea1o m\u1edbi cho xu\u1ea5t b\u1ea3n v\u0103n h\u1ecdc t\u1ea1i Vi\u1ec7t Nam.<\/p>\n<p>L\u00f2ng say m\u00ea c\u1ee7a \u0111\u1ed9i ng\u0169 l\u00e0 vi\u00ean \u0111\u00e1 \u0111\u1ea7u ti\u00ean. Tr\u1ea3i qua m\u1ea5y n\u0103m ph\u00e1t tri\u1ec3n, Nh\u00e3 Nam \u0111\u00e3 \u0111\u01b0\u1ee3c x\u00e2y d\u1ef1ng d\u1ea7n l\u00ean trong di\u1ec7n m\u1ea1o m\u1ed9t nh\u00e0 xu\u1ea5t b\u1ea3n v\u1eefng ch\u00e3i v\u00e0 chuy\u00ean nghi\u1ec7p. S\u00e1u th\u00e1ng sau khi th\u00e0nh l\u1eadp c\u00f4ng ty, Nh\u1eadt k\u00fd \u0110\u1eb7ng Th\u00f9y Tr\u00e2m ra \u0111\u1eddi, t\u1ea1o n\u00ean m\u1ed9t c\u01a1n s\u1ed1t trong x\u00e3 h\u1ed9i, v\u1edbi g\u1ea7n 500,000 b\u1ea3n s\u00e1ch \u0111\u01b0\u1ee3c ph\u00e1t h\u00e0nh, ph\u00e1 m\u1ecdi k\u1ef7 l\u1ee5c v\u1ec1 xu\u1ea5t b\u1ea3n tr\u01b0\u1edbc \u0111\u00f3, k\u00e9o theo m\u1ed9t lo\u1ea1t nh\u1eefng hi\u1ec7u \u1ee9ng x\u00e3 h\u1ed9i v\u00e0 d\u01b0 lu\u1eadn c\u00f3 \u00fd ngh\u0129a. T\u1eeb \u0111\u00f3 tr\u1edf \u0111i, th\u00f4ng qua Nh\u00e3 Nam, c\u00e1c cu\u1ed1n s\u00e1ch v\u0103n h\u1ecdc n\u01b0\u1edbc ngo\u00e0i c\u00f3 gi\u00e1 tr\u1ecb \u0111\u01b0\u1ee3c li\u00ean t\u1ee5c mua b\u1ea3n quy\u1ec1n v\u00e0 xu\u1ea5t b\u1ea3n t\u1ea1i Vi\u1ec7t Nam, thu h\u00fat nhi\u1ec1u t\u1ea7ng l\u1edbp \u0111\u1ed9c gi\u1ea3. S\u00e1ch c\u1ee7a Nh\u00e3 Nam n\u1ed5i b\u1eadt b\u1edfi n\u1ed9i dung v\u0103n h\u1ecdc tinh t\u1ebf, b\u1edfi v\u1ebb \u0111\u1eb9p c\u1ee7a thi\u1ebft k\u1ebf hi\u1ec7n \u0111\u1ea1i \u1edf h\u00ecnh th\u1ee9c, b\u1edfi s\u1ef1 ch\u0103m ch\u00fat k\u1ef9 l\u01b0\u1ee1ng cho m\u1ed7i cu\u1ed1n s\u00e1ch nh\u01b0 m\u1ed9t con thuy\u1ec1n mang t\u1edbi ni\u1ec1m vui, tri th\u1ee9c, ng\u1ea1c nhi\u00ean, v\u00e0 \u0111\u1ed3ng c\u1ea3m.<\/p>\n\n[\/col]\n\n[\/row]\n<p style=\"text-align: left\">Hi\u1ec3u th\u1eddi \u0111\u1ea1i \u0111ang s\u1ed1ng th\u00f4ng qua s\u00e1ch, song h\u00e0nh v\u1edbi nh\u1eefng bi\u1ebfn chuy\u1ec3n s\u00e2u s\u1eafc trong l\u00f2ng x\u00e3 h\u1ed9i b\u1eb1ng nh\u1eefng ho\u1ea1t \u0111\u1ed9ng xu\u1ea5t b\u1ea3n mi\u1ec7t m\u00e0i v\u00e0 qu\u1ea3 c\u1ea3m, con \u0111\u01b0\u1eddng Nh\u00e3 Nam \u0111\u00e3 ch\u1ecdn \u0111\u1ec3 \u0111i s\u1ebd c\u00f2n d\u00e0i. Nhi\u1ec1u kh\u00f3 kh\u0103n, th\u1eed th\u00e1ch \u0111ang \u1edf ph\u00eda tr\u01b0\u1edbc. B\u01b0\u1edbc qua th\u1eddi k\u1ef3 s\u01a1 khai v\u1edbi nh\u1eefng b\u00e0i h\u1ecdc v\u00e0 nh\u1eefng kinh nghi\u1ec7m \u0111\u1ea7u ti\u00ean, Nh\u00e3 Nam gi\u1edd \u0111\u00e3 s\u1eb5n s\u00e0ng cho m\u1ed9t ch\u1eb7ng \u0111\u01b0\u1eddng ph\u00e1t tri\u1ec3n m\u1edbi. V\u00e0 ch\u00fang t\u00f4i mu\u1ed1n ho\u00e0n thi\u1ec7n m\u00ecnh trong s\u1ef1 c\u1ea7u th\u1ecb v\u00e0 c\u1ea9n tr\u1ecdng. T\u1ea5t c\u1ea3 v\u00ec m\u1ed9t gia s\u1ea3n s\u00e1ch to l\u1edbn, c\u00f3 s\u1ee9c s\u1ed1ng d\u00e0i l\u00e2u, c\u00f3 \u00fd ngh\u0129a v\u1edbi nhi\u1ec1u th\u1ebf h\u1ec7 b\u1ea1n \u0111\u1ecdc.<br \/>B\u1edfi v\u00ec s\u00e1ch l\u00e0 th\u1ebf gi\u1edbi.<\/p>\n<p><strong>\u0110\u00e2y l\u00e0 m\u1ed9t nh\u00e0 ph\u00e1t h\u00e0nh s\u00e1ch m\u00e0 SACHVIET.EU r\u1ea5t y\u00eau th\u00edch v\u00e0 tin t\u01b0\u1edfng. Nh\u00ecn \u0111\u01b0\u1ee3c t\u1ea7m \u1ea3nh h\u01b0\u1edfng c\u1ee7a Nh\u00e3 Nam qua t\u1eebng cu\u1ed1n s\u00e1ch, SACHVIET.EU li\u00ean h\u1ec7 h\u1ee3p t\u00e1c ngay v\u1edbi Nh\u00e3 Nam \u0111\u1ec3 \u0111em to\u00e0n b\u1ed9 nh\u1eefng t\u00e1c ph\u1ea9m m\u1edbi, hay nh\u1ea5t m\u00e0 Nh\u00e3 Nam c\u00f3 sang Ch\u00e2u \u00c2u, \u0111\u01b0a \u0111\u1ebfn cho \u0111\u1ed9c gi\u1ea3 c\u00f3 nhi\u1ec1u s\u1ef1 l\u1ef1a ch\u1ecdn phong ph\u00fa h\u01a1n c\u1ea3 s\u00e1ch cho tr\u1ebb em l\u1eabn ng\u01b0\u1eddi l\u1edbn.\u00a0<\/strong><\/p>\n\n<!-- \/wp:flatsome\/uxbuilder -->","post_title":"Nh\u00e3 Nam","post_excerpt":"","post_status":"publish","comment_status":"closed","ping_status":"closed","post_password":"","post_name":"nha-nam","to_ping":"","pinged":"","post_modified":"2022-12-19 23:15:33","post_modified_gmt":"2022-12-19 21:15:33","post_content_filtered":"","post_parent":0,"guid":"https:\/\/sachviet.eu\/?post_type=publisher&#038;p=1424","menu_order":0,"post_type":"publisher","post_mime_type":"","comment_count":"0","filter":"raw"}},"_links":{"self":[{"href":"https:\/\/sachviet.eu\/en\/wp-json\/wp\/v2\/product\/5737","targetHints":{"allow":["GET"]}}],"collection":[{"href":"https:\/\/sachviet.eu\/en\/wp-json\/wp\/v2\/product"}],"about":[{"href":"https:\/\/sachviet.eu\/en\/wp-json\/wp\/v2\/types\/product"}],"wp:featuredmedia":[{"embeddable":true,"href":"https:\/\/sachviet.eu\/en\/wp-json\/wp\/v2\/media\/5727"}],"wp:attachment":[{"href":"https:\/\/sachviet.eu\/en\/wp-json\/wp\/v2\/media?parent=5737"}],"wp:term":[{"taxonomy":"product_brand","embeddable":true,"href":"https:\/\/sachviet.eu\/en\/wp-json\/wp\/v2\/product_brand?post=5737"},{"taxonomy":"product_cat","embeddable":true,"href":"https:\/\/sachviet.eu\/en\/wp-json\/wp\/v2\/product_cat?post=5737"},{"taxonomy":"product_tag","embeddable":true,"href":"https:\/\/sachviet.eu\/en\/wp-json\/wp\/v2\/product_tag?post=5737"}],"curies":[{"name":"wp","href":"https:\/\/api.w.org\/{rel}","templated":true}]}}