{"id":5726,"date":"2021-03-14T02:23:34","date_gmt":"2021-03-14T00:23:34","guid":{"rendered":"https:\/\/sachviet.eu\/shop\/bau-cua-tom-ca-choi-choi-an-va-yeu\/"},"modified":"2022-05-21T18:36:41","modified_gmt":"2022-05-21T15:36:41","slug":"bau-cua-tom-ca-choi-choi-an-va-yeu","status":"publish","type":"product","link":"https:\/\/sachviet.eu\/en\/shop\/bau-cua-tom-ca-choi-choi-an-va-yeu\/","title":{"rendered":"B\u1ea7u Cua T\u00f4m C\u00e1 Ch\u01a1i Ch\u01a1i &#8211; \u0102n V\u00e0 Y\u00eau"},"content":{"rendered":"<p>N\u00ea\u0301u ba\u0323n \u0111a\u0303 t\u01b0\u0300ng ng\u0103\u0301m nhi\u0300n nh\u01b0\u0303ng b\u00f4\u0323 s\u01b0u t\u00e2\u0323p a\u0301o da\u0300i, \u0103n m\u00f4\u0323t ba\u0301t ph\u01a1\u0309 Bar hay u\u00f4\u0301ng m\u00f4\u0323t c\u00f4\u0301c ca\u0300 ph\u00ea cu\u0309a Ch\u01b0\u01a1ng \u0110\u0103\u0323ng, co\u0301 le\u0303 ba\u0323n se\u0303 nh\u00e2\u0323n ra ngay phong ca\u0301ch ri\u00eang cu\u0309a anh trong cu\u00f4\u0301n sa\u0301ch na\u0300y. Nh\u01b0ng n\u00ea\u0301u ba\u0323n ch\u01b0a t\u01b0\u0300ng th\u01b0\u0309 qua nh\u01b0\u0303ng th\u01b0\u0301 tr\u00ean, ha\u0303y \u0111\u00ea\u0309 nh\u01b0\u0303ng c\u00e2u chuy\u00ea\u0323n, nh\u01b0\u0303ng mo\u0301n \u0103n trong cu\u00f4\u0301n sa\u0301ch \u0111\u01b0a ba\u0323n \u0111\u00ea\u0301n v\u01a1\u0301i c\u0103n b\u00ea\u0301p \u0111\u00e2\u0300y tinh t\u00ea\u0301 va\u0300 \u00e2\u0301m a\u0301p cu\u0309a ta\u0301c gia\u0309 Ch\u01b0\u01a1ng \u0110\u0103\u0323ng.<\/p>\n<p>B\u00e2\u0300u cua t\u00f4m ca\u0301 ch\u01a1i ch\u01a1i m\u01a1\u0309 \u0111\u00e2\u0300u b\u0103\u0300ng m\u00f4\u0323t l\u01a1\u0300i t\u01b0\u0323a ch\u00e2n ti\u0300nh va\u0300 di\u0323u \u00eam. \u0110\u00ea\u0309 khi \u0111o\u0323c nh\u01b0\u0303ng do\u0300ng \u0111\u00e2\u0300u ti\u00ean, ng\u01b0\u01a1\u0300i ta th\u00e2\u0301y ngay m\u00f4\u0323t phong ca\u0301ch la\u0303ng ma\u0323n ma\u0300 \u0111\u00f4\u0323c \u0111a\u0301o chi\u0309 co\u0301 th\u00ea\u0309 ti\u0300m th\u00e2\u0301y trong c\u00e2u ch\u01b0\u0303 cu\u0309a Ch\u01b0\u01a1ng \u0110\u0103\u0323ng:<\/p>\n<p>\u201cNg\u01b0\u1eddi ta hay g\u1ecdi t\u00f4i l\u00e0 nh\u00e0 thi\u1ebft k\u1ebf, l\u00e0 doanh nh\u00e2n, l\u00e0 chuy\u00ean gia \u1ea9m th\u1ef1c<\/p>\n<p>Ch\u01b0a ai g\u1ecdi t\u00f4i \u0111\u00fang v\u1edbi b\u1ea3n ch\u1ea5t c\u1ee7a m\u00ecnh c\u1ea3, t\u00f4i th\u1eadt ra l\u00e0 m\u1ed9t k\u1ebb rong ch\u01a1i trong cu\u1ed9c \u0111\u1eddi n\u00e0y. Khi t\u00f4i c\u00f2n l\u00e0 m\u1ed9t c\u1eadu b\u00e9 con trong ng\u00f4i l\u00e0ng nh\u1ecf \u1edf x\u1ee9 cao nguy\u00ean, sau gi\u1edd h\u1ecdc piano tr\u00ean g\u00e1c chu\u00f4ng nh\u00e0 th\u1edd, t\u00f4i hay \u0111\u1ee9ng th\u1ea9n th\u01a1 b\u00ean c\u1eeda s\u1ed5, nh\u00ecn v\u1ec1 ph\u00eda n\u00fai m\u00e0 t\u1ef1 h\u1ecfi: \u201cPh\u00eda sau n\u00fai l\u00e0 g\u00ec?\u201d B\u00e0 gi\u00e1o gi\u00e0 d\u1ea1y \u0111\u00e0n kh\u1ebd kh\u00e0ng \u0111\u1ebfn b\u00ean t\u00f4i, \u0111\u1eb7t b\u00e0n tay tr\u00ean vai t\u00f4i v\u1ed7 nh\u00e8 nh\u1eb9: \u201cC\u1eadu n\u00e0y \u0111a \u0111oan th\u00ec \u0111\u1eebng l\u00e3ng m\u1ea1n, r\u1ed3i kh\u1ed5 \u0111\u1ea5y con \u1ea1!\u201d<\/p>\n<p>T\u00f4i ch\u1eb3ng hi\u1ec3u l\u1eddi b\u00e0 c\u1ea3nh b\u00e1o, m\u00e3i sau n\u00e0y\u2026 khi \u0111i qua nh\u1eefng mi\u1ec1n xa x\u00f4i, nh\u1eefng ch\u00e2u l\u1ee5c r\u1ed9ng l\u1edbn nh\u01b0 b\u00e0 t\u1eebng \u0111i qua t\u00f4i m\u1edbi hi\u1ec3u l\u1eddi b\u00e0 d\u1ea1y t\u00f4i th\u01b0\u01a1\u0309 nh\u1ecf. \u1ede \u0111\u00e2u t\u00f4i d\u1eebng l\u1ea1i, t\u00f4i c\u0169ng y\u00eau tha thi\u1ebft\u2026 nh\u1eefng ng\u01b0\u1eddi t\u00f4i g\u1eb7p, nh\u1eefng m\u00f3n t\u00f4i \u0103n, nh\u1eefng m\u01b0a n\u1eafng gi\u00f3 tuy\u1ebft, nh\u1eefng ti\u1ebfng \u0111\u1ed9ng, nh\u1eefng ban mai trong tr\u1ebbo v\u00e0 nh\u1eefng ho\u00e0ng h\u00f4n u u\u00e2\u0301t.<\/p>\n<p>T\u00f4i vi\u1ebft t\u1eadp s\u00e1ch nh\u1ecf n\u00e0y trong nh\u1eefng ng\u00e0y nghi\u1ec1n ng\u1eabm v\u1ec1 s\u1ef1 ra \u0111i c\u1ee7a m\u1eb9 t\u00f4i. M\u1eb9 t\u00f4i \u0111\u00e3 hy sinh \u0111\u1ebfn c\u1ea1n ki\u1ec7t s\u1ef1 s\u1ed1ng, ch\u1ec9 v\u00ec m\u1ed9t ch\u1eef t\u00ecnh. Cu\u1ed9c \u0111\u1eddi c\u1ee7a b\u00e0 l\u00e0 m\u1ed9t c\u00e2u chuy\u1ec7n bu\u1ed3n, nh\u01b0 nhi\u1ec1u c\u00e2u chuy\u1ec7n c\u1ee7a \u0111\u00e0n b\u00e0 x\u1ee9 t\u00f4i. C\u1ea3 m\u1ed9t \u0111\u1eddi, s\u1ed1ng cho, s\u1ed1ng v\u00ec, v\u00e0 s\u1ed1ng nh\u1edd v\u00e0o s\u1ef1 t\u1ed3n t\u1ea1i c\u1ee7a ch\u1ed3ng, con. T\u00f4i \u0111\u00e3 t\u1ef1 h\u1ee9a v\u1edbi l\u00f2ng m\u00ecnh r\u1eb1ng t\u00f4i c\u00f3 th\u1ec3 l\u00e0 m\u1ed9t \u0111\u1ee9a con hoang \u0111\u00e0ng, m\u1ed9t \u0111\u1ee9a tr\u1ebb ham ch\u01a1i, m\u1ed9t ng\u01b0\u1eddi \u0111\u00e0n \u00f4ng ch\u1eb3ng th\u1ebf l\u1ef1c g\u00ec\u2026. Nh\u01b0ng nh\u1ea5t \u0111\u1ecbnh t\u00f4i ph\u1ea3i l\u00e0 m\u1ed9t ng\u01b0\u1eddi h\u1ea1nh ph\u00fac; t\u00f4i ch\u1ec9 bi\u1ebft b\u00e1o hi\u1ebfu b\u1eb1ng c\u00e1ch s\u1ed1ng tr\u1ecdn v\u1eb9n nh\u1ea5t, \u0111\u1ea7y tr\u00e0n v\u00e0 th\u00e0nh th\u1eadt v\u1edbi c\u1ea3m x\u00fac c\u1ee7a m\u00ecnh. M\u1ed9t con ng\u01b0\u1eddi b\u1ec1n b\u1ec9 v\u1edbi h\u1ea1nh ph\u00fac.\u201d<\/p>\n","protected":false},"excerpt":{"rendered":"<p>N\u00ea\u0301u ba\u0323n \u0111a\u0303 t\u01b0\u0300ng ng\u0103\u0301m nhi\u0300n nh\u01b0\u0303ng b\u00f4\u0323 s\u01b0u t\u00e2\u0323p a\u0301o da\u0300i, \u0103n m\u00f4\u0323t ba\u0301t ph\u01a1\u0309 Bar hay u\u00f4\u0301ng m\u00f4\u0323t c\u00f4\u0301c ca\u0300 ph\u00ea cu\u0309a Ch\u01b0\u01a1ng \u0110\u0103\u0323ng, co\u0301 le\u0303 ba\u0323n se\u0303 nh\u00e2\u0323n ra ngay phong ca\u0301ch ri\u00eang cu\u0309a anh trong cu\u00f4\u0301n sa\u0301ch na\u0300y. Nh\u01b0ng n\u00ea\u0301u ba\u0323n ch\u01b0a t\u01b0\u0300ng th\u01b0\u0309 qua nh\u01b0\u0303ng th\u01b0\u0301 tr\u00ean, ha\u0303y \u0111\u00ea\u0309 nh\u01b0\u0303ng c\u00e2u chuy\u00ea\u0323n, nh\u01b0\u0303ng mo\u0301n \u0103n trong cu\u00f4\u0301n sa\u0301ch \u0111\u01b0a ba\u0323n \u0111\u00ea\u0301n v\u01a1\u0301i c\u0103n b\u00ea\u0301p \u0111\u00e2\u0300y tinh t\u00ea\u0301 va\u0300 \u00e2\u0301m a\u0301p cu\u0309a ta\u0301c gia\u0309 Ch\u01b0\u01a1ng \u0110\u0103\u0323ng.<\/p>\n","protected":false},"featured_media":5715,"template":"","meta":{"_acf_changed":false},"product_brand":[],"product_cat":[42],"product_tag":[],"class_list":{"0":"post-5726","1":"product","2":"type-product","3":"status-publish","4":"has-post-thumbnail","6":"product_cat-sach-nau-an-am-thuc","8":"first","9":"outofstock","10":"taxable","11":"shipping-taxable","12":"purchasable","13":"product-type-simple"},"supplier_id":null,"supplier_sku":"","barcode":null,"atum_controlled":true,"out_stock_date":"2022-05-21 12:36:41","out_stock_threshold":null,"inheritable":false,"inbound_stock":0,"stock_on_hold":0,"sold_today":0,"sales_last_days":0,"reserved_stock":0,"customer_returns":0,"warehouse_damage":0,"lost_in_post":0,"other_logs":0,"out_stock_days":1348,"lost_sales":0,"has_location":false,"update_date":"2026-01-28T23:10:38","atum_locations":[],"atum_stock_status":"outofstock","restock_status":false,"low_stock_amount":"","sales_update_date":"2026-01-28T23:10:38","calc_backorders":null,"acf":{"publisher":{"ID":5714,"post_author":"1","post_date":"2021-03-14 02:23:21","post_date_gmt":"2021-03-14 00:23:21","post_content":"","post_title":"I Love Cookbooks","post_excerpt":"","post_status":"publish","comment_status":"closed","ping_status":"closed","post_password":"","post_name":"i-love-cookbooks","to_ping":"","pinged":"","post_modified":"2021-03-14 02:23:21","post_modified_gmt":"2021-03-14 00:23:21","post_content_filtered":"","post_parent":0,"guid":"https:\/\/sachviet.eu\/blog\/nha-phat-hanh\/i-love-cookbooks\/","menu_order":0,"post_type":"publisher","post_mime_type":"","comment_count":"0","filter":"raw"}},"_links":{"self":[{"href":"https:\/\/sachviet.eu\/en\/wp-json\/wp\/v2\/product\/5726","targetHints":{"allow":["GET"]}}],"collection":[{"href":"https:\/\/sachviet.eu\/en\/wp-json\/wp\/v2\/product"}],"about":[{"href":"https:\/\/sachviet.eu\/en\/wp-json\/wp\/v2\/types\/product"}],"wp:featuredmedia":[{"embeddable":true,"href":"https:\/\/sachviet.eu\/en\/wp-json\/wp\/v2\/media\/5715"}],"wp:attachment":[{"href":"https:\/\/sachviet.eu\/en\/wp-json\/wp\/v2\/media?parent=5726"}],"wp:term":[{"taxonomy":"product_brand","embeddable":true,"href":"https:\/\/sachviet.eu\/en\/wp-json\/wp\/v2\/product_brand?post=5726"},{"taxonomy":"product_cat","embeddable":true,"href":"https:\/\/sachviet.eu\/en\/wp-json\/wp\/v2\/product_cat?post=5726"},{"taxonomy":"product_tag","embeddable":true,"href":"https:\/\/sachviet.eu\/en\/wp-json\/wp\/v2\/product_tag?post=5726"}],"curies":[{"name":"wp","href":"https:\/\/api.w.org\/{rel}","templated":true}]}}