{"id":5640,"date":"2021-03-14T02:19:22","date_gmt":"2021-03-14T00:19:22","guid":{"rendered":"https:\/\/sachviet.eu\/shop\/gi-gi-gi-gi-cai-gi-cung-biet-130-bi-mat-vui-nhat-cho-tuoi-tieu-hoc\/"},"modified":"2021-08-22T20:36:47","modified_gmt":"2021-08-22T17:36:47","slug":"gi-gi-gi-gi-cai-gi-cung-biet-130-bi-mat-vui-nhat-cho-tuoi-tieu-hoc","status":"publish","type":"product","link":"https:\/\/sachviet.eu\/en\/shop\/gi-gi-gi-gi-cai-gi-cung-biet-130-bi-mat-vui-nhat-cho-tuoi-tieu-hoc\/","title":{"rendered":"Gi G\u1ec9 G\u00ec Gi, C\u00e1i G\u00ec C\u0169ng Bi\u1ebft &#8211; 130 B\u00ed M\u1eadt Vui Nh\u1ea5t Cho Tu\u1ed5i Ti\u1ec3u H\u1ecdc"},"content":{"rendered":"<p>Vui th\u00fa bi\u1ebft bao khi \u0111\u01b0\u1ee3c kh\u00e1m ph\u00e1 m\u1ecdi th\u1ee9 xung quanh!<\/p>\n<p>C\u00f3 v\u00f4 s\u1ed1 c\u00e2u h\u1ecfi \u201cv\u00ec sao\u201d quanh ta m\u1ed7i ph\u00fat gi\u00e2y. M\u1ed7i ng\u00e0y gi\u1ea3i \u0111\u00e1p \u0111\u01b0\u1ee3c m\u1ed9t c\u00e2u trong s\u1ed1 \u1ea5y th\u00ec th\u00fa v\u1ecb bi\u1ebft m\u1ea5y, ki\u1ebfn th\u1ee9c c\u00f9ng l\u00f2ng ham h\u1ecdc h\u1ecfi trong ta s\u1ebd l\u1edbn l\u00ean d\u1ea7n. Cu\u1ed1n s\u00e1ch n\u00e0y l\u00e0 ng\u01b0\u1eddi b\u1ea1n \u0111\u1eafc l\u1ef1c \u0111em \u0111\u1ebfn nh\u1eefng \u0111i\u1ec1u ng\u1ed9 ngh\u0129nh ta th\u01b0\u1eddng b\u1eaft g\u1eb7p bu\u1ed5i s\u00e1ng, bu\u1ed5i tr\u01b0a, bu\u1ed5i t\u1ed1i v\u00e0 c\u00e1c ng\u00e0y ngh\u1ec9.<br \/>\nC\u00f9ng t\u00ecm hi\u1ec3u h\u01a1n 100 b\u00ed m\u1eadt v\u1ec1 C\u01a1 th\u1ec3 con ng\u01b0\u1eddi, Th\u1ebf gi\u1edbi t\u1ef1 nhi\u00ean, Cu\u1ed9c s\u1ed1ng quanh ta, \u0110\u1ed3 \u0103n th\u1ee9c u\u1ed1ng, Nh\u1eefng th\u1ee9 ph\u1ee5c v\u1ee5 cu\u1ed9c s\u1ed1ng c\u1ee7a con ng\u01b0\u1eddi!<\/p>\n<p>T\u00e1c gi\u1ea3: Hanazono Makoto (Gi\u1ea3ng vi\u00ean Khoa Gi\u00e1o d\u1ee5c tr\u1ebb em \u0110\u1ea1i h\u1ecdc Teikyo)<br \/>\nT\u1ed1t nghi\u1ec7p ti\u1ebfn s\u0129 khoa N\u00f4ng nghi\u1ec7p \u0110\u1ea1i h\u1ecdc Nagoya, h\u1ecdc th\u00eam khoa y \u0110\u1ea1i h\u1ecdc Teikyo, hi\u1ec7n \u0111ang gi\u1ea3ng d\u1ea1y t\u1ea1i \u0110\u1ea1i h\u1ecdc Teikyo. Tham gia th\u00e0nh l\u1eadp khoa Khoa h\u1ecdc v\u1ec1 \u0111\u1ed9ng v\u1eadt, hi\u1ec7n l\u00e0 tr\u01b0\u1edfng khoa Gi\u00e1o d\u1ee5c nhi \u0111\u1ed3ng, \u0111\u1ea3m nhi\u1ec7m v\u1ecb tr\u00ed qu\u1ea3n l\u00fd k\u1ebft n\u1ed1i v\u1edbi c\u00e1c \u0111\u1ecba ph\u01b0\u01a1ng, vi\u1ebft ra nhi\u1ec1u cu\u1ed1n s\u00e1ch v\u1ec1 tr\u1ebb em v\u00e0 \u0111\u1ed9ng v\u1eadt. T\u00e1c gi\u1ea3 s\u00e1ng t\u1ea1o ra ph\u01b0\u01a1ng ph\u00e1p d\u1ea1y d\u00f9ng \u201cPh\u00f2ng ch\u01a1i v\u1edbi \u0111\u1ed9ng v\u1eadt\u201d \u1ee9ng d\u1ee5ng t\u1ed1t cho tr\u1ebb em m\u1eabu gi\u00e1o v\u00e0 ti\u1ec3u h\u1ecdc.<\/p>\n<p>Review<\/p>\n<p>\u201c\u0102n c\u01a1m kh\u00f4ng \u0111\u01b0\u1ee3c b\u1ecf l\u1ea1i \u0111\u1ed3 \u0103n, l\u00e3ng ph\u00ed qu\u00e1!\u201d \u201cT\u1ea1i sao l\u1ea1i kh\u00f4ng \u0111\u01b0\u1ee3c b\u1ecf s\u00f3t \u1ea1?\u201d \u201c\u00c0\u2026 t\u1ea1i v\u00ec&#8230;\u201d<br \/>\n\u201c\u0110i ch\u01a1i v\u1ec1 ph\u1ea3i r\u1eeda tay cho s\u1ea1ch!\u201d \u201cT\u1ea1i sao ph\u1ea3i r\u1eeda tay \u1ea1?\u201d \u201cTh\u00ec l\u00e0 v\u00ec&#8230;\u201d<\/p>\n<p>Trong cu\u1ed9c s\u1ed1ng h\u1eb1ng ng\u00e0y, ch\u1eb3ng hay c\u00e1c b\u1ed1 m\u1eb9 c\u00f3 t\u1eebng b\u1ecb con tr\u1ebb b\u1eaft b\u1ebb v\u1edbi nh\u1eefng c\u00e2u h\u1ecfi v\u00ec sao th\u1ebf n\u00e0y, t\u1ea1i sao th\u1ebf kia?<\/p>\n<p>B\u1ed1 m\u1eb9 c\u00f3 t\u1eebng l\u00fang t\u00fang khi ph\u1ea3i \u0111\u1ed1i m\u1eb7t v\u1edbi nh\u1eefng c\u00e2u h\u1ecfi h\u1ed3n nhi\u00ean \u0111\u00f3? Nh\u1eefng \u0111i\u1ec1u v\u00f4 c\u00f9ng hi\u1ec3n nhi\u00ean v\u1edbi ng\u01b0\u1eddi l\u1edbn trong con m\u1eaft con tr\u1ebb l\u1ea1i r\u1ea5t\u2026 \u0111\u00e1ng th\u1eafc m\u1eafc. V\u1eady ta ph\u1ea3i tr\u1ea3 l\u1eddi con tr\u1ebb th\u1ebf n\u00e0o?<\/p>\n<p>Th\u01b0\u1eddng s\u1ebd c\u00f3 hai phong c\u00e1ch gi\u1ea3i \u0111\u00e1p. Ch\u1eb3ng h\u1ea1n, v\u1edbi c\u00e2u h\u1ecfi \u201cT\u1ea1i sao kh\u00f4ng \u0111\u01b0\u1ee3c b\u1ecf m\u00f3n n\u00e0y \u0103n m\u00f3n kia \u1ea1?\u201d th\u00ec c\u00f3 ng\u01b0\u1eddi tr\u1ea3 l\u1eddi \u201cV\u00ec c\u00e1c b\u00e1c n\u00f4ng d\u00e2n b\u00e1n m\u1eb7t cho \u0111\u1ea5t, b\u00e1n l\u01b0ng cho tr\u1eddi c\u1ed1 g\u1eafng l\u00e0m ra \u0111\u1ed3 \u0103n cho m\u00ecnh, l\u00e3ng ph\u00ed l\u00e0 c\u00f3 l\u1ed7i v\u1edbi c\u00e1c b\u00e1c n\u00f4ng d\u00e2n \u1ea5y!\u201d ho\u1eb7c c\u0169ng c\u00f3 ng\u01b0\u1eddi ch\u1ecdn c\u00e1ch tr\u1ea3 l\u1eddi l\u00e0 \u201cKh\u00f4ng \u0103n \u0111\u1ee7 c\u00e1c m\u00f3n th\u00ec s\u1ebd m\u1ea5t c\u00e2n b\u1eb1ng dinh d\u01b0\u1ee1ng, c\u00f3 h\u1ea1i cho c\u01a1 th\u1ec3.\u201d<\/p>\n<p>C\u1ea3 hai c\u00e1ch n\u00f3i tr\u00ean \u0111\u1ec1u kh\u00f4ng sai. V\u00e0 kh\u00f4ng bi\u1ebft c\u00e1c b\u1ed1 m\u1eb9 c\u00f3 th\u1ea5y s\u1ef1 kh\u00e1c bi\u1ec7t trong hai c\u00e2u tr\u1ea3 l\u1eddi \u0111\u00f3 kh\u00f4ng? C\u00e2u \u0111\u1ea7u ti\u00ean mang t\u00ednh nh\u00e2n v\u0103n, c\u00f2n c\u00e2u sau gi\u00e0u t\u00ednh khoa h\u1ecdc. C\u1ea3 c\u00e2u tr\u1ea3 l\u1eddi mang t\u00ednh nh\u00e2n v\u0103n v\u00e0 c\u00e2u tr\u1ea3 l\u1eddi mang t\u00ednh khoa h\u1ecdc \u0111\u1ec1u c\u00f3 \u01b0u \u0111i\u1ec3m ri\u00eang.<\/p>\n<p>Quan trong l\u00e0 khi tr\u1ea3 l\u1eddi cho nh\u1eefng c\u00e2u h\u1ecfi c\u1ee7a con, h\u00e3y \u0111\u1ec3 con nghe k\u1ef9, nh\u00ecn k\u1ef9 v\u00e0 t\u1ef1 c\u1ea3m nh\u1eadn.<br \/>\nCu\u1ed1n s\u00e1ch n\u00e0y b\u1eadt m\u00ed cho b\u1ea1n h\u01a1n 100 \u0111i\u1ec1u th\u00fa v\u1ecb ph\u00f9 h\u1ee3p nhu c\u1ea7u m\u1edf mang ki\u1ebfn th\u1ee9c c\u1ee7a h\u1ecdc sinh \u0111\u1ea7u ti\u1ec3u h\u1ecdc v\u00ea\u0300 \u0111\u00f4\u0323ng th\u1ef1c v\u00e2\u0323t, cu\u1ed9c s\u1ed1ng quanh ta, c\u01a1 th\u00ea\u0309, \u0111\u00f4\u0300 \u0103n v\u00e0 nh\u1eefng th\u1ee9 h\u1ed7 tr\u1ee3 cu\u1ed9c s\u1ed1ng c\u1ee7a con ng\u01b0\u1eddi.<\/p>\n","protected":false},"excerpt":{"rendered":"<p>\u0102n c\u01a1m kh\u00f4ng \u0111\u01b0\u1ee3c b\u1ecf l\u1ea1i \u0111\u1ed3 \u0103n, l\u00e3ng ph\u00ed qu\u00e1!\u201d \u201cT\u1ea1i sao l\u1ea1i kh\u00f4ng \u0111\u01b0\u1ee3c b\u1ecf s\u00f3t \u1ea1?\u201d \u201c\u00c0\u2026 t\u1ea1i v\u00ec&#8230;\u201d<br \/>\n\u201c\u0110i ch\u01a1i v\u1ec1 ph\u1ea3i r\u1eeda tay cho s\u1ea1ch!\u201d \u201cT\u1ea1i sao ph\u1ea3i r\u1eeda tay \u1ea1?\u201d \u201cTh\u00ec l\u00e0 v\u00ec&#8230;\u201d<\/p>\n<p>Trong cu\u1ed9c s\u1ed1ng h\u1eb1ng ng\u00e0y, ch\u1eb3ng hay c\u00e1c b\u1ed1 m\u1eb9 c\u00f3 t\u1eebng b\u1ecb con tr\u1ebb b\u1eaft b\u1ebb v\u1edbi nh\u1eefng c\u00e2u h\u1ecfi v\u00ec sao th\u1ebf n\u00e0y, t\u1ea1i sao th\u1ebf kia?<\/p>\n<p>B\u1ed1 m\u1eb9 c\u00f3 t\u1eebng l\u00fang t\u00fang khi ph\u1ea3i \u0111\u1ed1i m\u1eb7t v\u1edbi nh\u1eefng c\u00e2u h\u1ecfi h\u1ed3n nhi\u00ean \u0111\u00f3? Nh\u1eefng \u0111i\u1ec1u v\u00f4 c\u00f9ng hi\u1ec3n nhi\u00ean v\u1edbi ng\u01b0\u1eddi l\u1edbn trong con m\u1eaft con tr\u1ebb l\u1ea1i r\u1ea5t\u2026 \u0111\u00e1ng th\u1eafc m\u1eafc. V\u1eady ta ph\u1ea3i tr\u1ea3 l\u1eddi con tr\u1ebb th\u1ebf n\u00e0o?<\/p>\n<p>Th\u01b0\u1eddng s\u1ebd c\u00f3 hai phong c\u00e1ch gi\u1ea3i \u0111\u00e1p. Ch\u1eb3ng h\u1ea1n, v\u1edbi c\u00e2u h\u1ecfi \u201cT\u1ea1i sao kh\u00f4ng \u0111\u01b0\u1ee3c b\u1ecf m\u00f3n n\u00e0y \u0103n m\u00f3n kia \u1ea1?\u201d th\u00ec c\u00f3 ng\u01b0\u1eddi tr\u1ea3 l\u1eddi \u201cV\u00ec c\u00e1c b\u00e1c n\u00f4ng d\u00e2n b\u00e1n m\u1eb7t cho \u0111\u1ea5t, b\u00e1n l\u01b0ng cho tr\u1eddi c\u1ed1 g\u1eafng l\u00e0m ra \u0111\u1ed3 \u0103n cho m\u00ecnh, l\u00e3ng ph\u00ed l\u00e0 c\u00f3 l\u1ed7i v\u1edbi c\u00e1c b\u00e1c n\u00f4ng d\u00e2n \u1ea5y!\u201d ho\u1eb7c c\u0169ng c\u00f3 ng\u01b0\u1eddi ch\u1ecdn c\u00e1ch tr\u1ea3 l\u1eddi l\u00e0 \u201cKh\u00f4ng \u0103n \u0111\u1ee7 c\u00e1c m\u00f3n th\u00ec s\u1ebd m\u1ea5t c\u00e2n b\u1eb1ng dinh d\u01b0\u1ee1ng, c\u00f3 h\u1ea1i cho c\u01a1 th\u1ec3.\u201d<\/p>\n<p>C\u1ea3 hai c\u00e1ch n\u00f3i tr\u00ean \u0111\u1ec1u kh\u00f4ng sai. V\u00e0 kh\u00f4ng bi\u1ebft c\u00e1c b\u1ed1 m\u1eb9 c\u00f3 th\u1ea5y s\u1ef1 kh\u00e1c bi\u1ec7t trong hai c\u00e2u tr\u1ea3 l\u1eddi \u0111\u00f3 kh\u00f4ng? C\u00e2u \u0111\u1ea7u ti\u00ean mang t\u00ednh nh\u00e2n v\u0103n, c\u00f2n c\u00e2u sau gi\u00e0u t\u00ednh khoa h\u1ecdc. C\u1ea3 c\u00e2u tr\u1ea3 l\u1eddi mang t\u00ednh nh\u00e2n v\u0103n v\u00e0 c\u00e2u tr\u1ea3 l\u1eddi mang t\u00ednh khoa h\u1ecdc \u0111\u1ec1u c\u00f3 \u01b0u \u0111i\u1ec3m ri\u00eang.<\/p>\n<p>Quan trong l\u00e0 khi tr\u1ea3 l\u1eddi cho nh\u1eefng c\u00e2u h\u1ecfi c\u1ee7a con, h\u00e3y \u0111\u1ec3 con nghe k\u1ef9, nh\u00ecn k\u1ef9 v\u00e0 t\u1ef1 c\u1ea3m nh\u1eadn.<br \/>\nCu\u1ed1n s\u00e1ch n\u00e0y b\u1eadt m\u00ed cho b\u1ea1n h\u01a1n 100 \u0111i\u1ec1u th\u00fa v\u1ecb ph\u00f9 h\u1ee3p nhu c\u1ea7u m\u1edf mang ki\u1ebfn th\u1ee9c c\u1ee7a h\u1ecdc sinh \u0111\u1ea7u ti\u1ec3u h\u1ecdc v\u00ea\u0300 \u0111\u00f4\u0323ng th\u1ef1c v\u00e2\u0323t, cu\u1ed9c s\u1ed1ng quanh ta, c\u01a1 th\u00ea\u0309, \u0111\u00f4\u0300 \u0103n v\u00e0 nh\u1eefng th\u1ee9 h\u1ed7 tr\u1ee3 cu\u1ed9c s\u1ed1ng c\u1ee7a con ng\u01b0\u1eddi.<\/p>\n","protected":false},"featured_media":5639,"template":"","meta":{"_acf_changed":false},"product_brand":[],"product_cat":[20],"product_tag":[],"class_list":{"0":"post-5640","1":"product","2":"type-product","3":"status-publish","4":"has-post-thumbnail","6":"product_cat-be-vua-hoc-vua-choi","8":"first","9":"outofstock","10":"taxable","11":"shipping-taxable","12":"purchasable","13":"product-type-simple"},"supplier_id":null,"supplier_sku":"","barcode":null,"atum_controlled":true,"out_stock_date":"2021-08-22 17:36:47","out_stock_threshold":null,"inheritable":false,"inbound_stock":0,"stock_on_hold":0,"sold_today":0,"sales_last_days":0,"reserved_stock":0,"customer_returns":0,"warehouse_damage":0,"lost_in_post":0,"other_logs":0,"out_stock_days":1620,"lost_sales":0,"has_location":false,"update_date":"2026-01-28T23:10:38","atum_locations":[],"atum_stock_status":"outofstock","restock_status":false,"low_stock_amount":"","sales_update_date":"2026-01-28T23:10:38","calc_backorders":null,"acf":{"publisher":{"ID":1424,"post_author":"1","post_date":"2021-02-17 00:02:29","post_date_gmt":"2021-02-16 22:02:29","post_content":"<!-- wp:flatsome\/uxbuilder -->\n<h1 style=\"text-align: center\"><strong>Nh\u00e3 Nam<\/strong><\/h1>\n[row]\n\n[col span=\"6\" span__sm=\"12\"]\n\n[ux_image id=\"1438\" image_size=\"medium\"]\n\n\n[\/col]\n[col span=\"6\" span__sm=\"12\"]\n\n<p><strong>C\u00f4ng ty c\u1ed5 ph\u1ea7n V\u0103n h\u00f3a v\u00e0 Truy\u1ec1n th\u00f4ng Nh\u00e3 Nam<\/strong><\/p>\n<p>Th\u00e1ng 2 n\u0103m 2005, Nh\u00e3 Nam, t\u00ean \u0111\u1ea7y \u0111\u1ee7 l\u00e0 C\u00f4ng ty C\u1ed5 ph\u1ea7n V\u0103n h\u00f3a v\u00e0 Truy\u1ec1n th\u00f4ng Nh\u00e3 Nam \u0111\u00e3 gia nh\u1eadp th\u1ecb tr\u01b0\u1eddng s\u00e1ch. T\u00e1c ph\u1ea9m \"Balzac v\u00e0 c\u00f4 b\u00e9 th\u1ee3 may Trung hoa\" c\u1ee7a \u0110\u1edbi T\u01b0 Ki\u1ec7t l\u00e0 cu\u1ed1n s\u00e1ch \u0111\u1ea7u ti\u00ean \u0111\u01b0\u1ee3c nh\u1eefng ng\u01b0\u1eddi s\u00e1ng l\u1eadp Nh\u00e3 Nam xu\u1ea5t b\u1ea3n c\u1ea3 tr\u01b0\u1edbc khi c\u00f4ng ty ra \u0111\u1eddi. Ngay l\u1eadp t\u1ee9c t\u1eeb cu\u1ed1n s\u00e1ch \u0111\u1ea7u ti\u00ean, \u0111\u1ed9c gi\u1ea3 \u0111\u00e3 d\u00e0nh s\u1ef1 quan t\u00e2m v\u00e0 y\u00eau m\u1ebfn cho m\u1ed9t th\u01b0\u01a1ng hi\u1ec7u s\u00e1ch m\u1edbi m\u1ebb mang trong m\u00ecnh kh\u00e1t v\u1ecdng g\u00f3p ph\u1ea7n t\u1ea1o l\u1eadp di\u1ec7n m\u1ea1o m\u1edbi cho xu\u1ea5t b\u1ea3n v\u0103n h\u1ecdc t\u1ea1i Vi\u1ec7t Nam.<\/p>\n<p>L\u00f2ng say m\u00ea c\u1ee7a \u0111\u1ed9i ng\u0169 l\u00e0 vi\u00ean \u0111\u00e1 \u0111\u1ea7u ti\u00ean. Tr\u1ea3i qua m\u1ea5y n\u0103m ph\u00e1t tri\u1ec3n, Nh\u00e3 Nam \u0111\u00e3 \u0111\u01b0\u1ee3c x\u00e2y d\u1ef1ng d\u1ea7n l\u00ean trong di\u1ec7n m\u1ea1o m\u1ed9t nh\u00e0 xu\u1ea5t b\u1ea3n v\u1eefng ch\u00e3i v\u00e0 chuy\u00ean nghi\u1ec7p. S\u00e1u th\u00e1ng sau khi th\u00e0nh l\u1eadp c\u00f4ng ty, Nh\u1eadt k\u00fd \u0110\u1eb7ng Th\u00f9y Tr\u00e2m ra \u0111\u1eddi, t\u1ea1o n\u00ean m\u1ed9t c\u01a1n s\u1ed1t trong x\u00e3 h\u1ed9i, v\u1edbi g\u1ea7n 500,000 b\u1ea3n s\u00e1ch \u0111\u01b0\u1ee3c ph\u00e1t h\u00e0nh, ph\u00e1 m\u1ecdi k\u1ef7 l\u1ee5c v\u1ec1 xu\u1ea5t b\u1ea3n tr\u01b0\u1edbc \u0111\u00f3, k\u00e9o theo m\u1ed9t lo\u1ea1t nh\u1eefng hi\u1ec7u \u1ee9ng x\u00e3 h\u1ed9i v\u00e0 d\u01b0 lu\u1eadn c\u00f3 \u00fd ngh\u0129a. T\u1eeb \u0111\u00f3 tr\u1edf \u0111i, th\u00f4ng qua Nh\u00e3 Nam, c\u00e1c cu\u1ed1n s\u00e1ch v\u0103n h\u1ecdc n\u01b0\u1edbc ngo\u00e0i c\u00f3 gi\u00e1 tr\u1ecb \u0111\u01b0\u1ee3c li\u00ean t\u1ee5c mua b\u1ea3n quy\u1ec1n v\u00e0 xu\u1ea5t b\u1ea3n t\u1ea1i Vi\u1ec7t Nam, thu h\u00fat nhi\u1ec1u t\u1ea7ng l\u1edbp \u0111\u1ed9c gi\u1ea3. S\u00e1ch c\u1ee7a Nh\u00e3 Nam n\u1ed5i b\u1eadt b\u1edfi n\u1ed9i dung v\u0103n h\u1ecdc tinh t\u1ebf, b\u1edfi v\u1ebb \u0111\u1eb9p c\u1ee7a thi\u1ebft k\u1ebf hi\u1ec7n \u0111\u1ea1i \u1edf h\u00ecnh th\u1ee9c, b\u1edfi s\u1ef1 ch\u0103m ch\u00fat k\u1ef9 l\u01b0\u1ee1ng cho m\u1ed7i cu\u1ed1n s\u00e1ch nh\u01b0 m\u1ed9t con thuy\u1ec1n mang t\u1edbi ni\u1ec1m vui, tri th\u1ee9c, ng\u1ea1c nhi\u00ean, v\u00e0 \u0111\u1ed3ng c\u1ea3m.<\/p>\n\n[\/col]\n\n[\/row]\n<p style=\"text-align: left\">Hi\u1ec3u th\u1eddi \u0111\u1ea1i \u0111ang s\u1ed1ng th\u00f4ng qua s\u00e1ch, song h\u00e0nh v\u1edbi nh\u1eefng bi\u1ebfn chuy\u1ec3n s\u00e2u s\u1eafc trong l\u00f2ng x\u00e3 h\u1ed9i b\u1eb1ng nh\u1eefng ho\u1ea1t \u0111\u1ed9ng xu\u1ea5t b\u1ea3n mi\u1ec7t m\u00e0i v\u00e0 qu\u1ea3 c\u1ea3m, con \u0111\u01b0\u1eddng Nh\u00e3 Nam \u0111\u00e3 ch\u1ecdn \u0111\u1ec3 \u0111i s\u1ebd c\u00f2n d\u00e0i. Nhi\u1ec1u kh\u00f3 kh\u0103n, th\u1eed th\u00e1ch \u0111ang \u1edf ph\u00eda tr\u01b0\u1edbc. B\u01b0\u1edbc qua th\u1eddi k\u1ef3 s\u01a1 khai v\u1edbi nh\u1eefng b\u00e0i h\u1ecdc v\u00e0 nh\u1eefng kinh nghi\u1ec7m \u0111\u1ea7u ti\u00ean, Nh\u00e3 Nam gi\u1edd \u0111\u00e3 s\u1eb5n s\u00e0ng cho m\u1ed9t ch\u1eb7ng \u0111\u01b0\u1eddng ph\u00e1t tri\u1ec3n m\u1edbi. V\u00e0 ch\u00fang t\u00f4i mu\u1ed1n ho\u00e0n thi\u1ec7n m\u00ecnh trong s\u1ef1 c\u1ea7u th\u1ecb v\u00e0 c\u1ea9n tr\u1ecdng. T\u1ea5t c\u1ea3 v\u00ec m\u1ed9t gia s\u1ea3n s\u00e1ch to l\u1edbn, c\u00f3 s\u1ee9c s\u1ed1ng d\u00e0i l\u00e2u, c\u00f3 \u00fd ngh\u0129a v\u1edbi nhi\u1ec1u th\u1ebf h\u1ec7 b\u1ea1n \u0111\u1ecdc.<br \/>B\u1edfi v\u00ec s\u00e1ch l\u00e0 th\u1ebf gi\u1edbi.<\/p>\n<p><strong>\u0110\u00e2y l\u00e0 m\u1ed9t nh\u00e0 ph\u00e1t h\u00e0nh s\u00e1ch m\u00e0 SACHVIET.EU r\u1ea5t y\u00eau th\u00edch v\u00e0 tin t\u01b0\u1edfng. Nh\u00ecn \u0111\u01b0\u1ee3c t\u1ea7m \u1ea3nh h\u01b0\u1edfng c\u1ee7a Nh\u00e3 Nam qua t\u1eebng cu\u1ed1n s\u00e1ch, SACHVIET.EU li\u00ean h\u1ec7 h\u1ee3p t\u00e1c ngay v\u1edbi Nh\u00e3 Nam \u0111\u1ec3 \u0111em to\u00e0n b\u1ed9 nh\u1eefng t\u00e1c ph\u1ea9m m\u1edbi, hay nh\u1ea5t m\u00e0 Nh\u00e3 Nam c\u00f3 sang Ch\u00e2u \u00c2u, \u0111\u01b0a \u0111\u1ebfn cho \u0111\u1ed9c gi\u1ea3 c\u00f3 nhi\u1ec1u s\u1ef1 l\u1ef1a ch\u1ecdn phong ph\u00fa h\u01a1n c\u1ea3 s\u00e1ch cho tr\u1ebb em l\u1eabn ng\u01b0\u1eddi l\u1edbn.\u00a0<\/strong><\/p>\n\n<!-- \/wp:flatsome\/uxbuilder -->","post_title":"Nh\u00e3 Nam","post_excerpt":"","post_status":"publish","comment_status":"closed","ping_status":"closed","post_password":"","post_name":"nha-nam","to_ping":"","pinged":"","post_modified":"2022-12-19 23:15:33","post_modified_gmt":"2022-12-19 21:15:33","post_content_filtered":"","post_parent":0,"guid":"https:\/\/sachviet.eu\/?post_type=publisher&#038;p=1424","menu_order":0,"post_type":"publisher","post_mime_type":"","comment_count":"0","filter":"raw"}},"_links":{"self":[{"href":"https:\/\/sachviet.eu\/en\/wp-json\/wp\/v2\/product\/5640","targetHints":{"allow":["GET"]}}],"collection":[{"href":"https:\/\/sachviet.eu\/en\/wp-json\/wp\/v2\/product"}],"about":[{"href":"https:\/\/sachviet.eu\/en\/wp-json\/wp\/v2\/types\/product"}],"wp:featuredmedia":[{"embeddable":true,"href":"https:\/\/sachviet.eu\/en\/wp-json\/wp\/v2\/media\/5639"}],"wp:attachment":[{"href":"https:\/\/sachviet.eu\/en\/wp-json\/wp\/v2\/media?parent=5640"}],"wp:term":[{"taxonomy":"product_brand","embeddable":true,"href":"https:\/\/sachviet.eu\/en\/wp-json\/wp\/v2\/product_brand?post=5640"},{"taxonomy":"product_cat","embeddable":true,"href":"https:\/\/sachviet.eu\/en\/wp-json\/wp\/v2\/product_cat?post=5640"},{"taxonomy":"product_tag","embeddable":true,"href":"https:\/\/sachviet.eu\/en\/wp-json\/wp\/v2\/product_tag?post=5640"}],"curies":[{"name":"wp","href":"https:\/\/api.w.org\/{rel}","templated":true}]}}