{"id":5422,"date":"2021-03-12T13:44:11","date_gmt":"2021-03-12T11:44:11","guid":{"rendered":"https:\/\/sachviet.eu\/shop\/tim-hieu-ve-khung-long\/"},"modified":"2021-03-23T01:14:18","modified_gmt":"2021-03-22T23:14:18","slug":"tim-hieu-ve-khung-long","status":"publish","type":"product","link":"https:\/\/sachviet.eu\/en\/shop\/tim-hieu-ve-khung-long\/","title":{"rendered":"T\u00ecm Hi\u1ec3u V\u1ec1 Kh\u1ee7ng Long"},"content":{"rendered":"<p>H\u01a1n 200 tri\u1ec7u n\u0103m tr\u01b0\u1edbc, khi con ng\u01b0\u1eddi c\u00f2n ch\u01b0a xu\u1ea5t hi\u1ec7n tr\u00ean h\u00e0nh tinh xanh n\u00e0y, m\u1eb7t \u0111\u1ea5t \u0111\u00e3 rung chuy\u1ec3n d\u01b0\u1edbi nh\u1eefng b\u01b0\u1edbc ch\u00e2n n\u1eb7ng n\u1ec1 c\u1ee7a c\u00e1c lo\u00e0i kh\u1ee7ng long to l\u1edbn, c\u00f2n cao cao tr\u00ean b\u1ea7u tr\u1eddi, nh\u1eefng lo\u00e0i th\u1eb1n l\u1eb1n bay \u0111ang s\u1ea3i c\u00e1nh, trong khi \u0111\u00f3, b\u00f2 s\u00e1t bi\u1ec1n l\u00e0 vua d\u01b0\u1edbi l\u00f2ng \u0111\u1ea1i d\u01b0\u01a1ng.<\/p>\n<p>Trong cu\u1ed9c \u0111\u1ea5u tay \u0111\u00f4i, kh\u1ee7ng long \u0103n c\u1ecf Stegosaurus c\u00f3 v\u0169 kh\u00ed v\u00e0 b\u00ed quy\u1ebft g\u00ec \u0111\u1ec3 c\u00f3 th\u1ec3 \u0111\u00e1nh b\u1ea1i kh\u1ee7ng long \u0103n th\u1ecbt Allosaurus?<\/p>\n<p>Lo\u00e0i kh\u1ee7ng long n\u00e0o \u0111\u01b0\u1ee3c coi l\u00e0 th\u00f4ng minh nh\u1ea5t?<\/p>\n<p>N\u1ed9i dung s\u00e1ch \u0111\u01b0\u1ee3c tr\u00ecnh b\u00e0y ng\u1eafn g\u1ecdn v\u00e0 h\u1ebft s\u1ee9c khoa h\u1ecdc, t\u1eadp trung v\u00e0o nh\u1eefng \u0111i\u1ec3m n\u1ec1n t\u1ea3ng tr\u1ecdng y\u1ebft, gi\u00fap \u0111\u1ed9c gi\u1ea3 d\u1ec5 d\u00e0ng n\u1eafm b\u1eaft. M\u1ee5c b\u1ea1n c\u00f3 bi\u1ebft cung c\u1ea5p th\u00eam nh\u1eefng th\u00f4ng tin th\u00fa v\u1ecb v\u00e0 \u1ea5n t\u01b0\u1ee3ng, c\u00f3 li\u00ean quan \u0111\u1ebfn ch\u1ee7 \u0111\u1ec1. H\u00ecnh v\u1ebd minh h\u1ecda m\u00e0u sinh \u0111\u1ed9ng, cu\u1ed1n h\u00fat c\u0169ng l\u00e0 \u0111i\u1ec1u t\u1ea1o n\u00ean s\u1ee9c h\u1ea5p d\u1eabn cho cu\u1ed1n s\u00e1ch.<\/p>\n","protected":false},"excerpt":{"rendered":"<p>H\u01a1n 200 tri\u1ec7u n\u0103m tr\u01b0\u1edbc, khi con ng\u01b0\u1eddi c\u00f2n ch\u01b0a xu\u1ea5t hi\u1ec7n tr\u00ean h\u00e0nh tinh xanh n\u00e0y, m\u1eb7t \u0111\u1ea5t \u0111\u00e3 rung chuy\u1ec3n d\u01b0\u1edbi nh\u1eefng b\u01b0\u1edbc ch\u00e2n n\u1eb7ng n\u1ec1 c\u1ee7a c\u00e1c lo\u00e0i kh\u1ee7ng long to l\u1edbn, c\u00f2n cao cao tr\u00ean b\u1ea7u tr\u1eddi, nh\u1eefng lo\u00e0i th\u1eb1n l\u1eb1n bay \u0111ang s\u1ea3i c\u00e1nh, trong khi \u0111\u00f3, b\u00f2 s\u00e1t bi\u1ec1n l\u00e0 vua d\u01b0\u1edbi l\u00f2ng \u0111\u1ea1i d\u01b0\u01a1ng.<\/p>\n<p>Trong cu\u1ed9c \u0111\u1ea5u tay \u0111\u00f4i, kh\u1ee7ng long \u0103n c\u1ecf Stegosaurus c\u00f3 v\u0169 kh\u00ed v\u00e0 b\u00ed quy\u1ebft g\u00ec \u0111\u1ec3 c\u00f3 th\u1ec3 \u0111\u00e1nh b\u1ea1i kh\u1ee7ng long \u0103n th\u1ecbt Allosaurus?<\/p>\n<p>Lo\u00e0i kh\u1ee7ng long n\u00e0o \u0111\u01b0\u1ee3c coi l\u00e0 th\u00f4ng minh nh\u1ea5t?<\/p>\n<p>N\u1ed9i dung s\u00e1ch \u0111\u01b0\u1ee3c tr\u00ecnh b\u00e0y ng\u1eafn g\u1ecdn v\u00e0 h\u1ebft s\u1ee9c khoa h\u1ecdc, t\u1eadp trung v\u00e0o nh\u1eefng \u0111i\u1ec3m n\u1ec1n t\u1ea3ng tr\u1ecdng y\u1ebft, gi\u00fap \u0111\u1ed9c gi\u1ea3 d\u1ec5 d\u00e0ng n\u1eafm b\u1eaft. M\u1ee5c b\u1ea1n c\u00f3 bi\u1ebft cung c\u1ea5p th\u00eam nh\u1eefng th\u00f4ng tin th\u00fa v\u1ecb v\u00e0 \u1ea5n t\u01b0\u1ee3ng, c\u00f3 li\u00ean quan \u0111\u1ebfn ch\u1ee7 \u0111\u1ec1. H\u00ecnh v\u1ebd minh h\u1ecda m\u00e0u sinh \u0111\u1ed9ng, cu\u1ed1n h\u00fat c\u0169ng l\u00e0 \u0111i\u1ec1u t\u1ea1o n\u00ean s\u1ee9c h\u1ea5p d\u1eabn cho cu\u1ed1n s\u00e1ch.<\/p>\n","protected":false},"featured_media":5407,"template":"","meta":{"_acf_changed":false},"product_brand":[],"product_cat":[24,25,17,26],"product_tag":[],"class_list":{"0":"post-5422","1":"product","2":"type-product","3":"status-publish","4":"has-post-thumbnail","6":"product_cat-nha-tre-mau-giao-0-tuoi-6-tuoi","7":"product_cat-nhi-dong-6-tuoi-12-tuoi","8":"product_cat-sach-danh-cho-cac-be","9":"product_cat-thieu-nien-11-tuoi-18-tuoi","11":"first","12":"outofstock","13":"taxable","14":"shipping-taxable","15":"purchasable","16":"product-type-simple"},"supplier_id":null,"supplier_sku":"","barcode":null,"atum_controlled":true,"out_stock_date":"2021-03-12 11:44:12","out_stock_threshold":null,"inheritable":false,"inbound_stock":0,"stock_on_hold":0,"sold_today":0,"sales_last_days":0,"reserved_stock":0,"customer_returns":0,"warehouse_damage":0,"lost_in_post":0,"other_logs":0,"out_stock_days":1783,"lost_sales":0,"has_location":false,"update_date":"2026-01-28T23:10:37","atum_locations":[],"atum_stock_status":"outofstock","restock_status":false,"low_stock_amount":"","sales_update_date":"2026-01-28T23:10:37","calc_backorders":null,"acf":{"publisher":{"ID":3121,"post_author":"1","post_date":"2021-02-27 00:40:03","post_date_gmt":"2021-02-26 22:40:03","post_content":"","post_title":"T\u00e2n Vi\u1ec7t","post_excerpt":"","post_status":"publish","comment_status":"closed","ping_status":"closed","post_password":"","post_name":"tan-viet","to_ping":"","pinged":"","post_modified":"2021-02-27 00:40:03","post_modified_gmt":"2021-02-26 22:40:03","post_content_filtered":"","post_parent":0,"guid":"https:\/\/sachviet.eu\/nha-phat-hanh\/tan-viet\/","menu_order":0,"post_type":"publisher","post_mime_type":"","comment_count":"0","filter":"raw"}},"_links":{"self":[{"href":"https:\/\/sachviet.eu\/en\/wp-json\/wp\/v2\/product\/5422","targetHints":{"allow":["GET"]}}],"collection":[{"href":"https:\/\/sachviet.eu\/en\/wp-json\/wp\/v2\/product"}],"about":[{"href":"https:\/\/sachviet.eu\/en\/wp-json\/wp\/v2\/types\/product"}],"wp:featuredmedia":[{"embeddable":true,"href":"https:\/\/sachviet.eu\/en\/wp-json\/wp\/v2\/media\/5407"}],"wp:attachment":[{"href":"https:\/\/sachviet.eu\/en\/wp-json\/wp\/v2\/media?parent=5422"}],"wp:term":[{"taxonomy":"product_brand","embeddable":true,"href":"https:\/\/sachviet.eu\/en\/wp-json\/wp\/v2\/product_brand?post=5422"},{"taxonomy":"product_cat","embeddable":true,"href":"https:\/\/sachviet.eu\/en\/wp-json\/wp\/v2\/product_cat?post=5422"},{"taxonomy":"product_tag","embeddable":true,"href":"https:\/\/sachviet.eu\/en\/wp-json\/wp\/v2\/product_tag?post=5422"}],"curies":[{"name":"wp","href":"https:\/\/api.w.org\/{rel}","templated":true}]}}