{"id":5390,"date":"2021-03-12T00:26:48","date_gmt":"2021-03-11T22:26:48","guid":{"rendered":"https:\/\/sachviet.eu\/shop\/mien-tay-la-lam-a-nghen\/"},"modified":"2021-05-02T15:43:41","modified_gmt":"2021-05-02T12:43:41","slug":"mien-tay-la-lam-a-nghen","status":"publish","type":"product","link":"https:\/\/sachviet.eu\/en\/shop\/mien-tay-la-lam-a-nghen\/","title":{"rendered":"Mi\u1ec1n T\u00e2y l\u1ea1 l\u1eafm \u00e0 nghen"},"content":{"rendered":"<p>Mi\u1ec1n T\u00e2y Nam B\u1ed9 l\u00e0 v\u00f9ng \u0111\u1ea5t \u0111\u1eb7c bi\u1ec7t c\u1ee7a \u0111\u1ea5t n\u01b0\u1edbc ch\u00fang ta. D\u00f9 sinh ra ngay t\u1ea1i n\u01a1i \u0111\u00e2y hay l\u1ea7n \u0111\u1ea7u m\u1edbi t\u1edbi, th\u00ec c\u1ea3m gi\u00e1c th\u00e2n th\u01b0\u01a1ng lu\u00f4n l\u00e0 d\u1ea5u \u1ea5n \u0111\u1ea7u ti\u00ean khi nh\u1eafc \u0111\u1ebfn t\u1eeb \u201cmi\u1ec1n T\u00e2y\u201d. Ch\u00ednh v\u00ec th\u00e2n th\u01b0\u01a1ng, n\u00ean ta mau ch\u00f3ng mu\u1ed1n hi\u1ec3u r\u00f5 l\u1eddi \u0103n ti\u1ebfng n\u00f3i, n\u1eafm b\u1eaft \u00fd ngh\u0129a, s\u1eafc th\u00e1i bi\u1ec3u \u0111\u1ea1t trong ng\u00f4n ng\u1eef c\u1ee7a ng\u01b0\u1eddi d\u00e2n n\u01a1i n\u00e0y.<\/p>\n<p>C\u00f3 r\u1ea5t nhi\u1ec1u t\u1eeb hay, t\u1eeb l\u1ea1 c\u1ee7a ng\u01b0\u1eddi mi\u1ec1n T\u00e2y \u0111ang d\u1ea7n tr\u1edf n\u00ean ph\u1ed5 bi\u1ebfn, \u0111\u01b0\u1ee3c s\u1eed d\u1ee5ng \u1edf kh\u1eafp m\u1ecdi mi\u1ec1n \u0111\u1ea5t n\u01b0\u1edbc. T\u00ecm hi\u1ec3u v\u0103n h\u00f3a th\u00f4ng qua ng\u00f4n ng\u1eef l\u00e0 con \u0111\u01b0\u1eddng v\u00f4 c\u00f9ng h\u1ea5p d\u1eabn. H\u00e3y c\u00f9ng nhau b\u00f3c t\u00e1ch t\u1eebng l\u1edbp v\u1ecf ch\u1eef ngh\u0129a c\u1ee7a nh\u1eefng t\u1eeb th\u00e2n thu\u1ed9c nh\u1ee9t, \u0111\u1ec3 t\u1eeb \u0111\u00f3, hi\u1ec3u th\u00eam n\u00e9t \u0111\u1eb9p v\u0103n h\u00f3a, t\u00ednh c\u00e1ch c\u1ee7a con ng\u01b0\u1eddi trong Mi\u1ec1n T\u00e2y l\u1ea1 l\u1eafm \u00e0 nghen.<\/p>\n<p>Ch\u1eafc C\u00e0 \u0110ao, H\u00f3c B\u00e0 T\u00f3 c\u00f3 thi\u1ec7t hay kh\u00f4ng?<\/p>\n<p>V\u00ec \u0111\u00e2u ng\u01b0\u1eddi ta l\u1ea1i k\u00eau B\u1eb9o h\u00ecnh b\u1eb9o d\u1ea1ng?<\/p>\n<p>X\u00e0i b\u00e1 ch\u00e1y, n\u1ed5 banh sao cho s\u00e0nh \u0111i\u1ec7u?<\/p>\n<p>V\u00e0 c\u00f2n r\u1ea5t nhi\u1ec1u t\u1eeb hay t\u1eeb l\u1ea1 \u0111\u1ec3 b\u1ea1n b\u1eadt c\u01b0\u1eddi, t\u00f2 m\u00f2 v\u00e0 h\u1ee9ng th\u00fa t\u00ecm bi\u1ebft th\u00eam n\u1eefa.<\/p>\n<p>Th\u00f4ng tin v\u1ec1 t\u00e1c gi\u1ea3<\/p>\n<p>Tr\u01b0\u01a1ng Ch\u00ed H\u00f9ng<\/p>\n<p>Sinh n\u0103m 1985 t\u1ea1i An Giang.<\/p>\n<p>Hi\u1ec7n l\u00e0 gi\u1ea3ng vi\u00ean khoa S\u01b0 ph\u1ea1m, tr\u01b0\u1eddng \u0110\u1ea1i h\u1ecdc An Giang.<\/p>\n<p>Gi\u1ea3i nh\u1ea5t Cu\u1ed9c thi B\u00fat k\u00fd v\u0103n h\u1ecdc khu v\u1ef1c \u0110\u1ed3ng b\u1eb1ng s\u00f4ng C\u1eedu Long l\u1ea7n VII, n\u0103m 2017.<\/p>\n","protected":false},"excerpt":{"rendered":"<p>Mi\u1ec1n T\u00e2y Nam B\u1ed9 l\u00e0 v\u00f9ng \u0111\u1ea5t \u0111\u1eb7c bi\u1ec7t c\u1ee7a \u0111\u1ea5t n\u01b0\u1edbc ch\u00fang ta. D\u00f9 sinh ra ngay t\u1ea1i n\u01a1i \u0111\u00e2y hay l\u1ea7n \u0111\u1ea7u m\u1edbi t\u1edbi, th\u00ec c\u1ea3m gi\u00e1c th\u00e2n th\u01b0\u01a1ng lu\u00f4n l\u00e0 d\u1ea5u \u1ea5n \u0111\u1ea7u ti\u00ean khi nh\u1eafc \u0111\u1ebfn t\u1eeb \u201cmi\u1ec1n T\u00e2y\u201d. Ch\u00ednh v\u00ec th\u00e2n th\u01b0\u01a1ng, n\u00ean ta mau ch\u00f3ng mu\u1ed1n hi\u1ec3u r\u00f5 l\u1eddi \u0103n ti\u1ebfng n\u00f3i, n\u1eafm b\u1eaft \u00fd ngh\u0129a, s\u1eafc th\u00e1i bi\u1ec3u \u0111\u1ea1t trong ng\u00f4n ng\u1eef c\u1ee7a ng\u01b0\u1eddi d\u00e2n n\u01a1i n\u00e0y.<\/p>\n<p>C\u00f3 r\u1ea5t nhi\u1ec1u t\u1eeb hay, t\u1eeb l\u1ea1 c\u1ee7a ng\u01b0\u1eddi mi\u1ec1n T\u00e2y \u0111ang d\u1ea7n tr\u1edf n\u00ean ph\u1ed5 bi\u1ebfn, \u0111\u01b0\u1ee3c s\u1eed d\u1ee5ng \u1edf kh\u1eafp m\u1ecdi mi\u1ec1n \u0111\u1ea5t n\u01b0\u1edbc. T\u00ecm hi\u1ec3u v\u0103n h\u00f3a th\u00f4ng qua ng\u00f4n ng\u1eef l\u00e0 con \u0111\u01b0\u1eddng v\u00f4 c\u00f9ng h\u1ea5p d\u1eabn. H\u00e3y c\u00f9ng nhau b\u00f3c t\u00e1ch t\u1eebng l\u1edbp v\u1ecf ch\u1eef ngh\u0129a c\u1ee7a nh\u1eefng t\u1eeb th\u00e2n thu\u1ed9c nh\u1ee9t, \u0111\u1ec3 t\u1eeb \u0111\u00f3, hi\u1ec3u th\u00eam n\u00e9t \u0111\u1eb9p v\u0103n h\u00f3a, t\u00ednh c\u00e1ch c\u1ee7a con ng\u01b0\u1eddi trong Mi\u1ec1n T\u00e2y l\u1ea1 l\u1eafm \u00e0 nghen.<\/p>\n<p>Ch\u1eafc C\u00e0 \u0110ao, H\u00f3c B\u00e0 T\u00f3 c\u00f3 thi\u1ec7t hay kh\u00f4ng?<\/p>\n<p>V\u00ec \u0111\u00e2u ng\u01b0\u1eddi ta l\u1ea1i k\u00eau B\u1eb9o h\u00ecnh b\u1eb9o d\u1ea1ng?<\/p>\n<p>X\u00e0i b\u00e1 ch\u00e1y, n\u1ed5 banh sao cho s\u00e0nh \u0111i\u1ec7u?<\/p>\n<p>V\u00e0 c\u00f2n r\u1ea5t nhi\u1ec1u t\u1eeb hay t\u1eeb l\u1ea1 \u0111\u1ec3 b\u1ea1n b\u1eadt c\u01b0\u1eddi, t\u00f2 m\u00f2 v\u00e0 h\u1ee9ng th\u00fa t\u00ecm bi\u1ebft th\u00eam n\u1eefa.<\/p>\n","protected":false},"featured_media":5388,"template":"","meta":{"_acf_changed":false},"product_brand":[],"product_cat":[15,47],"product_tag":[],"class_list":{"0":"post-5390","1":"product","2":"type-product","3":"status-publish","4":"has-post-thumbnail","6":"product_cat-sach-danh-cho-nguoi-lon","7":"product_cat-truyen-ngan-tan-van","9":"first","10":"outofstock","11":"taxable","12":"shipping-taxable","13":"purchasable","14":"product-type-simple"},"supplier_id":null,"supplier_sku":"","barcode":null,"atum_controlled":true,"out_stock_date":"2021-05-02 12:43:41","out_stock_threshold":null,"inheritable":false,"inbound_stock":0,"stock_on_hold":0,"sold_today":0,"sales_last_days":0,"reserved_stock":0,"customer_returns":0,"warehouse_damage":0,"lost_in_post":0,"other_logs":0,"out_stock_days":1732,"lost_sales":0,"has_location":false,"update_date":"2026-01-28T23:10:37","atum_locations":[],"atum_stock_status":"outofstock","restock_status":false,"low_stock_amount":"","sales_update_date":"2026-01-28T23:10:37","calc_backorders":null,"acf":{"publisher":{"ID":1454,"post_author":"1","post_date":"2021-02-17 01:11:34","post_date_gmt":"2021-02-16 23:11:34","post_content":"<!-- wp:flatsome\/uxbuilder -->\n<h1 style=\"text-align: center;\"><strong>Kim \u0110\u1ed3ng<\/strong><\/h1>\n[row]\n\n[col span=\"3\" span__sm=\"12\"]\n\n[ux_image id=\"1534\" image_size=\"medium\"]\n\n\n[\/col]\n[col span=\"9\" span__sm=\"12\"]\n\n<p>Nh\u00e0 xu\u1ea5t b\u1ea3n Kim \u0110\u1ed3ng tr\u1ef1c thu\u1ed9c Trung \u01b0\u01a1ng \u0110o\u00e0n TNCS H\u1ed3 Ch\u00ed Minh l\u00e0 Nh\u00e0 xu\u1ea5t b\u1ea3n t\u1ed5ng h\u1ee3p c\u00f3 ch\u1ee9c n\u0103ng xu\u1ea5t b\u1ea3n s\u00e1ch v\u00e0 v\u0103n h\u00f3a ph\u1ea9m ph\u1ee5c v\u1ee5 thi\u1ebfu nhi v\u00e0 c\u00e1c b\u1eadc ph\u1ee5 huynh trong c\u1ea3 n\u01b0\u1edbc, qu\u1ea3ng b\u00e1 v\u00e0 gi\u1edbi thi\u1ec7u v\u0103n h\u00f3a Vi\u1ec7t Nam ra th\u1ebf gi\u1edbi.<br \/>Nh\u00e0 xu\u1ea5t b\u1ea3n c\u00f3 nhi\u1ec7m v\u1ee5 t\u1ed5 ch\u1ee9c b\u1ea3n th\u1ea3o, bi\u00ean so\u1ea1n, bi\u00ean d\u1ecbch, xu\u1ea5t b\u1ea3n v\u00e0 ph\u00e1t h\u00e0nh c\u00e1c xu\u1ea5t b\u1ea3n ph\u1ea9m c\u00f3 n\u1ed9i dung: gi\u00e1o d\u1ee5c truy\u1ec1n th\u1ed1ng d\u00e2n t\u1ed9c, gi\u00e1o d\u1ee5c v\u1ec1 tri th\u1ee9c, ki\u1ebfn th\u1ee9c\u2026 tr\u00ean c\u00e1c l\u0129nh v\u1ef1c v\u0103n h\u1ecdc, ngh\u1ec7 thu\u1eadt, khoa h\u1ecdc k\u1ef9 thu\u1eadt nh\u1eb1m cung c\u1ea5p cho c\u00e1c em thi\u1ebfu nhi c\u0169ng nh\u01b0 c\u00e1c b\u1eadc ph\u1ee5 huynh c\u00e1c ki\u1ebfn th\u1ee9c c\u1ea7n thi\u1ebft trong cu\u1ed9c s\u1ed1ng, nh\u1eefng tinh hoa c\u1ee7a tri th\u1ee9c nh\u00e2n lo\u1ea1i nh\u1eb1m g\u00f3p ph\u1ea7n gi\u00e1o d\u1ee5c v\u00e0 h\u00ecnh th\u00e0nh nh\u00e2n c\u00e1ch th\u1ebf h\u1ec7 tr\u1ebb.<br \/>\u0110\u1ed1i t\u01b0\u1ee3ng ph\u1ee5c v\u1ee5 c\u1ee7a Nh\u00e0 xu\u1ea5t b\u1ea3n l\u00e0 c\u00e1c em t\u1eeb tu\u1ed5i nh\u00e0 tr\u1ebb m\u1eabu gi\u00e1o (1 \u0111\u1ebfn 5 tu\u1ed5i), nhi \u0111\u1ed3ng (6 \u0111\u1ebfn 9 tu\u1ed5i), thi\u1ebfu ni\u00ean (10 \u0111\u1ebfn 15 tu\u1ed5i) \u0111\u1ebfn c\u00e1c em tu\u1ed5i m\u1edbi l\u1edbn (16 \u0111\u1ebfn 18 tu\u1ed5i) v\u00e0 c\u00e1c b\u1eadc ph\u1ee5 huynh.<\/p>\n\n[\/col]\n\n[\/row]\n\n<!-- \/wp:flatsome\/uxbuilder -->","post_title":"Kim \u0110\u1ed3ng","post_excerpt":"","post_status":"publish","comment_status":"closed","ping_status":"closed","post_password":"","post_name":"kim-dong","to_ping":"","pinged":"","post_modified":"2021-02-17 01:31:56","post_modified_gmt":"2021-02-16 23:31:56","post_content_filtered":"","post_parent":0,"guid":"https:\/\/sachviet.eu\/nha-phat-hanh\/kim-dong\/","menu_order":0,"post_type":"publisher","post_mime_type":"","comment_count":"0","filter":"raw"}},"_links":{"self":[{"href":"https:\/\/sachviet.eu\/en\/wp-json\/wp\/v2\/product\/5390","targetHints":{"allow":["GET"]}}],"collection":[{"href":"https:\/\/sachviet.eu\/en\/wp-json\/wp\/v2\/product"}],"about":[{"href":"https:\/\/sachviet.eu\/en\/wp-json\/wp\/v2\/types\/product"}],"wp:featuredmedia":[{"embeddable":true,"href":"https:\/\/sachviet.eu\/en\/wp-json\/wp\/v2\/media\/5388"}],"wp:attachment":[{"href":"https:\/\/sachviet.eu\/en\/wp-json\/wp\/v2\/media?parent=5390"}],"wp:term":[{"taxonomy":"product_brand","embeddable":true,"href":"https:\/\/sachviet.eu\/en\/wp-json\/wp\/v2\/product_brand?post=5390"},{"taxonomy":"product_cat","embeddable":true,"href":"https:\/\/sachviet.eu\/en\/wp-json\/wp\/v2\/product_cat?post=5390"},{"taxonomy":"product_tag","embeddable":true,"href":"https:\/\/sachviet.eu\/en\/wp-json\/wp\/v2\/product_tag?post=5390"}],"curies":[{"name":"wp","href":"https:\/\/api.w.org\/{rel}","templated":true}]}}