{"id":5359,"date":"2021-03-12T00:25:45","date_gmt":"2021-03-11T22:25:45","guid":{"rendered":"https:\/\/sachviet.eu\/shop\/sach-chuyen-rung-bundle-4-quyen\/"},"modified":"2022-12-19T18:47:58","modified_gmt":"2022-12-19T16:47:58","slug":"sach-chuyen-rung-bundle-4-quyen","status":"publish","type":"product","link":"https:\/\/sachviet.eu\/en\/shop\/sach-chuyen-rung-bundle-4-quyen\/","title":{"rendered":"S\u00e1ch Chuy\u1ec7n R\u1eebng &#8211; Bundle 4 quy\u1ec3n"},"content":{"rendered":"<p>\u0110\u00e2y l\u00e0 m\u1ed9t x\u1ee9 s\u1edf l\u1ea1 l\u00f9ng c\u1ee7a nh\u1eefng c\u01b0 d\u00e2n tinh ngh\u1ecbch, c\u00e1c c\u1ee5 th\u1ea7n l\u00f9n l\u00e1u l\u1ec9nh, b\u00e1c kh\u1ed5ng l\u1ed3 hi\u1ec1n l\u00e0nh v\u00e0 c\u00e1c ti\u00ean n\u1eef t\u1ed1t b\u1ee5ng\u2026 T\u1ea5t c\u1ea3 c\u1ed9ng \u0111\u1ed3ng \u1ea5y t\u1ea1o n\u00ean m\u1ed9t th\u1ebf gi\u1edbi sinh \u0111\u1ed9ng v\u1edbi nh\u1eefng ti\u1ebfng c\u01b0\u1eddi h\u00e0i h\u01b0\u1edbc, d\u00ed d\u1ecfm v\u00e0 v\u00f4 v\u00e0n nh\u1eefng \u0111i\u1ec1u di\u1ec7u k\u00ec m\u00e0 ch\u1ec9 trong b\u1ed9 Chuy\u1ec7n r\u1eebng m\u1edbi c\u00f3.<\/p>\n<p>T\u1eadp truy\u1ec7n \u0111\u1ea7u ti\u00ean c\u1ee7a b\u1ed9 s\u00e1ch &#8211; C\u01b0 d\u00e2n c\u1ee7a r\u1eebng &#8211; k\u1ec3 v\u1ec1 cu\u1ed9c s\u1ed1ng n\u01a1i r\u1eebng xanh c\u1ee7a c\u00e1c b\u1ea1n Nh\u00edm, Chu\u1ed9t s\u00f3c, G\u00f5 ki\u1ebfn, H\u1ea3i ly, Ong ngh\u1ec7, Qu\u1ea1\u2026 v\u00e0 r\u1ea5t nhi\u1ec1u b\u1ea1n kh\u00e1c n\u1eefa. C\u00e1c b\u1ea1n c\u00f3 b\u1eefa ti\u1ec7c xu\u00e2n n\u00e0y, r\u1ed3i c\u00f3 cu\u1ed9c thi v\u1ecf \u0111\u1eadu n\u00e0y, r\u1ed3i \u0111\u00e0o b\u1ec3 b\u01a1i n\u1eefa nh\u00e9, l\u1ea1i c\u00f3 \u0111\u00e1m c\u01b0\u1edbi S\u00e1o \u0111en, th\u1ebf r\u1ed3i t\u1eeb m\u1ed9t chi\u1ebfc gu\u1ed1c kh\u1ed5ng l\u1ed3, c\u00e1c c\u01b0 d\u00e2n c\u1ee7a r\u1eebng l\u00e0m \u0111\u01b0\u1ee3c c\u1ea3 m\u1ed9t con t\u00e0u \u0111\u1ea5y. C\u00e1c b\u1ea1n \u0111\u1ec1u th\u00edch cu\u1ed9c s\u1ed1ng trong r\u1eebng, b\u1edfi v\u00ec b\u1ea1n n\u1ecd gi\u00fap \u0111\u1ee1 b\u1ea1n kia gi\u1ea3i quy\u1ebft \u0111\u1ee7 m\u1ecdi kh\u00f3 kh\u0103n r\u1eafc r\u1ed1i. Nh\u01b0ng hay nh\u1ea5t l\u00e0, b\u1ea5t k\u1ec3 l\u00e0m vi\u1ec7c g\u00ec, th\u00ec \u0111\u00f3 c\u0169ng l\u00e0 nh\u1eefng ph\u00fat gi\u00e2y tuy\u1ec7t v\u1eddi m\u00e0 c\u00e1c b\u1ea1n \u0111\u01b0\u1ee3c c\u00f9ng s\u1ed1ng v\u00e0 c\u00f9ng l\u00e0m vi\u1ec7c v\u1edbi nhau.<\/p>\n<p>Nh\u01b0ng r\u1ed3i, m\u1ed9t tr\u1eadn l\u1ee5t l\u1edbn \u0111\u00e3 khi\u1ebfn c\u00e1c c\u01b0 d\u00e2n ph\u1ea3i r\u1eddi b\u1ecf khu r\u1eebng, l\u1ea1c \u0111\u1ebfn n\u01a1i \u1edf c\u1ee7a c\u00e1c th\u1ea7n l\u00f9n. C\u00e2u chuy\u1ec7n \u0111\u01b0\u1ee3c k\u1ec3 l\u1ea1i trong t\u1eadp s\u00e1ch th\u1ee9 hai l\u00e0 Th\u1ea7n l\u00f9n. H\u00e0ng tr\u0103m n\u0103m r\u1ed3i, c\u00e1c th\u1ea7n l\u00f9n s\u1ed1ng \u1edf t\u00edt ng\u00f4i l\u00e0ng ph\u00eda ng\u1ecdn c\u00e2y cao trong r\u1eebng s\u00e2u, xa x\u00f4i c\u00e1ch bi\u1ec7t v\u1edbi nh\u1eefng ai sinh s\u1ed1ng \u1edf nh\u1eefng c\u00e1nh r\u1eebng kh\u00e1c. V\u00e0 tr\u1eadn l\u1ee5t l\u1edbn \u0111\u00e3 \u0111\u01b0a c\u00e1c c\u01b0 d\u00e2n c\u1ee7a r\u1eebng \u0111\u1ebfn ng\u00f4i l\u00e0ng n\u00e0y.<\/p>\n<p>T\u1eeb \u0111\u00f3, c\u00e1c c\u01b0 d\u00e2n c\u1ee7a r\u1eebng \u0111\u00e3 s\u1ed1ng qu\u00e2y qu\u1ea7n v\u1edbi c\u00e1c v\u1ecb th\u1ea7n l\u00f9n, c\u00f9ng nhau tr\u1ea3i qua bi\u1ebft bao chuy\u1ec7n th\u0103ng tr\u1ea7m, th\u00fa v\u1ecb. C\u00f3 chuy\u1ec7n c\u00e1c b\u00e1c R\u00f9a \u0111ua xe b\u1ed1n b\u00e1nh, chuy\u1ec7n c\u00f9ng bay tr\u00ean kh\u00ed c\u1ea7u v\u1edbi k\u1ebft c\u1ee5c th\u1ea3m h\u1ea1i, chuy\u1ec7n \u0111\u00f3ng t\u00e0u ng\u1ea7m \u0111\u1ec3 \u0111i t\u00ecm Ch\u00eca kh\u00f3a v\u00e0ng \u1edf t\u1eadn \u0111\u00e1y ao s\u00e2u, v\u00e0 c\u1ea3 chuy\u1ec7n c\u1ee9u h\u1ed9 c\u00e1c th\u1ea7n l\u00f9n b\u1ecb l\u1ea1c trong m\u1ed9t tr\u1eadn b\u00e3o tuy\u1ebft n\u1eefa&#8230;<\/p>\n<p>Cu\u1ed1n th\u1ee9 ba c\u1ee7a b\u1ed9 s\u00e1ch l\u00e0 Nh\u1eefng \u00f4ng kh\u1ed5ng l\u1ed3. Khi R\u00e2u \u0110\u1ecf t\u1edbi ng\u00f4i l\u00e0ng c\u1ee7a c\u00e1c th\u1ea7n l\u00f9n th\u00ec \u00f4ng \u0111ang b\u1ecb m\u1ed9t tr\u1eadn \u0111au r\u0103ng kinh h\u1ed3n. \u00d4ng s\u1ee3 l\u1eafm, nh\u01b0ng c\u1ee5 th\u1ea7n l\u00f9n nha s\u0129 l\u1ea1i h\u1ebft s\u1ee9c hi\u1ec1n h\u00f2a v\u00e0 \u0111\u00e3 ch\u1eefa r\u0103ng \u0111au cho \u00f4ng. \u00d4ng kh\u1ed5ng l\u1ed3 R\u00e2u \u0110\u1ecf t\u00ecm \u0111\u01b0\u1ee3c m\u1ed9t ch\u1ed7 \u1edf trong m\u1ed9t c\u00e1i hang to, ph\u1ea3i \u0111\u01b0\u01a1ng \u0111\u1ea7u ch\u1ed1ng l\u1ea1i m\u1ed9t con R\u1ed3ng kinh kh\u1ee7ng t\u1ea1i m\u1ed9t h\u1ed3 n\u01b0\u1edbc s\u00e2u, v\u00e0 do t\u00e1c \u0111\u1ed9ng c\u1ee7a chi\u1ebfc Nh\u1eabn th\u1ea7n k\u1ef3 m\u00e0 th\u00e2n th\u1ec3 nh\u1ecf l\u1ea1i b\u1eb1ng k\u00edch th\u01b0\u1edbc m\u1ed9t v\u1ecb th\u1ea7n l\u00f9n!<\/p>\n<p>Nh\u01b0ng r\u1ed3i c\u00e1c b\u1ea1n s\u1ebd th\u1ea5y, ch\u01b0a h\u1ebft \u0111\u00e2u, \u0111\u00f3 th\u1ef1c s\u1ef1 ch\u1ec9 m\u1edbi l\u00e0 v\u00e0i ba cu\u1ed9c phi\u00eau l\u01b0u m\u00e0 th\u00f4i!<\/p>\n<p>T\u1eadp cu\u1ed1i c\u00f9ng c\u1ee7a b\u1ed9 s\u00e1ch l\u00e0 Ti\u00ean n\u1eef. L\u00fac n\u00e0y, s\u00e1u n\u00e0ng ti\u00ean \u0111\u1eb9p nh\u1ea5t (Di\u00ean V\u0129, U\u1ea5t Kim H\u01b0\u01a1ng, T\u1ea7m Ma, Phong Lan, Tr\u00e1i M\u01a1 v\u00e0 Qu\u1ea3 Th\u00f4ng) c\u00f3 k\u00ec ngh\u1ec9 ng\u1eafn t\u1ea1i l\u00e0ng c\u00e1c c\u1ee5 th\u1ea7n l\u00f9n. Qu\u00e3ng th\u1eddi gian n\u00e0y \u0111\u00e3 di\u1ec5n ra v\u00f4 s\u1ed1 c\u00e2u chuy\u1ec7n th\u00fa v\u1ecb. \u0110\u00f3 l\u00e0 m\u00f3n c\u00e0-rem v\u00f4 c\u00f9ng ng\u1ecdt ng\u00e0o, h\u1ea5p d\u1eabn c\u1ee7a n\u00e0ng ti\u00ean b\u1ea7u b\u0129nh Tr\u00e1i M\u01a1, bu\u1ed5i h\u00f2a nh\u1ea1c \u0111\u1ed9c \u0111\u00e1o m\u1eebng sinh nh\u1eadt Ti\u00ean N\u1eef ho\u00e0ng. R\u1ed3i c\u00e2y \u0111\u0169a th\u1ea7n k\u1ef3 c\u1ee7a n\u00e0ng ti\u00ean Di\u1ec5n V\u0129 \u00e1o xanh \u0111\u00e3 g\u00e2y bi\u1ebft bao r\u1eafc r\u1ed1i khi th\u00eam cho c\u1eadu D\u1ebf m\u1ed9t chi\u1ebfc \u0111u\u00f4i hay t\u1eb7ng c\u00e1c ch\u1ecb Ki\u1ebfn nh\u1eefng chi\u1ebfc g\u00f9i, r\u1ed3i cho S\u00e2u r\u00f3m m\u1ed9t v\u00e1n tr\u01b0\u1ee3t \u0111\u1ec3 \u0111i th\u1eadt nhanh\u2026<\/p>\n<p>\u0110i\u1ec3m \u0111\u1eb7c bi\u1ec7t c\u1ee7a b\u1ed9 Chuy\u1ec7n r\u1eebng kh\u00f4ng ch\u1ec9 n\u1eb1m \u1edf b\u1ed1n c\u00e2u chuy\u1ec7n vui nh\u1ed9n, ly k\u1ef3, \u0111\u1eb7c s\u1eafc do t\u00e1c gi\u1ea3 Peter Holeinone vi\u1ebft l\u1eddi m\u00e0 c\u00f2n \u1edf nh\u1eefng minh h\u1ecda v\u00f4 c\u00f9ng s\u1ed1ng \u0111\u1ed9ng do h\u1ecda s\u0129 Tony Wolf v\u1ebd. Nh\u1eefng n\u00e9t v\u1ebd t\u01b0\u01a1i t\u1eafn, \u0111\u1ea7y m\u00e0u s\u1eafc s\u1ebd khi\u1ebfn c\u00e1c b\u1ea1n \u0111\u1ecdc nh\u1ecf h\u1ee9ng th\u00fa l\u1eadt gi\u1edf t\u1eebng trang s\u00e1ch, d\u00f5i theo nh\u1eefng chuy\u1ebfn phi\u00eau l\u01b0u c\u1ee7a c\u00e1c c\u01b0 d\u00e2n trong r\u1eebng, c\u00e1c v\u1ecb th\u1ea7n l\u00f9n hay \u00f4ng kh\u1ed5ng l\u1ed3 v\u00e0 c\u00e1c n\u00e0ng ti\u00ean.<\/p>\n<p>B\u1ed9 s\u00e1ch bao g\u1ed3m:<\/p>\n<p>1. C\u01b0 D\u00e2n C\u1ee7a R\u1eebng<\/p>\n<p>2. Th\u1ea7n L\u00f9n<\/p>\n<p>3. Nh\u1eefng \u00d4ng Kh\u1ed5ng L\u1ed3<\/p>\n<p>4. Ti\u00ean N\u1eef<\/p>\n","protected":false},"excerpt":{"rendered":"<p>\u0110\u00e2y l\u00e0 m\u1ed9t x\u1ee9 s\u1edf l\u1ea1 l\u00f9ng c\u1ee7a nh\u1eefng c\u01b0 d\u00e2n tinh ngh\u1ecbch, c\u00e1c c\u1ee5 th\u1ea7n l\u00f9n l\u00e1u l\u1ec9nh, b\u00e1c kh\u1ed5ng l\u1ed3 hi\u1ec1n l\u00e0nh v\u00e0 c\u00e1c ti\u00ean n\u1eef t\u1ed1t b\u1ee5ng\u2026 T\u1ea5t c\u1ea3 c\u1ed9ng \u0111\u1ed3ng \u1ea5y t\u1ea1o n\u00ean m\u1ed9t th\u1ebf gi\u1edbi sinh \u0111\u1ed9ng v\u1edbi nh\u1eefng ti\u1ebfng c\u01b0\u1eddi h\u00e0i h\u01b0\u1edbc, d\u00ed d\u1ecfm v\u00e0 v\u00f4 v\u00e0n nh\u1eefng \u0111i\u1ec1u di\u1ec7u k\u00ec m\u00e0 ch\u1ec9 trong b\u1ed9 Chuy\u1ec7n r\u1eebng m\u1edbi c\u00f3.<\/p>\n<p>T\u1eadp truy\u1ec7n \u0111\u1ea7u ti\u00ean c\u1ee7a b\u1ed9 s\u00e1ch &#8211; C\u01b0 d\u00e2n c\u1ee7a r\u1eebng &#8211; k\u1ec3 v\u1ec1 cu\u1ed9c s\u1ed1ng n\u01a1i r\u1eebng xanh c\u1ee7a c\u00e1c b\u1ea1n Nh\u00edm, Chu\u1ed9t s\u00f3c, G\u00f5 ki\u1ebfn, H\u1ea3i ly, Ong ngh\u1ec7, Qu\u1ea1\u2026 v\u00e0 r\u1ea5t nhi\u1ec1u b\u1ea1n kh\u00e1c n\u1eefa. C\u00e1c b\u1ea1n c\u00f3 b\u1eefa ti\u1ec7c xu\u00e2n n\u00e0y, r\u1ed3i c\u00f3 cu\u1ed9c thi v\u1ecf \u0111\u1eadu n\u00e0y, r\u1ed3i \u0111\u00e0o b\u1ec3 b\u01a1i n\u1eefa nh\u00e9, l\u1ea1i c\u00f3 \u0111\u00e1m c\u01b0\u1edbi S\u00e1o \u0111en, th\u1ebf r\u1ed3i t\u1eeb m\u1ed9t chi\u1ebfc gu\u1ed1c kh\u1ed5ng l\u1ed3, c\u00e1c c\u01b0 d\u00e2n c\u1ee7a r\u1eebng l\u00e0m \u0111\u01b0\u1ee3c c\u1ea3 m\u1ed9t con t\u00e0u \u0111\u1ea5y. C\u00e1c b\u1ea1n \u0111\u1ec1u th\u00edch cu\u1ed9c s\u1ed1ng trong r\u1eebng, b\u1edfi v\u00ec b\u1ea1n n\u1ecd gi\u00fap \u0111\u1ee1 b\u1ea1n kia gi\u1ea3i quy\u1ebft \u0111\u1ee7 m\u1ecdi kh\u00f3 kh\u0103n r\u1eafc r\u1ed1i. Nh\u01b0ng hay nh\u1ea5t l\u00e0, b\u1ea5t k\u1ec3 l\u00e0m vi\u1ec7c g\u00ec, th\u00ec \u0111\u00f3 c\u0169ng l\u00e0 nh\u1eefng ph\u00fat gi\u00e2y tuy\u1ec7t v\u1eddi m\u00e0 c\u00e1c b\u1ea1n \u0111\u01b0\u1ee3c c\u00f9ng s\u1ed1ng v\u00e0 c\u00f9ng l\u00e0m vi\u1ec7c v\u1edbi nhau.<\/p>\n<p>Nh\u01b0ng r\u1ed3i, m\u1ed9t tr\u1eadn l\u1ee5t l\u1edbn \u0111\u00e3 khi\u1ebfn c\u00e1c c\u01b0 d\u00e2n ph\u1ea3i r\u1eddi b\u1ecf khu r\u1eebng, l\u1ea1c \u0111\u1ebfn n\u01a1i \u1edf c\u1ee7a c\u00e1c th\u1ea7n l\u00f9n. C\u00e2u chuy\u1ec7n \u0111\u01b0\u1ee3c k\u1ec3 l\u1ea1i trong t\u1eadp s\u00e1ch th\u1ee9 hai l\u00e0 Th\u1ea7n l\u00f9n. H\u00e0ng tr\u0103m n\u0103m r\u1ed3i, c\u00e1c th\u1ea7n l\u00f9n s\u1ed1ng \u1edf t\u00edt ng\u00f4i l\u00e0ng ph\u00eda ng\u1ecdn c\u00e2y cao trong r\u1eebng s\u00e2u, xa x\u00f4i c\u00e1ch bi\u1ec7t v\u1edbi nh\u1eefng ai sinh s\u1ed1ng \u1edf nh\u1eefng c\u00e1nh r\u1eebng kh\u00e1c. V\u00e0 tr\u1eadn l\u1ee5t l\u1edbn \u0111\u00e3 \u0111\u01b0a c\u00e1c c\u01b0 d\u00e2n c\u1ee7a r\u1eebng \u0111\u1ebfn ng\u00f4i l\u00e0ng n\u00e0y.<\/p>\n<p>T\u1eeb \u0111\u00f3, c\u00e1c c\u01b0 d\u00e2n c\u1ee7a r\u1eebng \u0111\u00e3 s\u1ed1ng qu\u00e2y qu\u1ea7n v\u1edbi c\u00e1c v\u1ecb th\u1ea7n l\u00f9n, c\u00f9ng nhau tr\u1ea3i qua bi\u1ebft bao chuy\u1ec7n th\u0103ng tr\u1ea7m, th\u00fa v\u1ecb. C\u00f3 chuy\u1ec7n c\u00e1c b\u00e1c R\u00f9a \u0111ua xe b\u1ed1n b\u00e1nh, chuy\u1ec7n c\u00f9ng bay tr\u00ean kh\u00ed c\u1ea7u v\u1edbi k\u1ebft c\u1ee5c th\u1ea3m h\u1ea1i, chuy\u1ec7n \u0111\u00f3ng t\u00e0u ng\u1ea7m \u0111\u1ec3 \u0111i t\u00ecm Ch\u00eca kh\u00f3a v\u00e0ng \u1edf t\u1eadn \u0111\u00e1y ao s\u00e2u, v\u00e0 c\u1ea3 chuy\u1ec7n c\u1ee9u h\u1ed9 c\u00e1c th\u1ea7n l\u00f9n b\u1ecb l\u1ea1c trong m\u1ed9t tr\u1eadn b\u00e3o tuy\u1ebft n\u1eefa&#8230;<\/p>\n","protected":false},"featured_media":5353,"template":"","meta":{"_acf_changed":false},"product_brand":[],"product_cat":[25,17,26],"product_tag":[81],"class_list":{"0":"post-5359","1":"product","2":"type-product","3":"status-publish","4":"has-post-thumbnail","6":"product_cat-nhi-dong-6-tuoi-12-tuoi","7":"product_cat-sach-danh-cho-cac-be","8":"product_cat-thieu-nien-11-tuoi-18-tuoi","9":"product_tag-sach-gia-uu-dai","11":"first","12":"outofstock","13":"sale","14":"taxable","15":"shipping-taxable","16":"purchasable","17":"product-type-woosb"},"supplier_id":null,"supplier_sku":"","barcode":null,"atum_controlled":true,"out_stock_date":"2021-03-11 22:25:46","out_stock_threshold":null,"inheritable":false,"inbound_stock":null,"stock_on_hold":0,"sold_today":0,"sales_last_days":0,"reserved_stock":null,"customer_returns":null,"warehouse_damage":null,"lost_in_post":null,"other_logs":null,"out_stock_days":1784,"lost_sales":0,"has_location":false,"update_date":"2026-01-28T23:10:37","atum_locations":[],"atum_stock_status":"outofstock","restock_status":false,"low_stock_amount":"","sales_update_date":"2026-01-28T23:10:37","calc_backorders":null,"acf":{"publisher":{"ID":1544,"post_author":"1","post_date":"2021-02-17 01:24:05","post_date_gmt":"2021-02-16 23:24:05","post_content":"","post_title":"\u0110\u00f4ng A","post_excerpt":"","post_status":"publish","comment_status":"closed","ping_status":"closed","post_password":"","post_name":"dong-a","to_ping":"","pinged":"","post_modified":"2021-02-17 01:24:05","post_modified_gmt":"2021-02-16 23:24:05","post_content_filtered":"","post_parent":0,"guid":"https:\/\/sachviet.eu\/nha-phat-hanh\/dong-a\/","menu_order":0,"post_type":"publisher","post_mime_type":"","comment_count":"0","filter":"raw"}},"_links":{"self":[{"href":"https:\/\/sachviet.eu\/en\/wp-json\/wp\/v2\/product\/5359","targetHints":{"allow":["GET"]}}],"collection":[{"href":"https:\/\/sachviet.eu\/en\/wp-json\/wp\/v2\/product"}],"about":[{"href":"https:\/\/sachviet.eu\/en\/wp-json\/wp\/v2\/types\/product"}],"wp:featuredmedia":[{"embeddable":true,"href":"https:\/\/sachviet.eu\/en\/wp-json\/wp\/v2\/media\/5353"}],"wp:attachment":[{"href":"https:\/\/sachviet.eu\/en\/wp-json\/wp\/v2\/media?parent=5359"}],"wp:term":[{"taxonomy":"product_brand","embeddable":true,"href":"https:\/\/sachviet.eu\/en\/wp-json\/wp\/v2\/product_brand?post=5359"},{"taxonomy":"product_cat","embeddable":true,"href":"https:\/\/sachviet.eu\/en\/wp-json\/wp\/v2\/product_cat?post=5359"},{"taxonomy":"product_tag","embeddable":true,"href":"https:\/\/sachviet.eu\/en\/wp-json\/wp\/v2\/product_tag?post=5359"}],"curies":[{"name":"wp","href":"https:\/\/api.w.org\/{rel}","templated":true}]}}