{"id":5352,"date":"2021-03-12T00:25:29","date_gmt":"2021-03-11T22:25:29","guid":{"rendered":"https:\/\/sachviet.eu\/shop\/chuyen-rung-nhung-ong-khong-lo\/"},"modified":"2024-04-18T14:29:40","modified_gmt":"2024-04-18T11:29:40","slug":"chuyen-rung-nhung-ong-khong-lo","status":"publish","type":"product","link":"https:\/\/sachviet.eu\/en\/shop\/chuyen-rung-nhung-ong-khong-lo\/","title":{"rendered":"Chuy\u1ec7n r\u1eebng &#8211; Nh\u1eefng \u00f4ng kh\u1ed5ng l\u1ed3"},"content":{"rendered":"<p>Khi \u00f4ng kh\u1ed5ng l\u1ed3 R\u00e2u \u0110\u1ecf t\u1edbi ng\u00f4i l\u00e0ng c\u1ee7a c\u00e1c th\u1ea7n l\u00f9n th\u00ec \u00f4ng \u0111ang b\u1ecb m\u1ed9t tr\u1eadn \u0111au r\u0103ng kinh h\u1ed3n. \u00d4ng s\u1ee3 l\u1eafm, nh\u01b0ng c\u1ee5 th\u1ea7n l\u00f9n nha s\u0129 bi\u1ec7t hi\u1ec7u Th\u1eadp Gi\u00e1 l\u1ea1i h\u1ebft s\u1ee9c hi\u1ec1n h\u00f2a v\u00e0 \u0111\u00e3 ch\u1eefa r\u0103ng \u0111au cho \u00f4ng. Ti\u1ebfp theo, \u00f4ng kh\u1ed5ng l\u1ed3 R\u00e2u \u0110\u1ecf t\u00ecm \u0111\u01b0\u1ee3c m\u1ed9t ch\u1ed7 \u1edf trong m\u1ed9t c\u00e1i hang to, ph\u1ea3i \u0111\u01b0\u01a1ng \u0111\u1ea7u ch\u1ed1ng l\u1ea1i m\u1ed9t con R\u1ed3ng kinh kh\u1ee7ng t\u1ea1i m\u1ed9t h\u1ed3 n\u01b0\u1edbc s\u00e2u, v\u00e0 do t\u00e1c \u0111\u1ed9ng c\u1ee7a chi\u1ebfc Nh\u1eabn th\u1ea7n k\u1ef3 m\u00e0 th\u00e2n th\u1ec3 nh\u1ecf l\u1ea1i b\u1eb1ng k\u00edch th\u01b0\u1edbc m\u1ed9t v\u1ecb th\u1ea7n l\u00f9n!<\/p>\n<p>Nh\u01b0ng r\u1ed3i c\u00e1c b\u1ea1n s\u1ebd th\u1ea5y, ch\u01b0a h\u1ebft \u0111\u00e2u, \u0111\u00f3 th\u1ef1c s\u1ef1 ch\u1ec9 m\u1edbi l\u00e0 v\u00e0i ba cu\u1ed9c phi\u00eau l\u01b0u m\u00e0 th\u00f4i!<\/p>\n<p>Cu\u1ed1n s\u00e1ch n\u1eb1m trong b\u1ed9 Chuy\u1ec7n r\u1eebng g\u1ed3m 4 t\u1eadp: C\u01b0 d\u00e2n c\u1ee7a r\u1eebng, Th\u1ea7n l\u00f9n, Nh\u1eefng \u00f4ng kh\u1ed5ng l\u1ed3, Ti\u00ean n\u1eef do Peter Holeinone vi\u1ebft l\u1eddi, Tony Wolf minh h\u1ecda. \u0110\u00e2y l\u00e0 m\u1ed9t x\u1ee9 s\u1edf l\u1ea1 l\u00f9ng c\u1ee7a nh\u1eefng c\u01b0 d\u00e2n tinh ngh\u1ecbch, c\u00e1c c\u1ee5 th\u1ea7n l\u00f9n l\u00e1u l\u1ec9nh, b\u00e1c kh\u1ed5ng l\u1ed3 hi\u1ec1n l\u00e0nh v\u00e0 c\u00e1c ti\u00ean n\u1eef t\u1ed1t b\u1ee5ng\u2026 T\u1ea5t c\u1ea3 c\u1ed9ng \u0111\u1ed3ng \u1ea5y t\u1ea1o n\u00ean m\u1ed9t th\u1ebf gi\u1edbi sinh \u0111\u1ed9ng v\u1edbi nh\u1eefng ti\u1ebfng c\u01b0\u1eddi h\u00e0i h\u01b0\u1edbc, d\u00ed d\u1ecfm v\u00e0 v\u00f4 v\u00e0n nh\u1eefng \u0111i\u1ec1u di\u1ec7u k\u00ec m\u00e0 ch\u1ec9 trong b\u1ed9 Chuy\u1ec7n r\u1eebng m\u1edbi c\u00f3. \u0110i\u1ec3m \u0111\u1eb7c bi\u1ec7t c\u1ee7a b\u1ed9 s\u00e1ch kh\u00f4ng ch\u1ec9 n\u1eb1m \u1edf b\u1ed1n c\u00e2u chuy\u1ec7n vui nh\u1ed9n, ly k\u1ef3, \u0111\u1eb7c s\u1eafc do t\u00e1c gi\u1ea3 Peter Holeinone vi\u1ebft l\u1eddi m\u00e0 c\u00f2n \u1edf nh\u1eefng minh h\u1ecda v\u00f4 c\u00f9ng s\u1ed1ng \u0111\u1ed9ng do h\u1ecda s\u0129 Tony Wolf v\u1ebd. Nh\u1eefng n\u00e9t v\u1ebd t\u01b0\u01a1i t\u1eafn, \u0111\u1ea7y m\u00e0u s\u1eafc s\u1ebd khi\u1ebfn c\u00e1c b\u1ea1n \u0111\u1ecdc nh\u1ecf h\u1ee9ng th\u00fa l\u1eadt gi\u1edf t\u1eebng trang s\u00e1ch, d\u00f5i theo nh\u1eefng chuy\u1ebfn phi\u00eau l\u01b0u k\u1ef3 th\u00fa.<\/p>\n","protected":false},"excerpt":{"rendered":"<p>Khi \u00f4ng kh\u1ed5ng l\u1ed3 R\u00e2u \u0110\u1ecf t\u1edbi ng\u00f4i l\u00e0ng c\u1ee7a c\u00e1c th\u1ea7n l\u00f9n th\u00ec \u00f4ng \u0111ang b\u1ecb m\u1ed9t tr\u1eadn \u0111au r\u0103ng kinh h\u1ed3n. \u00d4ng s\u1ee3 l\u1eafm, nh\u01b0ng c\u1ee5 th\u1ea7n l\u00f9n nha s\u0129 bi\u1ec7t hi\u1ec7u Th\u1eadp Gi\u00e1 l\u1ea1i h\u1ebft s\u1ee9c hi\u1ec1n h\u00f2a v\u00e0 \u0111\u00e3 ch\u1eefa r\u0103ng \u0111au cho \u00f4ng. Ti\u1ebfp theo, \u00f4ng kh\u1ed5ng l\u1ed3 R\u00e2u \u0110\u1ecf t\u00ecm \u0111\u01b0\u1ee3c m\u1ed9t ch\u1ed7 \u1edf trong m\u1ed9t c\u00e1i hang to, ph\u1ea3i \u0111\u01b0\u01a1ng \u0111\u1ea7u ch\u1ed1ng l\u1ea1i m\u1ed9t con R\u1ed3ng kinh kh\u1ee7ng t\u1ea1i m\u1ed9t h\u1ed3 n\u01b0\u1edbc s\u00e2u, v\u00e0 do t\u00e1c \u0111\u1ed9ng c\u1ee7a chi\u1ebfc Nh\u1eabn th\u1ea7n k\u1ef3 m\u00e0 th\u00e2n th\u1ec3 nh\u1ecf l\u1ea1i b\u1eb1ng k\u00edch th\u01b0\u1edbc m\u1ed9t v\u1ecb th\u1ea7n l\u00f9n!<\/p>\n<p>Nh\u01b0ng r\u1ed3i c\u00e1c b\u1ea1n s\u1ebd th\u1ea5y, ch\u01b0a h\u1ebft \u0111\u00e2u, \u0111\u00f3 th\u1ef1c s\u1ef1 ch\u1ec9 m\u1edbi l\u00e0 v\u00e0i ba cu\u1ed9c phi\u00eau l\u01b0u m\u00e0 th\u00f4i!<\/p>\n","protected":false},"featured_media":5348,"template":"","meta":{"_acf_changed":false},"product_brand":[],"product_cat":[25,17,26],"product_tag":[],"class_list":{"0":"post-5352","1":"product","2":"type-product","3":"status-publish","4":"has-post-thumbnail","6":"product_cat-nhi-dong-6-tuoi-12-tuoi","7":"product_cat-sach-danh-cho-cac-be","8":"product_cat-thieu-nien-11-tuoi-18-tuoi","10":"first","11":"instock","12":"taxable","13":"shipping-taxable","14":"purchasable","15":"product-type-simple"},"supplier_id":null,"supplier_sku":"","barcode":null,"atum_controlled":true,"out_stock_date":null,"out_stock_threshold":null,"inheritable":false,"inbound_stock":0,"stock_on_hold":0,"sold_today":0,"sales_last_days":0,"reserved_stock":0,"customer_returns":0,"warehouse_damage":0,"lost_in_post":0,"other_logs":0,"out_stock_days":0,"lost_sales":0,"has_location":false,"update_date":"2026-01-28T23:10:37","atum_locations":[],"atum_stock_status":"instock","restock_status":false,"low_stock_amount":"","sales_update_date":"2026-01-28T23:10:37","calc_backorders":null,"acf":{"publisher":{"ID":1544,"post_author":"1","post_date":"2021-02-17 01:24:05","post_date_gmt":"2021-02-16 23:24:05","post_content":"","post_title":"\u0110\u00f4ng A","post_excerpt":"","post_status":"publish","comment_status":"closed","ping_status":"closed","post_password":"","post_name":"dong-a","to_ping":"","pinged":"","post_modified":"2021-02-17 01:24:05","post_modified_gmt":"2021-02-16 23:24:05","post_content_filtered":"","post_parent":0,"guid":"https:\/\/sachviet.eu\/nha-phat-hanh\/dong-a\/","menu_order":0,"post_type":"publisher","post_mime_type":"","comment_count":"0","filter":"raw"}},"_links":{"self":[{"href":"https:\/\/sachviet.eu\/en\/wp-json\/wp\/v2\/product\/5352","targetHints":{"allow":["GET"]}}],"collection":[{"href":"https:\/\/sachviet.eu\/en\/wp-json\/wp\/v2\/product"}],"about":[{"href":"https:\/\/sachviet.eu\/en\/wp-json\/wp\/v2\/types\/product"}],"wp:featuredmedia":[{"embeddable":true,"href":"https:\/\/sachviet.eu\/en\/wp-json\/wp\/v2\/media\/5348"}],"wp:attachment":[{"href":"https:\/\/sachviet.eu\/en\/wp-json\/wp\/v2\/media?parent=5352"}],"wp:term":[{"taxonomy":"product_brand","embeddable":true,"href":"https:\/\/sachviet.eu\/en\/wp-json\/wp\/v2\/product_brand?post=5352"},{"taxonomy":"product_cat","embeddable":true,"href":"https:\/\/sachviet.eu\/en\/wp-json\/wp\/v2\/product_cat?post=5352"},{"taxonomy":"product_tag","embeddable":true,"href":"https:\/\/sachviet.eu\/en\/wp-json\/wp\/v2\/product_tag?post=5352"}],"curies":[{"name":"wp","href":"https:\/\/api.w.org\/{rel}","templated":true}]}}