{"id":5347,"date":"2021-03-12T00:24:25","date_gmt":"2021-03-11T22:24:25","guid":{"rendered":"https:\/\/sachviet.eu\/shop\/chuyen-rung-tien-nu\/"},"modified":"2024-04-18T14:29:40","modified_gmt":"2024-04-18T11:29:40","slug":"chuyen-rung-tien-nu","status":"publish","type":"product","link":"https:\/\/sachviet.eu\/en\/shop\/chuyen-rung-tien-nu\/","title":{"rendered":"Chuy\u1ec7n r\u1eebng &#8211; Ti\u00ean n\u1eef"},"content":{"rendered":"<p>S\u00e1u n\u00e0ng ti\u00ean \u0111\u1eb9p nh\u1ea5t (Di\u00ean V\u0129, U\u1ea5t Kim H\u01b0\u01a1ng, T\u1ea7m Ma, Phong Lan, Tr\u00e1i M\u01a1 v\u00e0 Qu\u1ea3 Th\u00f4ng) \u0111\u00e3 c\u00f3 k\u00ec ngh\u1ec9 ng\u1eafn t\u1ea1i l\u00e0ng c\u00e1c c\u1ee5 th\u1ea7n l\u00f9n. Qu\u00e3ng th\u1eddi gian n\u00e0y \u0111\u00e3 di\u1ec5n ra v\u00f4 s\u1ed1 c\u00e2u chuy\u1ec7n th\u00fa v\u1ecb. \u0110\u00f3 l\u00e0 m\u00f3n c\u00e0-rem v\u00f4 c\u00f9ng ng\u1ecdt ng\u00e0o, h\u1ea5p d\u1eabn c\u1ee7a n\u00e0ng ti\u00ean b\u1ea7u b\u0129nh Tr\u00e1i M\u01a1, bu\u1ed5i h\u00f2a nh\u1ea1c \u0111\u1ed9c \u0111\u00e1o m\u1eebng sinh nh\u1eadt Ti\u00ean N\u1eef ho\u00e0ng. R\u1ed3i c\u00e2y \u0111\u0169a th\u1ea7n k\u1ef3 c\u1ee7a n\u00e0ng ti\u00ean Di\u1ec5n V\u0129 \u00e1o xanh \u0111\u00e3 g\u00e2y bi\u1ebft bao r\u1eafc r\u1ed1i khi th\u00eam cho c\u1eadu D\u1ebf m\u1ed9t chi\u1ebfc \u0111u\u00f4i hay t\u1eb7ng c\u00e1c ch\u1ecb Ki\u1ebfn nh\u1eefng chi\u1ebfc g\u00f9i, r\u1ed3i cho S\u00e2u r\u00f3m m\u1ed9t v\u00e1n tr\u01b0\u1ee3t \u0111\u1ec3 \u0111i th\u1eadt nhanh\u2026<\/p>\n<p>Cu\u1ed1n s\u00e1ch n\u1eb1m trong b\u1ed9 Chuy\u1ec7n r\u1eebng g\u1ed3m 4 t\u1eadp: C\u01b0 d\u00e2n c\u1ee7a r\u1eebng, Th\u1ea7n l\u00f9n, Nh\u1eefng \u00f4ng kh\u1ed5ng l\u1ed3, Ti\u00ean n\u1eef do Peter Holeinone vi\u1ebft l\u1eddi, Tony Wolf minh h\u1ecda. \u0110\u00e2y l\u00e0 m\u1ed9t x\u1ee9 s\u1edf l\u1ea1 l\u00f9ng c\u1ee7a nh\u1eefng c\u01b0 d\u00e2n tinh ngh\u1ecbch, c\u00e1c c\u1ee5 th\u1ea7n l\u00f9n l\u00e1u l\u1ec9nh, b\u00e1c kh\u1ed5ng l\u1ed3 hi\u1ec1n l\u00e0nh v\u00e0 c\u00e1c ti\u00ean n\u1eef t\u1ed1t b\u1ee5ng\u2026 T\u1ea5t c\u1ea3 c\u1ed9ng \u0111\u1ed3ng \u1ea5y t\u1ea1o n\u00ean m\u1ed9t th\u1ebf gi\u1edbi sinh \u0111\u1ed9ng v\u1edbi nh\u1eefng ti\u1ebfng c\u01b0\u1eddi h\u00e0i h\u01b0\u1edbc, d\u00ed d\u1ecfm v\u00e0 v\u00f4 v\u00e0n nh\u1eefng \u0111i\u1ec1u di\u1ec7u k\u00ec m\u00e0 ch\u1ec9 trong b\u1ed9 Chuy\u1ec7n r\u1eebng m\u1edbi c\u00f3. \u0110i\u1ec3m \u0111\u1eb7c bi\u1ec7t c\u1ee7a b\u1ed9 s\u00e1ch kh\u00f4ng ch\u1ec9 n\u1eb1m \u1edf b\u1ed1n c\u00e2u chuy\u1ec7n vui nh\u1ed9n, ly k\u1ef3, \u0111\u1eb7c s\u1eafc do t\u00e1c gi\u1ea3 Peter Holeinone vi\u1ebft l\u1eddi m\u00e0 c\u00f2n \u1edf nh\u1eefng minh h\u1ecda v\u00f4 c\u00f9ng s\u1ed1ng \u0111\u1ed9ng do h\u1ecda s\u0129 Tony Wolf v\u1ebd. Nh\u1eefng n\u00e9t v\u1ebd t\u01b0\u01a1i t\u1eafn, \u0111\u1ea7y m\u00e0u s\u1eafc s\u1ebd khi\u1ebfn c\u00e1c b\u1ea1n \u0111\u1ecdc nh\u1ecf h\u1ee9ng th\u00fa l\u1eadt gi\u1edf t\u1eebng trang s\u00e1ch, d\u00f5i theo nh\u1eefng chuy\u1ebfn phi\u00eau l\u01b0u k\u1ef3 th\u00fa.<\/p>\n","protected":false},"excerpt":{"rendered":"<p>S\u00e1u n\u00e0ng ti\u00ean \u0111\u1eb9p nh\u1ea5t (Di\u00ean V\u0129, U\u1ea5t Kim H\u01b0\u01a1ng, T\u1ea7m Ma, Phong Lan, Tr\u00e1i M\u01a1 v\u00e0 Qu\u1ea3 Th\u00f4ng) \u0111\u00e3 c\u00f3 k\u00ec ngh\u1ec9 ng\u1eafn t\u1ea1i l\u00e0ng c\u00e1c c\u1ee5 th\u1ea7n l\u00f9n. Qu\u00e3ng th\u1eddi gian n\u00e0y \u0111\u00e3 di\u1ec5n ra v\u00f4 s\u1ed1 c\u00e2u chuy\u1ec7n th\u00fa v\u1ecb. \u0110\u00f3 l\u00e0 m\u00f3n c\u00e0-rem v\u00f4 c\u00f9ng ng\u1ecdt ng\u00e0o, h\u1ea5p d\u1eabn c\u1ee7a n\u00e0ng ti\u00ean b\u1ea7u b\u0129nh Tr\u00e1i M\u01a1, bu\u1ed5i h\u00f2a nh\u1ea1c \u0111\u1ed9c \u0111\u00e1o m\u1eebng sinh nh\u1eadt Ti\u00ean N\u1eef ho\u00e0ng. R\u1ed3i c\u00e2y \u0111\u0169a th\u1ea7n k\u1ef3 c\u1ee7a n\u00e0ng ti\u00ean Di\u1ec5n V\u0129 \u00e1o xanh \u0111\u00e3 g\u00e2y bi\u1ebft bao r\u1eafc r\u1ed1i khi th\u00eam cho c\u1eadu D\u1ebf m\u1ed9t chi\u1ebfc \u0111u\u00f4i hay t\u1eb7ng c\u00e1c ch\u1ecb Ki\u1ebfn nh\u1eefng chi\u1ebfc g\u00f9i, r\u1ed3i cho S\u00e2u r\u00f3m m\u1ed9t v\u00e1n tr\u01b0\u1ee3t \u0111\u1ec3 \u0111i th\u1eadt nhanh\u2026<\/p>\n","protected":false},"featured_media":5343,"template":"","meta":{"_acf_changed":false},"product_brand":[],"product_cat":[25,17,26],"product_tag":[],"class_list":{"0":"post-5347","1":"product","2":"type-product","3":"status-publish","4":"has-post-thumbnail","6":"product_cat-nhi-dong-6-tuoi-12-tuoi","7":"product_cat-sach-danh-cho-cac-be","8":"product_cat-thieu-nien-11-tuoi-18-tuoi","10":"first","11":"outofstock","12":"taxable","13":"shipping-taxable","14":"purchasable","15":"product-type-simple"},"supplier_id":null,"supplier_sku":"","barcode":null,"atum_controlled":true,"out_stock_date":"2024-04-18 11:29:40","out_stock_threshold":null,"inheritable":false,"inbound_stock":0,"stock_on_hold":0,"sold_today":0,"sales_last_days":0,"reserved_stock":0,"customer_returns":0,"warehouse_damage":0,"lost_in_post":0,"other_logs":0,"out_stock_days":650,"lost_sales":0,"has_location":false,"update_date":"2026-01-28T23:10:37","atum_locations":[],"atum_stock_status":"outofstock","restock_status":false,"low_stock_amount":"","sales_update_date":"2026-01-28T23:10:37","calc_backorders":null,"acf":{"publisher":{"ID":1544,"post_author":"1","post_date":"2021-02-17 01:24:05","post_date_gmt":"2021-02-16 23:24:05","post_content":"","post_title":"\u0110\u00f4ng A","post_excerpt":"","post_status":"publish","comment_status":"closed","ping_status":"closed","post_password":"","post_name":"dong-a","to_ping":"","pinged":"","post_modified":"2021-02-17 01:24:05","post_modified_gmt":"2021-02-16 23:24:05","post_content_filtered":"","post_parent":0,"guid":"https:\/\/sachviet.eu\/nha-phat-hanh\/dong-a\/","menu_order":0,"post_type":"publisher","post_mime_type":"","comment_count":"0","filter":"raw"}},"_links":{"self":[{"href":"https:\/\/sachviet.eu\/en\/wp-json\/wp\/v2\/product\/5347","targetHints":{"allow":["GET"]}}],"collection":[{"href":"https:\/\/sachviet.eu\/en\/wp-json\/wp\/v2\/product"}],"about":[{"href":"https:\/\/sachviet.eu\/en\/wp-json\/wp\/v2\/types\/product"}],"wp:featuredmedia":[{"embeddable":true,"href":"https:\/\/sachviet.eu\/en\/wp-json\/wp\/v2\/media\/5343"}],"wp:attachment":[{"href":"https:\/\/sachviet.eu\/en\/wp-json\/wp\/v2\/media?parent=5347"}],"wp:term":[{"taxonomy":"product_brand","embeddable":true,"href":"https:\/\/sachviet.eu\/en\/wp-json\/wp\/v2\/product_brand?post=5347"},{"taxonomy":"product_cat","embeddable":true,"href":"https:\/\/sachviet.eu\/en\/wp-json\/wp\/v2\/product_cat?post=5347"},{"taxonomy":"product_tag","embeddable":true,"href":"https:\/\/sachviet.eu\/en\/wp-json\/wp\/v2\/product_tag?post=5347"}],"curies":[{"name":"wp","href":"https:\/\/api.w.org\/{rel}","templated":true}]}}