{"id":5342,"date":"2021-03-12T00:23:20","date_gmt":"2021-03-11T22:23:20","guid":{"rendered":"https:\/\/sachviet.eu\/shop\/chuyen-rung-than-lun\/"},"modified":"2024-04-18T14:29:40","modified_gmt":"2024-04-18T11:29:40","slug":"chuyen-rung-than-lun","status":"publish","type":"product","link":"https:\/\/sachviet.eu\/en\/shop\/chuyen-rung-than-lun\/","title":{"rendered":"Chuy\u1ec7n r\u1eebng &#8211; Th\u1ea7n L\u00f9n"},"content":{"rendered":"<p>H\u00e0ng tr\u0103m n\u0103m r\u1ed3i, c\u00e1c th\u1ea7n l\u00f9n s\u1ed1ng \u1edf t\u00edt ng\u00f4i l\u00e0ng ph\u00eda ng\u1ecdn c\u00e2y cao trong r\u1eebng s\u00e2u, xa x\u00f4i c\u00e1ch bi\u1ec7t v\u1edbi nh\u1eefng ai sinh s\u1ed1ng \u1edf nh\u1eefng c\u00e1nh r\u1eebng kh\u00e1c. V\u00e0 m\u1ed9t tr\u1eadn l\u1ee5t l\u1edbn \u0111\u00e3 \u0111\u01b0a c\u00e1c c\u01b0 d\u00e2n c\u1ee7a r\u1eebng g\u1ed3m Nh\u00edm, Chu\u1ed9t s\u00f3c, G\u00f5 ki\u1ebfn, H\u1ea3i ly, Ong ngh\u1ec7, Qu\u1ea1\u2026 v\u00e0 r\u1ea5t nhi\u1ec1u b\u1ea1n kh\u00e1c n\u1eefa \u0111\u1ebfn ng\u00f4i l\u00e0ng n\u00e0y. T\u1eeb \u0111\u00f3, c\u00e1c c\u01b0 d\u00e2n c\u1ee7a r\u1eebng \u0111\u00e3 s\u1ed1ng qu\u00e2y qu\u1ea7n v\u1edbi c\u00e1c v\u1ecb th\u1ea7n l\u00f9n, c\u00f9ng nhau tr\u1ea3i qua bi\u1ebft bao chuy\u1ec7n th\u0103ng tr\u1ea7m, th\u00fa v\u1ecb. C\u00f3 chuy\u1ec7n c\u00e1c b\u00e1c R\u00f9a \u0111ua xe b\u1ed1n b\u00e1nh, chuy\u1ec7n c\u00f9ng bay tr\u00ean kh\u00ed c\u1ea7u v\u1edbi k\u1ebft c\u1ee5c th\u1ea3m h\u1ea1i, chuy\u1ec7n \u0111\u00f3ng t\u00e0u ng\u1ea7m \u0111\u1ec3 \u0111i t\u00ecm Ch\u00eca kh\u00f3a v\u00e0ng \u1edf t\u1eadn \u0111\u00e1y ao s\u00e2u, v\u00e0 c\u1ea3 chuy\u1ec7n c\u1ee9u h\u1ed9 c\u00e1c th\u1ea7n l\u00f9n b\u1ecb l\u1ea1c trong m\u1ed9t tr\u1eadn b\u00e3o tuy\u1ebft n\u1eefa&#8230;<\/p>\n<p>Cu\u1ed1n s\u00e1ch n\u1eb1m trong b\u1ed9 Chuy\u1ec7n r\u1eebng g\u1ed3m 4 t\u1eadp: C\u01b0 d\u00e2n c\u1ee7a r\u1eebng, Th\u1ea7n l\u00f9n, Nh\u1eefng \u00f4ng kh\u1ed5ng l\u1ed3, Ti\u00ean n\u1eef do Peter Holeinone vi\u1ebft l\u1eddi, Tony Wolf minh h\u1ecda. \u0110\u00e2y l\u00e0 m\u1ed9t x\u1ee9 s\u1edf l\u1ea1 l\u00f9ng c\u1ee7a nh\u1eefng c\u01b0 d\u00e2n tinh ngh\u1ecbch, c\u00e1c c\u1ee5 th\u1ea7n l\u00f9n l\u00e1u l\u1ec9nh, b\u00e1c kh\u1ed5ng l\u1ed3 hi\u1ec1n l\u00e0nh v\u00e0 c\u00e1c ti\u00ean n\u1eef t\u1ed1t b\u1ee5ng\u2026 T\u1ea5t c\u1ea3 c\u1ed9ng \u0111\u1ed3ng \u1ea5y t\u1ea1o n\u00ean m\u1ed9t th\u1ebf gi\u1edbi sinh \u0111\u1ed9ng v\u1edbi nh\u1eefng ti\u1ebfng c\u01b0\u1eddi h\u00e0i h\u01b0\u1edbc, d\u00ed d\u1ecfm v\u00e0 v\u00f4 v\u00e0n nh\u1eefng \u0111i\u1ec1u di\u1ec7u k\u00ec m\u00e0 ch\u1ec9 trong b\u1ed9 Chuy\u1ec7n r\u1eebng m\u1edbi c\u00f3. \u0110i\u1ec3m \u0111\u1eb7c bi\u1ec7t c\u1ee7a b\u1ed9 s\u00e1ch kh\u00f4ng ch\u1ec9 n\u1eb1m \u1edf b\u1ed1n c\u00e2u chuy\u1ec7n vui nh\u1ed9n, ly k\u1ef3, \u0111\u1eb7c s\u1eafc do t\u00e1c gi\u1ea3 Peter Holeinone vi\u1ebft l\u1eddi m\u00e0 c\u00f2n \u1edf nh\u1eefng minh h\u1ecda v\u00f4 c\u00f9ng s\u1ed1ng \u0111\u1ed9ng do h\u1ecda s\u0129 Tony Wolf v\u1ebd. Nh\u1eefng n\u00e9t v\u1ebd t\u01b0\u01a1i t\u1eafn, \u0111\u1ea7y m\u00e0u s\u1eafc s\u1ebd khi\u1ebfn c\u00e1c b\u1ea1n \u0111\u1ecdc nh\u1ecf h\u1ee9ng th\u00fa l\u1eadt gi\u1edf t\u1eebng trang s\u00e1ch, d\u00f5i theo nh\u1eefng chuy\u1ebfn phi\u00eau l\u01b0u k\u1ef3 th\u00fa.<\/p>\n","protected":false},"excerpt":{"rendered":"<p>H\u00e0ng tr\u0103m n\u0103m r\u1ed3i, c\u00e1c th\u1ea7n l\u00f9n s\u1ed1ng \u1edf t\u00edt ng\u00f4i l\u00e0ng ph\u00eda ng\u1ecdn c\u00e2y cao trong r\u1eebng s\u00e2u, xa x\u00f4i c\u00e1ch bi\u1ec7t v\u1edbi nh\u1eefng ai sinh s\u1ed1ng \u1edf nh\u1eefng c\u00e1nh r\u1eebng kh\u00e1c. V\u00e0 m\u1ed9t tr\u1eadn l\u1ee5t l\u1edbn \u0111\u00e3 \u0111\u01b0a c\u00e1c c\u01b0 d\u00e2n c\u1ee7a r\u1eebng g\u1ed3m Nh\u00edm, Chu\u1ed9t s\u00f3c, G\u00f5 ki\u1ebfn, H\u1ea3i ly, Ong ngh\u1ec7, Qu\u1ea1\u2026 v\u00e0 r\u1ea5t nhi\u1ec1u b\u1ea1n kh\u00e1c n\u1eefa \u0111\u1ebfn ng\u00f4i l\u00e0ng n\u00e0y. T\u1eeb \u0111\u00f3, c\u00e1c c\u01b0 d\u00e2n c\u1ee7a r\u1eebng \u0111\u00e3 s\u1ed1ng qu\u00e2y qu\u1ea7n v\u1edbi c\u00e1c v\u1ecb th\u1ea7n l\u00f9n, c\u00f9ng nhau tr\u1ea3i qua bi\u1ebft bao chuy\u1ec7n th\u0103ng tr\u1ea7m, th\u00fa v\u1ecb. C\u00f3 chuy\u1ec7n c\u00e1c b\u00e1c R\u00f9a \u0111ua xe b\u1ed1n b\u00e1nh, chuy\u1ec7n c\u00f9ng bay tr\u00ean kh\u00ed c\u1ea7u v\u1edbi k\u1ebft c\u1ee5c th\u1ea3m h\u1ea1i, chuy\u1ec7n \u0111\u00f3ng t\u00e0u ng\u1ea7m \u0111\u1ec3 \u0111i t\u00ecm Ch\u00eca kh\u00f3a v\u00e0ng \u1edf t\u1eadn \u0111\u00e1y ao s\u00e2u, v\u00e0 c\u1ea3 chuy\u1ec7n c\u1ee9u h\u1ed9 c\u00e1c th\u1ea7n l\u00f9n b\u1ecb l\u1ea1c trong m\u1ed9t tr\u1eadn b\u00e3o tuy\u1ebft n\u1eefa&#8230;<\/p>\n","protected":false},"featured_media":5338,"template":"","meta":{"_acf_changed":false},"product_brand":[],"product_cat":[25,17,26],"product_tag":[],"class_list":{"0":"post-5342","1":"product","2":"type-product","3":"status-publish","4":"has-post-thumbnail","6":"product_cat-nhi-dong-6-tuoi-12-tuoi","7":"product_cat-sach-danh-cho-cac-be","8":"product_cat-thieu-nien-11-tuoi-18-tuoi","10":"first","11":"outofstock","12":"taxable","13":"shipping-taxable","14":"purchasable","15":"product-type-simple"},"supplier_id":null,"supplier_sku":"","barcode":null,"atum_controlled":true,"out_stock_date":"2024-04-18 11:29:40","out_stock_threshold":null,"inheritable":false,"inbound_stock":0,"stock_on_hold":0,"sold_today":0,"sales_last_days":0,"reserved_stock":0,"customer_returns":0,"warehouse_damage":0,"lost_in_post":0,"other_logs":0,"out_stock_days":650,"lost_sales":0,"has_location":false,"update_date":"2026-01-28T23:10:37","atum_locations":[],"atum_stock_status":"outofstock","restock_status":false,"low_stock_amount":"","sales_update_date":"2026-01-28T23:10:37","calc_backorders":null,"acf":{"publisher":{"ID":1544,"post_author":"1","post_date":"2021-02-17 01:24:05","post_date_gmt":"2021-02-16 23:24:05","post_content":"","post_title":"\u0110\u00f4ng A","post_excerpt":"","post_status":"publish","comment_status":"closed","ping_status":"closed","post_password":"","post_name":"dong-a","to_ping":"","pinged":"","post_modified":"2021-02-17 01:24:05","post_modified_gmt":"2021-02-16 23:24:05","post_content_filtered":"","post_parent":0,"guid":"https:\/\/sachviet.eu\/nha-phat-hanh\/dong-a\/","menu_order":0,"post_type":"publisher","post_mime_type":"","comment_count":"0","filter":"raw"}},"_links":{"self":[{"href":"https:\/\/sachviet.eu\/en\/wp-json\/wp\/v2\/product\/5342","targetHints":{"allow":["GET"]}}],"collection":[{"href":"https:\/\/sachviet.eu\/en\/wp-json\/wp\/v2\/product"}],"about":[{"href":"https:\/\/sachviet.eu\/en\/wp-json\/wp\/v2\/types\/product"}],"wp:featuredmedia":[{"embeddable":true,"href":"https:\/\/sachviet.eu\/en\/wp-json\/wp\/v2\/media\/5338"}],"wp:attachment":[{"href":"https:\/\/sachviet.eu\/en\/wp-json\/wp\/v2\/media?parent=5342"}],"wp:term":[{"taxonomy":"product_brand","embeddable":true,"href":"https:\/\/sachviet.eu\/en\/wp-json\/wp\/v2\/product_brand?post=5342"},{"taxonomy":"product_cat","embeddable":true,"href":"https:\/\/sachviet.eu\/en\/wp-json\/wp\/v2\/product_cat?post=5342"},{"taxonomy":"product_tag","embeddable":true,"href":"https:\/\/sachviet.eu\/en\/wp-json\/wp\/v2\/product_tag?post=5342"}],"curies":[{"name":"wp","href":"https:\/\/api.w.org\/{rel}","templated":true}]}}