{"id":5322,"date":"2021-03-12T00:22:22","date_gmt":"2021-03-11T22:22:22","guid":{"rendered":"https:\/\/sachviet.eu\/shop\/cam-nang-giao-duc-gioi-tinh-noi-voi-con-the-nao-cho-dung-im-a-girl\/"},"modified":"2023-07-25T10:34:40","modified_gmt":"2023-07-25T07:34:40","slug":"cam-nang-giao-duc-gioi-tinh-noi-voi-con-the-nao-cho-dung-im-a-girl","status":"publish","type":"product","link":"https:\/\/sachviet.eu\/en\/shop\/cam-nang-giao-duc-gioi-tinh-noi-voi-con-the-nao-cho-dung-im-a-girl\/","title":{"rendered":"C\u1ea9m Nang Gi\u00e1o D\u1ee5c Gi\u1edbi T\u00ednh &#8211; N\u00f3i V\u1edbi Con Th\u1ebf N\u00e0o Cho \u0110\u00fang? &#8211; I&#8217;M A Girl"},"content":{"rendered":"<p>C\u1ea8M NANG C\u1ee6A CHUY\u00caN GIA R\u1ed2NG D\u00c0NH CHO C\u00c1C C\u00d4 G\u00c1I<\/p>\n<p>\u0110\u1ed1i m\u1eb7t v\u1edbi tu\u1ed5i d\u1eady th\u00ec kh\u00f4ng h\u1eb3n l\u00e0 vi\u1ec7c d\u1ec5 d\u00e0ng. Cha m\u1eb9 mu\u1ed1n n\u00f3i chuy\u1ec7n v\u1edbi con g\u00e1i v\u1ec1 tu\u1ed5i d\u1eady th\u00ec l\u1ea1i c\u00e0ng kh\u00f3.<\/p>\n<p>V\u1edbi s\u1ef1 gi\u00fap \u0111\u1ee1 c\u1ee7a Chuy\u00ean gia D\u1eady Th\u00ec, m\u1ed9t c\u00f4 R\u1ed3ng vui nh\u1ed9n, tr\u00e0n \u0111\u1ea7y n\u0103ng l\u01b0\u1ee3ng, cu\u1ed1n c\u1ea9m nang n\u00e0y c\u00f3 m\u1ecdi c\u00e2u tr\u1ea3 l\u1eddi cho m\u1ecdi c\u00e2u h\u1ecfi, v\u1ec1 m\u1ecdi v\u1ea5n \u0111\u1ec1, t\u1eeb l\u00f4ng n\u00e1ch cho t\u1edbi kinh nguy\u1ec7t \u2013 ch\u00ednh l\u00e0 th\u1ee9 c\u00e1c c\u00f4 n\u00e0ng \u0111ang t\u00ecm ki\u1ebfm. Nh\u1eefng b\u00e0i h\u1ecdc trong s\u00e1ch ph\u00f9 h\u1ee3p v\u1edbi \u0111\u1ed9 tu\u1ed5i, cung c\u1ea5p \u0111\u1ea7y \u0111\u1ee7 ki\u1ebfn th\u1ee9c sinh l\u00ed v\u00e0 \u0111em l\u1ea1i c\u1ea3m gi\u00e1c anh to\u00e0n cho c\u00e1c b\u1ea1n g\u00e1i tu\u1ed5i d\u1eady th\u00ec.<\/p>\n<p>N\u00e0o, v\u1edbi s\u1ef1 gi\u00fap \u0111\u1ee1 c\u1ee7a Chuy\u00ean gia D\u1eady Th\u00ec, nh\u1eefng c\u00f4 g\u00e1i tr\u1ebb \u0111\u00e3 s\u1eb5n s\u00e0ng \u0111\u1ec3 \u0111\u1ed1i di\u1ec7n v\u1edbi tu\u1ed5i d\u1eady th\u00ec ch\u01b0a?<\/p>\n","protected":false},"excerpt":{"rendered":"<p>C\u1ea8M NANG C\u1ee6A CHUY\u00caN GIA R\u1ed2NG D\u00c0NH CHO C\u00c1C C\u00d4 G\u00c1I<\/p>\n<p>\u0110\u1ed1i m\u1eb7t v\u1edbi tu\u1ed5i d\u1eady th\u00ec kh\u00f4ng h\u1eb3n l\u00e0 vi\u1ec7c d\u1ec5 d\u00e0ng. Cha m\u1eb9 mu\u1ed1n n\u00f3i chuy\u1ec7n v\u1edbi con g\u00e1i v\u1ec1 tu\u1ed5i d\u1eady th\u00ec l\u1ea1i c\u00e0ng kh\u00f3.<\/p>\n<p>V\u1edbi s\u1ef1 gi\u00fap \u0111\u1ee1 c\u1ee7a Chuy\u00ean gia D\u1eady Th\u00ec, m\u1ed9t c\u00f4 R\u1ed3ng vui nh\u1ed9n, tr\u00e0n \u0111\u1ea7y n\u0103ng l\u01b0\u1ee3ng, cu\u1ed1n c\u1ea9m nang n\u00e0y c\u00f3 m\u1ecdi c\u00e2u tr\u1ea3 l\u1eddi cho m\u1ecdi c\u00e2u h\u1ecfi, v\u1ec1 m\u1ecdi v\u1ea5n \u0111\u1ec1, t\u1eeb l\u00f4ng n\u00e1ch cho t\u1edbi kinh nguy\u1ec7t \u2013 ch\u00ednh l\u00e0 th\u1ee9 c\u00e1c c\u00f4 n\u00e0ng \u0111ang t\u00ecm ki\u1ebfm. Nh\u1eefng b\u00e0i h\u1ecdc trong s\u00e1ch ph\u00f9 h\u1ee3p v\u1edbi \u0111\u1ed9 tu\u1ed5i, cung c\u1ea5p \u0111\u1ea7y \u0111\u1ee7 ki\u1ebfn th\u1ee9c sinh l\u00ed v\u00e0 \u0111em l\u1ea1i c\u1ea3m gi\u00e1c anh to\u00e0n cho c\u00e1c b\u1ea1n g\u00e1i tu\u1ed5i d\u1eady th\u00ec.<\/p>\n<p>N\u00e0o, v\u1edbi s\u1ef1 gi\u00fap \u0111\u1ee1 c\u1ee7a Chuy\u00ean gia D\u1eady Th\u00ec, nh\u1eefng c\u00f4 g\u00e1i tr\u1ebb \u0111\u00e3 s\u1eb5n s\u00e0ng \u0111\u1ec3 \u0111\u1ed1i di\u1ec7n v\u1edbi tu\u1ed5i d\u1eady th\u00ec ch\u01b0a?<\/p>\n","protected":false},"featured_media":5321,"template":"","meta":{"_acf_changed":false},"product_brand":[],"product_cat":[19],"product_tag":[],"class_list":{"0":"post-5322","1":"product","2":"type-product","3":"status-publish","4":"has-post-thumbnail","6":"product_cat-nuoi-day-con","8":"first","9":"instock","10":"taxable","11":"shipping-taxable","12":"purchasable","13":"product-type-simple"},"supplier_id":null,"supplier_sku":"","barcode":null,"atum_controlled":true,"out_stock_date":null,"out_stock_threshold":null,"inheritable":false,"inbound_stock":0,"stock_on_hold":0,"sold_today":0,"sales_last_days":0,"reserved_stock":0,"customer_returns":0,"warehouse_damage":0,"lost_in_post":0,"other_logs":0,"out_stock_days":0,"lost_sales":0,"has_location":false,"update_date":"2026-01-28T23:10:37","atum_locations":[],"atum_stock_status":"instock","restock_status":false,"low_stock_amount":"","sales_update_date":"2026-01-28T23:10:37","calc_backorders":null,"acf":{"publisher":{"ID":5314,"post_author":"1","post_date":"2021-03-12 00:22:09","post_date_gmt":"2021-03-11 22:22:09","post_content":"","post_title":"\u00c1nh D\u01b0\u01a1ng","post_excerpt":"","post_status":"publish","comment_status":"closed","ping_status":"closed","post_password":"","post_name":"anh-duong","to_ping":"","pinged":"","post_modified":"2021-03-12 00:22:09","post_modified_gmt":"2021-03-11 22:22:09","post_content_filtered":"","post_parent":0,"guid":"https:\/\/sachviet.eu\/blog\/nha-phat-hanh\/anh-duong\/","menu_order":0,"post_type":"publisher","post_mime_type":"","comment_count":"0","filter":"raw"}},"_links":{"self":[{"href":"https:\/\/sachviet.eu\/en\/wp-json\/wp\/v2\/product\/5322","targetHints":{"allow":["GET"]}}],"collection":[{"href":"https:\/\/sachviet.eu\/en\/wp-json\/wp\/v2\/product"}],"about":[{"href":"https:\/\/sachviet.eu\/en\/wp-json\/wp\/v2\/types\/product"}],"wp:featuredmedia":[{"embeddable":true,"href":"https:\/\/sachviet.eu\/en\/wp-json\/wp\/v2\/media\/5321"}],"wp:attachment":[{"href":"https:\/\/sachviet.eu\/en\/wp-json\/wp\/v2\/media?parent=5322"}],"wp:term":[{"taxonomy":"product_brand","embeddable":true,"href":"https:\/\/sachviet.eu\/en\/wp-json\/wp\/v2\/product_brand?post=5322"},{"taxonomy":"product_cat","embeddable":true,"href":"https:\/\/sachviet.eu\/en\/wp-json\/wp\/v2\/product_cat?post=5322"},{"taxonomy":"product_tag","embeddable":true,"href":"https:\/\/sachviet.eu\/en\/wp-json\/wp\/v2\/product_tag?post=5322"}],"curies":[{"name":"wp","href":"https:\/\/api.w.org\/{rel}","templated":true}]}}