{"id":5320,"date":"2021-03-12T00:22:19","date_gmt":"2021-03-11T22:22:19","guid":{"rendered":"https:\/\/sachviet.eu\/shop\/cam-nang-giao-duc-gioi-tinh-noi-voi-con-the-nao-cho-dung-im-a-boy\/"},"modified":"2023-07-25T10:34:40","modified_gmt":"2023-07-25T07:34:40","slug":"cam-nang-giao-duc-gioi-tinh-noi-voi-con-the-nao-cho-dung-im-a-boy","status":"publish","type":"product","link":"https:\/\/sachviet.eu\/en\/shop\/cam-nang-giao-duc-gioi-tinh-noi-voi-con-the-nao-cho-dung-im-a-boy\/","title":{"rendered":"C\u1ea9m Nang Gi\u00e1o D\u1ee5c Gi\u1edbi T\u00ednh &#8211; N\u00f3i V\u1edbi Con Th\u1ebf N\u00e0o Cho \u0110\u00fang? &#8211; I&#8217;M A Boy"},"content":{"rendered":"<p>C\u1ea8M NANG C\u1ee6A CHUY\u00caN GIA R\u1ed2NG D\u00c0NH CHO C\u00c1C CH\u00c0NG TRAI<\/p>\n<p>Cha m\u1eb9 l\u00e0m c\u00e1ch n\u00e0o \u0111\u1ec3 n\u00f3i chuy\u1ec7n v\u1edbi nh\u1eefng ch\u00e0ng trai s\u1eafp d\u1eady th\u00ec v\u1ec1 m\u1ed9ng tinh, s\u1ef1 xu\u1ea5t hi\u1ec7n c\u1ee7a l\u00f4ng v\u00e0 r\u00e2u, c\u00f9ng nh\u1eefng suy ngh\u0129 k\u1ef3 c\u1ee5c trong \u0111\u1ea7u ch\u00fang?<\/p>\n<p>Ch\u00fang ta c\u00f3 th\u1ec3 nh\u1edd \u0111\u1ebfn s\u1ef1 tr\u1ee3 gi\u00fap t\u1eeb R\u1ed3ng xanh nh\u00ed nh\u1ea3nh v\u00e0 th\u00fa v\u1ecb, m\u1ed9t chuy\u00ean gia n\u1eafm b\u1eaft \u0111\u01b0\u1ee3c t\u1ea5t c\u1ea3 b\u00ed m\u1eadt v\u1ec1 qu\u00e1 tr\u00ecnh d\u1eady th\u00ec. R\u1ed3ng xanh s\u1ebd khi\u1ebfn qu\u00e1 tr\u00ecnh l\u1edbn l\u00ean c\u1ee7a c\u00e1c c\u1eadu b\u00e9 c\u1ef1c vui v\u1ebb, th\u1ef1c t\u1ebf v\u00e0 kh\u00f4ng h\u1ec1 \u0111\u00e1ng s\u1ee3. Cu\u1ed1n c\u1ea9m nang c\u00f3 r\u1ea5t nhi\u1ec1u h\u00ecnh minh h\u1ecda v\u00e0 v\u00f4 s\u1ed1 l\u1eddi khuy\u00ean gi\u00fap cho c\u00e1c b\u00e0i h\u1ecdc \u0111\u01b0\u1ee3c ti\u1ebfp thu d\u1ec5 d\u00e0ng v\u00e0 th\u00fa v\u1ecb h\u01a1n.<\/p>\n","protected":false},"excerpt":{"rendered":"<p>C\u1ea8M NANG C\u1ee6A CHUY\u00caN GIA R\u1ed2NG D\u00c0NH CHO C\u00c1C CH\u00c0NG TRAI<\/p>\n<p>Cha m\u1eb9 l\u00e0m c\u00e1ch n\u00e0o \u0111\u1ec3 n\u00f3i chuy\u1ec7n v\u1edbi nh\u1eefng ch\u00e0ng trai s\u1eafp d\u1eady th\u00ec v\u1ec1 m\u1ed9ng tinh, s\u1ef1 xu\u1ea5t hi\u1ec7n c\u1ee7a l\u00f4ng v\u00e0 r\u00e2u, c\u00f9ng nh\u1eefng suy ngh\u0129 k\u1ef3 c\u1ee5c trong \u0111\u1ea7u ch\u00fang?<\/p>\n<p>Ch\u00fang ta c\u00f3 th\u1ec3 nh\u1edd \u0111\u1ebfn s\u1ef1 tr\u1ee3 gi\u00fap t\u1eeb R\u1ed3ng xanh nh\u00ed nh\u1ea3nh v\u00e0 th\u00fa v\u1ecb, m\u1ed9t chuy\u00ean gia n\u1eafm b\u1eaft \u0111\u01b0\u1ee3c t\u1ea5t c\u1ea3 b\u00ed m\u1eadt v\u1ec1 qu\u00e1 tr\u00ecnh d\u1eady th\u00ec. R\u1ed3ng xanh s\u1ebd khi\u1ebfn qu\u00e1 tr\u00ecnh l\u1edbn l\u00ean c\u1ee7a c\u00e1c c\u1eadu b\u00e9 c\u1ef1c vui v\u1ebb, th\u1ef1c t\u1ebf v\u00e0 kh\u00f4ng h\u1ec1 \u0111\u00e1ng s\u1ee3. Cu\u1ed1n c\u1ea9m nang c\u00f3 r\u1ea5t nhi\u1ec1u h\u00ecnh minh h\u1ecda v\u00e0 v\u00f4 s\u1ed1 l\u1eddi khuy\u00ean gi\u00fap cho c\u00e1c b\u00e0i h\u1ecdc \u0111\u01b0\u1ee3c ti\u1ebfp thu d\u1ec5 d\u00e0ng v\u00e0 th\u00fa v\u1ecb h\u01a1n.<\/p>\n","protected":false},"featured_media":5319,"template":"","meta":{"_acf_changed":false},"product_brand":[],"product_cat":[19],"product_tag":[],"class_list":{"0":"post-5320","1":"product","2":"type-product","3":"status-publish","4":"has-post-thumbnail","6":"product_cat-nuoi-day-con","8":"first","9":"instock","10":"taxable","11":"shipping-taxable","12":"purchasable","13":"product-type-simple"},"supplier_id":null,"supplier_sku":"","barcode":null,"atum_controlled":true,"out_stock_date":null,"out_stock_threshold":null,"inheritable":false,"inbound_stock":0,"stock_on_hold":0,"sold_today":0,"sales_last_days":0,"reserved_stock":0,"customer_returns":0,"warehouse_damage":0,"lost_in_post":0,"other_logs":0,"out_stock_days":0,"lost_sales":0,"has_location":false,"update_date":"2026-01-28T23:10:37","atum_locations":[],"atum_stock_status":"instock","restock_status":false,"low_stock_amount":"","sales_update_date":"2026-01-28T23:10:37","calc_backorders":null,"acf":{"publisher":{"ID":5314,"post_author":"1","post_date":"2021-03-12 00:22:09","post_date_gmt":"2021-03-11 22:22:09","post_content":"","post_title":"\u00c1nh D\u01b0\u01a1ng","post_excerpt":"","post_status":"publish","comment_status":"closed","ping_status":"closed","post_password":"","post_name":"anh-duong","to_ping":"","pinged":"","post_modified":"2021-03-12 00:22:09","post_modified_gmt":"2021-03-11 22:22:09","post_content_filtered":"","post_parent":0,"guid":"https:\/\/sachviet.eu\/blog\/nha-phat-hanh\/anh-duong\/","menu_order":0,"post_type":"publisher","post_mime_type":"","comment_count":"0","filter":"raw"}},"_links":{"self":[{"href":"https:\/\/sachviet.eu\/en\/wp-json\/wp\/v2\/product\/5320","targetHints":{"allow":["GET"]}}],"collection":[{"href":"https:\/\/sachviet.eu\/en\/wp-json\/wp\/v2\/product"}],"about":[{"href":"https:\/\/sachviet.eu\/en\/wp-json\/wp\/v2\/types\/product"}],"wp:featuredmedia":[{"embeddable":true,"href":"https:\/\/sachviet.eu\/en\/wp-json\/wp\/v2\/media\/5319"}],"wp:attachment":[{"href":"https:\/\/sachviet.eu\/en\/wp-json\/wp\/v2\/media?parent=5320"}],"wp:term":[{"taxonomy":"product_brand","embeddable":true,"href":"https:\/\/sachviet.eu\/en\/wp-json\/wp\/v2\/product_brand?post=5320"},{"taxonomy":"product_cat","embeddable":true,"href":"https:\/\/sachviet.eu\/en\/wp-json\/wp\/v2\/product_cat?post=5320"},{"taxonomy":"product_tag","embeddable":true,"href":"https:\/\/sachviet.eu\/en\/wp-json\/wp\/v2\/product_tag?post=5320"}],"curies":[{"name":"wp","href":"https:\/\/api.w.org\/{rel}","templated":true}]}}