{"id":5316,"date":"2021-03-12T00:22:11","date_gmt":"2021-03-11T22:22:11","guid":{"rendered":"https:\/\/sachviet.eu\/shop\/bo-sach-cam-nang-giao-duc-gioi-tinh-noi-voi-con-the-nao-cho-dung-bundle-3-quyen\/"},"modified":"2023-07-25T10:34:40","modified_gmt":"2023-07-25T07:34:40","slug":"bo-sach-cam-nang-giao-duc-gioi-tinh-noi-voi-con-the-nao-cho-dung-bundle-3-quyen","status":"publish","type":"product","link":"https:\/\/sachviet.eu\/en\/shop\/bo-sach-cam-nang-giao-duc-gioi-tinh-noi-voi-con-the-nao-cho-dung-bundle-3-quyen\/","title":{"rendered":"B\u1ed9 s\u00e1ch C\u1ea9m nang gi\u00e1o d\u1ee5c gi\u1edbi t\u00ednh &#8211; N\u00f3i v\u1edbi con th\u1ebf n\u00e0o cho \u0111\u00fang &#8211; Bundle 3 quy\u1ec3n"},"content":{"rendered":"<p>C\u1ea9m Nang Gi\u00e1o D\u1ee5c Gi\u1edbi T\u00ednh &#8211; N\u00f3i V\u1edbi Con Th\u1ebf N\u00e0o Cho \u0110\u00fang (B\u1ed9 3 quy\u1ec3n) bao g\u1ed3m:<\/p>\n<p>1. C\u1ea9m Nang Gi\u00e1o D\u1ee5c Gi\u1edbi T\u00ednh &#8211; N\u00f3i V\u1edbi Con Th\u1ebf N\u00e0o Cho \u0110\u00fang &#8211; I&#8217;m A Boy (6 &#8211; 15 tu\u1ed5i)<\/p>\n<p>2. C\u1ea9m Nang Gi\u00e1o D\u1ee5c Gi\u1edbi T\u00ednh &#8211; N\u00f3i V\u1edbi Con Th\u1ebf N\u00e0o Cho \u0110\u00fang &#8211; I&#8217;m A Girl (6 &#8211; 15 tu\u1ed5i)<\/p>\n<p>3. C\u1ea9m Nang Gi\u00e1o D\u1ee5c Gi\u1edbi T\u00ednh &#8211; N\u00f3i V\u1edbi Con Th\u1ebf N\u00e0o Cho \u0110\u00fang &#8211; B\u00e0i H\u1ecdc V\u1ec1 An To\u00e0n Cho Tr\u1ebb (3 &#8211; 15 tu\u1ed5i)<\/p>\n<p>B\u1ed9 s\u00e1ch gi\u00fap c\u00e1c c\u00f4 g\u00e1i, ch\u00e0ng trai c\u00f3 \u0111\u1ea7y \u0111\u1ee7 ki\u1ebfn th\u1ee9c v\u1ec1 \u0111\u1ed9 tu\u1ed5i d\u1eady th\u00ec c\u1ee7a m\u00ecnh, gi\u1ea3i \u0111\u00e1p \u0111\u01b0\u1ee3c nh\u1eefng th\u1eafc m\u1eafc v\u1ec1 \u0111\u1ed9 tu\u1ed5i &#8220;kh\u00f3 chi\u1ec1u&#8221; n\u00e0y. \u0110\u1ed3ng th\u1eddi l\u00e0 nh\u1eefng ph\u01b0\u01a1ng ph\u00e1p \u0111\u01b0\u1ee3c gi\u00e1o d\u1ee5c \u0111\u1ec3 tr\u1ebb b\u1ea3o v\u1ec7 m\u00ecnh tr\u01b0\u1edbc X\u00c2M H\u1ea0I T\u00ccNH D\u1ee4C, B\u1ea0O H\u00c0NH, \u1ea4U D\u00c2M<\/p>\n","protected":false},"excerpt":{"rendered":"<p>C\u1ea9m Nang Gi\u00e1o D\u1ee5c Gi\u1edbi T\u00ednh &#8211; N\u00f3i V\u1edbi Con Th\u1ebf N\u00e0o Cho \u0110\u00fang (B\u1ed9 3 quy\u1ec3n) bao g\u1ed3m:<\/p>\n<p>1. C\u1ea9m Nang Gi\u00e1o D\u1ee5c Gi\u1edbi T\u00ednh &#8211; N\u00f3i V\u1edbi Con Th\u1ebf N\u00e0o Cho \u0110\u00fang &#8211; I&#8217;m A Boy (6 &#8211; 15 tu\u1ed5i)<\/p>\n<p>2. C\u1ea9m Nang Gi\u00e1o D\u1ee5c Gi\u1edbi T\u00ednh &#8211; N\u00f3i V\u1edbi Con Th\u1ebf N\u00e0o Cho \u0110\u00fang &#8211; I&#8217;m A Girl (6 &#8211; 15 tu\u1ed5i)<\/p>\n<p>3. C\u1ea9m Nang Gi\u00e1o D\u1ee5c Gi\u1edbi T\u00ednh &#8211; N\u00f3i V\u1edbi Con Th\u1ebf N\u00e0o Cho \u0110\u00fang &#8211; B\u00e0i H\u1ecdc V\u1ec1 An To\u00e0n Cho Tr\u1ebb (3 &#8211; 15 tu\u1ed5i)<\/p>\n<p>B\u1ed9 s\u00e1ch gi\u00fap c\u00e1c c\u00f4 g\u00e1i, ch\u00e0ng trai c\u00f3 \u0111\u1ea7y \u0111\u1ee7 ki\u1ebfn th\u1ee9c v\u1ec1 \u0111\u1ed9 tu\u1ed5i d\u1eady th\u00ec c\u1ee7a m\u00ecnh, gi\u1ea3i \u0111\u00e1p \u0111\u01b0\u1ee3c nh\u1eefng th\u1eafc m\u1eafc v\u1ec1 \u0111\u1ed9 tu\u1ed5i &#8220;kh\u00f3 chi\u1ec1u&#8221; n\u00e0y. \u0110\u1ed3ng th\u1eddi l\u00e0 nh\u1eefng ph\u01b0\u01a1ng ph\u00e1p \u0111\u01b0\u1ee3c gi\u00e1o d\u1ee5c \u0111\u1ec3 tr\u1ebb b\u1ea3o v\u1ec7 m\u00ecnh tr\u01b0\u1edbc X\u00c2M H\u1ea0I T\u00ccNH D\u1ee4C, B\u1ea0O H\u00c0NH, \u1ea4U D\u00c2M<\/p>\n","protected":false},"featured_media":5315,"template":"","meta":{"_acf_changed":false},"product_brand":[],"product_cat":[19],"product_tag":[81],"class_list":{"0":"post-5316","1":"product","2":"type-product","3":"status-publish","4":"has-post-thumbnail","6":"product_cat-nuoi-day-con","7":"product_tag-sach-gia-uu-dai","9":"first","10":"instock","11":"sale","12":"taxable","13":"shipping-taxable","14":"purchasable","15":"product-type-woosb"},"supplier_id":null,"supplier_sku":"","barcode":null,"atum_controlled":true,"out_stock_date":"2021-05-28 10:32:31","out_stock_threshold":null,"inheritable":false,"inbound_stock":null,"stock_on_hold":0,"sold_today":0,"sales_last_days":0,"reserved_stock":0,"customer_returns":0,"warehouse_damage":0,"lost_in_post":0,"other_logs":0,"out_stock_days":1706,"lost_sales":0,"has_location":false,"update_date":"2026-01-28T23:10:37","atum_locations":[],"atum_stock_status":"instock","restock_status":false,"low_stock_amount":"","sales_update_date":"2026-01-28T23:10:37","calc_backorders":null,"acf":{"publisher":{"ID":5314,"post_author":"1","post_date":"2021-03-12 00:22:09","post_date_gmt":"2021-03-11 22:22:09","post_content":"","post_title":"\u00c1nh D\u01b0\u01a1ng","post_excerpt":"","post_status":"publish","comment_status":"closed","ping_status":"closed","post_password":"","post_name":"anh-duong","to_ping":"","pinged":"","post_modified":"2021-03-12 00:22:09","post_modified_gmt":"2021-03-11 22:22:09","post_content_filtered":"","post_parent":0,"guid":"https:\/\/sachviet.eu\/blog\/nha-phat-hanh\/anh-duong\/","menu_order":0,"post_type":"publisher","post_mime_type":"","comment_count":"0","filter":"raw"}},"_links":{"self":[{"href":"https:\/\/sachviet.eu\/en\/wp-json\/wp\/v2\/product\/5316","targetHints":{"allow":["GET"]}}],"collection":[{"href":"https:\/\/sachviet.eu\/en\/wp-json\/wp\/v2\/product"}],"about":[{"href":"https:\/\/sachviet.eu\/en\/wp-json\/wp\/v2\/types\/product"}],"wp:featuredmedia":[{"embeddable":true,"href":"https:\/\/sachviet.eu\/en\/wp-json\/wp\/v2\/media\/5315"}],"wp:attachment":[{"href":"https:\/\/sachviet.eu\/en\/wp-json\/wp\/v2\/media?parent=5316"}],"wp:term":[{"taxonomy":"product_brand","embeddable":true,"href":"https:\/\/sachviet.eu\/en\/wp-json\/wp\/v2\/product_brand?post=5316"},{"taxonomy":"product_cat","embeddable":true,"href":"https:\/\/sachviet.eu\/en\/wp-json\/wp\/v2\/product_cat?post=5316"},{"taxonomy":"product_tag","embeddable":true,"href":"https:\/\/sachviet.eu\/en\/wp-json\/wp\/v2\/product_tag?post=5316"}],"curies":[{"name":"wp","href":"https:\/\/api.w.org\/{rel}","templated":true}]}}