{"id":5313,"date":"2021-03-12T00:22:07","date_gmt":"2021-03-11T22:22:07","guid":{"rendered":"https:\/\/sachviet.eu\/shop\/sach-dung-hinh-3d-whats-above-ben-duoi-co-gi\/"},"modified":"2021-06-07T16:16:16","modified_gmt":"2021-06-07T13:16:16","slug":"sach-dung-hinh-3d-whats-above-ben-duoi-co-gi","status":"publish","type":"product","link":"https:\/\/sachviet.eu\/en\/shop\/sach-dung-hinh-3d-whats-above-ben-duoi-co-gi\/","title":{"rendered":"S\u00e1ch D\u1ef1ng H\u00ecnh 3D &#8211; What\u2019s Above? &#8211; B\u00ean D\u01b0\u1edbi C\u00f3 G\u00ec?"},"content":{"rendered":"<p>Gi\u1edd \u0111\u00e2y kh\u00f4ng kh\u00f3 \u0111\u1ec3 t\u00ecm \u0111\u01b0\u1ee3c nh\u1eefng cu\u1ed1n s\u00e1ch l\u1eadt m\u1edf, t\u01b0\u01a1ng t\u00e1c, chuy\u1ec3n \u0111\u1ed9ng d\u00e0nh cho b\u00e9. Nh\u01b0ng h\u00f4m nay ch\u00fang m\u00ecnh xin gi\u1edbi thi\u1ec7u t\u1edbi b\u1ed1 m\u1eb9 m\u1ed9t b\u1ed9 s\u00e1ch c\u00f2n th\u00fa v\u1ecb \u0111\u1ed9c \u0111\u00e1o h\u01a1n nhi\u1ec1u. L\u00e0 s\u00e1ch nh\u01b0ng l\u1ea1i t\u1ec9 m\u1ec9 tuy\u1ec7t \u0111\u1eb9p nh\u01b0 m\u1ed9t t\u00e1c ph\u1ea9m ngh\u1ec7 thu\u1eadt \u0111i\u00eau kh\u1eafc b\u1eb1ng gi\u1ea5y. B\u1ed9 s\u00e1ch \u0111\u1ed9c \u0111\u00e1o n\u00e0y c\u00f3 t\u00ean g\u1ecdi S\u00c1CH D\u1ef0NG H\u00ccNH 3D<\/p>\n<p>\u0110i\u1ec3m \u0111\u1eb7c bi\u1ec7t nh\u1ea5t c\u1ee7a b\u1ed9 s\u00e1ch n\u00e0y l\u00e0 nh\u1eefng h\u00ecnh \u1ea3nh 3D s\u1ed1ng \u0111\u1ed9ng tuy\u1ec7t \u0111\u1eb9p, m\u1ed7i trang s\u00e1ch t\u1ef1a nh\u01b0 m\u1ed9t t\u00e1c ph\u1ea9m ngh\u1ec7 thu\u1eadt t\u1ec9 m\u1ec9 s\u1ebd d\u1eabn d\u1eaft b\u00e9 v\u00e0o h\u00e0nh tr\u00ecnh t\u00ecm hi\u1ec3u nh\u1eefng \u0111i\u1ec1u k\u1ef3 di\u1ec7u \u0111ang \u1ea9n gi\u1ea5u trong trang s\u00e1ch.<\/p>\n<p>S\u00e1ch c\u00f2n l\u00e0 s\u1ef1 k\u1ebft h\u1ee3p th\u00e0nh c\u00f4ng gi\u1eefa nhi\u1ec1u h\u00ecnh th\u1ee9c t\u01b0\u01a1ng t\u00e1c th\u1ecb gi\u00e1c th\u00fa v\u1ecb. T\u1eeb nh\u1eefng h\u00ecnh pop-up 3D t\u1ec9 m\u1ec9 \u0111\u01b0\u1ee3c c\u1eaft b\u1eb1ng c\u00f4ng ngh\u1ec7 laser ch\u00ednh x\u00e1c v\u00f4 c\u00f9ng \u0111\u1eb9p m\u1eaft, \u0111\u1ebfn nh\u1eefng b\u1ee9c tranh \u0111\u01b0\u1ee3c v\u1ebd tay t\u1ea1o n\u00ean t\u1ed5ng th\u1ec3 ho\u00e0n h\u1ea3o cho m\u1ed9t trang s\u00e1ch. Kh\u00f4ng qu\u00e1 kh\u00f3 hi\u1ec3u khi b\u1ed9 s\u00e1ch n\u00e0y t\u1eebng nh\u1eadn \u0111\u01b0\u1ee3c gi\u1ea3i th\u01b0\u1edfng Royal Society Young People\u2019s Book \u2013 gi\u1ea3i th\u01b0\u1edfng danh gi\u00e1 d\u00e0nh cho s\u00e1ch thi\u1ebfu nhi t\u1ea1i Anh Qu\u1ed1c<br \/>\n.<br \/>\nB\u1ed9 s\u00e1ch tuy\u1ec7t \u0111\u1eb9p n\u00e0y c\u00f2n \u0111\u01b0\u1ee3c tr\u00ecnh b\u00e0y theo h\u00ecnh th\u1ee9c song ng\u1eef Anh \u2013 Vi\u1ec7t n\u00ean b\u1ed1 m\u1eb9 c\u00f3 th\u1ec3 ch\u1ecdn c\u00e1ch \u0111\u1ecdc ti\u1ebfng Anh \u0111\u1ec3 b\u00e9 l\u00e0m quen v\u1edbi nh\u1eefng t\u1eeb ti\u1ebfng Anh c\u01a1 b\u1ea3n nh\u1ea5t trong s\u00e1ch nh\u00e9!<\/p>\n<p>Gi\u1edd ch\u00fang ta h\u00e3y c\u00f9ng xem n\u1ed9i dung b\u00ean trong t\u1eebng cu\u1ed1n s\u00e1ch:<br \/>\nB\u00ean tr\u00ean c\u00f3 g\u00ec?<br \/>\nV\u00e0o m\u1ed9t ng\u00e0y xu\u00e2n \u1ea5m \u00e1p, khi b\u1ea1n n\u1eb1m d\u00e0i tr\u00ean th\u1ea3m c\u1ecf m\u1ecdc cao, th\u1ee9 g\u00ec c\u00f3 th\u1ec3 l\u1ed3m c\u1ed3m b\u00f2 ngang qua nh\u1eefng chi\u1ebfc l\u00e1 \u0111ang \u0111ung \u0111\u01b0a tr\u00ean m\u0169i b\u1ea1n? V\u00e0 khi nh\u1eefng b\u01b0\u1edbc ch\u00e2n \u0111\u1ea7y t\u00f2 m\u00f2 \u0111\u01b0a b\u1ea1n \u0111i d\u1ecdc nh\u1eefng con ph\u1ed1 th\u00e0nh th\u1ecb, ai c\u00f3 th\u1ec3 \u0111ang th\u01b0 gi\u00e3n tr\u00ean nh\u1eefng m\u00e1i nh\u00e0?<br \/>\nH\u00e3y h\u01b0\u1edbng m\u1eaft l\u00ean \u0111\u1ec3 th\u1ea5y nh\u1eefng ch\u00fa \u0111\u1ea1i b\u00e0ng s\u00e0 xu\u1ed1ng b\u1eaft m\u1ed3i trong m\u1ed9t khu r\u1eebng m\u01b0a, nh\u1eefng ch\u00fa g\u1ea5u \u0111en tha th\u1ea9n \u0111i trong v\u01b0\u01a1ng qu\u1ed1c \u0111\u1ed3i n\u00fai v\u00e0 m\u1ed9t ng\u00f4i sao ch\u1ed5i l\u01b0\u1edbt ngang qua b\u1ea7u tr\u1eddi. C\u00f2n nh\u1eefng \u0111i\u1ec1u k\u1ef3 di\u1ec7u n\u00e0o n\u1eefa \u0111ang ch\u1edd \u0111\u01b0\u1ee3c kh\u00e1m ph\u00e1?<\/p>\n<p>B\u00ean d\u01b0\u1edbi c\u00f3 g\u00ec?<br \/>\nKhi gi\u1eabm \u0111\u00f4i gi\u00e0y xu\u1ed1ng nh\u1eefng c\u00e1nh \u0111\u1ed3ng tuy\u1ebft ph\u1ee7 v\u00e0o m\u00f9a \u0111\u00f4ng, b\u1ea1n \u0111\u00e3 bao gi\u1edd t\u1ef1 h\u1ecfi c\u00f3 g\u00ec \u1edf d\u01b0\u1edbi \u0111\u00f3 ch\u01b0a? B\u1ea1n c\u00f3 t\u01b0\u1edfng t\u01b0\u1ee3ng \u0111\u01b0\u1ee3c th\u1ee9 g\u00ec \u1edf d\u01b0\u1edbi nh\u1eefng l\u1edbp s\u00f3ng c\u1ee7a c\u00e1c \u0111\u1ea1i d\u01b0\u01a1ng kh\u00f4ng?<\/p>\n<p>Xin ch\u00e0o m\u1eebng b\u1ea1n t\u1edbi v\u1edbi th\u1ebf gi\u1edbi \u1edf b\u00ean d\u01b0\u1edbi, n\u01a1i nh\u1eefng ch\u00fa macmot ch\u00e2u M\u1ef9 ng\u1ee7 \u0111\u00f4ng trong hang s\u00e2u, n\u01a1i nh\u1eefng con ngh\u00eau n\u00e9p m\u00ecnh trong r\u1ea1n san h\u00f4 v\u00e0 nh\u1eefng th\u00e0nh ph\u1ed1 c\u1ed5 \u0111\u1ea1i \u1ea9n d\u01b0\u1edbi \u0111\u01b0\u1eddng ph\u1ed1 hi\u1ec7n \u0111\u1ea1i. C\u00f2n nh\u1eefng b\u00ed m\u1eadt g\u00ec \u0111ang ch\u1edd \u0111\u01b0\u1ee3c kh\u00e1m ph\u00e1?<\/p>\n<p>Tr\u00ecnh ch\u01a1i Video<\/p>\n","protected":false},"excerpt":{"rendered":"<p>B\u00ean d\u01b0\u1edbi c\u00f3 g\u00ec?<br \/>\nKhi gi\u1eabm \u0111\u00f4i gi\u00e0y xu\u1ed1ng nh\u1eefng c\u00e1nh \u0111\u1ed3ng tuy\u1ebft ph\u1ee7 v\u00e0o m\u00f9a \u0111\u00f4ng, b\u1ea1n \u0111\u00e3 bao gi\u1edd t\u1ef1 h\u1ecfi c\u00f3 g\u00ec \u1edf d\u01b0\u1edbi \u0111\u00f3 ch\u01b0a? B\u1ea1n c\u00f3 t\u01b0\u1edfng t\u01b0\u1ee3ng \u0111\u01b0\u1ee3c th\u1ee9 g\u00ec \u1edf d\u01b0\u1edbi nh\u1eefng l\u1edbp s\u00f3ng c\u1ee7a c\u00e1c \u0111\u1ea1i d\u01b0\u01a1ng kh\u00f4ng?<\/p>\n<p>Xin ch\u00e0o m\u1eebng b\u1ea1n t\u1edbi v\u1edbi th\u1ebf gi\u1edbi \u1edf b\u00ean d\u01b0\u1edbi, n\u01a1i nh\u1eefng ch\u00fa macmot ch\u00e2u M\u1ef9 ng\u1ee7 \u0111\u00f4ng trong hang s\u00e2u, n\u01a1i nh\u1eefng con ngh\u00eau n\u00e9p m\u00ecnh trong r\u1ea1n san h\u00f4 v\u00e0 nh\u1eefng th\u00e0nh ph\u1ed1 c\u1ed5 \u0111\u1ea1i \u1ea9n d\u01b0\u1edbi \u0111\u01b0\u1eddng ph\u1ed1 hi\u1ec7n \u0111\u1ea1i. C\u00f2n nh\u1eefng b\u00ed m\u1eadt g\u00ec \u0111ang ch\u1edd \u0111\u01b0\u1ee3c kh\u00e1m ph\u00e1?<\/p>\n","protected":false},"featured_media":5309,"template":"","meta":{"_acf_changed":false},"product_brand":[],"product_cat":[17,24,25,26],"product_tag":[],"class_list":{"0":"post-5313","1":"product","2":"type-product","3":"status-publish","4":"has-post-thumbnail","6":"product_cat-sach-danh-cho-cac-be","7":"product_cat-nha-tre-mau-giao-0-tuoi-6-tuoi","8":"product_cat-nhi-dong-6-tuoi-12-tuoi","9":"product_cat-thieu-nien-11-tuoi-18-tuoi","11":"first","12":"outofstock","13":"taxable","14":"shipping-taxable","15":"purchasable","16":"product-type-simple"},"supplier_id":null,"supplier_sku":"","barcode":null,"atum_controlled":true,"out_stock_date":"2021-06-07 13:16:16","out_stock_threshold":null,"inheritable":false,"inbound_stock":0,"stock_on_hold":0,"sold_today":0,"sales_last_days":0,"reserved_stock":0,"customer_returns":0,"warehouse_damage":0,"lost_in_post":0,"other_logs":0,"out_stock_days":1696,"lost_sales":0,"has_location":false,"update_date":"2026-01-28T23:10:37","atum_locations":[],"atum_stock_status":"outofstock","restock_status":false,"low_stock_amount":"","sales_update_date":"2026-01-28T23:10:37","calc_backorders":null,"acf":{"publisher":{"ID":1470,"post_author":"2","post_date":"2021-02-17 01:12:47","post_date_gmt":"2021-02-16 23:12:47","post_content":"<!-- wp:flatsome\/uxbuilder -->\n<h1 style=\"text-align: center\"><strong>\u0110inh T\u1ecb<\/strong><\/h1>\n[row]\n\n[col span=\"4\" span__sm=\"12\"]\n\n[ux_image id=\"1831\" image_size=\"medium\"]\n\n\n[\/col]\n[col span=\"8\" span__sm=\"12\"]\n\n<p><strong>\u0110inh T\u1ecb Books - Ti\u00ean phong s\u00e1ng t\u1ea1o<\/strong><\/p>\n<p>Th\u00e0nh l\u1eadp n\u0103m 2006, t\u1edbi nay \u0110inh T\u1ecb Books \u0111\u01b0\u1ee3c \u0111\u00e1nh gi\u1ea3 l\u00e0 \u0111\u01a1n v\u1ecb xu\u1ea5t b\u1ea3n uy t\u00edn c\u00f3 t\u1ed1c \u0111\u1ed9 ph\u00e1t tri\u1ec3n nhanh nh\u1ea5t g\u1eafn v\u1edbi th\u00e0nh c\u00f4ng c\u1ee7a hai t\u1ee7 s\u00e1ch l\u1edbn: T\u1ee7 s\u00e1ch Thi\u1ebfu nhi - T\u1ee7 s\u00e1ch V\u0103n h\u1ecdc. Trong \u0111\u00f3 ph\u1ea3i k\u1ec3 t\u1edbi b\u01b0\u1edbc chuy\u1ec3n m\u00ecnh \u0111\u1ea7y \u1ea5n t\u01b0\u1ee3ng, tr\u1edf th\u00e0nh \u0111\u01a1n v\u1ecb ti\u00ean phong s\u00e1ng t\u1ea1o d\u00f2ng S\u00c1CH T\u01af\u01a0NG T\u00c1C thi\u1ebfu nhi. V\u1edbi h\u01a1n 300 t\u1ef1a s\u00e1ch t\u01b0\u01a1ng t\u00e1c \u0111ang l\u01b0u h\u00e0nh, \u0110inh T\u1ecb Books \u0111\u00e3 mang \u0111\u1ebfn nh\u1eefng gi\u00e1 tr\u1ecb tr\u1ea3i nghi\u1ec7m tuy\u1ec7t v\u1eddi, \u0111\u01b0a vi\u1ec7c h\u1ecdc v\u00e0 ch\u01a1i c\u00f9ng s\u00e1ch tr\u1edf n\u00ean hi\u1ec7u qu\u1ea3 h\u01a1n, gi\u00fap tr\u1ebb th\u00f4ng minh, t\u0103ng tr\u01b0\u1edfng c\u00e1c ch\u1ec9 s\u1ed1 IQ, EQ.<\/p>\n<p><strong>Th\u1ebf m\u1ea1nh c\u1ee7a \u0110inh T\u1ecb Books<\/strong><\/p>\n<p>V\u1edbi kinh nghi\u1ec7m nhi\u1ec1u n\u0103m trong ng\u00e0nh xu\u1ea5t b\u1ea3n, \u0110inh T\u1ecb Books tin r\u1eb1ng c\u00e1c b\u1eadc cha m\u1eb9 lu\u00f4n d\u00e0nh nh\u1eefng \u0111i\u1ec1u t\u1ed1t \u0111\u1eb9p nh\u1ea5t cho c\u00e1c con c\u1ee7a m\u00ecnh. \u0110\u1ecdc s\u00e1ch c\u00f9ng con lu\u00f4n l\u00e0 l\u1ef1a ch\u1ecdn h\u00e0ng \u0111\u1ea7u gi\u00fap g\u1eafn k\u1ebft t\u00ecnh y\u00eau th\u01b0\u01a1ng \u0111\u1ed3ng th\u1eddi gi\u00fap con nu\u00f4i d\u01b0\u1ee1ng ni\u1ec1m \u0111am m\u00ea v\u1edbi s\u00e1ch.<\/p>\n\n[\/col]\n\n[\/row]\n<p><strong>T\u00ecnh y\u00eau l\u1edbn d\u00e0nh cho nh\u1eefng cu\u1ed1n s\u00e1ch.<\/strong><\/p>\n<p>Xu\u1ea5t ph\u00e1t t\u1eeb t\u00ecnh y\u00eau v\u1edbi nh\u1eefng cu\u1ed1n s\u00e1ch, l\u00f2ng t\u1eadn t\u00e2m mu\u1ed1n g\u00ecn gi\u1eef nh\u1eefng gi\u00e1 tr\u1ecb v\u0103n h\u00f3a truy\u1ec1n th\u1ed1ng c\u1ee7a Vi\u1ec7t Nam, mong mu\u1ed1n \u0111\u01b0a nh\u1eefng gi\u00e1 tr\u1ecb \u0111\u1eadm ch\u1ea5t Vi\u1ec7t Nam \u0111\u1ebfn v\u1edbi tr\u1ebb em Vi\u1ec7t, c\u00e1c th\u00e0nh vi\u00ean s\u00e1ng t\u1ea1o c\u1ee7a \u0110inh T\u1ecb Books \u0111\u00e3 kh\u00f4ng ng\u1eebng n\u1ed7 l\u1ef1c, t\u00ecm t\u00f2i v\u00e0 h\u1ecdc h\u1ecfi, \u0111\u1ec3 \u0111\u01b0a nh\u1eefng cu\u1ed1n s\u00e1ch \u201c100% made in Vietnam\u201d \u0111\u1ebfn v\u1edbi tr\u1ebb em Vi\u1ec7t. C\u00e1c ki\u1ebfn th\u1ee9c b\u1ed5 \u00edch \u0111\u01b0\u1ee3c truy\u1ec1n t\u1ea3i th\u00f4ng qua nh\u1eefng t\u01b0\u01a1ng t\u00e1c th\u00fa v\u1ecb gi\u00fap tr\u1ebb nh\u1edb l\u00e2u h\u01a1n, h\u1ecdc t\u1ed1t h\u01a1n.<\/p>\n<p>Nh\u1eadn ra \u0111\u01b0\u1ee3c s\u1ee9 m\u1ec7nh v\u00e0 t\u1ea7m nh\u00ecn c\u1ee7a \u0110inh T\u1ecb, <strong>SACHVIET.EU<\/strong> \u0111\u00e3 li\u00ean l\u1ea1c v\u1edbi \u0110inh T\u1ecb \u0111\u1ec3 \u0111\u01b0\u1ee3c h\u1ed7 tr\u1ee3 \u0111\u01b0a nh\u1eefng cu\u1ed1n s\u00e1ch mang gi\u00e1 tr\u1ecb \u0111\u1eadm ch\u1ea5t Vi\u1ec7t Nam \u0111\u1ebfn v\u1edbi tr\u1ebb em Vi\u1ec7t v\u00e0 c\u1ed9ng \u0111\u1ed3ng Vi\u1ec7t s\u1ed1ng t\u1ea1i Ch\u00e2u \u00c2u. SACHVIET.EU \u0111\u1eb7t l\u00f2ng tin \u1edf \u0110inh T\u1ecb s\u1ebd lu\u00f4n \u0111em \u0111\u1ebfn nh\u1eefng gi\u00e1 tr\u1ecb cao qua t\u1eebng trang s\u00e1ch v\u00e0 hy v\u1ecdng \u0111\u1ed9c gi\u1ea3 s\u1ebd lu\u00f4n h\u00e0i l\u00f2ng v\u1edbi ch\u1ea5t l\u01b0\u1ee3ng m\u00e0 \u0110inh T\u1ecb theo \u0111u\u1ed5i bao n\u0103m qua.<\/p>\n\n<!-- \/wp:flatsome\/uxbuilder -->","post_title":"\u0110inh T\u1ecb","post_excerpt":"","post_status":"publish","comment_status":"closed","ping_status":"closed","post_password":"","post_name":"dinh-ti","to_ping":"","pinged":"","post_modified":"2022-12-19 23:15:43","post_modified_gmt":"2022-12-19 21:15:43","post_content_filtered":"","post_parent":0,"guid":"https:\/\/sachviet.eu\/nha-phat-hanh\/dinh-ti\/","menu_order":0,"post_type":"publisher","post_mime_type":"","comment_count":"0","filter":"raw"}},"_links":{"self":[{"href":"https:\/\/sachviet.eu\/en\/wp-json\/wp\/v2\/product\/5313","targetHints":{"allow":["GET"]}}],"collection":[{"href":"https:\/\/sachviet.eu\/en\/wp-json\/wp\/v2\/product"}],"about":[{"href":"https:\/\/sachviet.eu\/en\/wp-json\/wp\/v2\/types\/product"}],"wp:featuredmedia":[{"embeddable":true,"href":"https:\/\/sachviet.eu\/en\/wp-json\/wp\/v2\/media\/5309"}],"wp:attachment":[{"href":"https:\/\/sachviet.eu\/en\/wp-json\/wp\/v2\/media?parent=5313"}],"wp:term":[{"taxonomy":"product_brand","embeddable":true,"href":"https:\/\/sachviet.eu\/en\/wp-json\/wp\/v2\/product_brand?post=5313"},{"taxonomy":"product_cat","embeddable":true,"href":"https:\/\/sachviet.eu\/en\/wp-json\/wp\/v2\/product_cat?post=5313"},{"taxonomy":"product_tag","embeddable":true,"href":"https:\/\/sachviet.eu\/en\/wp-json\/wp\/v2\/product_tag?post=5313"}],"curies":[{"name":"wp","href":"https:\/\/api.w.org\/{rel}","templated":true}]}}