{"id":5303,"date":"2021-03-12T00:21:55","date_gmt":"2021-03-11T22:21:55","guid":{"rendered":"https:\/\/sachviet.eu\/shop\/luoc-su-do-vat-va-nhung-chuyen-ben-le-thu-vi\/"},"modified":"2024-08-12T09:59:36","modified_gmt":"2024-08-12T06:59:36","slug":"luoc-su-do-vat-va-nhung-chuyen-ben-le-thu-vi","status":"publish","type":"product","link":"https:\/\/sachviet.eu\/en\/shop\/luoc-su-do-vat-va-nhung-chuyen-ben-le-thu-vi\/","title":{"rendered":"L\u01b0\u1ee3c S\u1eed \u0110\u1ed3 V\u1eadt V\u00e0 Nh\u1eefng Chuy\u1ec7n B\u00ean L\u1ec1 Th\u00fa V\u1ecb"},"content":{"rendered":"<p>B\u1ea1n c\u00f3 bao gi\u1edd nh\u00ecn m\u1ed9t \u0111\u1ed3 v\u1eadt n\u00e0o \u0111\u00f3 trong nh\u00e0, nh\u01b0 ti vi hay&#8230; b\u00e0n ch\u1ea3i \u0111\u00e1nh r\u0103ng ch\u1eb3ng h\u1ea1n, v\u00e0 t\u1ef1 h\u1ecfi ch\u00fang \u0111\u00e3 ra \u0111\u1eddi nh\u01b0 th\u1ebf n\u00e0o?<\/p>\n<p>\u0110\u1ed3 v\u1eadt kh\u00f4ng t\u1ef1 nhi\u00ean sinh ra. Lu\u00f4n c\u00f3 m\u1ed9t ai \u0111\u00f3 t\u1eebng s\u00e1ng t\u1ea1o ra ch\u00fang, b\u1eaft ngu\u1ed3n t\u1eeb m\u1ed9t nhu c\u1ea7u c\u1ea5p thi\u1ebft n\u00e0o \u0111\u00f3 c\u1ee7a cu\u1ed9c s\u1ed1ng. Qu\u00e1 tr\u00ecnh \u1ea5y kh\u00f4ng ph\u1ea3i l\u00fac n\u00e0o c\u0169ng kh\u00f4 c\u1ee9ng nh\u01b0 trong ph\u00f2ng th\u00ed nghi\u1ec7m hay t\u1ea1i c\u00f4ng ty s\u1ea3n xu\u1ea5t. \u0110\u00f4i khi, nh\u1eefng \u0111\u1ed3 v\u1eadt b\u00ecnh th\u01b0\u1eddng nh\u1ea5t l\u1ea1i ch\u1ee9a \u0111\u1ef1ng c\u00e1c c\u00e2u chuy\u1ec7n ra \u0111\u1eddi cu\u1ed1n h\u00fat, gi\u00e0u c\u1ea3m x\u00fac v\u00e0 g\u00e2y ng\u1ea1c nhi\u00ean nh\u1ea5t.<\/p>\n<p>C\u00f3 nh\u1eefng c\u00e2u chuy\u1ec7n t\u1ef1 th\u00e2n \u0111\u00e3 l\u00e0 m\u1ed9t h\u00e0nh tr\u00ecnh kh\u00e1m ph\u00e1 v\u1edbi nhi\u1ec1u y\u1ebfu t\u1ed1 b\u1ea5t ng\u1edd. B\u00e0n ch\u1ea3i \u0111\u00e1nh r\u0103ng do m\u1ed9t t\u00f9 nh\u00e2n b\u1ecb b\u1eaft trong cu\u1ed9c ph\u1ea3n lo\u1ea1n t\u1ea1o ra. K\u1eb9o sing gum l\u1ea1i g\u1eafn li\u1ec1n v\u1edbi m\u1ed9t cu\u1ed9c c\u00e1ch m\u1ea1ng t\u1eeb Mexico. B\u01b0u thi\u1ebfp l\u00e0 k\u1ebft qu\u1ea3 c\u1ee7a m\u1ed9t tr\u00f2 ch\u01a1i kh\u0103m h\u00e0i h\u01b0\u1edbc&#8230;<\/p>\n<p>C\u00f3 nh\u1eefng c\u00e2u chuy\u1ec7n mang \u0111\u1ebfn m\u1ed9t g\u00f3c nh\u00ecn v\u1ec1 con ng\u01b0\u1eddi, v\u0103n h\u00f3a, th\u1eddi \u0111\u1ea1i \u0111\u00e3 qua. Chi\u1ebfc n\u0129a \u0111\u01a1n gi\u1ea3n t\u1eebng \u0111\u1ea1i di\u1ec7n cho v\u0103n h\u00f3a qu\u00ed t\u1ed9c ch\u00e2u \u00c2u. K\u00e9o g\u1eafn li\u1ec1n v\u1edbi ni\u1ec1m tin v\u1ec1 c\u00e1i ch\u1ebft c\u1ee7a ng\u01b0\u1eddi x\u01b0a. M\u00e1y d\u1eadp ghim l\u00e0 b\u00e1u v\u1eadt c\u1ee7a ho\u00e0ng gia Ph\u00e1p&#8230;<\/p>\n<p>C\u00f3 nh\u1eefng c\u00e2u chuy\u1ec7n g\u1eafn li\u1ec1n v\u1edbi t\u00e2m t\u01b0, t\u00ecnh c\u1ea3m, \u01b0\u1edbc m\u01a1 c\u1ee7a c\u00e1c nh\u00e0 s\u00e1ng ch\u1ebf. M\u00e1y truy\u1ec1n h\u00ecnh l\u00e0 s\u00e1ng ch\u1ebf \u0111\u1ec3 k\u1ebft th\u00fac chi\u1ebfn tranh c\u1ee7a m\u1ed9t c\u1eadu b\u00e9 n\u00f4ng d\u00e2n. Thu\u1ed1c n\u1ed5 l\u00e0 ni\u1ec1m h\u1ed1i h\u1eadn kh\u00f4n ngu\u00f4i c\u1ee7a nh\u00e0 s\u00e1ng ch\u1ebf l\u1eebng danh. Dao c\u1ea1o an to\u00e0n l\u00e0 gi\u1ea5c m\u01a1 \u0111\u1ed5i \u0111\u1eddi c\u1ee7a ch\u00e0ng doanh nh\u00e2n ngh\u00e8o&#8230; T\u1eeb \u0111\u00f3, m\u1ed7i \u0111\u1ed3 v\u1eadt l\u1ea1i ch\u1ee9a \u0111\u1ef1ng m\u1ed9t b\u00e0i h\u1ecdc qu\u00ed.<\/p>\n<p>Vi\u1ebft b\u1eb1ng ng\u00f4n ng\u1eef vui nh\u1ed9n k\u1ebft h\u1ee3p v\u1edbi c\u00e1c minh h\u1ecda comic d\u1ec5 th\u01b0\u01a1ng, cu\u1ed1n s\u00e1ch L\u01b0\u1ee3c s\u1eed \u0111\u1ed3 v\u1eadt v\u00e0 nh\u1eefng chuy\u1ec7n b\u1ec1n l\u1ec1 th\u00fa v\u1ecb ch\u1eafc ch\u1eafn s\u1ebd mang \u0111\u1ebfn c\u1ea3 ki\u1ebfn th\u1ee9c \u0111\u00e1ng qu\u00ed v\u00e0 nh\u1eefng gi\u1edd ph\u00fat th\u01b0 gi\u00e3n cho b\u1ea1n \u0111\u1ecdc. B\u1ea1n s\u1ebd kh\u00f4ng bao gi\u1edd nh\u00ecn c\u00e1c \u0111\u1ed3 v\u1eadt h\u00e0ng ng\u00e0y nh\u01b0 c\u0169 n\u1eefa.<\/p>\n","protected":false},"excerpt":{"rendered":"<p>B\u1ea1n c\u00f3 bao gi\u1edd nh\u00ecn m\u1ed9t \u0111\u1ed3 v\u1eadt n\u00e0o \u0111\u00f3 trong nh\u00e0, nh\u01b0 ti vi hay&#8230; b\u00e0n ch\u1ea3i \u0111\u00e1nh r\u0103ng ch\u1eb3ng h\u1ea1n, v\u00e0 t\u1ef1 h\u1ecfi ch\u00fang \u0111\u00e3 ra \u0111\u1eddi nh\u01b0 th\u1ebf n\u00e0o?<\/p>\n<p>\u0110\u1ed3 v\u1eadt kh\u00f4ng t\u1ef1 nhi\u00ean sinh ra. Lu\u00f4n c\u00f3 m\u1ed9t ai \u0111\u00f3 t\u1eebng s\u00e1ng t\u1ea1o ra ch\u00fang, b\u1eaft ngu\u1ed3n t\u1eeb m\u1ed9t nhu c\u1ea7u c\u1ea5p thi\u1ebft n\u00e0o \u0111\u00f3 c\u1ee7a cu\u1ed9c s\u1ed1ng. Qu\u00e1 tr\u00ecnh \u1ea5y kh\u00f4ng ph\u1ea3i l\u00fac n\u00e0o c\u0169ng kh\u00f4 c\u1ee9ng nh\u01b0 trong ph\u00f2ng th\u00ed nghi\u1ec7m hay t\u1ea1i c\u00f4ng ty s\u1ea3n xu\u1ea5t. \u0110\u00f4i khi, nh\u1eefng \u0111\u1ed3 v\u1eadt b\u00ecnh th\u01b0\u1eddng nh\u1ea5t l\u1ea1i ch\u1ee9a \u0111\u1ef1ng c\u00e1c c\u00e2u chuy\u1ec7n ra \u0111\u1eddi cu\u1ed1n h\u00fat, gi\u00e0u c\u1ea3m x\u00fac v\u00e0 g\u00e2y ng\u1ea1c nhi\u00ean nh\u1ea5t.<\/p>\n<p>C\u00f3 nh\u1eefng c\u00e2u chuy\u1ec7n t\u1ef1 th\u00e2n \u0111\u00e3 l\u00e0 m\u1ed9t h\u00e0nh tr\u00ecnh kh\u00e1m ph\u00e1 v\u1edbi nhi\u1ec1u y\u1ebfu t\u1ed1 b\u1ea5t ng\u1edd. B\u00e0n ch\u1ea3i \u0111\u00e1nh r\u0103ng do m\u1ed9t t\u00f9 nh\u00e2n b\u1ecb b\u1eaft trong cu\u1ed9c ph\u1ea3n lo\u1ea1n t\u1ea1o ra. K\u1eb9o sing gum l\u1ea1i g\u1eafn li\u1ec1n v\u1edbi m\u1ed9t cu\u1ed9c c\u00e1ch m\u1ea1ng t\u1eeb Mexico. B\u01b0u thi\u1ebfp l\u00e0 k\u1ebft qu\u1ea3 c\u1ee7a m\u1ed9t tr\u00f2 ch\u01a1i kh\u0103m h\u00e0i h\u01b0\u1edbc&#8230;<\/p>\n<p>C\u00f3 nh\u1eefng c\u00e2u chuy\u1ec7n mang \u0111\u1ebfn m\u1ed9t g\u00f3c nh\u00ecn v\u1ec1 con ng\u01b0\u1eddi, v\u0103n h\u00f3a, th\u1eddi \u0111\u1ea1i \u0111\u00e3 qua. Chi\u1ebfc n\u0129a \u0111\u01a1n gi\u1ea3n t\u1eebng \u0111\u1ea1i di\u1ec7n cho v\u0103n h\u00f3a qu\u00ed t\u1ed9c ch\u00e2u \u00c2u. K\u00e9o g\u1eafn li\u1ec1n v\u1edbi ni\u1ec1m tin v\u1ec1 c\u00e1i ch\u1ebft c\u1ee7a ng\u01b0\u1eddi x\u01b0a. M\u00e1y d\u1eadp ghim l\u00e0 b\u00e1u v\u1eadt c\u1ee7a ho\u00e0ng gia Ph\u00e1p&#8230;<\/p>\n","protected":false},"featured_media":5302,"template":"","meta":{"_acf_changed":false},"product_brand":[],"product_cat":[25,17,26],"product_tag":[],"class_list":{"0":"post-5303","1":"product","2":"type-product","3":"status-publish","4":"has-post-thumbnail","6":"product_cat-nhi-dong-6-tuoi-12-tuoi","7":"product_cat-sach-danh-cho-cac-be","8":"product_cat-thieu-nien-11-tuoi-18-tuoi","10":"first","11":"instock","12":"taxable","13":"shipping-taxable","14":"purchasable","15":"product-type-simple"},"supplier_id":null,"supplier_sku":"","barcode":null,"atum_controlled":true,"out_stock_date":null,"out_stock_threshold":null,"inheritable":false,"inbound_stock":0,"stock_on_hold":0,"sold_today":0,"sales_last_days":0,"reserved_stock":0,"customer_returns":0,"warehouse_damage":0,"lost_in_post":0,"other_logs":0,"out_stock_days":0,"lost_sales":0,"has_location":false,"update_date":"2026-01-28T23:11:20","atum_locations":[],"atum_stock_status":"instock","restock_status":false,"low_stock_amount":"","sales_update_date":"2026-01-28T23:11:20","calc_backorders":null,"acf":{"publisher":{"ID":1454,"post_author":"1","post_date":"2021-02-17 01:11:34","post_date_gmt":"2021-02-16 23:11:34","post_content":"<!-- wp:flatsome\/uxbuilder -->\n<h1 style=\"text-align: center;\"><strong>Kim \u0110\u1ed3ng<\/strong><\/h1>\n[row]\n\n[col span=\"3\" span__sm=\"12\"]\n\n[ux_image id=\"1534\" image_size=\"medium\"]\n\n\n[\/col]\n[col span=\"9\" span__sm=\"12\"]\n\n<p>Nh\u00e0 xu\u1ea5t b\u1ea3n Kim \u0110\u1ed3ng tr\u1ef1c thu\u1ed9c Trung \u01b0\u01a1ng \u0110o\u00e0n TNCS H\u1ed3 Ch\u00ed Minh l\u00e0 Nh\u00e0 xu\u1ea5t b\u1ea3n t\u1ed5ng h\u1ee3p c\u00f3 ch\u1ee9c n\u0103ng xu\u1ea5t b\u1ea3n s\u00e1ch v\u00e0 v\u0103n h\u00f3a ph\u1ea9m ph\u1ee5c v\u1ee5 thi\u1ebfu nhi v\u00e0 c\u00e1c b\u1eadc ph\u1ee5 huynh trong c\u1ea3 n\u01b0\u1edbc, qu\u1ea3ng b\u00e1 v\u00e0 gi\u1edbi thi\u1ec7u v\u0103n h\u00f3a Vi\u1ec7t Nam ra th\u1ebf gi\u1edbi.<br \/>Nh\u00e0 xu\u1ea5t b\u1ea3n c\u00f3 nhi\u1ec7m v\u1ee5 t\u1ed5 ch\u1ee9c b\u1ea3n th\u1ea3o, bi\u00ean so\u1ea1n, bi\u00ean d\u1ecbch, xu\u1ea5t b\u1ea3n v\u00e0 ph\u00e1t h\u00e0nh c\u00e1c xu\u1ea5t b\u1ea3n ph\u1ea9m c\u00f3 n\u1ed9i dung: gi\u00e1o d\u1ee5c truy\u1ec1n th\u1ed1ng d\u00e2n t\u1ed9c, gi\u00e1o d\u1ee5c v\u1ec1 tri th\u1ee9c, ki\u1ebfn th\u1ee9c\u2026 tr\u00ean c\u00e1c l\u0129nh v\u1ef1c v\u0103n h\u1ecdc, ngh\u1ec7 thu\u1eadt, khoa h\u1ecdc k\u1ef9 thu\u1eadt nh\u1eb1m cung c\u1ea5p cho c\u00e1c em thi\u1ebfu nhi c\u0169ng nh\u01b0 c\u00e1c b\u1eadc ph\u1ee5 huynh c\u00e1c ki\u1ebfn th\u1ee9c c\u1ea7n thi\u1ebft trong cu\u1ed9c s\u1ed1ng, nh\u1eefng tinh hoa c\u1ee7a tri th\u1ee9c nh\u00e2n lo\u1ea1i nh\u1eb1m g\u00f3p ph\u1ea7n gi\u00e1o d\u1ee5c v\u00e0 h\u00ecnh th\u00e0nh nh\u00e2n c\u00e1ch th\u1ebf h\u1ec7 tr\u1ebb.<br \/>\u0110\u1ed1i t\u01b0\u1ee3ng ph\u1ee5c v\u1ee5 c\u1ee7a Nh\u00e0 xu\u1ea5t b\u1ea3n l\u00e0 c\u00e1c em t\u1eeb tu\u1ed5i nh\u00e0 tr\u1ebb m\u1eabu gi\u00e1o (1 \u0111\u1ebfn 5 tu\u1ed5i), nhi \u0111\u1ed3ng (6 \u0111\u1ebfn 9 tu\u1ed5i), thi\u1ebfu ni\u00ean (10 \u0111\u1ebfn 15 tu\u1ed5i) \u0111\u1ebfn c\u00e1c em tu\u1ed5i m\u1edbi l\u1edbn (16 \u0111\u1ebfn 18 tu\u1ed5i) v\u00e0 c\u00e1c b\u1eadc ph\u1ee5 huynh.<\/p>\n\n[\/col]\n\n[\/row]\n\n<!-- \/wp:flatsome\/uxbuilder -->","post_title":"Kim \u0110\u1ed3ng","post_excerpt":"","post_status":"publish","comment_status":"closed","ping_status":"closed","post_password":"","post_name":"kim-dong","to_ping":"","pinged":"","post_modified":"2021-02-17 01:31:56","post_modified_gmt":"2021-02-16 23:31:56","post_content_filtered":"","post_parent":0,"guid":"https:\/\/sachviet.eu\/nha-phat-hanh\/kim-dong\/","menu_order":0,"post_type":"publisher","post_mime_type":"","comment_count":"0","filter":"raw"}},"_links":{"self":[{"href":"https:\/\/sachviet.eu\/en\/wp-json\/wp\/v2\/product\/5303","targetHints":{"allow":["GET"]}}],"collection":[{"href":"https:\/\/sachviet.eu\/en\/wp-json\/wp\/v2\/product"}],"about":[{"href":"https:\/\/sachviet.eu\/en\/wp-json\/wp\/v2\/types\/product"}],"wp:featuredmedia":[{"embeddable":true,"href":"https:\/\/sachviet.eu\/en\/wp-json\/wp\/v2\/media\/5302"}],"wp:attachment":[{"href":"https:\/\/sachviet.eu\/en\/wp-json\/wp\/v2\/media?parent=5303"}],"wp:term":[{"taxonomy":"product_brand","embeddable":true,"href":"https:\/\/sachviet.eu\/en\/wp-json\/wp\/v2\/product_brand?post=5303"},{"taxonomy":"product_cat","embeddable":true,"href":"https:\/\/sachviet.eu\/en\/wp-json\/wp\/v2\/product_cat?post=5303"},{"taxonomy":"product_tag","embeddable":true,"href":"https:\/\/sachviet.eu\/en\/wp-json\/wp\/v2\/product_tag?post=5303"}],"curies":[{"name":"wp","href":"https:\/\/api.w.org\/{rel}","templated":true}]}}