{"id":5291,"date":"2021-03-12T00:21:18","date_gmt":"2021-03-11T22:21:18","guid":{"rendered":"https:\/\/sachviet.eu\/shop\/bo-sach-sai-gon-du-ky-2-song-ngu-set-3-quyen\/"},"modified":"2021-06-14T20:35:44","modified_gmt":"2021-06-14T17:35:44","slug":"bo-sach-sai-gon-du-ky-2-song-ngu-set-3-quyen","status":"publish","type":"product","link":"https:\/\/sachviet.eu\/en\/shop\/bo-sach-sai-gon-du-ky-2-song-ngu-set-3-quyen\/","title":{"rendered":"B\u1ed9 S\u00e1ch S\u00e0i G\u00f2n Du K\u00fd 2 (Song Ng\u1eef) &#8211; set 3 quy\u1ec3n"},"content":{"rendered":"<p>Combo S\u00e0i G\u00f2n du k\u00fd 2 (Song ng\u1eef) &#8211; B\u1ed9 3 cu\u1ed1n:<\/p>\n<p>1. M\u00ecnh gh\u00e9 dinh Th\u1ed1ng Nh\u1ea5t<\/p>\n<p>2. M\u00ecnh gh\u00e9 \u0111\u1ecba \u0111\u1ea1o C\u1ee7 Chi<\/p>\n<p>3. M\u00ecnh gh\u00e9 ch\u1ee3 B\u1ebfn Th\u00e0nh<\/p>\n<p>V\u1edbi n\u1ed9i dung \u0111\u01b0\u1ee3c ch\u1ecdn l\u1ecdc k\u1ef9 l\u01b0\u1ee1ng, ng\u00f4n t\u1eeb \u0111i d\u1ecfm c\u00f9ng tranh minh h\u1ecda sinh \u0111\u1ed9ng, \u0111\u00e1ng y\u00eau, b\u1ed9 s\u00e1ch S\u00e0i G\u00f2n du k\u00fd &#8211; Song ng\u1eef s\u1ebd gi\u00fap b\u00e9 l\u1ea7n l\u01b0\u1ee3t \u201cgh\u00e9 th\u0103m\u201d c\u00e1c \u0111\u1ecba danh n\u1ed5i ti\u1ebfng nh\u01b0: Ch\u1ee3 B\u1ebfn Th\u00e0nh, Dinh Th\u1ed1ng Nh\u1ea5t, Nh\u00e0 th\u1edd \u0110\u1ee9c B\u00e0&#8230; Qua \u0111\u00f3, b\u00e9 s\u1ebd h\u1ecdc h\u1ecfi \u0111\u01b0\u1ee3c nhi\u1ec1u ki\u1ebfn th\u1ee9c v\u1ec1 v\u0103n h\u00f3a, l\u1ecbch s\u1eed g\u1eafn v\u1edbi m\u1ea3nh \u0111\u1ea5t S\u00e0i G\u00f2n th\u00e2n y\u00eau! \u0110\u1eb7c bi\u1ec7t, b\u1ed9 s\u00e1ch n\u00e0y \u0111\u01b0\u1ee3c \u0111\u01b0\u1ee3c thi\u1ebft k\u1ebf d\u1ea1ng song ng\u1eef Anh &#8211; Vi\u1ec7t gi\u00fap c\u00e1c b\u00e9 ti\u1ebfp c\u1eadn, l\u00e0m quen v\u1edbi Ti\u1ebfng Anh b\u1eb1ng nh\u1eefng c\u00e2u h\u1ecfi \u0111\u01a1n gi\u1ea3n, d\u1ec5 nh\u1edb.<\/p>\n","protected":false},"excerpt":{"rendered":"<p>Combo S\u00e0i G\u00f2n du k\u00fd 2 (Song ng\u1eef) &#8211; B\u1ed9 3 cu\u1ed1n:<\/p>\n<p>1. M\u00ecnh gh\u00e9 dinh Th\u1ed1ng Nh\u1ea5t<\/p>\n<p>2. M\u00ecnh gh\u00e9 \u0111\u1ecba \u0111\u1ea1o C\u1ee7 Chi<\/p>\n<p>3. M\u00ecnh gh\u00e9 ch\u1ee3 B\u1ebfn Th\u00e0nh<\/p>\n<p>V\u1edbi n\u1ed9i dung \u0111\u01b0\u1ee3c ch\u1ecdn l\u1ecdc k\u1ef9 l\u01b0\u1ee1ng, ng\u00f4n t\u1eeb \u0111i d\u1ecfm c\u00f9ng tranh minh h\u1ecda sinh \u0111\u1ed9ng, \u0111\u00e1ng y\u00eau, b\u1ed9 s\u00e1ch S\u00e0i G\u00f2n du k\u00fd &#8211; Song ng\u1eef s\u1ebd gi\u00fap b\u00e9 l\u1ea7n l\u01b0\u1ee3t \u201cgh\u00e9 th\u0103m\u201d c\u00e1c \u0111\u1ecba danh n\u1ed5i ti\u1ebfng nh\u01b0: Ch\u1ee3 B\u1ebfn Th\u00e0nh, Dinh Th\u1ed1ng Nh\u1ea5t, Nh\u00e0 th\u1edd \u0110\u1ee9c B\u00e0&#8230; Qua \u0111\u00f3, b\u00e9 s\u1ebd h\u1ecdc h\u1ecfi \u0111\u01b0\u1ee3c nhi\u1ec1u ki\u1ebfn th\u1ee9c v\u1ec1 v\u0103n h\u00f3a, l\u1ecbch s\u1eed g\u1eafn v\u1edbi m\u1ea3nh \u0111\u1ea5t S\u00e0i G\u00f2n th\u00e2n y\u00eau! \u0110\u1eb7c bi\u1ec7t, b\u1ed9 s\u00e1ch n\u00e0y \u0111\u01b0\u1ee3c \u0111\u01b0\u1ee3c thi\u1ebft k\u1ebf d\u1ea1ng song ng\u1eef Anh &#8211; Vi\u1ec7t gi\u00fap c\u00e1c b\u00e9 ti\u1ebfp c\u1eadn, l\u00e0m quen v\u1edbi Ti\u1ebfng Anh b\u1eb1ng nh\u1eefng c\u00e2u h\u1ecfi \u0111\u01a1n gi\u1ea3n, d\u1ec5 nh\u1edb.<\/p>\n","protected":false},"featured_media":5290,"template":"","meta":{"_acf_changed":false},"product_brand":[],"product_cat":[25,17,39,71],"product_tag":[],"class_list":{"0":"post-5291","1":"product","2":"type-product","3":"status-publish","4":"has-post-thumbnail","6":"product_cat-nhi-dong-6-tuoi-12-tuoi","7":"product_cat-sach-danh-cho-cac-be","8":"product_cat-sach-song-ngu-anh-viet","9":"product_cat-sach-tre-em-thuan-viet","11":"first","12":"outofstock","13":"taxable","14":"shipping-taxable","15":"purchasable","16":"product-type-simple"},"supplier_id":null,"supplier_sku":"","barcode":null,"atum_controlled":true,"out_stock_date":"2021-05-31 14:45:42","out_stock_threshold":null,"inheritable":false,"inbound_stock":0,"stock_on_hold":0,"sold_today":0,"sales_last_days":0,"reserved_stock":0,"customer_returns":0,"warehouse_damage":0,"lost_in_post":0,"other_logs":0,"out_stock_days":1703,"lost_sales":0,"has_location":false,"update_date":"2026-01-28T23:10:37","atum_locations":[],"atum_stock_status":"outofstock","restock_status":false,"low_stock_amount":"","sales_update_date":"2026-01-28T23:10:37","calc_backorders":null,"acf":{"publisher":{"ID":5287,"post_author":"1","post_date":"2021-03-12 00:21:11","post_date_gmt":"2021-03-11 22:21:11","post_content":"","post_title":"Phuc Minh Books","post_excerpt":"","post_status":"publish","comment_status":"closed","ping_status":"closed","post_password":"","post_name":"phuc-minh-books","to_ping":"","pinged":"","post_modified":"2021-03-12 00:21:11","post_modified_gmt":"2021-03-11 22:21:11","post_content_filtered":"","post_parent":0,"guid":"https:\/\/sachviet.eu\/blog\/nha-phat-hanh\/phuc-minh-books\/","menu_order":0,"post_type":"publisher","post_mime_type":"","comment_count":"0","filter":"raw"}},"_links":{"self":[{"href":"https:\/\/sachviet.eu\/en\/wp-json\/wp\/v2\/product\/5291","targetHints":{"allow":["GET"]}}],"collection":[{"href":"https:\/\/sachviet.eu\/en\/wp-json\/wp\/v2\/product"}],"about":[{"href":"https:\/\/sachviet.eu\/en\/wp-json\/wp\/v2\/types\/product"}],"wp:featuredmedia":[{"embeddable":true,"href":"https:\/\/sachviet.eu\/en\/wp-json\/wp\/v2\/media\/5290"}],"wp:attachment":[{"href":"https:\/\/sachviet.eu\/en\/wp-json\/wp\/v2\/media?parent=5291"}],"wp:term":[{"taxonomy":"product_brand","embeddable":true,"href":"https:\/\/sachviet.eu\/en\/wp-json\/wp\/v2\/product_brand?post=5291"},{"taxonomy":"product_cat","embeddable":true,"href":"https:\/\/sachviet.eu\/en\/wp-json\/wp\/v2\/product_cat?post=5291"},{"taxonomy":"product_tag","embeddable":true,"href":"https:\/\/sachviet.eu\/en\/wp-json\/wp\/v2\/product_tag?post=5291"}],"curies":[{"name":"wp","href":"https:\/\/api.w.org\/{rel}","templated":true}]}}