{"id":5262,"date":"2021-03-11T22:00:50","date_gmt":"2021-03-11T20:00:50","guid":{"rendered":"https:\/\/sachviet.eu\/shop\/in-focus-cuon-sach-khong-lo-ve-cac-thanh-pho\/"},"modified":"2021-04-27T00:18:54","modified_gmt":"2021-04-26T21:18:54","slug":"in-focus-cuon-sach-khong-lo-ve-cac-thanh-pho","status":"publish","type":"product","link":"https:\/\/sachviet.eu\/en\/shop\/in-focus-cuon-sach-khong-lo-ve-cac-thanh-pho\/","title":{"rendered":"In Focus &#8211; Cu\u1ed1n s\u00e1ch kh\u1ed5ng l\u1ed3 v\u1ec1 c\u00e1c th\u00e0nh ph\u1ed1"},"content":{"rendered":"<p>In focus c\u00f3 ngh\u0129a l\u00e0 nh\u00ecn s\u00e2u v\u00e0o, t\u1eadp trung h\u01a1n, t\u00ecm hi\u1ec3u k\u1ef9 h\u01a1n. V\u00e0 \u0111\u00fang theo tinh th\u1ea7n c\u1ee7a t\u00ean g\u1ecdi \u1ea5y, nh\u1eefng ki\u1ebfn th\u1ee9c \u0111\u01b0\u1ee3c gi\u1edbi thi\u1ec7u trong b\u1ed9 s\u00e1ch n\u00e0y \u0111\u1ec1u \u0111\u01b0\u1ee3c nh\u00ecn nh\u1eadn \u1edf nh\u1eefng g\u00f3c nh\u00ecn v\u00f4 c\u00f9ng S\u00c1NG T\u1ea0O m\u00e0 ch\u1eafc h\u1eb3n r\u1eb1ng s\u1ebd khi\u1ebfn c\u1ea3 nh\u00e0 m\u00ecnh tr\u1ea7m tr\u1ed3 th\u00edch th\u00fa.<\/p>\n<p>\u0110i\u1ec3m kh\u00e1c bi\u1ec7t \u0111\u1ea7u ti\u00ean \u1edf b\u1ed9 s\u00e1ch n\u00e0y ch\u00ednh l\u00e0 c\u00e1ch tr\u00ecnh b\u00e0y ki\u1ebfn th\u1ee9c c\u1ef1c k\u1ef3 \u0111\u1ed9c \u0111\u00e1o theo nguy\u00ean t\u1eafc hai l\u1edbp: T\u1eea NGO\u00c0I V\u00c0O TRONG. V\u00ed d\u1ee5 nh\u01b0 khi t\u00ecm hi\u1ec3u v\u1ec1 lo\u00e0i c\u00e1 voi xanh, c\u00e1c b\u00e9 s\u1ebd \u0111i t\u1eeb h\u00ecnh d\u00e1ng b\u00ean ngo\u00e0i, nh\u1eefng ki\u1ebfn th\u1ee9c bao qu\u00e1t nh\u1ea5t nh\u01b0 sinh s\u1ed1ng t\u1ea1i \u0111\u00e2u, tu\u1ed5i th\u1ecd nh\u01b0 th\u1ebf n\u00e0o\u2026\u0111\u1ebfn c\u1ea5u t\u1ea1o b\u00ean trong c\u01a1 th\u1ec3 v\u00e0 ch\u1ee9c n\u0103ng t\u1eebng b\u1ed9 ph\u1eadn b\u00ean trong c\u1ee7a lo\u00e0i c\u00e1 n\u00e0y. Hay nh\u01b0 trong cu\u1ed1n s\u00e1ch v\u1ec1 ch\u1ee7 \u0111\u1ec1 Th\u00e0nh ph\u1ed1, c\u00f3 t\u1edbi 10 th\u00e0nh ph\u1ed1 n\u1ed5i ti\u1ebfng nh\u1ea5t \u0111\u01b0\u1ee3c gi\u1edbi thi\u1ec7u t\u1eeb nh\u1eefng g\u00f3c nh\u00ecn bao qu\u00e1t, sau \u0111\u00f3 \u0111i s\u00e2u v\u00e0o kh\u00e1m ph\u00e1 t\u1eebng ng\u00f3c ng\u00e1ch v\u00e0 n\u00e9t \u0111\u1eb7c tr\u01b0ng nh\u1ea5t v\u1ec1 th\u00e0nh ph\u1ed1 \u0111\u00f3. Ch\u00ednh c\u00e1ch gi\u1edbi thi\u1ec7u th\u1ed1ng nh\u1ea5t xuy\u00ean su\u1ed1t n\u00e0y gi\u00fap c\u00e1c b\u00e9 h\u00e0o h\u1ee9ng h\u01a1n khi \u0111\u1ecdc s\u00e1ch, \u0111\u1ed3ng th\u1eddi gi\u00fap b\u00e9 r\u00e8n luy\u1ec7n t\u01b0 duy logic, c\u00e1i nh\u00ecn bao qu\u00e1t to\u00e0n c\u1ea3nh khi t\u00ecm hi\u1ec3u v\u1ec1 m\u1ed9t v\u1ea5n \u0111\u1ec1.<\/p>\n<p>M\u1ed7i cu\u1ed1n In focus c\u00f3 t\u1edbi 10 ch\u1ee7 \u0111\u1ec1 \u0111\u01b0\u1ee3c gi\u1edbi thi\u1ec7u qua h\u00e0ng tr\u0103m b\u1ee9c v\u1ebd minh h\u1ecda tuy\u1ec7t \u0111\u1eb9p t\u1eeb 10 h\u1ecda s\u0129 t\u1eeb nh\u00e0 xu\u1ea5t b\u1ea3n danh ti\u1ebfng Little Tiger Press (Anh qu\u1ed1c). B\u00ean c\u1ea1nh m\u1ed7i h\u00ecnh v\u1ebd s\u1ed1ng \u0111\u1ed9ng l\u00e0 nh\u1eefng ch\u00fa th\u00edch nh\u1ecf \u0111\u1ec3 gi\u1ea3i th\u00edch k\u1ef9 h\u01a1n. L\u00e0 m\u1ed9t b\u1ed9 s\u00e1ch v\u1ec1 khoa h\u1ecdc v\u00e0 du l\u1ecbch nh\u01b0ng ph\u1ea7n tranh v\u1ebd l\u1ea1i chi\u1ebfm t\u1edbi 50% n\u1ed9i dung s\u00e1ch, tranh v\u1ebd r\u1ea5t \u0111\u1eb9p v\u00e0 m\u00e0u s\u1eafc r\u1ea5t t\u01b0\u01a1i s\u00e1ng n\u1eefa n\u00ean ch\u1eafc ch\u1eafn c\u00e1c b\u1ea1n nh\u1ecf s\u1ebd th\u00edch th\u00fa h\u01a1n nh\u1eefng cu\u1ed1n s\u00e1ch khoa h\u1ecdc ch\u1ec9 to\u00e0n ch\u1eef.<\/p>\n<p>\u0110i\u1ec3m \u0111\u1eb7c bi\u1ec7t nh\u1ea5t c\u1ee7a b\u1ed9 s\u00e1ch ch\u00ednh \u1edf nh\u1eefng trang g\u1eadp kh\u1ed5ng l\u1ed3 v\u1edbi chi\u1ec1u d\u00e0i l\u00ean t\u1edbi g\u1ea7n 1 m\u00e9t, g\u1ea7n b\u1eb1ng chi\u1ec1u cao c\u1ee7a m\u1ed9t em b\u00e9 6 tu\u1ed5i. V\u1edbi m\u1ed9t k\u00edch th\u01b0\u1edbc v\u0129 \u0111\u1ea1i ngo\u00e0i s\u1ee9c t\u01b0\u1edfng t\u01b0\u1ee3ng nh\u01b0 v\u1eady, m\u1ed7i cu\u1ed1n IN FOCUS v\u1edbi 10 trang g\u1eadp si\u00eau l\u1edbn b\u00ean trong c\u00f3 th\u1ec3 coi l\u00e0 m\u1ed9t cu\u1ed1n B\u00c1CH KHOA KH\u1ed4NG L\u1ed2 tr\u1ef1c quan v\u00e0 sinh \u0111\u1ed9ng ph\u1ea7n n\u00e0o gi\u00fap th\u1ecfa m\u00e3n tr\u00ed t\u01b0\u1edfng t\u01b0\u1ee3ng c\u1ee7a tr\u1ebb.<\/p>\n<p>N\u1ebfu m\u1eb9 n\u00e0o \u0111\u00e3 t\u1eebng bi\u1ebft \u0111\u1ebfn d\u00f2ng s\u00e1ch kh\u1ed5ng l\u1ed3 do \u0110inh T\u1ecb Books xu\u1ea5t b\u1ea3n th\u00ec c\u00f3 th\u1ec3 y\u00ean t\u00e2m v\u1edbi l\u01b0\u1ee3ng ki\u1ebfn th\u1ee9c bao la v\u00e0 chu\u1ea9n x\u00e1c m\u00e0 nh\u1eefng cu\u1ed1n s\u00e1ch khoa h\u1ecdc trong t\u1ee7 s\u00e1ch n\u00e0y mang \u0111\u1ebfn cho tr\u1ebb. V\u00e0 IN FOCUS c\u0169ng l\u00e0 m\u1ed9t b\u1ed9 s\u00e1ch mang trong m\u00ecnh kho t\u00e0ng tri th\u1ee9c kh\u1ed5ng l\u1ed3 nh\u01b0 v\u1eady.<\/p>\n<p>L\u01b0\u1ee3ng ki\u1ebfn th\u1ee9c \u0111\u1ed3 s\u1ed9 nh\u01b0ng \u0111\u01b0\u1ee3c chia theo t\u1eebng ch\u1ee7 \u0111\u1ec1 nh\u1ecf, d\u1ec5 hi\u1ec3u v\u00e0 \u0111\u1ea7y logic. N\u1ebfu nh\u01b0 ki\u1ebfn th\u1ee9c trong cu\u1ed1n Khoa h\u1ecdc th\u01b0\u1eddng th\u1ee9c \u0111\u01b0\u1ee3c nh\u00f3m v\u00e0o trong t\u1eebng ch\u1ee7 \u0111\u1ec1 nh\u01b0 \u0110\u1ea1i d\u01b0\u01a1ng, \u0110\u1ed9ng v\u1eadt, Ph\u01b0\u01a1ng ti\u1ec7n giao th\u00f4ng, Th\u1ebf gi\u1edbi t\u1ef1 nhi\u00ean, Tr\u00e1i \u0110\u1ea5t v\u00e0 V\u0169 tr\u1ee5, C\u00f4ng tr\u00ecnh x\u00e2y d\u1ef1ng\u2026th\u00ec \u1edf cu\u1ed1n Th\u00e0nh ph\u1ed1, c\u00e1c b\u1ea1n nh\u1ecf s\u1ebd tham gia v\u00e0o h\u00e0nh tr\u00ecnh v\u00f2ng quanh th\u1ebf gi\u1edbi, gh\u00e9 th\u0103m 10 th\u00e0nh ph\u1ed1 \u0111\u1eb7c tr\u01b0ng nh\u1ea5t tr\u1ea3i d\u00e0i tr\u00ean 4 ch\u00e2u l\u1ee5c. Nh\u1eefng th\u00f4ng tin c\u0169ng \u0111\u01b0\u1ee3c ch\u1ecdn l\u1ecdc r\u1ea5t k\u0129, \u0111a s\u1ed1 l\u00e0 c\u00e1c th\u00f4ng tin th\u00fa v\u1ecb nh\u1ea5t, s\u1ebd khi\u1ebfn c\u00e1c b\u1ea1n nh\u1ecf c\u1ea3m th\u1ea5y g\u1ea7n g\u0169i v\u00e0 th\u00edch th\u00fa nh\u1ea5t.<\/p>\n","protected":false},"excerpt":{"rendered":"<p>In focus c\u00f3 ngh\u0129a l\u00e0 nh\u00ecn s\u00e2u v\u00e0o, t\u1eadp trung h\u01a1n, t\u00ecm hi\u1ec3u k\u1ef9 h\u01a1n. V\u00e0 \u0111\u00fang theo tinh th\u1ea7n c\u1ee7a t\u00ean g\u1ecdi \u1ea5y, nh\u1eefng ki\u1ebfn th\u1ee9c \u0111\u01b0\u1ee3c gi\u1edbi thi\u1ec7u trong b\u1ed9 s\u00e1ch n\u00e0y \u0111\u1ec1u \u0111\u01b0\u1ee3c nh\u00ecn nh\u1eadn \u1edf nh\u1eefng g\u00f3c nh\u00ecn v\u00f4 c\u00f9ng S\u00c1NG T\u1ea0O m\u00e0 ch\u1eafc h\u1eb3n r\u1eb1ng s\u1ebd khi\u1ebfn c\u1ea3 nh\u00e0 m\u00ecnh tr\u1ea7m tr\u1ed3 th\u00edch th\u00fa.<\/p>\n<p>\u0110i\u1ec3m kh\u00e1c bi\u1ec7t \u0111\u1ea7u ti\u00ean \u1edf b\u1ed9 s\u00e1ch n\u00e0y ch\u00ednh l\u00e0 c\u00e1ch tr\u00ecnh b\u00e0y ki\u1ebfn th\u1ee9c c\u1ef1c k\u1ef3 \u0111\u1ed9c \u0111\u00e1o theo nguy\u00ean t\u1eafc hai l\u1edbp: T\u1eea NGO\u00c0I V\u00c0O TRONG. V\u00ed d\u1ee5 nh\u01b0 khi t\u00ecm hi\u1ec3u v\u1ec1 lo\u00e0i c\u00e1 voi xanh, c\u00e1c b\u00e9 s\u1ebd \u0111i t\u1eeb h\u00ecnh d\u00e1ng b\u00ean ngo\u00e0i, nh\u1eefng ki\u1ebfn th\u1ee9c bao qu\u00e1t nh\u1ea5t nh\u01b0 sinh s\u1ed1ng t\u1ea1i \u0111\u00e2u, tu\u1ed5i th\u1ecd nh\u01b0 th\u1ebf n\u00e0o\u2026\u0111\u1ebfn c\u1ea5u t\u1ea1o b\u00ean trong c\u01a1 th\u1ec3 v\u00e0 ch\u1ee9c n\u0103ng t\u1eebng b\u1ed9 ph\u1eadn b\u00ean trong c\u1ee7a lo\u00e0i c\u00e1 n\u00e0y. Hay nh\u01b0 trong cu\u1ed1n s\u00e1ch v\u1ec1 ch\u1ee7 \u0111\u1ec1 Th\u00e0nh ph\u1ed1, c\u00f3 t\u1edbi 10 th\u00e0nh ph\u1ed1 n\u1ed5i ti\u1ebfng nh\u1ea5t \u0111\u01b0\u1ee3c gi\u1edbi thi\u1ec7u t\u1eeb nh\u1eefng g\u00f3c nh\u00ecn bao qu\u00e1t, sau \u0111\u00f3 \u0111i s\u00e2u v\u00e0o kh\u00e1m ph\u00e1 t\u1eebng ng\u00f3c ng\u00e1ch v\u00e0 n\u00e9t \u0111\u1eb7c tr\u01b0ng nh\u1ea5t v\u1ec1 th\u00e0nh ph\u1ed1 \u0111\u00f3. Ch\u00ednh c\u00e1ch gi\u1edbi thi\u1ec7u th\u1ed1ng nh\u1ea5t xuy\u00ean su\u1ed1t n\u00e0y gi\u00fap c\u00e1c b\u00e9 h\u00e0o h\u1ee9ng h\u01a1n khi \u0111\u1ecdc s\u00e1ch, \u0111\u1ed3ng th\u1eddi gi\u00fap b\u00e9 r\u00e8n luy\u1ec7n t\u01b0 duy logic, c\u00e1i nh\u00ecn bao qu\u00e1t to\u00e0n c\u1ea3nh khi t\u00ecm hi\u1ec3u v\u1ec1 m\u1ed9t v\u1ea5n \u0111\u1ec1.<\/p>\n<p>M\u1ed7i cu\u1ed1n In focus c\u00f3 t\u1edbi 10 ch\u1ee7 \u0111\u1ec1 \u0111\u01b0\u1ee3c gi\u1edbi thi\u1ec7u qua h\u00e0ng tr\u0103m b\u1ee9c v\u1ebd minh h\u1ecda tuy\u1ec7t \u0111\u1eb9p t\u1eeb 10 h\u1ecda s\u0129 t\u1eeb nh\u00e0 xu\u1ea5t b\u1ea3n danh ti\u1ebfng Little Tiger Press (Anh qu\u1ed1c). B\u00ean c\u1ea1nh m\u1ed7i h\u00ecnh v\u1ebd s\u1ed1ng \u0111\u1ed9ng l\u00e0 nh\u1eefng ch\u00fa th\u00edch nh\u1ecf \u0111\u1ec3 gi\u1ea3i th\u00edch k\u1ef9 h\u01a1n. L\u00e0 m\u1ed9t b\u1ed9 s\u00e1ch v\u1ec1 khoa h\u1ecdc v\u00e0 du l\u1ecbch nh\u01b0ng ph\u1ea7n tranh v\u1ebd l\u1ea1i chi\u1ebfm t\u1edbi 50% n\u1ed9i dung s\u00e1ch, tranh v\u1ebd r\u1ea5t \u0111\u1eb9p v\u00e0 m\u00e0u s\u1eafc r\u1ea5t t\u01b0\u01a1i s\u00e1ng n\u1eefa n\u00ean ch\u1eafc ch\u1eafn c\u00e1c b\u1ea1n nh\u1ecf s\u1ebd th\u00edch th\u00fa h\u01a1n nh\u1eefng cu\u1ed1n s\u00e1ch khoa h\u1ecdc ch\u1ec9 to\u00e0n ch\u1eef.<\/p>\n","protected":false},"featured_media":5259,"template":"","meta":{"_acf_changed":false},"product_brand":[],"product_cat":[25,17,26],"product_tag":[],"class_list":{"0":"post-5262","1":"product","2":"type-product","3":"status-publish","4":"has-post-thumbnail","6":"product_cat-nhi-dong-6-tuoi-12-tuoi","7":"product_cat-sach-danh-cho-cac-be","8":"product_cat-thieu-nien-11-tuoi-18-tuoi","10":"first","11":"instock","12":"taxable","13":"shipping-taxable","14":"purchasable","15":"product-type-simple"},"supplier_id":null,"supplier_sku":"","barcode":null,"atum_controlled":true,"out_stock_date":null,"out_stock_threshold":null,"inheritable":false,"inbound_stock":0,"stock_on_hold":0,"sold_today":0,"sales_last_days":0,"reserved_stock":0,"customer_returns":0,"warehouse_damage":0,"lost_in_post":0,"other_logs":0,"out_stock_days":0,"lost_sales":0,"has_location":false,"update_date":"2026-01-28T23:10:37","atum_locations":[],"atum_stock_status":"instock","restock_status":false,"low_stock_amount":"","sales_update_date":"2026-01-28T23:10:37","calc_backorders":null,"acf":{"publisher":{"ID":1470,"post_author":"2","post_date":"2021-02-17 01:12:47","post_date_gmt":"2021-02-16 23:12:47","post_content":"<!-- wp:flatsome\/uxbuilder -->\n<h1 style=\"text-align: center\"><strong>\u0110inh T\u1ecb<\/strong><\/h1>\n[row]\n\n[col span=\"4\" span__sm=\"12\"]\n\n[ux_image id=\"1831\" image_size=\"medium\"]\n\n\n[\/col]\n[col span=\"8\" span__sm=\"12\"]\n\n<p><strong>\u0110inh T\u1ecb Books - Ti\u00ean phong s\u00e1ng t\u1ea1o<\/strong><\/p>\n<p>Th\u00e0nh l\u1eadp n\u0103m 2006, t\u1edbi nay \u0110inh T\u1ecb Books \u0111\u01b0\u1ee3c \u0111\u00e1nh gi\u1ea3 l\u00e0 \u0111\u01a1n v\u1ecb xu\u1ea5t b\u1ea3n uy t\u00edn c\u00f3 t\u1ed1c \u0111\u1ed9 ph\u00e1t tri\u1ec3n nhanh nh\u1ea5t g\u1eafn v\u1edbi th\u00e0nh c\u00f4ng c\u1ee7a hai t\u1ee7 s\u00e1ch l\u1edbn: T\u1ee7 s\u00e1ch Thi\u1ebfu nhi - T\u1ee7 s\u00e1ch V\u0103n h\u1ecdc. Trong \u0111\u00f3 ph\u1ea3i k\u1ec3 t\u1edbi b\u01b0\u1edbc chuy\u1ec3n m\u00ecnh \u0111\u1ea7y \u1ea5n t\u01b0\u1ee3ng, tr\u1edf th\u00e0nh \u0111\u01a1n v\u1ecb ti\u00ean phong s\u00e1ng t\u1ea1o d\u00f2ng S\u00c1CH T\u01af\u01a0NG T\u00c1C thi\u1ebfu nhi. V\u1edbi h\u01a1n 300 t\u1ef1a s\u00e1ch t\u01b0\u01a1ng t\u00e1c \u0111ang l\u01b0u h\u00e0nh, \u0110inh T\u1ecb Books \u0111\u00e3 mang \u0111\u1ebfn nh\u1eefng gi\u00e1 tr\u1ecb tr\u1ea3i nghi\u1ec7m tuy\u1ec7t v\u1eddi, \u0111\u01b0a vi\u1ec7c h\u1ecdc v\u00e0 ch\u01a1i c\u00f9ng s\u00e1ch tr\u1edf n\u00ean hi\u1ec7u qu\u1ea3 h\u01a1n, gi\u00fap tr\u1ebb th\u00f4ng minh, t\u0103ng tr\u01b0\u1edfng c\u00e1c ch\u1ec9 s\u1ed1 IQ, EQ.<\/p>\n<p><strong>Th\u1ebf m\u1ea1nh c\u1ee7a \u0110inh T\u1ecb Books<\/strong><\/p>\n<p>V\u1edbi kinh nghi\u1ec7m nhi\u1ec1u n\u0103m trong ng\u00e0nh xu\u1ea5t b\u1ea3n, \u0110inh T\u1ecb Books tin r\u1eb1ng c\u00e1c b\u1eadc cha m\u1eb9 lu\u00f4n d\u00e0nh nh\u1eefng \u0111i\u1ec1u t\u1ed1t \u0111\u1eb9p nh\u1ea5t cho c\u00e1c con c\u1ee7a m\u00ecnh. \u0110\u1ecdc s\u00e1ch c\u00f9ng con lu\u00f4n l\u00e0 l\u1ef1a ch\u1ecdn h\u00e0ng \u0111\u1ea7u gi\u00fap g\u1eafn k\u1ebft t\u00ecnh y\u00eau th\u01b0\u01a1ng \u0111\u1ed3ng th\u1eddi gi\u00fap con nu\u00f4i d\u01b0\u1ee1ng ni\u1ec1m \u0111am m\u00ea v\u1edbi s\u00e1ch.<\/p>\n\n[\/col]\n\n[\/row]\n<p><strong>T\u00ecnh y\u00eau l\u1edbn d\u00e0nh cho nh\u1eefng cu\u1ed1n s\u00e1ch.<\/strong><\/p>\n<p>Xu\u1ea5t ph\u00e1t t\u1eeb t\u00ecnh y\u00eau v\u1edbi nh\u1eefng cu\u1ed1n s\u00e1ch, l\u00f2ng t\u1eadn t\u00e2m mu\u1ed1n g\u00ecn gi\u1eef nh\u1eefng gi\u00e1 tr\u1ecb v\u0103n h\u00f3a truy\u1ec1n th\u1ed1ng c\u1ee7a Vi\u1ec7t Nam, mong mu\u1ed1n \u0111\u01b0a nh\u1eefng gi\u00e1 tr\u1ecb \u0111\u1eadm ch\u1ea5t Vi\u1ec7t Nam \u0111\u1ebfn v\u1edbi tr\u1ebb em Vi\u1ec7t, c\u00e1c th\u00e0nh vi\u00ean s\u00e1ng t\u1ea1o c\u1ee7a \u0110inh T\u1ecb Books \u0111\u00e3 kh\u00f4ng ng\u1eebng n\u1ed7 l\u1ef1c, t\u00ecm t\u00f2i v\u00e0 h\u1ecdc h\u1ecfi, \u0111\u1ec3 \u0111\u01b0a nh\u1eefng cu\u1ed1n s\u00e1ch \u201c100% made in Vietnam\u201d \u0111\u1ebfn v\u1edbi tr\u1ebb em Vi\u1ec7t. C\u00e1c ki\u1ebfn th\u1ee9c b\u1ed5 \u00edch \u0111\u01b0\u1ee3c truy\u1ec1n t\u1ea3i th\u00f4ng qua nh\u1eefng t\u01b0\u01a1ng t\u00e1c th\u00fa v\u1ecb gi\u00fap tr\u1ebb nh\u1edb l\u00e2u h\u01a1n, h\u1ecdc t\u1ed1t h\u01a1n.<\/p>\n<p>Nh\u1eadn ra \u0111\u01b0\u1ee3c s\u1ee9 m\u1ec7nh v\u00e0 t\u1ea7m nh\u00ecn c\u1ee7a \u0110inh T\u1ecb, <strong>SACHVIET.EU<\/strong> \u0111\u00e3 li\u00ean l\u1ea1c v\u1edbi \u0110inh T\u1ecb \u0111\u1ec3 \u0111\u01b0\u1ee3c h\u1ed7 tr\u1ee3 \u0111\u01b0a nh\u1eefng cu\u1ed1n s\u00e1ch mang gi\u00e1 tr\u1ecb \u0111\u1eadm ch\u1ea5t Vi\u1ec7t Nam \u0111\u1ebfn v\u1edbi tr\u1ebb em Vi\u1ec7t v\u00e0 c\u1ed9ng \u0111\u1ed3ng Vi\u1ec7t s\u1ed1ng t\u1ea1i Ch\u00e2u \u00c2u. SACHVIET.EU \u0111\u1eb7t l\u00f2ng tin \u1edf \u0110inh T\u1ecb s\u1ebd lu\u00f4n \u0111em \u0111\u1ebfn nh\u1eefng gi\u00e1 tr\u1ecb cao qua t\u1eebng trang s\u00e1ch v\u00e0 hy v\u1ecdng \u0111\u1ed9c gi\u1ea3 s\u1ebd lu\u00f4n h\u00e0i l\u00f2ng v\u1edbi ch\u1ea5t l\u01b0\u1ee3ng m\u00e0 \u0110inh T\u1ecb theo \u0111u\u1ed5i bao n\u0103m qua.<\/p>\n\n<!-- \/wp:flatsome\/uxbuilder -->","post_title":"\u0110inh T\u1ecb","post_excerpt":"","post_status":"publish","comment_status":"closed","ping_status":"closed","post_password":"","post_name":"dinh-ti","to_ping":"","pinged":"","post_modified":"2022-12-19 23:15:43","post_modified_gmt":"2022-12-19 21:15:43","post_content_filtered":"","post_parent":0,"guid":"https:\/\/sachviet.eu\/nha-phat-hanh\/dinh-ti\/","menu_order":0,"post_type":"publisher","post_mime_type":"","comment_count":"0","filter":"raw"}},"_links":{"self":[{"href":"https:\/\/sachviet.eu\/en\/wp-json\/wp\/v2\/product\/5262","targetHints":{"allow":["GET"]}}],"collection":[{"href":"https:\/\/sachviet.eu\/en\/wp-json\/wp\/v2\/product"}],"about":[{"href":"https:\/\/sachviet.eu\/en\/wp-json\/wp\/v2\/types\/product"}],"wp:featuredmedia":[{"embeddable":true,"href":"https:\/\/sachviet.eu\/en\/wp-json\/wp\/v2\/media\/5259"}],"wp:attachment":[{"href":"https:\/\/sachviet.eu\/en\/wp-json\/wp\/v2\/media?parent=5262"}],"wp:term":[{"taxonomy":"product_brand","embeddable":true,"href":"https:\/\/sachviet.eu\/en\/wp-json\/wp\/v2\/product_brand?post=5262"},{"taxonomy":"product_cat","embeddable":true,"href":"https:\/\/sachviet.eu\/en\/wp-json\/wp\/v2\/product_cat?post=5262"},{"taxonomy":"product_tag","embeddable":true,"href":"https:\/\/sachviet.eu\/en\/wp-json\/wp\/v2\/product_tag?post=5262"}],"curies":[{"name":"wp","href":"https:\/\/api.w.org\/{rel}","templated":true}]}}