{"id":5251,"date":"2021-03-11T22:00:25","date_gmt":"2021-03-11T20:00:25","guid":{"rendered":"https:\/\/sachviet.eu\/shop\/theo-dong-thoi-gian-thoi-tien-su\/"},"modified":"2023-02-07T19:58:28","modified_gmt":"2023-02-07T17:58:28","slug":"theo-dong-thoi-gian-thoi-tien-su","status":"publish","type":"product","link":"https:\/\/sachviet.eu\/en\/shop\/theo-dong-thoi-gian-thoi-tien-su\/","title":{"rendered":"Theo d\u00f2ng th\u1eddi gian &#8211; Th\u1eddi ti\u1ec1n s\u1eed"},"content":{"rendered":"<p>M\u1eddi b\u1ea1n h\u00e3y Theo d\u00f2ng th\u1eddi gian \u0111\u1ec3 tham gia v\u00e0o chuy\u1ebfn du h\u00e0nh th\u00fa v\u1ecb v\u1ec1 Th\u1eddi ti\u1ec1n s\u1eed n\u00e0y<\/p>\n<p>B\u1ea1n c\u00f3 th\u1ec3 gh\u00e9 qua \u0111\u1ea1i C\u1ed5 Sinh \u0111\u1ec3 th\u1ea5y nh\u1eefng lo\u00e0i sinh v\u1eadt \u0111\u1ea7u ti\u00ean d\u01b0\u1edbi bi\u1ec3n v\u00e0 tr\u00ean c\u1ea1n, r\u1ed3i h\u01b0\u1edbng \u0111\u1ebfn \u0111\u1ea1i Trung Sinh v\u00e0 ch\u1ee9ng ki\u1ebfn nh\u1eefng lo\u00e0i v\u1eadt kh\u1ed5ng l\u1ed3 ng\u1ef1 tr\u1ecb tr\u00ean Tr\u00e1i \u0110\u1ea5t. Chuy\u1ebfn \u0111i k\u1ef3 th\u00fa c\u00f2n ti\u1ebfp t\u1ee5c \u0111\u01b0a b\u1ea1n t\u1edbi \u0111\u1ea1i T\u00e2n Sinh, th\u0103m th\u00fa h\u1ecd h\u00e0ng r\u1ea5t xa x\u01b0a c\u1ee7a c\u00e1c \u0111\u1ed9ng v\u1eadt hi\u1ec7n nay v\u00e0 g\u1eb7p g\u1ee1 t\u1ed5 ti\u00ean c\u1ee7a lo\u00e0i ng\u01b0\u1eddi.<\/p>\n<p>T\u1eeb c\u00e1c lo\u00e0i t\u1ea3o v\u00e0 b\u1ecd ba th\u00f9y xu\u1ea5t hi\u1ec7n 540 tri\u1ec7u n\u0103m tr\u01b0\u1edbc, cho \u0111\u1ebfn nh\u1eefng lo\u00e0i \u0111\u1ed9ng v\u1eadt xu\u1ea5t hi\u1ec7n v\u00e0o kho\u1ea3ng 2,6 tri\u1ec7u n\u0103m tr\u01b0\u1edbc nh\u01b0 h\u01b0\u01a1u kh\u1ed5ng l\u1ed3, voi ma m\u00fat, hay t\u1ed5 ti\u00ean quan tr\u1ecdng c\u1ee7a con ng\u01b0\u1eddi. Qua m\u1ed7i m\u1ed1c th\u1eddi gian tr\u00ean d\u00f2ng th\u1eddi gian c\u1ee7a cu\u1ed1n s\u00e1ch, b\u1ea1n s\u1ebd thu \u0111\u01b0\u1ee3c v\u00f4 s\u1ed1 nh\u1eefng \u0111i\u1ec1u l\u00fd th\u00fa cho ri\u00eang m\u00ecnh.<\/p>\n<p>Kh\u00f4ng ch\u1ec9 h\u1ea5p d\u1eabn v\u1ec1 n\u1ed9i dung, \u0111\u1ed9c gi\u1ea3 c\u00f2n b\u1ecb thu h\u00fat b\u1edfi nh\u1eefng m\u00ecnh minh h\u1ecda \u0111\u01b0\u1ee3c thi\u1ebft k\u1ebf d\u1ea1ng 3D s\u1ed1ng \u0111\u1ed9ng mang \u0111\u1ebfn cho cu\u1ed1n s\u00e1ch m\u1ed9t di\u1ec7n m\u1ea1o v\u00f4 c\u00f9ng m\u1edbi m\u1ebb, nh\u1eefng tr\u1ea3i nghi\u1ec7m ch\u00e2n th\u1ef1c v\u00e0 \u1ea5n t\u01b0\u1ee3ng.<\/p>\n<p>V\u1edbi c\u00e1c b\u1ea1n nh\u1ecf y\u00eau th\u00edch khoa h\u1ecdc, hay \u0111\u01a1n gi\u1ea3n ch\u1ec9 l\u00e0 t\u00f2 m\u00f2 ho\u1eb7c th\u00edch c\u00e1c lo\u00e0i \u0111\u1ed9ng v\u1eadt trong \u0111\u00f3 c\u00f3 kh\u1ee7ng long, &#8220;Theo d\u00f2ng th\u1eddi gian &#8211; Th\u1eddi ti\u1ec1n s\u1eed&#8221; ch\u1eafc ch\u1eafn l\u00e0 cu\u1ed1n s\u00e1ch kh\u00f4ng th\u1ec3 b\u1ecf l\u1ee1.<\/p>\n<p>Ch\u00fac b\u1ea1n c\u00f3 chuy\u1ebfn du h\u00e0nh xuy\u00ean th\u1eddi gian vui v\u1ebb v\u00e0 \u0111\u1ec3 ti\u1ebfp nh\u1eadn nh\u1eefng ki\u1ebfn th\u1ee9c l\u1ecbch s\u1eed h\u1eefu \u00edch nh\u00e9!<\/p>\n","protected":false},"excerpt":{"rendered":"<p>M\u1eddi b\u1ea1n h\u00e3y Theo d\u00f2ng th\u1eddi gian \u0111\u1ec3 tham gia v\u00e0o chuy\u1ebfn du h\u00e0nh th\u00fa v\u1ecb v\u1ec1 Th\u1eddi ti\u1ec1n s\u1eed n\u00e0y<\/p>\n<p>B\u1ea1n c\u00f3 th\u1ec3 gh\u00e9 qua \u0111\u1ea1i C\u1ed5 Sinh \u0111\u1ec3 th\u1ea5y nh\u1eefng lo\u00e0i sinh v\u1eadt \u0111\u1ea7u ti\u00ean d\u01b0\u1edbi bi\u1ec3n v\u00e0 tr\u00ean c\u1ea1n, r\u1ed3i h\u01b0\u1edbng \u0111\u1ebfn \u0111\u1ea1i Trung Sinh v\u00e0 ch\u1ee9ng ki\u1ebfn nh\u1eefng lo\u00e0i v\u1eadt kh\u1ed5ng l\u1ed3 ng\u1ef1 tr\u1ecb tr\u00ean Tr\u00e1i \u0110\u1ea5t. Chuy\u1ebfn \u0111i k\u1ef3 th\u00fa c\u00f2n ti\u1ebfp t\u1ee5c \u0111\u01b0a b\u1ea1n t\u1edbi \u0111\u1ea1i T\u00e2n Sinh, th\u0103m th\u00fa h\u1ecd h\u00e0ng r\u1ea5t xa x\u01b0a c\u1ee7a c\u00e1c \u0111\u1ed9ng v\u1eadt hi\u1ec7n nay v\u00e0 g\u1eb7p g\u1ee1 t\u1ed5 ti\u00ean c\u1ee7a lo\u00e0i ng\u01b0\u1eddi.<\/p>\n<p>T\u1eeb c\u00e1c lo\u00e0i t\u1ea3o v\u00e0 b\u1ecd ba th\u00f9y xu\u1ea5t hi\u1ec7n 540 tri\u1ec7u n\u0103m tr\u01b0\u1edbc, cho \u0111\u1ebfn nh\u1eefng lo\u00e0i \u0111\u1ed9ng v\u1eadt xu\u1ea5t hi\u1ec7n v\u00e0o kho\u1ea3ng 2,6 tri\u1ec7u n\u0103m tr\u01b0\u1edbc nh\u01b0 h\u01b0\u01a1u kh\u1ed5ng l\u1ed3, voi ma m\u00fat, hay t\u1ed5 ti\u00ean quan tr\u1ecdng c\u1ee7a con ng\u01b0\u1eddi. Qua m\u1ed7i m\u1ed1c th\u1eddi gian tr\u00ean d\u00f2ng th\u1eddi gian c\u1ee7a cu\u1ed1n s\u00e1ch, b\u1ea1n s\u1ebd thu \u0111\u01b0\u1ee3c v\u00f4 s\u1ed1 nh\u1eefng \u0111i\u1ec1u l\u00fd th\u00fa cho ri\u00eang m\u00ecnh.<\/p>\n<p>Th\u1eddi ti\u1ec1n s\u1eed&#8221; ch\u1eafc ch\u1eafn l\u00e0 cu\u1ed1n s\u00e1ch kh\u00f4ng th\u1ec3 b\u1ecf l\u1ee1.<\/p>\n<p>Ch\u00fac b\u1ea1n c\u00f3 chuy\u1ebfn du h\u00e0nh xuy\u00ean th\u1eddi gian vui v\u1ebb v\u00e0 \u0111\u1ec3 ti\u1ebfp nh\u1eadn nh\u1eefng ki\u1ebfn th\u1ee9c l\u1ecbch s\u1eed h\u1eefu \u00edch nh\u00e9!<\/p>\n","protected":false},"featured_media":5248,"template":"","meta":{"_acf_changed":false},"product_brand":[],"product_cat":[25,17,26],"product_tag":[81],"class_list":{"0":"post-5251","1":"product","2":"type-product","3":"status-publish","4":"has-post-thumbnail","6":"product_cat-nhi-dong-6-tuoi-12-tuoi","7":"product_cat-sach-danh-cho-cac-be","8":"product_cat-thieu-nien-11-tuoi-18-tuoi","9":"product_tag-sach-gia-uu-dai","11":"first","12":"outofstock","13":"sale","14":"taxable","15":"shipping-taxable","16":"purchasable","17":"product-type-simple"},"supplier_id":null,"supplier_sku":"","barcode":null,"atum_controlled":true,"out_stock_date":"2023-02-07 17:58:28","out_stock_threshold":null,"inheritable":false,"inbound_stock":0,"stock_on_hold":0,"sold_today":0,"sales_last_days":0,"reserved_stock":0,"customer_returns":0,"warehouse_damage":0,"lost_in_post":0,"other_logs":0,"out_stock_days":1086,"lost_sales":0,"has_location":false,"update_date":"2026-01-28T23:10:37","atum_locations":[],"atum_stock_status":"outofstock","restock_status":false,"low_stock_amount":"","sales_update_date":"2026-01-28T23:10:37","calc_backorders":null,"acf":{"publisher":{"ID":1470,"post_author":"2","post_date":"2021-02-17 01:12:47","post_date_gmt":"2021-02-16 23:12:47","post_content":"<!-- wp:flatsome\/uxbuilder -->\n<h1 style=\"text-align: center\"><strong>\u0110inh T\u1ecb<\/strong><\/h1>\n[row]\n\n[col span=\"4\" span__sm=\"12\"]\n\n[ux_image id=\"1831\" image_size=\"medium\"]\n\n\n[\/col]\n[col span=\"8\" span__sm=\"12\"]\n\n<p><strong>\u0110inh T\u1ecb Books - Ti\u00ean phong s\u00e1ng t\u1ea1o<\/strong><\/p>\n<p>Th\u00e0nh l\u1eadp n\u0103m 2006, t\u1edbi nay \u0110inh T\u1ecb Books \u0111\u01b0\u1ee3c \u0111\u00e1nh gi\u1ea3 l\u00e0 \u0111\u01a1n v\u1ecb xu\u1ea5t b\u1ea3n uy t\u00edn c\u00f3 t\u1ed1c \u0111\u1ed9 ph\u00e1t tri\u1ec3n nhanh nh\u1ea5t g\u1eafn v\u1edbi th\u00e0nh c\u00f4ng c\u1ee7a hai t\u1ee7 s\u00e1ch l\u1edbn: T\u1ee7 s\u00e1ch Thi\u1ebfu nhi - T\u1ee7 s\u00e1ch V\u0103n h\u1ecdc. Trong \u0111\u00f3 ph\u1ea3i k\u1ec3 t\u1edbi b\u01b0\u1edbc chuy\u1ec3n m\u00ecnh \u0111\u1ea7y \u1ea5n t\u01b0\u1ee3ng, tr\u1edf th\u00e0nh \u0111\u01a1n v\u1ecb ti\u00ean phong s\u00e1ng t\u1ea1o d\u00f2ng S\u00c1CH T\u01af\u01a0NG T\u00c1C thi\u1ebfu nhi. V\u1edbi h\u01a1n 300 t\u1ef1a s\u00e1ch t\u01b0\u01a1ng t\u00e1c \u0111ang l\u01b0u h\u00e0nh, \u0110inh T\u1ecb Books \u0111\u00e3 mang \u0111\u1ebfn nh\u1eefng gi\u00e1 tr\u1ecb tr\u1ea3i nghi\u1ec7m tuy\u1ec7t v\u1eddi, \u0111\u01b0a vi\u1ec7c h\u1ecdc v\u00e0 ch\u01a1i c\u00f9ng s\u00e1ch tr\u1edf n\u00ean hi\u1ec7u qu\u1ea3 h\u01a1n, gi\u00fap tr\u1ebb th\u00f4ng minh, t\u0103ng tr\u01b0\u1edfng c\u00e1c ch\u1ec9 s\u1ed1 IQ, EQ.<\/p>\n<p><strong>Th\u1ebf m\u1ea1nh c\u1ee7a \u0110inh T\u1ecb Books<\/strong><\/p>\n<p>V\u1edbi kinh nghi\u1ec7m nhi\u1ec1u n\u0103m trong ng\u00e0nh xu\u1ea5t b\u1ea3n, \u0110inh T\u1ecb Books tin r\u1eb1ng c\u00e1c b\u1eadc cha m\u1eb9 lu\u00f4n d\u00e0nh nh\u1eefng \u0111i\u1ec1u t\u1ed1t \u0111\u1eb9p nh\u1ea5t cho c\u00e1c con c\u1ee7a m\u00ecnh. \u0110\u1ecdc s\u00e1ch c\u00f9ng con lu\u00f4n l\u00e0 l\u1ef1a ch\u1ecdn h\u00e0ng \u0111\u1ea7u gi\u00fap g\u1eafn k\u1ebft t\u00ecnh y\u00eau th\u01b0\u01a1ng \u0111\u1ed3ng th\u1eddi gi\u00fap con nu\u00f4i d\u01b0\u1ee1ng ni\u1ec1m \u0111am m\u00ea v\u1edbi s\u00e1ch.<\/p>\n\n[\/col]\n\n[\/row]\n<p><strong>T\u00ecnh y\u00eau l\u1edbn d\u00e0nh cho nh\u1eefng cu\u1ed1n s\u00e1ch.<\/strong><\/p>\n<p>Xu\u1ea5t ph\u00e1t t\u1eeb t\u00ecnh y\u00eau v\u1edbi nh\u1eefng cu\u1ed1n s\u00e1ch, l\u00f2ng t\u1eadn t\u00e2m mu\u1ed1n g\u00ecn gi\u1eef nh\u1eefng gi\u00e1 tr\u1ecb v\u0103n h\u00f3a truy\u1ec1n th\u1ed1ng c\u1ee7a Vi\u1ec7t Nam, mong mu\u1ed1n \u0111\u01b0a nh\u1eefng gi\u00e1 tr\u1ecb \u0111\u1eadm ch\u1ea5t Vi\u1ec7t Nam \u0111\u1ebfn v\u1edbi tr\u1ebb em Vi\u1ec7t, c\u00e1c th\u00e0nh vi\u00ean s\u00e1ng t\u1ea1o c\u1ee7a \u0110inh T\u1ecb Books \u0111\u00e3 kh\u00f4ng ng\u1eebng n\u1ed7 l\u1ef1c, t\u00ecm t\u00f2i v\u00e0 h\u1ecdc h\u1ecfi, \u0111\u1ec3 \u0111\u01b0a nh\u1eefng cu\u1ed1n s\u00e1ch \u201c100% made in Vietnam\u201d \u0111\u1ebfn v\u1edbi tr\u1ebb em Vi\u1ec7t. C\u00e1c ki\u1ebfn th\u1ee9c b\u1ed5 \u00edch \u0111\u01b0\u1ee3c truy\u1ec1n t\u1ea3i th\u00f4ng qua nh\u1eefng t\u01b0\u01a1ng t\u00e1c th\u00fa v\u1ecb gi\u00fap tr\u1ebb nh\u1edb l\u00e2u h\u01a1n, h\u1ecdc t\u1ed1t h\u01a1n.<\/p>\n<p>Nh\u1eadn ra \u0111\u01b0\u1ee3c s\u1ee9 m\u1ec7nh v\u00e0 t\u1ea7m nh\u00ecn c\u1ee7a \u0110inh T\u1ecb, <strong>SACHVIET.EU<\/strong> \u0111\u00e3 li\u00ean l\u1ea1c v\u1edbi \u0110inh T\u1ecb \u0111\u1ec3 \u0111\u01b0\u1ee3c h\u1ed7 tr\u1ee3 \u0111\u01b0a nh\u1eefng cu\u1ed1n s\u00e1ch mang gi\u00e1 tr\u1ecb \u0111\u1eadm ch\u1ea5t Vi\u1ec7t Nam \u0111\u1ebfn v\u1edbi tr\u1ebb em Vi\u1ec7t v\u00e0 c\u1ed9ng \u0111\u1ed3ng Vi\u1ec7t s\u1ed1ng t\u1ea1i Ch\u00e2u \u00c2u. SACHVIET.EU \u0111\u1eb7t l\u00f2ng tin \u1edf \u0110inh T\u1ecb s\u1ebd lu\u00f4n \u0111em \u0111\u1ebfn nh\u1eefng gi\u00e1 tr\u1ecb cao qua t\u1eebng trang s\u00e1ch v\u00e0 hy v\u1ecdng \u0111\u1ed9c gi\u1ea3 s\u1ebd lu\u00f4n h\u00e0i l\u00f2ng v\u1edbi ch\u1ea5t l\u01b0\u1ee3ng m\u00e0 \u0110inh T\u1ecb theo \u0111u\u1ed5i bao n\u0103m qua.<\/p>\n\n<!-- \/wp:flatsome\/uxbuilder -->","post_title":"\u0110inh T\u1ecb","post_excerpt":"","post_status":"publish","comment_status":"closed","ping_status":"closed","post_password":"","post_name":"dinh-ti","to_ping":"","pinged":"","post_modified":"2022-12-19 23:15:43","post_modified_gmt":"2022-12-19 21:15:43","post_content_filtered":"","post_parent":0,"guid":"https:\/\/sachviet.eu\/nha-phat-hanh\/dinh-ti\/","menu_order":0,"post_type":"publisher","post_mime_type":"","comment_count":"0","filter":"raw"}},"_links":{"self":[{"href":"https:\/\/sachviet.eu\/en\/wp-json\/wp\/v2\/product\/5251","targetHints":{"allow":["GET"]}}],"collection":[{"href":"https:\/\/sachviet.eu\/en\/wp-json\/wp\/v2\/product"}],"about":[{"href":"https:\/\/sachviet.eu\/en\/wp-json\/wp\/v2\/types\/product"}],"wp:featuredmedia":[{"embeddable":true,"href":"https:\/\/sachviet.eu\/en\/wp-json\/wp\/v2\/media\/5248"}],"wp:attachment":[{"href":"https:\/\/sachviet.eu\/en\/wp-json\/wp\/v2\/media?parent=5251"}],"wp:term":[{"taxonomy":"product_brand","embeddable":true,"href":"https:\/\/sachviet.eu\/en\/wp-json\/wp\/v2\/product_brand?post=5251"},{"taxonomy":"product_cat","embeddable":true,"href":"https:\/\/sachviet.eu\/en\/wp-json\/wp\/v2\/product_cat?post=5251"},{"taxonomy":"product_tag","embeddable":true,"href":"https:\/\/sachviet.eu\/en\/wp-json\/wp\/v2\/product_tag?post=5251"}],"curies":[{"name":"wp","href":"https:\/\/api.w.org\/{rel}","templated":true}]}}