{"id":5217,"date":"2021-03-11T21:55:41","date_gmt":"2021-03-11T19:55:41","guid":{"rendered":"https:\/\/sachviet.eu\/shop\/chuyen-ke-thanh-ngu-tai-ban-2019\/"},"modified":"2024-08-12T09:59:36","modified_gmt":"2024-08-12T06:59:36","slug":"chuyen-ke-thanh-ngu-tai-ban-2019","status":"publish","type":"product","link":"https:\/\/sachviet.eu\/en\/shop\/chuyen-ke-thanh-ngu-tai-ban-2019\/","title":{"rendered":"Chuy\u1ec7n K\u1ec3 Th\u00e0nh Ng\u1eef (T\u00e1i B\u1ea3n 2019)"},"content":{"rendered":"<p>D\u1ea1o n\u00e0y th\u1ecb tr\u01b0\u1eddng s\u00e1ch thi\u1ebfu nhi c\u00f3 r\u1ea5t nhi\u1ec1u s\u00e1ch truy\u1ec7n hay d\u1ecbch ra t\u1eeb ti\u1ebfng n\u01b0\u1edbc ngo\u00e0i. Nh\u01b0ng m\u00ecnh th\u00ec v\u1eabn y\u00eau s\u00e1ch truy\u1ec7n thu\u1ea7n ti\u1ebfng Vi\u1ec7t nh\u1ea5t v\u00e0 v\u1edbi m\u00ecnh c\u00e1ch t\u1ed1t nh\u1ea5t \u0111\u1ec3 h\u1ecdc v\u1ec1 c\u00e1i hay c\u00e1i \u0111\u1eb9p c\u1ee7a ti\u1ebfng Vi\u1ec7t l\u00e0 qua c\u00e1c c\u00e2u ca dao th\u00e0nh ng\u1eef. Sau m\u1ed9t h\u1ed3i t\u00ecm m\u1ecfi m\u1eaft c\u0169ng th\u1ea5y cu\u1ed1n truy\u1ec7n r\u1ea5t hay d\u01b0\u1edbi \u0111\u00e2y l\u00e0 Chuy\u1ec7n k\u1ec3 th\u00e0nh ng\u1eef c\u1ee7a t\u00e1c Ph\u1ea1m \u0110\u00ecnh \u00c2n do NXB Kim \u0110\u1ed3ng ph\u00e1t h\u00e0nh. S\u00e1ch c\u00f3 tranh minh ho\u1ea1 \u0111\u1eb9p gi\u00fap h\u1ea5p d\u1eabn tr\u1ebb em h\u01a1n, k\u00e8m theo c\u00e2u chuy\u1ec7n gi\u1ea3i th\u00edch \u00fd ngh\u0129a v\u00e0 ngu\u1ed3n g\u1ed1c c\u1ee7a r\u1ea5t nhi\u1ec1u c\u00e2u th\u00e0nh ng\u1eef t\u1eeb ph\u1ed5 bi\u1ebfn \u0111\u1ebfn h\u01a1i hi\u1ebfm g\u1eb7p.<br \/>\nCh\u1eb3ng h\u1ea1n ai c\u0169ng bi\u1ebft th\u00e0nh ng\u1eef C\u01b0\u1eddi nh\u01b0 n\u1eafc n\u1ebb \u0111\u1ec3 m\u00f4 t\u1ea3 ki\u1ec3u c\u01b0\u1eddi li\u00ean t\u1ee5c \u0111\u1ebfn m\u1ee9c n\u00e1c l\u00ean v\u00ec h\u01b0ng ph\u1ea5n qu\u00e1, nh\u01b0ng c\u00f3 ai bi\u1ebft n\u1eafc n\u1ebb c\u0169ng l\u00e0 t\u00ean c\u1ee7a m\u1ed9t lo\u00e0i b\u01b0\u1edbm v\u00e0 c\u1ea3 lo\u00e0i hoa n\u1eefa kh\u00f4ng? B\u01b0\u1edbm n\u1eafc n\u1ebb s\u1ed1ng v\u00e0o ban \u0111\u00eam, hay v\u1ed7 c\u00e1nh xo\u00e0nh xo\u1ea1ch kh\u00f4ng d\u1ee9t. C\u00f2n hoa n\u1eafc n\u1ebb khi g\u1eb7p gi\u00f3 th\u1ed5i hay b\u1ecb va ph\u1ea3i th\u00ec tr\u00e1i s\u1ebd v\u1ee1 tung \u0111\u1ec3 ph\u00e1t t\u00e1n h\u1ea1t \u0111i xa, li\u00ean t\u1ee5c tr\u00e1i n\u00e0y \u0111\u1ebfn tr\u00e1i kh\u00e1c n\u1ed5 nh\u01b0 ph\u00e1o c\u00f2n l\u1edbp v\u1ecf th\u00ec h\u00e1 ra nh\u01b0 c\u00e1i mi\u1ec7ng \u0111ang c\u01b0\u1eddi. T\u1eeb \u0111\u00f3 m\u00e0 c\u00f3 c\u00e2u C\u01b0\u1eddi nh\u01b0 n\u1eafc n\u1ebb \u0111\u1ea5y.<br \/>\nR\u1ed3i c\u00f2n r\u1ea5t nhi\u1ec1u c\u00e2u th\u00fa v\u1ecb kh\u00e1c nh\u01b0 \u00d4ng ch\u1eb3ng b\u00e0 chu\u1ed9c, X\u1ecf l\u00e1 ba que, Ch\u00f3 \u0111en gi\u1eef m\u1ef1c, V\u1ebd r\u1eafn th\u00eam ch\u00e2n, Chu\u1ed1i sau cau tr\u01b0\u1edbc&#8230; M\u00ecnh tin l\u00e0 kh\u00f4ng ch\u1ec9 c\u00e1c con m\u00e0 b\u1ed1 m\u1eb9 c\u0169ng s\u1ebd t\u00ecm th\u1ea5y nhi\u1ec1u \u0111i\u1ec1u th\u00fa v\u1ecb trong cu\u1ed1n s\u00e1ch n\u00e0y \u0111\u1ea5y.<\/p>\n","protected":false},"excerpt":{"rendered":"<p>\u0110\u00e1nh tr\u1ed1ng, b\u1ecf d\u00f9i li\u1ec7u c\u00f3 ph\u1ea3i l\u00e0 \u0111\u00e1nh tr\u1ed1ng r\u1ed3i v\u1ee9t d\u00f9i \u0111i?<\/p>\n<p>\u201cVoi\u201d v\u00e0 \u201cti\u00ean\u201d trong \u201c\u0110\u01b0\u1ee3c voi \u0111\u00f2i ti\u00ean\u201d c\u00f3 ph\u1ea3i l\u00e0 con voi v\u00e0 c\u00f4 ti\u00ean?<\/p>\n<p>\u201cN\u1eafc n\u1ebb\u201d trong \u201cC\u01b0\u1eddi nh\u01b0 n\u1eafc n\u1ebb\u201d l\u00e0 g\u00ec?<\/p>\n<p>C\u00e1c l\u00ed gi\u1ea3i trong \u201cChuy\u1ec7n k\u1ec3 th\u00e0nh ng\u1eef\u201d s\u1ebd khi\u1ebfn b\u1ea1n ng\u1ea1c nhi\u00ean v\u00e0 v\u00f4 c\u00f9ng th\u00edch th\u00fa.<\/p>\n","protected":false},"featured_media":5209,"template":"","meta":{"_acf_changed":false},"product_brand":[],"product_cat":[15,25,17,26],"product_tag":[],"class_list":{"0":"post-5217","1":"product","2":"type-product","3":"status-publish","4":"has-post-thumbnail","6":"product_cat-sach-danh-cho-nguoi-lon","7":"product_cat-nhi-dong-6-tuoi-12-tuoi","8":"product_cat-sach-danh-cho-cac-be","9":"product_cat-thieu-nien-11-tuoi-18-tuoi","11":"first","12":"outofstock","13":"taxable","14":"shipping-taxable","15":"purchasable","16":"product-type-simple"},"supplier_id":null,"supplier_sku":"","barcode":null,"atum_controlled":true,"out_stock_date":"2024-08-12 06:59:36","out_stock_threshold":null,"inheritable":false,"inbound_stock":0,"stock_on_hold":0,"sold_today":0,"sales_last_days":0,"reserved_stock":0,"customer_returns":0,"warehouse_damage":0,"lost_in_post":0,"other_logs":0,"out_stock_days":534,"lost_sales":0,"has_location":false,"update_date":"2026-01-28T23:11:20","atum_locations":[],"atum_stock_status":"outofstock","restock_status":false,"low_stock_amount":"","sales_update_date":"2026-01-28T23:11:20","calc_backorders":null,"acf":{"publisher":{"ID":1454,"post_author":"1","post_date":"2021-02-17 01:11:34","post_date_gmt":"2021-02-16 23:11:34","post_content":"<!-- wp:flatsome\/uxbuilder -->\n<h1 style=\"text-align: center;\"><strong>Kim \u0110\u1ed3ng<\/strong><\/h1>\n[row]\n\n[col span=\"3\" span__sm=\"12\"]\n\n[ux_image id=\"1534\" image_size=\"medium\"]\n\n\n[\/col]\n[col span=\"9\" span__sm=\"12\"]\n\n<p>Nh\u00e0 xu\u1ea5t b\u1ea3n Kim \u0110\u1ed3ng tr\u1ef1c thu\u1ed9c Trung \u01b0\u01a1ng \u0110o\u00e0n TNCS H\u1ed3 Ch\u00ed Minh l\u00e0 Nh\u00e0 xu\u1ea5t b\u1ea3n t\u1ed5ng h\u1ee3p c\u00f3 ch\u1ee9c n\u0103ng xu\u1ea5t b\u1ea3n s\u00e1ch v\u00e0 v\u0103n h\u00f3a ph\u1ea9m ph\u1ee5c v\u1ee5 thi\u1ebfu nhi v\u00e0 c\u00e1c b\u1eadc ph\u1ee5 huynh trong c\u1ea3 n\u01b0\u1edbc, qu\u1ea3ng b\u00e1 v\u00e0 gi\u1edbi thi\u1ec7u v\u0103n h\u00f3a Vi\u1ec7t Nam ra th\u1ebf gi\u1edbi.<br \/>Nh\u00e0 xu\u1ea5t b\u1ea3n c\u00f3 nhi\u1ec7m v\u1ee5 t\u1ed5 ch\u1ee9c b\u1ea3n th\u1ea3o, bi\u00ean so\u1ea1n, bi\u00ean d\u1ecbch, xu\u1ea5t b\u1ea3n v\u00e0 ph\u00e1t h\u00e0nh c\u00e1c xu\u1ea5t b\u1ea3n ph\u1ea9m c\u00f3 n\u1ed9i dung: gi\u00e1o d\u1ee5c truy\u1ec1n th\u1ed1ng d\u00e2n t\u1ed9c, gi\u00e1o d\u1ee5c v\u1ec1 tri th\u1ee9c, ki\u1ebfn th\u1ee9c\u2026 tr\u00ean c\u00e1c l\u0129nh v\u1ef1c v\u0103n h\u1ecdc, ngh\u1ec7 thu\u1eadt, khoa h\u1ecdc k\u1ef9 thu\u1eadt nh\u1eb1m cung c\u1ea5p cho c\u00e1c em thi\u1ebfu nhi c\u0169ng nh\u01b0 c\u00e1c b\u1eadc ph\u1ee5 huynh c\u00e1c ki\u1ebfn th\u1ee9c c\u1ea7n thi\u1ebft trong cu\u1ed9c s\u1ed1ng, nh\u1eefng tinh hoa c\u1ee7a tri th\u1ee9c nh\u00e2n lo\u1ea1i nh\u1eb1m g\u00f3p ph\u1ea7n gi\u00e1o d\u1ee5c v\u00e0 h\u00ecnh th\u00e0nh nh\u00e2n c\u00e1ch th\u1ebf h\u1ec7 tr\u1ebb.<br \/>\u0110\u1ed1i t\u01b0\u1ee3ng ph\u1ee5c v\u1ee5 c\u1ee7a Nh\u00e0 xu\u1ea5t b\u1ea3n l\u00e0 c\u00e1c em t\u1eeb tu\u1ed5i nh\u00e0 tr\u1ebb m\u1eabu gi\u00e1o (1 \u0111\u1ebfn 5 tu\u1ed5i), nhi \u0111\u1ed3ng (6 \u0111\u1ebfn 9 tu\u1ed5i), thi\u1ebfu ni\u00ean (10 \u0111\u1ebfn 15 tu\u1ed5i) \u0111\u1ebfn c\u00e1c em tu\u1ed5i m\u1edbi l\u1edbn (16 \u0111\u1ebfn 18 tu\u1ed5i) v\u00e0 c\u00e1c b\u1eadc ph\u1ee5 huynh.<\/p>\n\n[\/col]\n\n[\/row]\n\n<!-- \/wp:flatsome\/uxbuilder -->","post_title":"Kim \u0110\u1ed3ng","post_excerpt":"","post_status":"publish","comment_status":"closed","ping_status":"closed","post_password":"","post_name":"kim-dong","to_ping":"","pinged":"","post_modified":"2021-02-17 01:31:56","post_modified_gmt":"2021-02-16 23:31:56","post_content_filtered":"","post_parent":0,"guid":"https:\/\/sachviet.eu\/nha-phat-hanh\/kim-dong\/","menu_order":0,"post_type":"publisher","post_mime_type":"","comment_count":"0","filter":"raw"}},"_links":{"self":[{"href":"https:\/\/sachviet.eu\/en\/wp-json\/wp\/v2\/product\/5217","targetHints":{"allow":["GET"]}}],"collection":[{"href":"https:\/\/sachviet.eu\/en\/wp-json\/wp\/v2\/product"}],"about":[{"href":"https:\/\/sachviet.eu\/en\/wp-json\/wp\/v2\/types\/product"}],"wp:featuredmedia":[{"embeddable":true,"href":"https:\/\/sachviet.eu\/en\/wp-json\/wp\/v2\/media\/5209"}],"wp:attachment":[{"href":"https:\/\/sachviet.eu\/en\/wp-json\/wp\/v2\/media?parent=5217"}],"wp:term":[{"taxonomy":"product_brand","embeddable":true,"href":"https:\/\/sachviet.eu\/en\/wp-json\/wp\/v2\/product_brand?post=5217"},{"taxonomy":"product_cat","embeddable":true,"href":"https:\/\/sachviet.eu\/en\/wp-json\/wp\/v2\/product_cat?post=5217"},{"taxonomy":"product_tag","embeddable":true,"href":"https:\/\/sachviet.eu\/en\/wp-json\/wp\/v2\/product_tag?post=5217"}],"curies":[{"name":"wp","href":"https:\/\/api.w.org\/{rel}","templated":true}]}}