{"id":518,"date":"2021-02-13T02:01:02","date_gmt":"2021-02-13T00:01:02","guid":{"rendered":"https:\/\/sachviet.eu\/shop\/ehon-buon-ngu-oi-buon-ngu-set-3-quyen\/"},"modified":"2024-08-13T05:17:17","modified_gmt":"2024-08-13T02:17:17","slug":"ehon-buon-ngu-oi-buon-ngu-set-3-quyen","status":"publish","type":"product","link":"https:\/\/sachviet.eu\/en\/shop\/ehon-buon-ngu-oi-buon-ngu-set-3-quyen\/","title":{"rendered":"Ehon Bu\u1ed3n ng\u1ee7 \u01a1i bu\u1ed3n ng\u1ee7 &#8211; set 3 quy\u1ec3n"},"content":{"rendered":"<p>\u201cBu\u1ed3n ng\u1ee7 \u01a1i l\u00e0 bu\u1ed3n ng\u1ee7\u201d l\u00e0 b\u1ed9 s\u00e1ch Ehon g\u1ed3m 3 quy\u1ec3n \u201c\u00d4m ch\u1ea7m\u201d; \u201cR\u1eebng \u01a1i ng\u1ee7 ngon\u201d; \u201cBu\u1ed3n ng\u1ee7 \u01a1i l\u00e0 bu\u1ed3n ng\u1ee7\u201d. B\u1ed9 s\u00e1ch ph\u00f9 h\u1ee3p v\u1edbi tr\u1ebb t\u1eeb 0-6 tu\u1ed5i v\u00e0 th\u00f4ng qua c\u00e1c c\u00e2u chuy\u1ec7n ng\u1ed9 ngh\u0129nh, \u0111\u00e1ng y\u00eau s\u1ebd gi\u00fap tr\u1ebb d\u1ec5 d\u00e0ng \u0111i v\u00e0o gi\u1ea5c ng\u1ee7. Qua \u0111\u00f3 ph\u00e1t tri\u1ec3n Th\u00f9y tr\u00e1n \u2013 n\u01a1i k\u00edch th\u00edch tr\u00ed t\u01b0\u1edfng t\u01b0\u1ee3ng, gi\u00fap tr\u1ebb c\u00f3 kh\u1ea3 n\u0103ng t\u01b0 duy logic, l\u1eadp k\u1ebf ho\u1ea1ch, gi\u00fap h\u00ecnh th\u00e0nh t\u00ednh c\u00e1ch c\u1ee7a b\u00e9, l\u1edbn l\u00ean b\u00e9 s\u1ebd r\u1ea5t gi\u1ecfi trong vi\u1ec7c gi\u1ea3i quy\u1ebft c\u00e1c v\u1ea5n \u0111\u1ec1 ph\u1ee9c t\u1ea1p v\u00e0 s\u1eafp x\u1ebfp c\u00e1c c\u00f4ng vi\u1ec7c trong \u0111\u1eddi s\u1ed1ng.<\/p>\n<p>N\u1ed9i dung \u0111\u01a1n gi\u1ea3n m\u00e0 s\u00e2u s\u1eafc \u0111\u01b0\u1ee3c th\u1ec3 hi\u1ec7n b\u1eb1ng nh\u1eefng h\u00ecnh v\u1ebd v\u00f4 c\u00f9ng \u0111\u00e1ng y\u00eau ng\u1ed9 ngh\u0129nh c\u00f9ng v\u1edbi nh\u1eefng m\u1ea3ng m\u00e0u l\u1edbn, ch\u1eafc ch\u1eafn s\u1ebd khi\u1ebfn c\u00e1c b\u00e9 v\u00f4 c\u00f9ng th\u00edch th\u00fa v\u00e0 h\u00e0o h\u1ee9ng theo d\u00f5i. H\u1ee9a h\u1eb9n \u0111\u00e2y s\u1ebd l\u00e0 m\u1ed9t b\u1ed9 s\u00e1ch g\u1ed1i \u0111\u1ea7u gi\u01b0\u1eddng c\u1ee7a b\u1ea5t k\u1ef3 b\u1ea1n nh\u1ecf n\u00e0o \u0111ang trong \u0111\u1ed9 tu\u1ed5i l\u00ean 3 \u0111\u1ea5y.   <div class=\"banner-grid-wrapper\">\n  <div id=\"banner-grid-108892709\" class=\"banner-grid row row-grid row-small\" data-packery-options=\"\">\n                      <div class=\"col grid-col large-6 grid-col-1\" ><div class=\"col-inner\">\t<div class=\"img has-hover x md-x lg-x y md-y lg-y\" id=\"image_2129792258\">\n\t\t\t\t\t\t\t\t<div class=\"img-inner dark\" >\n\t\t\t<img loading=\"lazy\" decoding=\"async\" width=\"1000\" height=\"1000\" src=\"https:\/\/sachviet.eu\/wp-content\/uploads\/2021\/02\/7711b3bbb941cf6db322432157ce8fca.jpg\" class=\"attachment-large size-large\" alt=\"\" srcset=\"https:\/\/sachviet.eu\/wp-content\/uploads\/2021\/02\/7711b3bbb941cf6db322432157ce8fca.jpg 1000w, https:\/\/sachviet.eu\/wp-content\/uploads\/2021\/02\/7711b3bbb941cf6db322432157ce8fca-300x300.jpg 300w, https:\/\/sachviet.eu\/wp-content\/uploads\/2021\/02\/7711b3bbb941cf6db322432157ce8fca-150x150.jpg 150w, https:\/\/sachviet.eu\/wp-content\/uploads\/2021\/02\/7711b3bbb941cf6db322432157ce8fca-768x768.jpg 768w, https:\/\/sachviet.eu\/wp-content\/uploads\/2021\/02\/7711b3bbb941cf6db322432157ce8fca-600x600.jpg 600w, https:\/\/sachviet.eu\/wp-content\/uploads\/2021\/02\/7711b3bbb941cf6db322432157ce8fca-100x100.jpg 100w\" sizes=\"auto, (max-width: 1000px) 100vw, 1000px\" \/>\t\t\t\t\t\t\n\t\t\t\t\t<\/div>\n\t\t\t\t\t\t\t\t\n<style>\n#image_2129792258 {\n  width: 100%;\n}\n<\/style>\n\t<\/div>\n\t<\/div><\/div><div class=\"col grid-col large-6 grid-col-1\" ><div class=\"col-inner\">\t<div class=\"img has-hover x md-x lg-x y md-y lg-y\" id=\"image_1686751778\">\n\t\t\t\t\t\t\t\t<div class=\"img-inner dark\" >\n\t\t\t<img loading=\"lazy\" decoding=\"async\" width=\"1000\" height=\"1000\" src=\"https:\/\/sachviet.eu\/wp-content\/uploads\/2021\/02\/7711b3bbb941cf6db322432157ce8fca-1.jpg\" class=\"attachment-large size-large\" alt=\"\" srcset=\"https:\/\/sachviet.eu\/wp-content\/uploads\/2021\/02\/7711b3bbb941cf6db322432157ce8fca-1.jpg 1000w, https:\/\/sachviet.eu\/wp-content\/uploads\/2021\/02\/7711b3bbb941cf6db322432157ce8fca-1-300x300.jpg 300w, https:\/\/sachviet.eu\/wp-content\/uploads\/2021\/02\/7711b3bbb941cf6db322432157ce8fca-1-150x150.jpg 150w, https:\/\/sachviet.eu\/wp-content\/uploads\/2021\/02\/7711b3bbb941cf6db322432157ce8fca-1-768x768.jpg 768w, https:\/\/sachviet.eu\/wp-content\/uploads\/2021\/02\/7711b3bbb941cf6db322432157ce8fca-1-600x600.jpg 600w, https:\/\/sachviet.eu\/wp-content\/uploads\/2021\/02\/7711b3bbb941cf6db322432157ce8fca-1-100x100.jpg 100w\" sizes=\"auto, (max-width: 1000px) 100vw, 1000px\" \/>\t\t\t\t\t\t\n\t\t\t\t\t<\/div>\n\t\t\t\t\t\t\t\t\n<style>\n#image_1686751778 {\n  width: 100%;\n}\n<\/style>\n\t<\/div>\n\t<\/div><\/div>            <\/div>\n    <style>\n    #banner-grid-108892709 .grid-col-1{height: 600px}\n    #banner-grid-108892709 .grid-col-1-2{height: 300px}\n    #banner-grid-108892709 .grid-col-1-3{height:200px}\n    #banner-grid-108892709 .grid-col-2-3{height: 400px}\n    #banner-grid-108892709 .grid-col-1-4{height: 150px}\n    #banner-grid-108892709 .grid-col-3-4{height: 450px}\n\n\n    \n    \n\n  <\/style>\n    <\/div>\n  \n","protected":false},"excerpt":{"rendered":"<p>Ph\u00f9 h\u1ee3p cho b\u00e9 0-3 tu\u1ed5i<br \/>\n&#8220;Bu\u1ed3n ng\u1ee7 \u01a1i l\u00e0 bu\u1ed3n ng\u1ee7&#8221; v\u1edbi h\u00ecnh \u1ea3nh c\u00e1c b\u1ea1n \u0111\u1ed9ng v\u1eadt bu\u1ed3n ng\u1ee7 &amp; l\u0103n ra ng\u1ee7 s\u1ebd gi\u00fap b\u00e9 c\u00f3 c\u1ea3m gi\u00e1c bu\u1ed3n ng\u1ee7, gi\u00fap b\u00e9 d\u1ec5 d\u00e0ng \u0111i v\u00e0o gi\u1ea5c ng\u1ee7 v\u00e0 c\u00f3 1 gi\u1ea5c ng\u1ee7 ngon.<\/p>\n<p>Kh\u1ec9 con ch\u00fac t\u1eebng b\u1ea1n trong khu r\u1eebng ng\u1ee7 ngon d\u00f9 ch\u1eb3ng ai c\u00f2n th\u1ee9c. Nh\u01b0ng cu\u1ed1i c\u00f9ng, kh\u1ec9 con ng\u1ee7 ngon trong l\u1eddi ch\u00fac c\u1ee7a t\u1ea5t c\u1ea3 m\u1ecdi ng\u01b0\u1eddi. C\u00e1c b\u1ea1n trong khu r\u1eebng c\u0169ng \u0111ang ch\u00fac b\u00e9 ng\u1ee7 ngon trong cu\u1ed1n &#8220;R\u1eebng \u01a1i ng\u1ee7 ngon&#8221; \u0111\u00f3!<\/p>\n<p>Trong cu\u1ed1n &#8220;\u00d4m ch\u1ea7m&#8221;, nh\u1eefng ng\u01b0\u1eddi b\u1ea1n \u1edf kh\u1eafp mu\u00f4n n\u01a1i l\u00e2u r\u1ed3i m\u1edbi \u0111\u01b0\u1ee3c g\u1eb7p l\u1ea1i, li\u1ec1n ch\u1ea1y l\u1ea1i \u00f4m ch\u1ea7m l\u1ea5y nhau v\u00e0 n\u00f3i v\u1edbi nhau nh\u1eefng l\u1eddi th\u01b0\u01a1ng y\u00eau. B\u00e9 c\u0169ng n\u00ean th\u01b0\u1eddng xuy\u00ean &#8220;\u00d4m ch\u1ea7m&#8221; v\u00e0 b\u00e0y t\u1ecf t\u00ecnh c\u1ea3m v\u1edbi nh\u1eefng ng\u01b0\u1eddi th\u00e2n c\u1ee7a m\u00ecnh nh\u00e9!<\/p>\n","protected":false},"featured_media":507,"template":"","meta":{"_acf_changed":false},"product_brand":[],"product_cat":[24,17],"product_tag":[],"class_list":{"0":"post-518","1":"product","2":"type-product","3":"status-publish","4":"has-post-thumbnail","6":"product_cat-nha-tre-mau-giao-0-tuoi-6-tuoi","7":"product_cat-sach-danh-cho-cac-be","9":"first","10":"outofstock","11":"taxable","12":"shipping-taxable","13":"purchasable","14":"product-type-simple"},"supplier_id":null,"supplier_sku":"","barcode":null,"atum_controlled":true,"out_stock_date":"2024-08-13 02:17:17","out_stock_threshold":null,"inheritable":false,"inbound_stock":0,"stock_on_hold":0,"sold_today":0,"sales_last_days":0,"reserved_stock":0,"customer_returns":0,"warehouse_damage":0,"lost_in_post":0,"other_logs":0,"out_stock_days":533,"lost_sales":760,"has_location":false,"update_date":"2026-01-28T23:11:21","atum_locations":[],"atum_stock_status":"outofstock","restock_status":false,"low_stock_amount":"","sales_update_date":"2026-01-28T23:11:21","calc_backorders":null,"acf":{"publisher":{"ID":1420,"post_author":"1","post_date":"2021-02-16 23:03:17","post_date_gmt":"2021-02-16 21:03:17","post_content":"<!-- wp:flatsome\/uxbuilder -->\n<h1 style=\"text-align: center\"><strong>WABOOKS<\/strong><\/h1>\n[ux_image id=\"1430\"]\n\n[gap]\n\n<p style=\"text-align: left\">Wabooks l\u00e0 c\u00f4ng ty s\u00e1ch ho\u1ea1t \u0111\u1ed9ng chuy\u00ean nghi\u1ec7p trong l\u0129nh v\u1ef1c xu\u1ea5t b\u1ea3n s\u00e1ch. Ph\u1ea7n l\u1edbn ngu\u1ed3n l\u1ef1c c\u1ee7a c\u00f4ng ty \u0111\u1ea7u t\u01b0 v\u00e0o nghi\u00ean c\u1ee9u, mua b\u1ea3n quy\u1ec1n, d\u1ecbch v\u00e0 xu\u1ea5t b\u1ea3n c\u00e1c \u1ea5n ph\u1ea9m v\u0103n h\u00f3a, tri th\u1ee9c c\u1ee7a Nh\u1eadt B\u1ea3n t\u1ea1i Vi\u1ec7t Nam. Wabooks lu\u00f4n kh\u00f4ng ng\u1eebng n\u1ed7 l\u1ef1c mang \u0111\u1ebfn nh\u1eefng s\u1ea3n ph\u1ea9m c\u00f3 ch\u1ea5t l\u01b0\u1ee3ng v\u00e0 d\u1ecbch v\u1ee5 ho\u00e0n h\u1ea3o, mang \u0111\u1ebfn s\u1ef1 h\u00e0i l\u00f2ng cho kh\u00e1ch h\u00e0ng c\u0169ng nh\u01b0 \u0111\u00f3ng g\u00f3p cho \u0111\u1ea5t n\u01b0\u1edbc t\u1ed1t \u0111\u1eb9p h\u01a1n th\u00f4ng qua nh\u1eefng gi\u00e1 tr\u1ecb m\u00e0 c\u00f4ng ty \u0111ang kh\u00f4ng ng\u1eebng theo \u0111u\u1ed5i.<\/p>\n[row]\n\n[col span=\"6\" span__sm=\"12\"]\n\n[ux_image id=\"2068\"]\n\n\n[\/col]\n[col span=\"6\" span__sm=\"12\"]\n\n<p>Anh Goto Daishi th\u00ec tin r\u1eb1ng ch\u1ec9 c\u00f3 s\u00e1ch m\u1edbi khi\u1ebfn con ng\u01b0\u1eddi ta tr\u1edf n\u00ean v\u0103n minh v\u00e0 ti\u1ebfn b\u1ed9, c\u00f2n anh Nguy\u1ec5n Tu\u1ea5n Anh th\u00ec cho r\u1eb1ng ch\u00fang ta ph\u1ea3i mang s\u00e1ch \u0111\u1ebfn n\u01a1i m\u00e0 ng\u01b0\u1eddi ta th\u1ef1c s\u1ef1 c\u1ea7n, chia s\u1ebb nh\u1eefng gi\u00e1 tr\u1ecb m\u00e0 ng\u01b0\u1eddi kh\u00e1c \u0111ang thi\u1ebfu, \u0111\u00f3 l\u00e0 c\u00e1ch \u0111\u1ec3 ch\u00fang ta ho\u00e0n thi\u1ec7n con ng\u01b0\u1eddi v\u00e0 g\u00f3p ph\u1ea7n l\u00e0m cho x\u00e3 h\u1ed9i ho\u00e0n thi\u1ec7n h\u01a1n.\u00a0<\/p>\n<p>May m\u1eafn r\u1eb1ng<strong> SACHVIET.EU\u00a0<\/strong>\u0111\u00e3 c\u00f3 c\u01a1 h\u1ed9i \u0111\u01b0\u1ee3c anh Nguy\u1ec5n Tu\u1ea5n Anh h\u1ee3p t\u00e1c gi\u00fap \u0111\u1ee1 h\u1ebft m\u00ecnh \u0111\u1ec3 The Stations c\u00f3 th\u1ec3 d\u1ec5 d\u00e0ng \u0111\u01b0a nh\u1eefng cu\u1ed1n s\u00e1ch ehon sang ph\u1ee5c v\u1ee5 nhu c\u1ea7u c\u1ee7a ng\u01b0\u1eddi Vi\u1ec7t t\u1ea1i Ch\u00e2u \u00c2u. V\u00e0 kh\u00f4ng g\u00ec vui m\u1eebng h\u01a1n l\u00e0 nh\u1eefng b\u1ea1n \u0111\u1ed9c gi\u1ea3 nh\u00ed c\u00f3 th\u1ec3 ti\u1ebfp c\u1eadn v\u00e0 c\u1ea7m tr\u00ean tay nh\u1eefng cu\u1ed1n s\u00e1ch ch\u1ea5t l\u01b0\u1ee3ng \u0111\u01b0\u1ee3c \u0111\u1ea7u t\u01b0 t\u1ec9 m\u1ec9, k\u1ef9 c\u00e0ng ch\u1ec9n chu v\u1ec1 c\u1ea3 n\u1ed9i dung l\u1eabn h\u00ecnh th\u1ee9c b\u1eb1ng ti\u1ebfng Vi\u1ec7t.<\/p>\n<p><strong>SACHVIET.EU<\/strong> lu\u00f4n tin t\u01b0\u1edfng r\u1eb1ng ng\u00f4n ng\u1eef m\u1eb9 \u0111\u1ebb lu\u00f4n l\u00e0 th\u1ee9 ng\u00f4n ng\u1eef thi\u00eang li\u00eang nh\u1ea5t v\u00e0 lu\u00f4n mong mu\u1ed1n c\u00e1c \u0111\u1ed9c gi\u1ea3 Vi\u1ec7t c\u00f3 c\u01a1 h\u1ed9i \u0111\u01b0\u1ee3c s\u1edf h\u1eefu nh\u1eefng cu\u1ed1n s\u00e1ch b\u1ea3n quy\u1ec1n \u0111\u1ea7y ch\u1ea5t l\u01b0\u1ee3ng b\u00e1n s\u1eb5n t\u1ea1i Ch\u00e2u \u00c2u<\/p>\n<p>\u00a0<\/p>\n\n[\/col]\n\n[\/row]\n\n<!-- \/wp:flatsome\/uxbuilder -->","post_title":"Wabooks","post_excerpt":"","post_status":"publish","comment_status":"closed","ping_status":"closed","post_password":"","post_name":"wabooks","to_ping":"","pinged":"","post_modified":"2022-12-19 22:37:02","post_modified_gmt":"2022-12-19 20:37:02","post_content_filtered":"","post_parent":0,"guid":"https:\/\/sachviet.eu\/?post_type=publisher&#038;p=1420","menu_order":0,"post_type":"publisher","post_mime_type":"","comment_count":"0","filter":"raw"}},"_links":{"self":[{"href":"https:\/\/sachviet.eu\/en\/wp-json\/wp\/v2\/product\/518","targetHints":{"allow":["GET"]}}],"collection":[{"href":"https:\/\/sachviet.eu\/en\/wp-json\/wp\/v2\/product"}],"about":[{"href":"https:\/\/sachviet.eu\/en\/wp-json\/wp\/v2\/types\/product"}],"wp:featuredmedia":[{"embeddable":true,"href":"https:\/\/sachviet.eu\/en\/wp-json\/wp\/v2\/media\/507"}],"wp:attachment":[{"href":"https:\/\/sachviet.eu\/en\/wp-json\/wp\/v2\/media?parent=518"}],"wp:term":[{"taxonomy":"product_brand","embeddable":true,"href":"https:\/\/sachviet.eu\/en\/wp-json\/wp\/v2\/product_brand?post=518"},{"taxonomy":"product_cat","embeddable":true,"href":"https:\/\/sachviet.eu\/en\/wp-json\/wp\/v2\/product_cat?post=518"},{"taxonomy":"product_tag","embeddable":true,"href":"https:\/\/sachviet.eu\/en\/wp-json\/wp\/v2\/product_tag?post=518"}],"curies":[{"name":"wp","href":"https:\/\/api.w.org\/{rel}","templated":true}]}}