{"id":5082,"date":"2021-03-09T01:56:15","date_gmt":"2021-03-08T23:56:15","guid":{"rendered":"https:\/\/sachviet.eu\/shop\/thanh-kinh-theo-coco-chanel\/"},"modified":"2022-04-15T09:42:45","modified_gmt":"2022-04-15T06:42:45","slug":"thanh-kinh-theo-coco-chanel","status":"publish","type":"product","link":"https:\/\/sachviet.eu\/en\/shop\/thanh-kinh-theo-coco-chanel\/","title":{"rendered":"Th\u00e1nh Kinh Theo Coco Chanel"},"content":{"rendered":"<p>Coco Chanel l\u00e0 bi\u1ec3u t\u01b0\u1ee3ng th\u1eddi duy nh\u1ea5t \u0111\u01b0\u1ee3c ghi nh\u1eadn v\u00e0 g\u00f3p m\u1eb7t trong danh s\u00e1ch 100 ng\u01b0\u1eddi c\u00f3 s\u1ee9c \u1ea3nh h\u01b0\u1edfng l\u1edbn nh\u1ea5t c\u1ee7a th\u1ebf k\u1ef7 XX do t\u1ea1p ch\u00ed TIME b\u00ecnh ch\u1ecdn. B\u00e0 \u0111\u00e3 \u0111em \u0111\u1ebfn cu\u1ed9c c\u00e1ch m\u1ea1ng trong th\u1eddi trang, gi\u1ea3i ph\u00f3ng c\u01a1 th\u1ec3 ph\u1ee5 n\u1eef kh\u1ecfi l\u1ed1i \u0103n v\u1eadn c\u1ed5 \u0111i\u1ec3n, kh\u1edfi x\u01b0\u1edbng v\u00e0 c\u1ed5 s\u00fay tinh th\u1ea7n t\u1ef1 do trong th\u1eddi trang v\u00e0 t\u01b0 t\u01b0\u1edfng. Kinh \u0111\u00f4 th\u1eddi trang Paris trong th\u1eddi k\u00ec v\u00e0ng son h\u01b0ng th\u1ecbnh b\u1eadc nh\u1ea5t xoay quanh B\u00e0 \u0110\u1ea7m. Coco g\u00e2y d\u1ef1ng \u0111\u1ebf ch\u1ebf \u201cChanel\u201d v\u1edbi kh\u1ed1i t\u00e0i s\u1ea3n k\u1ebfch s\u00f9 t\u1eeb ng\u00e0nh c\u00f4ng nghi\u1ec7p th\u1eddi trang, \u0111\u1ebfn nay \u201cCoco Chanel\u201d v\u1eabn lu\u00f4n l\u00e0 ni\u1ec1m khao kh\u00e1t c\u1ee7a b\u1ea5t c\u1ee9 t\u00edn \u0111\u1ed3 tr\u00ean th\u1ebf gi\u1edbi.<\/p>\n<p>Sau \u00e1nh h\u00e0o quang tr\u1ea3i d\u00e0i su\u1ed1t bao nhi\u00eau th\u1eadp k\u1ef7 c\u1ee7a B\u00e0 \u0110\u1ea7m l\u00e0 th\u1eddi ni\u00ean thi\u1ebfu kh\u00f3 kh\u0103n trong tr\u1ea1i t\u1ebf b\u1ea7n v\u00e0 nh\u1eefng m\u1ed1i t\u00ecnh d\u1eabu khao kh\u00e1t ng\u00e0n l\u1ea7n ch\u01b0a bao gi\u1edd \u0111\u1ea1t \u0111\u1ebfn tuy\u1ec7t \u0111\u00edch.<\/p>\n<p>\u00cdt ai trong s\u1ed1 nh\u1eefng nh\u00e0 t\u1ea1o m\u1eabu th\u1eddi trang nh\u01b0 Chanel c\u00f3 th\u1ec3 v\u01b0\u1ee3t qua s\u1ef1 g\u1ea1n l\u1ecdc kh\u1eafc nghi\u1ec7t c\u1ee7a th\u1eddi gian \u0111\u1ec3 ch\u00ednh cu\u1ed9c \u0111\u1eddi v\u00e0 phong c\u00e1ch c\u00e1 nh\u00e2n c\u1ee7a m\u00ecnh th\u00e0nh ni\u1ec1m c\u1ea3m h\u1ee9ng b\u1ea5t t\u1eadn c\u1ee7a c\u00e1c c\u00f4 g\u00e1i hi\u1ec7n \u0111\u1ea1i tr\u00ean h\u00e0nh tr\u00ecnh s\u1ed1ng. Th\u00e1nh kinh theo Coco Chanel c\u1ee7a  Karren Karbo l\u00e0 cu\u1ed1n s\u00e1ch kinh \u0111i\u1ec3n v\u1ec1 Chanel \u0111\u01b0\u01a1c t\u00edn \u0111\u1ed3 th\u1eddi trang th\u1ebf gi\u1edbi n\u1ee9c l\u00f2ng \u0111\u00f3n nh\u1eadn.<\/p>\n<p>V\u1edbi mong mu\u1ed1n gi\u00fap nh\u1eefng c\u00f4 g\u00e1i tr\u1ebb r\u00fat ng\u1eafn kho\u1ea3ng c\u00e1ch ti\u1ebfp c\u1eadn v\u1edbi th\u1eddi trang v\u00e0 phong c\u00e1ch c\u00f9ng t\u00ecnh y\u00eau v\u00e0 l\u00f2ng c\u1ea3m t\u1ea1 v\u1edbi huy\u1ec1n tho\u1ea1i Coco Chanel, STYLORY k\u1ebft h\u1ee3p c\u00f9ng d\u1ecbch gi\u1ea3 Nguy\u1ec5n B\u00f9i Qu\u1ed1c D\u0169ng xu\u1ea5t b\u1ea3n cu\u1ed1n Th\u00e1nh kinh theo Coco Chanel b\u1ea3n ti\u1ebfng Vi\u1ec7t l\u1ea7n \u0111\u1ea7u ti\u00ean \u1ea5n h\u00e0nh t\u1ea1i Vi\u1ec7t Nam.<\/p>\n<p>C\u00f9ng &#8220;Nh\u1eefng b\u00e0i h\u1ecdc cu\u1ed9c s\u1ed1ng t\u1eeb ng\u01b0\u1eddi ph\u1ee5 n\u1eef thanh l\u1ecbch nh\u1ea5t  m\u1ecdi th\u1eddi \u0111\u1ea1i&#8221;, \u1ea5n ph\u1ea9m th\u1ef1c s\u1ef1 l\u00e0 cu\u1ed1n &#8220;th\u00e1nh kinh&#8221; cho b\u1ea5t k\u00ec ng\u01b0\u1eddi ph\u1ee5 n\u1eef n\u00e0o. B\u1edfi Chanel kh\u00f4ng ph\u1ea3i ng\u01b0\u1eddi ph\u1ee5 n\u1eef c\u1ee7a m\u1ed9t th\u1eddi \u0111\u1ea1i.  B\u00e0 l\u00e0 ng\u01b0\u1eddi ph\u1ee5 n\u1eef c\u1ee7a m\u1ecdi th\u1eddi \u0111\u1ea1i.<\/p>\n<p>Gi\u00e1 s\u1ea3n ph\u1ea9m tr\u00ean Tiki \u0111\u00e3 bao g\u1ed3m thu\u1ebf theo lu\u1eadt hi\u1ec7n h\u00e0nh. Tuy nhi\u00ean tu\u1ef3 v\u00e0o t\u1eebng lo\u1ea1i s\u1ea3n ph\u1ea9m ho\u1eb7c ph\u01b0\u01a1ng th\u1ee9c, \u0111\u1ecba ch\u1ec9 giao h\u00e0ng m\u00e0 c\u00f3 th\u1ec3 ph\u00e1t sinh th\u00eam chi ph\u00ed kh\u00e1c nh\u01b0 ph\u00ed v\u1eadn chuy\u1ec3n, ph\u1ee5 ph\u00ed h\u00e0ng c\u1ed3ng k\u1ec1nh, &#8230;<\/p>\n","protected":false},"excerpt":{"rendered":"<p>Coco Chanel l\u00e0 bi\u1ec3u t\u01b0\u1ee3ng th\u1eddi duy nh\u1ea5t \u0111\u01b0\u1ee3c ghi nh\u1eadn v\u00e0 g\u00f3p m\u1eb7t trong danh s\u00e1ch 100 ng\u01b0\u1eddi c\u00f3 s\u1ee9c \u1ea3nh h\u01b0\u1edfng l\u1edbn nh\u1ea5t c\u1ee7a th\u1ebf k\u1ef7 XX do t\u1ea1p ch\u00ed TIME b\u00ecnh ch\u1ecdn. B\u00e0 \u0111\u00e3 \u0111em \u0111\u1ebfn cu\u1ed9c c\u00e1ch m\u1ea1ng trong th\u1eddi trang, gi\u1ea3i ph\u00f3ng c\u01a1 th\u1ec3 ph\u1ee5 n\u1eef kh\u1ecfi l\u1ed1i \u0103n v\u1eadn c\u1ed5 \u0111i\u1ec3n, kh\u1edfi x\u01b0\u1edbng v\u00e0 c\u1ed5 s\u00fay tinh th\u1ea7n t\u1ef1 do trong th\u1eddi trang v\u00e0 t\u01b0 t\u01b0\u1edfng. Kinh \u0111\u00f4 th\u1eddi trang Paris trong th\u1eddi k\u00ec v\u00e0ng son h\u01b0ng th\u1ecbnh b\u1eadc nh\u1ea5t xoay quanh B\u00e0 \u0110\u1ea7m. Coco g\u00e2y d\u1ef1ng \u0111\u1ebf ch\u1ebf \u201cChanel\u201d v\u1edbi kh\u1ed1i t\u00e0i s\u1ea3n k\u1ebfch s\u00f9 t\u1eeb ng\u00e0nh c\u00f4ng nghi\u1ec7p th\u1eddi trang, \u0111\u1ebfn nay \u201cCoco Chanel\u201d v\u1eabn lu\u00f4n l\u00e0 ni\u1ec1m khao kh\u00e1t c\u1ee7a b\u1ea5t c\u1ee9 t\u00edn \u0111\u1ed3 tr\u00ean th\u1ebf gi\u1edbi.<\/p>\n<p>Sau \u00e1nh h\u00e0o quang tr\u1ea3i d\u00e0i su\u1ed1t bao nhi\u00eau th\u1eadp k\u1ef7 c\u1ee7a B\u00e0 \u0110\u1ea7m l\u00e0 th\u1eddi ni\u00ean thi\u1ebfu kh\u00f3 kh\u0103n trong tr\u1ea1i t\u1ebf b\u1ea7n v\u00e0 nh\u1eefng m\u1ed1i t\u00ecnh d\u1eabu khao kh\u00e1t ng\u00e0n l\u1ea7n ch\u01b0a bao gi\u1edd \u0111\u1ea1t \u0111\u1ebfn tuy\u1ec7t \u0111\u00edch.<\/p>\n<p>\u00cdt ai trong s\u1ed1 nh\u1eefng nh\u00e0 t\u1ea1o m\u1eabu th\u1eddi trang nh\u01b0 Chanel c\u00f3 th\u1ec3 v\u01b0\u1ee3t qua s\u1ef1 g\u1ea1n l\u1ecdc kh\u1eafc nghi\u1ec7t c\u1ee7a th\u1eddi gian \u0111\u1ec3 ch\u00ednh cu\u1ed9c \u0111\u1eddi v\u00e0 phong c\u00e1ch c\u00e1 nh\u00e2n c\u1ee7a m\u00ecnh th\u00e0nh ni\u1ec1m c\u1ea3m h\u1ee9ng b\u1ea5t t\u1eadn c\u1ee7a c\u00e1c c\u00f4 g\u00e1i hi\u1ec7n \u0111\u1ea1i tr\u00ean h\u00e0nh tr\u00ecnh s\u1ed1ng. Th\u00e1nh kinh theo Coco Chanel c\u1ee7a  Karren Karbo l\u00e0 cu\u1ed1n s\u00e1ch kinh \u0111i\u1ec3n v\u1ec1 Chanel \u0111\u01b0\u01a1c t\u00edn \u0111\u1ed3 th\u1eddi trang th\u1ebf gi\u1edbi n\u1ee9c l\u00f2ng \u0111\u00f3n nh\u1eadn.<\/p>\n<p>V\u1edbi mong mu\u1ed1n gi\u00fap nh\u1eefng c\u00f4 g\u00e1i tr\u1ebb r\u00fat ng\u1eafn kho\u1ea3ng c\u00e1ch ti\u1ebfp c\u1eadn v\u1edbi th\u1eddi trang v\u00e0 phong c\u00e1ch c\u00f9ng t\u00ecnh y\u00eau v\u00e0 l\u00f2ng c\u1ea3m t\u1ea1 v\u1edbi huy\u1ec1n tho\u1ea1i Coco Chanel, STYLORY k\u1ebft h\u1ee3p c\u00f9ng d\u1ecbch gi\u1ea3 Nguy\u1ec5n B\u00f9i Qu\u1ed1c D\u0169ng xu\u1ea5t b\u1ea3n cu\u1ed1n Th\u00e1nh kinh theo Coco Chanel b\u1ea3n ti\u1ebfng Vi\u1ec7t l\u1ea7n \u0111\u1ea7u ti\u00ean \u1ea5n h\u00e0nh t\u1ea1i Vi\u1ec7t Nam.<\/p>\n","protected":false},"featured_media":5076,"template":"","meta":{"_acf_changed":false},"product_brand":[],"product_cat":[15,46],"product_tag":[],"class_list":{"0":"post-5082","1":"product","2":"type-product","3":"status-publish","4":"has-post-thumbnail","6":"product_cat-sach-danh-cho-nguoi-lon","7":"product_cat-ky-nang-song","9":"first","10":"outofstock","11":"taxable","12":"shipping-taxable","13":"purchasable","14":"product-type-simple"},"supplier_id":null,"supplier_sku":"","barcode":null,"atum_controlled":true,"out_stock_date":"2022-04-15 03:42:45","out_stock_threshold":null,"inheritable":false,"inbound_stock":0,"stock_on_hold":0,"sold_today":0,"sales_last_days":0,"reserved_stock":0,"customer_returns":0,"warehouse_damage":0,"lost_in_post":0,"other_logs":0,"out_stock_days":1384,"lost_sales":0,"has_location":false,"update_date":"2026-01-28T23:10:36","atum_locations":[],"atum_stock_status":"outofstock","restock_status":false,"low_stock_amount":"","sales_update_date":"2026-01-28T23:10:36","calc_backorders":null,"acf":{"publisher":{"ID":5075,"post_author":"1","post_date":"2021-03-09 01:56:10","post_date_gmt":"2021-03-08 23:56:10","post_content":"","post_title":"Stylory","post_excerpt":"","post_status":"publish","comment_status":"closed","ping_status":"closed","post_password":"","post_name":"stylory","to_ping":"","pinged":"","post_modified":"2021-03-09 01:56:10","post_modified_gmt":"2021-03-08 23:56:10","post_content_filtered":"","post_parent":0,"guid":"https:\/\/sachviet.eu\/blog\/nha-phat-hanh\/stylory\/","menu_order":0,"post_type":"publisher","post_mime_type":"","comment_count":"0","filter":"raw"}},"_links":{"self":[{"href":"https:\/\/sachviet.eu\/en\/wp-json\/wp\/v2\/product\/5082","targetHints":{"allow":["GET"]}}],"collection":[{"href":"https:\/\/sachviet.eu\/en\/wp-json\/wp\/v2\/product"}],"about":[{"href":"https:\/\/sachviet.eu\/en\/wp-json\/wp\/v2\/types\/product"}],"wp:featuredmedia":[{"embeddable":true,"href":"https:\/\/sachviet.eu\/en\/wp-json\/wp\/v2\/media\/5076"}],"wp:attachment":[{"href":"https:\/\/sachviet.eu\/en\/wp-json\/wp\/v2\/media?parent=5082"}],"wp:term":[{"taxonomy":"product_brand","embeddable":true,"href":"https:\/\/sachviet.eu\/en\/wp-json\/wp\/v2\/product_brand?post=5082"},{"taxonomy":"product_cat","embeddable":true,"href":"https:\/\/sachviet.eu\/en\/wp-json\/wp\/v2\/product_cat?post=5082"},{"taxonomy":"product_tag","embeddable":true,"href":"https:\/\/sachviet.eu\/en\/wp-json\/wp\/v2\/product_tag?post=5082"}],"curies":[{"name":"wp","href":"https:\/\/api.w.org\/{rel}","templated":true}]}}