{"id":5074,"date":"2021-03-09T01:56:08","date_gmt":"2021-03-08T23:56:08","guid":{"rendered":"https:\/\/sachviet.eu\/shop\/ban-dat-gia-bao-nhieu-tai-ban-2021\/"},"modified":"2023-04-18T10:47:06","modified_gmt":"2023-04-18T07:47:06","slug":"ban-dat-gia-bao-nhieu-tai-ban-2021","status":"publish","type":"product","link":"https:\/\/sachviet.eu\/en\/shop\/ban-dat-gia-bao-nhieu-tai-ban-2021\/","title":{"rendered":"B\u1ea1n \u0110\u1eaft Gi\u00e1 Bao Nhi\u00eau? (T\u00e1i B\u1ea3n 2021)"},"content":{"rendered":"<p>\u201cC\u00e1c c\u00f4 g\u00e1i th\u00e2n m\u1ebfn, mong r\u1eb1ng s\u1ef1 tr\u01b0\u1edfng th\u00e0nh c\u1ee7a ch\u00fang ta kh\u00f4ng ph\u1ea3i \u0111\u1ebfn t\u1eeb s\u1ef1 th\u01b0\u01a1ng t\u1ed5n. Kh\u00f4ng c\u1ea7n tr\u1edf th\u00e0nh m\u1ed9t c\u00f4 g\u00e1i \u0111\u01b0\u1ee3c t\u1ea5t-c\u1ea3-m\u1ecdi-ng\u01b0\u1eddi y\u00eau qu\u00fd, nh\u01b0ng nh\u1ea5t \u0111\u1ecbnh ph\u1ea3i tr\u1edf th\u00e0nh m\u1ed9t c\u00f4 g\u00e1i m\u00e0 ch\u00ednh-m\u00ecnh y\u00eau th\u00edch.\u201d<\/p>\n<p>\u0110\u00f3 ch\u00ednh l\u00e0 th\u00f4ng \u0111i\u1ec7p m\u00e0 V\u00e3n T\u00ecnh v\u00e0 Bloom Books g\u1eedi t\u1edbi B\u1ea1n \u2013 ng\u01b0\u1eddi s\u1ebd \u0111\u1ecdc cu\u1ed1n s\u00e1ch v\u00f4 c\u00f9ng \u0111\u1eb7c bi\u1ec7t n\u00e0y.<\/p>\n<p>\u0110\u00e2y l\u00e0 phi\u00ean b\u1ea3n k\u1ef7 ni\u1ec7m 3 n\u0103m ph\u00e1t h\u00e0nh \u2018\u2019B\u1ea1n \u0111\u1eaft gi\u00e1 bao nhi\u00eau?\u2019\u2019 \u2013 cu\u1ed1n s\u00e1ch \u0111\u00e3 thay \u0111\u1ed5i t\u01b0 duy t\u00edch c\u1ef1c cho h\u00e0ng ngh\u00ecn c\u00f4 g\u00e1i v\u00e0 li\u00ean t\u1ee5c l\u00e0 \u201cCu\u1ed1n s\u00e1ch B\u00c1N CH\u1ea0Y NH\u1ea4T\u201d nhi\u1ec1u n\u0103m li\u1ec1n tr\u00ean Tiki.vn.<\/p>\n<p>L\u1ea7n t\u00e1i b\u1ea3n n\u00e0y Bloom gi\u1edbi thi\u1ec7u phi\u00ean b\u1ea3n b\u00eca m\u1edbi v\u1edbi s\u1ed1 l\u01b0\u1ee3ng c\u00f3 h\u1ea1n, t\u1eb7ng k\u00e8m bookmark thi\u1ebft k\u1ebf \u0111\u1ed9c quy\u1ec1n c\u0169ng ch\u00ednh l\u00e0 l\u1eddi c\u1ea3m \u01a1n ch\u00e2n th\u00e0nh c\u1ee7a Bloom Books d\u00e0nh t\u1eb7ng B\u1ea1n \u2013 ng\u01b0\u1eddi s\u1ebd tr\u1edf th\u00e0nh phi\u00ean b\u1ea3n \u0111\u1eaft gi\u00e1 h\u01a1n c\u1ee7a ch\u00ednh m\u00ecnh.<\/p>\n<p>B\u1ea1n \u0110\u1eaft Gi\u00e1 Bao Nhi\u00eau?<\/p>\n<p>C\u00e2u tr\u1ea3 l\u1eddi n\u00e0y do ch\u00ednh b\u1ea1n quy\u1ebft \u0111\u1ecbnh, ch\u00ednh b\u1ea1n \u201c\u0111\u1ecbnh gi\u00e1\u201d.<\/p>\n<p>H\u01a1n b\u1ed1n m\u01b0\u01a1i c\u00e2u chuy\u1ec7n trong s\u00e1ch xoay quanh c\u00e1c ch\u1ee7 \u0111\u1ec1 t\u00ecnh y\u00eau, h\u00f4n nh\u00e2n, gia \u0111\u00ecnh, s\u1ef1 nghi\u1ec7p\u2026 \u0111\u1ebfn t\u1eeb ch\u00ednh cu\u1ed9c s\u1ed1ng c\u1ee7a t\u00e1c gi\u1ea3 v\u00e0 nh\u1eefng ng\u01b0\u1eddi xung quanh, v\u1eeba th\u1ef1c t\u1ebf l\u1ea1i v\u1eeba g\u1ee3i m\u1edf, d\u1ec5 d\u00e0ng gi\u00fap ch\u00fang ta li\u00ean h\u1ec7 v\u1edbi t\u00ecnh hu\u1ed1ng c\u1ee7a ch\u00ednh m\u00ecnh. V\u1edbi nh\u1eefng c\u00e2u chuy\u1ec7n \u0111\u00f3, V\u00e3n T\u00ecnh hi v\u1ecdng c\u00f3 th\u1ec3 gi\u00fap c\u00e1c c\u00f4 g\u00e1i tho\u00e1t kh\u1ecfi t\u00ecnh c\u1ea3nh kh\u00f3 kh\u0103n, t\u00ecm l\u1ea1i b\u1ea3n ng\u00e3, s\u1ed1ng cu\u1ed9c \u0111\u1eddi theo c\u00e1ch m\u00e0 m\u00ecnh mong mu\u1ed1n.<\/p>\n<p>\u0110\u1ecdc cu\u1ed1n s\u00e1ch n\u00e0y, \u0111\u00f4i khi b\u1ea1n n\u00ean d\u1eebng l\u1ea1i v\u00e0 th\u00e0nh th\u1ef1c v\u1edbi b\u1ea3n th\u00e2n, li\u1ec7u b\u1ea1n c\u00f3 \u0111ang l\u00e0 phi\u00ean-b\u1ea3n-m\u00e0-b\u1ea1n-y\u00eau-th\u00edch-nh\u1ea5t, phi\u00ean-b\u1ea3n-b\u1ea1n-mong- mu\u1ed1n-tr\u1edf-th\u00e0nh. H\u00e3y th\u1eed tr\u1ea3 l\u1eddi c\u00e1c c\u00e2u h\u1ecfi: S\u1ef1 th\u1ecfa hi\u1ec7p c\u00f3 l\u00e0m b\u1ea1n h\u1ea1nh ph\u00fac hay kh\u00f4ng? B\u1ea1n c\u00f3 \u0111ang c\u1ed1 g\u1eafng l\u1ea5y l\u00f2ng t\u1ea5t c\u1ea3 m\u1ecdi ng\u01b0\u1eddi? B\u1ea1n c\u00f3 d\u00e1m thay \u0111\u1ed5i?&#8230; V\u00e0 quan tr\u1ecdng nh\u1ea5t: B\u1ea1n \u0111\u1eaft gi\u00e1 bao nhi\u00eau?<\/p>\n<p>V\u1ec1 t\u00e1c gi\u1ea3:<\/p>\n<p>V\u00e3n T\u00ecnh l\u00e0 nh\u00e0 bi\u00ean k\u1ecbch, t\u00e1c gi\u1ea3. C\u00e1c t\u00e1c ph\u1ea9m c\u1ee7a V\u00e3n T\u00ecnh \u0111\u1ec1u th\u1eb3ng th\u1eafn, tr\u1ef1c di\u1ec7n, \u0111\u00e1nh tr\u00fang t\u00e2m l\u00fd c\u00e1c c\u00f4 g\u00e1i. \u0110\u1eb7c bi\u1ec7t cu\u1ed1n s\u00e1ch B\u1ea1n \u0111\u1eaft gi\u00e1 bao nhi\u00eau? c\u1ee7a c\u00f4 \u0111\u00e3 b\u00e1n \u0111\u01b0\u1ee3c h\u00e0ng tr\u0103m ng\u00e0n b\u1ea3n, \u0111\u1ea1t h\u01a1n 200 tri\u1ec7u l\u01b0\u1ee3t xem tr\u00ean m\u1ea1ng, t\u1ea1o n\u00ean m\u1ed9t l\u00e0n s\u00f3ng m\u1ea1nh m\u1ebd nh\u1eb1m c\u1ed5 v\u0169 tinh th\u1ea7n, c\u0169ng nh\u01b0 g\u00f3p ph\u1ea7n thay \u0111\u1ed5i t\u01b0 duy v\u00e0 quan \u0111i\u1ec3m h\u1ea1nh ph\u00fac c\u1ee7a nh\u1eefng ng\u01b0\u1eddi ph\u1ee5 n\u1eef \u0111\u00e3 \u0111\u1ecdc cu\u1ed1n s\u00e1ch.<\/p>\n<p>Quan \u0111i\u1ec3m c\u1ee7a V\u00e3n T\u00ecnh:<\/p>\n<p>\u201cN\u1ebfu m\u1ed9t ng\u01b0\u1eddi ph\u1ee5 n\u1eef \u0111\u00e1nh m\u1ea5t ch\u00ednh m\u00ecnh th\u00ec c\u00f4 \u1ea5y s\u1ebd m\u1ea5t \u0111i t\u1ea5t c\u1ea3.\u201d<\/p>\n<p>S\u00e1ch \u0111\u00e3 xu\u1ea5t b\u1ea3n:<\/p>\n<p>B\u1ea1n \u0111\u1eaft gi\u00e1 bao nhi\u00eau? (2018)<\/p>\n<p>Kh\u00ed ch\u1ea5t bao nhi\u00eau \u2013 H\u1ea1nh ph\u00fac b\u1ea5y nhi\u00eau (2018)<\/p>\n<p>Kh\u00f4ng t\u1ef1 khinh b\u1ec9 &#8211; Kh\u00f4ng t\u1ef1 ph\u00ed ho\u00e0i (2019)<\/p>\n<p>L\u1ea5y t\u00ecnh th\u00e2m m\u00e0 \u0111\u1ed5i \u0111\u1ea7u b\u1ea1c (2019)<\/p>\n<p>Kh\u00f4ng s\u1ee3 ch\u1eadm Ch\u1ec9 s\u1ee3 d\u1eebng (2020)<\/p>\n","protected":false},"excerpt":{"rendered":"<p>B\u1ea1n \u0110\u1eaft Gi\u00e1 Bao Nhi\u00eau?<\/p>\n<p>C\u00e2u tr\u1ea3 l\u1eddi n\u00e0y do ch\u00ednh b\u1ea1n quy\u1ebft \u0111\u1ecbnh, ch\u00ednh b\u1ea1n \u201c\u0111\u1ecbnh gi\u00e1\u201d.<\/p>\n<p>H\u01a1n b\u1ed1n m\u01b0\u01a1i c\u00e2u chuy\u1ec7n trong s\u00e1ch xoay quanh c\u00e1c ch\u1ee7 \u0111\u1ec1 t\u00ecnh y\u00eau, h\u00f4n nh\u00e2n, gia \u0111\u00ecnh, s\u1ef1 nghi\u1ec7p\u2026 \u0111\u1ebfn t\u1eeb ch\u00ednh cu\u1ed9c s\u1ed1ng c\u1ee7a t\u00e1c gi\u1ea3 v\u00e0 nh\u1eefng ng\u01b0\u1eddi xung quanh, v\u1eeba th\u1ef1c t\u1ebf l\u1ea1i v\u1eeba g\u1ee3i m\u1edf, d\u1ec5 d\u00e0ng gi\u00fap ch\u00fang ta li\u00ean h\u1ec7 v\u1edbi t\u00ecnh hu\u1ed1ng c\u1ee7a ch\u00ednh m\u00ecnh. V\u1edbi nh\u1eefng c\u00e2u chuy\u1ec7n \u0111\u00f3, V\u00e3n T\u00ecnh hi v\u1ecdng c\u00f3 th\u1ec3 gi\u00fap c\u00e1c c\u00f4 g\u00e1i tho\u00e1t kh\u1ecfi t\u00ecnh c\u1ea3nh kh\u00f3 kh\u0103n, t\u00ecm l\u1ea1i b\u1ea3n ng\u00e3, s\u1ed1ng cu\u1ed9c \u0111\u1eddi theo c\u00e1ch m\u00e0 m\u00ecnh mong mu\u1ed1n.<\/p>\n<p>\u0110\u1ecdc cu\u1ed1n s\u00e1ch n\u00e0y, \u0111\u00f4i khi b\u1ea1n n\u00ean d\u1eebng l\u1ea1i v\u00e0 th\u00e0nh th\u1ef1c v\u1edbi b\u1ea3n th\u00e2n, li\u1ec7u b\u1ea1n c\u00f3 \u0111ang l\u00e0 phi\u00ean-b\u1ea3n-m\u00e0-b\u1ea1n-y\u00eau-th\u00edch-nh\u1ea5t, phi\u00ean-b\u1ea3n-b\u1ea1n-mong- mu\u1ed1n-tr\u1edf-th\u00e0nh. H\u00e3y th\u1eed tr\u1ea3 l\u1eddi c\u00e1c c\u00e2u h\u1ecfi: S\u1ef1 th\u1ecfa hi\u1ec7p c\u00f3 l\u00e0m b\u1ea1n h\u1ea1nh ph\u00fac hay kh\u00f4ng? B\u1ea1n c\u00f3 \u0111ang c\u1ed1 g\u1eafng l\u1ea5y l\u00f2ng t\u1ea5t c\u1ea3 m\u1ecdi ng\u01b0\u1eddi? B\u1ea1n c\u00f3 d\u00e1m thay \u0111\u1ed5i?&#8230; V\u00e0 quan tr\u1ecdng nh\u1ea5t: B\u1ea1n \u0111\u1eaft gi\u00e1 bao nhi\u00eau?<\/p>\n","protected":false},"featured_media":5073,"template":"","meta":{"_acf_changed":false},"product_brand":[],"product_cat":[15,46],"product_tag":[81],"class_list":{"0":"post-5074","1":"product","2":"type-product","3":"status-publish","4":"has-post-thumbnail","6":"product_cat-sach-danh-cho-nguoi-lon","7":"product_cat-ky-nang-song","8":"product_tag-sach-gia-uu-dai","10":"first","11":"outofstock","12":"sale","13":"taxable","14":"shipping-taxable","15":"purchasable","16":"product-type-simple"},"supplier_id":null,"supplier_sku":"","barcode":null,"atum_controlled":true,"out_stock_date":"2023-04-18 07:47:06","out_stock_threshold":null,"inheritable":false,"inbound_stock":5,"stock_on_hold":0,"sold_today":0,"sales_last_days":0,"reserved_stock":0,"customer_returns":0,"warehouse_damage":0,"lost_in_post":0,"other_logs":0,"out_stock_days":1016,"lost_sales":0,"has_location":false,"update_date":"2026-01-28T23:10:36","atum_locations":[],"atum_stock_status":"outofstock","restock_status":false,"low_stock_amount":"","sales_update_date":"2026-01-28T23:10:36","calc_backorders":null,"acf":{"publisher":{"ID":1785,"post_author":"1","post_date":"2021-02-17 01:54:46","post_date_gmt":"2021-02-16 23:54:46","post_content":"<!-- wp:flatsome\/uxbuilder -->\n<h1 style=\"text-align: center;\"><strong>AZ VIETNAM<\/strong><\/h1>\n[row]\n\n[col span=\"8\" span__sm=\"12\"]\n\n<p>Th\u00e0nh l\u1eadp n\u0103m: 2015<br \/>V\u1ed1n \u0111\u1ea7u t\u01b0: 4,000,000,000 \u0111\u1ed3ng<br \/><strong>L\u0129nh v\u1ef1c:<\/strong><br \/>- Xu\u1ea5t b\u1ea3n v\u00e0 ph\u00e1t h\u00e0nh v\u0103n h\u00f3a ph\u1ea9m<br \/>- Cung c\u1ea5p v\u0103n h\u00f3a ph\u1ea9m, c\u00e1c s\u1ea3n ph\u1ea9m cho in \u1ea5n, trang thi\u1ebft b\u1ecb cho c\u00e1c th\u01b0 vi\u1ec7n v\u00e0 trung t\u00e2m s\u00e1ch tr\u00ean c\u1ea3 n\u01b0\u1edbc.<br \/>- Th\u1eddi trang v\u00e0 c\u00e1c s\u1ea3n ph\u1ea9m li\u00ean quan \u0111\u1ebfn l\u0129nh v\u1ef1c th\u1eddi trang<br \/>- Xu\u1ea5t nh\u1eadp kh\u1ea9u c\u00e1c s\u1ea3n ph\u1ea9m v\u0103n h\u00f3a<\/p>\n<p><strong>Quy m\u00f4:<\/strong> 60 nh\u00e2n vi\u00ean<br \/>Kh\u1edfi ngu\u1ed3n c\u1ee7a AZ Vi\u1ec7t Nam ng\u00e0y nay l\u00e0 C\u00f4ng ty TNHH Trung t\u00e2m S\u00e1ch v\u00e0 Thi\u1ebft b\u1ecb Th\u01b0 vi\u1ec7n, v\u1edbi ho\u1ea1t \u0111\u1ed9ng \u0111\u1ea7u ti\u00ean l\u00e0 cung c\u1ea5p s\u00e1ch, trang thi\u1ebft b\u1ecb, v\u0103n h\u00f3a ph\u1ea9m cho c\u00e1c th\u01b0 vi\u1ec7n v\u00e0 trung t\u00e2m s\u00e1ch tr\u00ean c\u1ea3 n\u01b0\u1edbc. T\u1eeb cu\u1ed1i n\u0103m 2010 \u0111\u1ebfn nay, ch\u00fang t\u00f4i \u0111\u00e3 kh\u00f4ng ng\u1eebng n\u1ed7 l\u1ef1c khai ph\u00e1 v\u00e0 ph\u00e1t tri\u1ec3n c\u00e1c d\u00f2ng s\u1ea3n ph\u1ea9m m\u1edbi v\u1edbi 8 th\u01b0\u01a1ng hi\u1ec7u uy t\u00edn. \u0110\u1ec3 \u0111\u00e1p \u1ee9ng nhu c\u1ea7u ph\u00e1t tri\u1ec3n ng\u00e0y m\u1ed9t l\u1edbn m\u1ea1nh v\u00e0 t\u1eadp h\u1ee3p c\u00e1c th\u01b0\u01a1ng hi\u1ec7u \u0111\u00e3 \u0111\u01b0\u1ee3c ch\u00fang t\u00f4i x\u00e2y d\u1ef1ng, 2015 C\u00f4ng ty TNHH AZ Vi\u1ec7t Nam \u0111\u00e3 ra \u0111\u1eddi v\u1edbi s\u1ee9 m\u1ec7nh mang \u0111\u1ebfn nhi\u1ec1u h\u01a1n n\u1eefa nh\u1eefng gi\u00e1 tr\u1ecb tinh th\u1ea7n, tri th\u1ee9c ti\u00ean ti\u1ebfn cho ng\u01b0\u1eddi ti\u00eau d\u00f9ng b\u1eb1ng vi\u1ec7c cung c\u1ea5p nh\u1eefng s\u1ea3n ph\u1ea9m c\u00f3 ch\u1ea5t l\u01b0\u1ee3ng.<\/p>\n\n[\/col]\n[col span=\"4\" span__sm=\"12\"]\n\n[ux_image id=\"1836\" image_size=\"medium\"]\n\n\n[\/col]\n\n[\/row]\n\n<!-- \/wp:flatsome\/uxbuilder -->","post_title":"AZ Vi\u1ec7t Nam","post_excerpt":"","post_status":"publish","comment_status":"closed","ping_status":"closed","post_password":"","post_name":"az-viet-nam","to_ping":"","pinged":"","post_modified":"2021-02-17 22:07:10","post_modified_gmt":"2021-02-17 20:07:10","post_content_filtered":"","post_parent":0,"guid":"https:\/\/sachviet.eu\/nha-phat-hanh\/az-viet-nam\/","menu_order":0,"post_type":"publisher","post_mime_type":"","comment_count":"0","filter":"raw"}},"_links":{"self":[{"href":"https:\/\/sachviet.eu\/en\/wp-json\/wp\/v2\/product\/5074","targetHints":{"allow":["GET"]}}],"collection":[{"href":"https:\/\/sachviet.eu\/en\/wp-json\/wp\/v2\/product"}],"about":[{"href":"https:\/\/sachviet.eu\/en\/wp-json\/wp\/v2\/types\/product"}],"wp:featuredmedia":[{"embeddable":true,"href":"https:\/\/sachviet.eu\/en\/wp-json\/wp\/v2\/media\/5073"}],"wp:attachment":[{"href":"https:\/\/sachviet.eu\/en\/wp-json\/wp\/v2\/media?parent=5074"}],"wp:term":[{"taxonomy":"product_brand","embeddable":true,"href":"https:\/\/sachviet.eu\/en\/wp-json\/wp\/v2\/product_brand?post=5074"},{"taxonomy":"product_cat","embeddable":true,"href":"https:\/\/sachviet.eu\/en\/wp-json\/wp\/v2\/product_cat?post=5074"},{"taxonomy":"product_tag","embeddable":true,"href":"https:\/\/sachviet.eu\/en\/wp-json\/wp\/v2\/product_tag?post=5074"}],"curies":[{"name":"wp","href":"https:\/\/api.w.org\/{rel}","templated":true}]}}